{"id":5385,"date":"2021-09-26T07:24:46","date_gmt":"2021-09-26T07:24:46","guid":{"rendered":"https:\/\/btektech.com\/product\/pistola-de-pegamento-manual\/"},"modified":"2022-09-22T06:36:08","modified_gmt":"2022-09-22T06:36:08","slug":"pistola-dispensadora-manual","status":"publish","type":"product","link":"https:\/\/btektech.com\/es\/product\/pistola-dispensadora-manual\/","title":{"rendered":"Pistola Dispensadora Manual"},"content":{"rendered":"<p>Esta Pistola Dispensadora Manual no necesita electricidad, el proceso de montaje y uso es muy sencillo. Con las mismas especificaciones del cartucho y el tubo mezclador apropiado, el pegamento puede ser muy conveniente. Adecuado para jeringas dispensadoras de 10 cc\/30 cc\/55 cc.<\/p>\n<div style=\"overflow-x: auto;\">\n<table style=\"text-align: center;\">\n<tbody>\n<tr>\n<th>Art\u00edculo No.<\/th>\n<th>Volumen<\/th>\n<th>Color<\/th>\n<th>Peso<\/th>\n<th>Material<\/th>\n<\/tr>\n<tr>\n<td>FT30<\/td>\n<td>30cc<\/td>\n<td>Blanquecino<\/td>\n<td>226g<\/td>\n<td>PP, PE, Metal<\/td>\n<\/tr>\n<tr>\n<td>FT55<\/td>\n<td>55cc<\/td>\n<td>Blanquecino<\/td>\n<td>230g<\/td>\n<td>PP, PE, Metal<\/td>\n<\/tr>\n<tr>\n<td>FL10<\/td>\n<td>10CC<\/td>\n<td>Azul blanco<\/td>\n<td>110g<\/td>\n<td>Nailon, Polipropileno<\/td>\n<\/tr>\n<tr>\n<td>FL30<\/td>\n<td>30CC \/ 55CC<\/td>\n<td>Rojo blanco<\/td>\n<td>115g<\/td>\n<td>Nailon, Polipropileno<\/td>\n<\/tr>\n<\/tbody>\n<\/table>\n<\/div>\n","protected":false},"excerpt":{"rendered":"<p>Esta pistola de pegamento es peque\u00f1a y port\u00e1til, mango ergon\u00f3mico, c\u00f3modo de sostener.<\/p>\n","protected":false},"featured_media":4591,"comment_status":"open","ping_status":"closed","template":"","meta":{"_acf_changed":false},"product_brand":[],"product_cat":[268],"product_tag":[],"class_list":{"0":"post-5385","1":"product","2":"type-product","3":"status-publish","4":"has-post-thumbnail","6":"product_cat-uncategorized-es","8":"first","9":"instock","10":"shipping-taxable","11":"product-type-simple"},"acf":[],"yoast_head":"<!-- This site is optimized with the Yoast SEO plugin v26.0 - https:\/\/yoast.com\/wordpress\/plugins\/seo\/ -->\n<title>Pistola Dispensadora Manual - Btektech<\/title>\n<meta name=\"description\" content=\"Pistola Dispensadora Manual es peque\u00f1a y port\u00e1til, mango ergon\u00f3mico, c\u00f3modo de sostener, para jeringas dispensadoras de 10 cc\/30 cc\/55 cc.\" \/>\n<meta name=\"robots\" content=\"index, follow, max-snippet:-1, max-image-preview:large, max-video-preview:-1\" \/>\n<link rel=\"canonical\" href=\"https:\/\/btektech.com\/es\/product\/pistola-dispensadora-manual\/\" \/>\n<meta property=\"og:locale\" content=\"es_ES\" \/>\n<meta property=\"og:type\" content=\"article\" \/>\n<meta property=\"og:title\" content=\"Pistola Dispensadora Manual - Btektech\" \/>\n<meta property=\"og:description\" content=\"Pistola Dispensadora Manual es peque\u00f1a y port\u00e1til, mango ergon\u00f3mico, c\u00f3modo de sostener, para jeringas dispensadoras de 10 cc\/30 cc\/55 cc.\" \/>\n<meta property=\"og:url\" content=\"https:\/\/btektech.com\/es\/product\/pistola-dispensadora-manual\/\" \/>\n<meta property=\"og:site_name\" content=\"Btektech\" \/>\n<meta property=\"article:modified_time\" content=\"2022-09-22T06:36:08+00:00\" \/>\n<meta property=\"og:image\" content=\"https:\/\/btektech.com\/wp-content\/uploads\/2021\/09\/manual-glue-gun.jpg\" \/>\n\t<meta property=\"og:image:width\" content=\"800\" \/>\n\t<meta property=\"og:image:height\" content=\"800\" \/>\n\t<meta property=\"og:image:type\" content=\"image\/jpeg\" \/>\n<meta name=\"twitter:card\" content=\"summary_large_image\" \/>\n<meta name=\"twitter:site\" content=\"@Btektech1\" \/>\n<meta name=\"twitter:label1\" content=\"Tiempo de lectura\" \/>\n\t<meta name=\"twitter:data1\" content=\"1 minuto\" \/>\n<script type=\"application\/ld+json\" class=\"yoast-schema-graph\">{\"@context\":\"https:\/\/schema.org\",\"@graph\":[{\"@type\":[\"WebPage\",\"ItemPage\"],\"@id\":\"https:\/\/btektech.com\/es\/product\/pistola-dispensadora-manual\/\",\"url\":\"https:\/\/btektech.com\/es\/product\/pistola-dispensadora-manual\/\",\"name\":\"Pistola Dispensadora Manual - Btektech\",\"isPartOf\":{\"@id\":\"https:\/\/btektech.com\/#website\"},\"primaryImageOfPage\":{\"@id\":\"https:\/\/btektech.com\/es\/product\/pistola-dispensadora-manual\/#primaryimage\"},\"image\":{\"@id\":\"https:\/\/btektech.com\/es\/product\/pistola-dispensadora-manual\/#primaryimage\"},\"thumbnailUrl\":\"https:\/\/btektech.com\/wp-content\/uploads\/2021\/09\/manual-glue-gun.jpg\",\"datePublished\":\"2021-09-26T07:24:46+00:00\",\"dateModified\":\"2022-09-22T06:36:08+00:00\",\"description\":\"Pistola Dispensadora Manual es peque\u00f1a y port\u00e1til, mango ergon\u00f3mico, c\u00f3modo de sostener, para jeringas dispensadoras de 10 cc\/30 cc\/55 cc.\",\"breadcrumb\":{\"@id\":\"https:\/\/btektech.com\/es\/product\/pistola-dispensadora-manual\/#breadcrumb\"},\"inLanguage\":\"es\",\"potentialAction\":[{\"@type\":\"ReadAction\",\"target\":[\"https:\/\/btektech.com\/es\/product\/pistola-dispensadora-manual\/\"]}]},{\"@type\":\"ImageObject\",\"inLanguage\":\"es\",\"@id\":\"https:\/\/btektech.com\/es\/product\/pistola-dispensadora-manual\/#primaryimage\",\"url\":\"https:\/\/btektech.com\/wp-content\/uploads\/2021\/09\/manual-glue-gun.jpg\",\"contentUrl\":\"https:\/\/btektech.com\/wp-content\/uploads\/2021\/09\/manual-glue-gun.jpg\",\"width\":800,\"height\":800,\"caption\":\"Pistola Dispensadora Manual\"},{\"@type\":\"BreadcrumbList\",\"@id\":\"https:\/\/btektech.com\/es\/product\/pistola-dispensadora-manual\/#breadcrumb\",\"itemListElement\":[{\"@type\":\"ListItem\",\"position\":1,\"name\":\"Home\",\"item\":\"https:\/\/btektech.com\/es\/home-2\/\"},{\"@type\":\"ListItem\",\"position\":2,\"name\":\"\u00dcr\u00fcnler\",\"item\":\"https:\/\/btektech.com\/tr\/shop\/\"},{\"@type\":\"ListItem\",\"position\":3,\"name\":\"Pistola Dispensadora Manual\"}]},{\"@type\":\"WebSite\",\"@id\":\"https:\/\/btektech.com\/#website\",\"url\":\"https:\/\/btektech.com\/\",\"name\":\"Btektech\",\"description\":\"\",\"publisher\":{\"@id\":\"https:\/\/btektech.com\/#organization\"},\"potentialAction\":[{\"@type\":\"SearchAction\",\"target\":{\"@type\":\"EntryPoint\",\"urlTemplate\":\"https:\/\/btektech.com\/?s={search_term_string}\"},\"query-input\":{\"@type\":\"PropertyValueSpecification\",\"valueRequired\":true,\"valueName\":\"search_term_string\"}}],\"inLanguage\":\"es\"},{\"@type\":\"Organization\",\"@id\":\"https:\/\/btektech.com\/#organization\",\"name\":\"Btektech\",\"url\":\"https:\/\/btektech.com\/\",\"logo\":{\"@type\":\"ImageObject\",\"inLanguage\":\"es\",\"@id\":\"https:\/\/btektech.com\/#\/schema\/logo\/image\/\",\"url\":\"https:\/\/btektech.com\/wp-content\/uploads\/2021\/08\/btektech-logo.png\",\"contentUrl\":\"https:\/\/btektech.com\/wp-content\/uploads\/2021\/08\/btektech-logo.png\",\"width\":250,\"height\":114,\"caption\":\"Btektech\"},\"image\":{\"@id\":\"https:\/\/btektech.com\/#\/schema\/logo\/image\/\"},\"sameAs\":[\"https:\/\/x.com\/Btektech1\",\"https:\/\/www.instagram.com\/btektech\/\",\"https:\/\/www.linkedin.com\/company\/suzhou-baotailong-electronic-materials-co-ltd\/\",\"https:\/\/www.pinterest.com\/btektech\/_saved\/\",\"https:\/\/www.youtube.com\/channel\/UCBiw4Bc4CmQDrdo-QqyVTqQ\"]}]}<\/script>\n<!-- \/ Yoast SEO plugin. -->","yoast_head_json":{"title":"Pistola Dispensadora Manual - Btektech","description":"Pistola Dispensadora Manual es peque\u00f1a y port\u00e1til, mango ergon\u00f3mico, c\u00f3modo de sostener, para jeringas dispensadoras de 10 cc\/30 cc\/55 cc.","robots":{"index":"index","follow":"follow","max-snippet":"max-snippet:-1","max-image-preview":"max-image-preview:large","max-video-preview":"max-video-preview:-1"},"canonical":"https:\/\/btektech.com\/es\/product\/pistola-dispensadora-manual\/","og_locale":"es_ES","og_type":"article","og_title":"Pistola Dispensadora Manual - Btektech","og_description":"Pistola Dispensadora Manual es peque\u00f1a y port\u00e1til, mango ergon\u00f3mico, c\u00f3modo de sostener, para jeringas dispensadoras de 10 cc\/30 cc\/55 cc.","og_url":"https:\/\/btektech.com\/es\/product\/pistola-dispensadora-manual\/","og_site_name":"Btektech","article_modified_time":"2022-09-22T06:36:08+00:00","og_image":[{"width":800,"height":800,"url":"https:\/\/btektech.com\/wp-content\/uploads\/2021\/09\/manual-glue-gun.jpg","type":"image\/jpeg"}],"twitter_card":"summary_large_image","twitter_site":"@Btektech1","twitter_misc":{"Tiempo de lectura":"1 minuto"},"schema":{"@context":"https:\/\/schema.org","@graph":[{"@type":["WebPage","ItemPage"],"@id":"https:\/\/btektech.com\/es\/product\/pistola-dispensadora-manual\/","url":"https:\/\/btektech.com\/es\/product\/pistola-dispensadora-manual\/","name":"Pistola Dispensadora Manual - Btektech","isPartOf":{"@id":"https:\/\/btektech.com\/#website"},"primaryImageOfPage":{"@id":"https:\/\/btektech.com\/es\/product\/pistola-dispensadora-manual\/#primaryimage"},"image":{"@id":"https:\/\/btektech.com\/es\/product\/pistola-dispensadora-manual\/#primaryimage"},"thumbnailUrl":"https:\/\/btektech.com\/wp-content\/uploads\/2021\/09\/manual-glue-gun.jpg","datePublished":"2021-09-26T07:24:46+00:00","dateModified":"2022-09-22T06:36:08+00:00","description":"Pistola Dispensadora Manual es peque\u00f1a y port\u00e1til, mango ergon\u00f3mico, c\u00f3modo de sostener, para jeringas dispensadoras de 10 cc\/30 cc\/55 cc.","breadcrumb":{"@id":"https:\/\/btektech.com\/es\/product\/pistola-dispensadora-manual\/#breadcrumb"},"inLanguage":"es","potentialAction":[{"@type":"ReadAction","target":["https:\/\/btektech.com\/es\/product\/pistola-dispensadora-manual\/"]}]},{"@type":"ImageObject","inLanguage":"es","@id":"https:\/\/btektech.com\/es\/product\/pistola-dispensadora-manual\/#primaryimage","url":"https:\/\/btektech.com\/wp-content\/uploads\/2021\/09\/manual-glue-gun.jpg","contentUrl":"https:\/\/btektech.com\/wp-content\/uploads\/2021\/09\/manual-glue-gun.jpg","width":800,"height":800,"caption":"Pistola Dispensadora Manual"},{"@type":"BreadcrumbList","@id":"https:\/\/btektech.com\/es\/product\/pistola-dispensadora-manual\/#breadcrumb","itemListElement":[{"@type":"ListItem","position":1,"name":"Home","item":"https:\/\/btektech.com\/es\/home-2\/"},{"@type":"ListItem","position":2,"name":"\u00dcr\u00fcnler","item":"https:\/\/btektech.com\/tr\/shop\/"},{"@type":"ListItem","position":3,"name":"Pistola Dispensadora Manual"}]},{"@type":"WebSite","@id":"https:\/\/btektech.com\/#website","url":"https:\/\/btektech.com\/","name":"Btektech","description":"","publisher":{"@id":"https:\/\/btektech.com\/#organization"},"potentialAction":[{"@type":"SearchAction","target":{"@type":"EntryPoint","urlTemplate":"https:\/\/btektech.com\/?s={search_term_string}"},"query-input":{"@type":"PropertyValueSpecification","valueRequired":true,"valueName":"search_term_string"}}],"inLanguage":"es"},{"@type":"Organization","@id":"https:\/\/btektech.com\/#organization","name":"Btektech","url":"https:\/\/btektech.com\/","logo":{"@type":"ImageObject","inLanguage":"es","@id":"https:\/\/btektech.com\/#\/schema\/logo\/image\/","url":"https:\/\/btektech.com\/wp-content\/uploads\/2021\/08\/btektech-logo.png","contentUrl":"https:\/\/btektech.com\/wp-content\/uploads\/2021\/08\/btektech-logo.png","width":250,"height":114,"caption":"Btektech"},"image":{"@id":"https:\/\/btektech.com\/#\/schema\/logo\/image\/"},"sameAs":["https:\/\/x.com\/Btektech1","https:\/\/www.instagram.com\/btektech\/","https:\/\/www.linkedin.com\/company\/suzhou-baotailong-electronic-materials-co-ltd\/","https:\/\/www.pinterest.com\/btektech\/_saved\/","https:\/\/www.youtube.com\/channel\/UCBiw4Bc4CmQDrdo-QqyVTqQ"]}]}},"_links":{"self":[{"href":"https:\/\/btektech.com\/es\/wp-json\/wp\/v2\/product\/5385","targetHints":{"allow":["GET"]}}],"collection":[{"href":"https:\/\/btektech.com\/es\/wp-json\/wp\/v2\/product"}],"about":[{"href":"https:\/\/btektech.com\/es\/wp-json\/wp\/v2\/types\/product"}],"replies":[{"embeddable":true,"href":"https:\/\/btektech.com\/es\/wp-json\/wp\/v2\/comments?post=5385"}],"version-history":[{"count":0,"href":"https:\/\/btektech.com\/es\/wp-json\/wp\/v2\/product\/5385\/revisions"}],"wp:featuredmedia":[{"embeddable":true,"href":"https:\/\/btektech.com\/es\/wp-json\/wp\/v2\/media\/4591"}],"wp:attachment":[{"href":"https:\/\/btektech.com\/es\/wp-json\/wp\/v2\/media?parent=5385"}],"wp:term":[{"taxonomy":"product_brand","embeddable":true,"href":"https:\/\/btektech.com\/es\/wp-json\/wp\/v2\/product_brand?post=5385"},{"taxonomy":"product_cat","embeddable":true,"href":"https:\/\/btektech.com\/es\/wp-json\/wp\/v2\/product_cat?post=5385"},{"taxonomy":"product_tag","embeddable":true,"href":"https:\/\/btektech.com\/es\/wp-json\/wp\/v2\/product_tag?post=5385"}],"curies":[{"name":"wp","href":"https:\/\/api.w.org\/{rel}","templated":true}]}}