{"id":5378,"date":"2021-11-30T07:12:39","date_gmt":"2022-04-25T17:28:31","guid":{"rendered":"https:\/\/btektech.com\/product\/jeringa-de-pegamento-de-barril-a-presion\/"},"modified":"2022-09-22T07:13:42","modified_gmt":"2022-09-22T07:13:42","slug":"jeringa-de-pegamento-de-barril-a-presion","status":"publish","type":"product","link":"https:\/\/btektech.com\/es\/product\/jeringa-de-pegamento-de-barril-a-presion\/","title":{"rendered":"Jeringa de Pegamento de Barril a Presi\u00f3n"},"content":{"rendered":"<p>Material superior de PP, exquisito proceso de moldeo integrado, alta verticalidad de los productos, espesor de pared uniforme y buena resistencia a la presi\u00f3n, en l\u00ednea con los est\u00e1ndares de seguridad de aplicaciones industriales. Exportaci\u00f3n est\u00e1ndar internacional, com\u00fan a todos los modelos en el mercado, y con pist\u00f3n de alta calidad puede garantizar que no queden residuos en la pared del cilindro, la cubierta posterior profesional y el cilindro de goma se ajusten mejor, mejor sellado. La funda met\u00e1lica de soporte es c\u00f3moda de usar y tambi\u00e9n se puede usar con todo tipo de equipos de dosificaci\u00f3n y equipos mec\u00e1nicos. Puede coincidir libremente con la aguja de conversi\u00f3n y todo tipo de tubos de descarga.<\/p>\n<div style=\"overflow: auto;\">\n<table style=\"text-align: center;\">\n<tbody>\n<tr>\n<th>No.<\/th>\n<th>Capacidad <\/th>\n<th>IDENTIFICACI\u00d3N <\/th>\n<th>sobredosis <\/th>\n<th>Largo <\/th>\n<th>Color <\/th>\n<\/tr>\n<tr>\n<td>BC01<\/td>\n<td>2.5 onzas<\/td>\n<td>40 mm<\/td>\n<td>43,26 mm<\/td>\n<td>100 mm<\/td>\n<td>Claro\/\u00e1mbar\/negro<\/td>\n<\/tr>\n<tr>\n<td>BC02<\/td>\n<td>6 ONZAS<\/td>\n<td>40,65 mm<\/td>\n<td>43,26 mm<\/td>\n<td>181,5 mm<\/td>\n<td>Claro\/\u00e1mbar\/negro<\/td>\n<\/tr>\n<tr>\n<td>BC03<\/td>\n<td>12 ONZAS<\/td>\n<td>40,65 mm<\/td>\n<td>43,26 mm<\/td>\n<td>314,3 mm<\/td>\n<td>Claro\/\u00e1mbar\/negro<\/td>\n<\/tr>\n<tr>\n<td>BC04<\/td>\n<td>32 onzas<\/td>\n<td>65 mm<\/td>\n<td>68,3 mm<\/td>\n<td>346,4 mm<\/td>\n<td>Claro\/\u00e1mbar\/negro<\/td>\n<\/tr>\n<\/tbody>\n<\/table>\n<\/div>\n","protected":false},"excerpt":{"rendered":"<p>Las materias primas importadas se utilizan para resistir el impacto, sin agregar ning\u00fan lubricante, agente de liberaci\u00f3n, agente electrost\u00e1tico, para garantizar que el pegamento no se solidifique durante mucho tiempo, sin deformaci\u00f3n.<\/p>\n","protected":false},"featured_media":4337,"comment_status":"open","ping_status":"closed","template":"","meta":{"_acf_changed":false},"product_brand":[],"product_cat":[268],"product_tag":[],"class_list":{"0":"post-5378","1":"product","2":"type-product","3":"status-publish","4":"has-post-thumbnail","6":"product_cat-uncategorized-es","8":"first","9":"instock","10":"shipping-taxable","11":"product-type-simple"},"acf":[],"yoast_head":"<!-- This site is optimized with the Yoast SEO plugin v26.0 - https:\/\/yoast.com\/wordpress\/plugins\/seo\/ -->\n<title>Jeringa de Pegamento de Barril a Presi\u00f3n - Btektech<\/title>\n<meta name=\"description\" content=\"Material superior de PP, exquisito proceso de moldeo integrado, alta verticalidad de los productos, espesor de pared uniforme y buena resistencia a la presi\u00f3n\" \/>\n<meta name=\"robots\" content=\"index, follow, max-snippet:-1, max-image-preview:large, max-video-preview:-1\" \/>\n<link rel=\"canonical\" href=\"https:\/\/btektech.com\/es\/product\/jeringa-de-pegamento-de-barril-a-presion\/\" \/>\n<meta property=\"og:locale\" content=\"es_ES\" \/>\n<meta property=\"og:type\" content=\"article\" \/>\n<meta property=\"og:title\" content=\"Jeringa de Pegamento de Barril a Presi\u00f3n - Btektech\" \/>\n<meta property=\"og:description\" content=\"Material superior de PP, exquisito proceso de moldeo integrado, alta verticalidad de los productos, espesor de pared uniforme y buena resistencia a la presi\u00f3n\" \/>\n<meta property=\"og:url\" content=\"https:\/\/btektech.com\/es\/product\/jeringa-de-pegamento-de-barril-a-presion\/\" \/>\n<meta property=\"og:site_name\" content=\"Btektech\" \/>\n<meta property=\"article:modified_time\" content=\"2022-09-22T07:13:42+00:00\" \/>\n<meta property=\"og:image\" content=\"https:\/\/btektech.com\/wp-content\/uploads\/2021\/11\/20211130152535.jpg\" \/>\n\t<meta property=\"og:image:width\" content=\"800\" \/>\n\t<meta property=\"og:image:height\" content=\"800\" \/>\n\t<meta property=\"og:image:type\" content=\"image\/jpeg\" \/>\n<meta name=\"twitter:card\" content=\"summary_large_image\" \/>\n<meta name=\"twitter:site\" content=\"@Btektech1\" \/>\n<meta name=\"twitter:label1\" content=\"Tiempo de lectura\" \/>\n\t<meta name=\"twitter:data1\" content=\"1 minuto\" \/>\n<script type=\"application\/ld+json\" class=\"yoast-schema-graph\">{\"@context\":\"https:\/\/schema.org\",\"@graph\":[{\"@type\":[\"WebPage\",\"ItemPage\"],\"@id\":\"https:\/\/btektech.com\/es\/product\/jeringa-de-pegamento-de-barril-a-presion\/\",\"url\":\"https:\/\/btektech.com\/es\/product\/jeringa-de-pegamento-de-barril-a-presion\/\",\"name\":\"Jeringa de Pegamento de Barril a Presi\u00f3n - Btektech\",\"isPartOf\":{\"@id\":\"https:\/\/btektech.com\/#website\"},\"primaryImageOfPage\":{\"@id\":\"https:\/\/btektech.com\/es\/product\/jeringa-de-pegamento-de-barril-a-presion\/#primaryimage\"},\"image\":{\"@id\":\"https:\/\/btektech.com\/es\/product\/jeringa-de-pegamento-de-barril-a-presion\/#primaryimage\"},\"thumbnailUrl\":\"https:\/\/btektech.com\/wp-content\/uploads\/2021\/11\/20211130152535.jpg\",\"datePublished\":\"2022-04-25T17:28:31+00:00\",\"dateModified\":\"2022-09-22T07:13:42+00:00\",\"description\":\"Material superior de PP, exquisito proceso de moldeo integrado, alta verticalidad de los productos, espesor de pared uniforme y buena resistencia a la presi\u00f3n\",\"breadcrumb\":{\"@id\":\"https:\/\/btektech.com\/es\/product\/jeringa-de-pegamento-de-barril-a-presion\/#breadcrumb\"},\"inLanguage\":\"es\",\"potentialAction\":[{\"@type\":\"ReadAction\",\"target\":[\"https:\/\/btektech.com\/es\/product\/jeringa-de-pegamento-de-barril-a-presion\/\"]}]},{\"@type\":\"ImageObject\",\"inLanguage\":\"es\",\"@id\":\"https:\/\/btektech.com\/es\/product\/jeringa-de-pegamento-de-barril-a-presion\/#primaryimage\",\"url\":\"https:\/\/btektech.com\/wp-content\/uploads\/2021\/11\/20211130152535.jpg\",\"contentUrl\":\"https:\/\/btektech.com\/wp-content\/uploads\/2021\/11\/20211130152535.jpg\",\"width\":800,\"height\":800,\"caption\":\"Jeringa de pegamento de barril a presi\u00f3n\"},{\"@type\":\"BreadcrumbList\",\"@id\":\"https:\/\/btektech.com\/es\/product\/jeringa-de-pegamento-de-barril-a-presion\/#breadcrumb\",\"itemListElement\":[{\"@type\":\"ListItem\",\"position\":1,\"name\":\"Home\",\"item\":\"https:\/\/btektech.com\/es\/home-2\/\"},{\"@type\":\"ListItem\",\"position\":2,\"name\":\"\u00dcr\u00fcnler\",\"item\":\"https:\/\/btektech.com\/tr\/shop\/\"},{\"@type\":\"ListItem\",\"position\":3,\"name\":\"Jeringa de Pegamento de Barril a Presi\u00f3n\"}]},{\"@type\":\"WebSite\",\"@id\":\"https:\/\/btektech.com\/#website\",\"url\":\"https:\/\/btektech.com\/\",\"name\":\"Btektech\",\"description\":\"\",\"publisher\":{\"@id\":\"https:\/\/btektech.com\/#organization\"},\"potentialAction\":[{\"@type\":\"SearchAction\",\"target\":{\"@type\":\"EntryPoint\",\"urlTemplate\":\"https:\/\/btektech.com\/?s={search_term_string}\"},\"query-input\":{\"@type\":\"PropertyValueSpecification\",\"valueRequired\":true,\"valueName\":\"search_term_string\"}}],\"inLanguage\":\"es\"},{\"@type\":\"Organization\",\"@id\":\"https:\/\/btektech.com\/#organization\",\"name\":\"Btektech\",\"url\":\"https:\/\/btektech.com\/\",\"logo\":{\"@type\":\"ImageObject\",\"inLanguage\":\"es\",\"@id\":\"https:\/\/btektech.com\/#\/schema\/logo\/image\/\",\"url\":\"https:\/\/btektech.com\/wp-content\/uploads\/2021\/08\/btektech-logo.png\",\"contentUrl\":\"https:\/\/btektech.com\/wp-content\/uploads\/2021\/08\/btektech-logo.png\",\"width\":250,\"height\":114,\"caption\":\"Btektech\"},\"image\":{\"@id\":\"https:\/\/btektech.com\/#\/schema\/logo\/image\/\"},\"sameAs\":[\"https:\/\/x.com\/Btektech1\",\"https:\/\/www.instagram.com\/btektech\/\",\"https:\/\/www.linkedin.com\/company\/suzhou-baotailong-electronic-materials-co-ltd\/\",\"https:\/\/www.pinterest.com\/btektech\/_saved\/\",\"https:\/\/www.youtube.com\/channel\/UCBiw4Bc4CmQDrdo-QqyVTqQ\"]}]}<\/script>\n<!-- \/ Yoast SEO plugin. -->","yoast_head_json":{"title":"Jeringa de Pegamento de Barril a Presi\u00f3n - Btektech","description":"Material superior de PP, exquisito proceso de moldeo integrado, alta verticalidad de los productos, espesor de pared uniforme y buena resistencia a la presi\u00f3n","robots":{"index":"index","follow":"follow","max-snippet":"max-snippet:-1","max-image-preview":"max-image-preview:large","max-video-preview":"max-video-preview:-1"},"canonical":"https:\/\/btektech.com\/es\/product\/jeringa-de-pegamento-de-barril-a-presion\/","og_locale":"es_ES","og_type":"article","og_title":"Jeringa de Pegamento de Barril a Presi\u00f3n - Btektech","og_description":"Material superior de PP, exquisito proceso de moldeo integrado, alta verticalidad de los productos, espesor de pared uniforme y buena resistencia a la presi\u00f3n","og_url":"https:\/\/btektech.com\/es\/product\/jeringa-de-pegamento-de-barril-a-presion\/","og_site_name":"Btektech","article_modified_time":"2022-09-22T07:13:42+00:00","og_image":[{"width":800,"height":800,"url":"https:\/\/btektech.com\/wp-content\/uploads\/2021\/11\/20211130152535.jpg","type":"image\/jpeg"}],"twitter_card":"summary_large_image","twitter_site":"@Btektech1","twitter_misc":{"Tiempo de lectura":"1 minuto"},"schema":{"@context":"https:\/\/schema.org","@graph":[{"@type":["WebPage","ItemPage"],"@id":"https:\/\/btektech.com\/es\/product\/jeringa-de-pegamento-de-barril-a-presion\/","url":"https:\/\/btektech.com\/es\/product\/jeringa-de-pegamento-de-barril-a-presion\/","name":"Jeringa de Pegamento de Barril a Presi\u00f3n - Btektech","isPartOf":{"@id":"https:\/\/btektech.com\/#website"},"primaryImageOfPage":{"@id":"https:\/\/btektech.com\/es\/product\/jeringa-de-pegamento-de-barril-a-presion\/#primaryimage"},"image":{"@id":"https:\/\/btektech.com\/es\/product\/jeringa-de-pegamento-de-barril-a-presion\/#primaryimage"},"thumbnailUrl":"https:\/\/btektech.com\/wp-content\/uploads\/2021\/11\/20211130152535.jpg","datePublished":"2022-04-25T17:28:31+00:00","dateModified":"2022-09-22T07:13:42+00:00","description":"Material superior de PP, exquisito proceso de moldeo integrado, alta verticalidad de los productos, espesor de pared uniforme y buena resistencia a la presi\u00f3n","breadcrumb":{"@id":"https:\/\/btektech.com\/es\/product\/jeringa-de-pegamento-de-barril-a-presion\/#breadcrumb"},"inLanguage":"es","potentialAction":[{"@type":"ReadAction","target":["https:\/\/btektech.com\/es\/product\/jeringa-de-pegamento-de-barril-a-presion\/"]}]},{"@type":"ImageObject","inLanguage":"es","@id":"https:\/\/btektech.com\/es\/product\/jeringa-de-pegamento-de-barril-a-presion\/#primaryimage","url":"https:\/\/btektech.com\/wp-content\/uploads\/2021\/11\/20211130152535.jpg","contentUrl":"https:\/\/btektech.com\/wp-content\/uploads\/2021\/11\/20211130152535.jpg","width":800,"height":800,"caption":"Jeringa de pegamento de barril a presi\u00f3n"},{"@type":"BreadcrumbList","@id":"https:\/\/btektech.com\/es\/product\/jeringa-de-pegamento-de-barril-a-presion\/#breadcrumb","itemListElement":[{"@type":"ListItem","position":1,"name":"Home","item":"https:\/\/btektech.com\/es\/home-2\/"},{"@type":"ListItem","position":2,"name":"\u00dcr\u00fcnler","item":"https:\/\/btektech.com\/tr\/shop\/"},{"@type":"ListItem","position":3,"name":"Jeringa de Pegamento de Barril a Presi\u00f3n"}]},{"@type":"WebSite","@id":"https:\/\/btektech.com\/#website","url":"https:\/\/btektech.com\/","name":"Btektech","description":"","publisher":{"@id":"https:\/\/btektech.com\/#organization"},"potentialAction":[{"@type":"SearchAction","target":{"@type":"EntryPoint","urlTemplate":"https:\/\/btektech.com\/?s={search_term_string}"},"query-input":{"@type":"PropertyValueSpecification","valueRequired":true,"valueName":"search_term_string"}}],"inLanguage":"es"},{"@type":"Organization","@id":"https:\/\/btektech.com\/#organization","name":"Btektech","url":"https:\/\/btektech.com\/","logo":{"@type":"ImageObject","inLanguage":"es","@id":"https:\/\/btektech.com\/#\/schema\/logo\/image\/","url":"https:\/\/btektech.com\/wp-content\/uploads\/2021\/08\/btektech-logo.png","contentUrl":"https:\/\/btektech.com\/wp-content\/uploads\/2021\/08\/btektech-logo.png","width":250,"height":114,"caption":"Btektech"},"image":{"@id":"https:\/\/btektech.com\/#\/schema\/logo\/image\/"},"sameAs":["https:\/\/x.com\/Btektech1","https:\/\/www.instagram.com\/btektech\/","https:\/\/www.linkedin.com\/company\/suzhou-baotailong-electronic-materials-co-ltd\/","https:\/\/www.pinterest.com\/btektech\/_saved\/","https:\/\/www.youtube.com\/channel\/UCBiw4Bc4CmQDrdo-QqyVTqQ"]}]}},"_links":{"self":[{"href":"https:\/\/btektech.com\/es\/wp-json\/wp\/v2\/product\/5378","targetHints":{"allow":["GET"]}}],"collection":[{"href":"https:\/\/btektech.com\/es\/wp-json\/wp\/v2\/product"}],"about":[{"href":"https:\/\/btektech.com\/es\/wp-json\/wp\/v2\/types\/product"}],"replies":[{"embeddable":true,"href":"https:\/\/btektech.com\/es\/wp-json\/wp\/v2\/comments?post=5378"}],"version-history":[{"count":0,"href":"https:\/\/btektech.com\/es\/wp-json\/wp\/v2\/product\/5378\/revisions"}],"wp:featuredmedia":[{"embeddable":true,"href":"https:\/\/btektech.com\/es\/wp-json\/wp\/v2\/media\/4337"}],"wp:attachment":[{"href":"https:\/\/btektech.com\/es\/wp-json\/wp\/v2\/media?parent=5378"}],"wp:term":[{"taxonomy":"product_brand","embeddable":true,"href":"https:\/\/btektech.com\/es\/wp-json\/wp\/v2\/product_brand?post=5378"},{"taxonomy":"product_cat","embeddable":true,"href":"https:\/\/btektech.com\/es\/wp-json\/wp\/v2\/product_cat?post=5378"},{"taxonomy":"product_tag","embeddable":true,"href":"https:\/\/btektech.com\/es\/wp-json\/wp\/v2\/product_tag?post=5378"}],"curies":[{"name":"wp","href":"https:\/\/api.w.org\/{rel}","templated":true}]}}