{"id":5376,"date":"2021-09-26T10:45:33","date_gmt":"2022-04-25T17:28:29","guid":{"rendered":"https:\/\/btektech.com\/product\/pistola-de-pegamento-neumatica\/"},"modified":"2022-09-22T06:41:09","modified_gmt":"2022-09-22T06:41:09","slug":"pistola-dispensadora-neumatica","status":"publish","type":"product","link":"https:\/\/btektech.com\/es\/product\/pistola-dispensadora-neumatica\/","title":{"rendered":"Pistola Dispensadora Neum\u00e1tica"},"content":{"rendered":"<p>La cubierta delantera y trasera de la pistola de pegamento neum\u00e1tica y la culata est\u00e1n hechas de fundici\u00f3n de aleaci\u00f3n de aluminio, duraderas. Dise\u00f1o de mango c\u00f3modo y antideslizante, uso prolongado durante la operaci\u00f3n sin fatiga. La v\u00e1lvula reguladora de presi\u00f3n de aire puede controlar y ajustar la cantidad de pegamento.<\/p>\n","protected":false},"excerpt":{"rendered":"<p>Utilizado directamente para la parte inferior de la pistola de pegamento neum\u00e1tica del cilindro de goma, sin varilla de empuje, m\u00e1s ahorro de espacio.<\/p>\n","protected":false},"featured_media":4255,"comment_status":"open","ping_status":"closed","template":"","meta":{"_acf_changed":false},"product_brand":[],"product_cat":[132],"product_tag":[],"class_list":{"0":"post-5376","1":"product","2":"type-product","3":"status-publish","4":"has-post-thumbnail","6":"product_cat-pistolas-dispensadoras","8":"first","9":"instock","10":"shipping-taxable","11":"purchasable","12":"product-type-simple"},"acf":[],"yoast_head":"<!-- This site is optimized with the Yoast SEO plugin v26.0 - https:\/\/yoast.com\/wordpress\/plugins\/seo\/ -->\n<title>Pistola Dispensadora Neum\u00e1tica - Btektech<\/title>\n<meta name=\"description\" content=\"Pistola Dispensadora Neum\u00e1tica dise\u00f1o de mango c\u00f3modo y antideslizante, uso prolongado durante la operaci\u00f3n sin fatiga. La v\u00e1lvula reguladora de presi\u00f3n de aire puede controlar y ajustar la cantidad de pegamento.\" \/>\n<meta name=\"robots\" content=\"index, follow, max-snippet:-1, max-image-preview:large, max-video-preview:-1\" \/>\n<link rel=\"canonical\" href=\"https:\/\/btektech.com\/es\/product\/pistola-dispensadora-neumatica\/\" \/>\n<meta property=\"og:locale\" content=\"es_ES\" \/>\n<meta property=\"og:type\" content=\"article\" \/>\n<meta property=\"og:title\" content=\"Pistola Dispensadora Neum\u00e1tica - Btektech\" \/>\n<meta property=\"og:description\" content=\"Pistola Dispensadora Neum\u00e1tica dise\u00f1o de mango c\u00f3modo y antideslizante, uso prolongado durante la operaci\u00f3n sin fatiga. La v\u00e1lvula reguladora de presi\u00f3n de aire puede controlar y ajustar la cantidad de pegamento.\" \/>\n<meta property=\"og:url\" content=\"https:\/\/btektech.com\/es\/product\/pistola-dispensadora-neumatica\/\" \/>\n<meta property=\"og:site_name\" content=\"Btektech\" \/>\n<meta property=\"article:modified_time\" content=\"2022-09-22T06:41:09+00:00\" \/>\n<meta property=\"og:image\" content=\"https:\/\/btektech.com\/wp-content\/uploads\/2021\/09\/glue-gun-300cc-1a-2.jpg\" \/>\n\t<meta property=\"og:image:width\" content=\"800\" \/>\n\t<meta property=\"og:image:height\" content=\"800\" \/>\n\t<meta property=\"og:image:type\" content=\"image\/jpeg\" \/>\n<meta name=\"twitter:card\" content=\"summary_large_image\" \/>\n<meta name=\"twitter:site\" content=\"@Btektech1\" \/>\n<meta name=\"twitter:label1\" content=\"Tiempo de lectura\" \/>\n\t<meta name=\"twitter:data1\" content=\"1 minuto\" \/>\n<script type=\"application\/ld+json\" class=\"yoast-schema-graph\">{\"@context\":\"https:\/\/schema.org\",\"@graph\":[{\"@type\":[\"WebPage\",\"ItemPage\"],\"@id\":\"https:\/\/btektech.com\/es\/product\/pistola-dispensadora-neumatica\/\",\"url\":\"https:\/\/btektech.com\/es\/product\/pistola-dispensadora-neumatica\/\",\"name\":\"Pistola Dispensadora Neum\u00e1tica - Btektech\",\"isPartOf\":{\"@id\":\"https:\/\/btektech.com\/#website\"},\"primaryImageOfPage\":{\"@id\":\"https:\/\/btektech.com\/es\/product\/pistola-dispensadora-neumatica\/#primaryimage\"},\"image\":{\"@id\":\"https:\/\/btektech.com\/es\/product\/pistola-dispensadora-neumatica\/#primaryimage\"},\"thumbnailUrl\":\"https:\/\/btektech.com\/wp-content\/uploads\/2021\/09\/glue-gun-300cc-1a-2.jpg\",\"datePublished\":\"2022-04-25T17:28:29+00:00\",\"dateModified\":\"2022-09-22T06:41:09+00:00\",\"description\":\"Pistola Dispensadora Neum\u00e1tica dise\u00f1o de mango c\u00f3modo y antideslizante, uso prolongado durante la operaci\u00f3n sin fatiga. La v\u00e1lvula reguladora de presi\u00f3n de aire puede controlar y ajustar la cantidad de pegamento.\",\"breadcrumb\":{\"@id\":\"https:\/\/btektech.com\/es\/product\/pistola-dispensadora-neumatica\/#breadcrumb\"},\"inLanguage\":\"es\",\"potentialAction\":[{\"@type\":\"ReadAction\",\"target\":[\"https:\/\/btektech.com\/es\/product\/pistola-dispensadora-neumatica\/\"]}]},{\"@type\":\"ImageObject\",\"inLanguage\":\"es\",\"@id\":\"https:\/\/btektech.com\/es\/product\/pistola-dispensadora-neumatica\/#primaryimage\",\"url\":\"https:\/\/btektech.com\/wp-content\/uploads\/2021\/09\/glue-gun-300cc-1a-2.jpg\",\"contentUrl\":\"https:\/\/btektech.com\/wp-content\/uploads\/2021\/09\/glue-gun-300cc-1a-2.jpg\",\"width\":800,\"height\":800,\"caption\":\"Pistola Dispensadora Neum\u00e1tica\"},{\"@type\":\"BreadcrumbList\",\"@id\":\"https:\/\/btektech.com\/es\/product\/pistola-dispensadora-neumatica\/#breadcrumb\",\"itemListElement\":[{\"@type\":\"ListItem\",\"position\":1,\"name\":\"Home\",\"item\":\"https:\/\/btektech.com\/es\/\"},{\"@type\":\"ListItem\",\"position\":2,\"name\":\"\u00dcr\u00fcnler\",\"item\":\"https:\/\/btektech.com\/tr\/shop\/\"},{\"@type\":\"ListItem\",\"position\":3,\"name\":\"Dispensing Guns\",\"item\":\"https:\/\/btektech.com\/product-category\/dispensing-guns\/\"},{\"@type\":\"ListItem\",\"position\":4,\"name\":\"Dual Cartridge Epoxy Gun&amp;Syringe Guns\",\"item\":\"https:\/\/btektech.com\/product-category\/dispensing-guns\/dual-cartridge-epoxy-gun-and-syringe-guns\/\"},{\"@type\":\"ListItem\",\"position\":5,\"name\":\"Pistola Dispensadora Neum\u00e1tica\"}]},{\"@type\":\"WebSite\",\"@id\":\"https:\/\/btektech.com\/#website\",\"url\":\"https:\/\/btektech.com\/\",\"name\":\"Btektech\",\"description\":\"\",\"publisher\":{\"@id\":\"https:\/\/btektech.com\/#organization\"},\"potentialAction\":[{\"@type\":\"SearchAction\",\"target\":{\"@type\":\"EntryPoint\",\"urlTemplate\":\"https:\/\/btektech.com\/?s={search_term_string}\"},\"query-input\":{\"@type\":\"PropertyValueSpecification\",\"valueRequired\":true,\"valueName\":\"search_term_string\"}}],\"inLanguage\":\"es\"},{\"@type\":\"Organization\",\"@id\":\"https:\/\/btektech.com\/#organization\",\"name\":\"Btektech\",\"url\":\"https:\/\/btektech.com\/\",\"logo\":{\"@type\":\"ImageObject\",\"inLanguage\":\"es\",\"@id\":\"https:\/\/btektech.com\/#\/schema\/logo\/image\/\",\"url\":\"https:\/\/btektech.com\/wp-content\/uploads\/2021\/08\/btektech-logo.png\",\"contentUrl\":\"https:\/\/btektech.com\/wp-content\/uploads\/2021\/08\/btektech-logo.png\",\"width\":250,\"height\":114,\"caption\":\"Btektech\"},\"image\":{\"@id\":\"https:\/\/btektech.com\/#\/schema\/logo\/image\/\"},\"sameAs\":[\"https:\/\/x.com\/Btektech1\",\"https:\/\/www.instagram.com\/btektech\/\",\"https:\/\/www.linkedin.com\/company\/suzhou-baotailong-electronic-materials-co-ltd\/\",\"https:\/\/www.pinterest.com\/btektech\/_saved\/\",\"https:\/\/www.youtube.com\/channel\/UCBiw4Bc4CmQDrdo-QqyVTqQ\"]}]}<\/script>\n<!-- \/ Yoast SEO plugin. -->","yoast_head_json":{"title":"Pistola Dispensadora Neum\u00e1tica - Btektech","description":"Pistola Dispensadora Neum\u00e1tica dise\u00f1o de mango c\u00f3modo y antideslizante, uso prolongado durante la operaci\u00f3n sin fatiga. La v\u00e1lvula reguladora de presi\u00f3n de aire puede controlar y ajustar la cantidad de pegamento.","robots":{"index":"index","follow":"follow","max-snippet":"max-snippet:-1","max-image-preview":"max-image-preview:large","max-video-preview":"max-video-preview:-1"},"canonical":"https:\/\/btektech.com\/es\/product\/pistola-dispensadora-neumatica\/","og_locale":"es_ES","og_type":"article","og_title":"Pistola Dispensadora Neum\u00e1tica - Btektech","og_description":"Pistola Dispensadora Neum\u00e1tica dise\u00f1o de mango c\u00f3modo y antideslizante, uso prolongado durante la operaci\u00f3n sin fatiga. La v\u00e1lvula reguladora de presi\u00f3n de aire puede controlar y ajustar la cantidad de pegamento.","og_url":"https:\/\/btektech.com\/es\/product\/pistola-dispensadora-neumatica\/","og_site_name":"Btektech","article_modified_time":"2022-09-22T06:41:09+00:00","og_image":[{"width":800,"height":800,"url":"https:\/\/btektech.com\/wp-content\/uploads\/2021\/09\/glue-gun-300cc-1a-2.jpg","type":"image\/jpeg"}],"twitter_card":"summary_large_image","twitter_site":"@Btektech1","twitter_misc":{"Tiempo de lectura":"1 minuto"},"schema":{"@context":"https:\/\/schema.org","@graph":[{"@type":["WebPage","ItemPage"],"@id":"https:\/\/btektech.com\/es\/product\/pistola-dispensadora-neumatica\/","url":"https:\/\/btektech.com\/es\/product\/pistola-dispensadora-neumatica\/","name":"Pistola Dispensadora Neum\u00e1tica - Btektech","isPartOf":{"@id":"https:\/\/btektech.com\/#website"},"primaryImageOfPage":{"@id":"https:\/\/btektech.com\/es\/product\/pistola-dispensadora-neumatica\/#primaryimage"},"image":{"@id":"https:\/\/btektech.com\/es\/product\/pistola-dispensadora-neumatica\/#primaryimage"},"thumbnailUrl":"https:\/\/btektech.com\/wp-content\/uploads\/2021\/09\/glue-gun-300cc-1a-2.jpg","datePublished":"2022-04-25T17:28:29+00:00","dateModified":"2022-09-22T06:41:09+00:00","description":"Pistola Dispensadora Neum\u00e1tica dise\u00f1o de mango c\u00f3modo y antideslizante, uso prolongado durante la operaci\u00f3n sin fatiga. La v\u00e1lvula reguladora de presi\u00f3n de aire puede controlar y ajustar la cantidad de pegamento.","breadcrumb":{"@id":"https:\/\/btektech.com\/es\/product\/pistola-dispensadora-neumatica\/#breadcrumb"},"inLanguage":"es","potentialAction":[{"@type":"ReadAction","target":["https:\/\/btektech.com\/es\/product\/pistola-dispensadora-neumatica\/"]}]},{"@type":"ImageObject","inLanguage":"es","@id":"https:\/\/btektech.com\/es\/product\/pistola-dispensadora-neumatica\/#primaryimage","url":"https:\/\/btektech.com\/wp-content\/uploads\/2021\/09\/glue-gun-300cc-1a-2.jpg","contentUrl":"https:\/\/btektech.com\/wp-content\/uploads\/2021\/09\/glue-gun-300cc-1a-2.jpg","width":800,"height":800,"caption":"Pistola Dispensadora Neum\u00e1tica"},{"@type":"BreadcrumbList","@id":"https:\/\/btektech.com\/es\/product\/pistola-dispensadora-neumatica\/#breadcrumb","itemListElement":[{"@type":"ListItem","position":1,"name":"Home","item":"https:\/\/btektech.com\/es\/"},{"@type":"ListItem","position":2,"name":"\u00dcr\u00fcnler","item":"https:\/\/btektech.com\/tr\/shop\/"},{"@type":"ListItem","position":3,"name":"Dispensing Guns","item":"https:\/\/btektech.com\/product-category\/dispensing-guns\/"},{"@type":"ListItem","position":4,"name":"Dual Cartridge Epoxy Gun&amp;Syringe Guns","item":"https:\/\/btektech.com\/product-category\/dispensing-guns\/dual-cartridge-epoxy-gun-and-syringe-guns\/"},{"@type":"ListItem","position":5,"name":"Pistola Dispensadora Neum\u00e1tica"}]},{"@type":"WebSite","@id":"https:\/\/btektech.com\/#website","url":"https:\/\/btektech.com\/","name":"Btektech","description":"","publisher":{"@id":"https:\/\/btektech.com\/#organization"},"potentialAction":[{"@type":"SearchAction","target":{"@type":"EntryPoint","urlTemplate":"https:\/\/btektech.com\/?s={search_term_string}"},"query-input":{"@type":"PropertyValueSpecification","valueRequired":true,"valueName":"search_term_string"}}],"inLanguage":"es"},{"@type":"Organization","@id":"https:\/\/btektech.com\/#organization","name":"Btektech","url":"https:\/\/btektech.com\/","logo":{"@type":"ImageObject","inLanguage":"es","@id":"https:\/\/btektech.com\/#\/schema\/logo\/image\/","url":"https:\/\/btektech.com\/wp-content\/uploads\/2021\/08\/btektech-logo.png","contentUrl":"https:\/\/btektech.com\/wp-content\/uploads\/2021\/08\/btektech-logo.png","width":250,"height":114,"caption":"Btektech"},"image":{"@id":"https:\/\/btektech.com\/#\/schema\/logo\/image\/"},"sameAs":["https:\/\/x.com\/Btektech1","https:\/\/www.instagram.com\/btektech\/","https:\/\/www.linkedin.com\/company\/suzhou-baotailong-electronic-materials-co-ltd\/","https:\/\/www.pinterest.com\/btektech\/_saved\/","https:\/\/www.youtube.com\/channel\/UCBiw4Bc4CmQDrdo-QqyVTqQ"]}]}},"_links":{"self":[{"href":"https:\/\/btektech.com\/es\/wp-json\/wp\/v2\/product\/5376","targetHints":{"allow":["GET"]}}],"collection":[{"href":"https:\/\/btektech.com\/es\/wp-json\/wp\/v2\/product"}],"about":[{"href":"https:\/\/btektech.com\/es\/wp-json\/wp\/v2\/types\/product"}],"replies":[{"embeddable":true,"href":"https:\/\/btektech.com\/es\/wp-json\/wp\/v2\/comments?post=5376"}],"version-history":[{"count":0,"href":"https:\/\/btektech.com\/es\/wp-json\/wp\/v2\/product\/5376\/revisions"}],"wp:featuredmedia":[{"embeddable":true,"href":"https:\/\/btektech.com\/es\/wp-json\/wp\/v2\/media\/4255"}],"wp:attachment":[{"href":"https:\/\/btektech.com\/es\/wp-json\/wp\/v2\/media?parent=5376"}],"wp:term":[{"taxonomy":"product_brand","embeddable":true,"href":"https:\/\/btektech.com\/es\/wp-json\/wp\/v2\/product_brand?post=5376"},{"taxonomy":"product_cat","embeddable":true,"href":"https:\/\/btektech.com\/es\/wp-json\/wp\/v2\/product_cat?post=5376"},{"taxonomy":"product_tag","embeddable":true,"href":"https:\/\/btektech.com\/es\/wp-json\/wp\/v2\/product_tag?post=5376"}],"curies":[{"name":"wp","href":"https:\/\/api.w.org\/{rel}","templated":true}]}}