{"id":5374,"date":"2021-11-09T09:54:23","date_gmt":"2022-04-25T17:28:27","guid":{"rendered":"https:\/\/btektech.com\/product\/boquilla-de-precision-de-acero-inoxidable\/"},"modified":"2022-09-22T06:51:15","modified_gmt":"2022-09-22T06:51:15","slug":"boquilla-de-precision-de-acero-inoxidable","status":"publish","type":"product","link":"https:\/\/btektech.com\/es\/product\/boquilla-de-precision-de-acero-inoxidable\/","title":{"rendered":"Boquilla de Precisi\u00f3n de Acero Inoxidable"},"content":{"rendered":"<p><strong>Rendimiento y ventajas del producto:<\/strong><br \/>\n1. La producci\u00f3n de moldeo de una sola vez con la m\u00e1quina CNC de alta precisi\u00f3n, pared interior lisa como un espejo;<br \/>\n2. El dise\u00f1o de la boquilla en forma de cono puede reducir bien la resistencia, asegurando un alto flujo;<br \/>\n3. Puede usar material de pegamento de masa de relleno y granular, tanto los materiales de pegamento de alta viscosidad como los de baja viscosidad pueden garantizar que la dispensaci\u00f3n de microprecisi\u00f3n sea estable;<br \/>\n4. Alto pulido de la apertura de roscado, plano suave, apenas tirando del pegamento y la viscosidad, reduciendo en gran medida la tasa de pegamento de bloqueo de las exportaciones, limpia f\u00e1cilmente todo, reutilizable y reduce los costos.<\/p>\n<p><strong>Aplicabilidad:<\/strong><br \/>\n1. Revestimiento de embalaje BGA<br \/>\n2. Revestimiento de sellador CCD<br \/>\n3. Revestimiento de resonador de cristal.<br \/>\n4. La dispensaci\u00f3n de sellador del panel LCD<\/p>\n<p><strong>Los materiales adecuados:<\/strong><br \/>\n1. Todo tipo de adhesivo, polvo fluorescente, gel de s\u00edlice, adhesivo de dos componentes, adhesivo instant\u00e1neo y adhesivo soluble en agua;<br \/>\n2. Todo tipo de soldadura en pasta, adhesivo conductor, adhesivo RTV, adhesivo epoxi, adhesivo anaer\u00f3bico y poliuretano;<br \/>\n3. Todo tipo de revestimiento, aditivo de emulsi\u00f3n, material viscoso y aceite de pintura;<br \/>\n4. Todo tipo de adhesivos UV de alta viscosidad, adhesivos \u00f3pticos, etc.<\/p>\n<div style=\"overflow-x: auto;\">\n<table style=\"text-align: center;\">\n<tbody>\n<caption style=\"font-weight: 600;font-size:30px\">Dividido<\/caption>\n<tr>\n<th>Bayoneta<\/th>\n<th>Hilo doble<\/th>\n<th>ID.(mm)<\/th>\n<th>DE.(mm)<\/th>\n<th>Paquete<\/th>\n<\/tr>\n<tr>\n<td>SPN01<\/td>\n<td>STPN01<\/td>\n<td>0.1<\/td>\n<td>0.2<\/td>\n<td>Embalaje individual<\/td>\n<\/tr>\n<tr>\n<td>SPN02<\/td>\n<td>STPN02<\/td>\n<td>0.15<\/td>\n<td>0.25<\/td>\n<td>Embalaje individual<\/td>\n<\/tr>\n<tr>\n<td>SPN03<\/td>\n<td>STPN03<\/td>\n<td>0.2<\/td>\n<td>0.3<\/td>\n<td>Embalaje individual<\/td>\n<\/tr>\n<tr>\n<td>SPN04<\/td>\n<td>STPN04<\/td>\n<td>0.25<\/td>\n<td>0.35<\/td>\n<td>Embalaje individual<\/td>\n<\/tr>\n<tr>\n<td>SPN05<\/td>\n<td>STPN05<\/td>\n<td>0.3<\/td>\n<td>0.4<\/td>\n<td>Embalaje individual<\/td>\n<\/tr>\n<tr>\n<td>SPN06<\/td>\n<td>STPN06<\/td>\n<td>0.35<\/td>\n<td>0.45<\/td>\n<td>Embalaje individual<\/td>\n<\/tr>\n<tr>\n<td>SPN07<\/td>\n<td>STPN07<\/td>\n<td>0.4<\/td>\n<td>0.5<\/td>\n<td>Embalaje individual<\/td>\n<\/tr>\n<tr>\n<td>SPN08<\/td>\n<td>STPN08<\/td>\n<td>0.45<\/td>\n<td>0.55<\/td>\n<td>Embalaje individual<\/td>\n<\/tr>\n<tr>\n<td>SPN09<\/td>\n<td>STPN09<\/td>\n<td>0.5<\/td>\n<td>0.6<\/td>\n<td>Embalaje individual<\/td>\n<\/tr>\n<tr>\n<td>SPN10<\/td>\n<td>STPN10<\/td>\n<td>0.6<\/td>\n<td>0.7<\/td>\n<td>Embalaje individual<\/td>\n<\/tr>\n<tr>\n<td>SPN11<\/td>\n<td>STPN11<\/td>\n<td>0.7<\/td>\n<td>0.8<\/td>\n<td>Embalaje individual<\/td>\n<\/tr>\n<tr>\n<td>SPN12<\/td>\n<td>STPN12<\/td>\n<td>0.8<\/td>\n<td>0.9<\/td>\n<td>Embalaje individual<\/td>\n<\/tr>\n<tr>\n<td>SPN13<\/td>\n<td>STPN13<\/td>\n<td>0.9<\/td>\n<td>1<\/td>\n<td>Embalaje individual<\/td>\n<\/tr>\n<tr>\n<td>SPN14<\/td>\n<td>STPN14<\/td>\n<td>1<\/td>\n<td>1.1<\/td>\n<td>Embalaje individual<\/td>\n<\/tr>\n<tr>\n<td>SPN15<\/td>\n<td>STPN15<\/td>\n<td>1.1<\/td>\n<td>1.2<\/td>\n<td>Embalaje individual<\/td>\n<\/tr>\n<tr>\n<td>SPN16<\/td>\n<td>STPN16<\/td>\n<td>1.2<\/td>\n<td>1.3<\/td>\n<td>Embalaje individual<\/td>\n<\/tr>\n<tr>\n<td>SPN17<\/td>\n<td>STPN17<\/td>\n<td>1.3<\/td>\n<td>1.4<\/td>\n<td>Embalaje individual<\/td>\n<\/tr>\n<tr>\n<td>SPN18<\/td>\n<td>STPN18<\/td>\n<td>1.4<\/td>\n<td>1.5<\/td>\n<td>Embalaje individual<\/td>\n<\/tr>\n<\/tbody>\n<\/table>\n<\/div>\n<div style=\"overflow-x: auto;\">\n<table style=\"text-align: center;\">\n<tbody>\n<caption style=\"font-weight: 600;font-size:30px\">tipo integrado<\/caption>\n<tr>\n<th>Bayoneta<\/th>\n<th>Hilo doble<\/th>\n<th>ID.(mm)<\/th>\n<th>DE.(mm)<\/th>\n<th>Paquete<\/th>\n<\/tr>\n<tr>\n<td>No.<\/td>\n<td>No.<\/td>\n<td><\/td>\n<td><\/td>\n<td><\/td>\n<\/tr>\n<tr>\n<td>APN01<\/td>\n<td>ATPN01<\/td>\n<td>0.1<\/td>\n<td>0.2<\/td>\n<td>Embalaje individual<\/td>\n<\/tr>\n<tr>\n<td>APN02<\/td>\n<td>ATPN02<\/td>\n<td>0.15<\/td>\n<td>0.25<\/td>\n<td>Embalaje individual<\/td>\n<\/tr>\n<tr>\n<td>APN03<\/td>\n<td>ATPN03<\/td>\n<td>0.2<\/td>\n<td>0.3<\/td>\n<td>Embalaje individual<\/td>\n<\/tr>\n<tr>\n<td>APN04<\/td>\n<td>ATPN04<\/td>\n<td>0.25<\/td>\n<td>0.35<\/td>\n<td>Embalaje individual<\/td>\n<\/tr>\n<tr>\n<td>APN05<\/td>\n<td>ATPN05<\/td>\n<td>0.3<\/td>\n<td>0.4<\/td>\n<td>Embalaje individual<\/td>\n<\/tr>\n<tr>\n<td>APN06<\/td>\n<td>ATPN06<\/td>\n<td>0.35<\/td>\n<td>0.45<\/td>\n<td>Embalaje individual<\/td>\n<\/tr>\n<tr>\n<td>APN07<\/td>\n<td>ATPN07<\/td>\n<td>0.4<\/td>\n<td>0.5<\/td>\n<td>Embalaje individual<\/td>\n<\/tr>\n<tr>\n<td>APN08<\/td>\n<td>ATPN08<\/td>\n<td>0.45<\/td>\n<td>0.55<\/td>\n<td>Embalaje individual<\/td>\n<\/tr>\n<tr>\n<td>APN09<\/td>\n<td>ATPN09<\/td>\n<td>0.5<\/td>\n<td>0.6<\/td>\n<td>Embalaje individual<\/td>\n<\/tr>\n<tr>\n<td>APN10<\/td>\n<td>ATPN10<\/td>\n<td>0.6<\/td>\n<td>0.7<\/td>\n<td>Embalaje individual<\/td>\n<\/tr>\n<tr>\n<td>APN11<\/td>\n<td>ATPN11<\/td>\n<td>0.7<\/td>\n<td>0.8<\/td>\n<td>Embalaje individual<\/td>\n<\/tr>\n<tr>\n<td>APN12<\/td>\n<td>ATPN12<\/td>\n<td>0.8<\/td>\n<td>0.9<\/td>\n<td>Embalaje individual<\/td>\n<\/tr>\n<tr>\n<td>APN13<\/td>\n<td>ATPN13<\/td>\n<td>0.9<\/td>\n<td>1<\/td>\n<td>Embalaje individual<\/td>\n<\/tr>\n<tr>\n<td>APN14<\/td>\n<td>ATPN14<\/td>\n<td>1<\/td>\n<td>1.1<\/td>\n<td>Embalaje individual<\/td>\n<\/tr>\n<tr>\n<td>APN15<\/td>\n<td>ATPN15<\/td>\n<td>1.1<\/td>\n<td>1.2<\/td>\n<td>Embalaje individual<\/td>\n<\/tr>\n<tr>\n<td>APN16<\/td>\n<td>ATPN16<\/td>\n<td>1.2<\/td>\n<td>1.3<\/td>\n<td>Embalaje individual<\/td>\n<\/tr>\n<tr>\n<td>APN17<\/td>\n<td>ATPN17<\/td>\n<td>1.3<\/td>\n<td>1.4<\/td>\n<td>Embalaje individual<\/td>\n<\/tr>\n<tr>\n<td>APN18<\/td>\n<td>ATPN18<\/td>\n<td>1.4<\/td>\n<td>1.5<\/td>\n<td>Embalaje individual<\/td>\n<\/tr>\n<\/tbody>\n<\/table>\n<\/div>\n","protected":false},"excerpt":{"rendered":"<p>La boquilla de precisi\u00f3n de acero inoxidable reutilizable Btektech tiene forma integral y dividida; La boquilla en forma de cono y el calibre micro pueden realizar de manera estable la microdispensaci\u00f3n con alta precisi\u00f3n. Ampliamente utilizado en industrias que necesitan micro dosificaci\u00f3n como LED, comunicaci\u00f3n \u00f3ptica, electr\u00f3nica automotriz, etc. Adecuado para materiales viscosos o l\u00edquidos que contienen part\u00edculas como revestimiento de resina epoxi, adhesivo de curado UV, soldadura en pasta, etc., y puede colocarse con el distribuidor neum\u00e1tico.<\/p>\n<p>Btektech cumple con la demanda del mercado, para satisfacer la demanda del cliente que necesita productos de microdispensaci\u00f3n con alta precisi\u00f3n, ofrecemos boquillas de precisi\u00f3n de acero inoxidable, ayudando a los clientes a completar eficientemente la demanda de producci\u00f3n con reducci\u00f3n de costos. Tambi\u00e9n podemos personalizar seg\u00fan los requisitos del cliente.<\/p>\n<p>La boquilla de precisi\u00f3n de acero Btektech, en la operaci\u00f3n del hombre num\u00e9rico profesional en la m\u00e1quina CNC de alta precisi\u00f3n, completa la producci\u00f3n de moldeo de una sola vez. Y necesita que los inspectores de calidad profesional, de acuerdo con el est\u00e1ndar, pasen la inspecci\u00f3n de muestreo de la calidad del producto con equipos de detecci\u00f3n de espectroscopia de alta resoluci\u00f3n y otros equipos de prueba de propiedades f\u00edsicas. Para asegurarse de que los clientes obtengan productos completamente nuevos, los productos calificados se envuelven individualmente en tubos de protecci\u00f3n individuales.<\/p>\n","protected":false},"featured_media":21525,"comment_status":"open","ping_status":"closed","template":"","meta":{"_acf_changed":false},"product_brand":[],"product_cat":[151],"product_tag":[],"class_list":{"0":"post-5374","1":"product","2":"type-product","3":"status-publish","4":"has-post-thumbnail","6":"product_cat-agujas-e-puntas-dispensadoras","8":"first","9":"instock","10":"shipping-taxable","11":"product-type-simple"},"acf":[],"yoast_head":"<!-- This site is optimized with the Yoast SEO plugin v26.0 - https:\/\/yoast.com\/wordpress\/plugins\/seo\/ -->\n<title>Boquilla de Precisi\u00f3n de Acero Inoxidable - Btektech<\/title>\n<meta name=\"description\" content=\"La boquilla de precisi\u00f3n de acero inoxidable reutilizable Btektech tiene forma integral y dividida; La boquilla en forma de cono y el calibre micro pueden realizar de manera estable la microdispensaci\u00f3n con alta precisi\u00f3n.\" \/>\n<meta name=\"robots\" content=\"index, follow, max-snippet:-1, max-image-preview:large, max-video-preview:-1\" \/>\n<link rel=\"canonical\" href=\"https:\/\/btektech.com\/es\/product\/boquilla-de-precision-de-acero-inoxidable\/\" \/>\n<meta property=\"og:locale\" content=\"es_ES\" \/>\n<meta property=\"og:type\" content=\"article\" \/>\n<meta property=\"og:title\" content=\"Boquilla de Precisi\u00f3n de Acero Inoxidable - Btektech\" \/>\n<meta property=\"og:description\" content=\"La boquilla de precisi\u00f3n de acero inoxidable reutilizable Btektech tiene forma integral y dividida; La boquilla en forma de cono y el calibre micro pueden realizar de manera estable la microdispensaci\u00f3n con alta precisi\u00f3n.\" \/>\n<meta property=\"og:url\" content=\"https:\/\/btektech.com\/es\/product\/boquilla-de-precision-de-acero-inoxidable\/\" \/>\n<meta property=\"og:site_name\" content=\"Btektech\" \/>\n<meta property=\"article:modified_time\" content=\"2022-09-22T06:51:15+00:00\" \/>\n<meta property=\"og:image\" content=\"https:\/\/btektech.com\/wp-content\/uploads\/2021\/11\/precision-nozzle02.jpg\" \/>\n\t<meta property=\"og:image:width\" content=\"750\" \/>\n\t<meta property=\"og:image:height\" content=\"750\" \/>\n\t<meta property=\"og:image:type\" content=\"image\/jpeg\" \/>\n<meta name=\"twitter:card\" content=\"summary_large_image\" \/>\n<meta name=\"twitter:site\" content=\"@Btektech1\" \/>\n<meta name=\"twitter:label1\" content=\"Tiempo de lectura\" \/>\n\t<meta name=\"twitter:data1\" content=\"2 minutos\" \/>\n<script type=\"application\/ld+json\" class=\"yoast-schema-graph\">{\"@context\":\"https:\/\/schema.org\",\"@graph\":[{\"@type\":[\"WebPage\",\"ItemPage\"],\"@id\":\"https:\/\/btektech.com\/es\/product\/boquilla-de-precision-de-acero-inoxidable\/\",\"url\":\"https:\/\/btektech.com\/es\/product\/boquilla-de-precision-de-acero-inoxidable\/\",\"name\":\"Boquilla de Precisi\u00f3n de Acero Inoxidable - Btektech\",\"isPartOf\":{\"@id\":\"https:\/\/btektech.com\/#website\"},\"primaryImageOfPage\":{\"@id\":\"https:\/\/btektech.com\/es\/product\/boquilla-de-precision-de-acero-inoxidable\/#primaryimage\"},\"image\":{\"@id\":\"https:\/\/btektech.com\/es\/product\/boquilla-de-precision-de-acero-inoxidable\/#primaryimage\"},\"thumbnailUrl\":\"https:\/\/btektech.com\/wp-content\/uploads\/2025\/12\/8.jpg\",\"datePublished\":\"2022-04-25T17:28:27+00:00\",\"dateModified\":\"2022-09-22T06:51:15+00:00\",\"description\":\"La boquilla de precisi\u00f3n de acero inoxidable reutilizable Btektech tiene forma integral y dividida; La boquilla en forma de cono y el calibre micro pueden realizar de manera estable la microdispensaci\u00f3n con alta precisi\u00f3n.\",\"breadcrumb\":{\"@id\":\"https:\/\/btektech.com\/es\/product\/boquilla-de-precision-de-acero-inoxidable\/#breadcrumb\"},\"inLanguage\":\"es\",\"potentialAction\":[{\"@type\":\"ReadAction\",\"target\":[\"https:\/\/btektech.com\/es\/product\/boquilla-de-precision-de-acero-inoxidable\/\"]}]},{\"@type\":\"ImageObject\",\"inLanguage\":\"es\",\"@id\":\"https:\/\/btektech.com\/es\/product\/boquilla-de-precision-de-acero-inoxidable\/#primaryimage\",\"url\":\"https:\/\/btektech.com\/wp-content\/uploads\/2025\/12\/8.jpg\",\"contentUrl\":\"https:\/\/btektech.com\/wp-content\/uploads\/2025\/12\/8.jpg\",\"width\":800,\"height\":800,\"caption\":\"Stainless Steel Precision\"},{\"@type\":\"BreadcrumbList\",\"@id\":\"https:\/\/btektech.com\/es\/product\/boquilla-de-precision-de-acero-inoxidable\/#breadcrumb\",\"itemListElement\":[{\"@type\":\"ListItem\",\"position\":1,\"name\":\"Home\",\"item\":\"https:\/\/btektech.com\/es\/\"},{\"@type\":\"ListItem\",\"position\":2,\"name\":\"\u00dcr\u00fcnler\",\"item\":\"https:\/\/btektech.com\/tr\/shop\/\"},{\"@type\":\"ListItem\",\"position\":3,\"name\":\"Dispensing Tips\",\"item\":\"https:\/\/btektech.com\/product-category\/dispensing-tips\/\"},{\"@type\":\"ListItem\",\"position\":4,\"name\":\"Boquilla de Precisi\u00f3n de Acero Inoxidable\"}]},{\"@type\":\"WebSite\",\"@id\":\"https:\/\/btektech.com\/#website\",\"url\":\"https:\/\/btektech.com\/\",\"name\":\"Btektech\",\"description\":\"\",\"publisher\":{\"@id\":\"https:\/\/btektech.com\/#organization\"},\"potentialAction\":[{\"@type\":\"SearchAction\",\"target\":{\"@type\":\"EntryPoint\",\"urlTemplate\":\"https:\/\/btektech.com\/?s={search_term_string}\"},\"query-input\":{\"@type\":\"PropertyValueSpecification\",\"valueRequired\":true,\"valueName\":\"search_term_string\"}}],\"inLanguage\":\"es\"},{\"@type\":\"Organization\",\"@id\":\"https:\/\/btektech.com\/#organization\",\"name\":\"Btektech\",\"url\":\"https:\/\/btektech.com\/\",\"logo\":{\"@type\":\"ImageObject\",\"inLanguage\":\"es\",\"@id\":\"https:\/\/btektech.com\/#\/schema\/logo\/image\/\",\"url\":\"https:\/\/btektech.com\/wp-content\/uploads\/2021\/08\/btektech-logo.png\",\"contentUrl\":\"https:\/\/btektech.com\/wp-content\/uploads\/2021\/08\/btektech-logo.png\",\"width\":250,\"height\":114,\"caption\":\"Btektech\"},\"image\":{\"@id\":\"https:\/\/btektech.com\/#\/schema\/logo\/image\/\"},\"sameAs\":[\"https:\/\/x.com\/Btektech1\",\"https:\/\/www.instagram.com\/btektech\/\",\"https:\/\/www.linkedin.com\/company\/suzhou-baotailong-electronic-materials-co-ltd\/\",\"https:\/\/www.pinterest.com\/btektech\/_saved\/\",\"https:\/\/www.youtube.com\/channel\/UCBiw4Bc4CmQDrdo-QqyVTqQ\"]}]}<\/script>\n<!-- \/ Yoast SEO plugin. -->","yoast_head_json":{"title":"Boquilla de Precisi\u00f3n de Acero Inoxidable - Btektech","description":"La boquilla de precisi\u00f3n de acero inoxidable reutilizable Btektech tiene forma integral y dividida; La boquilla en forma de cono y el calibre micro pueden realizar de manera estable la microdispensaci\u00f3n con alta precisi\u00f3n.","robots":{"index":"index","follow":"follow","max-snippet":"max-snippet:-1","max-image-preview":"max-image-preview:large","max-video-preview":"max-video-preview:-1"},"canonical":"https:\/\/btektech.com\/es\/product\/boquilla-de-precision-de-acero-inoxidable\/","og_locale":"es_ES","og_type":"article","og_title":"Boquilla de Precisi\u00f3n de Acero Inoxidable - Btektech","og_description":"La boquilla de precisi\u00f3n de acero inoxidable reutilizable Btektech tiene forma integral y dividida; La boquilla en forma de cono y el calibre micro pueden realizar de manera estable la microdispensaci\u00f3n con alta precisi\u00f3n.","og_url":"https:\/\/btektech.com\/es\/product\/boquilla-de-precision-de-acero-inoxidable\/","og_site_name":"Btektech","article_modified_time":"2022-09-22T06:51:15+00:00","og_image":[{"width":750,"height":750,"url":"https:\/\/btektech.com\/wp-content\/uploads\/2021\/11\/precision-nozzle02.jpg","type":"image\/jpeg"}],"twitter_card":"summary_large_image","twitter_site":"@Btektech1","twitter_misc":{"Tiempo de lectura":"2 minutos"},"schema":{"@context":"https:\/\/schema.org","@graph":[{"@type":["WebPage","ItemPage"],"@id":"https:\/\/btektech.com\/es\/product\/boquilla-de-precision-de-acero-inoxidable\/","url":"https:\/\/btektech.com\/es\/product\/boquilla-de-precision-de-acero-inoxidable\/","name":"Boquilla de Precisi\u00f3n de Acero Inoxidable - Btektech","isPartOf":{"@id":"https:\/\/btektech.com\/#website"},"primaryImageOfPage":{"@id":"https:\/\/btektech.com\/es\/product\/boquilla-de-precision-de-acero-inoxidable\/#primaryimage"},"image":{"@id":"https:\/\/btektech.com\/es\/product\/boquilla-de-precision-de-acero-inoxidable\/#primaryimage"},"thumbnailUrl":"https:\/\/btektech.com\/wp-content\/uploads\/2025\/12\/8.jpg","datePublished":"2022-04-25T17:28:27+00:00","dateModified":"2022-09-22T06:51:15+00:00","description":"La boquilla de precisi\u00f3n de acero inoxidable reutilizable Btektech tiene forma integral y dividida; La boquilla en forma de cono y el calibre micro pueden realizar de manera estable la microdispensaci\u00f3n con alta precisi\u00f3n.","breadcrumb":{"@id":"https:\/\/btektech.com\/es\/product\/boquilla-de-precision-de-acero-inoxidable\/#breadcrumb"},"inLanguage":"es","potentialAction":[{"@type":"ReadAction","target":["https:\/\/btektech.com\/es\/product\/boquilla-de-precision-de-acero-inoxidable\/"]}]},{"@type":"ImageObject","inLanguage":"es","@id":"https:\/\/btektech.com\/es\/product\/boquilla-de-precision-de-acero-inoxidable\/#primaryimage","url":"https:\/\/btektech.com\/wp-content\/uploads\/2025\/12\/8.jpg","contentUrl":"https:\/\/btektech.com\/wp-content\/uploads\/2025\/12\/8.jpg","width":800,"height":800,"caption":"Stainless Steel Precision"},{"@type":"BreadcrumbList","@id":"https:\/\/btektech.com\/es\/product\/boquilla-de-precision-de-acero-inoxidable\/#breadcrumb","itemListElement":[{"@type":"ListItem","position":1,"name":"Home","item":"https:\/\/btektech.com\/es\/"},{"@type":"ListItem","position":2,"name":"\u00dcr\u00fcnler","item":"https:\/\/btektech.com\/tr\/shop\/"},{"@type":"ListItem","position":3,"name":"Dispensing Tips","item":"https:\/\/btektech.com\/product-category\/dispensing-tips\/"},{"@type":"ListItem","position":4,"name":"Boquilla de Precisi\u00f3n de Acero Inoxidable"}]},{"@type":"WebSite","@id":"https:\/\/btektech.com\/#website","url":"https:\/\/btektech.com\/","name":"Btektech","description":"","publisher":{"@id":"https:\/\/btektech.com\/#organization"},"potentialAction":[{"@type":"SearchAction","target":{"@type":"EntryPoint","urlTemplate":"https:\/\/btektech.com\/?s={search_term_string}"},"query-input":{"@type":"PropertyValueSpecification","valueRequired":true,"valueName":"search_term_string"}}],"inLanguage":"es"},{"@type":"Organization","@id":"https:\/\/btektech.com\/#organization","name":"Btektech","url":"https:\/\/btektech.com\/","logo":{"@type":"ImageObject","inLanguage":"es","@id":"https:\/\/btektech.com\/#\/schema\/logo\/image\/","url":"https:\/\/btektech.com\/wp-content\/uploads\/2021\/08\/btektech-logo.png","contentUrl":"https:\/\/btektech.com\/wp-content\/uploads\/2021\/08\/btektech-logo.png","width":250,"height":114,"caption":"Btektech"},"image":{"@id":"https:\/\/btektech.com\/#\/schema\/logo\/image\/"},"sameAs":["https:\/\/x.com\/Btektech1","https:\/\/www.instagram.com\/btektech\/","https:\/\/www.linkedin.com\/company\/suzhou-baotailong-electronic-materials-co-ltd\/","https:\/\/www.pinterest.com\/btektech\/_saved\/","https:\/\/www.youtube.com\/channel\/UCBiw4Bc4CmQDrdo-QqyVTqQ"]}]}},"_links":{"self":[{"href":"https:\/\/btektech.com\/es\/wp-json\/wp\/v2\/product\/5374","targetHints":{"allow":["GET"]}}],"collection":[{"href":"https:\/\/btektech.com\/es\/wp-json\/wp\/v2\/product"}],"about":[{"href":"https:\/\/btektech.com\/es\/wp-json\/wp\/v2\/types\/product"}],"replies":[{"embeddable":true,"href":"https:\/\/btektech.com\/es\/wp-json\/wp\/v2\/comments?post=5374"}],"version-history":[{"count":0,"href":"https:\/\/btektech.com\/es\/wp-json\/wp\/v2\/product\/5374\/revisions"}],"wp:featuredmedia":[{"embeddable":true,"href":"https:\/\/btektech.com\/es\/wp-json\/wp\/v2\/media\/21525"}],"wp:attachment":[{"href":"https:\/\/btektech.com\/es\/wp-json\/wp\/v2\/media?parent=5374"}],"wp:term":[{"taxonomy":"product_brand","embeddable":true,"href":"https:\/\/btektech.com\/es\/wp-json\/wp\/v2\/product_brand?post=5374"},{"taxonomy":"product_cat","embeddable":true,"href":"https:\/\/btektech.com\/es\/wp-json\/wp\/v2\/product_cat?post=5374"},{"taxonomy":"product_tag","embeddable":true,"href":"https:\/\/btektech.com\/es\/wp-json\/wp\/v2\/product_tag?post=5374"}],"curies":[{"name":"wp","href":"https:\/\/api.w.org\/{rel}","templated":true}]}}