{"id":5370,"date":"2021-12-03T06:04:16","date_gmt":"2022-04-25T17:25:25","guid":{"rendered":"https:\/\/btektech.com\/product\/puntas-de-mezcla-dental\/"},"modified":"2022-09-20T08:55:55","modified_gmt":"2022-09-20T08:55:55","slug":"punta-de-mezcla-dental","status":"publish","type":"product","link":"https:\/\/btektech.com\/es\/product\/punta-de-mezcla-dental\/","title":{"rendered":"Punta de Mezcla Dental"},"content":{"rendered":"<p>Nuestras puntas de mezcla dental son exactamente lo que su cl\u00ednica necesita. Estos cabezales de succi\u00f3n h\u00edbridos dentales Mix-Pac est\u00e1n cuidadosamente dise\u00f1ados para ayudar a simplificar el proceso quir\u00fargico de varias maneras. Todas nuestras puntas mezcladoras de impresiones dentales est\u00e1n hechas de materiales de alta calidad y extremadamente duraderos. Si observa el rango de producci\u00f3n de nuestro tubo mezclador para la cavidad oral, encontrar\u00e1 que tenemos la transacci\u00f3n en l\u00ednea m\u00e1s favorable y la calidad m\u00e1s confiable, por lo que puede estar seguro de volver a comprarlo. Las puntas para mezclar materiales de impresi\u00f3n est\u00e1n dise\u00f1adas para mezclar correctamente los componentes de los materiales de impresi\u00f3n dental, ya sea que se dosifiquen con una pistola dosificadora manual o un sistema de dosificaci\u00f3n autom\u00e1tico.<\/p>\n<p>Btektech tiene tubos de mezcla dentales con puntas de mezcla dentales marrones de especificaci\u00f3n 5-14ML y cartuchos de goma de dos componentes de puntas de mezcla dentales amarillas 5ml-75ml, que se pueden usar para moldes ultraligeros, medianos o de reimpresi\u00f3n. La relaci\u00f3n de mezcla tiene cuatro especificaciones: 1:1, 2:1, 4:1 y 10:1. La pared de este tipo de tubo mezclador dental es suave y el n\u00facleo interno est\u00e1 distribuido uniformemente. El sustrato y el catalizador est\u00e1n altamente mezclados a trav\u00e9s del tubo para lograr una mezcla uniforme.<\/p>\n<div style=\"overflow: auto;\">\n<table style=\"text-align: center;\">\n<tbody>\n<tr>\n<th>numero de parte<\/th>\n<th>elemento<\/th>\n<th>Di\u00e1metro interior (mm)<\/th>\n<th>Longitud (mm)<\/th>\n<th>un (mm)<\/th>\n<th>color del n\u00facleo interno<\/th>\n<\/tr>\n<tr>\n<td>NSE1(1:1)<\/td>\n<td>13<\/td>\n<td>3.1<\/td>\n<td>63.7<\/td>\n<td>1<\/td>\n<td>blanco<\/td>\n<\/tr>\n<tr>\n<td>NSE1L(1:1)<\/td>\n<td>17<\/td>\n<td>3.2<\/td>\n<td>75.5<\/td>\n<td>1<\/td>\n<td>blanco<\/td>\n<\/tr>\n<tr>\n<td>NSE2(1:1)<\/td>\n<td>12<\/td>\n<td>4.1<\/td>\n<td>69.8<\/td>\n<td>3.8<\/td>\n<td>blanco<\/td>\n<\/tr>\n<tr>\n<td>NSE2W(1:1)<\/td>\n<td>12<\/td>\n<td>4.1<\/td>\n<td>69.8<\/td>\n<td>3.8<\/td>\n<td>amarillo<\/td>\n<\/tr>\n<tr>\n<td>NSE3(1:1)<\/td>\n<td>13<\/td>\n<td>6<\/td>\n<td>88.7<\/td>\n<td>4.9<\/td>\n<td>blanco<\/td>\n<\/tr>\n<tr>\n<td>NSE3N(1:1)<\/td>\n<td>11<\/td>\n<td>6.6<\/td>\n<td>87.2<\/td>\n<td>4.9<\/td>\n<td>verde<\/td>\n<\/tr>\n<tr>\n<td>NSE4(1:1)<\/td>\n<td>12<\/td>\n<td>5.2<\/td>\n<td>82.3<\/td>\n<td>5.1<\/td>\n<td>blanco<\/td>\n<\/tr>\n<tr>\n<td>NSE5(1:1)<\/td>\n<td>9<\/td>\n<td>4.1<\/td>\n<td>57.5<\/td>\n<td>3.8<\/td>\n<td>blanco<\/td>\n<\/tr>\n<tr>\n<td>NSE5Y (1: 1)<\/td>\n<td>9<\/td>\n<td>4.1<\/td>\n<td>57.5<\/td>\n<td>3.8<\/td>\n<td>blanco<\/td>\n<\/tr>\n<tr>\n<td>NSE6 (10:1)<\/td>\n<td>16<\/td>\n<td>3.1<\/td>\n<td>74<\/td>\n<td>1.7<\/td>\n<td>mandarina<\/td>\n<\/tr>\n<tr>\n<td>NSE6G (10:1)<\/td>\n<td>16<\/td>\n<td>3.1<\/td>\n<td>75.4<\/td>\n<td>1<\/td>\n<td>mandarina<\/td>\n<\/tr>\n<tr>\n<td>NSE8(1:1)<\/td>\n<td>11<\/td>\n<td>7.9<\/td>\n<td>92<\/td>\n<td>6.5<\/td>\n<td>blanco<\/td>\n<\/tr>\n<tr>\n<td>NSE10(1:1)<\/td>\n<td>9<\/td>\n<td>2.4<\/td>\n<td>40<\/td>\n<td>0.7<\/td>\n<td>blanco<\/td>\n<\/tr>\n<tr>\n<td>NSE10(10:1)<\/td>\n<td>9<\/td>\n<td>2.4<\/td>\n<td>40<\/td>\n<td>0.7<\/td>\n<td>mandarina<\/td>\n<\/tr>\n<tr>\n<td>NSE11 (1: 1)<\/td>\n<td>8<\/td>\n<td>2.4<\/td>\n<td>34<\/td>\n<td>2.5<\/td>\n<td>blanco<\/td>\n<\/tr>\n<tr>\n<td>NSE13 (1: 1)<\/td>\n<td>9<\/td>\n<td>2.5<\/td>\n<td>50<\/td>\n<td>0.8<\/td>\n<td>blanco<\/td>\n<\/tr>\n<tr>\n<td>NSE13 (10: 1)<\/td>\n<td>9<\/td>\n<td>2.5<\/td>\n<td>50<\/td>\n<td>0.8<\/td>\n<td>mandarina<\/td>\n<\/tr>\n<tr>\n<td>NSE14 (1: 1)<\/td>\n<td>9<\/td>\n<td>2.5<\/td>\n<td>36<\/td>\n<td>2.6<\/td>\n<td>blanco<\/td>\n<\/tr>\n<tr>\n<td>NSE14 (10: 1)<\/td>\n<td>9<\/td>\n<td>2.5<\/td>\n<td>36<\/td>\n<td>2.6<\/td>\n<td>mandarina<\/td>\n<\/tr>\n<\/tbody>\n<\/table>\n<\/div>\n<p>Por supuesto, si tambi\u00e9n necesita <a href=\"https:\/\/btektech.com\/es\/product\/pistola-de-epoxi-dual\/\">una pistola aplicadora de doble cartucho<\/a> , tambi\u00e9n puede contactarnos.<\/p>\n","protected":false},"excerpt":{"rendered":"<p>Nuestras puntas de mezcla dental son exactamente lo que su cl\u00ednica necesita. Estos cabezales de succi\u00f3n h\u00edbridos dentales est\u00e1n cuidadosamente dise\u00f1ados para ayudar a simplificar el proceso quir\u00fargico de varias maneras. Todas nuestras puntas mezcladoras de impresiones dentales est\u00e1n hechas de materiales de alta calidad y extremadamente duraderos. Si observa el rango de producci\u00f3n de nuestro tubo mezclador para la cavidad oral, encontrar\u00e1 que tenemos la transacci\u00f3n en l\u00ednea m\u00e1s favorable y la calidad m\u00e1s confiable, por lo que puede estar seguro de volver a comprarlo.<\/p>\n","protected":false},"featured_media":5825,"comment_status":"open","ping_status":"closed","template":"","meta":{"_acf_changed":false},"product_brand":[],"product_cat":[860,268],"product_tag":[],"class_list":{"0":"post-5370","1":"product","2":"type-product","3":"status-publish","4":"has-post-thumbnail","6":"product_cat-puntas-de-mezcla-dental","7":"product_cat-uncategorized-es","9":"first","10":"instock","11":"shipping-taxable","12":"product-type-simple"},"acf":[],"yoast_head":"<!-- This site is optimized with the Yoast SEO plugin v26.0 - https:\/\/yoast.com\/wordpress\/plugins\/seo\/ -->\n<title>Punta de Mezcla Dental - Btektech<\/title>\n<meta name=\"description\" content=\"Los productos de puntas de mezcla dental producidos por la empresa Btektech se pueden usar en una variedad de escenarios de tratamiento y se pueden ajustar de acuerdo con los diferentes requisitos de impresi\u00f3n dental.\" \/>\n<meta name=\"robots\" content=\"index, follow, max-snippet:-1, max-image-preview:large, max-video-preview:-1\" \/>\n<link rel=\"canonical\" href=\"https:\/\/btektech.com\/es\/product\/punta-de-mezcla-dental\/\" \/>\n<meta property=\"og:locale\" content=\"es_ES\" \/>\n<meta property=\"og:type\" content=\"article\" \/>\n<meta property=\"og:title\" content=\"Punta de Mezcla Dental - Btektech\" \/>\n<meta property=\"og:description\" content=\"Los productos de puntas de mezcla dental producidos por la empresa Btektech se pueden usar en una variedad de escenarios de tratamiento y se pueden ajustar de acuerdo con los diferentes requisitos de impresi\u00f3n dental.\" \/>\n<meta property=\"og:url\" content=\"https:\/\/btektech.com\/es\/product\/punta-de-mezcla-dental\/\" \/>\n<meta property=\"og:site_name\" content=\"Btektech\" \/>\n<meta property=\"article:modified_time\" content=\"2022-09-20T08:55:55+00:00\" \/>\n<meta property=\"og:image\" content=\"https:\/\/btektech.com\/wp-content\/uploads\/2021\/12\/Dental-20211201092757-1.png\" \/>\n\t<meta property=\"og:image:width\" content=\"800\" \/>\n\t<meta property=\"og:image:height\" content=\"800\" \/>\n\t<meta property=\"og:image:type\" content=\"image\/png\" \/>\n<meta name=\"twitter:card\" content=\"summary_large_image\" \/>\n<meta name=\"twitter:site\" content=\"@Btektech1\" \/>\n<meta name=\"twitter:label1\" content=\"Tiempo de lectura\" \/>\n\t<meta name=\"twitter:data1\" content=\"2 minutos\" \/>\n<script type=\"application\/ld+json\" class=\"yoast-schema-graph\">{\"@context\":\"https:\/\/schema.org\",\"@graph\":[{\"@type\":[\"WebPage\",\"ItemPage\"],\"@id\":\"https:\/\/btektech.com\/es\/product\/punta-de-mezcla-dental\/\",\"url\":\"https:\/\/btektech.com\/es\/product\/punta-de-mezcla-dental\/\",\"name\":\"Punta de Mezcla Dental - Btektech\",\"isPartOf\":{\"@id\":\"https:\/\/btektech.com\/#website\"},\"primaryImageOfPage\":{\"@id\":\"https:\/\/btektech.com\/es\/product\/punta-de-mezcla-dental\/#primaryimage\"},\"image\":{\"@id\":\"https:\/\/btektech.com\/es\/product\/punta-de-mezcla-dental\/#primaryimage\"},\"thumbnailUrl\":\"https:\/\/btektech.com\/wp-content\/uploads\/2021\/12\/Dental-20211201092757-1.png\",\"datePublished\":\"2022-04-25T17:25:25+00:00\",\"dateModified\":\"2022-09-20T08:55:55+00:00\",\"description\":\"Los productos de puntas de mezcla dental producidos por la empresa Btektech se pueden usar en una variedad de escenarios de tratamiento y se pueden ajustar de acuerdo con los diferentes requisitos de impresi\u00f3n dental.\",\"breadcrumb\":{\"@id\":\"https:\/\/btektech.com\/es\/product\/punta-de-mezcla-dental\/#breadcrumb\"},\"inLanguage\":\"es\",\"potentialAction\":[{\"@type\":\"ReadAction\",\"target\":[\"https:\/\/btektech.com\/es\/product\/punta-de-mezcla-dental\/\"]}]},{\"@type\":\"ImageObject\",\"inLanguage\":\"es\",\"@id\":\"https:\/\/btektech.com\/es\/product\/punta-de-mezcla-dental\/#primaryimage\",\"url\":\"https:\/\/btektech.com\/wp-content\/uploads\/2021\/12\/Dental-20211201092757-1.png\",\"contentUrl\":\"https:\/\/btektech.com\/wp-content\/uploads\/2021\/12\/Dental-20211201092757-1.png\",\"width\":800,\"height\":800,\"caption\":\"Punta de Mezcla Dental\"},{\"@type\":\"BreadcrumbList\",\"@id\":\"https:\/\/btektech.com\/es\/product\/punta-de-mezcla-dental\/#breadcrumb\",\"itemListElement\":[{\"@type\":\"ListItem\",\"position\":1,\"name\":\"Home\",\"item\":\"https:\/\/btektech.com\/es\/home-2\/\"},{\"@type\":\"ListItem\",\"position\":2,\"name\":\"\u00dcr\u00fcnler\",\"item\":\"https:\/\/btektech.com\/tr\/shop\/\"},{\"@type\":\"ListItem\",\"position\":3,\"name\":\"Dental Mixing Tips\",\"item\":\"https:\/\/btektech.com\/product-category\/epoxy-mixing-nozzles\/dental-mixing-tips\/\"},{\"@type\":\"ListItem\",\"position\":4,\"name\":\"Punta de Mezcla Dental\"}]},{\"@type\":\"WebSite\",\"@id\":\"https:\/\/btektech.com\/#website\",\"url\":\"https:\/\/btektech.com\/\",\"name\":\"Btektech\",\"description\":\"\",\"publisher\":{\"@id\":\"https:\/\/btektech.com\/#organization\"},\"potentialAction\":[{\"@type\":\"SearchAction\",\"target\":{\"@type\":\"EntryPoint\",\"urlTemplate\":\"https:\/\/btektech.com\/?s={search_term_string}\"},\"query-input\":{\"@type\":\"PropertyValueSpecification\",\"valueRequired\":true,\"valueName\":\"search_term_string\"}}],\"inLanguage\":\"es\"},{\"@type\":\"Organization\",\"@id\":\"https:\/\/btektech.com\/#organization\",\"name\":\"Btektech\",\"url\":\"https:\/\/btektech.com\/\",\"logo\":{\"@type\":\"ImageObject\",\"inLanguage\":\"es\",\"@id\":\"https:\/\/btektech.com\/#\/schema\/logo\/image\/\",\"url\":\"https:\/\/btektech.com\/wp-content\/uploads\/2021\/08\/btektech-logo.png\",\"contentUrl\":\"https:\/\/btektech.com\/wp-content\/uploads\/2021\/08\/btektech-logo.png\",\"width\":250,\"height\":114,\"caption\":\"Btektech\"},\"image\":{\"@id\":\"https:\/\/btektech.com\/#\/schema\/logo\/image\/\"},\"sameAs\":[\"https:\/\/x.com\/Btektech1\",\"https:\/\/www.instagram.com\/btektech\/\",\"https:\/\/www.linkedin.com\/company\/suzhou-baotailong-electronic-materials-co-ltd\/\",\"https:\/\/www.pinterest.com\/btektech\/_saved\/\",\"https:\/\/www.youtube.com\/channel\/UCBiw4Bc4CmQDrdo-QqyVTqQ\"]}]}<\/script>\n<!-- \/ Yoast SEO plugin. -->","yoast_head_json":{"title":"Punta de Mezcla Dental - Btektech","description":"Los productos de puntas de mezcla dental producidos por la empresa Btektech se pueden usar en una variedad de escenarios de tratamiento y se pueden ajustar de acuerdo con los diferentes requisitos de impresi\u00f3n dental.","robots":{"index":"index","follow":"follow","max-snippet":"max-snippet:-1","max-image-preview":"max-image-preview:large","max-video-preview":"max-video-preview:-1"},"canonical":"https:\/\/btektech.com\/es\/product\/punta-de-mezcla-dental\/","og_locale":"es_ES","og_type":"article","og_title":"Punta de Mezcla Dental - Btektech","og_description":"Los productos de puntas de mezcla dental producidos por la empresa Btektech se pueden usar en una variedad de escenarios de tratamiento y se pueden ajustar de acuerdo con los diferentes requisitos de impresi\u00f3n dental.","og_url":"https:\/\/btektech.com\/es\/product\/punta-de-mezcla-dental\/","og_site_name":"Btektech","article_modified_time":"2022-09-20T08:55:55+00:00","og_image":[{"width":800,"height":800,"url":"https:\/\/btektech.com\/wp-content\/uploads\/2021\/12\/Dental-20211201092757-1.png","type":"image\/png"}],"twitter_card":"summary_large_image","twitter_site":"@Btektech1","twitter_misc":{"Tiempo de lectura":"2 minutos"},"schema":{"@context":"https:\/\/schema.org","@graph":[{"@type":["WebPage","ItemPage"],"@id":"https:\/\/btektech.com\/es\/product\/punta-de-mezcla-dental\/","url":"https:\/\/btektech.com\/es\/product\/punta-de-mezcla-dental\/","name":"Punta de Mezcla Dental - Btektech","isPartOf":{"@id":"https:\/\/btektech.com\/#website"},"primaryImageOfPage":{"@id":"https:\/\/btektech.com\/es\/product\/punta-de-mezcla-dental\/#primaryimage"},"image":{"@id":"https:\/\/btektech.com\/es\/product\/punta-de-mezcla-dental\/#primaryimage"},"thumbnailUrl":"https:\/\/btektech.com\/wp-content\/uploads\/2021\/12\/Dental-20211201092757-1.png","datePublished":"2022-04-25T17:25:25+00:00","dateModified":"2022-09-20T08:55:55+00:00","description":"Los productos de puntas de mezcla dental producidos por la empresa Btektech se pueden usar en una variedad de escenarios de tratamiento y se pueden ajustar de acuerdo con los diferentes requisitos de impresi\u00f3n dental.","breadcrumb":{"@id":"https:\/\/btektech.com\/es\/product\/punta-de-mezcla-dental\/#breadcrumb"},"inLanguage":"es","potentialAction":[{"@type":"ReadAction","target":["https:\/\/btektech.com\/es\/product\/punta-de-mezcla-dental\/"]}]},{"@type":"ImageObject","inLanguage":"es","@id":"https:\/\/btektech.com\/es\/product\/punta-de-mezcla-dental\/#primaryimage","url":"https:\/\/btektech.com\/wp-content\/uploads\/2021\/12\/Dental-20211201092757-1.png","contentUrl":"https:\/\/btektech.com\/wp-content\/uploads\/2021\/12\/Dental-20211201092757-1.png","width":800,"height":800,"caption":"Punta de Mezcla Dental"},{"@type":"BreadcrumbList","@id":"https:\/\/btektech.com\/es\/product\/punta-de-mezcla-dental\/#breadcrumb","itemListElement":[{"@type":"ListItem","position":1,"name":"Home","item":"https:\/\/btektech.com\/es\/home-2\/"},{"@type":"ListItem","position":2,"name":"\u00dcr\u00fcnler","item":"https:\/\/btektech.com\/tr\/shop\/"},{"@type":"ListItem","position":3,"name":"Dental Mixing Tips","item":"https:\/\/btektech.com\/product-category\/epoxy-mixing-nozzles\/dental-mixing-tips\/"},{"@type":"ListItem","position":4,"name":"Punta de Mezcla Dental"}]},{"@type":"WebSite","@id":"https:\/\/btektech.com\/#website","url":"https:\/\/btektech.com\/","name":"Btektech","description":"","publisher":{"@id":"https:\/\/btektech.com\/#organization"},"potentialAction":[{"@type":"SearchAction","target":{"@type":"EntryPoint","urlTemplate":"https:\/\/btektech.com\/?s={search_term_string}"},"query-input":{"@type":"PropertyValueSpecification","valueRequired":true,"valueName":"search_term_string"}}],"inLanguage":"es"},{"@type":"Organization","@id":"https:\/\/btektech.com\/#organization","name":"Btektech","url":"https:\/\/btektech.com\/","logo":{"@type":"ImageObject","inLanguage":"es","@id":"https:\/\/btektech.com\/#\/schema\/logo\/image\/","url":"https:\/\/btektech.com\/wp-content\/uploads\/2021\/08\/btektech-logo.png","contentUrl":"https:\/\/btektech.com\/wp-content\/uploads\/2021\/08\/btektech-logo.png","width":250,"height":114,"caption":"Btektech"},"image":{"@id":"https:\/\/btektech.com\/#\/schema\/logo\/image\/"},"sameAs":["https:\/\/x.com\/Btektech1","https:\/\/www.instagram.com\/btektech\/","https:\/\/www.linkedin.com\/company\/suzhou-baotailong-electronic-materials-co-ltd\/","https:\/\/www.pinterest.com\/btektech\/_saved\/","https:\/\/www.youtube.com\/channel\/UCBiw4Bc4CmQDrdo-QqyVTqQ"]}]}},"_links":{"self":[{"href":"https:\/\/btektech.com\/es\/wp-json\/wp\/v2\/product\/5370","targetHints":{"allow":["GET"]}}],"collection":[{"href":"https:\/\/btektech.com\/es\/wp-json\/wp\/v2\/product"}],"about":[{"href":"https:\/\/btektech.com\/es\/wp-json\/wp\/v2\/types\/product"}],"replies":[{"embeddable":true,"href":"https:\/\/btektech.com\/es\/wp-json\/wp\/v2\/comments?post=5370"}],"version-history":[{"count":0,"href":"https:\/\/btektech.com\/es\/wp-json\/wp\/v2\/product\/5370\/revisions"}],"wp:featuredmedia":[{"embeddable":true,"href":"https:\/\/btektech.com\/es\/wp-json\/wp\/v2\/media\/5825"}],"wp:attachment":[{"href":"https:\/\/btektech.com\/es\/wp-json\/wp\/v2\/media?parent=5370"}],"wp:term":[{"taxonomy":"product_brand","embeddable":true,"href":"https:\/\/btektech.com\/es\/wp-json\/wp\/v2\/product_brand?post=5370"},{"taxonomy":"product_cat","embeddable":true,"href":"https:\/\/btektech.com\/es\/wp-json\/wp\/v2\/product_cat?post=5370"},{"taxonomy":"product_tag","embeddable":true,"href":"https:\/\/btektech.com\/es\/wp-json\/wp\/v2\/product_tag?post=5370"}],"curies":[{"name":"wp","href":"https:\/\/api.w.org\/{rel}","templated":true}]}}