{"id":5368,"date":"2021-12-06T08:50:21","date_gmt":"2022-04-25T17:25:06","guid":{"rendered":"https:\/\/btektech.com\/product\/valvulas-dosificadoras-de-succion\/"},"modified":"2022-09-22T06:10:53","modified_gmt":"2022-09-22T06:10:53","slug":"valvula-dispensadora-de-succion","status":"publish","type":"product","link":"https:\/\/btektech.com\/es\/product\/valvula-dispensadora-de-succion\/","title":{"rendered":"V\u00e1lvula Dispensadora de Succi\u00f3n"},"content":{"rendered":"<p>La v\u00e1lvula dispensadora de succi\u00f3n trasera da una se\u00f1al a la v\u00e1lvula solenoide, para impulsar el pist\u00f3n de la v\u00e1lvula dispensadora para que se mueva hacia abajo. El pegamento pasa a trav\u00e9s del cilindro y el pegamento se extrae de la aguja, de modo que el pegamento se detiene instant\u00e1neamente y se succiona, y se reduce el pegamento residual en la cabeza de la aguja. El cuerpo de la v\u00e1lvula est\u00e1 anodizado con aleaci\u00f3n de aluminio y la parte del coloide de contacto es un material resistente a la corrosi\u00f3n.<\/p>\n<div style=\"overflow: auto;\">\n<table style=\"text-align: center;\">\n<tbody>\n<tr>\n<th>N\u00famero de parte<\/th>\n<td>JF001<\/td>\n<td>JF003<\/td>\n<td>HMJQ-52<\/td>\n<td>YK-28<\/td>\n<td>YK-38<\/td>\n<\/tr>\n<tr>\n<th>Estructura<\/th>\n<td>chupar de vuelta<\/td>\n<td>Tipo de succi\u00f3n trasera de acci\u00f3n compuesta<\/td>\n<td>chupar de vuelta<\/td>\n<td>Tipo de succi\u00f3n posterior del \u00e9mbolo<\/td>\n<td>chupar de vuelta<\/td>\n<\/tr>\n<tr>\n<th>Presi\u00f3n<\/th>\n<td>4-7 kgf\/cm<\/td>\n<td>4-7 kgf\/cm<\/td>\n<td>4-7 kgf\/cm<\/td>\n<td>4-7 kgf\/cm<\/td>\n<td>4-7 kgf\/cm<\/td>\n<\/tr>\n<tr>\n<th>Cantidad m\u00ednima<\/th>\n<td>0,01 ml<\/td>\n<td>0,01 ml<\/td>\n<td>0,01 ml<\/td>\n<td>0,01 ml<\/td>\n<td>0.001ml<\/td>\n<\/tr>\n<tr>\n<th>Viscosidad<\/th>\n<td>1-1000000CPS<\/td>\n<td>1-1000000CPS<\/td>\n<td>1-1000000CPS<\/td>\n<td>1-1000000CPS<\/td>\n<td>1-300000CPS<\/td>\n<\/tr>\n<tr>\n<th>Presi\u00f3n de entrada<\/th>\n<td>&lt;30KG<\/td>\n<td>&lt;30KG<\/td>\n<td>&lt;10KG<\/td>\n<td>&lt;30KG<\/td>\n<td>&lt;10KG<\/td>\n<\/tr>\n<tr>\n<th>Tama\u00f1o de salida de entrada<\/th>\n<td>1\/8&#8243;NPT(F)<\/td>\n<td>1\/4 NPT (F)<\/td>\n<td>1\/8&#8243;NPT(F)<\/td>\n<td>1\/8&#8243;NPT(F)<\/td>\n<td>Rosca interna 1\/4 NPT<\/td>\n<\/tr>\n<tr>\n<th>M\u00e9todo de control<\/th>\n<td>&lt;600\/MIN<\/td>\n<td>&lt;600\/MIN<\/td>\n<td>&lt;600\/MIN<\/td>\n<td>&lt;600\/MIN<\/td>\n<td>&lt;600\/MIN<\/td>\n<\/tr>\n<tr>\n<th>Peso<\/th>\n<td>310g<\/td>\n<td>500g<\/td>\n<td>290g<\/td>\n<td>290g<\/td>\n<td>180g<\/td>\n<\/tr>\n<tr>\n<th>Di\u00e1metro externo<\/th>\n<td>(F)26*(H)140(g)<\/td>\n<td>(D)32*42*(H)140 Cuadrado<\/td>\n<td><\/td>\n<td>(F)30*(H)170<\/td>\n<td>30*149MM<\/td>\n<\/tr>\n<tr>\n<th>el material principal<\/th>\n<td>Aleaci\u00f3n de aluminio anodizado\/acero inoxidable<\/td>\n<td>Aleaci\u00f3n de aluminio (pulido con chorro de arena + anodizado)<\/td>\n<td>SU304, \u00e1nodo de aleaci\u00f3n de aluminio<\/td>\n<td>Acero inoxidable anodizado y aleaci\u00f3n de aluminio.<\/td>\n<td>Poliformaldeh\u00eddo, fluoropl\u00e1sticos, acero inoxidable<\/td>\n<\/tr>\n<\/tbody>\n<\/table>\n<\/div>\n","protected":false},"excerpt":{"rendered":"<p>La V\u00e1lvula Dispensadora de Succi\u00f3n las caracter\u00edsticas de ruptura limpia del pegamento, sin trefilado, sin ca\u00edda de pegamento y resistente a la corrosi\u00f3n.<\/p>\n","protected":false},"featured_media":4389,"comment_status":"open","ping_status":"closed","template":"","meta":{"_acf_changed":false},"product_brand":[],"product_cat":[134],"product_tag":[],"class_list":{"0":"post-5368","1":"product","2":"type-product","3":"status-publish","4":"has-post-thumbnail","6":"product_cat-valvulas-dispensadoras","8":"first","9":"instock","10":"shipping-taxable","11":"product-type-simple"},"acf":[],"yoast_head":"<!-- This site is optimized with the Yoast SEO plugin v26.0 - https:\/\/yoast.com\/wordpress\/plugins\/seo\/ -->\n<title>V\u00e1lvula Dispensadora de Succi\u00f3n - Btektech<\/title>\n<meta name=\"description\" content=\"La V\u00e1lvula Dispensadora de Succi\u00f3n las caracter\u00edsticas de ruptura limpia del pegamento, sin trefilado, sin ca\u00edda de pegamento y resistente a la corrosi\u00f3n.\" \/>\n<meta name=\"robots\" content=\"index, follow, max-snippet:-1, max-image-preview:large, max-video-preview:-1\" \/>\n<link rel=\"canonical\" href=\"https:\/\/btektech.com\/es\/product\/valvula-dispensadora-de-succion\/\" \/>\n<meta property=\"og:locale\" content=\"es_ES\" \/>\n<meta property=\"og:type\" content=\"article\" \/>\n<meta property=\"og:title\" content=\"V\u00e1lvula Dispensadora de Succi\u00f3n - Btektech\" \/>\n<meta property=\"og:description\" content=\"La V\u00e1lvula Dispensadora de Succi\u00f3n las caracter\u00edsticas de ruptura limpia del pegamento, sin trefilado, sin ca\u00edda de pegamento y resistente a la corrosi\u00f3n.\" \/>\n<meta property=\"og:url\" content=\"https:\/\/btektech.com\/es\/product\/valvula-dispensadora-de-succion\/\" \/>\n<meta property=\"og:site_name\" content=\"Btektech\" \/>\n<meta property=\"article:modified_time\" content=\"2022-09-22T06:10:53+00:00\" \/>\n<meta property=\"og:image\" content=\"https:\/\/btektech.com\/wp-content\/uploads\/2021\/12\/11.a-jpg.jpg\" \/>\n\t<meta property=\"og:image:width\" content=\"800\" \/>\n\t<meta property=\"og:image:height\" content=\"800\" \/>\n\t<meta property=\"og:image:type\" content=\"image\/jpeg\" \/>\n<meta name=\"twitter:card\" content=\"summary_large_image\" \/>\n<meta name=\"twitter:site\" content=\"@Btektech1\" \/>\n<meta name=\"twitter:label1\" content=\"Tiempo de lectura\" \/>\n\t<meta name=\"twitter:data1\" content=\"1 minuto\" \/>\n<script type=\"application\/ld+json\" class=\"yoast-schema-graph\">{\"@context\":\"https:\/\/schema.org\",\"@graph\":[{\"@type\":[\"WebPage\",\"ItemPage\"],\"@id\":\"https:\/\/btektech.com\/es\/product\/valvula-dispensadora-de-succion\/\",\"url\":\"https:\/\/btektech.com\/es\/product\/valvula-dispensadora-de-succion\/\",\"name\":\"V\u00e1lvula Dispensadora de Succi\u00f3n - Btektech\",\"isPartOf\":{\"@id\":\"https:\/\/btektech.com\/#website\"},\"primaryImageOfPage\":{\"@id\":\"https:\/\/btektech.com\/es\/product\/valvula-dispensadora-de-succion\/#primaryimage\"},\"image\":{\"@id\":\"https:\/\/btektech.com\/es\/product\/valvula-dispensadora-de-succion\/#primaryimage\"},\"thumbnailUrl\":\"https:\/\/btektech.com\/wp-content\/uploads\/2021\/12\/11.a-jpg.jpg\",\"datePublished\":\"2022-04-25T17:25:06+00:00\",\"dateModified\":\"2022-09-22T06:10:53+00:00\",\"description\":\"La V\u00e1lvula Dispensadora de Succi\u00f3n las caracter\u00edsticas de ruptura limpia del pegamento, sin trefilado, sin ca\u00edda de pegamento y resistente a la corrosi\u00f3n.\",\"breadcrumb\":{\"@id\":\"https:\/\/btektech.com\/es\/product\/valvula-dispensadora-de-succion\/#breadcrumb\"},\"inLanguage\":\"es\",\"potentialAction\":[{\"@type\":\"ReadAction\",\"target\":[\"https:\/\/btektech.com\/es\/product\/valvula-dispensadora-de-succion\/\"]}]},{\"@type\":\"ImageObject\",\"inLanguage\":\"es\",\"@id\":\"https:\/\/btektech.com\/es\/product\/valvula-dispensadora-de-succion\/#primaryimage\",\"url\":\"https:\/\/btektech.com\/wp-content\/uploads\/2021\/12\/11.a-jpg.jpg\",\"contentUrl\":\"https:\/\/btektech.com\/wp-content\/uploads\/2021\/12\/11.a-jpg.jpg\",\"width\":800,\"height\":800,\"caption\":\"V\u00e1lvula Dispensadora de Succi\u00f3n\"},{\"@type\":\"BreadcrumbList\",\"@id\":\"https:\/\/btektech.com\/es\/product\/valvula-dispensadora-de-succion\/#breadcrumb\",\"itemListElement\":[{\"@type\":\"ListItem\",\"position\":1,\"name\":\"Home\",\"item\":\"https:\/\/btektech.com\/es\/\"},{\"@type\":\"ListItem\",\"position\":2,\"name\":\"\u00dcr\u00fcnler\",\"item\":\"https:\/\/btektech.com\/tr\/shop\/\"},{\"@type\":\"ListItem\",\"position\":3,\"name\":\"Dispensing Valves\",\"item\":\"https:\/\/btektech.com\/product-category\/dispensing-valves\/\"},{\"@type\":\"ListItem\",\"position\":4,\"name\":\"V\u00e1lvula Dispensadora de Succi\u00f3n\"}]},{\"@type\":\"WebSite\",\"@id\":\"https:\/\/btektech.com\/#website\",\"url\":\"https:\/\/btektech.com\/\",\"name\":\"Btektech\",\"description\":\"\",\"publisher\":{\"@id\":\"https:\/\/btektech.com\/#organization\"},\"potentialAction\":[{\"@type\":\"SearchAction\",\"target\":{\"@type\":\"EntryPoint\",\"urlTemplate\":\"https:\/\/btektech.com\/?s={search_term_string}\"},\"query-input\":{\"@type\":\"PropertyValueSpecification\",\"valueRequired\":true,\"valueName\":\"search_term_string\"}}],\"inLanguage\":\"es\"},{\"@type\":\"Organization\",\"@id\":\"https:\/\/btektech.com\/#organization\",\"name\":\"Btektech\",\"url\":\"https:\/\/btektech.com\/\",\"logo\":{\"@type\":\"ImageObject\",\"inLanguage\":\"es\",\"@id\":\"https:\/\/btektech.com\/#\/schema\/logo\/image\/\",\"url\":\"https:\/\/btektech.com\/wp-content\/uploads\/2021\/08\/btektech-logo.png\",\"contentUrl\":\"https:\/\/btektech.com\/wp-content\/uploads\/2021\/08\/btektech-logo.png\",\"width\":250,\"height\":114,\"caption\":\"Btektech\"},\"image\":{\"@id\":\"https:\/\/btektech.com\/#\/schema\/logo\/image\/\"},\"sameAs\":[\"https:\/\/x.com\/Btektech1\",\"https:\/\/www.instagram.com\/btektech\/\",\"https:\/\/www.linkedin.com\/company\/suzhou-baotailong-electronic-materials-co-ltd\/\",\"https:\/\/www.pinterest.com\/btektech\/_saved\/\",\"https:\/\/www.youtube.com\/channel\/UCBiw4Bc4CmQDrdo-QqyVTqQ\"]}]}<\/script>\n<!-- \/ Yoast SEO plugin. -->","yoast_head_json":{"title":"V\u00e1lvula Dispensadora de Succi\u00f3n - Btektech","description":"La V\u00e1lvula Dispensadora de Succi\u00f3n las caracter\u00edsticas de ruptura limpia del pegamento, sin trefilado, sin ca\u00edda de pegamento y resistente a la corrosi\u00f3n.","robots":{"index":"index","follow":"follow","max-snippet":"max-snippet:-1","max-image-preview":"max-image-preview:large","max-video-preview":"max-video-preview:-1"},"canonical":"https:\/\/btektech.com\/es\/product\/valvula-dispensadora-de-succion\/","og_locale":"es_ES","og_type":"article","og_title":"V\u00e1lvula Dispensadora de Succi\u00f3n - Btektech","og_description":"La V\u00e1lvula Dispensadora de Succi\u00f3n las caracter\u00edsticas de ruptura limpia del pegamento, sin trefilado, sin ca\u00edda de pegamento y resistente a la corrosi\u00f3n.","og_url":"https:\/\/btektech.com\/es\/product\/valvula-dispensadora-de-succion\/","og_site_name":"Btektech","article_modified_time":"2022-09-22T06:10:53+00:00","og_image":[{"width":800,"height":800,"url":"https:\/\/btektech.com\/wp-content\/uploads\/2021\/12\/11.a-jpg.jpg","type":"image\/jpeg"}],"twitter_card":"summary_large_image","twitter_site":"@Btektech1","twitter_misc":{"Tiempo de lectura":"1 minuto"},"schema":{"@context":"https:\/\/schema.org","@graph":[{"@type":["WebPage","ItemPage"],"@id":"https:\/\/btektech.com\/es\/product\/valvula-dispensadora-de-succion\/","url":"https:\/\/btektech.com\/es\/product\/valvula-dispensadora-de-succion\/","name":"V\u00e1lvula Dispensadora de Succi\u00f3n - Btektech","isPartOf":{"@id":"https:\/\/btektech.com\/#website"},"primaryImageOfPage":{"@id":"https:\/\/btektech.com\/es\/product\/valvula-dispensadora-de-succion\/#primaryimage"},"image":{"@id":"https:\/\/btektech.com\/es\/product\/valvula-dispensadora-de-succion\/#primaryimage"},"thumbnailUrl":"https:\/\/btektech.com\/wp-content\/uploads\/2021\/12\/11.a-jpg.jpg","datePublished":"2022-04-25T17:25:06+00:00","dateModified":"2022-09-22T06:10:53+00:00","description":"La V\u00e1lvula Dispensadora de Succi\u00f3n las caracter\u00edsticas de ruptura limpia del pegamento, sin trefilado, sin ca\u00edda de pegamento y resistente a la corrosi\u00f3n.","breadcrumb":{"@id":"https:\/\/btektech.com\/es\/product\/valvula-dispensadora-de-succion\/#breadcrumb"},"inLanguage":"es","potentialAction":[{"@type":"ReadAction","target":["https:\/\/btektech.com\/es\/product\/valvula-dispensadora-de-succion\/"]}]},{"@type":"ImageObject","inLanguage":"es","@id":"https:\/\/btektech.com\/es\/product\/valvula-dispensadora-de-succion\/#primaryimage","url":"https:\/\/btektech.com\/wp-content\/uploads\/2021\/12\/11.a-jpg.jpg","contentUrl":"https:\/\/btektech.com\/wp-content\/uploads\/2021\/12\/11.a-jpg.jpg","width":800,"height":800,"caption":"V\u00e1lvula Dispensadora de Succi\u00f3n"},{"@type":"BreadcrumbList","@id":"https:\/\/btektech.com\/es\/product\/valvula-dispensadora-de-succion\/#breadcrumb","itemListElement":[{"@type":"ListItem","position":1,"name":"Home","item":"https:\/\/btektech.com\/es\/"},{"@type":"ListItem","position":2,"name":"\u00dcr\u00fcnler","item":"https:\/\/btektech.com\/tr\/shop\/"},{"@type":"ListItem","position":3,"name":"Dispensing Valves","item":"https:\/\/btektech.com\/product-category\/dispensing-valves\/"},{"@type":"ListItem","position":4,"name":"V\u00e1lvula Dispensadora de Succi\u00f3n"}]},{"@type":"WebSite","@id":"https:\/\/btektech.com\/#website","url":"https:\/\/btektech.com\/","name":"Btektech","description":"","publisher":{"@id":"https:\/\/btektech.com\/#organization"},"potentialAction":[{"@type":"SearchAction","target":{"@type":"EntryPoint","urlTemplate":"https:\/\/btektech.com\/?s={search_term_string}"},"query-input":{"@type":"PropertyValueSpecification","valueRequired":true,"valueName":"search_term_string"}}],"inLanguage":"es"},{"@type":"Organization","@id":"https:\/\/btektech.com\/#organization","name":"Btektech","url":"https:\/\/btektech.com\/","logo":{"@type":"ImageObject","inLanguage":"es","@id":"https:\/\/btektech.com\/#\/schema\/logo\/image\/","url":"https:\/\/btektech.com\/wp-content\/uploads\/2021\/08\/btektech-logo.png","contentUrl":"https:\/\/btektech.com\/wp-content\/uploads\/2021\/08\/btektech-logo.png","width":250,"height":114,"caption":"Btektech"},"image":{"@id":"https:\/\/btektech.com\/#\/schema\/logo\/image\/"},"sameAs":["https:\/\/x.com\/Btektech1","https:\/\/www.instagram.com\/btektech\/","https:\/\/www.linkedin.com\/company\/suzhou-baotailong-electronic-materials-co-ltd\/","https:\/\/www.pinterest.com\/btektech\/_saved\/","https:\/\/www.youtube.com\/channel\/UCBiw4Bc4CmQDrdo-QqyVTqQ"]}]}},"_links":{"self":[{"href":"https:\/\/btektech.com\/es\/wp-json\/wp\/v2\/product\/5368","targetHints":{"allow":["GET"]}}],"collection":[{"href":"https:\/\/btektech.com\/es\/wp-json\/wp\/v2\/product"}],"about":[{"href":"https:\/\/btektech.com\/es\/wp-json\/wp\/v2\/types\/product"}],"replies":[{"embeddable":true,"href":"https:\/\/btektech.com\/es\/wp-json\/wp\/v2\/comments?post=5368"}],"version-history":[{"count":0,"href":"https:\/\/btektech.com\/es\/wp-json\/wp\/v2\/product\/5368\/revisions"}],"wp:featuredmedia":[{"embeddable":true,"href":"https:\/\/btektech.com\/es\/wp-json\/wp\/v2\/media\/4389"}],"wp:attachment":[{"href":"https:\/\/btektech.com\/es\/wp-json\/wp\/v2\/media?parent=5368"}],"wp:term":[{"taxonomy":"product_brand","embeddable":true,"href":"https:\/\/btektech.com\/es\/wp-json\/wp\/v2\/product_brand?post=5368"},{"taxonomy":"product_cat","embeddable":true,"href":"https:\/\/btektech.com\/es\/wp-json\/wp\/v2\/product_cat?post=5368"},{"taxonomy":"product_tag","embeddable":true,"href":"https:\/\/btektech.com\/es\/wp-json\/wp\/v2\/product_tag?post=5368"}],"curies":[{"name":"wp","href":"https:\/\/api.w.org\/{rel}","templated":true}]}}