{"id":5365,"date":"2021-12-26T02:40:53","date_gmt":"2022-04-25T17:24:26","guid":{"rendered":"https:\/\/btektech.com\/product\/adaptador-luer-lock-para-boquilla-de-mezclador-estatico\/"},"modified":"2022-07-29T02:55:47","modified_gmt":"2022-07-29T02:55:47","slug":"adaptador-luer-lock-para-boquilla-de-mezclador-estatico","status":"publish","type":"product","link":"https:\/\/btektech.com\/es\/product\/adaptador-luer-lock-para-boquilla-de-mezclador-estatico\/","title":{"rendered":"Adaptador Luer Lock para boquilla de mezclador est\u00e1tico"},"content":{"rendered":"<p>El adaptador de boquilla de mezcla Luer lock est\u00e1 especialmente dise\u00f1ado para cumplir con su mejor uso de un tubo de mezcla. En el proceso de operaci\u00f3n real, la precisi\u00f3n del pegamento del tubo de mezcla original puede no ser muy buena para cumplir con los requisitos. Los clientes pueden conectar la aguja dispensadora de precisi\u00f3n agregando el adaptador de boquilla de mezcla Luer lock para cumplir con el proceso de operaci\u00f3n de dispensaci\u00f3n m\u00e1s precisa y el proceso de tira de pegamento.<\/p>\n<p>Hay dos tipos de materiales de adaptador de boquilla de mezcla Luer lock, material de recubrimiento de cobre y n\u00edquel y material pl\u00e1stico, resistencia a la abrasi\u00f3n y resistencia a la corrosi\u00f3n. La interfaz de la aguja del adaptador adopta una boca de rosca est\u00e1ndar, se puede conectar con todo tipo de boca de rosca convencional, aguja dispensadora de bayoneta; La interfaz de la tuber\u00eda de mezcla adopta un tipo de rosca interna, 4 tipos de rosca de di\u00e1metro interno, se puede conectar con una variedad de estilos de tuber\u00eda de mezcla.<\/p>\n<div style=\"text-align: center;\"><img fetchpriority=\"high\" decoding=\"async\" class=\"size-medium wp-image-4722 aligncenter\" src=\"https:\/\/btektech.com\/wp-content\/uploads\/2021\/12\/mixer-nozzle-adapter-300x300.jpg\" alt=\"\" width=\"300\" height=\"300\" srcset=\"https:\/\/btektech.com\/wp-content\/uploads\/2021\/12\/mixer-nozzle-adapter-300x300.jpg 300w, https:\/\/btektech.com\/wp-content\/uploads\/2021\/12\/mixer-nozzle-adapter-100x100.jpg 100w, https:\/\/btektech.com\/wp-content\/uploads\/2021\/12\/mixer-nozzle-adapter-400x400.jpg 400w, https:\/\/btektech.com\/wp-content\/uploads\/2021\/12\/mixer-nozzle-adapter-150x150.jpg 150w, https:\/\/btektech.com\/wp-content\/uploads\/2021\/12\/mixer-nozzle-adapter.jpg 750w\" sizes=\"(max-width: 300px) 100vw, 300px\" \/><\/div>\n<div style=\"overflow: auto;\">\n<table style=\"text-align: center;\">\n<tbody>\n<tr>\n<th>No.<\/th>\n<th>n\u00famero de parte<\/th>\n<th>ID de interfaz (mm)<\/th>\n<th >Longitud(mm)<\/th>\n<th>Adecuado para di\u00e1metro interior<\/th>\n<th>Color<\/th>\n<th>Material<\/th>\n<\/tr>\n<tr>\n<td>1<\/td>\n<td>JT-11<\/td>\n<td>9<\/td>\n<td >22.5<\/td>\n<td>Mezcla din\u00e1mica M12-16\/ RM12-26\/ RM17-26<\/td>\n<td>PLATA<\/td>\n<td>Lat\u00f3n niquelado<\/td>\n<\/tr>\n<tr>\n<td>2<\/td>\n<td>JT-01<\/td>\n<td>7<\/td>\n<td >22.5<\/td>\n<td>10mm<\/td>\n<td>PLATA<\/td>\n<td>Lat\u00f3n niquelado<\/td>\n<\/tr>\n<tr>\n<td>3<\/td>\n<td>JT-02<\/td>\n<td>6<\/td>\n<td >22.5<\/td>\n<td>6 ~ 8 mm<\/td>\n<td>PLATA<\/td>\n<td>Lat\u00f3n niquelado<\/td>\n<\/tr>\n<tr>\n<td>4<\/td>\n<td>JT-03<\/td>\n<td>5<\/td>\n<td >22.5<\/td>\n<td>5,4 ~ 6,3 mm<\/td>\n<td>PLATA<\/td>\n<td>Lat\u00f3n niquelado<\/td>\n<\/tr>\n<tr>\n<td>5<\/td>\n<td>LA 05-00<\/td>\n<td>5<\/td>\n<td >22.5<\/td>\n<td>5,4 ~ 6,3 mm<\/td>\n<td>BLANCO<\/td>\n<td>El plastico<\/td>\n<\/tr>\n<tr>\n<td>6<\/td>\n<td>LA 06-08<\/td>\n<td>6<\/td>\n<td >22.5<\/td>\n<td>6 ~ 8 mm<\/td>\n<td>GRIS<\/td>\n<td>El plastico<\/td>\n<\/tr>\n<tr>\n<td>7<\/td>\n<td>LA 10-00<\/td>\n<td>7<\/td>\n<td >22.5<\/td>\n<td>10mm<\/td>\n<td>NEGRO<\/td>\n<td>El plastico<\/td>\n<\/tr>\n<\/tbody>\n<\/table>\n<\/div>\n","protected":false},"excerpt":{"rendered":"<p>La funci\u00f3n del adaptador de boquilla de mezcla Luer lock es conectar la aguja y el tubo de mezcla para lograr requisitos de dosificaci\u00f3n precisos. Cuando necesite una cantidad menor de pegamento, puede cambiar la aguja en el tubo mezclador.<\/p>\n","protected":false},"featured_media":4697,"comment_status":"open","ping_status":"closed","template":"","meta":{"_acf_changed":false},"product_brand":[],"product_cat":[144],"product_tag":[],"class_list":{"0":"post-5365","1":"product","2":"type-product","3":"status-publish","4":"has-post-thumbnail","6":"product_cat-otros-suministros-de-dispensacion","8":"first","9":"instock","10":"shipping-taxable","11":"product-type-simple"},"acf":[],"yoast_head":"<!-- This site is optimized with the Yoast SEO plugin v26.0 - https:\/\/yoast.com\/wordpress\/plugins\/seo\/ -->\n<title>Adaptador Luer Lock para boquilla de mezclador est\u00e1tico - Btektech<\/title>\n<meta name=\"description\" content=\"La funci\u00f3n del adaptador de boquilla de mezcla Luer lock es conectar la aguja y el tubo de mezcla para lograr requisitos de dosificaci\u00f3n precisos.\" \/>\n<meta name=\"robots\" content=\"index, follow, max-snippet:-1, max-image-preview:large, max-video-preview:-1\" \/>\n<link rel=\"canonical\" href=\"https:\/\/btektech.com\/es\/product\/adaptador-luer-lock-para-boquilla-de-mezclador-estatico\/\" \/>\n<meta property=\"og:locale\" content=\"es_ES\" \/>\n<meta property=\"og:type\" content=\"article\" \/>\n<meta property=\"og:title\" content=\"Adaptador Luer Lock para boquilla de mezclador est\u00e1tico - Btektech\" \/>\n<meta property=\"og:description\" content=\"La funci\u00f3n del adaptador de boquilla de mezcla Luer lock es conectar la aguja y el tubo de mezcla para lograr requisitos de dosificaci\u00f3n precisos.\" \/>\n<meta property=\"og:url\" content=\"https:\/\/btektech.com\/es\/product\/adaptador-luer-lock-para-boquilla-de-mezclador-estatico\/\" \/>\n<meta property=\"og:site_name\" content=\"Btektech\" \/>\n<meta property=\"article:modified_time\" content=\"2022-07-29T02:55:47+00:00\" \/>\n<meta property=\"og:image\" content=\"https:\/\/btektech.com\/wp-content\/uploads\/2021\/12\/20211223141551.jpg\" \/>\n\t<meta property=\"og:image:width\" content=\"800\" \/>\n\t<meta property=\"og:image:height\" content=\"800\" \/>\n\t<meta property=\"og:image:type\" content=\"image\/jpeg\" \/>\n<meta name=\"twitter:card\" content=\"summary_large_image\" \/>\n<meta name=\"twitter:site\" content=\"@Btektech1\" \/>\n<meta name=\"twitter:label1\" content=\"Tiempo de lectura\" \/>\n\t<meta name=\"twitter:data1\" content=\"1 minuto\" \/>\n<script type=\"application\/ld+json\" class=\"yoast-schema-graph\">{\"@context\":\"https:\/\/schema.org\",\"@graph\":[{\"@type\":[\"WebPage\",\"ItemPage\"],\"@id\":\"https:\/\/btektech.com\/es\/product\/adaptador-luer-lock-para-boquilla-de-mezclador-estatico\/\",\"url\":\"https:\/\/btektech.com\/es\/product\/adaptador-luer-lock-para-boquilla-de-mezclador-estatico\/\",\"name\":\"Adaptador Luer Lock para boquilla de mezclador est\u00e1tico - Btektech\",\"isPartOf\":{\"@id\":\"https:\/\/btektech.com\/#website\"},\"primaryImageOfPage\":{\"@id\":\"https:\/\/btektech.com\/es\/product\/adaptador-luer-lock-para-boquilla-de-mezclador-estatico\/#primaryimage\"},\"image\":{\"@id\":\"https:\/\/btektech.com\/es\/product\/adaptador-luer-lock-para-boquilla-de-mezclador-estatico\/#primaryimage\"},\"thumbnailUrl\":\"https:\/\/btektech.com\/wp-content\/uploads\/2021\/12\/20211223141551.jpg\",\"datePublished\":\"2022-04-25T17:24:26+00:00\",\"dateModified\":\"2022-07-29T02:55:47+00:00\",\"description\":\"La funci\u00f3n del adaptador de boquilla de mezcla Luer lock es conectar la aguja y el tubo de mezcla para lograr requisitos de dosificaci\u00f3n precisos.\",\"breadcrumb\":{\"@id\":\"https:\/\/btektech.com\/es\/product\/adaptador-luer-lock-para-boquilla-de-mezclador-estatico\/#breadcrumb\"},\"inLanguage\":\"es\",\"potentialAction\":[{\"@type\":\"ReadAction\",\"target\":[\"https:\/\/btektech.com\/es\/product\/adaptador-luer-lock-para-boquilla-de-mezclador-estatico\/\"]}]},{\"@type\":\"ImageObject\",\"inLanguage\":\"es\",\"@id\":\"https:\/\/btektech.com\/es\/product\/adaptador-luer-lock-para-boquilla-de-mezclador-estatico\/#primaryimage\",\"url\":\"https:\/\/btektech.com\/wp-content\/uploads\/2021\/12\/20211223141551.jpg\",\"contentUrl\":\"https:\/\/btektech.com\/wp-content\/uploads\/2021\/12\/20211223141551.jpg\",\"width\":800,\"height\":800,\"caption\":\"Adaptador Luer Lock para boquilla de mezclador est\u00e1tico\"},{\"@type\":\"BreadcrumbList\",\"@id\":\"https:\/\/btektech.com\/es\/product\/adaptador-luer-lock-para-boquilla-de-mezclador-estatico\/#breadcrumb\",\"itemListElement\":[{\"@type\":\"ListItem\",\"position\":1,\"name\":\"Home\",\"item\":\"https:\/\/btektech.com\/es\/home-2\/\"},{\"@type\":\"ListItem\",\"position\":2,\"name\":\"\u00dcr\u00fcnler\",\"item\":\"https:\/\/btektech.com\/tr\/shop\/\"},{\"@type\":\"ListItem\",\"position\":3,\"name\":\"Dispensing Adapters\",\"item\":\"https:\/\/btektech.com\/product-category\/dispensing-adapters\/\"},{\"@type\":\"ListItem\",\"position\":4,\"name\":\"Adaptador Luer Lock para boquilla de mezclador est\u00e1tico\"}]},{\"@type\":\"WebSite\",\"@id\":\"https:\/\/btektech.com\/#website\",\"url\":\"https:\/\/btektech.com\/\",\"name\":\"Btektech\",\"description\":\"\",\"publisher\":{\"@id\":\"https:\/\/btektech.com\/#organization\"},\"potentialAction\":[{\"@type\":\"SearchAction\",\"target\":{\"@type\":\"EntryPoint\",\"urlTemplate\":\"https:\/\/btektech.com\/?s={search_term_string}\"},\"query-input\":{\"@type\":\"PropertyValueSpecification\",\"valueRequired\":true,\"valueName\":\"search_term_string\"}}],\"inLanguage\":\"es\"},{\"@type\":\"Organization\",\"@id\":\"https:\/\/btektech.com\/#organization\",\"name\":\"Btektech\",\"url\":\"https:\/\/btektech.com\/\",\"logo\":{\"@type\":\"ImageObject\",\"inLanguage\":\"es\",\"@id\":\"https:\/\/btektech.com\/#\/schema\/logo\/image\/\",\"url\":\"https:\/\/btektech.com\/wp-content\/uploads\/2021\/08\/btektech-logo.png\",\"contentUrl\":\"https:\/\/btektech.com\/wp-content\/uploads\/2021\/08\/btektech-logo.png\",\"width\":250,\"height\":114,\"caption\":\"Btektech\"},\"image\":{\"@id\":\"https:\/\/btektech.com\/#\/schema\/logo\/image\/\"},\"sameAs\":[\"https:\/\/x.com\/Btektech1\",\"https:\/\/www.instagram.com\/btektech\/\",\"https:\/\/www.linkedin.com\/company\/suzhou-baotailong-electronic-materials-co-ltd\/\",\"https:\/\/www.pinterest.com\/btektech\/_saved\/\",\"https:\/\/www.youtube.com\/channel\/UCBiw4Bc4CmQDrdo-QqyVTqQ\"]}]}<\/script>\n<!-- \/ Yoast SEO plugin. -->","yoast_head_json":{"title":"Adaptador Luer Lock para boquilla de mezclador est\u00e1tico - Btektech","description":"La funci\u00f3n del adaptador de boquilla de mezcla Luer lock es conectar la aguja y el tubo de mezcla para lograr requisitos de dosificaci\u00f3n precisos.","robots":{"index":"index","follow":"follow","max-snippet":"max-snippet:-1","max-image-preview":"max-image-preview:large","max-video-preview":"max-video-preview:-1"},"canonical":"https:\/\/btektech.com\/es\/product\/adaptador-luer-lock-para-boquilla-de-mezclador-estatico\/","og_locale":"es_ES","og_type":"article","og_title":"Adaptador Luer Lock para boquilla de mezclador est\u00e1tico - Btektech","og_description":"La funci\u00f3n del adaptador de boquilla de mezcla Luer lock es conectar la aguja y el tubo de mezcla para lograr requisitos de dosificaci\u00f3n precisos.","og_url":"https:\/\/btektech.com\/es\/product\/adaptador-luer-lock-para-boquilla-de-mezclador-estatico\/","og_site_name":"Btektech","article_modified_time":"2022-07-29T02:55:47+00:00","og_image":[{"width":800,"height":800,"url":"https:\/\/btektech.com\/wp-content\/uploads\/2021\/12\/20211223141551.jpg","type":"image\/jpeg"}],"twitter_card":"summary_large_image","twitter_site":"@Btektech1","twitter_misc":{"Tiempo de lectura":"1 minuto"},"schema":{"@context":"https:\/\/schema.org","@graph":[{"@type":["WebPage","ItemPage"],"@id":"https:\/\/btektech.com\/es\/product\/adaptador-luer-lock-para-boquilla-de-mezclador-estatico\/","url":"https:\/\/btektech.com\/es\/product\/adaptador-luer-lock-para-boquilla-de-mezclador-estatico\/","name":"Adaptador Luer Lock para boquilla de mezclador est\u00e1tico - Btektech","isPartOf":{"@id":"https:\/\/btektech.com\/#website"},"primaryImageOfPage":{"@id":"https:\/\/btektech.com\/es\/product\/adaptador-luer-lock-para-boquilla-de-mezclador-estatico\/#primaryimage"},"image":{"@id":"https:\/\/btektech.com\/es\/product\/adaptador-luer-lock-para-boquilla-de-mezclador-estatico\/#primaryimage"},"thumbnailUrl":"https:\/\/btektech.com\/wp-content\/uploads\/2021\/12\/20211223141551.jpg","datePublished":"2022-04-25T17:24:26+00:00","dateModified":"2022-07-29T02:55:47+00:00","description":"La funci\u00f3n del adaptador de boquilla de mezcla Luer lock es conectar la aguja y el tubo de mezcla para lograr requisitos de dosificaci\u00f3n precisos.","breadcrumb":{"@id":"https:\/\/btektech.com\/es\/product\/adaptador-luer-lock-para-boquilla-de-mezclador-estatico\/#breadcrumb"},"inLanguage":"es","potentialAction":[{"@type":"ReadAction","target":["https:\/\/btektech.com\/es\/product\/adaptador-luer-lock-para-boquilla-de-mezclador-estatico\/"]}]},{"@type":"ImageObject","inLanguage":"es","@id":"https:\/\/btektech.com\/es\/product\/adaptador-luer-lock-para-boquilla-de-mezclador-estatico\/#primaryimage","url":"https:\/\/btektech.com\/wp-content\/uploads\/2021\/12\/20211223141551.jpg","contentUrl":"https:\/\/btektech.com\/wp-content\/uploads\/2021\/12\/20211223141551.jpg","width":800,"height":800,"caption":"Adaptador Luer Lock para boquilla de mezclador est\u00e1tico"},{"@type":"BreadcrumbList","@id":"https:\/\/btektech.com\/es\/product\/adaptador-luer-lock-para-boquilla-de-mezclador-estatico\/#breadcrumb","itemListElement":[{"@type":"ListItem","position":1,"name":"Home","item":"https:\/\/btektech.com\/es\/home-2\/"},{"@type":"ListItem","position":2,"name":"\u00dcr\u00fcnler","item":"https:\/\/btektech.com\/tr\/shop\/"},{"@type":"ListItem","position":3,"name":"Dispensing Adapters","item":"https:\/\/btektech.com\/product-category\/dispensing-adapters\/"},{"@type":"ListItem","position":4,"name":"Adaptador Luer Lock para boquilla de mezclador est\u00e1tico"}]},{"@type":"WebSite","@id":"https:\/\/btektech.com\/#website","url":"https:\/\/btektech.com\/","name":"Btektech","description":"","publisher":{"@id":"https:\/\/btektech.com\/#organization"},"potentialAction":[{"@type":"SearchAction","target":{"@type":"EntryPoint","urlTemplate":"https:\/\/btektech.com\/?s={search_term_string}"},"query-input":{"@type":"PropertyValueSpecification","valueRequired":true,"valueName":"search_term_string"}}],"inLanguage":"es"},{"@type":"Organization","@id":"https:\/\/btektech.com\/#organization","name":"Btektech","url":"https:\/\/btektech.com\/","logo":{"@type":"ImageObject","inLanguage":"es","@id":"https:\/\/btektech.com\/#\/schema\/logo\/image\/","url":"https:\/\/btektech.com\/wp-content\/uploads\/2021\/08\/btektech-logo.png","contentUrl":"https:\/\/btektech.com\/wp-content\/uploads\/2021\/08\/btektech-logo.png","width":250,"height":114,"caption":"Btektech"},"image":{"@id":"https:\/\/btektech.com\/#\/schema\/logo\/image\/"},"sameAs":["https:\/\/x.com\/Btektech1","https:\/\/www.instagram.com\/btektech\/","https:\/\/www.linkedin.com\/company\/suzhou-baotailong-electronic-materials-co-ltd\/","https:\/\/www.pinterest.com\/btektech\/_saved\/","https:\/\/www.youtube.com\/channel\/UCBiw4Bc4CmQDrdo-QqyVTqQ"]}]}},"_links":{"self":[{"href":"https:\/\/btektech.com\/es\/wp-json\/wp\/v2\/product\/5365","targetHints":{"allow":["GET"]}}],"collection":[{"href":"https:\/\/btektech.com\/es\/wp-json\/wp\/v2\/product"}],"about":[{"href":"https:\/\/btektech.com\/es\/wp-json\/wp\/v2\/types\/product"}],"replies":[{"embeddable":true,"href":"https:\/\/btektech.com\/es\/wp-json\/wp\/v2\/comments?post=5365"}],"version-history":[{"count":0,"href":"https:\/\/btektech.com\/es\/wp-json\/wp\/v2\/product\/5365\/revisions"}],"wp:featuredmedia":[{"embeddable":true,"href":"https:\/\/btektech.com\/es\/wp-json\/wp\/v2\/media\/4697"}],"wp:attachment":[{"href":"https:\/\/btektech.com\/es\/wp-json\/wp\/v2\/media?parent=5365"}],"wp:term":[{"taxonomy":"product_brand","embeddable":true,"href":"https:\/\/btektech.com\/es\/wp-json\/wp\/v2\/product_brand?post=5365"},{"taxonomy":"product_cat","embeddable":true,"href":"https:\/\/btektech.com\/es\/wp-json\/wp\/v2\/product_cat?post=5365"},{"taxonomy":"product_tag","embeddable":true,"href":"https:\/\/btektech.com\/es\/wp-json\/wp\/v2\/product_tag?post=5365"}],"curies":[{"name":"wp","href":"https:\/\/api.w.org\/{rel}","templated":true}]}}