{"id":4607,"date":"2021-12-08T12:09:26","date_gmt":"2021-12-08T12:09:26","guid":{"rendered":"https:\/\/btektech.com\/sitemap\/"},"modified":"2022-04-11T04:11:32","modified_gmt":"2022-04-11T04:11:32","slug":"sitemap","status":"publish","type":"page","link":"https:\/\/btektech.com\/es\/sitemap\/","title":{"rendered":"Sitemap"},"content":{"rendered":"\t\t<div data-elementor-type=\"wp-page\" data-elementor-id=\"4607\" class=\"elementor elementor-4607 elementor-4423\" data-elementor-post-type=\"page\">\n\t\t\t\t\t\t<section class=\"elementor-section elementor-top-section elementor-element elementor-element-f072e6f elementor-section-boxed elementor-section-height-default elementor-section-height-default\" data-id=\"f072e6f\" data-element_type=\"section\" data-e-type=\"section\" data-settings=\"{&quot;background_background&quot;:&quot;classic&quot;}\">\n\t\t\t\t\t\t<div class=\"elementor-container elementor-column-gap-default\">\n\t\t\t\t\t<div class=\"elementor-column elementor-col-100 elementor-top-column elementor-element elementor-element-6230331\" data-id=\"6230331\" data-element_type=\"column\" data-e-type=\"column\">\n\t\t\t<div class=\"elementor-widget-wrap elementor-element-populated\">\n\t\t\t\t\t\t<div class=\"elementor-element elementor-element-921e0a0 elementor-widget elementor-widget-heading\" data-id=\"921e0a0\" data-element_type=\"widget\" data-e-type=\"widget\" data-widget_type=\"heading.default\">\n\t\t\t\t<div class=\"elementor-widget-container\">\n\t\t\t\t\t<h1 class=\"elementor-heading-title elementor-size-default\">Sitemap<\/h1>\t\t\t\t<\/div>\n\t\t\t\t<\/div>\n\t\t\t\t\t<\/div>\n\t\t<\/div>\n\t\t\t\t\t<\/div>\n\t\t<\/section>\n\t\t\t\t<section class=\"elementor-section elementor-top-section elementor-element elementor-element-9fa37bf elementor-section-boxed elementor-section-height-default elementor-section-height-default\" data-id=\"9fa37bf\" data-element_type=\"section\" data-e-type=\"section\">\n\t\t\t\t\t\t<div class=\"elementor-container elementor-column-gap-default\">\n\t\t\t\t\t<div class=\"elementor-column elementor-col-100 elementor-top-column elementor-element elementor-element-cb48b89\" data-id=\"cb48b89\" data-element_type=\"column\" data-e-type=\"column\">\n\t\t\t<div class=\"elementor-widget-wrap elementor-element-populated\">\n\t\t\t\t\t\t<div class=\"elementor-element elementor-element-4620d65 elementor-widget elementor-widget-spacer\" data-id=\"4620d65\" data-element_type=\"widget\" data-e-type=\"widget\" data-widget_type=\"spacer.default\">\n\t\t\t\t<div class=\"elementor-widget-container\">\n\t\t\t\t\t\t\t<div class=\"elementor-spacer\">\n\t\t\t<div class=\"elementor-spacer-inner\"><\/div>\n\t\t<\/div>\n\t\t\t\t\t\t<\/div>\n\t\t\t\t<\/div>\n\t\t\t\t<div class=\"elementor-element elementor-element-fa52295 elementor-widget elementor-widget-text-editor\" data-id=\"fa52295\" data-element_type=\"widget\" data-e-type=\"widget\" data-widget_type=\"text-editor.default\">\n\t\t\t\t<div class=\"elementor-widget-container\">\n\t\t\t\t\t\t\t\t\t<ul data-smartmenus-id=\"16389651414236326\">\n<li><a href=\"https:\/\/btektech.com\/es\/\">Home<\/a><\/li>\n<li><a href=\"https:\/\/btektech.com\/es\/products\/\">Products<\/a>\n<ul style=\"width: auto; min-width: 10em; display: none; max-width: 1000px; top: auto; left: 0px; margin-left: 0px; margin-top: 0px;\">\n<li><a href=\"https:\/\/btektech.com\/es\/product-category\/dispensing-tips-es-2\/\">Dispensing Tips<\/a><\/li>\n<li><a href=\"https:\/\/btektech.com\/es\/product-category\/mixing-nozzles-es\/\">Mixing Nozzles<\/a>\n<ul>\n<li><a href=\"https:\/\/btektech.com\/es\/product-category\/mixing-nozzles-es\/dynamic-mixing-nozzles-es\/\">Dynamic Mixing Nozzles<\/a><\/li>\n<li><a href=\"https:\/\/btektech.com\/es\/product-category\/mixing-nozzles-es\/static-mixing-nozzles-es\/\">Static Mixing Nozzles<\/a><\/li>\n<\/ul>\n<\/li>\n<li><a href=\"https:\/\/btektech.com\/es\/product-category\/syringe-barrels-and-cartridges-es\/\">Syringe Barrels and Cartridges<\/a><\/li>\n<li><a href=\"https:\/\/btektech.com\/es\/product-category\/hose-clamps-es\/\">Hose Clamps<\/a><\/li>\n<li><a href=\"https:\/\/btektech.com\/es\/product-category\/dispensing-valves-es\/\">Dispensing Valves<\/a><\/li>\n<li><a href=\"https:\/\/btektech.com\/es\/product-category\/glue-guns-es\/\">Glue Guns<\/a><\/li>\n<li><a href=\"https:\/\/btektech.com\/es\/product-category\/other-dispensing-supplies-es\/\">Other Dispensing Supplies<\/a><\/li>\n<\/ul>\n<\/li>\n<li><a href=\"https:\/\/btektech.com\/es\/about-us\/\">About Us<\/a><\/li>\n<li><a href=\"https:\/\/btektech.com\/es\/downloads\/\">Downloads<\/a><\/li>\n<li><a href=\"https:\/\/btektech.com\/es\/videos\/\">Videos<\/a><\/li>\n<li><a href=\"https:\/\/btektech.com\/es\/blogs\/\">Blogs<\/a><\/li>\n<li><a href=\"https:\/\/btektech.com\/es\/contact\/\">Contact Us<\/a>\n<ul>\n<li><a title=\"English\" href=\"https:\/\/btektech.com\/es\/\"><img decoding=\"async\" src=\"https:\/\/btektech.com\/wp-content\/plugins\/sitepress-multilingual-cms\/res\/flags\/en.png\" alt=\"\" \/><span lang=\"en\">English<\/span><\/a><\/li>\n<li><a title=\"Deutsch\" href=\"https:\/\/btektech.com\/de\/\"><img decoding=\"async\" src=\"https:\/\/btektech.com\/wp-content\/plugins\/sitepress-multilingual-cms\/res\/flags\/de.png\" alt=\"\" \/><span lang=\"de\">Deutsch<\/span><\/a><\/li>\n<li><a title=\"Portugu\u00eas\" href=\"https:\/\/btektech.com\/pt-pt\/\"><img decoding=\"async\" src=\"https:\/\/btektech.com\/wp-content\/plugins\/sitepress-multilingual-cms\/res\/flags\/pt-pt.png\" alt=\"\" \/><span lang=\"pt-pt\">Portugu\u00eas<\/span><\/a><\/li>\n<li><a title=\"Espa\u00f1ol\" href=\"https:\/\/btektech.com\/es\/\"><img decoding=\"async\" src=\"https:\/\/btektech.com\/wp-content\/plugins\/sitepress-multilingual-cms\/res\/flags\/es.png\" alt=\"\" \/><span lang=\"es\">Espa\u00f1ol<\/span><\/a><\/li>\n<li><a title=\"T\u00fcrk\u00e7e\" href=\"https:\/\/btektech.com\/tr\/\"><img decoding=\"async\" src=\"https:\/\/btektech.com\/wp-content\/plugins\/sitepress-multilingual-cms\/res\/flags\/tr.png\" alt=\"\" \/><span lang=\"tr\">T\u00fcrk\u00e7e<\/span><\/a><\/li>\n<\/ul>\n<\/li>\n<\/ul>\n<p>\u00a0<\/p>\n<p>\u00a0<\/p>\n\t\t\t\t\t\t\t\t<\/div>\n\t\t\t\t<\/div>\n\t\t\t\t\t<\/div>\n\t\t<\/div>\n\t\t\t\t\t<\/div>\n\t\t<\/section>\n\t\t\t\t<\/div>\n\t\t","protected":false},"excerpt":{"rendered":"<p>Sitemap Home Products Dispensing Tips Mixing Nozzles Dynamic Mixing Nozzles Static Mixing Nozzles Syringe Barrels and Cartridges Hose Clamps Dispensing Valves Glue Guns Other Dispensing Supplies About Us Downloads Videos Blogs Contact Us English Deutsch Portugu\u00eas Espa\u00f1ol T\u00fcrk\u00e7e \u00a0 \u00a0<\/p>\n","protected":false},"author":1,"featured_media":0,"parent":0,"menu_order":0,"comment_status":"closed","ping_status":"closed","template":"elementor_header_footer","meta":{"_acf_changed":false,"footnotes":""},"class_list":["post-4607","page","type-page","status-publish","hentry"],"acf":[],"yoast_head":"<!-- This site is optimized with the Yoast SEO plugin v26.0 - https:\/\/yoast.com\/wordpress\/plugins\/seo\/ -->\n<title>ES Sitemap | Btektech<\/title>\n<meta name=\"robots\" content=\"index, follow, max-snippet:-1, max-image-preview:large, max-video-preview:-1\" \/>\n<link rel=\"canonical\" href=\"https:\/\/btektech.com\/es\/sitemap\/\" \/>\n<meta property=\"og:locale\" content=\"es_ES\" \/>\n<meta property=\"og:type\" content=\"article\" \/>\n<meta property=\"og:title\" content=\"ES Sitemap | Btektech\" \/>\n<meta property=\"og:description\" content=\"Sitemap Home Products Dispensing Tips Mixing Nozzles Dynamic Mixing Nozzles Static Mixing Nozzles Syringe Barrels and Cartridges Hose Clamps Dispensing Valves Glue Guns Other Dispensing Supplies About Us Downloads Videos Blogs Contact Us English Deutsch Portugu\u00eas Espa\u00f1ol T\u00fcrk\u00e7e \u00a0 \u00a0\" \/>\n<meta property=\"og:url\" content=\"https:\/\/btektech.com\/es\/sitemap\/\" \/>\n<meta property=\"og:site_name\" content=\"Btektech\" \/>\n<meta property=\"article:modified_time\" content=\"2022-04-11T04:11:32+00:00\" \/>\n<meta property=\"og:image\" content=\"https:\/\/btektech.com\/wp-content\/plugins\/sitepress-multilingual-cms\/res\/flags\/en.png\" \/>\n<meta name=\"twitter:card\" content=\"summary_large_image\" \/>\n<meta name=\"twitter:site\" content=\"@Btektech1\" \/>\n<meta name=\"twitter:label1\" content=\"Tiempo de lectura\" \/>\n\t<meta name=\"twitter:data1\" content=\"2 minutos\" \/>\n<script type=\"application\/ld+json\" class=\"yoast-schema-graph\">{\"@context\":\"https:\/\/schema.org\",\"@graph\":[{\"@type\":\"WebPage\",\"@id\":\"https:\/\/btektech.com\/es\/sitemap\/\",\"url\":\"https:\/\/btektech.com\/es\/sitemap\/\",\"name\":\"ES Sitemap | Btektech\",\"isPartOf\":{\"@id\":\"https:\/\/btektech.com\/#website\"},\"primaryImageOfPage\":{\"@id\":\"https:\/\/btektech.com\/es\/sitemap\/#primaryimage\"},\"image\":{\"@id\":\"https:\/\/btektech.com\/es\/sitemap\/#primaryimage\"},\"thumbnailUrl\":\"https:\/\/btektech.com\/wp-content\/plugins\/sitepress-multilingual-cms\/res\/flags\/en.png\",\"datePublished\":\"2021-12-08T12:09:26+00:00\",\"dateModified\":\"2022-04-11T04:11:32+00:00\",\"breadcrumb\":{\"@id\":\"https:\/\/btektech.com\/es\/sitemap\/#breadcrumb\"},\"inLanguage\":\"es\",\"potentialAction\":[{\"@type\":\"ReadAction\",\"target\":[\"https:\/\/btektech.com\/es\/sitemap\/\"]}]},{\"@type\":\"ImageObject\",\"inLanguage\":\"es\",\"@id\":\"https:\/\/btektech.com\/es\/sitemap\/#primaryimage\",\"url\":\"https:\/\/btektech.com\/wp-content\/plugins\/sitepress-multilingual-cms\/res\/flags\/en.png\",\"contentUrl\":\"https:\/\/btektech.com\/wp-content\/plugins\/sitepress-multilingual-cms\/res\/flags\/en.png\"},{\"@type\":\"BreadcrumbList\",\"@id\":\"https:\/\/btektech.com\/es\/sitemap\/#breadcrumb\",\"itemListElement\":[{\"@type\":\"ListItem\",\"position\":1,\"name\":\"Home\",\"item\":\"https:\/\/btektech.com\/es\/\"},{\"@type\":\"ListItem\",\"position\":2,\"name\":\"Sitemap\"}]},{\"@type\":\"WebSite\",\"@id\":\"https:\/\/btektech.com\/#website\",\"url\":\"https:\/\/btektech.com\/\",\"name\":\"Btektech\",\"description\":\"\",\"publisher\":{\"@id\":\"https:\/\/btektech.com\/#organization\"},\"potentialAction\":[{\"@type\":\"SearchAction\",\"target\":{\"@type\":\"EntryPoint\",\"urlTemplate\":\"https:\/\/btektech.com\/?s={search_term_string}\"},\"query-input\":{\"@type\":\"PropertyValueSpecification\",\"valueRequired\":true,\"valueName\":\"search_term_string\"}}],\"inLanguage\":\"es\"},{\"@type\":\"Organization\",\"@id\":\"https:\/\/btektech.com\/#organization\",\"name\":\"Btektech\",\"url\":\"https:\/\/btektech.com\/\",\"logo\":{\"@type\":\"ImageObject\",\"inLanguage\":\"es\",\"@id\":\"https:\/\/btektech.com\/#\/schema\/logo\/image\/\",\"url\":\"https:\/\/btektech.com\/wp-content\/uploads\/2021\/08\/btektech-logo.png\",\"contentUrl\":\"https:\/\/btektech.com\/wp-content\/uploads\/2021\/08\/btektech-logo.png\",\"width\":250,\"height\":114,\"caption\":\"Btektech\"},\"image\":{\"@id\":\"https:\/\/btektech.com\/#\/schema\/logo\/image\/\"},\"sameAs\":[\"https:\/\/x.com\/Btektech1\",\"https:\/\/www.instagram.com\/btektech\/\",\"https:\/\/www.linkedin.com\/company\/suzhou-baotailong-electronic-materials-co-ltd\/\",\"https:\/\/www.pinterest.com\/btektech\/_saved\/\",\"https:\/\/www.youtube.com\/channel\/UCBiw4Bc4CmQDrdo-QqyVTqQ\"]}]}<\/script>\n<!-- \/ Yoast SEO plugin. -->","yoast_head_json":{"title":"ES Sitemap | Btektech","robots":{"index":"index","follow":"follow","max-snippet":"max-snippet:-1","max-image-preview":"max-image-preview:large","max-video-preview":"max-video-preview:-1"},"canonical":"https:\/\/btektech.com\/es\/sitemap\/","og_locale":"es_ES","og_type":"article","og_title":"ES Sitemap | Btektech","og_description":"Sitemap Home Products Dispensing Tips Mixing Nozzles Dynamic Mixing Nozzles Static Mixing Nozzles Syringe Barrels and Cartridges Hose Clamps Dispensing Valves Glue Guns Other Dispensing Supplies About Us Downloads Videos Blogs Contact Us English Deutsch Portugu\u00eas Espa\u00f1ol T\u00fcrk\u00e7e \u00a0 \u00a0","og_url":"https:\/\/btektech.com\/es\/sitemap\/","og_site_name":"Btektech","article_modified_time":"2022-04-11T04:11:32+00:00","og_image":[{"url":"https:\/\/btektech.com\/wp-content\/plugins\/sitepress-multilingual-cms\/res\/flags\/en.png","type":"","width":"","height":""}],"twitter_card":"summary_large_image","twitter_site":"@Btektech1","twitter_misc":{"Tiempo de lectura":"2 minutos"},"schema":{"@context":"https:\/\/schema.org","@graph":[{"@type":"WebPage","@id":"https:\/\/btektech.com\/es\/sitemap\/","url":"https:\/\/btektech.com\/es\/sitemap\/","name":"ES Sitemap | Btektech","isPartOf":{"@id":"https:\/\/btektech.com\/#website"},"primaryImageOfPage":{"@id":"https:\/\/btektech.com\/es\/sitemap\/#primaryimage"},"image":{"@id":"https:\/\/btektech.com\/es\/sitemap\/#primaryimage"},"thumbnailUrl":"https:\/\/btektech.com\/wp-content\/plugins\/sitepress-multilingual-cms\/res\/flags\/en.png","datePublished":"2021-12-08T12:09:26+00:00","dateModified":"2022-04-11T04:11:32+00:00","breadcrumb":{"@id":"https:\/\/btektech.com\/es\/sitemap\/#breadcrumb"},"inLanguage":"es","potentialAction":[{"@type":"ReadAction","target":["https:\/\/btektech.com\/es\/sitemap\/"]}]},{"@type":"ImageObject","inLanguage":"es","@id":"https:\/\/btektech.com\/es\/sitemap\/#primaryimage","url":"https:\/\/btektech.com\/wp-content\/plugins\/sitepress-multilingual-cms\/res\/flags\/en.png","contentUrl":"https:\/\/btektech.com\/wp-content\/plugins\/sitepress-multilingual-cms\/res\/flags\/en.png"},{"@type":"BreadcrumbList","@id":"https:\/\/btektech.com\/es\/sitemap\/#breadcrumb","itemListElement":[{"@type":"ListItem","position":1,"name":"Home","item":"https:\/\/btektech.com\/es\/"},{"@type":"ListItem","position":2,"name":"Sitemap"}]},{"@type":"WebSite","@id":"https:\/\/btektech.com\/#website","url":"https:\/\/btektech.com\/","name":"Btektech","description":"","publisher":{"@id":"https:\/\/btektech.com\/#organization"},"potentialAction":[{"@type":"SearchAction","target":{"@type":"EntryPoint","urlTemplate":"https:\/\/btektech.com\/?s={search_term_string}"},"query-input":{"@type":"PropertyValueSpecification","valueRequired":true,"valueName":"search_term_string"}}],"inLanguage":"es"},{"@type":"Organization","@id":"https:\/\/btektech.com\/#organization","name":"Btektech","url":"https:\/\/btektech.com\/","logo":{"@type":"ImageObject","inLanguage":"es","@id":"https:\/\/btektech.com\/#\/schema\/logo\/image\/","url":"https:\/\/btektech.com\/wp-content\/uploads\/2021\/08\/btektech-logo.png","contentUrl":"https:\/\/btektech.com\/wp-content\/uploads\/2021\/08\/btektech-logo.png","width":250,"height":114,"caption":"Btektech"},"image":{"@id":"https:\/\/btektech.com\/#\/schema\/logo\/image\/"},"sameAs":["https:\/\/x.com\/Btektech1","https:\/\/www.instagram.com\/btektech\/","https:\/\/www.linkedin.com\/company\/suzhou-baotailong-electronic-materials-co-ltd\/","https:\/\/www.pinterest.com\/btektech\/_saved\/","https:\/\/www.youtube.com\/channel\/UCBiw4Bc4CmQDrdo-QqyVTqQ"]}]}},"_links":{"self":[{"href":"https:\/\/btektech.com\/es\/wp-json\/wp\/v2\/pages\/4607","targetHints":{"allow":["GET"]}}],"collection":[{"href":"https:\/\/btektech.com\/es\/wp-json\/wp\/v2\/pages"}],"about":[{"href":"https:\/\/btektech.com\/es\/wp-json\/wp\/v2\/types\/page"}],"author":[{"embeddable":true,"href":"https:\/\/btektech.com\/es\/wp-json\/wp\/v2\/users\/1"}],"replies":[{"embeddable":true,"href":"https:\/\/btektech.com\/es\/wp-json\/wp\/v2\/comments?post=4607"}],"version-history":[{"count":0,"href":"https:\/\/btektech.com\/es\/wp-json\/wp\/v2\/pages\/4607\/revisions"}],"wp:attachment":[{"href":"https:\/\/btektech.com\/es\/wp-json\/wp\/v2\/media?parent=4607"}],"curies":[{"name":"wp","href":"https:\/\/api.w.org\/{rel}","templated":true}]}}