{"id":3400,"date":"2021-08-23T15:44:17","date_gmt":"2021-08-23T15:44:17","guid":{"rendered":"https:\/\/btektech.com\/about-us\/"},"modified":"2022-08-30T03:57:57","modified_gmt":"2022-08-30T03:57:57","slug":"sobre-nosotros","status":"publish","type":"page","link":"https:\/\/btektech.com\/es\/sobre-nosotros\/","title":{"rendered":"Sobre nosotros"},"content":{"rendered":"\t\t<div data-elementor-type=\"wp-page\" data-elementor-id=\"3400\" class=\"elementor elementor-3400 elementor-19\" data-elementor-post-type=\"page\">\n\t\t\t\t\t\t<section class=\"elementor-section elementor-top-section elementor-element elementor-element-04de7bb elementor-section-boxed elementor-section-height-default elementor-section-height-default\" data-id=\"04de7bb\" data-element_type=\"section\" data-e-type=\"section\" data-settings=\"{&quot;background_background&quot;:&quot;classic&quot;}\">\n\t\t\t\t\t\t<div class=\"elementor-container elementor-column-gap-default\">\n\t\t\t\t\t<div class=\"elementor-column elementor-col-100 elementor-top-column elementor-element elementor-element-2601ba2\" data-id=\"2601ba2\" data-element_type=\"column\" data-e-type=\"column\">\n\t\t\t<div class=\"elementor-widget-wrap elementor-element-populated\">\n\t\t\t\t\t\t<div class=\"elementor-element elementor-element-3762a82 elementor-widget elementor-widget-heading\" data-id=\"3762a82\" data-element_type=\"widget\" data-e-type=\"widget\" data-widget_type=\"heading.default\">\n\t\t\t\t<div class=\"elementor-widget-container\">\n\t\t\t\t\t<h1 class=\"elementor-heading-title elementor-size-default\">Sobre nosotros<\/h1>\t\t\t\t<\/div>\n\t\t\t\t<\/div>\n\t\t\t\t\t<\/div>\n\t\t<\/div>\n\t\t\t\t\t<\/div>\n\t\t<\/section>\n\t\t\t\t<section class=\"elementor-section elementor-top-section elementor-element elementor-element-5e4bd40e elementor-section-boxed elementor-section-height-default elementor-section-height-default\" data-id=\"5e4bd40e\" data-element_type=\"section\" data-e-type=\"section\">\n\t\t\t\t\t\t<div class=\"elementor-container elementor-column-gap-default\">\n\t\t\t\t\t<div class=\"elementor-column elementor-col-50 elementor-top-column elementor-element elementor-element-6840211c\" data-id=\"6840211c\" data-element_type=\"column\" data-e-type=\"column\">\n\t\t\t<div class=\"elementor-widget-wrap elementor-element-populated\">\n\t\t\t\t\t\t<div class=\"elementor-element elementor-element-7cea750c elementor-widget elementor-widget-image\" data-id=\"7cea750c\" data-element_type=\"widget\" data-e-type=\"widget\" data-widget_type=\"image.default\">\n\t\t\t\t<div class=\"elementor-widget-container\">\n\t\t\t\t\t\t\t\t\t\t\t\t\t\t\t<img fetchpriority=\"high\" decoding=\"async\" width=\"800\" height=\"552\" src=\"https:\/\/btektech.com\/wp-content\/uploads\/2021\/08\/about.jpg\" class=\"attachment-large size-large wp-image-1684\" alt=\"Btektech empresa\" srcset=\"https:\/\/btektech.com\/wp-content\/uploads\/2021\/08\/about.jpg 800w, https:\/\/btektech.com\/wp-content\/uploads\/2021\/08\/about-400x276.jpg 400w, https:\/\/btektech.com\/wp-content\/uploads\/2021\/08\/about-300x207.jpg 300w, https:\/\/btektech.com\/wp-content\/uploads\/2021\/08\/about-768x530.jpg 768w\" sizes=\"(max-width: 800px) 100vw, 800px\" \/>\t\t\t\t\t\t\t\t\t\t\t\t\t\t\t<\/div>\n\t\t\t\t<\/div>\n\t\t\t\t\t<\/div>\n\t\t<\/div>\n\t\t\t\t<div class=\"elementor-column elementor-col-50 elementor-top-column elementor-element elementor-element-74de206e\" data-id=\"74de206e\" data-element_type=\"column\" data-e-type=\"column\">\n\t\t\t<div class=\"elementor-widget-wrap elementor-element-populated\">\n\t\t\t\t\t\t<div class=\"elementor-element elementor-element-6ce75d03 elementor-widget elementor-widget-heading\" data-id=\"6ce75d03\" data-element_type=\"widget\" data-e-type=\"widget\" data-widget_type=\"heading.default\">\n\t\t\t\t<div class=\"elementor-widget-container\">\n\t\t\t\t\t<h2 class=\"elementor-heading-title elementor-size-default\">Suzhou Baotailong Electronic Materials Co., Ltd.<\/h2>\t\t\t\t<\/div>\n\t\t\t\t<\/div>\n\t\t\t\t<div class=\"elementor-element elementor-element-d47b4d5 elementor-widget elementor-widget-text-editor\" data-id=\"d47b4d5\" data-element_type=\"widget\" data-e-type=\"widget\" data-widget_type=\"text-editor.default\">\n\t\t\t\t<div class=\"elementor-widget-container\">\n\t\t\t\t\t\t\t\t\t<div class=\"wpb_column vc_column_container vc_col-sm-12\"><div class=\"vc_column-inner\"><div class=\"wpb_wrapper\"><div id=\"kapee-header-55706\" class=\"kapee-element kapee-heading text-center kapee-width-100 separator-none separator-between-heading\"><div class=\"heading-tagline\"><div class=\"vc_row wpb_row vc_row-fluid vc_custom_1570795336369\"><div class=\"wpb_column vc_column_container vc_col-sm-6\"><div class=\"vc_column-inner\"><div class=\"wpb_wrapper\"><div class=\"wpb_text_column wpb_content_element \"><div class=\"wpb_wrapper\"><p>Somos una empresa de alta tecnolog\u00eda que se especializa en sistemas de dosificaci\u00f3n de pegamento de dos componentes, productos de dosificaci\u00f3n y consumibles de alta gama.<br>\u00a1Somos fabricantes de sistemas de dosificaci\u00f3n! \u00a1NO somos revendedores!<br>As\u00ed podemos ofrecerte la mejor calidad al mejor precio. Como fabricante, tambi\u00e9n tenemos la opci\u00f3n de fabricar productos de dosificaci\u00f3n y consumibles personalizados de acuerdo con SUS requisitos y especificaciones. Btektech ha estado fabricando sistemas dosificadores de adhesivo, agujas dosificadoras, tubos mezcladores y jeringas de pegamento durante m\u00e1s de 10 a\u00f1os y, durante este per\u00edodo, hemos cooperado con un mayor n\u00famero de socios, incluidas empresas locales e internacionales. Estaremos encantados de escuchar sus necesidades y hacer todo lo posible para satisfacerlas. Puede ponerse en contacto con nosotros por correo electr\u00f3nico, tel\u00e9fono, skype, etc. Esperamos con inter\u00e9s escuchar de usted.<\/p><\/div><\/div><\/div><\/div><\/div><\/div><div class=\"vc_row wpb_row vc_row-fluid vc_custom_1622883150146 vc_row-has-fill vc_column-gap-15\"><div class=\"wpb_column vc_column_container vc_col-sm-12\"><div class=\"vc_column-inner\"><div class=\"wpb_wrapper\"><div id=\"kapee-header-91468\" class=\"kapee-element kapee-heading text-center kapee-width-100 separator-none separator-between-heading\"><div class=\"heading-wrap\"> <\/div><\/div><\/div><\/div><\/div><\/div><\/div><\/div><\/div><\/div><\/div><div class=\"wpb_column vc_column_container vc_col-sm-4 vc_col-has-fill\"><div class=\"vc_column-inner vc_custom_1622883289728\"><div class=\"wpb_wrapper\"><div id=\"kapee-info-box-64995\" class=\"kapee-element kapee-info-box icon-effect-none icon-simple icon-top color-scheme-inherit hover-color-scheme-inherit text-center vc_custom_1622887163127\"><div class=\"info-box-wrap\"><div class=\"box-icon-wrap\"> <\/div><\/div><\/div><\/div><\/div><\/div>\t\t\t\t\t\t\t\t<\/div>\n\t\t\t\t<\/div>\n\t\t\t\t\t<\/div>\n\t\t<\/div>\n\t\t\t\t\t<\/div>\n\t\t<\/section>\n\t\t\t\t<section class=\"elementor-section elementor-top-section elementor-element elementor-element-8149f30 elementor-section-boxed elementor-section-height-default elementor-section-height-default\" data-id=\"8149f30\" data-element_type=\"section\" data-e-type=\"section\">\n\t\t\t\t\t\t<div class=\"elementor-container elementor-column-gap-default\">\n\t\t\t\t\t<div class=\"elementor-column elementor-col-100 elementor-top-column elementor-element elementor-element-cac3f00\" data-id=\"cac3f00\" data-element_type=\"column\" data-e-type=\"column\">\n\t\t\t<div class=\"elementor-widget-wrap\">\n\t\t\t\t\t\t\t<\/div>\n\t\t<\/div>\n\t\t\t\t\t<\/div>\n\t\t<\/section>\n\t\t\t\t<\/div>\n\t\t","protected":false},"excerpt":{"rendered":"<p>Sobre nosotros Suzhou Baotailong Electronic Materials Co., Ltd. Somos una empresa de alta tecnolog\u00eda que se especializa en sistemas de dosificaci\u00f3n de pegamento de dos componentes, productos de dosificaci\u00f3n y consumibles de alta gama.\u00a1Somos fabricantes de sistemas de dosificaci\u00f3n! \u00a1NO somos revendedores!As\u00ed podemos ofrecerte la mejor calidad al mejor precio. Como fabricante, tambi\u00e9n tenemos la [&hellip;]<\/p>\n","protected":false},"author":1,"featured_media":0,"parent":0,"menu_order":0,"comment_status":"closed","ping_status":"closed","template":"elementor_header_footer","meta":{"_acf_changed":false,"footnotes":""},"class_list":["post-3400","page","type-page","status-publish","hentry"],"acf":[],"yoast_head":"<!-- This site is optimized with the Yoast SEO plugin v26.0 - https:\/\/yoast.com\/wordpress\/plugins\/seo\/ -->\n<title>Acerca de Souzhou Btektech<\/title>\n<meta name=\"description\" content=\"Btektech es una empresa de alta tecnolog\u00eda que se especializa en sistemas de dosificaci\u00f3n de pegamento de dos componentes, productos de dosificaci\u00f3n y consumibles de alta gama.\" \/>\n<meta name=\"robots\" content=\"index, follow, max-snippet:-1, max-image-preview:large, max-video-preview:-1\" \/>\n<link rel=\"canonical\" href=\"https:\/\/btektech.com\/es\/sobre-nosotros\/\" \/>\n<meta property=\"og:locale\" content=\"es_ES\" \/>\n<meta property=\"og:type\" content=\"article\" \/>\n<meta property=\"og:title\" content=\"Acerca de Souzhou Btektech\" \/>\n<meta property=\"og:description\" content=\"Btektech es una empresa de alta tecnolog\u00eda que se especializa en sistemas de dosificaci\u00f3n de pegamento de dos componentes, productos de dosificaci\u00f3n y consumibles de alta gama.\" \/>\n<meta property=\"og:url\" content=\"https:\/\/btektech.com\/es\/sobre-nosotros\/\" \/>\n<meta property=\"og:site_name\" content=\"Btektech\" \/>\n<meta property=\"article:modified_time\" content=\"2022-08-30T03:57:57+00:00\" \/>\n<meta property=\"og:image\" content=\"https:\/\/btektech.com\/wp-content\/uploads\/2021\/08\/about.jpg\" \/>\n<meta name=\"twitter:card\" content=\"summary_large_image\" \/>\n<meta name=\"twitter:site\" content=\"@Btektech1\" \/>\n<meta name=\"twitter:label1\" content=\"Tiempo de lectura\" \/>\n\t<meta name=\"twitter:data1\" content=\"1 minuto\" \/>\n<script type=\"application\/ld+json\" class=\"yoast-schema-graph\">{\"@context\":\"https:\/\/schema.org\",\"@graph\":[{\"@type\":\"WebPage\",\"@id\":\"https:\/\/btektech.com\/es\/sobre-nosotros\/\",\"url\":\"https:\/\/btektech.com\/es\/sobre-nosotros\/\",\"name\":\"Acerca de Souzhou Btektech\",\"isPartOf\":{\"@id\":\"https:\/\/btektech.com\/#website\"},\"primaryImageOfPage\":{\"@id\":\"https:\/\/btektech.com\/es\/sobre-nosotros\/#primaryimage\"},\"image\":{\"@id\":\"https:\/\/btektech.com\/es\/sobre-nosotros\/#primaryimage\"},\"thumbnailUrl\":\"https:\/\/btektech.com\/wp-content\/uploads\/2021\/08\/about.jpg\",\"datePublished\":\"2021-08-23T15:44:17+00:00\",\"dateModified\":\"2022-08-30T03:57:57+00:00\",\"description\":\"Btektech es una empresa de alta tecnolog\u00eda que se especializa en sistemas de dosificaci\u00f3n de pegamento de dos componentes, productos de dosificaci\u00f3n y consumibles de alta gama.\",\"breadcrumb\":{\"@id\":\"https:\/\/btektech.com\/es\/sobre-nosotros\/#breadcrumb\"},\"inLanguage\":\"es\",\"potentialAction\":[{\"@type\":\"ReadAction\",\"target\":[\"https:\/\/btektech.com\/es\/sobre-nosotros\/\"]}]},{\"@type\":\"ImageObject\",\"inLanguage\":\"es\",\"@id\":\"https:\/\/btektech.com\/es\/sobre-nosotros\/#primaryimage\",\"url\":\"https:\/\/btektech.com\/wp-content\/uploads\/2021\/08\/about.jpg\",\"contentUrl\":\"https:\/\/btektech.com\/wp-content\/uploads\/2021\/08\/about.jpg\"},{\"@type\":\"BreadcrumbList\",\"@id\":\"https:\/\/btektech.com\/es\/sobre-nosotros\/#breadcrumb\",\"itemListElement\":[{\"@type\":\"ListItem\",\"position\":1,\"name\":\"Home\",\"item\":\"https:\/\/btektech.com\/es\/\"},{\"@type\":\"ListItem\",\"position\":2,\"name\":\"Sobre nosotros\"}]},{\"@type\":\"WebSite\",\"@id\":\"https:\/\/btektech.com\/#website\",\"url\":\"https:\/\/btektech.com\/\",\"name\":\"Btektech\",\"description\":\"\",\"publisher\":{\"@id\":\"https:\/\/btektech.com\/#organization\"},\"potentialAction\":[{\"@type\":\"SearchAction\",\"target\":{\"@type\":\"EntryPoint\",\"urlTemplate\":\"https:\/\/btektech.com\/?s={search_term_string}\"},\"query-input\":{\"@type\":\"PropertyValueSpecification\",\"valueRequired\":true,\"valueName\":\"search_term_string\"}}],\"inLanguage\":\"es\"},{\"@type\":\"Organization\",\"@id\":\"https:\/\/btektech.com\/#organization\",\"name\":\"Btektech\",\"url\":\"https:\/\/btektech.com\/\",\"logo\":{\"@type\":\"ImageObject\",\"inLanguage\":\"es\",\"@id\":\"https:\/\/btektech.com\/#\/schema\/logo\/image\/\",\"url\":\"https:\/\/btektech.com\/wp-content\/uploads\/2021\/08\/btektech-logo.png\",\"contentUrl\":\"https:\/\/btektech.com\/wp-content\/uploads\/2021\/08\/btektech-logo.png\",\"width\":250,\"height\":114,\"caption\":\"Btektech\"},\"image\":{\"@id\":\"https:\/\/btektech.com\/#\/schema\/logo\/image\/\"},\"sameAs\":[\"https:\/\/x.com\/Btektech1\",\"https:\/\/www.instagram.com\/btektech\/\",\"https:\/\/www.linkedin.com\/company\/suzhou-baotailong-electronic-materials-co-ltd\/\",\"https:\/\/www.pinterest.com\/btektech\/_saved\/\",\"https:\/\/www.youtube.com\/channel\/UCBiw4Bc4CmQDrdo-QqyVTqQ\"]}]}<\/script>\n<!-- \/ Yoast SEO plugin. -->","yoast_head_json":{"title":"Acerca de Souzhou Btektech","description":"Btektech es una empresa de alta tecnolog\u00eda que se especializa en sistemas de dosificaci\u00f3n de pegamento de dos componentes, productos de dosificaci\u00f3n y consumibles de alta gama.","robots":{"index":"index","follow":"follow","max-snippet":"max-snippet:-1","max-image-preview":"max-image-preview:large","max-video-preview":"max-video-preview:-1"},"canonical":"https:\/\/btektech.com\/es\/sobre-nosotros\/","og_locale":"es_ES","og_type":"article","og_title":"Acerca de Souzhou Btektech","og_description":"Btektech es una empresa de alta tecnolog\u00eda que se especializa en sistemas de dosificaci\u00f3n de pegamento de dos componentes, productos de dosificaci\u00f3n y consumibles de alta gama.","og_url":"https:\/\/btektech.com\/es\/sobre-nosotros\/","og_site_name":"Btektech","article_modified_time":"2022-08-30T03:57:57+00:00","og_image":[{"url":"https:\/\/btektech.com\/wp-content\/uploads\/2021\/08\/about.jpg","type":"","width":"","height":""}],"twitter_card":"summary_large_image","twitter_site":"@Btektech1","twitter_misc":{"Tiempo de lectura":"1 minuto"},"schema":{"@context":"https:\/\/schema.org","@graph":[{"@type":"WebPage","@id":"https:\/\/btektech.com\/es\/sobre-nosotros\/","url":"https:\/\/btektech.com\/es\/sobre-nosotros\/","name":"Acerca de Souzhou Btektech","isPartOf":{"@id":"https:\/\/btektech.com\/#website"},"primaryImageOfPage":{"@id":"https:\/\/btektech.com\/es\/sobre-nosotros\/#primaryimage"},"image":{"@id":"https:\/\/btektech.com\/es\/sobre-nosotros\/#primaryimage"},"thumbnailUrl":"https:\/\/btektech.com\/wp-content\/uploads\/2021\/08\/about.jpg","datePublished":"2021-08-23T15:44:17+00:00","dateModified":"2022-08-30T03:57:57+00:00","description":"Btektech es una empresa de alta tecnolog\u00eda que se especializa en sistemas de dosificaci\u00f3n de pegamento de dos componentes, productos de dosificaci\u00f3n y consumibles de alta gama.","breadcrumb":{"@id":"https:\/\/btektech.com\/es\/sobre-nosotros\/#breadcrumb"},"inLanguage":"es","potentialAction":[{"@type":"ReadAction","target":["https:\/\/btektech.com\/es\/sobre-nosotros\/"]}]},{"@type":"ImageObject","inLanguage":"es","@id":"https:\/\/btektech.com\/es\/sobre-nosotros\/#primaryimage","url":"https:\/\/btektech.com\/wp-content\/uploads\/2021\/08\/about.jpg","contentUrl":"https:\/\/btektech.com\/wp-content\/uploads\/2021\/08\/about.jpg"},{"@type":"BreadcrumbList","@id":"https:\/\/btektech.com\/es\/sobre-nosotros\/#breadcrumb","itemListElement":[{"@type":"ListItem","position":1,"name":"Home","item":"https:\/\/btektech.com\/es\/"},{"@type":"ListItem","position":2,"name":"Sobre nosotros"}]},{"@type":"WebSite","@id":"https:\/\/btektech.com\/#website","url":"https:\/\/btektech.com\/","name":"Btektech","description":"","publisher":{"@id":"https:\/\/btektech.com\/#organization"},"potentialAction":[{"@type":"SearchAction","target":{"@type":"EntryPoint","urlTemplate":"https:\/\/btektech.com\/?s={search_term_string}"},"query-input":{"@type":"PropertyValueSpecification","valueRequired":true,"valueName":"search_term_string"}}],"inLanguage":"es"},{"@type":"Organization","@id":"https:\/\/btektech.com\/#organization","name":"Btektech","url":"https:\/\/btektech.com\/","logo":{"@type":"ImageObject","inLanguage":"es","@id":"https:\/\/btektech.com\/#\/schema\/logo\/image\/","url":"https:\/\/btektech.com\/wp-content\/uploads\/2021\/08\/btektech-logo.png","contentUrl":"https:\/\/btektech.com\/wp-content\/uploads\/2021\/08\/btektech-logo.png","width":250,"height":114,"caption":"Btektech"},"image":{"@id":"https:\/\/btektech.com\/#\/schema\/logo\/image\/"},"sameAs":["https:\/\/x.com\/Btektech1","https:\/\/www.instagram.com\/btektech\/","https:\/\/www.linkedin.com\/company\/suzhou-baotailong-electronic-materials-co-ltd\/","https:\/\/www.pinterest.com\/btektech\/_saved\/","https:\/\/www.youtube.com\/channel\/UCBiw4Bc4CmQDrdo-QqyVTqQ"]}]}},"_links":{"self":[{"href":"https:\/\/btektech.com\/es\/wp-json\/wp\/v2\/pages\/3400","targetHints":{"allow":["GET"]}}],"collection":[{"href":"https:\/\/btektech.com\/es\/wp-json\/wp\/v2\/pages"}],"about":[{"href":"https:\/\/btektech.com\/es\/wp-json\/wp\/v2\/types\/page"}],"author":[{"embeddable":true,"href":"https:\/\/btektech.com\/es\/wp-json\/wp\/v2\/users\/1"}],"replies":[{"embeddable":true,"href":"https:\/\/btektech.com\/es\/wp-json\/wp\/v2\/comments?post=3400"}],"version-history":[{"count":0,"href":"https:\/\/btektech.com\/es\/wp-json\/wp\/v2\/pages\/3400\/revisions"}],"wp:attachment":[{"href":"https:\/\/btektech.com\/es\/wp-json\/wp\/v2\/media?parent=3400"}],"curies":[{"name":"wp","href":"https:\/\/api.w.org\/{rel}","templated":true}]}}