{"id":24019,"date":"2026-04-01T10:07:14","date_gmt":"2026-04-01T02:07:14","guid":{"rendered":"https:\/\/btektech.com\/pistolas-dosificadoras\/"},"modified":"2026-04-01T10:07:14","modified_gmt":"2026-04-01T02:07:14","slug":"pistolas-dosificadoras","status":"publish","type":"page","link":"https:\/\/btektech.com\/es\/pistolas-dosificadoras\/","title":{"rendered":"Pistolas dosificadoras"},"content":{"rendered":"","protected":false},"excerpt":{"rendered":"","protected":false},"author":8,"featured_media":0,"parent":0,"menu_order":0,"comment_status":"closed","ping_status":"closed","template":"page-product-category-first-new.php","meta":{"_acf_changed":false,"footnotes":""},"class_list":["post-24019","page","type-page","status-publish","hentry"],"acf":[],"yoast_head":"<!-- This site is optimized with the Yoast SEO plugin v26.0 - https:\/\/yoast.com\/wordpress\/plugins\/seo\/ -->\n<title>Pistola dispensadora - Para cartuchos adhesivos y paquetes de l\u00e1minas<\/title>\n<meta name=\"description\" content=\"Las pistolas dispensadoras Btektech proporcionan una fuerza de extrusi\u00f3n estable para dispensar adhesivo en cartuchos y paquetes de l\u00e1minas. Disponibles modelos manuales, neum\u00e1ticos e inal\u00e1mbricos.\" \/>\n<meta name=\"robots\" content=\"index, follow, max-snippet:-1, max-image-preview:large, max-video-preview:-1\" \/>\n<link rel=\"canonical\" href=\"https:\/\/btektech.com\/es\/pistolas-dosificadoras\/\" \/>\n<meta property=\"og:locale\" content=\"es_ES\" \/>\n<meta property=\"og:type\" content=\"article\" \/>\n<meta property=\"og:title\" content=\"Pistola dispensadora - Para cartuchos adhesivos y paquetes de l\u00e1minas\" \/>\n<meta property=\"og:description\" content=\"Las pistolas dispensadoras Btektech proporcionan una fuerza de extrusi\u00f3n estable para dispensar adhesivo en cartuchos y paquetes de l\u00e1minas. Disponibles modelos manuales, neum\u00e1ticos e inal\u00e1mbricos.\" \/>\n<meta property=\"og:url\" content=\"https:\/\/btektech.com\/es\/pistolas-dosificadoras\/\" \/>\n<meta property=\"og:site_name\" content=\"Btektech\" \/>\n<meta name=\"twitter:card\" content=\"summary_large_image\" \/>\n<meta name=\"twitter:site\" content=\"@Btektech1\" \/>\n<script type=\"application\/ld+json\" class=\"yoast-schema-graph\">{\"@context\":\"https:\/\/schema.org\",\"@graph\":[{\"@type\":\"WebPage\",\"@id\":\"https:\/\/btektech.com\/es\/pistolas-dosificadoras\/\",\"url\":\"https:\/\/btektech.com\/es\/pistolas-dosificadoras\/\",\"name\":\"Pistola dispensadora - Para cartuchos adhesivos y paquetes de l\u00e1minas\",\"isPartOf\":{\"@id\":\"https:\/\/btektech.com\/#website\"},\"datePublished\":\"2026-04-01T02:07:14+00:00\",\"description\":\"Las pistolas dispensadoras Btektech proporcionan una fuerza de extrusi\u00f3n estable para dispensar adhesivo en cartuchos y paquetes de l\u00e1minas. Disponibles modelos manuales, neum\u00e1ticos e inal\u00e1mbricos.\",\"breadcrumb\":{\"@id\":\"https:\/\/btektech.com\/es\/pistolas-dosificadoras\/#breadcrumb\"},\"inLanguage\":\"es\",\"potentialAction\":[{\"@type\":\"ReadAction\",\"target\":[\"https:\/\/btektech.com\/es\/pistolas-dosificadoras\/\"]}]},{\"@type\":\"BreadcrumbList\",\"@id\":\"https:\/\/btektech.com\/es\/pistolas-dosificadoras\/#breadcrumb\",\"itemListElement\":[{\"@type\":\"ListItem\",\"position\":1,\"name\":\"Home\",\"item\":\"https:\/\/btektech.com\/es\/home-2\/\"},{\"@type\":\"ListItem\",\"position\":2,\"name\":\"Pistolas dosificadoras\"}]},{\"@type\":\"WebSite\",\"@id\":\"https:\/\/btektech.com\/#website\",\"url\":\"https:\/\/btektech.com\/\",\"name\":\"Btektech\",\"description\":\"\",\"publisher\":{\"@id\":\"https:\/\/btektech.com\/#organization\"},\"potentialAction\":[{\"@type\":\"SearchAction\",\"target\":{\"@type\":\"EntryPoint\",\"urlTemplate\":\"https:\/\/btektech.com\/?s={search_term_string}\"},\"query-input\":{\"@type\":\"PropertyValueSpecification\",\"valueRequired\":true,\"valueName\":\"search_term_string\"}}],\"inLanguage\":\"es\"},{\"@type\":\"Organization\",\"@id\":\"https:\/\/btektech.com\/#organization\",\"name\":\"Btektech\",\"url\":\"https:\/\/btektech.com\/\",\"logo\":{\"@type\":\"ImageObject\",\"inLanguage\":\"es\",\"@id\":\"https:\/\/btektech.com\/#\/schema\/logo\/image\/\",\"url\":\"https:\/\/btektech.com\/wp-content\/uploads\/2021\/08\/btektech-logo.png\",\"contentUrl\":\"https:\/\/btektech.com\/wp-content\/uploads\/2021\/08\/btektech-logo.png\",\"width\":250,\"height\":114,\"caption\":\"Btektech\"},\"image\":{\"@id\":\"https:\/\/btektech.com\/#\/schema\/logo\/image\/\"},\"sameAs\":[\"https:\/\/x.com\/Btektech1\",\"https:\/\/www.instagram.com\/btektech\/\",\"https:\/\/www.linkedin.com\/company\/suzhou-baotailong-electronic-materials-co-ltd\/\",\"https:\/\/www.pinterest.com\/btektech\/_saved\/\",\"https:\/\/www.youtube.com\/channel\/UCBiw4Bc4CmQDrdo-QqyVTqQ\"]}]}<\/script>\n<!-- \/ Yoast SEO plugin. -->","yoast_head_json":{"title":"Pistola dispensadora - Para cartuchos adhesivos y paquetes de l\u00e1minas","description":"Las pistolas dispensadoras Btektech proporcionan una fuerza de extrusi\u00f3n estable para dispensar adhesivo en cartuchos y paquetes de l\u00e1minas. Disponibles modelos manuales, neum\u00e1ticos e inal\u00e1mbricos.","robots":{"index":"index","follow":"follow","max-snippet":"max-snippet:-1","max-image-preview":"max-image-preview:large","max-video-preview":"max-video-preview:-1"},"canonical":"https:\/\/btektech.com\/es\/pistolas-dosificadoras\/","og_locale":"es_ES","og_type":"article","og_title":"Pistola dispensadora - Para cartuchos adhesivos y paquetes de l\u00e1minas","og_description":"Las pistolas dispensadoras Btektech proporcionan una fuerza de extrusi\u00f3n estable para dispensar adhesivo en cartuchos y paquetes de l\u00e1minas. Disponibles modelos manuales, neum\u00e1ticos e inal\u00e1mbricos.","og_url":"https:\/\/btektech.com\/es\/pistolas-dosificadoras\/","og_site_name":"Btektech","twitter_card":"summary_large_image","twitter_site":"@Btektech1","schema":{"@context":"https:\/\/schema.org","@graph":[{"@type":"WebPage","@id":"https:\/\/btektech.com\/es\/pistolas-dosificadoras\/","url":"https:\/\/btektech.com\/es\/pistolas-dosificadoras\/","name":"Pistola dispensadora - Para cartuchos adhesivos y paquetes de l\u00e1minas","isPartOf":{"@id":"https:\/\/btektech.com\/#website"},"datePublished":"2026-04-01T02:07:14+00:00","description":"Las pistolas dispensadoras Btektech proporcionan una fuerza de extrusi\u00f3n estable para dispensar adhesivo en cartuchos y paquetes de l\u00e1minas. Disponibles modelos manuales, neum\u00e1ticos e inal\u00e1mbricos.","breadcrumb":{"@id":"https:\/\/btektech.com\/es\/pistolas-dosificadoras\/#breadcrumb"},"inLanguage":"es","potentialAction":[{"@type":"ReadAction","target":["https:\/\/btektech.com\/es\/pistolas-dosificadoras\/"]}]},{"@type":"BreadcrumbList","@id":"https:\/\/btektech.com\/es\/pistolas-dosificadoras\/#breadcrumb","itemListElement":[{"@type":"ListItem","position":1,"name":"Home","item":"https:\/\/btektech.com\/es\/home-2\/"},{"@type":"ListItem","position":2,"name":"Pistolas dosificadoras"}]},{"@type":"WebSite","@id":"https:\/\/btektech.com\/#website","url":"https:\/\/btektech.com\/","name":"Btektech","description":"","publisher":{"@id":"https:\/\/btektech.com\/#organization"},"potentialAction":[{"@type":"SearchAction","target":{"@type":"EntryPoint","urlTemplate":"https:\/\/btektech.com\/?s={search_term_string}"},"query-input":{"@type":"PropertyValueSpecification","valueRequired":true,"valueName":"search_term_string"}}],"inLanguage":"es"},{"@type":"Organization","@id":"https:\/\/btektech.com\/#organization","name":"Btektech","url":"https:\/\/btektech.com\/","logo":{"@type":"ImageObject","inLanguage":"es","@id":"https:\/\/btektech.com\/#\/schema\/logo\/image\/","url":"https:\/\/btektech.com\/wp-content\/uploads\/2021\/08\/btektech-logo.png","contentUrl":"https:\/\/btektech.com\/wp-content\/uploads\/2021\/08\/btektech-logo.png","width":250,"height":114,"caption":"Btektech"},"image":{"@id":"https:\/\/btektech.com\/#\/schema\/logo\/image\/"},"sameAs":["https:\/\/x.com\/Btektech1","https:\/\/www.instagram.com\/btektech\/","https:\/\/www.linkedin.com\/company\/suzhou-baotailong-electronic-materials-co-ltd\/","https:\/\/www.pinterest.com\/btektech\/_saved\/","https:\/\/www.youtube.com\/channel\/UCBiw4Bc4CmQDrdo-QqyVTqQ"]}]}},"_links":{"self":[{"href":"https:\/\/btektech.com\/es\/wp-json\/wp\/v2\/pages\/24019","targetHints":{"allow":["GET"]}}],"collection":[{"href":"https:\/\/btektech.com\/es\/wp-json\/wp\/v2\/pages"}],"about":[{"href":"https:\/\/btektech.com\/es\/wp-json\/wp\/v2\/types\/page"}],"author":[{"embeddable":true,"href":"https:\/\/btektech.com\/es\/wp-json\/wp\/v2\/users\/8"}],"replies":[{"embeddable":true,"href":"https:\/\/btektech.com\/es\/wp-json\/wp\/v2\/comments?post=24019"}],"version-history":[{"count":0,"href":"https:\/\/btektech.com\/es\/wp-json\/wp\/v2\/pages\/24019\/revisions"}],"wp:attachment":[{"href":"https:\/\/btektech.com\/es\/wp-json\/wp\/v2\/media?parent=24019"}],"curies":[{"name":"wp","href":"https:\/\/api.w.org\/{rel}","templated":true}]}}