{"id":7124,"date":"2022-06-07T07:32:01","date_gmt":"2022-07-28T03:05:14","guid":{"rendered":"https:\/\/btektech.com\/product\/sec13-25-dynamisches-mischrohr\/"},"modified":"2022-07-28T03:54:49","modified_gmt":"2022-07-28T03:54:49","slug":"kostenlose-probe","status":"publish","type":"product","link":"https:\/\/btektech.com\/de\/product\/kostenlose-probe\/","title":{"rendered":"SEC13-25 Dynamisches Mischrohr"},"content":{"rendered":"<p>Das dynamische Mischrohr SEC13-25 wurde fr\u00fch als Mischd\u00fcse f\u00fcr das Systemdesign zur Verteilung von Dichtstoffen verwendet, die Sonnenkollektoren miteinander verbinden. Es ist auch in der Gas- und Elektronikindustrie weit verbreitet.<\/p>\n<p>Das dynamische Mischrohr SEC13-25 von Btektech hat die Eigenschaften Korrosionsbest\u00e4ndigkeit, Haltbarkeit und gleichm\u00e4\u00dfiges Mischen. Im Vergleich zu einer statischen Mischd\u00fcse ist das dynamische Mischrohr so ausgelegt, dass sich die Elemente im Rohr schnell drehen k\u00f6nnen. Die Rotation des Elements wird durch einen passenden Motor und ein Klebeventil angetrieben. Das dynamische Mischrohr eignet sich f\u00fcr Zwei-Komponenten-Fl\u00fcssigkeiten oder Schaumfl\u00fcssigkeiten mit einer Vielzahl von Disparit\u00e4ten. Es eignet sich sehr gut f\u00fcr den Mischeffekt von Fl\u00fcssigkeiten mit einem gro\u00dfen Anteil an zwei Komponenten und einem gro\u00dfen Viskosit\u00e4tsunterschied.<\/p>\n<p>Das Mischrohr SEC13-25 ist mit einem hohlen Knoten in der Mitte des Elements ausgestattet, um die Fl\u00fcssigkeitsmischung gleichm\u00e4\u00dfiger zu gestalten. Sein gesamter innerer Kern hat insgesamt 24 Elemente.<br \/>\nDer Auslass des SEC13-25 Mischrohres ist gewindeweise ausgelegt, so dass nach dem Andocken des Adapters die Mischd\u00fcse mit verschiedenen Verteilungsspitzen verbunden werden kann. Es hat die Eigenschaften einer festen Verbindung, die nicht leicht abzufallen ist, und eine reibungslose Leimabgabe ohne Tropfen.<br \/>\nSEC13-25 dynamisches Mischrohr Datenblatt ist wie folgt. Dieses Produkt ist auch weit verbreitet in Shengpu Leimspender Maschinenteile<\/p>\n<p>Als professioneller Hersteller von Mischd\u00fcsen bietet Btektech hochwertige und wettbewerbsf\u00e4hige Produkte f\u00fcr Terminalfabriken und Gro\u00dfh\u00e4ndler. Das Standardpaket von SEC13-25 Mischrohren ist 1000pcs \/ Karton. Die Gr\u00f6\u00dfe der Box ist 58,5 \u00d7 38,5 \u00d7 35. Das Gewicht des gesamten Koffers betr\u00e4gt 16KG. Wir bieten kundenspezifische Verpackungsdienstleistungen f\u00fcr Kunden an.<\/p>\n","protected":false},"excerpt":{"rendered":"<p>Gerne senden wir Ihnen ein kostenloses Musterpaket zu, um unser Dosierzubeh\u00f6r zu testen.<br \/>\nUnsere Musterpackungen \u00e4ndern sich jeden Monat, Sie m\u00fcssen nur ein wenig f\u00fcr den Versand bezahlen.<br \/>\nWenn Sie an individuellen Musterpackungen (mit Mustern f\u00fcr Ihre spezielle Anwendung) interessiert sind, k\u00f6nnen Sie diese gerne anfordern! Wir sind gerne f\u00fcr Sie da!<audio style=\"display: none;\" controls=\"controls\"><\/audio><\/p>\n<p><audio style=\"display: none;\" controls=\"controls\"><\/audio><\/p>\n<div id=\"gtx-trans\" style=\"position: absolute; left: 269px; top: 30.5486px;\">\n<div class=\"gtx-trans-icon\"><\/div>\n<\/div>\n<p><audio style=\"display: none;\" controls=\"controls\"><\/audio><\/p>\n<p><audio style=\"display: none;\" controls=\"controls\"><\/audio><\/p>\n<p><audio style=\"display: none;\" controls=\"controls\"><\/audio><\/p>\n","protected":false},"featured_media":21466,"comment_status":"open","ping_status":"closed","template":"","meta":{"_acf_changed":false},"product_brand":[],"product_cat":[164],"product_tag":[],"class_list":{"0":"post-7124","1":"product","2":"type-product","3":"status-publish","4":"has-post-thumbnail","6":"product_cat-dynamische-mischduesen","8":"first","9":"instock","10":"sold-individually","11":"shipping-taxable","12":"product-type-simple"},"acf":[],"yoast_head":"<!-- This site is optimized with the Yoast SEO plugin v26.0 - https:\/\/yoast.com\/wordpress\/plugins\/seo\/ -->\n<title>Kostenlose Probe SEC13-25 Dynamic Mixing Tube<\/title>\n<meta name=\"description\" content=\"Das dynamische Mischrohr SEC13-25 wurde fr\u00fch als Mischd\u00fcse f\u00fcr das Systemdesign zur Verteilung von Dichtstoffen verwendet, die Sonnenkollektoren miteinander verbinden.\" \/>\n<meta name=\"robots\" content=\"index, follow, max-snippet:-1, max-image-preview:large, max-video-preview:-1\" \/>\n<link rel=\"canonical\" href=\"https:\/\/btektech.com\/de\/product\/kostenlose-probe\/\" \/>\n<meta property=\"og:locale\" content=\"de_DE\" \/>\n<meta property=\"og:type\" content=\"article\" \/>\n<meta property=\"og:title\" content=\"Kostenlose Probe SEC13-25 Dynamic Mixing Tube\" \/>\n<meta property=\"og:description\" content=\"Das dynamische Mischrohr SEC13-25 wurde fr\u00fch als Mischd\u00fcse f\u00fcr das Systemdesign zur Verteilung von Dichtstoffen verwendet, die Sonnenkollektoren miteinander verbinden.\" \/>\n<meta property=\"og:url\" content=\"https:\/\/btektech.com\/de\/product\/kostenlose-probe\/\" \/>\n<meta property=\"og:site_name\" content=\"Btektech\" \/>\n<meta property=\"article:modified_time\" content=\"2022-07-28T03:54:49+00:00\" \/>\n<meta property=\"og:image\" content=\"https:\/\/btektech.com\/wp-content\/uploads\/2022\/11\/SEC13-25-Dynamic-Epoxy-Mixing-Nozzle-detail.jpg\" \/>\n\t<meta property=\"og:image:width\" content=\"800\" \/>\n\t<meta property=\"og:image:height\" content=\"800\" \/>\n\t<meta property=\"og:image:type\" content=\"image\/jpeg\" \/>\n<meta name=\"twitter:card\" content=\"summary_large_image\" \/>\n<meta name=\"twitter:site\" content=\"@Btektech1\" \/>\n<meta name=\"twitter:label1\" content=\"Gesch\u00e4tzte Lesezeit\" \/>\n\t<meta name=\"twitter:data1\" content=\"1\u00a0Minute\" \/>\n<script type=\"application\/ld+json\" class=\"yoast-schema-graph\">{\"@context\":\"https:\/\/schema.org\",\"@graph\":[{\"@type\":[\"WebPage\",\"ItemPage\"],\"@id\":\"https:\/\/btektech.com\/de\/product\/kostenlose-probe\/\",\"url\":\"https:\/\/btektech.com\/de\/product\/kostenlose-probe\/\",\"name\":\"Kostenlose Probe SEC13-25 Dynamic Mixing Tube\",\"isPartOf\":{\"@id\":\"https:\/\/btektech.com\/#website\"},\"primaryImageOfPage\":{\"@id\":\"https:\/\/btektech.com\/de\/product\/kostenlose-probe\/#primaryimage\"},\"image\":{\"@id\":\"https:\/\/btektech.com\/de\/product\/kostenlose-probe\/#primaryimage\"},\"thumbnailUrl\":\"https:\/\/btektech.com\/wp-content\/uploads\/2025\/12\/SEC13-25-1.jpg\",\"datePublished\":\"2022-07-28T03:05:14+00:00\",\"dateModified\":\"2022-07-28T03:54:49+00:00\",\"description\":\"Das dynamische Mischrohr SEC13-25 wurde fr\u00fch als Mischd\u00fcse f\u00fcr das Systemdesign zur Verteilung von Dichtstoffen verwendet, die Sonnenkollektoren miteinander verbinden.\",\"breadcrumb\":{\"@id\":\"https:\/\/btektech.com\/de\/product\/kostenlose-probe\/#breadcrumb\"},\"inLanguage\":\"de\",\"potentialAction\":[{\"@type\":\"ReadAction\",\"target\":[\"https:\/\/btektech.com\/de\/product\/kostenlose-probe\/\"]}]},{\"@type\":\"ImageObject\",\"inLanguage\":\"de\",\"@id\":\"https:\/\/btektech.com\/de\/product\/kostenlose-probe\/#primaryimage\",\"url\":\"https:\/\/btektech.com\/wp-content\/uploads\/2025\/12\/SEC13-25-1.jpg\",\"contentUrl\":\"https:\/\/btektech.com\/wp-content\/uploads\/2025\/12\/SEC13-25-1.jpg\",\"width\":800,\"height\":800,\"caption\":\"SEC13-25 Dynamic Mixing Nozzle banner\"},{\"@type\":\"BreadcrumbList\",\"@id\":\"https:\/\/btektech.com\/de\/product\/kostenlose-probe\/#breadcrumb\",\"itemListElement\":[{\"@type\":\"ListItem\",\"position\":1,\"name\":\"Home\",\"item\":\"https:\/\/btektech.com\/de\/home-2\/\"},{\"@type\":\"ListItem\",\"position\":2,\"name\":\"\u00dcr\u00fcnler\",\"item\":\"https:\/\/btektech.com\/tr\/shop\/\"},{\"@type\":\"ListItem\",\"position\":3,\"name\":\"SEC13-25 Dynamisches Mischrohr\"}]},{\"@type\":\"WebSite\",\"@id\":\"https:\/\/btektech.com\/#website\",\"url\":\"https:\/\/btektech.com\/\",\"name\":\"Btektech\",\"description\":\"\",\"publisher\":{\"@id\":\"https:\/\/btektech.com\/#organization\"},\"potentialAction\":[{\"@type\":\"SearchAction\",\"target\":{\"@type\":\"EntryPoint\",\"urlTemplate\":\"https:\/\/btektech.com\/?s={search_term_string}\"},\"query-input\":{\"@type\":\"PropertyValueSpecification\",\"valueRequired\":true,\"valueName\":\"search_term_string\"}}],\"inLanguage\":\"de\"},{\"@type\":\"Organization\",\"@id\":\"https:\/\/btektech.com\/#organization\",\"name\":\"Btektech\",\"url\":\"https:\/\/btektech.com\/\",\"logo\":{\"@type\":\"ImageObject\",\"inLanguage\":\"de\",\"@id\":\"https:\/\/btektech.com\/#\/schema\/logo\/image\/\",\"url\":\"https:\/\/btektech.com\/wp-content\/uploads\/2021\/08\/btektech-logo.png\",\"contentUrl\":\"https:\/\/btektech.com\/wp-content\/uploads\/2021\/08\/btektech-logo.png\",\"width\":250,\"height\":114,\"caption\":\"Btektech\"},\"image\":{\"@id\":\"https:\/\/btektech.com\/#\/schema\/logo\/image\/\"},\"sameAs\":[\"https:\/\/x.com\/Btektech1\",\"https:\/\/www.instagram.com\/btektech\/\",\"https:\/\/www.linkedin.com\/company\/suzhou-baotailong-electronic-materials-co-ltd\/\",\"https:\/\/www.pinterest.com\/btektech\/_saved\/\",\"https:\/\/www.youtube.com\/channel\/UCBiw4Bc4CmQDrdo-QqyVTqQ\"]}]}<\/script>\n<!-- \/ Yoast SEO plugin. -->","yoast_head_json":{"title":"Kostenlose Probe SEC13-25 Dynamic Mixing Tube","description":"Das dynamische Mischrohr SEC13-25 wurde fr\u00fch als Mischd\u00fcse f\u00fcr das Systemdesign zur Verteilung von Dichtstoffen verwendet, die Sonnenkollektoren miteinander verbinden.","robots":{"index":"index","follow":"follow","max-snippet":"max-snippet:-1","max-image-preview":"max-image-preview:large","max-video-preview":"max-video-preview:-1"},"canonical":"https:\/\/btektech.com\/de\/product\/kostenlose-probe\/","og_locale":"de_DE","og_type":"article","og_title":"Kostenlose Probe SEC13-25 Dynamic Mixing Tube","og_description":"Das dynamische Mischrohr SEC13-25 wurde fr\u00fch als Mischd\u00fcse f\u00fcr das Systemdesign zur Verteilung von Dichtstoffen verwendet, die Sonnenkollektoren miteinander verbinden.","og_url":"https:\/\/btektech.com\/de\/product\/kostenlose-probe\/","og_site_name":"Btektech","article_modified_time":"2022-07-28T03:54:49+00:00","og_image":[{"width":800,"height":800,"url":"https:\/\/btektech.com\/wp-content\/uploads\/2022\/11\/SEC13-25-Dynamic-Epoxy-Mixing-Nozzle-detail.jpg","type":"image\/jpeg"}],"twitter_card":"summary_large_image","twitter_site":"@Btektech1","twitter_misc":{"Gesch\u00e4tzte Lesezeit":"1\u00a0Minute"},"schema":{"@context":"https:\/\/schema.org","@graph":[{"@type":["WebPage","ItemPage"],"@id":"https:\/\/btektech.com\/de\/product\/kostenlose-probe\/","url":"https:\/\/btektech.com\/de\/product\/kostenlose-probe\/","name":"Kostenlose Probe SEC13-25 Dynamic Mixing Tube","isPartOf":{"@id":"https:\/\/btektech.com\/#website"},"primaryImageOfPage":{"@id":"https:\/\/btektech.com\/de\/product\/kostenlose-probe\/#primaryimage"},"image":{"@id":"https:\/\/btektech.com\/de\/product\/kostenlose-probe\/#primaryimage"},"thumbnailUrl":"https:\/\/btektech.com\/wp-content\/uploads\/2025\/12\/SEC13-25-1.jpg","datePublished":"2022-07-28T03:05:14+00:00","dateModified":"2022-07-28T03:54:49+00:00","description":"Das dynamische Mischrohr SEC13-25 wurde fr\u00fch als Mischd\u00fcse f\u00fcr das Systemdesign zur Verteilung von Dichtstoffen verwendet, die Sonnenkollektoren miteinander verbinden.","breadcrumb":{"@id":"https:\/\/btektech.com\/de\/product\/kostenlose-probe\/#breadcrumb"},"inLanguage":"de","potentialAction":[{"@type":"ReadAction","target":["https:\/\/btektech.com\/de\/product\/kostenlose-probe\/"]}]},{"@type":"ImageObject","inLanguage":"de","@id":"https:\/\/btektech.com\/de\/product\/kostenlose-probe\/#primaryimage","url":"https:\/\/btektech.com\/wp-content\/uploads\/2025\/12\/SEC13-25-1.jpg","contentUrl":"https:\/\/btektech.com\/wp-content\/uploads\/2025\/12\/SEC13-25-1.jpg","width":800,"height":800,"caption":"SEC13-25 Dynamic Mixing Nozzle banner"},{"@type":"BreadcrumbList","@id":"https:\/\/btektech.com\/de\/product\/kostenlose-probe\/#breadcrumb","itemListElement":[{"@type":"ListItem","position":1,"name":"Home","item":"https:\/\/btektech.com\/de\/home-2\/"},{"@type":"ListItem","position":2,"name":"\u00dcr\u00fcnler","item":"https:\/\/btektech.com\/tr\/shop\/"},{"@type":"ListItem","position":3,"name":"SEC13-25 Dynamisches Mischrohr"}]},{"@type":"WebSite","@id":"https:\/\/btektech.com\/#website","url":"https:\/\/btektech.com\/","name":"Btektech","description":"","publisher":{"@id":"https:\/\/btektech.com\/#organization"},"potentialAction":[{"@type":"SearchAction","target":{"@type":"EntryPoint","urlTemplate":"https:\/\/btektech.com\/?s={search_term_string}"},"query-input":{"@type":"PropertyValueSpecification","valueRequired":true,"valueName":"search_term_string"}}],"inLanguage":"de"},{"@type":"Organization","@id":"https:\/\/btektech.com\/#organization","name":"Btektech","url":"https:\/\/btektech.com\/","logo":{"@type":"ImageObject","inLanguage":"de","@id":"https:\/\/btektech.com\/#\/schema\/logo\/image\/","url":"https:\/\/btektech.com\/wp-content\/uploads\/2021\/08\/btektech-logo.png","contentUrl":"https:\/\/btektech.com\/wp-content\/uploads\/2021\/08\/btektech-logo.png","width":250,"height":114,"caption":"Btektech"},"image":{"@id":"https:\/\/btektech.com\/#\/schema\/logo\/image\/"},"sameAs":["https:\/\/x.com\/Btektech1","https:\/\/www.instagram.com\/btektech\/","https:\/\/www.linkedin.com\/company\/suzhou-baotailong-electronic-materials-co-ltd\/","https:\/\/www.pinterest.com\/btektech\/_saved\/","https:\/\/www.youtube.com\/channel\/UCBiw4Bc4CmQDrdo-QqyVTqQ"]}]}},"_links":{"self":[{"href":"https:\/\/btektech.com\/de\/wp-json\/wp\/v2\/product\/7124","targetHints":{"allow":["GET"]}}],"collection":[{"href":"https:\/\/btektech.com\/de\/wp-json\/wp\/v2\/product"}],"about":[{"href":"https:\/\/btektech.com\/de\/wp-json\/wp\/v2\/types\/product"}],"replies":[{"embeddable":true,"href":"https:\/\/btektech.com\/de\/wp-json\/wp\/v2\/comments?post=7124"}],"version-history":[{"count":0,"href":"https:\/\/btektech.com\/de\/wp-json\/wp\/v2\/product\/7124\/revisions"}],"wp:featuredmedia":[{"embeddable":true,"href":"https:\/\/btektech.com\/de\/wp-json\/wp\/v2\/media\/21466"}],"wp:attachment":[{"href":"https:\/\/btektech.com\/de\/wp-json\/wp\/v2\/media?parent=7124"}],"wp:term":[{"taxonomy":"product_brand","embeddable":true,"href":"https:\/\/btektech.com\/de\/wp-json\/wp\/v2\/product_brand?post=7124"},{"taxonomy":"product_cat","embeddable":true,"href":"https:\/\/btektech.com\/de\/wp-json\/wp\/v2\/product_cat?post=7124"},{"taxonomy":"product_tag","embeddable":true,"href":"https:\/\/btektech.com\/de\/wp-json\/wp\/v2\/product_tag?post=7124"}],"curies":[{"name":"wp","href":"https:\/\/api.w.org\/{rel}","templated":true}]}}