{"id":6181,"date":"2022-06-20T03:52:19","date_gmt":"2022-06-20T03:52:19","guid":{"rendered":"https:\/\/btektech.com\/product\/rm13-12sdynamic-mixing-tube\/"},"modified":"2022-07-26T09:41:01","modified_gmt":"2022-07-26T09:41:01","slug":"rm13-12dynamisches-mischrohr","status":"publish","type":"product","link":"https:\/\/btektech.com\/de\/product\/rm13-12dynamisches-mischrohr\/","title":{"rendered":"RM 13-12 Dynamische Mischd\u00fcse"},"content":{"rendered":"<p><strong>RM 13-12 Dynamische Mischd\u00fcse:<\/strong><br \/>\nDas dynamische Mischrohr RM 13-12 eignet sich zum Mischen von 2 Komponenten niedrigviskosen Dicht- und Klebstoffen. Diese dynamische Mischd\u00fcse hat ein internes wei\u00dfes Element. Beide werden aus Polypropylen hergestellt und sind industrietauglich, sicher und silikonfrei. Das dynamische Mischrohr RM 13-12 ist f\u00fcr alle Zweikomponentenmaterialien geeignet. Metallschutzrohre werden f\u00fcr alle Mischer empfohlen. Sie k\u00f6nnen mit jedem Luer-Adapter und jeder Luer-Schlossspitze verwendet werden. Sie kommen aus China und bieten eine luftdichte Verpackung.<\/p>\n<p style=\"text-align:center;\">\n<img decoding=\"async\" src=\"https:\/\/btektech.com\/wp-content\/uploads\/2021\/08\/%E9%9D%99%E6%80%81-300x70.jpg\">\n<\/p>\n<div style=\"overflow:auto;\">\n<table style=\"text-align: center;\" width=\"100%\">\n<tbody>\n<tr>\n<th>Nein.<\/th>\n<th>Teile-Nr.<\/th>\n<th>Elemente<\/th>\n<th>I.D(mm)<\/th>\n<th>L(mm)<\/th>\n<th>O.D(mm)<\/th>\n<th>A(mm)<\/th>\n<th>Innere Farbe<\/th>\n<\/tr>\n<tr>\n<td>1<\/td>\n<td>RM12-13<\/td>\n<td>12<\/td>\n<td>13<\/td>\n<td>197<\/td>\n<td>17<\/td>\n<td>4<\/td>\n<td>Gr\u00fcn<\/td>\n<\/tr>\n<\/tbody>\n<\/table>\n<\/div>\n<p>*(Aufgrund der unterschiedlichen Aufl\u00f6sungen von Computermonitoren kann es zu chromatischen Aberrationen kommen. Bei Bedarf wenden Sie sich bitte an unseren Kundenservice f\u00fcr Muster. )<\/p>\n","protected":false},"excerpt":{"rendered":"<p>Die dynamische Mischd\u00fcse der RM-Serie ist ein Mischrohr mit wissenschaftlichem Design und langlebigem Material. Ausgestattet mit einem geeigneten dynamischen Mischventil bietet Ihnen die dynamische Mischd\u00fcse RM 13-12 ein komplettes Set an geeigneten, kosteng\u00fcnstigen L\u00f6sungen zum Mischen von Klebstoffen und Tropfmitteln.<\/p>\n","protected":false},"featured_media":6144,"comment_status":"open","ping_status":"closed","template":"","meta":{"_acf_changed":false},"product_brand":[],"product_cat":[15],"product_tag":[],"class_list":{"0":"post-6181","1":"product","2":"type-product","3":"status-publish","4":"has-post-thumbnail","6":"product_cat-uncategorized","8":"first","9":"instock","10":"shipping-taxable","11":"product-type-simple"},"acf":[],"yoast_head":"<!-- This site is optimized with the Yoast SEO plugin v26.0 - https:\/\/yoast.com\/wordpress\/plugins\/seo\/ -->\n<title>RM 13-12 Dynamische Mischd\u00fcse<\/title>\n<meta name=\"description\" content=\"RM 13-12 dynamische Mischd\u00fcse ist ein Mischrohr mit wissenschaftlichem Design und langlebigem Material. Ausgestattet mit einem geeigneten dynamischen Mischventil\u3002\" \/>\n<meta name=\"robots\" content=\"index, follow, max-snippet:-1, max-image-preview:large, max-video-preview:-1\" \/>\n<link rel=\"canonical\" href=\"https:\/\/btektech.com\/de\/product\/rm13-12dynamisches-mischrohr\/\" \/>\n<meta property=\"og:locale\" content=\"de_DE\" \/>\n<meta property=\"og:type\" content=\"article\" \/>\n<meta property=\"og:title\" content=\"RM 13-12 Dynamische Mischd\u00fcse\" \/>\n<meta property=\"og:description\" content=\"RM 13-12 dynamische Mischd\u00fcse ist ein Mischrohr mit wissenschaftlichem Design und langlebigem Material. Ausgestattet mit einem geeigneten dynamischen Mischventil\u3002\" \/>\n<meta property=\"og:url\" content=\"https:\/\/btektech.com\/de\/product\/rm13-12dynamisches-mischrohr\/\" \/>\n<meta property=\"og:site_name\" content=\"Btektech\" \/>\n<meta property=\"article:modified_time\" content=\"2022-07-26T09:41:01+00:00\" \/>\n<meta property=\"og:image\" content=\"https:\/\/btektech.com\/wp-content\/uploads\/2022\/06\/401655717384_.pic_hd.jpg\" \/>\n\t<meta property=\"og:image:width\" content=\"1000\" \/>\n\t<meta property=\"og:image:height\" content=\"1000\" \/>\n\t<meta property=\"og:image:type\" content=\"image\/jpeg\" \/>\n<meta name=\"twitter:card\" content=\"summary_large_image\" \/>\n<meta name=\"twitter:site\" content=\"@Btektech1\" \/>\n<script type=\"application\/ld+json\" class=\"yoast-schema-graph\">{\"@context\":\"https:\/\/schema.org\",\"@graph\":[{\"@type\":[\"WebPage\",\"ItemPage\"],\"@id\":\"https:\/\/btektech.com\/de\/product\/rm13-12dynamisches-mischrohr\/\",\"url\":\"https:\/\/btektech.com\/de\/product\/rm13-12dynamisches-mischrohr\/\",\"name\":\"RM 13-12 Dynamische Mischd\u00fcse\",\"isPartOf\":{\"@id\":\"https:\/\/btektech.com\/#website\"},\"primaryImageOfPage\":{\"@id\":\"https:\/\/btektech.com\/de\/product\/rm13-12dynamisches-mischrohr\/#primaryimage\"},\"image\":{\"@id\":\"https:\/\/btektech.com\/de\/product\/rm13-12dynamisches-mischrohr\/#primaryimage\"},\"thumbnailUrl\":\"https:\/\/btektech.com\/wp-content\/uploads\/2022\/06\/401655717384_.pic_hd.jpg\",\"datePublished\":\"2022-06-20T03:52:19+00:00\",\"dateModified\":\"2022-07-26T09:41:01+00:00\",\"description\":\"RM 13-12 dynamische Mischd\u00fcse ist ein Mischrohr mit wissenschaftlichem Design und langlebigem Material. Ausgestattet mit einem geeigneten dynamischen Mischventil\u3002\",\"breadcrumb\":{\"@id\":\"https:\/\/btektech.com\/de\/product\/rm13-12dynamisches-mischrohr\/#breadcrumb\"},\"inLanguage\":\"de\",\"potentialAction\":[{\"@type\":\"ReadAction\",\"target\":[\"https:\/\/btektech.com\/de\/product\/rm13-12dynamisches-mischrohr\/\"]}]},{\"@type\":\"ImageObject\",\"inLanguage\":\"de\",\"@id\":\"https:\/\/btektech.com\/de\/product\/rm13-12dynamisches-mischrohr\/#primaryimage\",\"url\":\"https:\/\/btektech.com\/wp-content\/uploads\/2022\/06\/401655717384_.pic_hd.jpg\",\"contentUrl\":\"https:\/\/btektech.com\/wp-content\/uploads\/2022\/06\/401655717384_.pic_hd.jpg\",\"width\":1000,\"height\":1000,\"caption\":\"RM 13-12 Dinamik Kar\u0131\u015ft\u0131rma Nozulu\"},{\"@type\":\"BreadcrumbList\",\"@id\":\"https:\/\/btektech.com\/de\/product\/rm13-12dynamisches-mischrohr\/#breadcrumb\",\"itemListElement\":[{\"@type\":\"ListItem\",\"position\":1,\"name\":\"Home\",\"item\":\"https:\/\/btektech.com\/de\/\"},{\"@type\":\"ListItem\",\"position\":2,\"name\":\"\u00dcr\u00fcnler\",\"item\":\"https:\/\/btektech.com\/tr\/shop\/\"},{\"@type\":\"ListItem\",\"position\":3,\"name\":\"Mischrohr\",\"item\":\"https:\/\/btektech.com\/de\/Produktkategorie\/mischrohr\/\"},{\"@type\":\"ListItem\",\"position\":4,\"name\":\"Dynamic Mixing Nozzles\",\"item\":\"https:\/\/btektech.com\/product-category\/epoxy-mixing-nozzles\/dynamic-mixing-nozzles\/\"},{\"@type\":\"ListItem\",\"position\":5,\"name\":\"RM 13-12 Dynamische Mischd\u00fcse\"}]},{\"@type\":\"WebSite\",\"@id\":\"https:\/\/btektech.com\/#website\",\"url\":\"https:\/\/btektech.com\/\",\"name\":\"Btektech\",\"description\":\"\",\"publisher\":{\"@id\":\"https:\/\/btektech.com\/#organization\"},\"potentialAction\":[{\"@type\":\"SearchAction\",\"target\":{\"@type\":\"EntryPoint\",\"urlTemplate\":\"https:\/\/btektech.com\/?s={search_term_string}\"},\"query-input\":{\"@type\":\"PropertyValueSpecification\",\"valueRequired\":true,\"valueName\":\"search_term_string\"}}],\"inLanguage\":\"de\"},{\"@type\":\"Organization\",\"@id\":\"https:\/\/btektech.com\/#organization\",\"name\":\"Btektech\",\"url\":\"https:\/\/btektech.com\/\",\"logo\":{\"@type\":\"ImageObject\",\"inLanguage\":\"de\",\"@id\":\"https:\/\/btektech.com\/#\/schema\/logo\/image\/\",\"url\":\"https:\/\/btektech.com\/wp-content\/uploads\/2021\/08\/btektech-logo.png\",\"contentUrl\":\"https:\/\/btektech.com\/wp-content\/uploads\/2021\/08\/btektech-logo.png\",\"width\":250,\"height\":114,\"caption\":\"Btektech\"},\"image\":{\"@id\":\"https:\/\/btektech.com\/#\/schema\/logo\/image\/\"},\"sameAs\":[\"https:\/\/x.com\/Btektech1\",\"https:\/\/www.instagram.com\/btektech\/\",\"https:\/\/www.linkedin.com\/company\/suzhou-baotailong-electronic-materials-co-ltd\/\",\"https:\/\/www.pinterest.com\/btektech\/_saved\/\",\"https:\/\/www.youtube.com\/channel\/UCBiw4Bc4CmQDrdo-QqyVTqQ\"]}]}<\/script>\n<!-- \/ Yoast SEO plugin. -->","yoast_head_json":{"title":"RM 13-12 Dynamische Mischd\u00fcse","description":"RM 13-12 dynamische Mischd\u00fcse ist ein Mischrohr mit wissenschaftlichem Design und langlebigem Material. Ausgestattet mit einem geeigneten dynamischen Mischventil\u3002","robots":{"index":"index","follow":"follow","max-snippet":"max-snippet:-1","max-image-preview":"max-image-preview:large","max-video-preview":"max-video-preview:-1"},"canonical":"https:\/\/btektech.com\/de\/product\/rm13-12dynamisches-mischrohr\/","og_locale":"de_DE","og_type":"article","og_title":"RM 13-12 Dynamische Mischd\u00fcse","og_description":"RM 13-12 dynamische Mischd\u00fcse ist ein Mischrohr mit wissenschaftlichem Design und langlebigem Material. Ausgestattet mit einem geeigneten dynamischen Mischventil\u3002","og_url":"https:\/\/btektech.com\/de\/product\/rm13-12dynamisches-mischrohr\/","og_site_name":"Btektech","article_modified_time":"2022-07-26T09:41:01+00:00","og_image":[{"width":1000,"height":1000,"url":"https:\/\/btektech.com\/wp-content\/uploads\/2022\/06\/401655717384_.pic_hd.jpg","type":"image\/jpeg"}],"twitter_card":"summary_large_image","twitter_site":"@Btektech1","schema":{"@context":"https:\/\/schema.org","@graph":[{"@type":["WebPage","ItemPage"],"@id":"https:\/\/btektech.com\/de\/product\/rm13-12dynamisches-mischrohr\/","url":"https:\/\/btektech.com\/de\/product\/rm13-12dynamisches-mischrohr\/","name":"RM 13-12 Dynamische Mischd\u00fcse","isPartOf":{"@id":"https:\/\/btektech.com\/#website"},"primaryImageOfPage":{"@id":"https:\/\/btektech.com\/de\/product\/rm13-12dynamisches-mischrohr\/#primaryimage"},"image":{"@id":"https:\/\/btektech.com\/de\/product\/rm13-12dynamisches-mischrohr\/#primaryimage"},"thumbnailUrl":"https:\/\/btektech.com\/wp-content\/uploads\/2022\/06\/401655717384_.pic_hd.jpg","datePublished":"2022-06-20T03:52:19+00:00","dateModified":"2022-07-26T09:41:01+00:00","description":"RM 13-12 dynamische Mischd\u00fcse ist ein Mischrohr mit wissenschaftlichem Design und langlebigem Material. Ausgestattet mit einem geeigneten dynamischen Mischventil\u3002","breadcrumb":{"@id":"https:\/\/btektech.com\/de\/product\/rm13-12dynamisches-mischrohr\/#breadcrumb"},"inLanguage":"de","potentialAction":[{"@type":"ReadAction","target":["https:\/\/btektech.com\/de\/product\/rm13-12dynamisches-mischrohr\/"]}]},{"@type":"ImageObject","inLanguage":"de","@id":"https:\/\/btektech.com\/de\/product\/rm13-12dynamisches-mischrohr\/#primaryimage","url":"https:\/\/btektech.com\/wp-content\/uploads\/2022\/06\/401655717384_.pic_hd.jpg","contentUrl":"https:\/\/btektech.com\/wp-content\/uploads\/2022\/06\/401655717384_.pic_hd.jpg","width":1000,"height":1000,"caption":"RM 13-12 Dinamik Kar\u0131\u015ft\u0131rma Nozulu"},{"@type":"BreadcrumbList","@id":"https:\/\/btektech.com\/de\/product\/rm13-12dynamisches-mischrohr\/#breadcrumb","itemListElement":[{"@type":"ListItem","position":1,"name":"Home","item":"https:\/\/btektech.com\/de\/"},{"@type":"ListItem","position":2,"name":"\u00dcr\u00fcnler","item":"https:\/\/btektech.com\/tr\/shop\/"},{"@type":"ListItem","position":3,"name":"Mischrohr","item":"https:\/\/btektech.com\/de\/Produktkategorie\/mischrohr\/"},{"@type":"ListItem","position":4,"name":"Dynamic Mixing Nozzles","item":"https:\/\/btektech.com\/product-category\/epoxy-mixing-nozzles\/dynamic-mixing-nozzles\/"},{"@type":"ListItem","position":5,"name":"RM 13-12 Dynamische Mischd\u00fcse"}]},{"@type":"WebSite","@id":"https:\/\/btektech.com\/#website","url":"https:\/\/btektech.com\/","name":"Btektech","description":"","publisher":{"@id":"https:\/\/btektech.com\/#organization"},"potentialAction":[{"@type":"SearchAction","target":{"@type":"EntryPoint","urlTemplate":"https:\/\/btektech.com\/?s={search_term_string}"},"query-input":{"@type":"PropertyValueSpecification","valueRequired":true,"valueName":"search_term_string"}}],"inLanguage":"de"},{"@type":"Organization","@id":"https:\/\/btektech.com\/#organization","name":"Btektech","url":"https:\/\/btektech.com\/","logo":{"@type":"ImageObject","inLanguage":"de","@id":"https:\/\/btektech.com\/#\/schema\/logo\/image\/","url":"https:\/\/btektech.com\/wp-content\/uploads\/2021\/08\/btektech-logo.png","contentUrl":"https:\/\/btektech.com\/wp-content\/uploads\/2021\/08\/btektech-logo.png","width":250,"height":114,"caption":"Btektech"},"image":{"@id":"https:\/\/btektech.com\/#\/schema\/logo\/image\/"},"sameAs":["https:\/\/x.com\/Btektech1","https:\/\/www.instagram.com\/btektech\/","https:\/\/www.linkedin.com\/company\/suzhou-baotailong-electronic-materials-co-ltd\/","https:\/\/www.pinterest.com\/btektech\/_saved\/","https:\/\/www.youtube.com\/channel\/UCBiw4Bc4CmQDrdo-QqyVTqQ"]}]}},"_links":{"self":[{"href":"https:\/\/btektech.com\/de\/wp-json\/wp\/v2\/product\/6181","targetHints":{"allow":["GET"]}}],"collection":[{"href":"https:\/\/btektech.com\/de\/wp-json\/wp\/v2\/product"}],"about":[{"href":"https:\/\/btektech.com\/de\/wp-json\/wp\/v2\/types\/product"}],"replies":[{"embeddable":true,"href":"https:\/\/btektech.com\/de\/wp-json\/wp\/v2\/comments?post=6181"}],"version-history":[{"count":0,"href":"https:\/\/btektech.com\/de\/wp-json\/wp\/v2\/product\/6181\/revisions"}],"wp:featuredmedia":[{"embeddable":true,"href":"https:\/\/btektech.com\/de\/wp-json\/wp\/v2\/media\/6144"}],"wp:attachment":[{"href":"https:\/\/btektech.com\/de\/wp-json\/wp\/v2\/media?parent=6181"}],"wp:term":[{"taxonomy":"product_brand","embeddable":true,"href":"https:\/\/btektech.com\/de\/wp-json\/wp\/v2\/product_brand?post=6181"},{"taxonomy":"product_cat","embeddable":true,"href":"https:\/\/btektech.com\/de\/wp-json\/wp\/v2\/product_cat?post=6181"},{"taxonomy":"product_tag","embeddable":true,"href":"https:\/\/btektech.com\/de\/wp-json\/wp\/v2\/product_tag?post=6181"}],"curies":[{"name":"wp","href":"https:\/\/api.w.org\/{rel}","templated":true}]}}