{"id":6128,"date":"2022-06-20T03:33:17","date_gmt":"2022-06-20T03:33:17","guid":{"rendered":"https:\/\/btektech.com\/product\/304-american-handle-throat-hoop-hose-clamps\/"},"modified":"2022-11-21T01:49:30","modified_gmt":"2022-11-21T01:49:30","slug":"schneckengetriebe-schlauchschelle","status":"publish","type":"product","link":"https:\/\/btektech.com\/de\/product\/schneckengetriebe-schlauchschelle\/","title":{"rendered":"Schneckengetriebe-Schlauchschelle"},"content":{"rendered":"<p>Schneckengetriebe-Schlauchschelle werden f\u00fcr Wasserleitungen, Autowaschrohre, Gaszufuhrrohre, Befestigungsschl\u00e4uche, Rohre, Kabel, Kraftstoffleitungen usw. verwendet. Perfekt f\u00fcr Indoor- oder Outdoor-Automobile, Industrie, Marine \/ Marine, Shield, Zuhause, etc. Hochfeste Konstruktion von Schlauchschellen mit Griff f\u00fcr einfache Installation. Und das Produkt wird mit einem gerollten Vollband f\u00fcr maximalen Schlauchschutz geliefert. Verbessern Sie die Dichtungseffizienz erheblich.<br \/>\nDie Schneckengetriebe-Schlauchschelle haben ein einzigartiges und innovatives Design und k\u00f6nnen mit einer einfachen Handdrehung installiert werden. F\u00fcr die Installation dieser einzigartigen Klemmen sind keine Werkzeuge erforderlich. Entfernen Sie einfach den wiederverwendbaren Kunststoff-Schraubverschluss f\u00fcr eine manipulationssichere Verbindung. Diese Klemmen werden mit Edelstahl 1\/2&#8243; Klebeband hergestellt. Schl\u00fcsselfertige Klemmen sind ideal f\u00fcr Trocknerentl\u00fcftungsschl\u00e4uche, Filterbeutel, RV-Kanalschl\u00e4uche sowie Kabel- und Drahtb\u00fcndel.<\/p>\n<div style=\"overflow: auto;\">\n<table width=\"100%\" style=\"text-align: center;\">\n<tbody>\n<tr>\n<th style=\"font-weight: 400;vertical-align: middle;\" rowspan=\"4\">Arten<\/th>\n<td style=\"font-weight: 400;\">Deutscher Griff<\/td>\n<\/tr>\n<tr>\n<td style=\"font-weight: 400;\">Amerikanischer Griff<\/td>\n<\/tr>\n<tr>\n<td style=\"font-weight: 400;\">Kleiner Sch\u00f6nheitsgriff<\/td>\n<\/tr>\n<tr>\n<td style=\"font-weight: 400;\">Doppeldrahtgriff<\/td>\n<\/tr>\n<tr>\n<th style=\"font-weight: 400;\">Material<\/th>\n<td>Kohlenstoffstahl Halbstahl Ganzstahl<\/td>\n<\/tr>\n<tr>\n<th style=\"font-weight: 400;\">Oberfl\u00e4chenbehandlung<\/th>\n<td>Platina. Polieren<\/td>\n<\/tr>\n<tr>\n<th style=\"font-weight: 400;\">W1<\/th>\n<td>Das gesamte Band, das Geh\u00e4use und die Schraube sind aus verzinktem Stahl;<\/td>\n<\/tr>\n<tr>\n<th style=\"font-weight: 400;\">W2<\/th>\n<td>Band und Geh\u00e4use 200ss oder 300ss Edelstahl, schraubverzinkter Stahl<\/td>\n<\/tr>\n<tr>\n<th style=\"font-weight: 400;\">W3<\/th>\n<td>Das gesamte Band, das Geh\u00e4use und die Schraube sind aus 200ss oder 300ss Edelstahl<\/td>\n<\/tr>\n<tr>\n<th style=\"font-weight: 400;\">W4<\/th>\n<td>Das gesamte Band, das Geh\u00e4use und die Schraube sind aus Edelstahl 316ss<\/td>\n<\/tr>\n<\/tbody>\n<\/table>\n<\/div>\n","protected":false},"excerpt":{"rendered":"<p>Die Schneckengetriebe-Schlauchschelle (inklusive Band, Geh\u00e4use und Schrauben) besteht aus hochwertigem Edelstahlmaterial. Salzbest\u00e4ndig, rostfrei, korrosionsbest\u00e4ndig, wasserdicht, \u00f6lbest\u00e4ndig. Die Klemmen sind stark, robust und zuverl\u00e4ssig. Schlauchschellen mit Griffen sind in einer Vielzahl von verstellbaren Gr\u00f6\u00dfen erh\u00e4ltlich, Schlauchschellen sind formbar und in einer Vielzahl von Gr\u00f6\u00dfen verstellbar.<\/p>\n","protected":false},"featured_media":6204,"comment_status":"open","ping_status":"closed","template":"","meta":{"_acf_changed":false},"product_brand":[],"product_cat":[139],"product_tag":[],"class_list":{"0":"post-6128","1":"product","2":"type-product","3":"status-publish","4":"has-post-thumbnail","6":"product_cat-schlauchschellen","8":"first","9":"instock","10":"shipping-taxable","11":"product-type-simple"},"acf":[],"yoast_head":"<!-- This site is optimized with the Yoast SEO plugin v26.0 - https:\/\/yoast.com\/wordpress\/plugins\/seo\/ -->\n<title>Schneckengetriebe-Schlauchschelle<\/title>\n<meta name=\"description\" content=\"Die Schneckengetriebe-Schlauchschelle (inklusive Band, Geh\u00e4use und Schrauben) besteht aus hochwertigem Edelstahlmaterial.\" \/>\n<meta name=\"robots\" content=\"index, follow, max-snippet:-1, max-image-preview:large, max-video-preview:-1\" \/>\n<link rel=\"canonical\" href=\"https:\/\/btektech.com\/de\/product\/schneckengetriebe-schlauchschelle\/\" \/>\n<meta property=\"og:locale\" content=\"de_DE\" \/>\n<meta property=\"og:type\" content=\"article\" \/>\n<meta property=\"og:title\" content=\"Schneckengetriebe-Schlauchschelle\" \/>\n<meta property=\"og:description\" content=\"Die Schneckengetriebe-Schlauchschelle (inklusive Band, Geh\u00e4use und Schrauben) besteht aus hochwertigem Edelstahlmaterial.\" \/>\n<meta property=\"og:url\" content=\"https:\/\/btektech.com\/de\/product\/schneckengetriebe-schlauchschelle\/\" \/>\n<meta property=\"og:site_name\" content=\"Btektech\" \/>\n<meta property=\"article:modified_time\" content=\"2022-11-21T01:49:30+00:00\" \/>\n<meta property=\"og:image\" content=\"https:\/\/btektech.com\/wp-content\/uploads\/2022\/06\/Worm-Gear-Hose-Clamp-6.jpg\" \/>\n\t<meta property=\"og:image:width\" content=\"550\" \/>\n\t<meta property=\"og:image:height\" content=\"550\" \/>\n\t<meta property=\"og:image:type\" content=\"image\/jpeg\" \/>\n<meta name=\"twitter:card\" content=\"summary_large_image\" \/>\n<meta name=\"twitter:site\" content=\"@Btektech1\" \/>\n<meta name=\"twitter:label1\" content=\"Gesch\u00e4tzte Lesezeit\" \/>\n\t<meta name=\"twitter:data1\" content=\"1\u00a0Minute\" \/>\n<script type=\"application\/ld+json\" class=\"yoast-schema-graph\">{\"@context\":\"https:\/\/schema.org\",\"@graph\":[{\"@type\":[\"WebPage\",\"ItemPage\"],\"@id\":\"https:\/\/btektech.com\/de\/product\/schneckengetriebe-schlauchschelle\/\",\"url\":\"https:\/\/btektech.com\/de\/product\/schneckengetriebe-schlauchschelle\/\",\"name\":\"Schneckengetriebe-Schlauchschelle\",\"isPartOf\":{\"@id\":\"https:\/\/btektech.com\/#website\"},\"primaryImageOfPage\":{\"@id\":\"https:\/\/btektech.com\/de\/product\/schneckengetriebe-schlauchschelle\/#primaryimage\"},\"image\":{\"@id\":\"https:\/\/btektech.com\/de\/product\/schneckengetriebe-schlauchschelle\/#primaryimage\"},\"thumbnailUrl\":\"https:\/\/btektech.com\/wp-content\/uploads\/2022\/06\/Worm-Gear-Hose-Clamp-6.jpg\",\"datePublished\":\"2022-06-20T03:33:17+00:00\",\"dateModified\":\"2022-11-21T01:49:30+00:00\",\"description\":\"Die Schneckengetriebe-Schlauchschelle (inklusive Band, Geh\u00e4use und Schrauben) besteht aus hochwertigem Edelstahlmaterial.\",\"breadcrumb\":{\"@id\":\"https:\/\/btektech.com\/de\/product\/schneckengetriebe-schlauchschelle\/#breadcrumb\"},\"inLanguage\":\"de\",\"potentialAction\":[{\"@type\":\"ReadAction\",\"target\":[\"https:\/\/btektech.com\/de\/product\/schneckengetriebe-schlauchschelle\/\"]}]},{\"@type\":\"ImageObject\",\"inLanguage\":\"de\",\"@id\":\"https:\/\/btektech.com\/de\/product\/schneckengetriebe-schlauchschelle\/#primaryimage\",\"url\":\"https:\/\/btektech.com\/wp-content\/uploads\/2022\/06\/Worm-Gear-Hose-Clamp-6.jpg\",\"contentUrl\":\"https:\/\/btektech.com\/wp-content\/uploads\/2022\/06\/Worm-Gear-Hose-Clamp-6.jpg\",\"width\":550,\"height\":550,\"caption\":\"Schneckengetriebe-Schlauchschelle\"},{\"@type\":\"BreadcrumbList\",\"@id\":\"https:\/\/btektech.com\/de\/product\/schneckengetriebe-schlauchschelle\/#breadcrumb\",\"itemListElement\":[{\"@type\":\"ListItem\",\"position\":1,\"name\":\"Home\",\"item\":\"https:\/\/btektech.com\/de\/home-2\/\"},{\"@type\":\"ListItem\",\"position\":2,\"name\":\"\u00dcr\u00fcnler\",\"item\":\"https:\/\/btektech.com\/tr\/shop\/\"},{\"@type\":\"ListItem\",\"position\":3,\"name\":\"Heavy-Duty &amp; Industrial Hose Clamps\",\"item\":\"https:\/\/btektech.com\/product-category\/heavy-duty-and-industrial-hose-clamps\/\"},{\"@type\":\"ListItem\",\"position\":4,\"name\":\"Schneckengetriebe-Schlauchschelle\"}]},{\"@type\":\"WebSite\",\"@id\":\"https:\/\/btektech.com\/#website\",\"url\":\"https:\/\/btektech.com\/\",\"name\":\"Btektech\",\"description\":\"\",\"publisher\":{\"@id\":\"https:\/\/btektech.com\/#organization\"},\"potentialAction\":[{\"@type\":\"SearchAction\",\"target\":{\"@type\":\"EntryPoint\",\"urlTemplate\":\"https:\/\/btektech.com\/?s={search_term_string}\"},\"query-input\":{\"@type\":\"PropertyValueSpecification\",\"valueRequired\":true,\"valueName\":\"search_term_string\"}}],\"inLanguage\":\"de\"},{\"@type\":\"Organization\",\"@id\":\"https:\/\/btektech.com\/#organization\",\"name\":\"Btektech\",\"url\":\"https:\/\/btektech.com\/\",\"logo\":{\"@type\":\"ImageObject\",\"inLanguage\":\"de\",\"@id\":\"https:\/\/btektech.com\/#\/schema\/logo\/image\/\",\"url\":\"https:\/\/btektech.com\/wp-content\/uploads\/2021\/08\/btektech-logo.png\",\"contentUrl\":\"https:\/\/btektech.com\/wp-content\/uploads\/2021\/08\/btektech-logo.png\",\"width\":250,\"height\":114,\"caption\":\"Btektech\"},\"image\":{\"@id\":\"https:\/\/btektech.com\/#\/schema\/logo\/image\/\"},\"sameAs\":[\"https:\/\/x.com\/Btektech1\",\"https:\/\/www.instagram.com\/btektech\/\",\"https:\/\/www.linkedin.com\/company\/suzhou-baotailong-electronic-materials-co-ltd\/\",\"https:\/\/www.pinterest.com\/btektech\/_saved\/\",\"https:\/\/www.youtube.com\/channel\/UCBiw4Bc4CmQDrdo-QqyVTqQ\"]}]}<\/script>\n<!-- \/ Yoast SEO plugin. -->","yoast_head_json":{"title":"Schneckengetriebe-Schlauchschelle","description":"Die Schneckengetriebe-Schlauchschelle (inklusive Band, Geh\u00e4use und Schrauben) besteht aus hochwertigem Edelstahlmaterial.","robots":{"index":"index","follow":"follow","max-snippet":"max-snippet:-1","max-image-preview":"max-image-preview:large","max-video-preview":"max-video-preview:-1"},"canonical":"https:\/\/btektech.com\/de\/product\/schneckengetriebe-schlauchschelle\/","og_locale":"de_DE","og_type":"article","og_title":"Schneckengetriebe-Schlauchschelle","og_description":"Die Schneckengetriebe-Schlauchschelle (inklusive Band, Geh\u00e4use und Schrauben) besteht aus hochwertigem Edelstahlmaterial.","og_url":"https:\/\/btektech.com\/de\/product\/schneckengetriebe-schlauchschelle\/","og_site_name":"Btektech","article_modified_time":"2022-11-21T01:49:30+00:00","og_image":[{"width":550,"height":550,"url":"https:\/\/btektech.com\/wp-content\/uploads\/2022\/06\/Worm-Gear-Hose-Clamp-6.jpg","type":"image\/jpeg"}],"twitter_card":"summary_large_image","twitter_site":"@Btektech1","twitter_misc":{"Gesch\u00e4tzte Lesezeit":"1\u00a0Minute"},"schema":{"@context":"https:\/\/schema.org","@graph":[{"@type":["WebPage","ItemPage"],"@id":"https:\/\/btektech.com\/de\/product\/schneckengetriebe-schlauchschelle\/","url":"https:\/\/btektech.com\/de\/product\/schneckengetriebe-schlauchschelle\/","name":"Schneckengetriebe-Schlauchschelle","isPartOf":{"@id":"https:\/\/btektech.com\/#website"},"primaryImageOfPage":{"@id":"https:\/\/btektech.com\/de\/product\/schneckengetriebe-schlauchschelle\/#primaryimage"},"image":{"@id":"https:\/\/btektech.com\/de\/product\/schneckengetriebe-schlauchschelle\/#primaryimage"},"thumbnailUrl":"https:\/\/btektech.com\/wp-content\/uploads\/2022\/06\/Worm-Gear-Hose-Clamp-6.jpg","datePublished":"2022-06-20T03:33:17+00:00","dateModified":"2022-11-21T01:49:30+00:00","description":"Die Schneckengetriebe-Schlauchschelle (inklusive Band, Geh\u00e4use und Schrauben) besteht aus hochwertigem Edelstahlmaterial.","breadcrumb":{"@id":"https:\/\/btektech.com\/de\/product\/schneckengetriebe-schlauchschelle\/#breadcrumb"},"inLanguage":"de","potentialAction":[{"@type":"ReadAction","target":["https:\/\/btektech.com\/de\/product\/schneckengetriebe-schlauchschelle\/"]}]},{"@type":"ImageObject","inLanguage":"de","@id":"https:\/\/btektech.com\/de\/product\/schneckengetriebe-schlauchschelle\/#primaryimage","url":"https:\/\/btektech.com\/wp-content\/uploads\/2022\/06\/Worm-Gear-Hose-Clamp-6.jpg","contentUrl":"https:\/\/btektech.com\/wp-content\/uploads\/2022\/06\/Worm-Gear-Hose-Clamp-6.jpg","width":550,"height":550,"caption":"Schneckengetriebe-Schlauchschelle"},{"@type":"BreadcrumbList","@id":"https:\/\/btektech.com\/de\/product\/schneckengetriebe-schlauchschelle\/#breadcrumb","itemListElement":[{"@type":"ListItem","position":1,"name":"Home","item":"https:\/\/btektech.com\/de\/home-2\/"},{"@type":"ListItem","position":2,"name":"\u00dcr\u00fcnler","item":"https:\/\/btektech.com\/tr\/shop\/"},{"@type":"ListItem","position":3,"name":"Heavy-Duty &amp; Industrial Hose Clamps","item":"https:\/\/btektech.com\/product-category\/heavy-duty-and-industrial-hose-clamps\/"},{"@type":"ListItem","position":4,"name":"Schneckengetriebe-Schlauchschelle"}]},{"@type":"WebSite","@id":"https:\/\/btektech.com\/#website","url":"https:\/\/btektech.com\/","name":"Btektech","description":"","publisher":{"@id":"https:\/\/btektech.com\/#organization"},"potentialAction":[{"@type":"SearchAction","target":{"@type":"EntryPoint","urlTemplate":"https:\/\/btektech.com\/?s={search_term_string}"},"query-input":{"@type":"PropertyValueSpecification","valueRequired":true,"valueName":"search_term_string"}}],"inLanguage":"de"},{"@type":"Organization","@id":"https:\/\/btektech.com\/#organization","name":"Btektech","url":"https:\/\/btektech.com\/","logo":{"@type":"ImageObject","inLanguage":"de","@id":"https:\/\/btektech.com\/#\/schema\/logo\/image\/","url":"https:\/\/btektech.com\/wp-content\/uploads\/2021\/08\/btektech-logo.png","contentUrl":"https:\/\/btektech.com\/wp-content\/uploads\/2021\/08\/btektech-logo.png","width":250,"height":114,"caption":"Btektech"},"image":{"@id":"https:\/\/btektech.com\/#\/schema\/logo\/image\/"},"sameAs":["https:\/\/x.com\/Btektech1","https:\/\/www.instagram.com\/btektech\/","https:\/\/www.linkedin.com\/company\/suzhou-baotailong-electronic-materials-co-ltd\/","https:\/\/www.pinterest.com\/btektech\/_saved\/","https:\/\/www.youtube.com\/channel\/UCBiw4Bc4CmQDrdo-QqyVTqQ"]}]}},"_links":{"self":[{"href":"https:\/\/btektech.com\/de\/wp-json\/wp\/v2\/product\/6128","targetHints":{"allow":["GET"]}}],"collection":[{"href":"https:\/\/btektech.com\/de\/wp-json\/wp\/v2\/product"}],"about":[{"href":"https:\/\/btektech.com\/de\/wp-json\/wp\/v2\/types\/product"}],"replies":[{"embeddable":true,"href":"https:\/\/btektech.com\/de\/wp-json\/wp\/v2\/comments?post=6128"}],"version-history":[{"count":0,"href":"https:\/\/btektech.com\/de\/wp-json\/wp\/v2\/product\/6128\/revisions"}],"wp:featuredmedia":[{"embeddable":true,"href":"https:\/\/btektech.com\/de\/wp-json\/wp\/v2\/media\/6204"}],"wp:attachment":[{"href":"https:\/\/btektech.com\/de\/wp-json\/wp\/v2\/media?parent=6128"}],"wp:term":[{"taxonomy":"product_brand","embeddable":true,"href":"https:\/\/btektech.com\/de\/wp-json\/wp\/v2\/product_brand?post=6128"},{"taxonomy":"product_cat","embeddable":true,"href":"https:\/\/btektech.com\/de\/wp-json\/wp\/v2\/product_cat?post=6128"},{"taxonomy":"product_tag","embeddable":true,"href":"https:\/\/btektech.com\/de\/wp-json\/wp\/v2\/product_tag?post=6128"}],"curies":[{"name":"wp","href":"https:\/\/api.w.org\/{rel}","templated":true}]}}