{"id":5515,"date":"2021-08-25T09:04:32","date_gmt":"2022-04-26T17:03:23","guid":{"rendered":"https:\/\/btektech.com\/product\/kunststoff-mischduese-dynamisches-mischrohr\/"},"modified":"2022-07-28T02:45:50","modified_gmt":"2022-07-28T02:45:50","slug":"kunststoff-mischdusen-dynamik-mischrohr","status":"publish","type":"product","link":"https:\/\/btektech.com\/de\/product\/kunststoff-mischdusen-dynamik-mischrohr\/","title":{"rendered":"Kunststoff-Mischd\u00fcse Dynamisches Mischrohr"},"content":{"rendered":"<p>Dynamische Mischd\u00fcse und der Unterschied zwischen statischen Mischrohr, Rohrspirale Blatt kann schnelle Rotation, nat\u00fcrlich, die Drehkraft kommt aus der Kombination von Maschine, die L\u00fccke dieser einzigartigen Anteil Mischrohr eignet sich f\u00fcr die Fl\u00fcssigkeit und Schaum Fl\u00fcssigkeit, wie Ethan, wie Gummi, dynamische Mischrohr ist sehr leicht zu reinigen, ist eine Zwei-Komponenten-Fl\u00fcssigkeitsgemisch bietet eine kosteng\u00fcnstige L\u00f6sung, mit gemischten Rohr kann Arbeitskr\u00e4fte sparen, Abfall zu reduzieren, die Produktivit\u00e4t zu verbessern und die Produktionskosten deutlich zu reduzieren, die Produktanwendung in der elektronischen Fertigung, elektrische Fertigung, Hoch- und Tiefbau, Automobilbau, Geschenk Dekoration, etc. weit verbreitet in allen Arten von Zwei-Komponenten-Klebstoff, F\u00fcllstoff gemischt (einschlie\u00dflich Epoxidharz, Silikon, PU, UV).<\/p>\n<div style=\"text-align: center;\">\n<img decoding=\"async\" class=\"alignnone size-medium wp-image-1172\" src=\"https:\/\/btektech.com\/wp-content\/uploads\/2021\/08\/%E9%9D%99%E6%80%81-300x70.jpg\" alt=\"\" width=\"300\" height=\"70\"><\/div>\n<div style=\"overflow: auto;\">\n<table style=\"text-align: center;\">\n<tbody>\n<tr>\n<th>Nein.<\/th>\n<th>Teil Nr.<\/th>\n<th>Elemente<\/th>\n<th>Innendurchmesser (mm)<\/th>\n<th>L(mm)<\/th>\n<th>Au\u00dfendurchmesser (mm)<\/th>\n<th>A(mm)<\/th>\n<th>Innere Farbe<\/th>\n<\/tr>\n<tr>\n<td>D1<\/td>\n<td>RM12-16<\/td>\n<td>16<\/td>\n<td>12<\/td>\n<td>128<\/td>\n<td>16<\/td>\n<td>2.8<\/td>\n<td>rot<\/td>\n<\/tr>\n<tr>\n<td>D2<\/td>\n<td>RM12-16<\/td>\n<td>16<\/td>\n<td>12<\/td>\n<td>128<\/td>\n<td>16<\/td>\n<td>2.8<\/td>\n<td>Gr\u00fcn<\/td>\n<\/tr>\n<tr>\n<td>D3<\/td>\n<td>RM12-26<\/td>\n<td>26<\/td>\n<td>12<\/td>\n<td>182<\/td>\n<td>16<\/td>\n<td>4.5<\/td>\n<td>rot<\/td>\n<\/tr>\n<tr>\n<td>D4<\/td>\n<td>RM12-26<\/td>\n<td>26<\/td>\n<td>12<\/td>\n<td>182<\/td>\n<td>16<\/td>\n<td>4.5<\/td>\n<td>Gr\u00fcn<\/td>\n<\/tr>\n<tr>\n<td>D5<\/td>\n<td>RM17-26<\/td>\n<td>26<\/td>\n<td>17<\/td>\n<td>216<\/td>\n<td>21<\/td>\n<td>4.5<\/td>\n<td>rot<\/td>\n<\/tr>\n<tr>\n<td>D6<\/td>\n<td>RM17-26<\/td>\n<td>26<\/td>\n<td>17<\/td>\n<td>216<\/td>\n<td>21<\/td>\n<td>4.5<\/td>\n<td>Gr\u00fcn<\/td>\n<\/tr>\n<tr>\n<td>D7<\/td>\n<td>RS12-16<\/td>\n<td>16<\/td>\n<td>12<\/td>\n<td>128<\/td>\n<td>16<\/td>\n<td>2.8<\/td>\n<td>rot<\/td>\n<\/tr>\n<tr>\n<td>D8<\/td>\n<td>RS12-16<\/td>\n<td>16<\/td>\n<td>12<\/td>\n<td>128<\/td>\n<td>16<\/td>\n<td>2.8<\/td>\n<td>Gr\u00fcn<\/td>\n<\/tr>\n<tr>\n<td>D9<\/td>\n<td>RS12-26<\/td>\n<td>26<\/td>\n<td>12<\/td>\n<td>182<\/td>\n<td>16<\/td>\n<td>4.5<\/td>\n<td>rot<\/td>\n<\/tr>\n<tr>\n<td>D10<\/td>\n<td>RS12-26<\/td>\n<td>26<\/td>\n<td>12<\/td>\n<td>182<\/td>\n<td>16<\/td>\n<td>4.5<\/td>\n<td>Gr\u00fcn<\/td>\n<\/tr>\n<tr>\n<td>D11<\/td>\n<td>R10-12S<\/td>\n<td>12<\/td>\n<td>10<\/td>\n<td>155<\/td>\n<td>14<\/td>\n<td>3<\/td>\n<td>Gr\u00fcn<\/td>\n<\/tr>\n<tr>\n<td>D12<\/td>\n<td>R13-12S<\/td>\n<td>12<\/td>\n<td>13<\/td>\n<td>197<\/td>\n<td>17<\/td>\n<td>4<\/td>\n<td>Gr\u00fcn<\/td>\n<\/tr>\n<tr>\n<td>D13<\/td>\n<td>SEK13-25<\/td>\n<td>23<\/td>\n<td>13<\/td>\n<td>178<\/td>\n<td>18<\/td>\n<td>4.5<\/td>\n<td>rot<\/td>\n<\/tr>\n<\/tbody>\n<\/table>\n<\/div>\n","protected":false},"excerpt":{"rendered":"<p>RM\/RS Serie dynamische Mischd\u00fcse, ist ein inl\u00e4ndisches Mischrohr, wissenschaftliches Design, langlebiges Material, passend zu den entsprechenden dynamischen Mischventil, um Kunden mit einem geeigneten, kosteng\u00fcnstigen Mischen Leim und Tropf Perfusion Schema bieten.<\/p>\n","protected":false},"featured_media":4315,"comment_status":"open","ping_status":"closed","template":"","meta":{"_acf_changed":false},"product_brand":[],"product_cat":[266],"product_tag":[],"class_list":{"0":"post-5515","1":"product","2":"type-product","3":"status-publish","4":"has-post-thumbnail","6":"product_cat-uncategorized-de","8":"first","9":"instock","10":"shipping-taxable","11":"product-type-simple"},"acf":[],"yoast_head":"<!-- This site is optimized with the Yoast SEO plugin v26.0 - https:\/\/yoast.com\/wordpress\/plugins\/seo\/ -->\n<title>Kunststoff-Mischd\u00fcse Dynamisches Mischrohr - Btektech<\/title>\n<meta name=\"description\" content=\"RM\/RS Serie dynamische Mischd\u00fcse, ist ein inl\u00e4ndisches Mischrohr, wissenschaftliches Design, langlebiges Material, passend zu den entsprechenden dynamischen Mischventil\" \/>\n<meta name=\"robots\" content=\"index, follow, max-snippet:-1, max-image-preview:large, max-video-preview:-1\" \/>\n<link rel=\"canonical\" href=\"https:\/\/btektech.com\/de\/product\/kunststoff-mischdusen-dynamik-mischrohr\/\" \/>\n<meta property=\"og:locale\" content=\"de_DE\" \/>\n<meta property=\"og:type\" content=\"article\" \/>\n<meta property=\"og:title\" content=\"Kunststoff-Mischd\u00fcse Dynamisches Mischrohr - Btektech\" \/>\n<meta property=\"og:description\" content=\"RM\/RS Serie dynamische Mischd\u00fcse, ist ein inl\u00e4ndisches Mischrohr, wissenschaftliches Design, langlebiges Material, passend zu den entsprechenden dynamischen Mischventil\" \/>\n<meta property=\"og:url\" content=\"https:\/\/btektech.com\/de\/product\/kunststoff-mischdusen-dynamik-mischrohr\/\" \/>\n<meta property=\"og:site_name\" content=\"Btektech\" \/>\n<meta property=\"article:modified_time\" content=\"2022-07-28T02:45:50+00:00\" \/>\n<meta property=\"og:image\" content=\"https:\/\/btektech.com\/wp-content\/uploads\/2021\/08\/20211130.jpg\" \/>\n\t<meta property=\"og:image:width\" content=\"1400\" \/>\n\t<meta property=\"og:image:height\" content=\"1400\" \/>\n\t<meta property=\"og:image:type\" content=\"image\/jpeg\" \/>\n<meta name=\"twitter:card\" content=\"summary_large_image\" \/>\n<meta name=\"twitter:site\" content=\"@Btektech1\" \/>\n<meta name=\"twitter:label1\" content=\"Gesch\u00e4tzte Lesezeit\" \/>\n\t<meta name=\"twitter:data1\" content=\"1\u00a0Minute\" \/>\n<script type=\"application\/ld+json\" class=\"yoast-schema-graph\">{\"@context\":\"https:\/\/schema.org\",\"@graph\":[{\"@type\":[\"WebPage\",\"ItemPage\"],\"@id\":\"https:\/\/btektech.com\/de\/product\/kunststoff-mischdusen-dynamik-mischrohr\/\",\"url\":\"https:\/\/btektech.com\/de\/product\/kunststoff-mischdusen-dynamik-mischrohr\/\",\"name\":\"Kunststoff-Mischd\u00fcse Dynamisches Mischrohr - Btektech\",\"isPartOf\":{\"@id\":\"https:\/\/btektech.com\/#website\"},\"primaryImageOfPage\":{\"@id\":\"https:\/\/btektech.com\/de\/product\/kunststoff-mischdusen-dynamik-mischrohr\/#primaryimage\"},\"image\":{\"@id\":\"https:\/\/btektech.com\/de\/product\/kunststoff-mischdusen-dynamik-mischrohr\/#primaryimage\"},\"thumbnailUrl\":\"https:\/\/btektech.com\/wp-content\/uploads\/2021\/08\/20211130.jpg\",\"datePublished\":\"2022-04-26T17:03:23+00:00\",\"dateModified\":\"2022-07-28T02:45:50+00:00\",\"description\":\"RM\/RS Serie dynamische Mischd\u00fcse, ist ein inl\u00e4ndisches Mischrohr, wissenschaftliches Design, langlebiges Material, passend zu den entsprechenden dynamischen Mischventil\",\"breadcrumb\":{\"@id\":\"https:\/\/btektech.com\/de\/product\/kunststoff-mischdusen-dynamik-mischrohr\/#breadcrumb\"},\"inLanguage\":\"de\",\"potentialAction\":[{\"@type\":\"ReadAction\",\"target\":[\"https:\/\/btektech.com\/de\/product\/kunststoff-mischdusen-dynamik-mischrohr\/\"]}]},{\"@type\":\"ImageObject\",\"inLanguage\":\"de\",\"@id\":\"https:\/\/btektech.com\/de\/product\/kunststoff-mischdusen-dynamik-mischrohr\/#primaryimage\",\"url\":\"https:\/\/btektech.com\/wp-content\/uploads\/2021\/08\/20211130.jpg\",\"contentUrl\":\"https:\/\/btektech.com\/wp-content\/uploads\/2021\/08\/20211130.jpg\",\"width\":1400,\"height\":1400,\"caption\":\"Kunststoff-Mischd\u00fcse Dynamisches Mischrohr\"},{\"@type\":\"BreadcrumbList\",\"@id\":\"https:\/\/btektech.com\/de\/product\/kunststoff-mischdusen-dynamik-mischrohr\/#breadcrumb\",\"itemListElement\":[{\"@type\":\"ListItem\",\"position\":1,\"name\":\"Home\",\"item\":\"https:\/\/btektech.com\/de\/home-2\/\"},{\"@type\":\"ListItem\",\"position\":2,\"name\":\"\u00dcr\u00fcnler\",\"item\":\"https:\/\/btektech.com\/tr\/shop\/\"},{\"@type\":\"ListItem\",\"position\":3,\"name\":\"Kunststoff-Mischd\u00fcse Dynamisches Mischrohr\"}]},{\"@type\":\"WebSite\",\"@id\":\"https:\/\/btektech.com\/#website\",\"url\":\"https:\/\/btektech.com\/\",\"name\":\"Btektech\",\"description\":\"\",\"publisher\":{\"@id\":\"https:\/\/btektech.com\/#organization\"},\"potentialAction\":[{\"@type\":\"SearchAction\",\"target\":{\"@type\":\"EntryPoint\",\"urlTemplate\":\"https:\/\/btektech.com\/?s={search_term_string}\"},\"query-input\":{\"@type\":\"PropertyValueSpecification\",\"valueRequired\":true,\"valueName\":\"search_term_string\"}}],\"inLanguage\":\"de\"},{\"@type\":\"Organization\",\"@id\":\"https:\/\/btektech.com\/#organization\",\"name\":\"Btektech\",\"url\":\"https:\/\/btektech.com\/\",\"logo\":{\"@type\":\"ImageObject\",\"inLanguage\":\"de\",\"@id\":\"https:\/\/btektech.com\/#\/schema\/logo\/image\/\",\"url\":\"https:\/\/btektech.com\/wp-content\/uploads\/2021\/08\/btektech-logo.png\",\"contentUrl\":\"https:\/\/btektech.com\/wp-content\/uploads\/2021\/08\/btektech-logo.png\",\"width\":250,\"height\":114,\"caption\":\"Btektech\"},\"image\":{\"@id\":\"https:\/\/btektech.com\/#\/schema\/logo\/image\/\"},\"sameAs\":[\"https:\/\/x.com\/Btektech1\",\"https:\/\/www.instagram.com\/btektech\/\",\"https:\/\/www.linkedin.com\/company\/suzhou-baotailong-electronic-materials-co-ltd\/\",\"https:\/\/www.pinterest.com\/btektech\/_saved\/\",\"https:\/\/www.youtube.com\/channel\/UCBiw4Bc4CmQDrdo-QqyVTqQ\"]}]}<\/script>\n<!-- \/ Yoast SEO plugin. -->","yoast_head_json":{"title":"Kunststoff-Mischd\u00fcse Dynamisches Mischrohr - Btektech","description":"RM\/RS Serie dynamische Mischd\u00fcse, ist ein inl\u00e4ndisches Mischrohr, wissenschaftliches Design, langlebiges Material, passend zu den entsprechenden dynamischen Mischventil","robots":{"index":"index","follow":"follow","max-snippet":"max-snippet:-1","max-image-preview":"max-image-preview:large","max-video-preview":"max-video-preview:-1"},"canonical":"https:\/\/btektech.com\/de\/product\/kunststoff-mischdusen-dynamik-mischrohr\/","og_locale":"de_DE","og_type":"article","og_title":"Kunststoff-Mischd\u00fcse Dynamisches Mischrohr - Btektech","og_description":"RM\/RS Serie dynamische Mischd\u00fcse, ist ein inl\u00e4ndisches Mischrohr, wissenschaftliches Design, langlebiges Material, passend zu den entsprechenden dynamischen Mischventil","og_url":"https:\/\/btektech.com\/de\/product\/kunststoff-mischdusen-dynamik-mischrohr\/","og_site_name":"Btektech","article_modified_time":"2022-07-28T02:45:50+00:00","og_image":[{"width":1400,"height":1400,"url":"https:\/\/btektech.com\/wp-content\/uploads\/2021\/08\/20211130.jpg","type":"image\/jpeg"}],"twitter_card":"summary_large_image","twitter_site":"@Btektech1","twitter_misc":{"Gesch\u00e4tzte Lesezeit":"1\u00a0Minute"},"schema":{"@context":"https:\/\/schema.org","@graph":[{"@type":["WebPage","ItemPage"],"@id":"https:\/\/btektech.com\/de\/product\/kunststoff-mischdusen-dynamik-mischrohr\/","url":"https:\/\/btektech.com\/de\/product\/kunststoff-mischdusen-dynamik-mischrohr\/","name":"Kunststoff-Mischd\u00fcse Dynamisches Mischrohr - Btektech","isPartOf":{"@id":"https:\/\/btektech.com\/#website"},"primaryImageOfPage":{"@id":"https:\/\/btektech.com\/de\/product\/kunststoff-mischdusen-dynamik-mischrohr\/#primaryimage"},"image":{"@id":"https:\/\/btektech.com\/de\/product\/kunststoff-mischdusen-dynamik-mischrohr\/#primaryimage"},"thumbnailUrl":"https:\/\/btektech.com\/wp-content\/uploads\/2021\/08\/20211130.jpg","datePublished":"2022-04-26T17:03:23+00:00","dateModified":"2022-07-28T02:45:50+00:00","description":"RM\/RS Serie dynamische Mischd\u00fcse, ist ein inl\u00e4ndisches Mischrohr, wissenschaftliches Design, langlebiges Material, passend zu den entsprechenden dynamischen Mischventil","breadcrumb":{"@id":"https:\/\/btektech.com\/de\/product\/kunststoff-mischdusen-dynamik-mischrohr\/#breadcrumb"},"inLanguage":"de","potentialAction":[{"@type":"ReadAction","target":["https:\/\/btektech.com\/de\/product\/kunststoff-mischdusen-dynamik-mischrohr\/"]}]},{"@type":"ImageObject","inLanguage":"de","@id":"https:\/\/btektech.com\/de\/product\/kunststoff-mischdusen-dynamik-mischrohr\/#primaryimage","url":"https:\/\/btektech.com\/wp-content\/uploads\/2021\/08\/20211130.jpg","contentUrl":"https:\/\/btektech.com\/wp-content\/uploads\/2021\/08\/20211130.jpg","width":1400,"height":1400,"caption":"Kunststoff-Mischd\u00fcse Dynamisches Mischrohr"},{"@type":"BreadcrumbList","@id":"https:\/\/btektech.com\/de\/product\/kunststoff-mischdusen-dynamik-mischrohr\/#breadcrumb","itemListElement":[{"@type":"ListItem","position":1,"name":"Home","item":"https:\/\/btektech.com\/de\/home-2\/"},{"@type":"ListItem","position":2,"name":"\u00dcr\u00fcnler","item":"https:\/\/btektech.com\/tr\/shop\/"},{"@type":"ListItem","position":3,"name":"Kunststoff-Mischd\u00fcse Dynamisches Mischrohr"}]},{"@type":"WebSite","@id":"https:\/\/btektech.com\/#website","url":"https:\/\/btektech.com\/","name":"Btektech","description":"","publisher":{"@id":"https:\/\/btektech.com\/#organization"},"potentialAction":[{"@type":"SearchAction","target":{"@type":"EntryPoint","urlTemplate":"https:\/\/btektech.com\/?s={search_term_string}"},"query-input":{"@type":"PropertyValueSpecification","valueRequired":true,"valueName":"search_term_string"}}],"inLanguage":"de"},{"@type":"Organization","@id":"https:\/\/btektech.com\/#organization","name":"Btektech","url":"https:\/\/btektech.com\/","logo":{"@type":"ImageObject","inLanguage":"de","@id":"https:\/\/btektech.com\/#\/schema\/logo\/image\/","url":"https:\/\/btektech.com\/wp-content\/uploads\/2021\/08\/btektech-logo.png","contentUrl":"https:\/\/btektech.com\/wp-content\/uploads\/2021\/08\/btektech-logo.png","width":250,"height":114,"caption":"Btektech"},"image":{"@id":"https:\/\/btektech.com\/#\/schema\/logo\/image\/"},"sameAs":["https:\/\/x.com\/Btektech1","https:\/\/www.instagram.com\/btektech\/","https:\/\/www.linkedin.com\/company\/suzhou-baotailong-electronic-materials-co-ltd\/","https:\/\/www.pinterest.com\/btektech\/_saved\/","https:\/\/www.youtube.com\/channel\/UCBiw4Bc4CmQDrdo-QqyVTqQ"]}]}},"_links":{"self":[{"href":"https:\/\/btektech.com\/de\/wp-json\/wp\/v2\/product\/5515","targetHints":{"allow":["GET"]}}],"collection":[{"href":"https:\/\/btektech.com\/de\/wp-json\/wp\/v2\/product"}],"about":[{"href":"https:\/\/btektech.com\/de\/wp-json\/wp\/v2\/types\/product"}],"replies":[{"embeddable":true,"href":"https:\/\/btektech.com\/de\/wp-json\/wp\/v2\/comments?post=5515"}],"version-history":[{"count":0,"href":"https:\/\/btektech.com\/de\/wp-json\/wp\/v2\/product\/5515\/revisions"}],"wp:featuredmedia":[{"embeddable":true,"href":"https:\/\/btektech.com\/de\/wp-json\/wp\/v2\/media\/4315"}],"wp:attachment":[{"href":"https:\/\/btektech.com\/de\/wp-json\/wp\/v2\/media?parent=5515"}],"wp:term":[{"taxonomy":"product_brand","embeddable":true,"href":"https:\/\/btektech.com\/de\/wp-json\/wp\/v2\/product_brand?post=5515"},{"taxonomy":"product_cat","embeddable":true,"href":"https:\/\/btektech.com\/de\/wp-json\/wp\/v2\/product_cat?post=5515"},{"taxonomy":"product_tag","embeddable":true,"href":"https:\/\/btektech.com\/de\/wp-json\/wp\/v2\/product_tag?post=5515"}],"curies":[{"name":"wp","href":"https:\/\/api.w.org\/{rel}","templated":true}]}}