{"id":5511,"date":"2021-08-25T09:11:12","date_gmt":"2022-04-26T17:02:47","guid":{"rendered":"https:\/\/btektech.com\/product\/spritzenpatrone-im-amerikanischen-stil\/"},"modified":"2022-09-06T05:25:36","modified_gmt":"2022-09-06T05:25:36","slug":"dosierspritze","status":"publish","type":"product","link":"https:\/\/btektech.com\/de\/product\/dosierspritze\/","title":{"rendered":"Dosierspritze"},"content":{"rendered":"<p>Btektech Dosierspritze w\u00e4hlen speziell entwickelte nicht-schr\u00e4ge vertikale Wand Schraube Z\u00e4hne klar und einheitlich, die Nadel ist leicht zu ziehen, nicht leicht zu fallen, in der Abgabe mit einem speziellen Kolben, so dass die Fl\u00fcssigkeit in der Spritze sauber ohne Klebstoffreste.<br \/>\nBtektech Dosierspritze erh\u00e4ltlich in drei Farben: transparent f\u00fcr allgemeine Fl\u00fcssigkeiten, hellbraun f\u00fcr UV-Klebstoffe (f\u00fcr Wellenl\u00e4ngen von 280 bis 390 nm) und schwarz f\u00fcr fotoh\u00e4rtbare Klebstoffe mit UV-Schutz.<\/p>\n<div style=\"overflow: auto;\">\n<table style=\"text-align: center;\">\n<tbody>\n<tr>\n<th>Farbe<\/th>\n<th>Kapazit\u00e4t(CC)<\/th>\n<th>ID(mm)<\/th>\n<th>OD(mm)<\/th>\n<th>L\u00e4nge(mm)<\/th>\n<\/tr>\n<tr>\n<td>Klar\/Bernstein<\/td>\n<td>3<\/td>\n<td>9.5<\/td>\n<td>11.5<\/td>\n<td>74.4<\/td>\n<\/tr>\n<tr>\n<td>Klar\/Bernstein<\/td>\n<td>5<\/td>\n<td>12.6<\/td>\n<td>14.4<\/td>\n<td>70<\/td>\n<\/tr>\n<tr>\n<td>Klar\/Bernstein<\/td>\n<td>10<\/td>\n<td>15.6<\/td>\n<td>18.5<\/td>\n<td>91<\/td>\n<\/tr>\n<tr>\n<td>Klar\/Bernstein<\/td>\n<td>30<\/td>\n<td>22.5<\/td>\n<td>25.5<\/td>\n<td>118.5<\/td>\n<\/tr>\n<tr>\n<td>Klar\/Bernstein<\/td>\n<td>55<\/td>\n<td>22.5<\/td>\n<td>25.5<\/td>\n<td>174.5<\/td>\n<\/tr>\n<tr>\n<td>Klar\/Bernstein<\/td>\n<td>100<\/td>\n<td>31<\/td>\n<td>37<\/td>\n<td>191.5<\/td>\n<\/tr>\n<tr>\n<td>Klar\/Bernstein<\/td>\n<td>200<\/td>\n<td>40<\/td>\n<td>45.4<\/td>\n<td>230<\/td>\n<\/tr>\n<tr>\n<td>Klar\/Bernstein<\/td>\n<td>300<\/td>\n<td>50<\/td>\n<td>55<\/td>\n<td>200<\/td>\n<\/tr>\n<\/tbody>\n<\/table>\n<\/div>\n","protected":false},"excerpt":{"rendered":"<p>Der Dosierspritze besteht aus importiertem Verdickungsmaterial, das nicht so leicht platzt. Das Design der Faden\u00f6ffnung kann sicherstellen, dass die Nadel nicht verloren geht. Lieferspezifikationen von 3CC bis 300CC.<\/p>\n","protected":false},"featured_media":1810,"comment_status":"open","ping_status":"closed","template":"","meta":{"_acf_changed":false},"product_brand":[],"product_cat":[266],"product_tag":[],"class_list":{"0":"post-5511","1":"product","2":"type-product","3":"status-publish","4":"has-post-thumbnail","6":"product_cat-uncategorized-de","8":"first","9":"instock","10":"shipping-taxable","11":"product-type-simple"},"acf":[],"yoast_head":"<!-- This site is optimized with the Yoast SEO plugin v26.0 - https:\/\/yoast.com\/wordpress\/plugins\/seo\/ -->\n<title>Dosierspritze -Btektech<\/title>\n<meta name=\"description\" content=\"Der Dosierspritze besteht aus importiertem Verdickungsmaterial, das nicht so leicht platzt. Lieferspezifikationen von 3CC bis 300CC.\" \/>\n<meta name=\"robots\" content=\"index, follow, max-snippet:-1, max-image-preview:large, max-video-preview:-1\" \/>\n<link rel=\"canonical\" href=\"https:\/\/btektech.com\/de\/product\/dosierspritze\/\" \/>\n<meta property=\"og:locale\" content=\"de_DE\" \/>\n<meta property=\"og:type\" content=\"article\" \/>\n<meta property=\"og:title\" content=\"Dosierspritze -Btektech\" \/>\n<meta property=\"og:description\" content=\"Der Dosierspritze besteht aus importiertem Verdickungsmaterial, das nicht so leicht platzt. Lieferspezifikationen von 3CC bis 300CC.\" \/>\n<meta property=\"og:url\" content=\"https:\/\/btektech.com\/de\/product\/dosierspritze\/\" \/>\n<meta property=\"og:site_name\" content=\"Btektech\" \/>\n<meta property=\"article:modified_time\" content=\"2022-09-06T05:25:36+00:00\" \/>\n<meta property=\"og:image\" content=\"https:\/\/btektech.com\/wp-content\/uploads\/2021\/08\/IMG_4814-b.jpg\" \/>\n\t<meta property=\"og:image:width\" content=\"800\" \/>\n\t<meta property=\"og:image:height\" content=\"800\" \/>\n\t<meta property=\"og:image:type\" content=\"image\/jpeg\" \/>\n<meta name=\"twitter:card\" content=\"summary_large_image\" \/>\n<meta name=\"twitter:site\" content=\"@Btektech1\" \/>\n<meta name=\"twitter:label1\" content=\"Gesch\u00e4tzte Lesezeit\" \/>\n\t<meta name=\"twitter:data1\" content=\"1\u00a0Minute\" \/>\n<script type=\"application\/ld+json\" class=\"yoast-schema-graph\">{\"@context\":\"https:\/\/schema.org\",\"@graph\":[{\"@type\":[\"WebPage\",\"ItemPage\"],\"@id\":\"https:\/\/btektech.com\/de\/product\/dosierspritze\/\",\"url\":\"https:\/\/btektech.com\/de\/product\/dosierspritze\/\",\"name\":\"Dosierspritze -Btektech\",\"isPartOf\":{\"@id\":\"https:\/\/btektech.com\/#website\"},\"primaryImageOfPage\":{\"@id\":\"https:\/\/btektech.com\/de\/product\/dosierspritze\/#primaryimage\"},\"image\":{\"@id\":\"https:\/\/btektech.com\/de\/product\/dosierspritze\/#primaryimage\"},\"thumbnailUrl\":\"https:\/\/btektech.com\/wp-content\/uploads\/2021\/08\/IMG_4814-b.jpg\",\"datePublished\":\"2022-04-26T17:02:47+00:00\",\"dateModified\":\"2022-09-06T05:25:36+00:00\",\"description\":\"Der Dosierspritze besteht aus importiertem Verdickungsmaterial, das nicht so leicht platzt. Lieferspezifikationen von 3CC bis 300CC.\",\"breadcrumb\":{\"@id\":\"https:\/\/btektech.com\/de\/product\/dosierspritze\/#breadcrumb\"},\"inLanguage\":\"de\",\"potentialAction\":[{\"@type\":\"ReadAction\",\"target\":[\"https:\/\/btektech.com\/de\/product\/dosierspritze\/\"]}]},{\"@type\":\"ImageObject\",\"inLanguage\":\"de\",\"@id\":\"https:\/\/btektech.com\/de\/product\/dosierspritze\/#primaryimage\",\"url\":\"https:\/\/btektech.com\/wp-content\/uploads\/2021\/08\/IMG_4814-b.jpg\",\"contentUrl\":\"https:\/\/btektech.com\/wp-content\/uploads\/2021\/08\/IMG_4814-b.jpg\",\"width\":800,\"height\":800,\"caption\":\"Dosierspritze\"},{\"@type\":\"BreadcrumbList\",\"@id\":\"https:\/\/btektech.com\/de\/product\/dosierspritze\/#breadcrumb\",\"itemListElement\":[{\"@type\":\"ListItem\",\"position\":1,\"name\":\"Home\",\"item\":\"https:\/\/btektech.com\/de\/home-2\/\"},{\"@type\":\"ListItem\",\"position\":2,\"name\":\"\u00dcr\u00fcnler\",\"item\":\"https:\/\/btektech.com\/tr\/shop\/\"},{\"@type\":\"ListItem\",\"position\":3,\"name\":\"Dosierspritze\"}]},{\"@type\":\"WebSite\",\"@id\":\"https:\/\/btektech.com\/#website\",\"url\":\"https:\/\/btektech.com\/\",\"name\":\"Btektech\",\"description\":\"\",\"publisher\":{\"@id\":\"https:\/\/btektech.com\/#organization\"},\"potentialAction\":[{\"@type\":\"SearchAction\",\"target\":{\"@type\":\"EntryPoint\",\"urlTemplate\":\"https:\/\/btektech.com\/?s={search_term_string}\"},\"query-input\":{\"@type\":\"PropertyValueSpecification\",\"valueRequired\":true,\"valueName\":\"search_term_string\"}}],\"inLanguage\":\"de\"},{\"@type\":\"Organization\",\"@id\":\"https:\/\/btektech.com\/#organization\",\"name\":\"Btektech\",\"url\":\"https:\/\/btektech.com\/\",\"logo\":{\"@type\":\"ImageObject\",\"inLanguage\":\"de\",\"@id\":\"https:\/\/btektech.com\/#\/schema\/logo\/image\/\",\"url\":\"https:\/\/btektech.com\/wp-content\/uploads\/2021\/08\/btektech-logo.png\",\"contentUrl\":\"https:\/\/btektech.com\/wp-content\/uploads\/2021\/08\/btektech-logo.png\",\"width\":250,\"height\":114,\"caption\":\"Btektech\"},\"image\":{\"@id\":\"https:\/\/btektech.com\/#\/schema\/logo\/image\/\"},\"sameAs\":[\"https:\/\/x.com\/Btektech1\",\"https:\/\/www.instagram.com\/btektech\/\",\"https:\/\/www.linkedin.com\/company\/suzhou-baotailong-electronic-materials-co-ltd\/\",\"https:\/\/www.pinterest.com\/btektech\/_saved\/\",\"https:\/\/www.youtube.com\/channel\/UCBiw4Bc4CmQDrdo-QqyVTqQ\"]}]}<\/script>\n<!-- \/ Yoast SEO plugin. -->","yoast_head_json":{"title":"Dosierspritze -Btektech","description":"Der Dosierspritze besteht aus importiertem Verdickungsmaterial, das nicht so leicht platzt. Lieferspezifikationen von 3CC bis 300CC.","robots":{"index":"index","follow":"follow","max-snippet":"max-snippet:-1","max-image-preview":"max-image-preview:large","max-video-preview":"max-video-preview:-1"},"canonical":"https:\/\/btektech.com\/de\/product\/dosierspritze\/","og_locale":"de_DE","og_type":"article","og_title":"Dosierspritze -Btektech","og_description":"Der Dosierspritze besteht aus importiertem Verdickungsmaterial, das nicht so leicht platzt. Lieferspezifikationen von 3CC bis 300CC.","og_url":"https:\/\/btektech.com\/de\/product\/dosierspritze\/","og_site_name":"Btektech","article_modified_time":"2022-09-06T05:25:36+00:00","og_image":[{"width":800,"height":800,"url":"https:\/\/btektech.com\/wp-content\/uploads\/2021\/08\/IMG_4814-b.jpg","type":"image\/jpeg"}],"twitter_card":"summary_large_image","twitter_site":"@Btektech1","twitter_misc":{"Gesch\u00e4tzte Lesezeit":"1\u00a0Minute"},"schema":{"@context":"https:\/\/schema.org","@graph":[{"@type":["WebPage","ItemPage"],"@id":"https:\/\/btektech.com\/de\/product\/dosierspritze\/","url":"https:\/\/btektech.com\/de\/product\/dosierspritze\/","name":"Dosierspritze -Btektech","isPartOf":{"@id":"https:\/\/btektech.com\/#website"},"primaryImageOfPage":{"@id":"https:\/\/btektech.com\/de\/product\/dosierspritze\/#primaryimage"},"image":{"@id":"https:\/\/btektech.com\/de\/product\/dosierspritze\/#primaryimage"},"thumbnailUrl":"https:\/\/btektech.com\/wp-content\/uploads\/2021\/08\/IMG_4814-b.jpg","datePublished":"2022-04-26T17:02:47+00:00","dateModified":"2022-09-06T05:25:36+00:00","description":"Der Dosierspritze besteht aus importiertem Verdickungsmaterial, das nicht so leicht platzt. Lieferspezifikationen von 3CC bis 300CC.","breadcrumb":{"@id":"https:\/\/btektech.com\/de\/product\/dosierspritze\/#breadcrumb"},"inLanguage":"de","potentialAction":[{"@type":"ReadAction","target":["https:\/\/btektech.com\/de\/product\/dosierspritze\/"]}]},{"@type":"ImageObject","inLanguage":"de","@id":"https:\/\/btektech.com\/de\/product\/dosierspritze\/#primaryimage","url":"https:\/\/btektech.com\/wp-content\/uploads\/2021\/08\/IMG_4814-b.jpg","contentUrl":"https:\/\/btektech.com\/wp-content\/uploads\/2021\/08\/IMG_4814-b.jpg","width":800,"height":800,"caption":"Dosierspritze"},{"@type":"BreadcrumbList","@id":"https:\/\/btektech.com\/de\/product\/dosierspritze\/#breadcrumb","itemListElement":[{"@type":"ListItem","position":1,"name":"Home","item":"https:\/\/btektech.com\/de\/home-2\/"},{"@type":"ListItem","position":2,"name":"\u00dcr\u00fcnler","item":"https:\/\/btektech.com\/tr\/shop\/"},{"@type":"ListItem","position":3,"name":"Dosierspritze"}]},{"@type":"WebSite","@id":"https:\/\/btektech.com\/#website","url":"https:\/\/btektech.com\/","name":"Btektech","description":"","publisher":{"@id":"https:\/\/btektech.com\/#organization"},"potentialAction":[{"@type":"SearchAction","target":{"@type":"EntryPoint","urlTemplate":"https:\/\/btektech.com\/?s={search_term_string}"},"query-input":{"@type":"PropertyValueSpecification","valueRequired":true,"valueName":"search_term_string"}}],"inLanguage":"de"},{"@type":"Organization","@id":"https:\/\/btektech.com\/#organization","name":"Btektech","url":"https:\/\/btektech.com\/","logo":{"@type":"ImageObject","inLanguage":"de","@id":"https:\/\/btektech.com\/#\/schema\/logo\/image\/","url":"https:\/\/btektech.com\/wp-content\/uploads\/2021\/08\/btektech-logo.png","contentUrl":"https:\/\/btektech.com\/wp-content\/uploads\/2021\/08\/btektech-logo.png","width":250,"height":114,"caption":"Btektech"},"image":{"@id":"https:\/\/btektech.com\/#\/schema\/logo\/image\/"},"sameAs":["https:\/\/x.com\/Btektech1","https:\/\/www.instagram.com\/btektech\/","https:\/\/www.linkedin.com\/company\/suzhou-baotailong-electronic-materials-co-ltd\/","https:\/\/www.pinterest.com\/btektech\/_saved\/","https:\/\/www.youtube.com\/channel\/UCBiw4Bc4CmQDrdo-QqyVTqQ"]}]}},"_links":{"self":[{"href":"https:\/\/btektech.com\/de\/wp-json\/wp\/v2\/product\/5511","targetHints":{"allow":["GET"]}}],"collection":[{"href":"https:\/\/btektech.com\/de\/wp-json\/wp\/v2\/product"}],"about":[{"href":"https:\/\/btektech.com\/de\/wp-json\/wp\/v2\/types\/product"}],"replies":[{"embeddable":true,"href":"https:\/\/btektech.com\/de\/wp-json\/wp\/v2\/comments?post=5511"}],"version-history":[{"count":0,"href":"https:\/\/btektech.com\/de\/wp-json\/wp\/v2\/product\/5511\/revisions"}],"wp:featuredmedia":[{"embeddable":true,"href":"https:\/\/btektech.com\/de\/wp-json\/wp\/v2\/media\/1810"}],"wp:attachment":[{"href":"https:\/\/btektech.com\/de\/wp-json\/wp\/v2\/media?parent=5511"}],"wp:term":[{"taxonomy":"product_brand","embeddable":true,"href":"https:\/\/btektech.com\/de\/wp-json\/wp\/v2\/product_brand?post=5511"},{"taxonomy":"product_cat","embeddable":true,"href":"https:\/\/btektech.com\/de\/wp-json\/wp\/v2\/product_cat?post=5511"},{"taxonomy":"product_tag","embeddable":true,"href":"https:\/\/btektech.com\/de\/wp-json\/wp\/v2\/product_tag?post=5511"}],"curies":[{"name":"wp","href":"https:\/\/api.w.org\/{rel}","templated":true}]}}