{"id":5510,"date":"2021-08-25T09:15:48","date_gmt":"2022-04-26T17:02:46","guid":{"rendered":"https:\/\/btektech.com\/product\/allzweck-dosierspitzen-mit-flachem-maul\/"},"modified":"2022-10-28T09:07:03","modified_gmt":"2022-10-28T09:07:03","slug":"allzweck-dosierspitzen-mit-flachem-maul","status":"publish","type":"product","link":"https:\/\/btektech.com\/de\/product\/allzweck-dosierspitzen-mit-flachem-maul\/","title":{"rendered":"Allzweck-Dosierspitzen mit flachem Maul"},"content":{"rendered":"<p>Universell einsetzbare Dosierspitzen aus Kunststoff, die weit verbreitet sind. Es kann mit Spritzenkartusche, Dosierventil und Mischrohr verwendet werden. Die regul\u00e4re L\u00e4nge der gemeinsamen Spezifikationen kann schnell geliefert werden, wenn Sie spezielle Spezifikationen oder Nicht-Standard-L\u00e4nge ben\u00f6tigen, wird Btektech die Bestellung f\u00fcr Sie so schnell wie m\u00f6glich abzuschlie\u00dfen.<\/p>\n<div style=\"text-align: center;\">\n<img fetchpriority=\"high\" decoding=\"async\" class=\"alignnone wp-image-1790 size-full\" src=\"https:\/\/btektech.com\/wp-content\/uploads\/2021\/08\/Screenshot-2021-09-03-155525.jpg\" alt=\"\" width=\"693\" height=\"295\" srcset=\"https:\/\/btektech.com\/wp-content\/uploads\/2021\/08\/Screenshot-2021-09-03-155525.jpg 693w, https:\/\/btektech.com\/wp-content\/uploads\/2021\/08\/Screenshot-2021-09-03-155525-400x170.jpg 400w, https:\/\/btektech.com\/wp-content\/uploads\/2021\/08\/Screenshot-2021-09-03-155525-300x128.jpg 300w\" sizes=\"(max-width: 693px) 100vw, 693px\" \/><\/div>\n<div style=\"overflow: auto;\">\n<table style=\"text-align: center;\">\n<tbody>\n<tr>\n<th>Messger\u00e4t<\/th>\n<th>Farbe<\/th>\n<th>ID (mm)<\/th>\n<th>Au\u00dfendurchmesser (mm)<\/th>\n<th>6,35 mm(1\/4&#8243;)<\/th>\n<th>12,7 mm(1\/2&#8243;)<\/th>\n<th>25,4 mm(1&#8243;)<\/th>\n<th>38,1 mm(3\/2&#8243;)<\/th>\n<\/tr>\n<tr>\n<td>14<\/td>\n<td>Olive<\/td>\n<td>1.54(0.06&#8243;)<\/td>\n<td>1.83(0.072&#8243;)<\/td>\n<td>9018029<\/td>\n<td>9018043<\/td>\n<td>9018032<\/td>\n<td>9018035<\/td>\n<\/tr>\n<tr>\n<td>15<\/td>\n<td>Bernstein<\/td>\n<td>1.36(0.053&#8243;)<\/td>\n<td>1.65 (0.065&#8243;)<\/td>\n<td>9018056<\/td>\n<td>9018068<\/td>\n<td>9018059<\/td>\n<td>9018062<\/td>\n<\/tr>\n<tr>\n<td>16<\/td>\n<td>Grau<\/td>\n<td>1.19(0.047&#8243;)<\/td>\n<td>1.64 (0.06&#8243;)<\/td>\n<td>9018072<\/td>\n<td>9018073<\/td>\n<td>9018074<\/td>\n<td>9018075<\/td>\n<\/tr>\n<tr>\n<td>18<\/td>\n<td>Gr\u00fcn<\/td>\n<td>0.84(0.033&#8243;)<\/td>\n<td>1.27(0.05&#8243;)<\/td>\n<td>9018107<\/td>\n<td>9018122<\/td>\n<td>9018110<\/td>\n<td>9018113<\/td>\n<\/tr>\n<tr>\n<td>20<\/td>\n<td>Rosa<\/td>\n<td>0.61(0.024&#8243;)<\/td>\n<td>0.91(0.036&#8243;)<\/td>\n<td>9018163<\/td>\n<td>9018716<\/td>\n<td>9018166<\/td>\n<td>9018169<\/td>\n<\/tr>\n<tr>\n<td>21<\/td>\n<td>Lila<\/td>\n<td>0.51(0.02&#8243;)<\/td>\n<td>0.82(0.032&#8243;)<\/td>\n<td>9005005<\/td>\n<td>9018233<\/td>\n<td>9018222<\/td>\n<td>9018225<\/td>\n<\/tr>\n<tr>\n<td>22<\/td>\n<td>Blau<\/td>\n<td>0.41(0.016&#8243;)<\/td>\n<td>0.72(0.028&#8243;)<\/td>\n<td>9018260<\/td>\n<td>9018272<\/td>\n<td>9018263<\/td>\n<td>9018266<\/td>\n<\/tr>\n<tr>\n<td>23<\/td>\n<td>Orange<\/td>\n<td>0.33(0.013&#8243;)<\/td>\n<td>0.65(0.025&#8243;)<\/td>\n<td>9018302<\/td>\n<td>9018314<\/td>\n<td>9018305<\/td>\n<td>9018308<\/td>\n<\/tr>\n<tr>\n<td>25<\/td>\n<td>rot<\/td>\n<td>0.25(0.01&#8243;)<\/td>\n<td>0.52(0.02&#8243;)<\/td>\n<td>9018333<\/td>\n<td>9018345<\/td>\n<td>9018336<\/td>\n<td>9018339<\/td>\n<\/tr>\n<tr>\n<td>27<\/td>\n<td>Klar<\/td>\n<td>0.2(0.008&#8243;)<\/td>\n<td>0.42(0.016&#8243;)<\/td>\n<td>9018395<\/td>\n<td>9005008<\/td>\n<td>K.A.<\/td>\n<td>K.A.<\/td>\n<\/tr>\n<tr>\n<td>30<\/td>\n<td>Lavendel<\/td>\n<td>0.15(0.006&#8243;)<\/td>\n<td>0.31(0.012&#8243;)<\/td>\n<td>9018424<\/td>\n<td>9018433<\/td>\n<td>K.A.<\/td>\n<td>K.A.<\/td>\n<\/tr>\n<tr>\n<td>32<\/td>\n<td>Gelb<\/td>\n<td>0.1(0.004&#8243;)<\/td>\n<td>0.24(0.009&#8243;)<\/td>\n<td>9018452<\/td>\n<td>K.A.<\/td>\n<td>K.A.<\/td>\n<td>K.A.<\/td>\n<\/tr>\n<\/tbody>\n<\/table>\n<\/div>\n","protected":false},"excerpt":{"rendered":"<p>Doppelgewinde Design Basis, Schraube auf dem Gummizylinder fixiert, nicht verlieren aus.<\/p>\n","protected":false},"featured_media":21487,"comment_status":"open","ping_status":"closed","template":"","meta":{"_acf_changed":false},"product_brand":[],"product_cat":[153],"product_tag":[1394],"class_list":{"0":"post-5510","1":"product","2":"type-product","3":"status-publish","4":"has-post-thumbnail","6":"product_cat-dosierspitzen-dosiernadeln","7":"product_tag-parent","9":"first","10":"instock","11":"shipping-taxable","12":"product-type-simple"},"acf":[],"yoast_head":"<!-- This site is optimized with the Yoast SEO plugin v26.0 - https:\/\/yoast.com\/wordpress\/plugins\/seo\/ -->\n<title>Allzweck-Dosierspitzen mit flachem Maul - Btektech<\/title>\n<meta name=\"description\" content=\"Universell einsetzbare Dosierspitzen aus Kunststoff, die weit verbreitet sind. Es kann mit Spritzenkartusche, Dosierventil und Mischrohr verwendet werden.\" \/>\n<meta name=\"robots\" content=\"index, follow, max-snippet:-1, max-image-preview:large, max-video-preview:-1\" \/>\n<link rel=\"canonical\" href=\"https:\/\/btektech.com\/de\/product\/allzweck-dosierspitzen-mit-flachem-maul\/\" \/>\n<meta property=\"og:locale\" content=\"de_DE\" \/>\n<meta property=\"og:type\" content=\"article\" \/>\n<meta property=\"og:title\" content=\"Allzweck-Dosierspitzen mit flachem Maul - Btektech\" \/>\n<meta property=\"og:description\" content=\"Universell einsetzbare Dosierspitzen aus Kunststoff, die weit verbreitet sind. Es kann mit Spritzenkartusche, Dosierventil und Mischrohr verwendet werden.\" \/>\n<meta property=\"og:url\" content=\"https:\/\/btektech.com\/de\/product\/allzweck-dosierspitzen-mit-flachem-maul\/\" \/>\n<meta property=\"og:site_name\" content=\"Btektech\" \/>\n<meta property=\"article:modified_time\" content=\"2022-10-28T09:07:03+00:00\" \/>\n<meta property=\"og:image\" content=\"https:\/\/btektech.com\/wp-content\/uploads\/2021\/08\/1.jpg\" \/>\n\t<meta property=\"og:image:width\" content=\"800\" \/>\n\t<meta property=\"og:image:height\" content=\"800\" \/>\n\t<meta property=\"og:image:type\" content=\"image\/jpeg\" \/>\n<meta name=\"twitter:card\" content=\"summary_large_image\" \/>\n<meta name=\"twitter:site\" content=\"@Btektech1\" \/>\n<meta name=\"twitter:label1\" content=\"Gesch\u00e4tzte Lesezeit\" \/>\n\t<meta name=\"twitter:data1\" content=\"1\u00a0Minute\" \/>\n<script type=\"application\/ld+json\" class=\"yoast-schema-graph\">{\"@context\":\"https:\/\/schema.org\",\"@graph\":[{\"@type\":[\"WebPage\",\"ItemPage\"],\"@id\":\"https:\/\/btektech.com\/de\/product\/allzweck-dosierspitzen-mit-flachem-maul\/\",\"url\":\"https:\/\/btektech.com\/de\/product\/allzweck-dosierspitzen-mit-flachem-maul\/\",\"name\":\"Allzweck-Dosierspitzen mit flachem Maul - Btektech\",\"isPartOf\":{\"@id\":\"https:\/\/btektech.com\/#website\"},\"primaryImageOfPage\":{\"@id\":\"https:\/\/btektech.com\/de\/product\/allzweck-dosierspitzen-mit-flachem-maul\/#primaryimage\"},\"image\":{\"@id\":\"https:\/\/btektech.com\/de\/product\/allzweck-dosierspitzen-mit-flachem-maul\/#primaryimage\"},\"thumbnailUrl\":\"https:\/\/btektech.com\/wp-content\/uploads\/2025\/12\/2.jpg\",\"datePublished\":\"2022-04-26T17:02:46+00:00\",\"dateModified\":\"2022-10-28T09:07:03+00:00\",\"description\":\"Universell einsetzbare Dosierspitzen aus Kunststoff, die weit verbreitet sind. Es kann mit Spritzenkartusche, Dosierventil und Mischrohr verwendet werden.\",\"breadcrumb\":{\"@id\":\"https:\/\/btektech.com\/de\/product\/allzweck-dosierspitzen-mit-flachem-maul\/#breadcrumb\"},\"inLanguage\":\"de\",\"potentialAction\":[{\"@type\":\"ReadAction\",\"target\":[\"https:\/\/btektech.com\/de\/product\/allzweck-dosierspitzen-mit-flachem-maul\/\"]}]},{\"@type\":\"ImageObject\",\"inLanguage\":\"de\",\"@id\":\"https:\/\/btektech.com\/de\/product\/allzweck-dosierspitzen-mit-flachem-maul\/#primaryimage\",\"url\":\"https:\/\/btektech.com\/wp-content\/uploads\/2025\/12\/2.jpg\",\"contentUrl\":\"https:\/\/btektech.com\/wp-content\/uploads\/2025\/12\/2.jpg\",\"width\":800,\"height\":800,\"caption\":\"blunt tip needle\"},{\"@type\":\"BreadcrumbList\",\"@id\":\"https:\/\/btektech.com\/de\/product\/allzweck-dosierspitzen-mit-flachem-maul\/#breadcrumb\",\"itemListElement\":[{\"@type\":\"ListItem\",\"position\":1,\"name\":\"Home\",\"item\":\"https:\/\/btektech.com\/de\/home-2\/\"},{\"@type\":\"ListItem\",\"position\":2,\"name\":\"\u00dcr\u00fcnler\",\"item\":\"https:\/\/btektech.com\/tr\/shop\/\"},{\"@type\":\"ListItem\",\"position\":3,\"name\":\"Dispensing Tips\",\"item\":\"https:\/\/btektech.com\/product-category\/dispensing-tips\/\"},{\"@type\":\"ListItem\",\"position\":4,\"name\":\"Allzweck-Dosierspitzen mit flachem Maul\"}]},{\"@type\":\"WebSite\",\"@id\":\"https:\/\/btektech.com\/#website\",\"url\":\"https:\/\/btektech.com\/\",\"name\":\"Btektech\",\"description\":\"\",\"publisher\":{\"@id\":\"https:\/\/btektech.com\/#organization\"},\"potentialAction\":[{\"@type\":\"SearchAction\",\"target\":{\"@type\":\"EntryPoint\",\"urlTemplate\":\"https:\/\/btektech.com\/?s={search_term_string}\"},\"query-input\":{\"@type\":\"PropertyValueSpecification\",\"valueRequired\":true,\"valueName\":\"search_term_string\"}}],\"inLanguage\":\"de\"},{\"@type\":\"Organization\",\"@id\":\"https:\/\/btektech.com\/#organization\",\"name\":\"Btektech\",\"url\":\"https:\/\/btektech.com\/\",\"logo\":{\"@type\":\"ImageObject\",\"inLanguage\":\"de\",\"@id\":\"https:\/\/btektech.com\/#\/schema\/logo\/image\/\",\"url\":\"https:\/\/btektech.com\/wp-content\/uploads\/2021\/08\/btektech-logo.png\",\"contentUrl\":\"https:\/\/btektech.com\/wp-content\/uploads\/2021\/08\/btektech-logo.png\",\"width\":250,\"height\":114,\"caption\":\"Btektech\"},\"image\":{\"@id\":\"https:\/\/btektech.com\/#\/schema\/logo\/image\/\"},\"sameAs\":[\"https:\/\/x.com\/Btektech1\",\"https:\/\/www.instagram.com\/btektech\/\",\"https:\/\/www.linkedin.com\/company\/suzhou-baotailong-electronic-materials-co-ltd\/\",\"https:\/\/www.pinterest.com\/btektech\/_saved\/\",\"https:\/\/www.youtube.com\/channel\/UCBiw4Bc4CmQDrdo-QqyVTqQ\"]}]}<\/script>\n<!-- \/ Yoast SEO plugin. -->","yoast_head_json":{"title":"Allzweck-Dosierspitzen mit flachem Maul - Btektech","description":"Universell einsetzbare Dosierspitzen aus Kunststoff, die weit verbreitet sind. Es kann mit Spritzenkartusche, Dosierventil und Mischrohr verwendet werden.","robots":{"index":"index","follow":"follow","max-snippet":"max-snippet:-1","max-image-preview":"max-image-preview:large","max-video-preview":"max-video-preview:-1"},"canonical":"https:\/\/btektech.com\/de\/product\/allzweck-dosierspitzen-mit-flachem-maul\/","og_locale":"de_DE","og_type":"article","og_title":"Allzweck-Dosierspitzen mit flachem Maul - Btektech","og_description":"Universell einsetzbare Dosierspitzen aus Kunststoff, die weit verbreitet sind. Es kann mit Spritzenkartusche, Dosierventil und Mischrohr verwendet werden.","og_url":"https:\/\/btektech.com\/de\/product\/allzweck-dosierspitzen-mit-flachem-maul\/","og_site_name":"Btektech","article_modified_time":"2022-10-28T09:07:03+00:00","og_image":[{"width":800,"height":800,"url":"https:\/\/btektech.com\/wp-content\/uploads\/2021\/08\/1.jpg","type":"image\/jpeg"}],"twitter_card":"summary_large_image","twitter_site":"@Btektech1","twitter_misc":{"Gesch\u00e4tzte Lesezeit":"1\u00a0Minute"},"schema":{"@context":"https:\/\/schema.org","@graph":[{"@type":["WebPage","ItemPage"],"@id":"https:\/\/btektech.com\/de\/product\/allzweck-dosierspitzen-mit-flachem-maul\/","url":"https:\/\/btektech.com\/de\/product\/allzweck-dosierspitzen-mit-flachem-maul\/","name":"Allzweck-Dosierspitzen mit flachem Maul - Btektech","isPartOf":{"@id":"https:\/\/btektech.com\/#website"},"primaryImageOfPage":{"@id":"https:\/\/btektech.com\/de\/product\/allzweck-dosierspitzen-mit-flachem-maul\/#primaryimage"},"image":{"@id":"https:\/\/btektech.com\/de\/product\/allzweck-dosierspitzen-mit-flachem-maul\/#primaryimage"},"thumbnailUrl":"https:\/\/btektech.com\/wp-content\/uploads\/2025\/12\/2.jpg","datePublished":"2022-04-26T17:02:46+00:00","dateModified":"2022-10-28T09:07:03+00:00","description":"Universell einsetzbare Dosierspitzen aus Kunststoff, die weit verbreitet sind. Es kann mit Spritzenkartusche, Dosierventil und Mischrohr verwendet werden.","breadcrumb":{"@id":"https:\/\/btektech.com\/de\/product\/allzweck-dosierspitzen-mit-flachem-maul\/#breadcrumb"},"inLanguage":"de","potentialAction":[{"@type":"ReadAction","target":["https:\/\/btektech.com\/de\/product\/allzweck-dosierspitzen-mit-flachem-maul\/"]}]},{"@type":"ImageObject","inLanguage":"de","@id":"https:\/\/btektech.com\/de\/product\/allzweck-dosierspitzen-mit-flachem-maul\/#primaryimage","url":"https:\/\/btektech.com\/wp-content\/uploads\/2025\/12\/2.jpg","contentUrl":"https:\/\/btektech.com\/wp-content\/uploads\/2025\/12\/2.jpg","width":800,"height":800,"caption":"blunt tip needle"},{"@type":"BreadcrumbList","@id":"https:\/\/btektech.com\/de\/product\/allzweck-dosierspitzen-mit-flachem-maul\/#breadcrumb","itemListElement":[{"@type":"ListItem","position":1,"name":"Home","item":"https:\/\/btektech.com\/de\/home-2\/"},{"@type":"ListItem","position":2,"name":"\u00dcr\u00fcnler","item":"https:\/\/btektech.com\/tr\/shop\/"},{"@type":"ListItem","position":3,"name":"Dispensing Tips","item":"https:\/\/btektech.com\/product-category\/dispensing-tips\/"},{"@type":"ListItem","position":4,"name":"Allzweck-Dosierspitzen mit flachem Maul"}]},{"@type":"WebSite","@id":"https:\/\/btektech.com\/#website","url":"https:\/\/btektech.com\/","name":"Btektech","description":"","publisher":{"@id":"https:\/\/btektech.com\/#organization"},"potentialAction":[{"@type":"SearchAction","target":{"@type":"EntryPoint","urlTemplate":"https:\/\/btektech.com\/?s={search_term_string}"},"query-input":{"@type":"PropertyValueSpecification","valueRequired":true,"valueName":"search_term_string"}}],"inLanguage":"de"},{"@type":"Organization","@id":"https:\/\/btektech.com\/#organization","name":"Btektech","url":"https:\/\/btektech.com\/","logo":{"@type":"ImageObject","inLanguage":"de","@id":"https:\/\/btektech.com\/#\/schema\/logo\/image\/","url":"https:\/\/btektech.com\/wp-content\/uploads\/2021\/08\/btektech-logo.png","contentUrl":"https:\/\/btektech.com\/wp-content\/uploads\/2021\/08\/btektech-logo.png","width":250,"height":114,"caption":"Btektech"},"image":{"@id":"https:\/\/btektech.com\/#\/schema\/logo\/image\/"},"sameAs":["https:\/\/x.com\/Btektech1","https:\/\/www.instagram.com\/btektech\/","https:\/\/www.linkedin.com\/company\/suzhou-baotailong-electronic-materials-co-ltd\/","https:\/\/www.pinterest.com\/btektech\/_saved\/","https:\/\/www.youtube.com\/channel\/UCBiw4Bc4CmQDrdo-QqyVTqQ"]}]}},"_links":{"self":[{"href":"https:\/\/btektech.com\/de\/wp-json\/wp\/v2\/product\/5510","targetHints":{"allow":["GET"]}}],"collection":[{"href":"https:\/\/btektech.com\/de\/wp-json\/wp\/v2\/product"}],"about":[{"href":"https:\/\/btektech.com\/de\/wp-json\/wp\/v2\/types\/product"}],"replies":[{"embeddable":true,"href":"https:\/\/btektech.com\/de\/wp-json\/wp\/v2\/comments?post=5510"}],"version-history":[{"count":0,"href":"https:\/\/btektech.com\/de\/wp-json\/wp\/v2\/product\/5510\/revisions"}],"wp:featuredmedia":[{"embeddable":true,"href":"https:\/\/btektech.com\/de\/wp-json\/wp\/v2\/media\/21487"}],"wp:attachment":[{"href":"https:\/\/btektech.com\/de\/wp-json\/wp\/v2\/media?parent=5510"}],"wp:term":[{"taxonomy":"product_brand","embeddable":true,"href":"https:\/\/btektech.com\/de\/wp-json\/wp\/v2\/product_brand?post=5510"},{"taxonomy":"product_cat","embeddable":true,"href":"https:\/\/btektech.com\/de\/wp-json\/wp\/v2\/product_cat?post=5510"},{"taxonomy":"product_tag","embeddable":true,"href":"https:\/\/btektech.com\/de\/wp-json\/wp\/v2\/product_tag?post=5510"}],"curies":[{"name":"wp","href":"https:\/\/api.w.org\/{rel}","templated":true}]}}