{"id":5500,"date":"2021-08-25T09:35:17","date_gmt":"2022-04-26T17:00:23","guid":{"rendered":"https:\/\/btektech.com\/product\/statischer-kunststoffmischer-duese-quadratisches-mischrohr\/"},"modified":"2026-02-03T16:38:14","modified_gmt":"2026-02-03T08:38:14","slug":"quadratisches-statische-mischduesen-2k-kleber","status":"publish","type":"product","link":"https:\/\/btektech.com\/de\/product\/quadratisches-statische-mischduesen-2k-kleber\/","title":{"rendered":"Quadratische Mischerd\u00fcse"},"content":{"rendered":"<div style=\"overflow: auto;\">\n<table style=\"text-align: center;\">\n<tbody>\n<tr>\n<th>No.<\/th>\n<th>Teile-Nr.<\/th>\n<th>Elemente<\/th>\n<th>I.D.(mm)<\/th>\n<th>L(mm)<\/th>\n<th>Au\u00dfendurchmesser(mm)<\/th>\n<th>A(mm)<\/th>\n<th>Farbe des Innenkerns<\/th>\n<\/tr>\n<tr style=\"cursor: pointer;\">\n<td>A4<\/td>\n<td>PMF6.0-16<\/td>\n<td>16<\/td>\n<td>5.3<\/td>\n<td>83<\/td>\n<td>7.5<\/td>\n<td>1.8<\/td>\n<td>Gr\u00fcn\/Gold\/Rosa\/Wei\u00df<\/td>\n<\/tr>\n<tr style=\"cursor: pointer;\">\n<td>A6<\/td>\n<td>PMF6.0-24<\/td>\n<td>24<\/td>\n<td>5.3<\/td>\n<td>115<\/td>\n<td>7.5<\/td>\n<td>1.8<\/td>\n<td>Gr\u00fcn<\/td>\n<\/tr>\n<tr style=\"cursor: pointer;\">\n<td>B1<\/td>\n<td>PMF06-24<\/td>\n<td>24<\/td>\n<td>5.3<\/td>\n<td>127<\/td>\n<td>7.5<\/td>\n<td>1.8<\/td>\n<td>Gr\u00fcn<\/td>\n<\/tr>\n<tr style=\"cursor: pointer;\">\n<td>B2<\/td>\n<td>PMF08-24<\/td>\n<td>24<\/td>\n<td>8.7<\/td>\n<td>150<\/td>\n<td>12<\/td>\n<td>3.5<\/td>\n<td>Gr\u00fcn<\/td>\n<\/tr>\n<tr style=\"cursor: pointer;\">\n<td>B3<\/td>\n<td>PMF08-24T<\/td>\n<td>24<\/td>\n<td>8.7<\/td>\n<td>165<\/td>\n<td>12<\/td>\n<td>3.5<\/td>\n<td>Gr\u00fcn<\/td>\n<\/tr>\n<tr style=\"cursor: pointer;\">\n<td>B4<\/td>\n<td>PMF08-32<\/td>\n<td>32<\/td>\n<td>8.7<\/td>\n<td>188<\/td>\n<td>12<\/td>\n<td>3.5<\/td>\n<td>Gr\u00fcn<\/td>\n<\/tr>\n<tr style=\"cursor: pointer;\">\n<td>B65<\/td>\n<td>MBQ08-18<\/td>\n<td>18<\/td>\n<td>8.7<\/td>\n<td>143<\/td>\n<td>12<\/td>\n<td>3.5<\/td>\n<td>Blau<\/td>\n<\/tr>\n<\/tbody>\n<\/table>\n<\/div>\n","protected":false},"excerpt":{"rendered":"<p>Quadratische statische Epoxid-Mischd\u00fcsen basieren auf der Innovation des runden statischen Mischrohrs und zeichnen sich durch hohe Effizienz, Wirtschaftlichkeit und Langlebigkeit aus. Sie besteht aus den linken und rechten Schaufeln, die oben und unten angeordnet sind. Wenn zwei oder mehr Arten von Fl\u00fcssigkeiten durch jede Schaufel laufen, werden sie in vier Teile geteilt. Dadurch wird die Fl\u00fcssigkeit gleichm\u00e4\u00dfiger gemischt.  <\/p>\n","protected":false},"featured_media":21443,"comment_status":"open","ping_status":"closed","template":"","meta":{"_acf_changed":false},"product_brand":[],"product_cat":[266],"product_tag":[],"class_list":{"0":"post-5500","1":"product","2":"type-product","3":"status-publish","4":"has-post-thumbnail","6":"product_cat-uncategorized-de","8":"first","9":"instock","10":"shipping-taxable","11":"product-type-simple"},"acf":[],"yoast_head":"<!-- This site is optimized with the Yoast SEO plugin v26.0 - https:\/\/yoast.com\/wordpress\/plugins\/seo\/ -->\n<title>Quadratische Mischd\u00fcse f\u00fcr 50-1500 mL Doppelkartuschen<\/title>\n<meta name=\"description\" content=\"Quadratische Mischd\u00fcse f\u00fcr Doppelkartuschen, die eine hervorragende Homogenit\u00e4t bei minimalem Klebstoffabfall gew\u00e4hrleistet. Das kompakte Design unterst\u00fctzt mehrere D\u00fcsentypen und Anschl\u00fcsse.\" \/>\n<meta name=\"robots\" content=\"index, follow, max-snippet:-1, max-image-preview:large, max-video-preview:-1\" \/>\n<link rel=\"canonical\" href=\"https:\/\/btektech.com\/de\/product\/quadratisches-statische-mischduesen-2k-kleber\/\" \/>\n<meta property=\"og:locale\" content=\"de_DE\" \/>\n<meta property=\"og:type\" content=\"article\" \/>\n<meta property=\"og:title\" content=\"Quadratische Mischd\u00fcse f\u00fcr 50-1500 mL Doppelkartuschen\" \/>\n<meta property=\"og:description\" content=\"Quadratische Mischd\u00fcse f\u00fcr Doppelkartuschen, die eine hervorragende Homogenit\u00e4t bei minimalem Klebstoffabfall gew\u00e4hrleistet. Das kompakte Design unterst\u00fctzt mehrere D\u00fcsentypen und Anschl\u00fcsse.\" \/>\n<meta property=\"og:url\" content=\"https:\/\/btektech.com\/de\/product\/quadratisches-statische-mischduesen-2k-kleber\/\" \/>\n<meta property=\"og:site_name\" content=\"Btektech\" \/>\n<meta property=\"article:modified_time\" content=\"2026-02-03T08:38:14+00:00\" \/>\n<meta property=\"og:image\" content=\"https:\/\/btektech.com\/wp-content\/uploads\/2025\/12\/3-Square-2.jpg\" \/>\n\t<meta property=\"og:image:width\" content=\"800\" \/>\n\t<meta property=\"og:image:height\" content=\"800\" \/>\n\t<meta property=\"og:image:type\" content=\"image\/jpeg\" \/>\n<meta name=\"twitter:card\" content=\"summary_large_image\" \/>\n<meta name=\"twitter:site\" content=\"@Btektech1\" \/>\n<meta name=\"twitter:label1\" content=\"Gesch\u00e4tzte Lesezeit\" \/>\n\t<meta name=\"twitter:data1\" content=\"1\u00a0Minute\" \/>\n<script type=\"application\/ld+json\" class=\"yoast-schema-graph\">{\"@context\":\"https:\/\/schema.org\",\"@graph\":[{\"@type\":[\"WebPage\",\"ItemPage\"],\"@id\":\"https:\/\/btektech.com\/de\/product\/quadratisches-statische-mischduesen-2k-kleber\/\",\"url\":\"https:\/\/btektech.com\/de\/product\/quadratisches-statische-mischduesen-2k-kleber\/\",\"name\":\"Quadratische Mischd\u00fcse f\u00fcr 50-1500 mL Doppelkartuschen\",\"isPartOf\":{\"@id\":\"https:\/\/btektech.com\/#website\"},\"primaryImageOfPage\":{\"@id\":\"https:\/\/btektech.com\/de\/product\/quadratisches-statische-mischduesen-2k-kleber\/#primaryimage\"},\"image\":{\"@id\":\"https:\/\/btektech.com\/de\/product\/quadratisches-statische-mischduesen-2k-kleber\/#primaryimage\"},\"thumbnailUrl\":\"https:\/\/btektech.com\/wp-content\/uploads\/2025\/12\/3-Square-2.jpg\",\"datePublished\":\"2022-04-26T17:00:23+00:00\",\"dateModified\":\"2026-02-03T08:38:14+00:00\",\"description\":\"Quadratische Mischd\u00fcse f\u00fcr Doppelkartuschen, die eine hervorragende Homogenit\u00e4t bei minimalem Klebstoffabfall gew\u00e4hrleistet. Das kompakte Design unterst\u00fctzt mehrere D\u00fcsentypen und Anschl\u00fcsse.\",\"breadcrumb\":{\"@id\":\"https:\/\/btektech.com\/de\/product\/quadratisches-statische-mischduesen-2k-kleber\/#breadcrumb\"},\"inLanguage\":\"de\",\"potentialAction\":[{\"@type\":\"ReadAction\",\"target\":[\"https:\/\/btektech.com\/de\/product\/quadratisches-statische-mischduesen-2k-kleber\/\"]}]},{\"@type\":\"ImageObject\",\"inLanguage\":\"de\",\"@id\":\"https:\/\/btektech.com\/de\/product\/quadratisches-statische-mischduesen-2k-kleber\/#primaryimage\",\"url\":\"https:\/\/btektech.com\/wp-content\/uploads\/2025\/12\/3-Square-2.jpg\",\"contentUrl\":\"https:\/\/btektech.com\/wp-content\/uploads\/2025\/12\/3-Square-2.jpg\",\"width\":800,\"height\":800,\"caption\":\"Square Mixer Nozzle\"},{\"@type\":\"BreadcrumbList\",\"@id\":\"https:\/\/btektech.com\/de\/product\/quadratisches-statische-mischduesen-2k-kleber\/#breadcrumb\",\"itemListElement\":[{\"@type\":\"ListItem\",\"position\":1,\"name\":\"Home\",\"item\":\"https:\/\/btektech.com\/de\/home-2\/\"},{\"@type\":\"ListItem\",\"position\":2,\"name\":\"\u00dcr\u00fcnler\",\"item\":\"https:\/\/btektech.com\/tr\/shop\/\"},{\"@type\":\"ListItem\",\"position\":3,\"name\":\"Quadratische Mischerd\u00fcse\"}]},{\"@type\":\"WebSite\",\"@id\":\"https:\/\/btektech.com\/#website\",\"url\":\"https:\/\/btektech.com\/\",\"name\":\"Btektech\",\"description\":\"\",\"publisher\":{\"@id\":\"https:\/\/btektech.com\/#organization\"},\"potentialAction\":[{\"@type\":\"SearchAction\",\"target\":{\"@type\":\"EntryPoint\",\"urlTemplate\":\"https:\/\/btektech.com\/?s={search_term_string}\"},\"query-input\":{\"@type\":\"PropertyValueSpecification\",\"valueRequired\":true,\"valueName\":\"search_term_string\"}}],\"inLanguage\":\"de\"},{\"@type\":\"Organization\",\"@id\":\"https:\/\/btektech.com\/#organization\",\"name\":\"Btektech\",\"url\":\"https:\/\/btektech.com\/\",\"logo\":{\"@type\":\"ImageObject\",\"inLanguage\":\"de\",\"@id\":\"https:\/\/btektech.com\/#\/schema\/logo\/image\/\",\"url\":\"https:\/\/btektech.com\/wp-content\/uploads\/2021\/08\/btektech-logo.png\",\"contentUrl\":\"https:\/\/btektech.com\/wp-content\/uploads\/2021\/08\/btektech-logo.png\",\"width\":250,\"height\":114,\"caption\":\"Btektech\"},\"image\":{\"@id\":\"https:\/\/btektech.com\/#\/schema\/logo\/image\/\"},\"sameAs\":[\"https:\/\/x.com\/Btektech1\",\"https:\/\/www.instagram.com\/btektech\/\",\"https:\/\/www.linkedin.com\/company\/suzhou-baotailong-electronic-materials-co-ltd\/\",\"https:\/\/www.pinterest.com\/btektech\/_saved\/\",\"https:\/\/www.youtube.com\/channel\/UCBiw4Bc4CmQDrdo-QqyVTqQ\"]}]}<\/script>\n<!-- \/ Yoast SEO plugin. -->","yoast_head_json":{"title":"Quadratische Mischd\u00fcse f\u00fcr 50-1500 mL Doppelkartuschen","description":"Quadratische Mischd\u00fcse f\u00fcr Doppelkartuschen, die eine hervorragende Homogenit\u00e4t bei minimalem Klebstoffabfall gew\u00e4hrleistet. Das kompakte Design unterst\u00fctzt mehrere D\u00fcsentypen und Anschl\u00fcsse.","robots":{"index":"index","follow":"follow","max-snippet":"max-snippet:-1","max-image-preview":"max-image-preview:large","max-video-preview":"max-video-preview:-1"},"canonical":"https:\/\/btektech.com\/de\/product\/quadratisches-statische-mischduesen-2k-kleber\/","og_locale":"de_DE","og_type":"article","og_title":"Quadratische Mischd\u00fcse f\u00fcr 50-1500 mL Doppelkartuschen","og_description":"Quadratische Mischd\u00fcse f\u00fcr Doppelkartuschen, die eine hervorragende Homogenit\u00e4t bei minimalem Klebstoffabfall gew\u00e4hrleistet. Das kompakte Design unterst\u00fctzt mehrere D\u00fcsentypen und Anschl\u00fcsse.","og_url":"https:\/\/btektech.com\/de\/product\/quadratisches-statische-mischduesen-2k-kleber\/","og_site_name":"Btektech","article_modified_time":"2026-02-03T08:38:14+00:00","og_image":[{"width":800,"height":800,"url":"https:\/\/btektech.com\/wp-content\/uploads\/2025\/12\/3-Square-2.jpg","type":"image\/jpeg"}],"twitter_card":"summary_large_image","twitter_site":"@Btektech1","twitter_misc":{"Gesch\u00e4tzte Lesezeit":"1\u00a0Minute"},"schema":{"@context":"https:\/\/schema.org","@graph":[{"@type":["WebPage","ItemPage"],"@id":"https:\/\/btektech.com\/de\/product\/quadratisches-statische-mischduesen-2k-kleber\/","url":"https:\/\/btektech.com\/de\/product\/quadratisches-statische-mischduesen-2k-kleber\/","name":"Quadratische Mischd\u00fcse f\u00fcr 50-1500 mL Doppelkartuschen","isPartOf":{"@id":"https:\/\/btektech.com\/#website"},"primaryImageOfPage":{"@id":"https:\/\/btektech.com\/de\/product\/quadratisches-statische-mischduesen-2k-kleber\/#primaryimage"},"image":{"@id":"https:\/\/btektech.com\/de\/product\/quadratisches-statische-mischduesen-2k-kleber\/#primaryimage"},"thumbnailUrl":"https:\/\/btektech.com\/wp-content\/uploads\/2025\/12\/3-Square-2.jpg","datePublished":"2022-04-26T17:00:23+00:00","dateModified":"2026-02-03T08:38:14+00:00","description":"Quadratische Mischd\u00fcse f\u00fcr Doppelkartuschen, die eine hervorragende Homogenit\u00e4t bei minimalem Klebstoffabfall gew\u00e4hrleistet. Das kompakte Design unterst\u00fctzt mehrere D\u00fcsentypen und Anschl\u00fcsse.","breadcrumb":{"@id":"https:\/\/btektech.com\/de\/product\/quadratisches-statische-mischduesen-2k-kleber\/#breadcrumb"},"inLanguage":"de","potentialAction":[{"@type":"ReadAction","target":["https:\/\/btektech.com\/de\/product\/quadratisches-statische-mischduesen-2k-kleber\/"]}]},{"@type":"ImageObject","inLanguage":"de","@id":"https:\/\/btektech.com\/de\/product\/quadratisches-statische-mischduesen-2k-kleber\/#primaryimage","url":"https:\/\/btektech.com\/wp-content\/uploads\/2025\/12\/3-Square-2.jpg","contentUrl":"https:\/\/btektech.com\/wp-content\/uploads\/2025\/12\/3-Square-2.jpg","width":800,"height":800,"caption":"Square Mixer Nozzle"},{"@type":"BreadcrumbList","@id":"https:\/\/btektech.com\/de\/product\/quadratisches-statische-mischduesen-2k-kleber\/#breadcrumb","itemListElement":[{"@type":"ListItem","position":1,"name":"Home","item":"https:\/\/btektech.com\/de\/home-2\/"},{"@type":"ListItem","position":2,"name":"\u00dcr\u00fcnler","item":"https:\/\/btektech.com\/tr\/shop\/"},{"@type":"ListItem","position":3,"name":"Quadratische Mischerd\u00fcse"}]},{"@type":"WebSite","@id":"https:\/\/btektech.com\/#website","url":"https:\/\/btektech.com\/","name":"Btektech","description":"","publisher":{"@id":"https:\/\/btektech.com\/#organization"},"potentialAction":[{"@type":"SearchAction","target":{"@type":"EntryPoint","urlTemplate":"https:\/\/btektech.com\/?s={search_term_string}"},"query-input":{"@type":"PropertyValueSpecification","valueRequired":true,"valueName":"search_term_string"}}],"inLanguage":"de"},{"@type":"Organization","@id":"https:\/\/btektech.com\/#organization","name":"Btektech","url":"https:\/\/btektech.com\/","logo":{"@type":"ImageObject","inLanguage":"de","@id":"https:\/\/btektech.com\/#\/schema\/logo\/image\/","url":"https:\/\/btektech.com\/wp-content\/uploads\/2021\/08\/btektech-logo.png","contentUrl":"https:\/\/btektech.com\/wp-content\/uploads\/2021\/08\/btektech-logo.png","width":250,"height":114,"caption":"Btektech"},"image":{"@id":"https:\/\/btektech.com\/#\/schema\/logo\/image\/"},"sameAs":["https:\/\/x.com\/Btektech1","https:\/\/www.instagram.com\/btektech\/","https:\/\/www.linkedin.com\/company\/suzhou-baotailong-electronic-materials-co-ltd\/","https:\/\/www.pinterest.com\/btektech\/_saved\/","https:\/\/www.youtube.com\/channel\/UCBiw4Bc4CmQDrdo-QqyVTqQ"]}]}},"_links":{"self":[{"href":"https:\/\/btektech.com\/de\/wp-json\/wp\/v2\/product\/5500","targetHints":{"allow":["GET"]}}],"collection":[{"href":"https:\/\/btektech.com\/de\/wp-json\/wp\/v2\/product"}],"about":[{"href":"https:\/\/btektech.com\/de\/wp-json\/wp\/v2\/types\/product"}],"replies":[{"embeddable":true,"href":"https:\/\/btektech.com\/de\/wp-json\/wp\/v2\/comments?post=5500"}],"version-history":[{"count":1,"href":"https:\/\/btektech.com\/de\/wp-json\/wp\/v2\/product\/5500\/revisions"}],"predecessor-version":[{"id":22394,"href":"https:\/\/btektech.com\/de\/wp-json\/wp\/v2\/product\/5500\/revisions\/22394"}],"wp:featuredmedia":[{"embeddable":true,"href":"https:\/\/btektech.com\/de\/wp-json\/wp\/v2\/media\/21443"}],"wp:attachment":[{"href":"https:\/\/btektech.com\/de\/wp-json\/wp\/v2\/media?parent=5500"}],"wp:term":[{"taxonomy":"product_brand","embeddable":true,"href":"https:\/\/btektech.com\/de\/wp-json\/wp\/v2\/product_brand?post=5500"},{"taxonomy":"product_cat","embeddable":true,"href":"https:\/\/btektech.com\/de\/wp-json\/wp\/v2\/product_cat?post=5500"},{"taxonomy":"product_tag","embeddable":true,"href":"https:\/\/btektech.com\/de\/wp-json\/wp\/v2\/product_tag?post=5500"}],"curies":[{"name":"wp","href":"https:\/\/api.w.org\/{rel}","templated":true}]}}