{"id":5499,"date":"2021-09-06T07:34:00","date_gmt":"2022-04-26T17:00:23","guid":{"rendered":"https:\/\/btektech.com\/product\/glockenmundstueck-einweg-mischduese-aus-kunststoff\/"},"modified":"2023-04-28T08:08:21","modified_gmt":"2023-04-28T08:08:21","slug":"glocke-statische-mischduesen-2k-kleber","status":"publish","type":"product","link":"https:\/\/btektech.com\/de\/product\/glocke-statische-mischduesen-2k-kleber\/","title":{"rendered":"Glocke Statische Mischd\u00fcsen 2k Kleber"},"content":{"rendered":"<p>Der Schnittstellendurchmesser der Glockenmund-Mischd\u00fcse betr\u00e4gt 16,7 mm, was dem einheitlichen Standard der Industrie entspricht. Er wird h\u00e4ufig f\u00fcr den Hochdruckbetrieb von Leimabf\u00fcllmaschinen verwendet. Bei Verwendung f\u00fcr das Mischen von hochviskosem Klebstoff f\u00fcgen Sie bitte einen Metallmantel hinzu, um den sicheren Betrieb und die Mischqualit\u00e4t zu gew\u00e4hrleisten.<\/p>\n<p>Die Kunden k\u00f6nnen Produkte mit unterschiedlichen Innendurchmessern und L\u00e4ngenspezifikationen entsprechend den Mischeigenschaften des Zweikomponentenklebers w\u00e4hlen, um die Mischwirkung von fl\u00fcssigen Zweikomponentenmaterialien zu verbessern.<\/p>\n<div style=\"overflow: auto;\">\n<table style=\"text-align: center;\">\n<tbody>\n<tr>\n<th>Nein.  <\/th>\n<th>Teil Nr.  <\/th>\n<th>Elemente  <\/th>\n<th>I.D.(mm)  <\/th>\n<th>L (mm)  <\/th>\n<th>Au\u00dfendurchmesser(mm)  <\/th>\n<th>A (mm)  <\/th>\n<th>Farbe des Innenkerns  <\/th>\n<\/tr>\n<tr>\n<td>B5<\/td>\n<td>PMC05-18<\/td>\n<td>18<\/td>\n<td>5<\/td>\n<td>120<\/td>\n<td>8<\/td>\n<td>1.5<\/td>\n<td>Wei\u00df\/Gelb\/Blau<\/td>\n<\/tr>\n<tr>\n<td>B6<\/td>\n<td>PMC05-24<\/td>\n<td>24<\/td>\n<td>5<\/td>\n<td>149<\/td>\n<td>8<\/td>\n<td>1.5<\/td>\n<td>Wei\u00df\/Gelb\/Blau<\/td>\n<\/tr>\n<tr>\n<td>B7<\/td>\n<td>PMS05-32<\/td>\n<td>32<\/td>\n<td>5<\/td>\n<td>188<\/td>\n<td>8<\/td>\n<td>1.5<\/td>\n<td>Wei\u00df\/Gelb\/Blau<\/td>\n<\/tr>\n<tr>\n<td>B8<\/td>\n<td>PMC06-18<\/td>\n<td>18<\/td>\n<td>6.3<\/td>\n<td>148<\/td>\n<td>10<\/td>\n<td>1.9<\/td>\n<td>Wei\u00df<\/td>\n<\/tr>\n<tr>\n<td>B9<\/td>\n<td>PMC06-24L<\/td>\n<td>24<\/td>\n<td>6.3<\/td>\n<td>185<\/td>\n<td>10<\/td>\n<td>2<\/td>\n<td>Wei\u00df<\/td>\n<\/tr>\n<tr>\n<td>B10<\/td>\n<td>PMS06-32<\/td>\n<td>32<\/td>\n<td>6.3<\/td>\n<td>234<\/td>\n<td>10<\/td>\n<td>1.9<\/td>\n<td>Wei\u00df\/Gelb<\/td>\n<\/tr>\n<tr>\n<td>B11<\/td>\n<td>PMC08-18<\/td>\n<td>18<\/td>\n<td>8<\/td>\n<td>175<\/td>\n<td>12<\/td>\n<td>2.4<\/td>\n<td>Wei\u00df<\/td>\n<\/tr>\n<tr>\n<td>B12<\/td>\n<td>PMC08-24<\/td>\n<td>24<\/td>\n<td>8<\/td>\n<td>223<\/td>\n<td>12<\/td>\n<td>2.4<\/td>\n<td>Wei\u00df\/Gelb\/Blau<\/td>\n<\/tr>\n<tr>\n<td>B13<\/td>\n<td>PMC08-32<\/td>\n<td>32<\/td>\n<td>8<\/td>\n<td>287<\/td>\n<td>12<\/td>\n<td>2.4<\/td>\n<td>Wei\u00df\/Gelb\/Blau<\/td>\n<\/tr>\n<tr>\n<td>B14<\/td>\n<td>PMC10-12<\/td>\n<td>12<\/td>\n<td>10<\/td>\n<td>156<\/td>\n<td>14<\/td>\n<td>3<\/td>\n<td>Wei\u00df<\/td>\n<\/tr>\n<tr>\n<td>B15<\/td>\n<td>PMC10-18<\/td>\n<td>18<\/td>\n<td>10<\/td>\n<td>215<\/td>\n<td>14<\/td>\n<td>3<\/td>\n<td>Wei\u00df<\/td>\n<\/tr>\n<tr>\n<td>B16<\/td>\n<td>PMC10-24<\/td>\n<td>24<\/td>\n<td>10<\/td>\n<td>276<\/td>\n<td>14<\/td>\n<td>3<\/td>\n<td>Wei\u00df\/Gelb<\/td>\n<\/tr>\n<tr>\n<td>B17<\/td>\n<td>PMS10-32<\/td>\n<td>32<\/td>\n<td>10<\/td>\n<td>352<\/td>\n<td>14<\/td>\n<td>3<\/td>\n<td>Wei\u00df\/Gelb\/Blau<\/td>\n<\/tr>\n<tr>\n<td>B18<\/td>\n<td>PMS13-18<\/td>\n<td>18<\/td>\n<td>13<\/td>\n<td>223<\/td>\n<td>17<\/td>\n<td>4<\/td>\n<td>Wei\u00df<\/td>\n<\/tr>\n<tr>\n<td>B19<\/td>\n<td>PMS13-24<\/td>\n<td>24<\/td>\n<td>13<\/td>\n<td>293<\/td>\n<td>17<\/td>\n<td>4<\/td>\n<td>Wei\u00df\/Gelb<\/td>\n<\/tr>\n<tr>\n<td>B20<\/td>\n<td>PMS13-32<\/td>\n<td>32<\/td>\n<td>13<\/td>\n<td>379<\/td>\n<td>17<\/td>\n<td>4<\/td>\n<td>Wei\u00df\/Gelb<\/td>\n<\/tr>\n<tr>\n<td>B21<\/td>\n<td>PMS13-36<\/td>\n<td>36<\/td>\n<td>13<\/td>\n<td>423<\/td>\n<td>17<\/td>\n<td>4<\/td>\n<td>Wei\u00df\/Gelb<\/td>\n<\/tr>\n<tr>\n<td>B22<\/td>\n<td>PMC09-24<\/td>\n<td>24<\/td>\n<td>9<\/td>\n<td>231<\/td>\n<td>12.7<\/td>\n<td>3<\/td>\n<td>Wei\u00df<\/td>\n<\/tr>\n<\/tbody>\n<\/table>\n<\/div>\n","protected":false},"excerpt":{"rendered":"<p>Glocke Mund Mischd\u00fcse, speziell f\u00fcr 200ml- und 400mlAB-Klebepistolen entwickelt. Wenn die Schnittstelle geeignet ist, kann das Produkt auch auf jeder Zweikomponenten-Fl\u00fcssigkeitsmischmaschine verwendet werden.<\/p>\n","protected":false},"featured_media":1846,"comment_status":"open","ping_status":"closed","template":"","meta":{"_acf_changed":false},"product_brand":[],"product_cat":[266],"product_tag":[],"class_list":{"0":"post-5499","1":"product","2":"type-product","3":"status-publish","4":"has-post-thumbnail","6":"product_cat-uncategorized-de","8":"first","9":"instock","10":"shipping-taxable","11":"product-type-simple"},"acf":[],"yoast_head":"<!-- This site is optimized with the Yoast SEO plugin v26.0 - https:\/\/yoast.com\/wordpress\/plugins\/seo\/ -->\n<title>Glocke Statische Mischd\u00fcsen 2k kleber<\/title>\n<meta name=\"description\" content=\"Glocke Statische Mischd\u00fcsen 2k kleber, speziell entwickelt f\u00fcr 200ml und 400ml AB-Klebepistolen.\" \/>\n<meta name=\"robots\" content=\"index, follow, max-snippet:-1, max-image-preview:large, max-video-preview:-1\" \/>\n<link rel=\"canonical\" href=\"https:\/\/btektech.com\/de\/product\/glocke-statische-mischduesen-2k-kleber\/\" \/>\n<meta property=\"og:locale\" content=\"de_DE\" \/>\n<meta property=\"og:type\" content=\"article\" \/>\n<meta property=\"og:title\" content=\"Glocke Statische Mischd\u00fcsen 2k kleber\" \/>\n<meta property=\"og:description\" content=\"Glocke Statische Mischd\u00fcsen 2k kleber, speziell entwickelt f\u00fcr 200ml und 400ml AB-Klebepistolen.\" \/>\n<meta property=\"og:url\" content=\"https:\/\/btektech.com\/de\/product\/glocke-statische-mischduesen-2k-kleber\/\" \/>\n<meta property=\"og:site_name\" content=\"Btektech\" \/>\n<meta property=\"article:modified_time\" content=\"2023-04-28T08:08:21+00:00\" \/>\n<meta property=\"og:image\" content=\"https:\/\/btektech.com\/wp-content\/uploads\/2021\/09\/10-40b.jpg\" \/>\n\t<meta property=\"og:image:width\" content=\"1000\" \/>\n\t<meta property=\"og:image:height\" content=\"1000\" \/>\n\t<meta property=\"og:image:type\" content=\"image\/jpeg\" \/>\n<meta name=\"twitter:card\" content=\"summary_large_image\" \/>\n<meta name=\"twitter:site\" content=\"@Btektech1\" \/>\n<meta name=\"twitter:label1\" content=\"Gesch\u00e4tzte Lesezeit\" \/>\n\t<meta name=\"twitter:data1\" content=\"1\u00a0Minute\" \/>\n<script type=\"application\/ld+json\" class=\"yoast-schema-graph\">{\"@context\":\"https:\/\/schema.org\",\"@graph\":[{\"@type\":[\"WebPage\",\"ItemPage\"],\"@id\":\"https:\/\/btektech.com\/de\/product\/glocke-statische-mischduesen-2k-kleber\/\",\"url\":\"https:\/\/btektech.com\/de\/product\/glocke-statische-mischduesen-2k-kleber\/\",\"name\":\"Glocke Statische Mischd\u00fcsen 2k kleber\",\"isPartOf\":{\"@id\":\"https:\/\/btektech.com\/#website\"},\"primaryImageOfPage\":{\"@id\":\"https:\/\/btektech.com\/de\/product\/glocke-statische-mischduesen-2k-kleber\/#primaryimage\"},\"image\":{\"@id\":\"https:\/\/btektech.com\/de\/product\/glocke-statische-mischduesen-2k-kleber\/#primaryimage\"},\"thumbnailUrl\":\"https:\/\/btektech.com\/wp-content\/uploads\/2021\/09\/10-40b.jpg\",\"datePublished\":\"2022-04-26T17:00:23+00:00\",\"dateModified\":\"2023-04-28T08:08:21+00:00\",\"description\":\"Glocke Statische Mischd\u00fcsen 2k kleber, speziell entwickelt f\u00fcr 200ml und 400ml AB-Klebepistolen.\",\"breadcrumb\":{\"@id\":\"https:\/\/btektech.com\/de\/product\/glocke-statische-mischduesen-2k-kleber\/#breadcrumb\"},\"inLanguage\":\"de\",\"potentialAction\":[{\"@type\":\"ReadAction\",\"target\":[\"https:\/\/btektech.com\/de\/product\/glocke-statische-mischduesen-2k-kleber\/\"]}]},{\"@type\":\"ImageObject\",\"inLanguage\":\"de\",\"@id\":\"https:\/\/btektech.com\/de\/product\/glocke-statische-mischduesen-2k-kleber\/#primaryimage\",\"url\":\"https:\/\/btektech.com\/wp-content\/uploads\/2021\/09\/10-40b.jpg\",\"contentUrl\":\"https:\/\/btektech.com\/wp-content\/uploads\/2021\/09\/10-40b.jpg\",\"width\":1000,\"height\":1000,\"caption\":\"Glocke Mund Mischd\u00fcse\"},{\"@type\":\"BreadcrumbList\",\"@id\":\"https:\/\/btektech.com\/de\/product\/glocke-statische-mischduesen-2k-kleber\/#breadcrumb\",\"itemListElement\":[{\"@type\":\"ListItem\",\"position\":1,\"name\":\"Home\",\"item\":\"https:\/\/btektech.com\/de\/home-2\/\"},{\"@type\":\"ListItem\",\"position\":2,\"name\":\"\u00dcr\u00fcnler\",\"item\":\"https:\/\/btektech.com\/tr\/shop\/\"},{\"@type\":\"ListItem\",\"position\":3,\"name\":\"Glocke Statische Mischd\u00fcsen 2k Kleber\"}]},{\"@type\":\"WebSite\",\"@id\":\"https:\/\/btektech.com\/#website\",\"url\":\"https:\/\/btektech.com\/\",\"name\":\"Btektech\",\"description\":\"\",\"publisher\":{\"@id\":\"https:\/\/btektech.com\/#organization\"},\"potentialAction\":[{\"@type\":\"SearchAction\",\"target\":{\"@type\":\"EntryPoint\",\"urlTemplate\":\"https:\/\/btektech.com\/?s={search_term_string}\"},\"query-input\":{\"@type\":\"PropertyValueSpecification\",\"valueRequired\":true,\"valueName\":\"search_term_string\"}}],\"inLanguage\":\"de\"},{\"@type\":\"Organization\",\"@id\":\"https:\/\/btektech.com\/#organization\",\"name\":\"Btektech\",\"url\":\"https:\/\/btektech.com\/\",\"logo\":{\"@type\":\"ImageObject\",\"inLanguage\":\"de\",\"@id\":\"https:\/\/btektech.com\/#\/schema\/logo\/image\/\",\"url\":\"https:\/\/btektech.com\/wp-content\/uploads\/2021\/08\/btektech-logo.png\",\"contentUrl\":\"https:\/\/btektech.com\/wp-content\/uploads\/2021\/08\/btektech-logo.png\",\"width\":250,\"height\":114,\"caption\":\"Btektech\"},\"image\":{\"@id\":\"https:\/\/btektech.com\/#\/schema\/logo\/image\/\"},\"sameAs\":[\"https:\/\/x.com\/Btektech1\",\"https:\/\/www.instagram.com\/btektech\/\",\"https:\/\/www.linkedin.com\/company\/suzhou-baotailong-electronic-materials-co-ltd\/\",\"https:\/\/www.pinterest.com\/btektech\/_saved\/\",\"https:\/\/www.youtube.com\/channel\/UCBiw4Bc4CmQDrdo-QqyVTqQ\"]}]}<\/script>\n<!-- \/ Yoast SEO plugin. -->","yoast_head_json":{"title":"Glocke Statische Mischd\u00fcsen 2k kleber","description":"Glocke Statische Mischd\u00fcsen 2k kleber, speziell entwickelt f\u00fcr 200ml und 400ml AB-Klebepistolen.","robots":{"index":"index","follow":"follow","max-snippet":"max-snippet:-1","max-image-preview":"max-image-preview:large","max-video-preview":"max-video-preview:-1"},"canonical":"https:\/\/btektech.com\/de\/product\/glocke-statische-mischduesen-2k-kleber\/","og_locale":"de_DE","og_type":"article","og_title":"Glocke Statische Mischd\u00fcsen 2k kleber","og_description":"Glocke Statische Mischd\u00fcsen 2k kleber, speziell entwickelt f\u00fcr 200ml und 400ml AB-Klebepistolen.","og_url":"https:\/\/btektech.com\/de\/product\/glocke-statische-mischduesen-2k-kleber\/","og_site_name":"Btektech","article_modified_time":"2023-04-28T08:08:21+00:00","og_image":[{"width":1000,"height":1000,"url":"https:\/\/btektech.com\/wp-content\/uploads\/2021\/09\/10-40b.jpg","type":"image\/jpeg"}],"twitter_card":"summary_large_image","twitter_site":"@Btektech1","twitter_misc":{"Gesch\u00e4tzte Lesezeit":"1\u00a0Minute"},"schema":{"@context":"https:\/\/schema.org","@graph":[{"@type":["WebPage","ItemPage"],"@id":"https:\/\/btektech.com\/de\/product\/glocke-statische-mischduesen-2k-kleber\/","url":"https:\/\/btektech.com\/de\/product\/glocke-statische-mischduesen-2k-kleber\/","name":"Glocke Statische Mischd\u00fcsen 2k kleber","isPartOf":{"@id":"https:\/\/btektech.com\/#website"},"primaryImageOfPage":{"@id":"https:\/\/btektech.com\/de\/product\/glocke-statische-mischduesen-2k-kleber\/#primaryimage"},"image":{"@id":"https:\/\/btektech.com\/de\/product\/glocke-statische-mischduesen-2k-kleber\/#primaryimage"},"thumbnailUrl":"https:\/\/btektech.com\/wp-content\/uploads\/2021\/09\/10-40b.jpg","datePublished":"2022-04-26T17:00:23+00:00","dateModified":"2023-04-28T08:08:21+00:00","description":"Glocke Statische Mischd\u00fcsen 2k kleber, speziell entwickelt f\u00fcr 200ml und 400ml AB-Klebepistolen.","breadcrumb":{"@id":"https:\/\/btektech.com\/de\/product\/glocke-statische-mischduesen-2k-kleber\/#breadcrumb"},"inLanguage":"de","potentialAction":[{"@type":"ReadAction","target":["https:\/\/btektech.com\/de\/product\/glocke-statische-mischduesen-2k-kleber\/"]}]},{"@type":"ImageObject","inLanguage":"de","@id":"https:\/\/btektech.com\/de\/product\/glocke-statische-mischduesen-2k-kleber\/#primaryimage","url":"https:\/\/btektech.com\/wp-content\/uploads\/2021\/09\/10-40b.jpg","contentUrl":"https:\/\/btektech.com\/wp-content\/uploads\/2021\/09\/10-40b.jpg","width":1000,"height":1000,"caption":"Glocke Mund Mischd\u00fcse"},{"@type":"BreadcrumbList","@id":"https:\/\/btektech.com\/de\/product\/glocke-statische-mischduesen-2k-kleber\/#breadcrumb","itemListElement":[{"@type":"ListItem","position":1,"name":"Home","item":"https:\/\/btektech.com\/de\/home-2\/"},{"@type":"ListItem","position":2,"name":"\u00dcr\u00fcnler","item":"https:\/\/btektech.com\/tr\/shop\/"},{"@type":"ListItem","position":3,"name":"Glocke Statische Mischd\u00fcsen 2k Kleber"}]},{"@type":"WebSite","@id":"https:\/\/btektech.com\/#website","url":"https:\/\/btektech.com\/","name":"Btektech","description":"","publisher":{"@id":"https:\/\/btektech.com\/#organization"},"potentialAction":[{"@type":"SearchAction","target":{"@type":"EntryPoint","urlTemplate":"https:\/\/btektech.com\/?s={search_term_string}"},"query-input":{"@type":"PropertyValueSpecification","valueRequired":true,"valueName":"search_term_string"}}],"inLanguage":"de"},{"@type":"Organization","@id":"https:\/\/btektech.com\/#organization","name":"Btektech","url":"https:\/\/btektech.com\/","logo":{"@type":"ImageObject","inLanguage":"de","@id":"https:\/\/btektech.com\/#\/schema\/logo\/image\/","url":"https:\/\/btektech.com\/wp-content\/uploads\/2021\/08\/btektech-logo.png","contentUrl":"https:\/\/btektech.com\/wp-content\/uploads\/2021\/08\/btektech-logo.png","width":250,"height":114,"caption":"Btektech"},"image":{"@id":"https:\/\/btektech.com\/#\/schema\/logo\/image\/"},"sameAs":["https:\/\/x.com\/Btektech1","https:\/\/www.instagram.com\/btektech\/","https:\/\/www.linkedin.com\/company\/suzhou-baotailong-electronic-materials-co-ltd\/","https:\/\/www.pinterest.com\/btektech\/_saved\/","https:\/\/www.youtube.com\/channel\/UCBiw4Bc4CmQDrdo-QqyVTqQ"]}]}},"_links":{"self":[{"href":"https:\/\/btektech.com\/de\/wp-json\/wp\/v2\/product\/5499","targetHints":{"allow":["GET"]}}],"collection":[{"href":"https:\/\/btektech.com\/de\/wp-json\/wp\/v2\/product"}],"about":[{"href":"https:\/\/btektech.com\/de\/wp-json\/wp\/v2\/types\/product"}],"replies":[{"embeddable":true,"href":"https:\/\/btektech.com\/de\/wp-json\/wp\/v2\/comments?post=5499"}],"version-history":[{"count":0,"href":"https:\/\/btektech.com\/de\/wp-json\/wp\/v2\/product\/5499\/revisions"}],"wp:featuredmedia":[{"embeddable":true,"href":"https:\/\/btektech.com\/de\/wp-json\/wp\/v2\/media\/1846"}],"wp:attachment":[{"href":"https:\/\/btektech.com\/de\/wp-json\/wp\/v2\/media?parent=5499"}],"wp:term":[{"taxonomy":"product_brand","embeddable":true,"href":"https:\/\/btektech.com\/de\/wp-json\/wp\/v2\/product_brand?post=5499"},{"taxonomy":"product_cat","embeddable":true,"href":"https:\/\/btektech.com\/de\/wp-json\/wp\/v2\/product_cat?post=5499"},{"taxonomy":"product_tag","embeddable":true,"href":"https:\/\/btektech.com\/de\/wp-json\/wp\/v2\/product_tag?post=5499"}],"curies":[{"name":"wp","href":"https:\/\/api.w.org\/{rel}","templated":true}]}}