{"id":5495,"date":"2021-09-06T09:28:51","date_gmt":"2022-04-26T16:58:00","guid":{"rendered":"https:\/\/btektech.com\/product\/einweg-kunststoff-mischduese-statischer-mischer-schlauch\/"},"modified":"2023-04-28T08:12:49","modified_gmt":"2023-04-28T08:12:49","slug":"x-gitter-statische-mischduesen-2k-kleber","status":"publish","type":"product","link":"https:\/\/btektech.com\/de\/product\/x-gitter-statische-mischduesen-2k-kleber\/","title":{"rendered":"X-Gitter Statische Mischd\u00fcsen 2k Kleber"},"content":{"rendered":"<p>GSM Statische Mischrohr Typ X besondere Struktur<\/p>\n<p>Sein Element besteht aus PP- oder Nylonmaterial. Jedes Element kreuzt sich in einem Winkel von 90 Grad. Daher ist die Effizienz des X-Grid Einweg-Statikmischers 3-10 Mal so hoch wie die von spiralf\u00f6rmigen und quadratischen Statikmischern und kann das Problem der geringen Effizienz gew\u00f6hnlicher Statikmischer l\u00f6sen. Das X-Typ-Mischrohr ist also f\u00fcr folgende Situationen geeignet: Der Unterschied in der Konsistenz von A- und B-Klebstoff ist gro\u00df; das Mischungsverh\u00e4ltnis von A- und B-Klebstoff ist gro\u00df; der Fluss von A- und B-Klebstoff ist zu schnell.<\/p>\n<div style=\"overflow: auto;\">\n<table style=\"text-align: center;\">\n<tbody>\n<tr>\n<th>Nein.  <\/th>\n<th>Teil Nr.  <\/th>\n<th>Elemente  <\/th>\n<th>I.D.(mm)  <\/th>\n<th>L(mm)  <\/th>\n<th>Au\u00dfendurchmesser(mm)  <\/th>\n<th>A(mm)  <\/th>\n<th>Farbe des Innenkerns  <\/th>\n<\/tr>\n<tr>\n<td>G1<\/td>\n<td>  GSM9-12<\/td>\n<td>12<\/td>\n<td>9.3<\/td>\n<td>146<\/td>\n<td>12.5<\/td>\n<td>3<\/td>\n<td>Wei\u00df\/Gelb<\/td>\n<\/tr>\n<tr>\n<td>G2<\/td>\n<td>  GSM9-14<\/td>\n<td>14<\/td>\n<td>9.3<\/td>\n<td>164<\/td>\n<td>12.5<\/td>\n<td>3<\/td>\n<td>Blau\/Gelb<\/td>\n<\/tr>\n<tr>\n<td>G3<\/td>\n<td>  GSM9-16<\/td>\n<td>16<\/td>\n<td>9.3<\/td>\n<td>183<\/td>\n<td>12.5<\/td>\n<td>3<\/td>\n<td>Wei\u00df\/Blau<\/td>\n<\/tr>\n<tr>\n<td>G4<\/td>\n<td>  GSM9-20<\/td>\n<td>20<\/td>\n<td>9.3<\/td>\n<td>220<\/td>\n<td>12.5<\/td>\n<td>3<\/td>\n<td>Blau\/Rot<\/td>\n<\/tr>\n<\/tbody>\n<\/table>\n<\/div>\n","protected":false},"excerpt":{"rendered":"<p>X-Grid Einweg-Statikmischer<\/p>\n<p>Dieses Produkt zeichnet sich durch schnelles Mischen, schnelle Extrusion, Klebstoffeinsparung und Verstopfungsgefahr aus.<\/p>\n","protected":false},"featured_media":1890,"comment_status":"open","ping_status":"closed","template":"","meta":{"_acf_changed":false},"product_brand":[],"product_cat":[266],"product_tag":[],"class_list":{"0":"post-5495","1":"product","2":"type-product","3":"status-publish","4":"has-post-thumbnail","6":"product_cat-uncategorized-de","8":"first","9":"instock","10":"shipping-taxable","11":"product-type-simple"},"acf":[],"yoast_head":"<!-- This site is optimized with the Yoast SEO plugin v26.0 - https:\/\/yoast.com\/wordpress\/plugins\/seo\/ -->\n<title>X-Gitter Statische Mischd\u00fcsen 2k Kleber - Btektech<\/title>\n<meta name=\"description\" content=\"X-Gitter Statisches Mischd\u00fcsen 2k kleber, es nimmt X-Typ spezielle Struktur und es ist Element besteht aus PP oder Nylon Material\" \/>\n<meta name=\"robots\" content=\"index, follow, max-snippet:-1, max-image-preview:large, max-video-preview:-1\" \/>\n<link rel=\"canonical\" href=\"https:\/\/btektech.com\/de\/product\/x-gitter-statische-mischduesen-2k-kleber\/\" \/>\n<meta property=\"og:locale\" content=\"de_DE\" \/>\n<meta property=\"og:type\" content=\"article\" \/>\n<meta property=\"og:title\" content=\"X-Gitter Statische Mischd\u00fcsen 2k Kleber - Btektech\" \/>\n<meta property=\"og:description\" content=\"X-Gitter Statisches Mischd\u00fcsen 2k kleber, es nimmt X-Typ spezielle Struktur und es ist Element besteht aus PP oder Nylon Material\" \/>\n<meta property=\"og:url\" content=\"https:\/\/btektech.com\/de\/product\/x-gitter-statische-mischduesen-2k-kleber\/\" \/>\n<meta property=\"og:site_name\" content=\"Btektech\" \/>\n<meta property=\"article:modified_time\" content=\"2023-04-28T08:12:49+00:00\" \/>\n<meta property=\"og:image\" content=\"https:\/\/btektech.com\/wp-content\/uploads\/2021\/09\/G.jpg\" \/>\n\t<meta property=\"og:image:width\" content=\"800\" \/>\n\t<meta property=\"og:image:height\" content=\"800\" \/>\n\t<meta property=\"og:image:type\" content=\"image\/jpeg\" \/>\n<meta name=\"twitter:card\" content=\"summary_large_image\" \/>\n<meta name=\"twitter:site\" content=\"@Btektech1\" \/>\n<meta name=\"twitter:label1\" content=\"Gesch\u00e4tzte Lesezeit\" \/>\n\t<meta name=\"twitter:data1\" content=\"1\u00a0Minute\" \/>\n<script type=\"application\/ld+json\" class=\"yoast-schema-graph\">{\"@context\":\"https:\/\/schema.org\",\"@graph\":[{\"@type\":[\"WebPage\",\"ItemPage\"],\"@id\":\"https:\/\/btektech.com\/de\/product\/x-gitter-statische-mischduesen-2k-kleber\/\",\"url\":\"https:\/\/btektech.com\/de\/product\/x-gitter-statische-mischduesen-2k-kleber\/\",\"name\":\"X-Gitter Statische Mischd\u00fcsen 2k Kleber - Btektech\",\"isPartOf\":{\"@id\":\"https:\/\/btektech.com\/#website\"},\"primaryImageOfPage\":{\"@id\":\"https:\/\/btektech.com\/de\/product\/x-gitter-statische-mischduesen-2k-kleber\/#primaryimage\"},\"image\":{\"@id\":\"https:\/\/btektech.com\/de\/product\/x-gitter-statische-mischduesen-2k-kleber\/#primaryimage\"},\"thumbnailUrl\":\"https:\/\/btektech.com\/wp-content\/uploads\/2021\/09\/G.jpg\",\"datePublished\":\"2022-04-26T16:58:00+00:00\",\"dateModified\":\"2023-04-28T08:12:49+00:00\",\"description\":\"X-Gitter Statisches Mischd\u00fcsen 2k kleber, es nimmt X-Typ spezielle Struktur und es ist Element besteht aus PP oder Nylon Material\",\"breadcrumb\":{\"@id\":\"https:\/\/btektech.com\/de\/product\/x-gitter-statische-mischduesen-2k-kleber\/#breadcrumb\"},\"inLanguage\":\"de\",\"potentialAction\":[{\"@type\":\"ReadAction\",\"target\":[\"https:\/\/btektech.com\/de\/product\/x-gitter-statische-mischduesen-2k-kleber\/\"]}]},{\"@type\":\"ImageObject\",\"inLanguage\":\"de\",\"@id\":\"https:\/\/btektech.com\/de\/product\/x-gitter-statische-mischduesen-2k-kleber\/#primaryimage\",\"url\":\"https:\/\/btektech.com\/wp-content\/uploads\/2021\/09\/G.jpg\",\"contentUrl\":\"https:\/\/btektech.com\/wp-content\/uploads\/2021\/09\/G.jpg\",\"width\":800,\"height\":800,\"caption\":\"Einweg-Kunststoff-Mischd\u00fcse Statischer Mischer Schlauch\"},{\"@type\":\"BreadcrumbList\",\"@id\":\"https:\/\/btektech.com\/de\/product\/x-gitter-statische-mischduesen-2k-kleber\/#breadcrumb\",\"itemListElement\":[{\"@type\":\"ListItem\",\"position\":1,\"name\":\"Home\",\"item\":\"https:\/\/btektech.com\/de\/home-2\/\"},{\"@type\":\"ListItem\",\"position\":2,\"name\":\"\u00dcr\u00fcnler\",\"item\":\"https:\/\/btektech.com\/tr\/shop\/\"},{\"@type\":\"ListItem\",\"position\":3,\"name\":\"X-Gitter Statische Mischd\u00fcsen 2k Kleber\"}]},{\"@type\":\"WebSite\",\"@id\":\"https:\/\/btektech.com\/#website\",\"url\":\"https:\/\/btektech.com\/\",\"name\":\"Btektech\",\"description\":\"\",\"publisher\":{\"@id\":\"https:\/\/btektech.com\/#organization\"},\"potentialAction\":[{\"@type\":\"SearchAction\",\"target\":{\"@type\":\"EntryPoint\",\"urlTemplate\":\"https:\/\/btektech.com\/?s={search_term_string}\"},\"query-input\":{\"@type\":\"PropertyValueSpecification\",\"valueRequired\":true,\"valueName\":\"search_term_string\"}}],\"inLanguage\":\"de\"},{\"@type\":\"Organization\",\"@id\":\"https:\/\/btektech.com\/#organization\",\"name\":\"Btektech\",\"url\":\"https:\/\/btektech.com\/\",\"logo\":{\"@type\":\"ImageObject\",\"inLanguage\":\"de\",\"@id\":\"https:\/\/btektech.com\/#\/schema\/logo\/image\/\",\"url\":\"https:\/\/btektech.com\/wp-content\/uploads\/2021\/08\/btektech-logo.png\",\"contentUrl\":\"https:\/\/btektech.com\/wp-content\/uploads\/2021\/08\/btektech-logo.png\",\"width\":250,\"height\":114,\"caption\":\"Btektech\"},\"image\":{\"@id\":\"https:\/\/btektech.com\/#\/schema\/logo\/image\/\"},\"sameAs\":[\"https:\/\/x.com\/Btektech1\",\"https:\/\/www.instagram.com\/btektech\/\",\"https:\/\/www.linkedin.com\/company\/suzhou-baotailong-electronic-materials-co-ltd\/\",\"https:\/\/www.pinterest.com\/btektech\/_saved\/\",\"https:\/\/www.youtube.com\/channel\/UCBiw4Bc4CmQDrdo-QqyVTqQ\"]}]}<\/script>\n<!-- \/ Yoast SEO plugin. -->","yoast_head_json":{"title":"X-Gitter Statische Mischd\u00fcsen 2k Kleber - Btektech","description":"X-Gitter Statisches Mischd\u00fcsen 2k kleber, es nimmt X-Typ spezielle Struktur und es ist Element besteht aus PP oder Nylon Material","robots":{"index":"index","follow":"follow","max-snippet":"max-snippet:-1","max-image-preview":"max-image-preview:large","max-video-preview":"max-video-preview:-1"},"canonical":"https:\/\/btektech.com\/de\/product\/x-gitter-statische-mischduesen-2k-kleber\/","og_locale":"de_DE","og_type":"article","og_title":"X-Gitter Statische Mischd\u00fcsen 2k Kleber - Btektech","og_description":"X-Gitter Statisches Mischd\u00fcsen 2k kleber, es nimmt X-Typ spezielle Struktur und es ist Element besteht aus PP oder Nylon Material","og_url":"https:\/\/btektech.com\/de\/product\/x-gitter-statische-mischduesen-2k-kleber\/","og_site_name":"Btektech","article_modified_time":"2023-04-28T08:12:49+00:00","og_image":[{"width":800,"height":800,"url":"https:\/\/btektech.com\/wp-content\/uploads\/2021\/09\/G.jpg","type":"image\/jpeg"}],"twitter_card":"summary_large_image","twitter_site":"@Btektech1","twitter_misc":{"Gesch\u00e4tzte Lesezeit":"1\u00a0Minute"},"schema":{"@context":"https:\/\/schema.org","@graph":[{"@type":["WebPage","ItemPage"],"@id":"https:\/\/btektech.com\/de\/product\/x-gitter-statische-mischduesen-2k-kleber\/","url":"https:\/\/btektech.com\/de\/product\/x-gitter-statische-mischduesen-2k-kleber\/","name":"X-Gitter Statische Mischd\u00fcsen 2k Kleber - Btektech","isPartOf":{"@id":"https:\/\/btektech.com\/#website"},"primaryImageOfPage":{"@id":"https:\/\/btektech.com\/de\/product\/x-gitter-statische-mischduesen-2k-kleber\/#primaryimage"},"image":{"@id":"https:\/\/btektech.com\/de\/product\/x-gitter-statische-mischduesen-2k-kleber\/#primaryimage"},"thumbnailUrl":"https:\/\/btektech.com\/wp-content\/uploads\/2021\/09\/G.jpg","datePublished":"2022-04-26T16:58:00+00:00","dateModified":"2023-04-28T08:12:49+00:00","description":"X-Gitter Statisches Mischd\u00fcsen 2k kleber, es nimmt X-Typ spezielle Struktur und es ist Element besteht aus PP oder Nylon Material","breadcrumb":{"@id":"https:\/\/btektech.com\/de\/product\/x-gitter-statische-mischduesen-2k-kleber\/#breadcrumb"},"inLanguage":"de","potentialAction":[{"@type":"ReadAction","target":["https:\/\/btektech.com\/de\/product\/x-gitter-statische-mischduesen-2k-kleber\/"]}]},{"@type":"ImageObject","inLanguage":"de","@id":"https:\/\/btektech.com\/de\/product\/x-gitter-statische-mischduesen-2k-kleber\/#primaryimage","url":"https:\/\/btektech.com\/wp-content\/uploads\/2021\/09\/G.jpg","contentUrl":"https:\/\/btektech.com\/wp-content\/uploads\/2021\/09\/G.jpg","width":800,"height":800,"caption":"Einweg-Kunststoff-Mischd\u00fcse Statischer Mischer Schlauch"},{"@type":"BreadcrumbList","@id":"https:\/\/btektech.com\/de\/product\/x-gitter-statische-mischduesen-2k-kleber\/#breadcrumb","itemListElement":[{"@type":"ListItem","position":1,"name":"Home","item":"https:\/\/btektech.com\/de\/home-2\/"},{"@type":"ListItem","position":2,"name":"\u00dcr\u00fcnler","item":"https:\/\/btektech.com\/tr\/shop\/"},{"@type":"ListItem","position":3,"name":"X-Gitter Statische Mischd\u00fcsen 2k Kleber"}]},{"@type":"WebSite","@id":"https:\/\/btektech.com\/#website","url":"https:\/\/btektech.com\/","name":"Btektech","description":"","publisher":{"@id":"https:\/\/btektech.com\/#organization"},"potentialAction":[{"@type":"SearchAction","target":{"@type":"EntryPoint","urlTemplate":"https:\/\/btektech.com\/?s={search_term_string}"},"query-input":{"@type":"PropertyValueSpecification","valueRequired":true,"valueName":"search_term_string"}}],"inLanguage":"de"},{"@type":"Organization","@id":"https:\/\/btektech.com\/#organization","name":"Btektech","url":"https:\/\/btektech.com\/","logo":{"@type":"ImageObject","inLanguage":"de","@id":"https:\/\/btektech.com\/#\/schema\/logo\/image\/","url":"https:\/\/btektech.com\/wp-content\/uploads\/2021\/08\/btektech-logo.png","contentUrl":"https:\/\/btektech.com\/wp-content\/uploads\/2021\/08\/btektech-logo.png","width":250,"height":114,"caption":"Btektech"},"image":{"@id":"https:\/\/btektech.com\/#\/schema\/logo\/image\/"},"sameAs":["https:\/\/x.com\/Btektech1","https:\/\/www.instagram.com\/btektech\/","https:\/\/www.linkedin.com\/company\/suzhou-baotailong-electronic-materials-co-ltd\/","https:\/\/www.pinterest.com\/btektech\/_saved\/","https:\/\/www.youtube.com\/channel\/UCBiw4Bc4CmQDrdo-QqyVTqQ"]}]}},"_links":{"self":[{"href":"https:\/\/btektech.com\/de\/wp-json\/wp\/v2\/product\/5495","targetHints":{"allow":["GET"]}}],"collection":[{"href":"https:\/\/btektech.com\/de\/wp-json\/wp\/v2\/product"}],"about":[{"href":"https:\/\/btektech.com\/de\/wp-json\/wp\/v2\/types\/product"}],"replies":[{"embeddable":true,"href":"https:\/\/btektech.com\/de\/wp-json\/wp\/v2\/comments?post=5495"}],"version-history":[{"count":0,"href":"https:\/\/btektech.com\/de\/wp-json\/wp\/v2\/product\/5495\/revisions"}],"wp:featuredmedia":[{"embeddable":true,"href":"https:\/\/btektech.com\/de\/wp-json\/wp\/v2\/media\/1890"}],"wp:attachment":[{"href":"https:\/\/btektech.com\/de\/wp-json\/wp\/v2\/media?parent=5495"}],"wp:term":[{"taxonomy":"product_brand","embeddable":true,"href":"https:\/\/btektech.com\/de\/wp-json\/wp\/v2\/product_brand?post=5495"},{"taxonomy":"product_cat","embeddable":true,"href":"https:\/\/btektech.com\/de\/wp-json\/wp\/v2\/product_cat?post=5495"},{"taxonomy":"product_tag","embeddable":true,"href":"https:\/\/btektech.com\/de\/wp-json\/wp\/v2\/product_tag?post=5495"}],"curies":[{"name":"wp","href":"https:\/\/api.w.org\/{rel}","templated":true}]}}