{"id":5487,"date":"2021-09-07T02:29:46","date_gmt":"2022-04-26T16:57:26","guid":{"rendered":"https:\/\/btektech.com\/product\/industrie-dosierspitzen-aus-edelstahl\/"},"modified":"2022-08-12T07:07:23","modified_gmt":"2022-08-12T07:07:23","slug":"dosierspitzen-aus-edelstahl","status":"publish","type":"product","link":"https:\/\/btektech.com\/de\/product\/dosierspitzen-aus-edelstahl\/","title":{"rendered":"Dosierspitzen aus Edelstahl"},"content":{"rendered":"<p><span class=\"transSent\" data-group=\"0-0\">Pr\u00e4zisionsnadel aus rostfreiem Stahl, geeignet f\u00fcr hohe Geschwindigkeiten, hohe Pr\u00e4zision, hoher Betrieb von vollautomatischen Maschinen.  <\/span><span class=\"transSent\" data-group=\"0-1\">  Neben der Standardspurweite kann auch nach den Anforderungen der Produktion die angegebene L\u00e4nge hergestellt werden.  <\/span><span class=\"transSent\" data-group=\"0-2\">  Oder Doppelr\u00f6hrennadel, Mehrr\u00f6hrennadel, etc.  <\/span><\/p>\n<div style=\"overflow: auto;\">\n<table style=\"text-align: center;\">\n<tbody>\n<tr>\n<td>Messger\u00e4t<\/td>\n<td>ID (mm)<\/td>\n<td>Au\u00dfendurchmesser (mm)<\/td>\n<td>6,35 mm(1\/4&#8243;)<\/td>\n<td>12,7 mm(1\/2&#8243;)<\/td>\n<td>25,4 mm(1&#8243;)<\/td>\n<td>38,1 mm(3\/2&#8243;)<\/td>\n<\/tr>\n<tr>\n<td>10<\/td>\n<td>2.8<\/td>\n<td>3.5<\/td>\n<td>SS 10025<\/td>\n<td>SS 10050<\/td>\n<td>SS 10100<\/td>\n<td>SS 10150<\/td>\n<\/tr>\n<tr>\n<td>11<\/td>\n<td>2.5<\/td>\n<td>3<\/td>\n<td>SS 11025<\/td>\n<td>SS 11050<\/td>\n<td>SS 11100<\/td>\n<td>SS 11150<\/td>\n<\/tr>\n<tr>\n<td>12<\/td>\n<td>2.27<\/td>\n<td>2.77<\/td>\n<td>SS 12025<\/td>\n<td>SS 12050<\/td>\n<td>SS 12100<\/td>\n<td>SS 12150<\/td>\n<\/tr>\n<tr>\n<td>13<\/td>\n<td>1.94<\/td>\n<td>2.4<\/td>\n<td>SS 13025<\/td>\n<td>SS 13050<\/td>\n<td>SS 13100<\/td>\n<td>SS 13150<\/td>\n<\/tr>\n<tr>\n<td>14<\/td>\n<td>1.65<\/td>\n<td>1.81<\/td>\n<td>SS 14025<\/td>\n<td>SS 14050<\/td>\n<td>SS 14100<\/td>\n<td>SS 14150<\/td>\n<\/tr>\n<tr>\n<td>15<\/td>\n<td>1.43<\/td>\n<td>1.81<\/td>\n<td>SS 15025<\/td>\n<td>SS 15050<\/td>\n<td>SS 15100<\/td>\n<td>SS 15150<\/td>\n<\/tr>\n<tr>\n<td>16<\/td>\n<td>1.25<\/td>\n<td>1.63<\/td>\n<td>SS 16025<\/td>\n<td>SS 16050<\/td>\n<td>SS 16100<\/td>\n<td>SS 16150<\/td>\n<\/tr>\n<tr>\n<td>17<\/td>\n<td>1.1<\/td>\n<td>1.49<\/td>\n<td>SS 17025<\/td>\n<td>SS 17050<\/td>\n<td>SS 17100<\/td>\n<td>SS 17150<\/td>\n<\/tr>\n<tr>\n<td>18<\/td>\n<td>0.84<\/td>\n<td>1.28<\/td>\n<td>SS 18025<\/td>\n<td>SS 18050<\/td>\n<td>SS 18100<\/td>\n<td>SS 18150<\/td>\n<\/tr>\n<tr>\n<td>19<\/td>\n<td>0.71<\/td>\n<td>1.06<\/td>\n<td>SS 19025<\/td>\n<td>SS 19050<\/td>\n<td>SS 19100<\/td>\n<td>SS 19150<\/td>\n<\/tr>\n<tr>\n<td>20<\/td>\n<td>0.6<\/td>\n<td>0.91<\/td>\n<td>SS 20025<\/td>\n<td>SS 20050<\/td>\n<td>SS 20100<\/td>\n<td>SS 20150<\/td>\n<\/tr>\n<tr>\n<td>21<\/td>\n<td>0.51<\/td>\n<td>0.81<\/td>\n<td>SS 21025<\/td>\n<td>SS 21050<\/td>\n<td>SS 21100<\/td>\n<td>SS 21150<\/td>\n<\/tr>\n<tr>\n<td>22<\/td>\n<td>0.41<\/td>\n<td>0.71<\/td>\n<td>SS 22025<\/td>\n<td>SS 22050<\/td>\n<td>SS 22100<\/td>\n<td>SS 22150<\/td>\n<\/tr>\n<tr>\n<td>23<\/td>\n<td>0.33<\/td>\n<td>0.63<\/td>\n<td>SS 23025<\/td>\n<td>SS 23050<\/td>\n<td>SS 23100<\/td>\n<td>SS 23150<\/td>\n<\/tr>\n<tr>\n<td>24<\/td>\n<td>0.31<\/td>\n<td>0.56<\/td>\n<td>SS 24025<\/td>\n<td>SS 24050<\/td>\n<td>NA<\/td>\n<td>NA<\/td>\n<\/tr>\n<tr>\n<td>25<\/td>\n<td>0.26<\/td>\n<td>0.51<\/td>\n<td>SS 25025<\/td>\n<td>SS 25050<\/td>\n<td>SS 25100<\/td>\n<td>SS 25150<\/td>\n<\/tr>\n<tr>\n<td>26<\/td>\n<td>0.25<\/td>\n<td>0.45<\/td>\n<td>SS 26025<\/td>\n<td>SS 26050<\/td>\n<td>SS 26100<\/td>\n<td>N\/M<\/td>\n<\/tr>\n<tr>\n<td>27<\/td>\n<td>0.21<\/td>\n<td>0.41<\/td>\n<td>SS 27025<\/td>\n<td>SS 27050<\/td>\n<td>SS 27100<\/td>\n<td>SS 27150<\/td>\n<\/tr>\n<tr>\n<td>30<\/td>\n<td>0.16<\/td>\n<td>0.32<\/td>\n<td>SS 30025<\/td>\n<td>SS 30050<\/td>\n<td>SS 30100<\/td>\n<td>SS 30150<\/td>\n<\/tr>\n<tr>\n<td>32<\/td>\n<td>0.09<\/td>\n<td>0.25<\/td>\n<td>SS 32025<\/td>\n<td>SS 32050<\/td>\n<td>NA<\/td>\n<td>NA<\/td>\n<\/tr>\n<tr>\n<td>34<\/td>\n<td>0.06<\/td>\n<td>0.25<\/td>\n<td>SS 34025<\/td>\n<td>SS 34050<\/td>\n<td>NA<\/td>\n<td>NA<\/td>\n<\/tr>\n<\/tbody>\n<\/table>\n<\/div>\n","protected":false},"excerpt":{"rendered":"<p class=\"src grammarSection\" data-group=\"1-1\">Das gesamte Rohr ist aus rostfreiem Stahl gefertigt und innen und au\u00dfen gratfrei poliert.<\/p>\n","protected":false},"featured_media":1930,"comment_status":"open","ping_status":"closed","template":"","meta":{"_acf_changed":false},"product_brand":[],"product_cat":[153],"product_tag":[1394],"class_list":{"0":"post-5487","1":"product","2":"type-product","3":"status-publish","4":"has-post-thumbnail","6":"product_cat-dosierspitzen-dosiernadeln","7":"product_tag-parent","9":"first","10":"instock","11":"shipping-taxable","12":"product-type-simple"},"acf":[],"yoast_head":"<!-- This site is optimized with the Yoast SEO plugin v26.0 - https:\/\/yoast.com\/wordpress\/plugins\/seo\/ -->\n<title>Dosierspitzen aus Edelstahl - Btektech<\/title>\n<meta name=\"description\" content=\"Pr\u00e4zisionsnadel aus rostfreiem Stahl, geeignet f\u00fcr hohe Geschwindigkeiten, hohe Pr\u00e4zision, hoher Betrieb von vollautomatischen Maschinen.\" \/>\n<meta name=\"robots\" content=\"index, follow, max-snippet:-1, max-image-preview:large, max-video-preview:-1\" \/>\n<link rel=\"canonical\" href=\"https:\/\/btektech.com\/de\/product\/dosierspitzen-aus-edelstahl\/\" \/>\n<meta property=\"og:locale\" content=\"de_DE\" \/>\n<meta property=\"og:type\" content=\"article\" \/>\n<meta property=\"og:title\" content=\"Dosierspitzen aus Edelstahl - Btektech\" \/>\n<meta property=\"og:description\" content=\"Pr\u00e4zisionsnadel aus rostfreiem Stahl, geeignet f\u00fcr hohe Geschwindigkeiten, hohe Pr\u00e4zision, hoher Betrieb von vollautomatischen Maschinen.\" \/>\n<meta property=\"og:url\" content=\"https:\/\/btektech.com\/de\/product\/dosierspitzen-aus-edelstahl\/\" \/>\n<meta property=\"og:site_name\" content=\"Btektech\" \/>\n<meta property=\"article:modified_time\" content=\"2022-08-12T07:07:23+00:00\" \/>\n<meta property=\"og:image\" content=\"https:\/\/btektech.com\/wp-content\/uploads\/2021\/09\/Screenshot-2021-09-07-104438.jpg\" \/>\n\t<meta property=\"og:image:width\" content=\"366\" \/>\n\t<meta property=\"og:image:height\" content=\"366\" \/>\n\t<meta property=\"og:image:type\" content=\"image\/jpeg\" \/>\n<meta name=\"twitter:card\" content=\"summary_large_image\" \/>\n<meta name=\"twitter:site\" content=\"@Btektech1\" \/>\n<meta name=\"twitter:label1\" content=\"Gesch\u00e4tzte Lesezeit\" \/>\n\t<meta name=\"twitter:data1\" content=\"1\u00a0Minute\" \/>\n<script type=\"application\/ld+json\" class=\"yoast-schema-graph\">{\"@context\":\"https:\/\/schema.org\",\"@graph\":[{\"@type\":[\"WebPage\",\"ItemPage\"],\"@id\":\"https:\/\/btektech.com\/de\/product\/dosierspitzen-aus-edelstahl\/\",\"url\":\"https:\/\/btektech.com\/de\/product\/dosierspitzen-aus-edelstahl\/\",\"name\":\"Dosierspitzen aus Edelstahl - Btektech\",\"isPartOf\":{\"@id\":\"https:\/\/btektech.com\/#website\"},\"primaryImageOfPage\":{\"@id\":\"https:\/\/btektech.com\/de\/product\/dosierspitzen-aus-edelstahl\/#primaryimage\"},\"image\":{\"@id\":\"https:\/\/btektech.com\/de\/product\/dosierspitzen-aus-edelstahl\/#primaryimage\"},\"thumbnailUrl\":\"https:\/\/btektech.com\/wp-content\/uploads\/2021\/09\/Screenshot-2021-09-07-104438.jpg\",\"datePublished\":\"2022-04-26T16:57:26+00:00\",\"dateModified\":\"2022-08-12T07:07:23+00:00\",\"description\":\"Pr\u00e4zisionsnadel aus rostfreiem Stahl, geeignet f\u00fcr hohe Geschwindigkeiten, hohe Pr\u00e4zision, hoher Betrieb von vollautomatischen Maschinen.\",\"breadcrumb\":{\"@id\":\"https:\/\/btektech.com\/de\/product\/dosierspitzen-aus-edelstahl\/#breadcrumb\"},\"inLanguage\":\"de\",\"potentialAction\":[{\"@type\":\"ReadAction\",\"target\":[\"https:\/\/btektech.com\/de\/product\/dosierspitzen-aus-edelstahl\/\"]}]},{\"@type\":\"ImageObject\",\"inLanguage\":\"de\",\"@id\":\"https:\/\/btektech.com\/de\/product\/dosierspitzen-aus-edelstahl\/#primaryimage\",\"url\":\"https:\/\/btektech.com\/wp-content\/uploads\/2021\/09\/Screenshot-2021-09-07-104438.jpg\",\"contentUrl\":\"https:\/\/btektech.com\/wp-content\/uploads\/2021\/09\/Screenshot-2021-09-07-104438.jpg\",\"width\":366,\"height\":366,\"caption\":\"Dosierspitzen aus Edelstahl\"},{\"@type\":\"BreadcrumbList\",\"@id\":\"https:\/\/btektech.com\/de\/product\/dosierspitzen-aus-edelstahl\/#breadcrumb\",\"itemListElement\":[{\"@type\":\"ListItem\",\"position\":1,\"name\":\"Home\",\"item\":\"https:\/\/btektech.com\/de\/\"},{\"@type\":\"ListItem\",\"position\":2,\"name\":\"\u00dcr\u00fcnler\",\"item\":\"https:\/\/btektech.com\/tr\/shop\/\"},{\"@type\":\"ListItem\",\"position\":3,\"name\":\"Dispensing Tips\",\"item\":\"https:\/\/btektech.com\/product-category\/dispensing-tips\/\"},{\"@type\":\"ListItem\",\"position\":4,\"name\":\"Dosierspitzen aus Edelstahl\"}]},{\"@type\":\"WebSite\",\"@id\":\"https:\/\/btektech.com\/#website\",\"url\":\"https:\/\/btektech.com\/\",\"name\":\"Btektech\",\"description\":\"\",\"publisher\":{\"@id\":\"https:\/\/btektech.com\/#organization\"},\"potentialAction\":[{\"@type\":\"SearchAction\",\"target\":{\"@type\":\"EntryPoint\",\"urlTemplate\":\"https:\/\/btektech.com\/?s={search_term_string}\"},\"query-input\":{\"@type\":\"PropertyValueSpecification\",\"valueRequired\":true,\"valueName\":\"search_term_string\"}}],\"inLanguage\":\"de\"},{\"@type\":\"Organization\",\"@id\":\"https:\/\/btektech.com\/#organization\",\"name\":\"Btektech\",\"url\":\"https:\/\/btektech.com\/\",\"logo\":{\"@type\":\"ImageObject\",\"inLanguage\":\"de\",\"@id\":\"https:\/\/btektech.com\/#\/schema\/logo\/image\/\",\"url\":\"https:\/\/btektech.com\/wp-content\/uploads\/2021\/08\/btektech-logo.png\",\"contentUrl\":\"https:\/\/btektech.com\/wp-content\/uploads\/2021\/08\/btektech-logo.png\",\"width\":250,\"height\":114,\"caption\":\"Btektech\"},\"image\":{\"@id\":\"https:\/\/btektech.com\/#\/schema\/logo\/image\/\"},\"sameAs\":[\"https:\/\/x.com\/Btektech1\",\"https:\/\/www.instagram.com\/btektech\/\",\"https:\/\/www.linkedin.com\/company\/suzhou-baotailong-electronic-materials-co-ltd\/\",\"https:\/\/www.pinterest.com\/btektech\/_saved\/\",\"https:\/\/www.youtube.com\/channel\/UCBiw4Bc4CmQDrdo-QqyVTqQ\"]}]}<\/script>\n<!-- \/ Yoast SEO plugin. -->","yoast_head_json":{"title":"Dosierspitzen aus Edelstahl - Btektech","description":"Pr\u00e4zisionsnadel aus rostfreiem Stahl, geeignet f\u00fcr hohe Geschwindigkeiten, hohe Pr\u00e4zision, hoher Betrieb von vollautomatischen Maschinen.","robots":{"index":"index","follow":"follow","max-snippet":"max-snippet:-1","max-image-preview":"max-image-preview:large","max-video-preview":"max-video-preview:-1"},"canonical":"https:\/\/btektech.com\/de\/product\/dosierspitzen-aus-edelstahl\/","og_locale":"de_DE","og_type":"article","og_title":"Dosierspitzen aus Edelstahl - Btektech","og_description":"Pr\u00e4zisionsnadel aus rostfreiem Stahl, geeignet f\u00fcr hohe Geschwindigkeiten, hohe Pr\u00e4zision, hoher Betrieb von vollautomatischen Maschinen.","og_url":"https:\/\/btektech.com\/de\/product\/dosierspitzen-aus-edelstahl\/","og_site_name":"Btektech","article_modified_time":"2022-08-12T07:07:23+00:00","og_image":[{"width":366,"height":366,"url":"https:\/\/btektech.com\/wp-content\/uploads\/2021\/09\/Screenshot-2021-09-07-104438.jpg","type":"image\/jpeg"}],"twitter_card":"summary_large_image","twitter_site":"@Btektech1","twitter_misc":{"Gesch\u00e4tzte Lesezeit":"1\u00a0Minute"},"schema":{"@context":"https:\/\/schema.org","@graph":[{"@type":["WebPage","ItemPage"],"@id":"https:\/\/btektech.com\/de\/product\/dosierspitzen-aus-edelstahl\/","url":"https:\/\/btektech.com\/de\/product\/dosierspitzen-aus-edelstahl\/","name":"Dosierspitzen aus Edelstahl - Btektech","isPartOf":{"@id":"https:\/\/btektech.com\/#website"},"primaryImageOfPage":{"@id":"https:\/\/btektech.com\/de\/product\/dosierspitzen-aus-edelstahl\/#primaryimage"},"image":{"@id":"https:\/\/btektech.com\/de\/product\/dosierspitzen-aus-edelstahl\/#primaryimage"},"thumbnailUrl":"https:\/\/btektech.com\/wp-content\/uploads\/2021\/09\/Screenshot-2021-09-07-104438.jpg","datePublished":"2022-04-26T16:57:26+00:00","dateModified":"2022-08-12T07:07:23+00:00","description":"Pr\u00e4zisionsnadel aus rostfreiem Stahl, geeignet f\u00fcr hohe Geschwindigkeiten, hohe Pr\u00e4zision, hoher Betrieb von vollautomatischen Maschinen.","breadcrumb":{"@id":"https:\/\/btektech.com\/de\/product\/dosierspitzen-aus-edelstahl\/#breadcrumb"},"inLanguage":"de","potentialAction":[{"@type":"ReadAction","target":["https:\/\/btektech.com\/de\/product\/dosierspitzen-aus-edelstahl\/"]}]},{"@type":"ImageObject","inLanguage":"de","@id":"https:\/\/btektech.com\/de\/product\/dosierspitzen-aus-edelstahl\/#primaryimage","url":"https:\/\/btektech.com\/wp-content\/uploads\/2021\/09\/Screenshot-2021-09-07-104438.jpg","contentUrl":"https:\/\/btektech.com\/wp-content\/uploads\/2021\/09\/Screenshot-2021-09-07-104438.jpg","width":366,"height":366,"caption":"Dosierspitzen aus Edelstahl"},{"@type":"BreadcrumbList","@id":"https:\/\/btektech.com\/de\/product\/dosierspitzen-aus-edelstahl\/#breadcrumb","itemListElement":[{"@type":"ListItem","position":1,"name":"Home","item":"https:\/\/btektech.com\/de\/"},{"@type":"ListItem","position":2,"name":"\u00dcr\u00fcnler","item":"https:\/\/btektech.com\/tr\/shop\/"},{"@type":"ListItem","position":3,"name":"Dispensing Tips","item":"https:\/\/btektech.com\/product-category\/dispensing-tips\/"},{"@type":"ListItem","position":4,"name":"Dosierspitzen aus Edelstahl"}]},{"@type":"WebSite","@id":"https:\/\/btektech.com\/#website","url":"https:\/\/btektech.com\/","name":"Btektech","description":"","publisher":{"@id":"https:\/\/btektech.com\/#organization"},"potentialAction":[{"@type":"SearchAction","target":{"@type":"EntryPoint","urlTemplate":"https:\/\/btektech.com\/?s={search_term_string}"},"query-input":{"@type":"PropertyValueSpecification","valueRequired":true,"valueName":"search_term_string"}}],"inLanguage":"de"},{"@type":"Organization","@id":"https:\/\/btektech.com\/#organization","name":"Btektech","url":"https:\/\/btektech.com\/","logo":{"@type":"ImageObject","inLanguage":"de","@id":"https:\/\/btektech.com\/#\/schema\/logo\/image\/","url":"https:\/\/btektech.com\/wp-content\/uploads\/2021\/08\/btektech-logo.png","contentUrl":"https:\/\/btektech.com\/wp-content\/uploads\/2021\/08\/btektech-logo.png","width":250,"height":114,"caption":"Btektech"},"image":{"@id":"https:\/\/btektech.com\/#\/schema\/logo\/image\/"},"sameAs":["https:\/\/x.com\/Btektech1","https:\/\/www.instagram.com\/btektech\/","https:\/\/www.linkedin.com\/company\/suzhou-baotailong-electronic-materials-co-ltd\/","https:\/\/www.pinterest.com\/btektech\/_saved\/","https:\/\/www.youtube.com\/channel\/UCBiw4Bc4CmQDrdo-QqyVTqQ"]}]}},"_links":{"self":[{"href":"https:\/\/btektech.com\/de\/wp-json\/wp\/v2\/product\/5487","targetHints":{"allow":["GET"]}}],"collection":[{"href":"https:\/\/btektech.com\/de\/wp-json\/wp\/v2\/product"}],"about":[{"href":"https:\/\/btektech.com\/de\/wp-json\/wp\/v2\/types\/product"}],"replies":[{"embeddable":true,"href":"https:\/\/btektech.com\/de\/wp-json\/wp\/v2\/comments?post=5487"}],"version-history":[{"count":0,"href":"https:\/\/btektech.com\/de\/wp-json\/wp\/v2\/product\/5487\/revisions"}],"wp:featuredmedia":[{"embeddable":true,"href":"https:\/\/btektech.com\/de\/wp-json\/wp\/v2\/media\/1930"}],"wp:attachment":[{"href":"https:\/\/btektech.com\/de\/wp-json\/wp\/v2\/media?parent=5487"}],"wp:term":[{"taxonomy":"product_brand","embeddable":true,"href":"https:\/\/btektech.com\/de\/wp-json\/wp\/v2\/product_brand?post=5487"},{"taxonomy":"product_cat","embeddable":true,"href":"https:\/\/btektech.com\/de\/wp-json\/wp\/v2\/product_cat?post=5487"},{"taxonomy":"product_tag","embeddable":true,"href":"https:\/\/btektech.com\/de\/wp-json\/wp\/v2\/product_tag?post=5487"}],"curies":[{"name":"wp","href":"https:\/\/api.w.org\/{rel}","templated":true}]}}