{"id":5480,"date":"2021-09-07T07:39:58","date_gmt":"2022-04-26T16:57:01","guid":{"rendered":"https:\/\/btektech.com\/product\/dosierspitzen-mit-verjuengter-nadel\/"},"modified":"2022-09-05T08:10:27","modified_gmt":"2022-09-05T08:10:27","slug":"konische-dosierspitze","status":"publish","type":"product","link":"https:\/\/btektech.com\/de\/product\/konische-dosierspitze\/","title":{"rendered":"Konische Dosierspitze"},"content":{"rendered":"<p>Die Konische Dosierspitze ist einzigartig und eignet sich f\u00fcr die meisten Fl\u00fcssigkeiten, darunter Gele, Epoxidklebstoffe, Harze, Dichtstoffe usw. Und sein Ausgang Pr\u00e4zision bilden ohne Grate, um sicherzustellen, dass der Klebstoff ist genau und konsistent.<\/p>\n<div style=\"overflow: auto;\">\n<table style=\"border-collapse: collapse; text-align: center;\" border=\"0\"  cellspacing=\"0\" cellpadding=\"0\">\n<tbody>\n<tr>\n<th>Messger\u00e4t<\/th>\n<th>Farbe<\/th>\n<th>L\u00e4nge(mm)<\/th>\n<th>ID (mm)<\/th>\n<\/tr>\n<tr>\n<td>14<\/td>\n<td>Olive<\/td>\n<td>31.6<\/td>\n<td>1.55<\/td>\n<\/tr>\n<tr>\n<td>16<\/td>\n<td>Grau<\/td>\n<td>31.6<\/td>\n<td>1.35<\/td>\n<\/tr>\n<tr>\n<td>18<\/td>\n<td>Gr\u00fcn<\/td>\n<td>31.6<\/td>\n<td>0.84<\/td>\n<\/tr>\n<tr>\n<td>20<\/td>\n<td>Rosa<\/td>\n<td>31.6<\/td>\n<td>0.6<\/td>\n<\/tr>\n<tr>\n<td>22<\/td>\n<td>Blau<\/td>\n<td>31.6<\/td>\n<td>0.41<\/td>\n<\/tr>\n<tr>\n<td>25<\/td>\n<td>rot<\/td>\n<td>31.6<\/td>\n<td>0.3<\/td>\n<\/tr>\n<tr>\n<td>27<\/td>\n<td>Klar<\/td>\n<td>31.6<\/td>\n<td>0.2<\/td>\n<\/tr>\n<tr>\n<td>30<\/td>\n<td>Lavendel<\/td>\n<td>31.6<\/td>\n<td>0.16<\/td>\n<\/tr>\n<\/tbody>\n<\/table>\n<\/div>\n","protected":false},"excerpt":{"rendered":"<p>Das konische Design des Nadeltrichters erm\u00f6glicht einen reibungslosen Fl\u00fcssigkeitsfluss.<\/p>\n","protected":false},"featured_media":21529,"comment_status":"open","ping_status":"closed","template":"","meta":{"_acf_changed":false},"product_brand":[],"product_cat":[153],"product_tag":[1394],"class_list":{"0":"post-5480","1":"product","2":"type-product","3":"status-publish","4":"has-post-thumbnail","6":"product_cat-dosierspitzen-dosiernadeln","7":"product_tag-parent","9":"first","10":"instock","11":"shipping-taxable","12":"product-type-simple"},"acf":[],"yoast_head":"<!-- This site is optimized with the Yoast SEO plugin v26.0 - https:\/\/yoast.com\/wordpress\/plugins\/seo\/ -->\n<title>Konische Dosierspitze - Btektech<\/title>\n<meta name=\"description\" content=\"Konische Dosierspitze ist einzigartig und eignet sich f\u00fcr die meisten Fl\u00fcssigkeiten, darunter Gele, Epoxidklebstoffe, Harze, Dichtstoffe usw.\" \/>\n<meta name=\"robots\" content=\"index, follow, max-snippet:-1, max-image-preview:large, max-video-preview:-1\" \/>\n<link rel=\"canonical\" href=\"https:\/\/btektech.com\/de\/product\/konische-dosierspitze\/\" \/>\n<meta property=\"og:locale\" content=\"de_DE\" \/>\n<meta property=\"og:type\" content=\"article\" \/>\n<meta property=\"og:title\" content=\"Konische Dosierspitze - Btektech\" \/>\n<meta property=\"og:description\" content=\"Konische Dosierspitze ist einzigartig und eignet sich f\u00fcr die meisten Fl\u00fcssigkeiten, darunter Gele, Epoxidklebstoffe, Harze, Dichtstoffe usw.\" \/>\n<meta property=\"og:url\" content=\"https:\/\/btektech.com\/de\/product\/konische-dosierspitze\/\" \/>\n<meta property=\"og:site_name\" content=\"Btektech\" \/>\n<meta property=\"article:modified_time\" content=\"2022-09-05T08:10:27+00:00\" \/>\n<meta property=\"og:image\" content=\"https:\/\/btektech.com\/wp-content\/uploads\/2021\/09\/Screenshot-2021-09-07-162928.jpg\" \/>\n\t<meta property=\"og:image:width\" content=\"548\" \/>\n\t<meta property=\"og:image:height\" content=\"548\" \/>\n\t<meta property=\"og:image:type\" content=\"image\/jpeg\" \/>\n<meta name=\"twitter:card\" content=\"summary_large_image\" \/>\n<meta name=\"twitter:site\" content=\"@Btektech1\" \/>\n<meta name=\"twitter:label1\" content=\"Gesch\u00e4tzte Lesezeit\" \/>\n\t<meta name=\"twitter:data1\" content=\"1\u00a0Minute\" \/>\n<script type=\"application\/ld+json\" class=\"yoast-schema-graph\">{\"@context\":\"https:\/\/schema.org\",\"@graph\":[{\"@type\":[\"WebPage\",\"ItemPage\"],\"@id\":\"https:\/\/btektech.com\/de\/product\/konische-dosierspitze\/\",\"url\":\"https:\/\/btektech.com\/de\/product\/konische-dosierspitze\/\",\"name\":\"Konische Dosierspitze - Btektech\",\"isPartOf\":{\"@id\":\"https:\/\/btektech.com\/#website\"},\"primaryImageOfPage\":{\"@id\":\"https:\/\/btektech.com\/de\/product\/konische-dosierspitze\/#primaryimage\"},\"image\":{\"@id\":\"https:\/\/btektech.com\/de\/product\/konische-dosierspitze\/#primaryimage\"},\"thumbnailUrl\":\"https:\/\/btektech.com\/wp-content\/uploads\/2025\/12\/9.jpg\",\"datePublished\":\"2022-04-26T16:57:01+00:00\",\"dateModified\":\"2022-09-05T08:10:27+00:00\",\"description\":\"Konische Dosierspitze ist einzigartig und eignet sich f\u00fcr die meisten Fl\u00fcssigkeiten, darunter Gele, Epoxidklebstoffe, Harze, Dichtstoffe usw.\",\"breadcrumb\":{\"@id\":\"https:\/\/btektech.com\/de\/product\/konische-dosierspitze\/#breadcrumb\"},\"inLanguage\":\"de\",\"potentialAction\":[{\"@type\":\"ReadAction\",\"target\":[\"https:\/\/btektech.com\/de\/product\/konische-dosierspitze\/\"]}]},{\"@type\":\"ImageObject\",\"inLanguage\":\"de\",\"@id\":\"https:\/\/btektech.com\/de\/product\/konische-dosierspitze\/#primaryimage\",\"url\":\"https:\/\/btektech.com\/wp-content\/uploads\/2025\/12\/9.jpg\",\"contentUrl\":\"https:\/\/btektech.com\/wp-content\/uploads\/2025\/12\/9.jpg\",\"width\":800,\"height\":800,\"caption\":\"Tapered Tips\"},{\"@type\":\"BreadcrumbList\",\"@id\":\"https:\/\/btektech.com\/de\/product\/konische-dosierspitze\/#breadcrumb\",\"itemListElement\":[{\"@type\":\"ListItem\",\"position\":1,\"name\":\"Home\",\"item\":\"https:\/\/btektech.com\/de\/home-2\/\"},{\"@type\":\"ListItem\",\"position\":2,\"name\":\"\u00dcr\u00fcnler\",\"item\":\"https:\/\/btektech.com\/tr\/shop\/\"},{\"@type\":\"ListItem\",\"position\":3,\"name\":\"Dispensing Tips\",\"item\":\"https:\/\/btektech.com\/product-category\/dispensing-tips\/\"},{\"@type\":\"ListItem\",\"position\":4,\"name\":\"Konische Dosierspitze\"}]},{\"@type\":\"WebSite\",\"@id\":\"https:\/\/btektech.com\/#website\",\"url\":\"https:\/\/btektech.com\/\",\"name\":\"Btektech\",\"description\":\"\",\"publisher\":{\"@id\":\"https:\/\/btektech.com\/#organization\"},\"potentialAction\":[{\"@type\":\"SearchAction\",\"target\":{\"@type\":\"EntryPoint\",\"urlTemplate\":\"https:\/\/btektech.com\/?s={search_term_string}\"},\"query-input\":{\"@type\":\"PropertyValueSpecification\",\"valueRequired\":true,\"valueName\":\"search_term_string\"}}],\"inLanguage\":\"de\"},{\"@type\":\"Organization\",\"@id\":\"https:\/\/btektech.com\/#organization\",\"name\":\"Btektech\",\"url\":\"https:\/\/btektech.com\/\",\"logo\":{\"@type\":\"ImageObject\",\"inLanguage\":\"de\",\"@id\":\"https:\/\/btektech.com\/#\/schema\/logo\/image\/\",\"url\":\"https:\/\/btektech.com\/wp-content\/uploads\/2021\/08\/btektech-logo.png\",\"contentUrl\":\"https:\/\/btektech.com\/wp-content\/uploads\/2021\/08\/btektech-logo.png\",\"width\":250,\"height\":114,\"caption\":\"Btektech\"},\"image\":{\"@id\":\"https:\/\/btektech.com\/#\/schema\/logo\/image\/\"},\"sameAs\":[\"https:\/\/x.com\/Btektech1\",\"https:\/\/www.instagram.com\/btektech\/\",\"https:\/\/www.linkedin.com\/company\/suzhou-baotailong-electronic-materials-co-ltd\/\",\"https:\/\/www.pinterest.com\/btektech\/_saved\/\",\"https:\/\/www.youtube.com\/channel\/UCBiw4Bc4CmQDrdo-QqyVTqQ\"]}]}<\/script>\n<!-- \/ Yoast SEO plugin. -->","yoast_head_json":{"title":"Konische Dosierspitze - Btektech","description":"Konische Dosierspitze ist einzigartig und eignet sich f\u00fcr die meisten Fl\u00fcssigkeiten, darunter Gele, Epoxidklebstoffe, Harze, Dichtstoffe usw.","robots":{"index":"index","follow":"follow","max-snippet":"max-snippet:-1","max-image-preview":"max-image-preview:large","max-video-preview":"max-video-preview:-1"},"canonical":"https:\/\/btektech.com\/de\/product\/konische-dosierspitze\/","og_locale":"de_DE","og_type":"article","og_title":"Konische Dosierspitze - Btektech","og_description":"Konische Dosierspitze ist einzigartig und eignet sich f\u00fcr die meisten Fl\u00fcssigkeiten, darunter Gele, Epoxidklebstoffe, Harze, Dichtstoffe usw.","og_url":"https:\/\/btektech.com\/de\/product\/konische-dosierspitze\/","og_site_name":"Btektech","article_modified_time":"2022-09-05T08:10:27+00:00","og_image":[{"width":548,"height":548,"url":"https:\/\/btektech.com\/wp-content\/uploads\/2021\/09\/Screenshot-2021-09-07-162928.jpg","type":"image\/jpeg"}],"twitter_card":"summary_large_image","twitter_site":"@Btektech1","twitter_misc":{"Gesch\u00e4tzte Lesezeit":"1\u00a0Minute"},"schema":{"@context":"https:\/\/schema.org","@graph":[{"@type":["WebPage","ItemPage"],"@id":"https:\/\/btektech.com\/de\/product\/konische-dosierspitze\/","url":"https:\/\/btektech.com\/de\/product\/konische-dosierspitze\/","name":"Konische Dosierspitze - Btektech","isPartOf":{"@id":"https:\/\/btektech.com\/#website"},"primaryImageOfPage":{"@id":"https:\/\/btektech.com\/de\/product\/konische-dosierspitze\/#primaryimage"},"image":{"@id":"https:\/\/btektech.com\/de\/product\/konische-dosierspitze\/#primaryimage"},"thumbnailUrl":"https:\/\/btektech.com\/wp-content\/uploads\/2025\/12\/9.jpg","datePublished":"2022-04-26T16:57:01+00:00","dateModified":"2022-09-05T08:10:27+00:00","description":"Konische Dosierspitze ist einzigartig und eignet sich f\u00fcr die meisten Fl\u00fcssigkeiten, darunter Gele, Epoxidklebstoffe, Harze, Dichtstoffe usw.","breadcrumb":{"@id":"https:\/\/btektech.com\/de\/product\/konische-dosierspitze\/#breadcrumb"},"inLanguage":"de","potentialAction":[{"@type":"ReadAction","target":["https:\/\/btektech.com\/de\/product\/konische-dosierspitze\/"]}]},{"@type":"ImageObject","inLanguage":"de","@id":"https:\/\/btektech.com\/de\/product\/konische-dosierspitze\/#primaryimage","url":"https:\/\/btektech.com\/wp-content\/uploads\/2025\/12\/9.jpg","contentUrl":"https:\/\/btektech.com\/wp-content\/uploads\/2025\/12\/9.jpg","width":800,"height":800,"caption":"Tapered Tips"},{"@type":"BreadcrumbList","@id":"https:\/\/btektech.com\/de\/product\/konische-dosierspitze\/#breadcrumb","itemListElement":[{"@type":"ListItem","position":1,"name":"Home","item":"https:\/\/btektech.com\/de\/home-2\/"},{"@type":"ListItem","position":2,"name":"\u00dcr\u00fcnler","item":"https:\/\/btektech.com\/tr\/shop\/"},{"@type":"ListItem","position":3,"name":"Dispensing Tips","item":"https:\/\/btektech.com\/product-category\/dispensing-tips\/"},{"@type":"ListItem","position":4,"name":"Konische Dosierspitze"}]},{"@type":"WebSite","@id":"https:\/\/btektech.com\/#website","url":"https:\/\/btektech.com\/","name":"Btektech","description":"","publisher":{"@id":"https:\/\/btektech.com\/#organization"},"potentialAction":[{"@type":"SearchAction","target":{"@type":"EntryPoint","urlTemplate":"https:\/\/btektech.com\/?s={search_term_string}"},"query-input":{"@type":"PropertyValueSpecification","valueRequired":true,"valueName":"search_term_string"}}],"inLanguage":"de"},{"@type":"Organization","@id":"https:\/\/btektech.com\/#organization","name":"Btektech","url":"https:\/\/btektech.com\/","logo":{"@type":"ImageObject","inLanguage":"de","@id":"https:\/\/btektech.com\/#\/schema\/logo\/image\/","url":"https:\/\/btektech.com\/wp-content\/uploads\/2021\/08\/btektech-logo.png","contentUrl":"https:\/\/btektech.com\/wp-content\/uploads\/2021\/08\/btektech-logo.png","width":250,"height":114,"caption":"Btektech"},"image":{"@id":"https:\/\/btektech.com\/#\/schema\/logo\/image\/"},"sameAs":["https:\/\/x.com\/Btektech1","https:\/\/www.instagram.com\/btektech\/","https:\/\/www.linkedin.com\/company\/suzhou-baotailong-electronic-materials-co-ltd\/","https:\/\/www.pinterest.com\/btektech\/_saved\/","https:\/\/www.youtube.com\/channel\/UCBiw4Bc4CmQDrdo-QqyVTqQ"]}]}},"_links":{"self":[{"href":"https:\/\/btektech.com\/de\/wp-json\/wp\/v2\/product\/5480","targetHints":{"allow":["GET"]}}],"collection":[{"href":"https:\/\/btektech.com\/de\/wp-json\/wp\/v2\/product"}],"about":[{"href":"https:\/\/btektech.com\/de\/wp-json\/wp\/v2\/types\/product"}],"replies":[{"embeddable":true,"href":"https:\/\/btektech.com\/de\/wp-json\/wp\/v2\/comments?post=5480"}],"version-history":[{"count":0,"href":"https:\/\/btektech.com\/de\/wp-json\/wp\/v2\/product\/5480\/revisions"}],"wp:featuredmedia":[{"embeddable":true,"href":"https:\/\/btektech.com\/de\/wp-json\/wp\/v2\/media\/21529"}],"wp:attachment":[{"href":"https:\/\/btektech.com\/de\/wp-json\/wp\/v2\/media?parent=5480"}],"wp:term":[{"taxonomy":"product_brand","embeddable":true,"href":"https:\/\/btektech.com\/de\/wp-json\/wp\/v2\/product_brand?post=5480"},{"taxonomy":"product_cat","embeddable":true,"href":"https:\/\/btektech.com\/de\/wp-json\/wp\/v2\/product_cat?post=5480"},{"taxonomy":"product_tag","embeddable":true,"href":"https:\/\/btektech.com\/de\/wp-json\/wp\/v2\/product_tag?post=5480"}],"curies":[{"name":"wp","href":"https:\/\/api.w.org\/{rel}","templated":true}]}}