{"id":5479,"date":"2021-09-07T05:54:18","date_gmt":"2022-04-26T16:56:59","guid":{"rendered":"https:\/\/btektech.com\/product\/flexible-dosierspitzen\/"},"modified":"2022-07-27T09:13:30","modified_gmt":"2022-07-27T09:13:30","slug":"flexible-dosierspitzen","status":"publish","type":"product","link":"https:\/\/btektech.com\/de\/product\/flexible-dosierspitzen\/","title":{"rendered":"Flexible Dosierspitzen"},"content":{"rendered":"<p>Flexible Nadeln sind korrosionsbest\u00e4ndig und der Teil der Nadel zerkratzt nicht so leicht die Stelle, die er ber\u00fchrt. Sie k\u00f6nnen auch nach Bedarf schneiden.<\/p>\n<div style=\"overflow: auto;\">\n<table style=\"text-align: center;\">\n<tbody>\n<tr>\n<th>Messger\u00e4t<\/th>\n<th>Farbe<\/th>\n<th>ID (mm)<\/th>\n<th>Au\u00dfendurchmesser (mm)<\/th>\n<th>6,35 mm(1\/4&#8243;)<\/th>\n<th>12,7 mm(1\/2&#8243;)<\/th>\n<th>25,4 mm(1&#8243;)<\/th>\n<th>38,1 mm(3\/2&#8243;)<\/th>\n<\/tr>\n<tr>\n<td>14<\/td>\n<td>Olive<\/td>\n<td>1.3<\/td>\n<td>1.78<\/td>\n<td>FT 14025<\/td>\n<td>FT 14050<\/td>\n<td>FT 14100<\/td>\n<td>FT 14150<\/td>\n<\/tr>\n<tr>\n<td>15<\/td>\n<td>Bernstein<\/td>\n<td>1.1<\/td>\n<td>1.78<\/td>\n<td>FT 15025<\/td>\n<td>FT 15050<\/td>\n<td>FT 15100<\/td>\n<td>FT 15150<\/td>\n<\/tr>\n<tr>\n<td>16<\/td>\n<td>Grau<\/td>\n<td>1<\/td>\n<td>1.65<\/td>\n<td>FT 15025<\/td>\n<td>FT 15050<\/td>\n<td>FT 15100<\/td>\n<td>FT 15150<\/td>\n<\/tr>\n<tr>\n<td>18<\/td>\n<td>Gr\u00fcn<\/td>\n<td>0.84<\/td>\n<td>1.26<\/td>\n<td>FT 18025<\/td>\n<td>FT 18050<\/td>\n<td>FT 18100<\/td>\n<td>FT 18150<\/td>\n<\/tr>\n<tr>\n<td>20<\/td>\n<td>Rosa<\/td>\n<td>0.6<\/td>\n<td>0.9<\/td>\n<td>FT 20025<\/td>\n<td>FT 20050<\/td>\n<td>FT 20100<\/td>\n<td>FT 20150<\/td>\n<\/tr>\n<tr>\n<td>22<\/td>\n<td>Blau<\/td>\n<td>0.41<\/td>\n<td>0.7<\/td>\n<td>FT 22025<\/td>\n<td>FT 22050<\/td>\n<td>FT 22100<\/td>\n<td>FT 22150<\/td>\n<\/tr>\n<tr>\n<td>25<\/td>\n<td>rot<\/td>\n<td>0.3<\/td>\n<td>0.78<\/td>\n<td>FT 25025<\/td>\n<td>FT 25050<\/td>\n<td>FT 25100<\/td>\n<td>FT 25150<\/td>\n<\/tr>\n<\/tbody>\n<\/table>\n<\/div>\n","protected":false},"excerpt":{"rendered":"<p>Die flexible Nadel besteht aus einem PP-Nadelrohr und einer Polyethylenbasis, ideal f\u00fcr die Dosierung auf komplexen Arbeitsfl\u00e4chen.<\/p>\n","protected":false},"featured_media":21499,"comment_status":"open","ping_status":"closed","template":"","meta":{"_acf_changed":false},"product_brand":[],"product_cat":[153],"product_tag":[1394],"class_list":{"0":"post-5479","1":"product","2":"type-product","3":"status-publish","4":"has-post-thumbnail","6":"product_cat-dosierspitzen-dosiernadeln","7":"product_tag-parent","9":"first","10":"instock","11":"shipping-taxable","12":"product-type-simple"},"acf":[],"yoast_head":"<!-- This site is optimized with the Yoast SEO plugin v26.0 - https:\/\/yoast.com\/wordpress\/plugins\/seo\/ -->\n<title>Flexible Dosierspitzen - Btektech<\/title>\n<meta name=\"description\" content=\"Die flexible Nadel besteht aus einem PP-Nadelrohr und einer Polyethylenbasis, ideal f\u00fcr die Dosierung auf komplexen Arbeitsfl\u00e4chen.\" \/>\n<meta name=\"robots\" content=\"index, follow, max-snippet:-1, max-image-preview:large, max-video-preview:-1\" \/>\n<link rel=\"canonical\" href=\"https:\/\/btektech.com\/de\/product\/flexible-dosierspitzen\/\" \/>\n<meta property=\"og:locale\" content=\"de_DE\" \/>\n<meta property=\"og:type\" content=\"article\" \/>\n<meta property=\"og:title\" content=\"Flexible Dosierspitzen - Btektech\" \/>\n<meta property=\"og:description\" content=\"Die flexible Nadel besteht aus einem PP-Nadelrohr und einer Polyethylenbasis, ideal f\u00fcr die Dosierung auf komplexen Arbeitsfl\u00e4chen.\" \/>\n<meta property=\"og:url\" content=\"https:\/\/btektech.com\/de\/product\/flexible-dosierspitzen\/\" \/>\n<meta property=\"og:site_name\" content=\"Btektech\" \/>\n<meta property=\"article:modified_time\" content=\"2022-07-27T09:13:30+00:00\" \/>\n<meta property=\"og:image\" content=\"https:\/\/btektech.com\/wp-content\/uploads\/2021\/09\/pp-15G-1.jpg\" \/>\n\t<meta property=\"og:image:width\" content=\"1000\" \/>\n\t<meta property=\"og:image:height\" content=\"1000\" \/>\n\t<meta property=\"og:image:type\" content=\"image\/jpeg\" \/>\n<meta name=\"twitter:card\" content=\"summary_large_image\" \/>\n<meta name=\"twitter:site\" content=\"@Btektech1\" \/>\n<script type=\"application\/ld+json\" class=\"yoast-schema-graph\">{\"@context\":\"https:\/\/schema.org\",\"@graph\":[{\"@type\":[\"WebPage\",\"ItemPage\"],\"@id\":\"https:\/\/btektech.com\/de\/product\/flexible-dosierspitzen\/\",\"url\":\"https:\/\/btektech.com\/de\/product\/flexible-dosierspitzen\/\",\"name\":\"Flexible Dosierspitzen - Btektech\",\"isPartOf\":{\"@id\":\"https:\/\/btektech.com\/#website\"},\"primaryImageOfPage\":{\"@id\":\"https:\/\/btektech.com\/de\/product\/flexible-dosierspitzen\/#primaryimage\"},\"image\":{\"@id\":\"https:\/\/btektech.com\/de\/product\/flexible-dosierspitzen\/#primaryimage\"},\"thumbnailUrl\":\"https:\/\/btektech.com\/wp-content\/uploads\/2025\/12\/4.jpg\",\"datePublished\":\"2022-04-26T16:56:59+00:00\",\"dateModified\":\"2022-07-27T09:13:30+00:00\",\"description\":\"Die flexible Nadel besteht aus einem PP-Nadelrohr und einer Polyethylenbasis, ideal f\u00fcr die Dosierung auf komplexen Arbeitsfl\u00e4chen.\",\"breadcrumb\":{\"@id\":\"https:\/\/btektech.com\/de\/product\/flexible-dosierspitzen\/#breadcrumb\"},\"inLanguage\":\"de\",\"potentialAction\":[{\"@type\":\"ReadAction\",\"target\":[\"https:\/\/btektech.com\/de\/product\/flexible-dosierspitzen\/\"]}]},{\"@type\":\"ImageObject\",\"inLanguage\":\"de\",\"@id\":\"https:\/\/btektech.com\/de\/product\/flexible-dosierspitzen\/#primaryimage\",\"url\":\"https:\/\/btektech.com\/wp-content\/uploads\/2025\/12\/4.jpg\",\"contentUrl\":\"https:\/\/btektech.com\/wp-content\/uploads\/2025\/12\/4.jpg\",\"width\":800,\"height\":800,\"caption\":\"Flexible Dispensing Tips\"},{\"@type\":\"BreadcrumbList\",\"@id\":\"https:\/\/btektech.com\/de\/product\/flexible-dosierspitzen\/#breadcrumb\",\"itemListElement\":[{\"@type\":\"ListItem\",\"position\":1,\"name\":\"Home\",\"item\":\"https:\/\/btektech.com\/de\/home-2\/\"},{\"@type\":\"ListItem\",\"position\":2,\"name\":\"\u00dcr\u00fcnler\",\"item\":\"https:\/\/btektech.com\/tr\/shop\/\"},{\"@type\":\"ListItem\",\"position\":3,\"name\":\"Dispensing Tips\",\"item\":\"https:\/\/btektech.com\/product-category\/dispensing-tips\/\"},{\"@type\":\"ListItem\",\"position\":4,\"name\":\"Flexible Dosierspitzen\"}]},{\"@type\":\"WebSite\",\"@id\":\"https:\/\/btektech.com\/#website\",\"url\":\"https:\/\/btektech.com\/\",\"name\":\"Btektech\",\"description\":\"\",\"publisher\":{\"@id\":\"https:\/\/btektech.com\/#organization\"},\"potentialAction\":[{\"@type\":\"SearchAction\",\"target\":{\"@type\":\"EntryPoint\",\"urlTemplate\":\"https:\/\/btektech.com\/?s={search_term_string}\"},\"query-input\":{\"@type\":\"PropertyValueSpecification\",\"valueRequired\":true,\"valueName\":\"search_term_string\"}}],\"inLanguage\":\"de\"},{\"@type\":\"Organization\",\"@id\":\"https:\/\/btektech.com\/#organization\",\"name\":\"Btektech\",\"url\":\"https:\/\/btektech.com\/\",\"logo\":{\"@type\":\"ImageObject\",\"inLanguage\":\"de\",\"@id\":\"https:\/\/btektech.com\/#\/schema\/logo\/image\/\",\"url\":\"https:\/\/btektech.com\/wp-content\/uploads\/2021\/08\/btektech-logo.png\",\"contentUrl\":\"https:\/\/btektech.com\/wp-content\/uploads\/2021\/08\/btektech-logo.png\",\"width\":250,\"height\":114,\"caption\":\"Btektech\"},\"image\":{\"@id\":\"https:\/\/btektech.com\/#\/schema\/logo\/image\/\"},\"sameAs\":[\"https:\/\/x.com\/Btektech1\",\"https:\/\/www.instagram.com\/btektech\/\",\"https:\/\/www.linkedin.com\/company\/suzhou-baotailong-electronic-materials-co-ltd\/\",\"https:\/\/www.pinterest.com\/btektech\/_saved\/\",\"https:\/\/www.youtube.com\/channel\/UCBiw4Bc4CmQDrdo-QqyVTqQ\"]}]}<\/script>\n<!-- \/ Yoast SEO plugin. -->","yoast_head_json":{"title":"Flexible Dosierspitzen - Btektech","description":"Die flexible Nadel besteht aus einem PP-Nadelrohr und einer Polyethylenbasis, ideal f\u00fcr die Dosierung auf komplexen Arbeitsfl\u00e4chen.","robots":{"index":"index","follow":"follow","max-snippet":"max-snippet:-1","max-image-preview":"max-image-preview:large","max-video-preview":"max-video-preview:-1"},"canonical":"https:\/\/btektech.com\/de\/product\/flexible-dosierspitzen\/","og_locale":"de_DE","og_type":"article","og_title":"Flexible Dosierspitzen - Btektech","og_description":"Die flexible Nadel besteht aus einem PP-Nadelrohr und einer Polyethylenbasis, ideal f\u00fcr die Dosierung auf komplexen Arbeitsfl\u00e4chen.","og_url":"https:\/\/btektech.com\/de\/product\/flexible-dosierspitzen\/","og_site_name":"Btektech","article_modified_time":"2022-07-27T09:13:30+00:00","og_image":[{"width":1000,"height":1000,"url":"https:\/\/btektech.com\/wp-content\/uploads\/2021\/09\/pp-15G-1.jpg","type":"image\/jpeg"}],"twitter_card":"summary_large_image","twitter_site":"@Btektech1","schema":{"@context":"https:\/\/schema.org","@graph":[{"@type":["WebPage","ItemPage"],"@id":"https:\/\/btektech.com\/de\/product\/flexible-dosierspitzen\/","url":"https:\/\/btektech.com\/de\/product\/flexible-dosierspitzen\/","name":"Flexible Dosierspitzen - Btektech","isPartOf":{"@id":"https:\/\/btektech.com\/#website"},"primaryImageOfPage":{"@id":"https:\/\/btektech.com\/de\/product\/flexible-dosierspitzen\/#primaryimage"},"image":{"@id":"https:\/\/btektech.com\/de\/product\/flexible-dosierspitzen\/#primaryimage"},"thumbnailUrl":"https:\/\/btektech.com\/wp-content\/uploads\/2025\/12\/4.jpg","datePublished":"2022-04-26T16:56:59+00:00","dateModified":"2022-07-27T09:13:30+00:00","description":"Die flexible Nadel besteht aus einem PP-Nadelrohr und einer Polyethylenbasis, ideal f\u00fcr die Dosierung auf komplexen Arbeitsfl\u00e4chen.","breadcrumb":{"@id":"https:\/\/btektech.com\/de\/product\/flexible-dosierspitzen\/#breadcrumb"},"inLanguage":"de","potentialAction":[{"@type":"ReadAction","target":["https:\/\/btektech.com\/de\/product\/flexible-dosierspitzen\/"]}]},{"@type":"ImageObject","inLanguage":"de","@id":"https:\/\/btektech.com\/de\/product\/flexible-dosierspitzen\/#primaryimage","url":"https:\/\/btektech.com\/wp-content\/uploads\/2025\/12\/4.jpg","contentUrl":"https:\/\/btektech.com\/wp-content\/uploads\/2025\/12\/4.jpg","width":800,"height":800,"caption":"Flexible Dispensing Tips"},{"@type":"BreadcrumbList","@id":"https:\/\/btektech.com\/de\/product\/flexible-dosierspitzen\/#breadcrumb","itemListElement":[{"@type":"ListItem","position":1,"name":"Home","item":"https:\/\/btektech.com\/de\/home-2\/"},{"@type":"ListItem","position":2,"name":"\u00dcr\u00fcnler","item":"https:\/\/btektech.com\/tr\/shop\/"},{"@type":"ListItem","position":3,"name":"Dispensing Tips","item":"https:\/\/btektech.com\/product-category\/dispensing-tips\/"},{"@type":"ListItem","position":4,"name":"Flexible Dosierspitzen"}]},{"@type":"WebSite","@id":"https:\/\/btektech.com\/#website","url":"https:\/\/btektech.com\/","name":"Btektech","description":"","publisher":{"@id":"https:\/\/btektech.com\/#organization"},"potentialAction":[{"@type":"SearchAction","target":{"@type":"EntryPoint","urlTemplate":"https:\/\/btektech.com\/?s={search_term_string}"},"query-input":{"@type":"PropertyValueSpecification","valueRequired":true,"valueName":"search_term_string"}}],"inLanguage":"de"},{"@type":"Organization","@id":"https:\/\/btektech.com\/#organization","name":"Btektech","url":"https:\/\/btektech.com\/","logo":{"@type":"ImageObject","inLanguage":"de","@id":"https:\/\/btektech.com\/#\/schema\/logo\/image\/","url":"https:\/\/btektech.com\/wp-content\/uploads\/2021\/08\/btektech-logo.png","contentUrl":"https:\/\/btektech.com\/wp-content\/uploads\/2021\/08\/btektech-logo.png","width":250,"height":114,"caption":"Btektech"},"image":{"@id":"https:\/\/btektech.com\/#\/schema\/logo\/image\/"},"sameAs":["https:\/\/x.com\/Btektech1","https:\/\/www.instagram.com\/btektech\/","https:\/\/www.linkedin.com\/company\/suzhou-baotailong-electronic-materials-co-ltd\/","https:\/\/www.pinterest.com\/btektech\/_saved\/","https:\/\/www.youtube.com\/channel\/UCBiw4Bc4CmQDrdo-QqyVTqQ"]}]}},"_links":{"self":[{"href":"https:\/\/btektech.com\/de\/wp-json\/wp\/v2\/product\/5479","targetHints":{"allow":["GET"]}}],"collection":[{"href":"https:\/\/btektech.com\/de\/wp-json\/wp\/v2\/product"}],"about":[{"href":"https:\/\/btektech.com\/de\/wp-json\/wp\/v2\/types\/product"}],"replies":[{"embeddable":true,"href":"https:\/\/btektech.com\/de\/wp-json\/wp\/v2\/comments?post=5479"}],"version-history":[{"count":0,"href":"https:\/\/btektech.com\/de\/wp-json\/wp\/v2\/product\/5479\/revisions"}],"wp:featuredmedia":[{"embeddable":true,"href":"https:\/\/btektech.com\/de\/wp-json\/wp\/v2\/media\/21499"}],"wp:attachment":[{"href":"https:\/\/btektech.com\/de\/wp-json\/wp\/v2\/media?parent=5479"}],"wp:term":[{"taxonomy":"product_brand","embeddable":true,"href":"https:\/\/btektech.com\/de\/wp-json\/wp\/v2\/product_brand?post=5479"},{"taxonomy":"product_cat","embeddable":true,"href":"https:\/\/btektech.com\/de\/wp-json\/wp\/v2\/product_cat?post=5479"},{"taxonomy":"product_tag","embeddable":true,"href":"https:\/\/btektech.com\/de\/wp-json\/wp\/v2\/product_tag?post=5479"}],"curies":[{"name":"wp","href":"https:\/\/api.w.org\/{rel}","templated":true}]}}