{"id":5474,"date":"2021-09-07T10:36:08","date_gmt":"2022-04-26T16:49:32","guid":{"rendered":"https:\/\/btektech.com\/product\/buersten-nadel-spenderspitzen\/"},"modified":"2022-07-27T08:40:38","modified_gmt":"2022-07-27T08:40:38","slug":"buersten-nadel-spenderspitzen","status":"publish","type":"product","link":"https:\/\/btektech.com\/de\/product\/buersten-nadel-spenderspitzen\/","title":{"rendered":"B\u00fcrsten-Nadel-Spenderspitzen"},"content":{"rendered":"<p>Das einzigartige Design ist einfach und bequem, um sicherzustellen, dass der Klebstoff genau und konsistent ist und f\u00fcr alle Klebepistolen und Dosiermaschinen verwendet wird.<br \/>\nGeeignet f\u00fcr Grundierung, Katalysator, Beschichtungsmaterial, Schmier\u00f6l, L\u00f6sungsmittel, Flussmittel, Strahlcreme, Kieselgel, Tinte und Farbe. Nicht geeignet f\u00fcr schnell trocknenden Kleber und hochviskoses Kolloid.<\/p>\n<div style=\"overflow: auto;\">\n<table style=\"border-collapse: collapse; text-align: center;\" border=\"0\"  cellspacing=\"0\" cellpadding=\"0\">\n<tbody>\n<tr>\n<th>Messger\u00e4t<\/th>\n<th>Farbe<\/th>\n<th colspan=\"5\">Rund (mm)<\/th>\n<th colspan=\"4\">Flach (mm)<\/th>\n<\/tr>\n<tr>\n<td>14<\/td>\n<td>Olive<\/td>\n<td>N \/ A<\/td>\n<td>N \/ A<\/td>\n<td>4<\/td>\n<td>5<\/td>\n<td>6<\/td>\n<td>N \/ A<\/td>\n<td>4<\/td>\n<td>5<\/td>\n<td>6<\/td>\n<\/tr>\n<tr>\n<td>15<\/td>\n<td>Bernstein<\/td>\n<td>N \/ A<\/td>\n<td>N \/ A<\/td>\n<td>4<\/td>\n<td>5<\/td>\n<td>6<\/td>\n<td>N \/ A<\/td>\n<td>4<\/td>\n<td>5<\/td>\n<td>6<\/td>\n<\/tr>\n<tr>\n<td>16<\/td>\n<td>Grau<\/td>\n<td>N \/ A<\/td>\n<td>N \/ A<\/td>\n<td>4<\/td>\n<td>5<\/td>\n<td>6<\/td>\n<td>N \/ A<\/td>\n<td>4<\/td>\n<td>5<\/td>\n<td>6<\/td>\n<\/tr>\n<tr>\n<td>18<\/td>\n<td>Gr\u00fcn<\/td>\n<td>N \/ A<\/td>\n<td>N \/ A<\/td>\n<td>4<\/td>\n<td>5<\/td>\n<td>6<\/td>\n<td>3<\/td>\n<td>4<\/td>\n<td>5<\/td>\n<td>6<\/td>\n<\/tr>\n<tr>\n<td>20<\/td>\n<td>Rosa<\/td>\n<td>2<\/td>\n<td>3<\/td>\n<td>4<\/td>\n<td>5<\/td>\n<td>6<\/td>\n<td>3<\/td>\n<td>4<\/td>\n<td>5<\/td>\n<td>6<\/td>\n<\/tr>\n<tr>\n<td>21<\/td>\n<td>Lila<\/td>\n<td>2<\/td>\n<td>3<\/td>\n<td>4<\/td>\n<td>5<\/td>\n<td>6<\/td>\n<td>3<\/td>\n<td>4<\/td>\n<td>5<\/td>\n<td>6<\/td>\n<\/tr>\n<tr>\n<td>22<\/td>\n<td>Blau<\/td>\n<td>2<\/td>\n<td>3<\/td>\n<td>4<\/td>\n<td>5<\/td>\n<td>6<\/td>\n<td>3<\/td>\n<td>4<\/td>\n<td>5<\/td>\n<td>6<\/td>\n<\/tr>\n<tr>\n<td>23<\/td>\n<td>Orange<\/td>\n<td>2<\/td>\n<td>3<\/td>\n<td>4<\/td>\n<td>5<\/td>\n<td>6<\/td>\n<td>3<\/td>\n<td>4<\/td>\n<td>5<\/td>\n<td>6<\/td>\n<\/tr>\n<tr>\n<td>25<\/td>\n<td>rot<\/td>\n<td>2<\/td>\n<td>3<\/td>\n<td>4<\/td>\n<td>5<\/td>\n<td>6<\/td>\n<td>3<\/td>\n<td>4<\/td>\n<td>5<\/td>\n<td>6<\/td>\n<\/tr>\n<tr>\n<td>27<\/td>\n<td>Klar<\/td>\n<td>2<\/td>\n<td>3<\/td>\n<td>4<\/td>\n<td>5<\/td>\n<td>6<\/td>\n<td>3<\/td>\n<td>4<\/td>\n<td>5<\/td>\n<td>6<\/td>\n<\/tr>\n<tr>\n<td>30<\/td>\n<td>Lavendel<\/td>\n<td>2<\/td>\n<td>3<\/td>\n<td>4<\/td>\n<td>5<\/td>\n<td>6<\/td>\n<td>3<\/td>\n<td>4<\/td>\n<td>5<\/td>\n<td>6<\/td>\n<\/tr>\n<tr>\n<td>32<\/td>\n<td>Gelb<\/td>\n<td>2<\/td>\n<td>3<\/td>\n<td>4<\/td>\n<td>5<\/td>\n<td>6<\/td>\n<td>3<\/td>\n<td>4<\/td>\n<td>5<\/td>\n<td>6<\/td>\n<\/tr>\n<\/tbody>\n<\/table>\n<\/div>\n","protected":false},"excerpt":{"rendered":"<p>B\u00fcrstenspitzen, keine Haare verlieren, antistatisch, es gibt zwei Arten von wei\u00dfen weichen Borsten und gelben harten Borsten.<\/p>\n","protected":false},"featured_media":5751,"comment_status":"open","ping_status":"closed","template":"","meta":{"_acf_changed":false},"product_brand":[],"product_cat":[153],"product_tag":[],"class_list":{"0":"post-5474","1":"product","2":"type-product","3":"status-publish","4":"has-post-thumbnail","6":"product_cat-dosierspitzen-dosiernadeln","8":"first","9":"instock","10":"shipping-taxable","11":"purchasable","12":"product-type-simple"},"acf":[],"yoast_head":"<!-- This site is optimized with the Yoast SEO plugin v26.0 - https:\/\/yoast.com\/wordpress\/plugins\/seo\/ -->\n<title>B\u00fcrsten-Nadel-Spenderspitzen - Btektech<\/title>\n<meta name=\"description\" content=\"B\u00fcrstenspitzen, keine Haare verlieren, antistatisch, es gibt zwei Arten von wei\u00dfen weichen Borsten und gelben harten Borsten.\" \/>\n<meta name=\"robots\" content=\"index, follow, max-snippet:-1, max-image-preview:large, max-video-preview:-1\" \/>\n<link rel=\"canonical\" href=\"https:\/\/btektech.com\/de\/product\/buersten-nadel-spenderspitzen\/\" \/>\n<meta property=\"og:locale\" content=\"de_DE\" \/>\n<meta property=\"og:type\" content=\"article\" \/>\n<meta property=\"og:title\" content=\"B\u00fcrsten-Nadel-Spenderspitzen - Btektech\" \/>\n<meta property=\"og:description\" content=\"B\u00fcrstenspitzen, keine Haare verlieren, antistatisch, es gibt zwei Arten von wei\u00dfen weichen Borsten und gelben harten Borsten.\" \/>\n<meta property=\"og:url\" content=\"https:\/\/btektech.com\/de\/product\/buersten-nadel-spenderspitzen\/\" \/>\n<meta property=\"og:site_name\" content=\"Btektech\" \/>\n<meta property=\"article:modified_time\" content=\"2022-07-27T08:40:38+00:00\" \/>\n<meta property=\"og:image\" content=\"https:\/\/btektech.com\/wp-content\/uploads\/2022\/05\/Brush-dispensing-tips.jpg\" \/>\n\t<meta property=\"og:image:width\" content=\"300\" \/>\n\t<meta property=\"og:image:height\" content=\"300\" \/>\n\t<meta property=\"og:image:type\" content=\"image\/jpeg\" \/>\n<meta name=\"twitter:card\" content=\"summary_large_image\" \/>\n<meta name=\"twitter:site\" content=\"@Btektech1\" \/>\n<script type=\"application\/ld+json\" class=\"yoast-schema-graph\">{\"@context\":\"https:\/\/schema.org\",\"@graph\":[{\"@type\":[\"WebPage\",\"ItemPage\"],\"@id\":\"https:\/\/btektech.com\/de\/product\/buersten-nadel-spenderspitzen\/\",\"url\":\"https:\/\/btektech.com\/de\/product\/buersten-nadel-spenderspitzen\/\",\"name\":\"B\u00fcrsten-Nadel-Spenderspitzen - Btektech\",\"isPartOf\":{\"@id\":\"https:\/\/btektech.com\/#website\"},\"primaryImageOfPage\":{\"@id\":\"https:\/\/btektech.com\/de\/product\/buersten-nadel-spenderspitzen\/#primaryimage\"},\"image\":{\"@id\":\"https:\/\/btektech.com\/de\/product\/buersten-nadel-spenderspitzen\/#primaryimage\"},\"thumbnailUrl\":\"https:\/\/btektech.com\/wp-content\/uploads\/2022\/05\/Brush-dispensing-tips.jpg\",\"datePublished\":\"2022-04-26T16:49:32+00:00\",\"dateModified\":\"2022-07-27T08:40:38+00:00\",\"description\":\"B\u00fcrstenspitzen, keine Haare verlieren, antistatisch, es gibt zwei Arten von wei\u00dfen weichen Borsten und gelben harten Borsten.\",\"breadcrumb\":{\"@id\":\"https:\/\/btektech.com\/de\/product\/buersten-nadel-spenderspitzen\/#breadcrumb\"},\"inLanguage\":\"de\",\"potentialAction\":[{\"@type\":\"ReadAction\",\"target\":[\"https:\/\/btektech.com\/de\/product\/buersten-nadel-spenderspitzen\/\"]}]},{\"@type\":\"ImageObject\",\"inLanguage\":\"de\",\"@id\":\"https:\/\/btektech.com\/de\/product\/buersten-nadel-spenderspitzen\/#primaryimage\",\"url\":\"https:\/\/btektech.com\/wp-content\/uploads\/2022\/05\/Brush-dispensing-tips.jpg\",\"contentUrl\":\"https:\/\/btektech.com\/wp-content\/uploads\/2022\/05\/Brush-dispensing-tips.jpg\",\"width\":300,\"height\":300,\"caption\":\"B\u00fcrsten-Nadel-Spenderspitzen\"},{\"@type\":\"BreadcrumbList\",\"@id\":\"https:\/\/btektech.com\/de\/product\/buersten-nadel-spenderspitzen\/#breadcrumb\",\"itemListElement\":[{\"@type\":\"ListItem\",\"position\":1,\"name\":\"Home\",\"item\":\"https:\/\/btektech.com\/de\/home-2\/\"},{\"@type\":\"ListItem\",\"position\":2,\"name\":\"\u00dcr\u00fcnler\",\"item\":\"https:\/\/btektech.com\/tr\/shop\/\"},{\"@type\":\"ListItem\",\"position\":3,\"name\":\"Dispensing Tips\",\"item\":\"https:\/\/btektech.com\/product-category\/dispensing-tips\/\"},{\"@type\":\"ListItem\",\"position\":4,\"name\":\"B\u00fcrsten-Nadel-Spenderspitzen\"}]},{\"@type\":\"WebSite\",\"@id\":\"https:\/\/btektech.com\/#website\",\"url\":\"https:\/\/btektech.com\/\",\"name\":\"Btektech\",\"description\":\"\",\"publisher\":{\"@id\":\"https:\/\/btektech.com\/#organization\"},\"potentialAction\":[{\"@type\":\"SearchAction\",\"target\":{\"@type\":\"EntryPoint\",\"urlTemplate\":\"https:\/\/btektech.com\/?s={search_term_string}\"},\"query-input\":{\"@type\":\"PropertyValueSpecification\",\"valueRequired\":true,\"valueName\":\"search_term_string\"}}],\"inLanguage\":\"de\"},{\"@type\":\"Organization\",\"@id\":\"https:\/\/btektech.com\/#organization\",\"name\":\"Btektech\",\"url\":\"https:\/\/btektech.com\/\",\"logo\":{\"@type\":\"ImageObject\",\"inLanguage\":\"de\",\"@id\":\"https:\/\/btektech.com\/#\/schema\/logo\/image\/\",\"url\":\"https:\/\/btektech.com\/wp-content\/uploads\/2021\/08\/btektech-logo.png\",\"contentUrl\":\"https:\/\/btektech.com\/wp-content\/uploads\/2021\/08\/btektech-logo.png\",\"width\":250,\"height\":114,\"caption\":\"Btektech\"},\"image\":{\"@id\":\"https:\/\/btektech.com\/#\/schema\/logo\/image\/\"},\"sameAs\":[\"https:\/\/x.com\/Btektech1\",\"https:\/\/www.instagram.com\/btektech\/\",\"https:\/\/www.linkedin.com\/company\/suzhou-baotailong-electronic-materials-co-ltd\/\",\"https:\/\/www.pinterest.com\/btektech\/_saved\/\",\"https:\/\/www.youtube.com\/channel\/UCBiw4Bc4CmQDrdo-QqyVTqQ\"]}]}<\/script>\n<!-- \/ Yoast SEO plugin. -->","yoast_head_json":{"title":"B\u00fcrsten-Nadel-Spenderspitzen - Btektech","description":"B\u00fcrstenspitzen, keine Haare verlieren, antistatisch, es gibt zwei Arten von wei\u00dfen weichen Borsten und gelben harten Borsten.","robots":{"index":"index","follow":"follow","max-snippet":"max-snippet:-1","max-image-preview":"max-image-preview:large","max-video-preview":"max-video-preview:-1"},"canonical":"https:\/\/btektech.com\/de\/product\/buersten-nadel-spenderspitzen\/","og_locale":"de_DE","og_type":"article","og_title":"B\u00fcrsten-Nadel-Spenderspitzen - Btektech","og_description":"B\u00fcrstenspitzen, keine Haare verlieren, antistatisch, es gibt zwei Arten von wei\u00dfen weichen Borsten und gelben harten Borsten.","og_url":"https:\/\/btektech.com\/de\/product\/buersten-nadel-spenderspitzen\/","og_site_name":"Btektech","article_modified_time":"2022-07-27T08:40:38+00:00","og_image":[{"width":300,"height":300,"url":"https:\/\/btektech.com\/wp-content\/uploads\/2022\/05\/Brush-dispensing-tips.jpg","type":"image\/jpeg"}],"twitter_card":"summary_large_image","twitter_site":"@Btektech1","schema":{"@context":"https:\/\/schema.org","@graph":[{"@type":["WebPage","ItemPage"],"@id":"https:\/\/btektech.com\/de\/product\/buersten-nadel-spenderspitzen\/","url":"https:\/\/btektech.com\/de\/product\/buersten-nadel-spenderspitzen\/","name":"B\u00fcrsten-Nadel-Spenderspitzen - Btektech","isPartOf":{"@id":"https:\/\/btektech.com\/#website"},"primaryImageOfPage":{"@id":"https:\/\/btektech.com\/de\/product\/buersten-nadel-spenderspitzen\/#primaryimage"},"image":{"@id":"https:\/\/btektech.com\/de\/product\/buersten-nadel-spenderspitzen\/#primaryimage"},"thumbnailUrl":"https:\/\/btektech.com\/wp-content\/uploads\/2022\/05\/Brush-dispensing-tips.jpg","datePublished":"2022-04-26T16:49:32+00:00","dateModified":"2022-07-27T08:40:38+00:00","description":"B\u00fcrstenspitzen, keine Haare verlieren, antistatisch, es gibt zwei Arten von wei\u00dfen weichen Borsten und gelben harten Borsten.","breadcrumb":{"@id":"https:\/\/btektech.com\/de\/product\/buersten-nadel-spenderspitzen\/#breadcrumb"},"inLanguage":"de","potentialAction":[{"@type":"ReadAction","target":["https:\/\/btektech.com\/de\/product\/buersten-nadel-spenderspitzen\/"]}]},{"@type":"ImageObject","inLanguage":"de","@id":"https:\/\/btektech.com\/de\/product\/buersten-nadel-spenderspitzen\/#primaryimage","url":"https:\/\/btektech.com\/wp-content\/uploads\/2022\/05\/Brush-dispensing-tips.jpg","contentUrl":"https:\/\/btektech.com\/wp-content\/uploads\/2022\/05\/Brush-dispensing-tips.jpg","width":300,"height":300,"caption":"B\u00fcrsten-Nadel-Spenderspitzen"},{"@type":"BreadcrumbList","@id":"https:\/\/btektech.com\/de\/product\/buersten-nadel-spenderspitzen\/#breadcrumb","itemListElement":[{"@type":"ListItem","position":1,"name":"Home","item":"https:\/\/btektech.com\/de\/home-2\/"},{"@type":"ListItem","position":2,"name":"\u00dcr\u00fcnler","item":"https:\/\/btektech.com\/tr\/shop\/"},{"@type":"ListItem","position":3,"name":"Dispensing Tips","item":"https:\/\/btektech.com\/product-category\/dispensing-tips\/"},{"@type":"ListItem","position":4,"name":"B\u00fcrsten-Nadel-Spenderspitzen"}]},{"@type":"WebSite","@id":"https:\/\/btektech.com\/#website","url":"https:\/\/btektech.com\/","name":"Btektech","description":"","publisher":{"@id":"https:\/\/btektech.com\/#organization"},"potentialAction":[{"@type":"SearchAction","target":{"@type":"EntryPoint","urlTemplate":"https:\/\/btektech.com\/?s={search_term_string}"},"query-input":{"@type":"PropertyValueSpecification","valueRequired":true,"valueName":"search_term_string"}}],"inLanguage":"de"},{"@type":"Organization","@id":"https:\/\/btektech.com\/#organization","name":"Btektech","url":"https:\/\/btektech.com\/","logo":{"@type":"ImageObject","inLanguage":"de","@id":"https:\/\/btektech.com\/#\/schema\/logo\/image\/","url":"https:\/\/btektech.com\/wp-content\/uploads\/2021\/08\/btektech-logo.png","contentUrl":"https:\/\/btektech.com\/wp-content\/uploads\/2021\/08\/btektech-logo.png","width":250,"height":114,"caption":"Btektech"},"image":{"@id":"https:\/\/btektech.com\/#\/schema\/logo\/image\/"},"sameAs":["https:\/\/x.com\/Btektech1","https:\/\/www.instagram.com\/btektech\/","https:\/\/www.linkedin.com\/company\/suzhou-baotailong-electronic-materials-co-ltd\/","https:\/\/www.pinterest.com\/btektech\/_saved\/","https:\/\/www.youtube.com\/channel\/UCBiw4Bc4CmQDrdo-QqyVTqQ"]}]}},"_links":{"self":[{"href":"https:\/\/btektech.com\/de\/wp-json\/wp\/v2\/product\/5474","targetHints":{"allow":["GET"]}}],"collection":[{"href":"https:\/\/btektech.com\/de\/wp-json\/wp\/v2\/product"}],"about":[{"href":"https:\/\/btektech.com\/de\/wp-json\/wp\/v2\/types\/product"}],"replies":[{"embeddable":true,"href":"https:\/\/btektech.com\/de\/wp-json\/wp\/v2\/comments?post=5474"}],"version-history":[{"count":0,"href":"https:\/\/btektech.com\/de\/wp-json\/wp\/v2\/product\/5474\/revisions"}],"wp:featuredmedia":[{"embeddable":true,"href":"https:\/\/btektech.com\/de\/wp-json\/wp\/v2\/media\/5751"}],"wp:attachment":[{"href":"https:\/\/btektech.com\/de\/wp-json\/wp\/v2\/media?parent=5474"}],"wp:term":[{"taxonomy":"product_brand","embeddable":true,"href":"https:\/\/btektech.com\/de\/wp-json\/wp\/v2\/product_brand?post=5474"},{"taxonomy":"product_cat","embeddable":true,"href":"https:\/\/btektech.com\/de\/wp-json\/wp\/v2\/product_cat?post=5474"},{"taxonomy":"product_tag","embeddable":true,"href":"https:\/\/btektech.com\/de\/wp-json\/wp\/v2\/product_tag?post=5474"}],"curies":[{"name":"wp","href":"https:\/\/api.w.org\/{rel}","templated":true}]}}