{"id":5466,"date":"2021-09-07T10:52:02","date_gmt":"2022-04-26T16:48:59","guid":{"rendered":"https:\/\/btektech.com\/product\/korrosionsbestaendige-spitzen-dosiernadel\/"},"modified":"2022-07-27T08:31:42","modified_gmt":"2022-07-27T08:31:42","slug":"korrosionsbestandige-spitzen-dosiernadel","status":"publish","type":"product","link":"https:\/\/btektech.com\/de\/product\/korrosionsbestandige-spitzen-dosiernadel\/","title":{"rendered":"Korrosionsbest\u00e4ndige Spitzen Dosiernadel"},"content":{"rendered":"<p>Flexible PP-Nadel mit quadratischem Sitz, auch bekannt als Dosiernadel der P-Serie, die den Produktionsmodus der Formung eines K\u00f6rpers annimmt, um sicherzustellen, dass die Nadelbasis und das Nadelrohr nicht abfallen, sie hat die Eigenschaften der Korrosionsbest\u00e4ndigkeit<\/p>\n<div style=\"overflow: auto;\">\n<table style=\"text-align: center;\">\n<tbody>\n<tr>\n<th>Messger\u00e4t<\/th>\n<th>Farbe<\/th>\n<th>ID (mm)<\/th>\n<th>Au\u00dfendurchmesser (mm)<\/th>\n<th>12,7 mm(1\/2&#8243;)<\/th>\n<th>25,4 mm(1&#8243;)<\/th>\n<\/tr>\n<tr>\n<td>14<\/td>\n<td>Klar<\/td>\n<td>1.55<\/td>\n<td>1.84<\/td>\n<td>CRT 14050<\/td>\n<td>CRT 14100<\/td>\n<\/tr>\n<tr>\n<td>15<\/td>\n<td>Klar<\/td>\n<td>1.2<\/td>\n<td>1.64<\/td>\n<td>CRT 15050<\/td>\n<td>CRT 15100<\/td>\n<\/tr>\n<tr>\n<td>18<\/td>\n<td>rot<\/td>\n<td>0.84<\/td>\n<td>1.28<\/td>\n<td>CRT 18050<\/td>\n<td>CRT 18100<\/td>\n<\/tr>\n<tr>\n<td>20<\/td>\n<td>Gelb<\/td>\n<td>0.6<\/td>\n<td>1.05<\/td>\n<td>CRT20050<\/td>\n<td>CRT20100<\/td>\n<\/tr>\n<tr>\n<td>22<\/td>\n<td>Klar<\/td>\n<td>0.4<\/td>\n<td>0.9<\/td>\n<td>CRT 22050<\/td>\n<td>CRT 22100<\/td>\n<\/tr>\n<tr>\n<td>25<\/td>\n<td>Klar<\/td>\n<td>0.3<\/td>\n<td>0.8<\/td>\n<td>CRT 25050<\/td>\n<td>CRT 25100<\/td>\n<\/tr>\n<\/tbody>\n<\/table>\n<\/div>\n","protected":false},"excerpt":{"rendered":"<p>Die integrierte korrosionsbest\u00e4ndige Nadel hat eine gute Elastizit\u00e4t und l\u00e4sst sich leicht auf komplexe Arbeitsfl\u00e4chen ausdehnen, haupts\u00e4chlich um Kratzer auf der Produktoberfl\u00e4che zu vermeiden.<\/p>\n","protected":false},"featured_media":2058,"comment_status":"open","ping_status":"closed","template":"","meta":{"_acf_changed":false},"product_brand":[],"product_cat":[266],"product_tag":[],"class_list":{"0":"post-5466","1":"product","2":"type-product","3":"status-publish","4":"has-post-thumbnail","6":"product_cat-uncategorized-de","8":"first","9":"instock","10":"shipping-taxable","11":"purchasable","12":"product-type-simple"},"acf":[],"yoast_head":"<!-- This site is optimized with the Yoast SEO plugin v26.0 - https:\/\/yoast.com\/wordpress\/plugins\/seo\/ -->\n<title>Korrosionsbest\u00e4ndige Spitzen Dosiernadel - Btektech<\/title>\n<meta name=\"description\" content=\"Korrosionsbest\u00e4ndige Spitzen Dosiernadel auch bekannt als Dosiernadel der P-Serie, die den Produktionsmodus der Formung eines K\u00f6rpers annimmt\" \/>\n<meta name=\"robots\" content=\"index, follow, max-snippet:-1, max-image-preview:large, max-video-preview:-1\" \/>\n<link rel=\"canonical\" href=\"https:\/\/btektech.com\/de\/product\/korrosionsbestandige-spitzen-dosiernadel\/\" \/>\n<meta property=\"og:locale\" content=\"de_DE\" \/>\n<meta property=\"og:type\" content=\"article\" \/>\n<meta property=\"og:title\" content=\"Korrosionsbest\u00e4ndige Spitzen Dosiernadel - Btektech\" \/>\n<meta property=\"og:description\" content=\"Korrosionsbest\u00e4ndige Spitzen Dosiernadel auch bekannt als Dosiernadel der P-Serie, die den Produktionsmodus der Formung eines K\u00f6rpers annimmt\" \/>\n<meta property=\"og:url\" content=\"https:\/\/btektech.com\/de\/product\/korrosionsbestandige-spitzen-dosiernadel\/\" \/>\n<meta property=\"og:site_name\" content=\"Btektech\" \/>\n<meta property=\"article:modified_time\" content=\"2022-07-27T08:31:42+00:00\" \/>\n<meta property=\"og:image\" content=\"https:\/\/btektech.com\/wp-content\/uploads\/2021\/09\/\u4e00\u4f53\u94882a.jpg\" \/>\n\t<meta property=\"og:image:width\" content=\"1000\" \/>\n\t<meta property=\"og:image:height\" content=\"1000\" \/>\n\t<meta property=\"og:image:type\" content=\"image\/jpeg\" \/>\n<meta name=\"twitter:card\" content=\"summary_large_image\" \/>\n<meta name=\"twitter:site\" content=\"@Btektech1\" \/>\n<script type=\"application\/ld+json\" class=\"yoast-schema-graph\">{\"@context\":\"https:\/\/schema.org\",\"@graph\":[{\"@type\":[\"WebPage\",\"ItemPage\"],\"@id\":\"https:\/\/btektech.com\/de\/product\/korrosionsbestandige-spitzen-dosiernadel\/\",\"url\":\"https:\/\/btektech.com\/de\/product\/korrosionsbestandige-spitzen-dosiernadel\/\",\"name\":\"Korrosionsbest\u00e4ndige Spitzen Dosiernadel - Btektech\",\"isPartOf\":{\"@id\":\"https:\/\/btektech.com\/#website\"},\"primaryImageOfPage\":{\"@id\":\"https:\/\/btektech.com\/de\/product\/korrosionsbestandige-spitzen-dosiernadel\/#primaryimage\"},\"image\":{\"@id\":\"https:\/\/btektech.com\/de\/product\/korrosionsbestandige-spitzen-dosiernadel\/#primaryimage\"},\"thumbnailUrl\":\"https:\/\/btektech.com\/wp-content\/uploads\/2021\/09\/\u4e00\u4f53\u94882a.jpg\",\"datePublished\":\"2022-04-26T16:48:59+00:00\",\"dateModified\":\"2022-07-27T08:31:42+00:00\",\"description\":\"Korrosionsbest\u00e4ndige Spitzen Dosiernadel auch bekannt als Dosiernadel der P-Serie, die den Produktionsmodus der Formung eines K\u00f6rpers annimmt\",\"breadcrumb\":{\"@id\":\"https:\/\/btektech.com\/de\/product\/korrosionsbestandige-spitzen-dosiernadel\/#breadcrumb\"},\"inLanguage\":\"de\",\"potentialAction\":[{\"@type\":\"ReadAction\",\"target\":[\"https:\/\/btektech.com\/de\/product\/korrosionsbestandige-spitzen-dosiernadel\/\"]}]},{\"@type\":\"ImageObject\",\"inLanguage\":\"de\",\"@id\":\"https:\/\/btektech.com\/de\/product\/korrosionsbestandige-spitzen-dosiernadel\/#primaryimage\",\"url\":\"https:\/\/btektech.com\/wp-content\/uploads\/2021\/09\/\u4e00\u4f53\u94882a.jpg\",\"contentUrl\":\"https:\/\/btektech.com\/wp-content\/uploads\/2021\/09\/\u4e00\u4f53\u94882a.jpg\",\"width\":1000,\"height\":1000,\"caption\":\"Korrosionsbest\u00e4ndige Spitzen Dosiernadel\"},{\"@type\":\"BreadcrumbList\",\"@id\":\"https:\/\/btektech.com\/de\/product\/korrosionsbestandige-spitzen-dosiernadel\/#breadcrumb\",\"itemListElement\":[{\"@type\":\"ListItem\",\"position\":1,\"name\":\"Home\",\"item\":\"https:\/\/btektech.com\/de\/\"},{\"@type\":\"ListItem\",\"position\":2,\"name\":\"\u00dcr\u00fcnler\",\"item\":\"https:\/\/btektech.com\/tr\/shop\/\"},{\"@type\":\"ListItem\",\"position\":3,\"name\":\"Dispensing Tips\",\"item\":\"https:\/\/btektech.com\/product-category\/dispensing-tips\/\"},{\"@type\":\"ListItem\",\"position\":4,\"name\":\"Korrosionsbest\u00e4ndige Spitzen Dosiernadel\"}]},{\"@type\":\"WebSite\",\"@id\":\"https:\/\/btektech.com\/#website\",\"url\":\"https:\/\/btektech.com\/\",\"name\":\"Btektech\",\"description\":\"\",\"publisher\":{\"@id\":\"https:\/\/btektech.com\/#organization\"},\"potentialAction\":[{\"@type\":\"SearchAction\",\"target\":{\"@type\":\"EntryPoint\",\"urlTemplate\":\"https:\/\/btektech.com\/?s={search_term_string}\"},\"query-input\":{\"@type\":\"PropertyValueSpecification\",\"valueRequired\":true,\"valueName\":\"search_term_string\"}}],\"inLanguage\":\"de\"},{\"@type\":\"Organization\",\"@id\":\"https:\/\/btektech.com\/#organization\",\"name\":\"Btektech\",\"url\":\"https:\/\/btektech.com\/\",\"logo\":{\"@type\":\"ImageObject\",\"inLanguage\":\"de\",\"@id\":\"https:\/\/btektech.com\/#\/schema\/logo\/image\/\",\"url\":\"https:\/\/btektech.com\/wp-content\/uploads\/2021\/08\/btektech-logo.png\",\"contentUrl\":\"https:\/\/btektech.com\/wp-content\/uploads\/2021\/08\/btektech-logo.png\",\"width\":250,\"height\":114,\"caption\":\"Btektech\"},\"image\":{\"@id\":\"https:\/\/btektech.com\/#\/schema\/logo\/image\/\"},\"sameAs\":[\"https:\/\/x.com\/Btektech1\",\"https:\/\/www.instagram.com\/btektech\/\",\"https:\/\/www.linkedin.com\/company\/suzhou-baotailong-electronic-materials-co-ltd\/\",\"https:\/\/www.pinterest.com\/btektech\/_saved\/\",\"https:\/\/www.youtube.com\/channel\/UCBiw4Bc4CmQDrdo-QqyVTqQ\"]}]}<\/script>\n<!-- \/ Yoast SEO plugin. -->","yoast_head_json":{"title":"Korrosionsbest\u00e4ndige Spitzen Dosiernadel - Btektech","description":"Korrosionsbest\u00e4ndige Spitzen Dosiernadel auch bekannt als Dosiernadel der P-Serie, die den Produktionsmodus der Formung eines K\u00f6rpers annimmt","robots":{"index":"index","follow":"follow","max-snippet":"max-snippet:-1","max-image-preview":"max-image-preview:large","max-video-preview":"max-video-preview:-1"},"canonical":"https:\/\/btektech.com\/de\/product\/korrosionsbestandige-spitzen-dosiernadel\/","og_locale":"de_DE","og_type":"article","og_title":"Korrosionsbest\u00e4ndige Spitzen Dosiernadel - Btektech","og_description":"Korrosionsbest\u00e4ndige Spitzen Dosiernadel auch bekannt als Dosiernadel der P-Serie, die den Produktionsmodus der Formung eines K\u00f6rpers annimmt","og_url":"https:\/\/btektech.com\/de\/product\/korrosionsbestandige-spitzen-dosiernadel\/","og_site_name":"Btektech","article_modified_time":"2022-07-27T08:31:42+00:00","og_image":[{"width":1000,"height":1000,"url":"https:\/\/btektech.com\/wp-content\/uploads\/2021\/09\/\u4e00\u4f53\u94882a.jpg","type":"image\/jpeg"}],"twitter_card":"summary_large_image","twitter_site":"@Btektech1","schema":{"@context":"https:\/\/schema.org","@graph":[{"@type":["WebPage","ItemPage"],"@id":"https:\/\/btektech.com\/de\/product\/korrosionsbestandige-spitzen-dosiernadel\/","url":"https:\/\/btektech.com\/de\/product\/korrosionsbestandige-spitzen-dosiernadel\/","name":"Korrosionsbest\u00e4ndige Spitzen Dosiernadel - Btektech","isPartOf":{"@id":"https:\/\/btektech.com\/#website"},"primaryImageOfPage":{"@id":"https:\/\/btektech.com\/de\/product\/korrosionsbestandige-spitzen-dosiernadel\/#primaryimage"},"image":{"@id":"https:\/\/btektech.com\/de\/product\/korrosionsbestandige-spitzen-dosiernadel\/#primaryimage"},"thumbnailUrl":"https:\/\/btektech.com\/wp-content\/uploads\/2021\/09\/\u4e00\u4f53\u94882a.jpg","datePublished":"2022-04-26T16:48:59+00:00","dateModified":"2022-07-27T08:31:42+00:00","description":"Korrosionsbest\u00e4ndige Spitzen Dosiernadel auch bekannt als Dosiernadel der P-Serie, die den Produktionsmodus der Formung eines K\u00f6rpers annimmt","breadcrumb":{"@id":"https:\/\/btektech.com\/de\/product\/korrosionsbestandige-spitzen-dosiernadel\/#breadcrumb"},"inLanguage":"de","potentialAction":[{"@type":"ReadAction","target":["https:\/\/btektech.com\/de\/product\/korrosionsbestandige-spitzen-dosiernadel\/"]}]},{"@type":"ImageObject","inLanguage":"de","@id":"https:\/\/btektech.com\/de\/product\/korrosionsbestandige-spitzen-dosiernadel\/#primaryimage","url":"https:\/\/btektech.com\/wp-content\/uploads\/2021\/09\/\u4e00\u4f53\u94882a.jpg","contentUrl":"https:\/\/btektech.com\/wp-content\/uploads\/2021\/09\/\u4e00\u4f53\u94882a.jpg","width":1000,"height":1000,"caption":"Korrosionsbest\u00e4ndige Spitzen Dosiernadel"},{"@type":"BreadcrumbList","@id":"https:\/\/btektech.com\/de\/product\/korrosionsbestandige-spitzen-dosiernadel\/#breadcrumb","itemListElement":[{"@type":"ListItem","position":1,"name":"Home","item":"https:\/\/btektech.com\/de\/"},{"@type":"ListItem","position":2,"name":"\u00dcr\u00fcnler","item":"https:\/\/btektech.com\/tr\/shop\/"},{"@type":"ListItem","position":3,"name":"Dispensing Tips","item":"https:\/\/btektech.com\/product-category\/dispensing-tips\/"},{"@type":"ListItem","position":4,"name":"Korrosionsbest\u00e4ndige Spitzen Dosiernadel"}]},{"@type":"WebSite","@id":"https:\/\/btektech.com\/#website","url":"https:\/\/btektech.com\/","name":"Btektech","description":"","publisher":{"@id":"https:\/\/btektech.com\/#organization"},"potentialAction":[{"@type":"SearchAction","target":{"@type":"EntryPoint","urlTemplate":"https:\/\/btektech.com\/?s={search_term_string}"},"query-input":{"@type":"PropertyValueSpecification","valueRequired":true,"valueName":"search_term_string"}}],"inLanguage":"de"},{"@type":"Organization","@id":"https:\/\/btektech.com\/#organization","name":"Btektech","url":"https:\/\/btektech.com\/","logo":{"@type":"ImageObject","inLanguage":"de","@id":"https:\/\/btektech.com\/#\/schema\/logo\/image\/","url":"https:\/\/btektech.com\/wp-content\/uploads\/2021\/08\/btektech-logo.png","contentUrl":"https:\/\/btektech.com\/wp-content\/uploads\/2021\/08\/btektech-logo.png","width":250,"height":114,"caption":"Btektech"},"image":{"@id":"https:\/\/btektech.com\/#\/schema\/logo\/image\/"},"sameAs":["https:\/\/x.com\/Btektech1","https:\/\/www.instagram.com\/btektech\/","https:\/\/www.linkedin.com\/company\/suzhou-baotailong-electronic-materials-co-ltd\/","https:\/\/www.pinterest.com\/btektech\/_saved\/","https:\/\/www.youtube.com\/channel\/UCBiw4Bc4CmQDrdo-QqyVTqQ"]}]}},"_links":{"self":[{"href":"https:\/\/btektech.com\/de\/wp-json\/wp\/v2\/product\/5466","targetHints":{"allow":["GET"]}}],"collection":[{"href":"https:\/\/btektech.com\/de\/wp-json\/wp\/v2\/product"}],"about":[{"href":"https:\/\/btektech.com\/de\/wp-json\/wp\/v2\/types\/product"}],"replies":[{"embeddable":true,"href":"https:\/\/btektech.com\/de\/wp-json\/wp\/v2\/comments?post=5466"}],"version-history":[{"count":0,"href":"https:\/\/btektech.com\/de\/wp-json\/wp\/v2\/product\/5466\/revisions"}],"wp:featuredmedia":[{"embeddable":true,"href":"https:\/\/btektech.com\/de\/wp-json\/wp\/v2\/media\/2058"}],"wp:attachment":[{"href":"https:\/\/btektech.com\/de\/wp-json\/wp\/v2\/media?parent=5466"}],"wp:term":[{"taxonomy":"product_brand","embeddable":true,"href":"https:\/\/btektech.com\/de\/wp-json\/wp\/v2\/product_brand?post=5466"},{"taxonomy":"product_cat","embeddable":true,"href":"https:\/\/btektech.com\/de\/wp-json\/wp\/v2\/product_cat?post=5466"},{"taxonomy":"product_tag","embeddable":true,"href":"https:\/\/btektech.com\/de\/wp-json\/wp\/v2\/product_tag?post=5466"}],"curies":[{"name":"wp","href":"https:\/\/api.w.org\/{rel}","templated":true}]}}