{"id":5464,"date":"2021-09-09T02:53:11","date_gmt":"2022-04-26T16:48:56","guid":{"rendered":"https:\/\/btektech.com\/product\/stufenlose-einzelohrklemmen\/"},"modified":"2022-11-17T09:41:35","modified_gmt":"2022-11-17T09:41:35","slug":"1-ohr-klemme-stufenlose","status":"publish","type":"product","link":"https:\/\/btektech.com\/de\/product\/1-ohr-klemme-stufenlose\/","title":{"rendered":"1 Ohr Klemme Stufenlose"},"content":{"rendered":"<p>1 Ohr Klemme Stufenlose mit einheitlicher Standardf\u00fchrungsspannkraft, nach dem Spannen durch die Einstellung des Spiels des Ohrs, um den Gr\u00f6\u00dfentoleranzausgleich der Spannteile zu erreichen. Um eine vollst\u00e4ndige Abdichtung zu gew\u00e4hrleisten, ist es notwendig, den richtigen Klemmbereich der Einohrklemme und die richtige Klemmung zu w\u00e4hlen.<\/p>\n<p>Bandbreite: 5 mm Stahlbanddicke: 0,5 mm<\/p>\n<div style=\"overflow: auto;\">\n<table style=\"text-align: center;\">\n<tbody>\n<tr>\n<td>Modellnummer<\/td>\n<td>Der Spannbereich<\/td>\n<td>Ohrbreite<\/td>\n<td>Spannkraft<\/td>\n<td>St\u00fcck\/Karton<\/td>\n<\/tr>\n<tr>\n<td>S5065<\/td>\n<td>5.3-6.5<\/td>\n<td>4<\/td>\n<td>1000 N<\/td>\n<td>20000<\/td>\n<\/tr>\n<tr>\n<td>S5070<\/td>\n<td>5.8-7.0<\/td>\n<td>4<\/td>\n<td>1000 N<\/td>\n<td>20000<\/td>\n<\/tr>\n<tr>\n<td>S5080<\/td>\n<td>6.8-8.0<\/td>\n<td>4<\/td>\n<td>1000 N<\/td>\n<td>20000<\/td>\n<\/tr>\n<tr>\n<td>S5087<\/td>\n<td>7.0-8.7<\/td>\n<td>5.5<\/td>\n<td>1000 N<\/td>\n<td>20000<\/td>\n<\/tr>\n<tr>\n<td>S5090<\/td>\n<td>7.3-9.0<\/td>\n<td>5.5<\/td>\n<td>1000 N<\/td>\n<td>20000<\/td>\n<\/tr>\n<tr>\n<td>S5095<\/td>\n<td>7.8-9.5<\/td>\n<td>5.5<\/td>\n<td>1000 N<\/td>\n<td>20000<\/td>\n<\/tr>\n<tr>\n<td>S5100<\/td>\n<td>8.3-10.0<\/td>\n<td>5.5<\/td>\n<td>1000 N<\/td>\n<td>10000<\/td>\n<\/tr>\n<tr>\n<td>S5105<\/td>\n<td>8.8-10.5<\/td>\n<td>5.5<\/td>\n<td>1000 N<\/td>\n<td>10000<\/td>\n<\/tr>\n<tr>\n<td>S5109<\/td>\n<td>9.2-10.9<\/td>\n<td>5.5<\/td>\n<td>1000 N<\/td>\n<td>10000<\/td>\n<\/tr>\n<tr>\n<td>S5113<\/td>\n<td>9.6-11.3<\/td>\n<td>5.5<\/td>\n<td>1000 N<\/td>\n<td>10000<\/td>\n<\/tr>\n<tr>\n<td>S5118<\/td>\n<td>10.1-11.8<\/td>\n<td>5.5<\/td>\n<td>2100N<\/td>\n<td>10000<\/td>\n<\/tr>\n<\/tbody>\n<\/table>\n<\/div>\n<p>&nbsp;<\/p>\n<p>Bandbreite: 7 mm Stahlbanddicke: 0,6 mm<\/p>\n<p><img fetchpriority=\"high\" decoding=\"async\" class=\"alignnone size-medium wp-image-1034\" src=\"https:\/\/btektech.com\/wp-content\/uploads\/2021\/09\/%E5%8D%95%E8%80%B3%E5%9B%BE%E7%A4%BA-300x300.jpg\" alt=\"\" width=\"300\" height=\"300\"><\/p>\n<div style=\"overflow: auto;\">\n<table style=\"text-align: center;\">\n<tbody>\n<tr>\n<th>Modellnummer<\/th>\n<th>Der Spannbereich<\/th>\n<th>Ohrbreite<\/th>\n<th>Spannkraft<\/th>\n<th>St\u00fcck\/Karton<\/th>\n<\/tr>\n<tr>\n<td>S7119<\/td>\n<td>9.4-11.9<\/td>\n<td>8<\/td>\n<td>2100N<\/td>\n<td>5000<\/td>\n<\/tr>\n<tr>\n<td>S7123<\/td>\n<td>9.8-12.3<\/td>\n<td>8<\/td>\n<td>2100N<\/td>\n<td>5000<\/td>\n<\/tr>\n<tr>\n<td>S7128<\/td>\n<td>10.3-12.8<\/td>\n<td>8<\/td>\n<td>2100N<\/td>\n<td>5000<\/td>\n<\/tr>\n<tr>\n<td>S7133<\/td>\n<td>10.8-13.3<\/td>\n<td>8<\/td>\n<td>2100N<\/td>\n<td>5000<\/td>\n<\/tr>\n<tr>\n<td>S7138<\/td>\n<td>11.3-13.8<\/td>\n<td>8<\/td>\n<td>2100N<\/td>\n<td>5000<\/td>\n<\/tr>\n<tr>\n<td>S7140<\/td>\n<td>11.5-14.0<\/td>\n<td>8<\/td>\n<td>2100N<\/td>\n<td>5000<\/td>\n<\/tr>\n<tr>\n<td>S7142<\/td>\n<td>11.7-14.2<\/td>\n<td>8<\/td>\n<td>2100N<\/td>\n<td>5000<\/td>\n<\/tr>\n<tr>\n<td>S7145<\/td>\n<td>12.0-14.5<\/td>\n<td>8<\/td>\n<td>2100N<\/td>\n<td>5000<\/td>\n<\/tr>\n<tr>\n<td>S7148<\/td>\n<td>12.3-14.8<\/td>\n<td>8<\/td>\n<td>2100N<\/td>\n<td>5000<\/td>\n<\/tr>\n<tr>\n<td>S7153<\/td>\n<td>12.8-15.3<\/td>\n<td>8<\/td>\n<td>2100N<\/td>\n<td>5000<\/td>\n<\/tr>\n<tr>\n<td>S7157<\/td>\n<td>13.2-15.7<\/td>\n<td>8<\/td>\n<td>2100N<\/td>\n<td>5000<\/td>\n<\/tr>\n<tr>\n<td>S7160<\/td>\n<td>13.5-16.0<\/td>\n<td>8<\/td>\n<td>2100N<\/td>\n<td>5000<\/td>\n<\/tr>\n<tr>\n<td>S7162<\/td>\n<td>13.7-16.2<\/td>\n<td>8<\/td>\n<td>2100N<\/td>\n<td>5000<\/td>\n<\/tr>\n<tr>\n<td>S7166<\/td>\n<td>14.1-16.6<\/td>\n<td>8<\/td>\n<td>2100N<\/td>\n<td>5000<\/td>\n<\/tr>\n<tr>\n<td>S7168<\/td>\n<td>14.3-16.8<\/td>\n<td>8<\/td>\n<td>2100N<\/td>\n<td>5000<\/td>\n<\/tr>\n<tr>\n<td>S7170<\/td>\n<td>14.5-17.0<\/td>\n<td>8<\/td>\n<td>2100N<\/td>\n<td>5000<\/td>\n<\/tr>\n<tr>\n<td>S7175<\/td>\n<td>14.6-17.8<\/td>\n<td>10<\/td>\n<td>2400N<\/td>\n<td>5000<\/td>\n<\/tr>\n<tr>\n<td>S7178<\/td>\n<td>14.8-18.0<\/td>\n<td>10<\/td>\n<td>2400N<\/td>\n<td>5000<\/td>\n<\/tr>\n<tr>\n<td>S7180<\/td>\n<td>15.0-17.5<\/td>\n<td>10<\/td>\n<td>2400 N<\/td>\n<td>5000<\/td>\n<\/tr>\n<tr>\n<td>S7185<\/td>\n<td>15.3-18.5<\/td>\n<td>10<\/td>\n<td>2400N<\/td>\n<td>5000<\/td>\n<\/tr>\n<tr>\n<td>S7192<\/td>\n<td>16.0-19.2<\/td>\n<td>10<\/td>\n<td>2400 N<\/td>\n<td>5000<\/td>\n<\/tr>\n<tr>\n<td>S7198<\/td>\n<td>16.6-19.8<\/td>\n<td>10<\/td>\n<td>2400N<\/td>\n<td>5000<\/td>\n<\/tr>\n<tr>\n<td>S7210<\/td>\n<td>17.8-21.0<\/td>\n<td>10<\/td>\n<td>2400 N<\/td>\n<td>5000<\/td>\n<\/tr>\n<tr>\n<td>S7226<\/td>\n<td>19.4-22.6<\/td>\n<td>10<\/td>\n<td>2400 N<\/td>\n<td>5000<\/td>\n<\/tr>\n<tr>\n<td>S7235<\/td>\n<td>20.3-23.5<\/td>\n<td>10<\/td>\n<td>2400 N<\/td>\n<td>5000<\/td>\n<\/tr>\n<tr>\n<td>S7241<\/td>\n<td>20.9-24.1<\/td>\n<td>10<\/td>\n<td>2400 N<\/td>\n<td>5000<\/td>\n<\/tr>\n<tr>\n<td>S7256<\/td>\n<td>22.4-25.6<\/td>\n<td>10<\/td>\n<td>2400 N<\/td>\n<td>5000<\/td>\n<\/tr>\n<tr>\n<td>S7271<\/td>\n<td>23.9-27.1<\/td>\n<td>10<\/td>\n<td>2400 N<\/td>\n<td>5000<\/td>\n<\/tr>\n<tr>\n<td>S7286<\/td>\n<td>25.4-28.6<\/td>\n<td>10<\/td>\n<td>2400N<\/td>\n<td>5000<\/td>\n<\/tr>\n<tr>\n<td>S7301<\/td>\n<td>26.9-30.1<\/td>\n<td>10<\/td>\n<td>2400N<\/td>\n<td>5000<\/td>\n<\/tr>\n<tr>\n<td>S7308<\/td>\n<td>27.6-30.8<\/td>\n<td>10<\/td>\n<td>2400 N<\/td>\n<td>2000<\/td>\n<\/tr>\n<tr>\n<td>S7316<\/td>\n<td>28.4-31.6<\/td>\n<td>10<\/td>\n<td>2400 N<\/td>\n<td>2000<\/td>\n<\/tr>\n<tr>\n<td>S7331<\/td>\n<td>29.9-33.1<\/td>\n<td>10<\/td>\n<td>2400 N<\/td>\n<td>2000<\/td>\n<\/tr>\n<tr>\n<td>S7346<\/td>\n<td>31.4-34.6<\/td>\n<td>10<\/td>\n<td>2400N<\/td>\n<td>2000<\/td>\n<\/tr>\n<tr>\n<td>S7361<\/td>\n<td>32.9-36.1<\/td>\n<td>10<\/td>\n<td>2400N<\/td>\n<td>2000<\/td>\n<\/tr>\n<tr>\n<td>S7376<\/td>\n<td>34.4-37.6<\/td>\n<td>10<\/td>\n<td>2400N<\/td>\n<td>2000<\/td>\n<\/tr>\n<tr>\n<td>S7381<\/td>\n<td>34.9-38.1<\/td>\n<td>10<\/td>\n<td>2400N<\/td>\n<td>2000<\/td>\n<\/tr>\n<tr>\n<td>S7396<\/td>\n<td>36.4-39.6<\/td>\n<td>10<\/td>\n<td>2400N<\/td>\n<td>2000<\/td>\n<\/tr>\n<tr>\n<td>S7410<\/td>\n<td>37.8-41.0<\/td>\n<td>10<\/td>\n<td>2400N<\/td>\n<td>1000<\/td>\n<\/tr>\n<tr>\n<td>S7425<\/td>\n<td>39.3-42.5<\/td>\n<td>10<\/td>\n<td>2400N<\/td>\n<td>1000<\/td>\n<\/tr>\n<tr>\n<td>S7440<\/td>\n<td>40.8-44.0<\/td>\n<td>10<\/td>\n<td>2400N<\/td>\n<td>1000<\/td>\n<\/tr>\n<tr>\n<td>S7455<\/td>\n<td>42.3-45.5<\/td>\n<td>10<\/td>\n<td>2400N<\/td>\n<td>1000<\/td>\n<\/tr>\n<tr>\n<td>S7470<\/td>\n<td>43.8-47.0<\/td>\n<td>10<\/td>\n<td>2400N<\/td>\n<td>1000<\/td>\n<\/tr>\n<tr>\n<td>S7485<\/td>\n<td>45.3-48.5<\/td>\n<td>10<\/td>\n<td>2400 N<\/td>\n<td>1000<\/td>\n<\/tr>\n<tr>\n<td>S7500<\/td>\n<td>46.8-50.0<\/td>\n<td>10<\/td>\n<td>2400N<\/td>\n<td>1000<\/td>\n<\/tr>\n<tr>\n<td>S7515<\/td>\n<td>48.3-51.5<\/td>\n<td>10<\/td>\n<td>2400N<\/td>\n<td>1000<\/td>\n<\/tr>\n<tr>\n<td>S7530<\/td>\n<td>49.8-53.0<\/td>\n<td>10<\/td>\n<td>2400N<\/td>\n<td>1000<\/td>\n<\/tr>\n<tr>\n<td>S7545<\/td>\n<td>51.3-54.5<\/td>\n<td>10<\/td>\n<td>2400 N<\/td>\n<td>1000<\/td>\n<\/tr>\n<tr>\n<td>S7560<\/td>\n<td>52.8-56.0<\/td>\n<td>10<\/td>\n<td>2400N<\/td>\n<td>1000<\/td>\n<\/tr>\n<tr>\n<td>S7575<\/td>\n<td>54.3-57.5<\/td>\n<td>10<\/td>\n<td>2400 N<\/td>\n<td>1000<\/td>\n<\/tr>\n<tr>\n<td>S7590<\/td>\n<td>55.8-59.0<\/td>\n<td>10<\/td>\n<td>2400 N<\/td>\n<td>1000<\/td>\n<\/tr>\n<tr>\n<td>S7605<\/td>\n<td>57.3-60.5<\/td>\n<td>10<\/td>\n<td>2400 N<\/td>\n<td>1000<\/td>\n<\/tr>\n<tr>\n<td>S7092<\/td>\n<td>88.8-92.0<\/td>\n<td>10<\/td>\n<td>2400N<\/td>\n<td>500<\/td>\n<\/tr>\n<\/tbody>\n<\/table>\n<\/div>\n","protected":false},"excerpt":{"rendered":"<p>360\u00b0 stufenloses Design: Die Schlauchoberfl\u00e4che wird gleichm\u00e4\u00dfig komprimiert und die 360\u00b0-Dichtung garantiert.<\/p>\n","protected":false},"featured_media":2095,"comment_status":"open","ping_status":"closed","template":"","meta":{"_acf_changed":false},"product_brand":[],"product_cat":[139],"product_tag":[],"class_list":{"0":"post-5464","1":"product","2":"type-product","3":"status-publish","4":"has-post-thumbnail","6":"product_cat-schlauchschellen","8":"first","9":"instock","10":"shipping-taxable","11":"product-type-simple"},"acf":[],"yoast_head":"<!-- This site is optimized with the Yoast SEO plugin v26.0 - https:\/\/yoast.com\/wordpress\/plugins\/seo\/ -->\n<title>1 Ohr Klemme Stufenlose - Btektech<\/title>\n<meta name=\"description\" content=\"1 Ohr Klemme Stufenlose mit einheitlicher Standardf\u00fchrungsspannkraft, nach dem Spannen durch die Einstellung des Spiels des Ohrs.\" \/>\n<meta name=\"robots\" content=\"index, follow, max-snippet:-1, max-image-preview:large, max-video-preview:-1\" \/>\n<link rel=\"canonical\" href=\"https:\/\/btektech.com\/de\/product\/1-ohr-klemme-stufenlose\/\" \/>\n<meta property=\"og:locale\" content=\"de_DE\" \/>\n<meta property=\"og:type\" content=\"article\" \/>\n<meta property=\"og:title\" content=\"1 Ohr Klemme Stufenlose - Btektech\" \/>\n<meta property=\"og:description\" content=\"1 Ohr Klemme Stufenlose mit einheitlicher Standardf\u00fchrungsspannkraft, nach dem Spannen durch die Einstellung des Spiels des Ohrs.\" \/>\n<meta property=\"og:url\" content=\"https:\/\/btektech.com\/de\/product\/1-ohr-klemme-stufenlose\/\" \/>\n<meta property=\"og:site_name\" content=\"Btektech\" \/>\n<meta property=\"article:modified_time\" content=\"2022-11-17T09:41:35+00:00\" \/>\n<meta property=\"og:image\" content=\"https:\/\/btektech.com\/wp-content\/uploads\/2021\/09\/single-ear-5.jpg\" \/>\n\t<meta property=\"og:image:width\" content=\"550\" \/>\n\t<meta property=\"og:image:height\" content=\"550\" \/>\n\t<meta property=\"og:image:type\" content=\"image\/jpeg\" \/>\n<meta name=\"twitter:card\" content=\"summary_large_image\" \/>\n<meta name=\"twitter:site\" content=\"@Btektech1\" \/>\n<meta name=\"twitter:label1\" content=\"Gesch\u00e4tzte Lesezeit\" \/>\n\t<meta name=\"twitter:data1\" content=\"3\u00a0Minuten\" \/>\n<script type=\"application\/ld+json\" class=\"yoast-schema-graph\">{\"@context\":\"https:\/\/schema.org\",\"@graph\":[{\"@type\":[\"WebPage\",\"ItemPage\"],\"@id\":\"https:\/\/btektech.com\/de\/product\/1-ohr-klemme-stufenlose\/\",\"url\":\"https:\/\/btektech.com\/de\/product\/1-ohr-klemme-stufenlose\/\",\"name\":\"1 Ohr Klemme Stufenlose - Btektech\",\"isPartOf\":{\"@id\":\"https:\/\/btektech.com\/#website\"},\"primaryImageOfPage\":{\"@id\":\"https:\/\/btektech.com\/de\/product\/1-ohr-klemme-stufenlose\/#primaryimage\"},\"image\":{\"@id\":\"https:\/\/btektech.com\/de\/product\/1-ohr-klemme-stufenlose\/#primaryimage\"},\"thumbnailUrl\":\"https:\/\/btektech.com\/wp-content\/uploads\/2021\/09\/single-ear-5.jpg\",\"datePublished\":\"2022-04-26T16:48:56+00:00\",\"dateModified\":\"2022-11-17T09:41:35+00:00\",\"description\":\"1 Ohr Klemme Stufenlose mit einheitlicher Standardf\u00fchrungsspannkraft, nach dem Spannen durch die Einstellung des Spiels des Ohrs.\",\"breadcrumb\":{\"@id\":\"https:\/\/btektech.com\/de\/product\/1-ohr-klemme-stufenlose\/#breadcrumb\"},\"inLanguage\":\"de\",\"potentialAction\":[{\"@type\":\"ReadAction\",\"target\":[\"https:\/\/btektech.com\/de\/product\/1-ohr-klemme-stufenlose\/\"]}]},{\"@type\":\"ImageObject\",\"inLanguage\":\"de\",\"@id\":\"https:\/\/btektech.com\/de\/product\/1-ohr-klemme-stufenlose\/#primaryimage\",\"url\":\"https:\/\/btektech.com\/wp-content\/uploads\/2021\/09\/single-ear-5.jpg\",\"contentUrl\":\"https:\/\/btektech.com\/wp-content\/uploads\/2021\/09\/single-ear-5.jpg\",\"width\":550,\"height\":550,\"caption\":\"1 Ohr Klemme Stufenlose\"},{\"@type\":\"BreadcrumbList\",\"@id\":\"https:\/\/btektech.com\/de\/product\/1-ohr-klemme-stufenlose\/#breadcrumb\",\"itemListElement\":[{\"@type\":\"ListItem\",\"position\":1,\"name\":\"Home\",\"item\":\"https:\/\/btektech.com\/de\/\"},{\"@type\":\"ListItem\",\"position\":2,\"name\":\"\u00dcr\u00fcnler\",\"item\":\"https:\/\/btektech.com\/tr\/shop\/\"},{\"@type\":\"ListItem\",\"position\":3,\"name\":\"Heavy-Duty &amp; Industrial Hose Clamps\",\"item\":\"https:\/\/btektech.com\/product-category\/heavy-duty-and-industrial-hose-clamps\/\"},{\"@type\":\"ListItem\",\"position\":4,\"name\":\"1 Ohr Klemme Stufenlose\"}]},{\"@type\":\"WebSite\",\"@id\":\"https:\/\/btektech.com\/#website\",\"url\":\"https:\/\/btektech.com\/\",\"name\":\"Btektech\",\"description\":\"\",\"publisher\":{\"@id\":\"https:\/\/btektech.com\/#organization\"},\"potentialAction\":[{\"@type\":\"SearchAction\",\"target\":{\"@type\":\"EntryPoint\",\"urlTemplate\":\"https:\/\/btektech.com\/?s={search_term_string}\"},\"query-input\":{\"@type\":\"PropertyValueSpecification\",\"valueRequired\":true,\"valueName\":\"search_term_string\"}}],\"inLanguage\":\"de\"},{\"@type\":\"Organization\",\"@id\":\"https:\/\/btektech.com\/#organization\",\"name\":\"Btektech\",\"url\":\"https:\/\/btektech.com\/\",\"logo\":{\"@type\":\"ImageObject\",\"inLanguage\":\"de\",\"@id\":\"https:\/\/btektech.com\/#\/schema\/logo\/image\/\",\"url\":\"https:\/\/btektech.com\/wp-content\/uploads\/2021\/08\/btektech-logo.png\",\"contentUrl\":\"https:\/\/btektech.com\/wp-content\/uploads\/2021\/08\/btektech-logo.png\",\"width\":250,\"height\":114,\"caption\":\"Btektech\"},\"image\":{\"@id\":\"https:\/\/btektech.com\/#\/schema\/logo\/image\/\"},\"sameAs\":[\"https:\/\/x.com\/Btektech1\",\"https:\/\/www.instagram.com\/btektech\/\",\"https:\/\/www.linkedin.com\/company\/suzhou-baotailong-electronic-materials-co-ltd\/\",\"https:\/\/www.pinterest.com\/btektech\/_saved\/\",\"https:\/\/www.youtube.com\/channel\/UCBiw4Bc4CmQDrdo-QqyVTqQ\"]}]}<\/script>\n<!-- \/ Yoast SEO plugin. -->","yoast_head_json":{"title":"1 Ohr Klemme Stufenlose - Btektech","description":"1 Ohr Klemme Stufenlose mit einheitlicher Standardf\u00fchrungsspannkraft, nach dem Spannen durch die Einstellung des Spiels des Ohrs.","robots":{"index":"index","follow":"follow","max-snippet":"max-snippet:-1","max-image-preview":"max-image-preview:large","max-video-preview":"max-video-preview:-1"},"canonical":"https:\/\/btektech.com\/de\/product\/1-ohr-klemme-stufenlose\/","og_locale":"de_DE","og_type":"article","og_title":"1 Ohr Klemme Stufenlose - Btektech","og_description":"1 Ohr Klemme Stufenlose mit einheitlicher Standardf\u00fchrungsspannkraft, nach dem Spannen durch die Einstellung des Spiels des Ohrs.","og_url":"https:\/\/btektech.com\/de\/product\/1-ohr-klemme-stufenlose\/","og_site_name":"Btektech","article_modified_time":"2022-11-17T09:41:35+00:00","og_image":[{"width":550,"height":550,"url":"https:\/\/btektech.com\/wp-content\/uploads\/2021\/09\/single-ear-5.jpg","type":"image\/jpeg"}],"twitter_card":"summary_large_image","twitter_site":"@Btektech1","twitter_misc":{"Gesch\u00e4tzte Lesezeit":"3\u00a0Minuten"},"schema":{"@context":"https:\/\/schema.org","@graph":[{"@type":["WebPage","ItemPage"],"@id":"https:\/\/btektech.com\/de\/product\/1-ohr-klemme-stufenlose\/","url":"https:\/\/btektech.com\/de\/product\/1-ohr-klemme-stufenlose\/","name":"1 Ohr Klemme Stufenlose - Btektech","isPartOf":{"@id":"https:\/\/btektech.com\/#website"},"primaryImageOfPage":{"@id":"https:\/\/btektech.com\/de\/product\/1-ohr-klemme-stufenlose\/#primaryimage"},"image":{"@id":"https:\/\/btektech.com\/de\/product\/1-ohr-klemme-stufenlose\/#primaryimage"},"thumbnailUrl":"https:\/\/btektech.com\/wp-content\/uploads\/2021\/09\/single-ear-5.jpg","datePublished":"2022-04-26T16:48:56+00:00","dateModified":"2022-11-17T09:41:35+00:00","description":"1 Ohr Klemme Stufenlose mit einheitlicher Standardf\u00fchrungsspannkraft, nach dem Spannen durch die Einstellung des Spiels des Ohrs.","breadcrumb":{"@id":"https:\/\/btektech.com\/de\/product\/1-ohr-klemme-stufenlose\/#breadcrumb"},"inLanguage":"de","potentialAction":[{"@type":"ReadAction","target":["https:\/\/btektech.com\/de\/product\/1-ohr-klemme-stufenlose\/"]}]},{"@type":"ImageObject","inLanguage":"de","@id":"https:\/\/btektech.com\/de\/product\/1-ohr-klemme-stufenlose\/#primaryimage","url":"https:\/\/btektech.com\/wp-content\/uploads\/2021\/09\/single-ear-5.jpg","contentUrl":"https:\/\/btektech.com\/wp-content\/uploads\/2021\/09\/single-ear-5.jpg","width":550,"height":550,"caption":"1 Ohr Klemme Stufenlose"},{"@type":"BreadcrumbList","@id":"https:\/\/btektech.com\/de\/product\/1-ohr-klemme-stufenlose\/#breadcrumb","itemListElement":[{"@type":"ListItem","position":1,"name":"Home","item":"https:\/\/btektech.com\/de\/"},{"@type":"ListItem","position":2,"name":"\u00dcr\u00fcnler","item":"https:\/\/btektech.com\/tr\/shop\/"},{"@type":"ListItem","position":3,"name":"Heavy-Duty &amp; Industrial Hose Clamps","item":"https:\/\/btektech.com\/product-category\/heavy-duty-and-industrial-hose-clamps\/"},{"@type":"ListItem","position":4,"name":"1 Ohr Klemme Stufenlose"}]},{"@type":"WebSite","@id":"https:\/\/btektech.com\/#website","url":"https:\/\/btektech.com\/","name":"Btektech","description":"","publisher":{"@id":"https:\/\/btektech.com\/#organization"},"potentialAction":[{"@type":"SearchAction","target":{"@type":"EntryPoint","urlTemplate":"https:\/\/btektech.com\/?s={search_term_string}"},"query-input":{"@type":"PropertyValueSpecification","valueRequired":true,"valueName":"search_term_string"}}],"inLanguage":"de"},{"@type":"Organization","@id":"https:\/\/btektech.com\/#organization","name":"Btektech","url":"https:\/\/btektech.com\/","logo":{"@type":"ImageObject","inLanguage":"de","@id":"https:\/\/btektech.com\/#\/schema\/logo\/image\/","url":"https:\/\/btektech.com\/wp-content\/uploads\/2021\/08\/btektech-logo.png","contentUrl":"https:\/\/btektech.com\/wp-content\/uploads\/2021\/08\/btektech-logo.png","width":250,"height":114,"caption":"Btektech"},"image":{"@id":"https:\/\/btektech.com\/#\/schema\/logo\/image\/"},"sameAs":["https:\/\/x.com\/Btektech1","https:\/\/www.instagram.com\/btektech\/","https:\/\/www.linkedin.com\/company\/suzhou-baotailong-electronic-materials-co-ltd\/","https:\/\/www.pinterest.com\/btektech\/_saved\/","https:\/\/www.youtube.com\/channel\/UCBiw4Bc4CmQDrdo-QqyVTqQ"]}]}},"_links":{"self":[{"href":"https:\/\/btektech.com\/de\/wp-json\/wp\/v2\/product\/5464","targetHints":{"allow":["GET"]}}],"collection":[{"href":"https:\/\/btektech.com\/de\/wp-json\/wp\/v2\/product"}],"about":[{"href":"https:\/\/btektech.com\/de\/wp-json\/wp\/v2\/types\/product"}],"replies":[{"embeddable":true,"href":"https:\/\/btektech.com\/de\/wp-json\/wp\/v2\/comments?post=5464"}],"version-history":[{"count":0,"href":"https:\/\/btektech.com\/de\/wp-json\/wp\/v2\/product\/5464\/revisions"}],"wp:featuredmedia":[{"embeddable":true,"href":"https:\/\/btektech.com\/de\/wp-json\/wp\/v2\/media\/2095"}],"wp:attachment":[{"href":"https:\/\/btektech.com\/de\/wp-json\/wp\/v2\/media?parent=5464"}],"wp:term":[{"taxonomy":"product_brand","embeddable":true,"href":"https:\/\/btektech.com\/de\/wp-json\/wp\/v2\/product_brand?post=5464"},{"taxonomy":"product_cat","embeddable":true,"href":"https:\/\/btektech.com\/de\/wp-json\/wp\/v2\/product_cat?post=5464"},{"taxonomy":"product_tag","embeddable":true,"href":"https:\/\/btektech.com\/de\/wp-json\/wp\/v2\/product_tag?post=5464"}],"curies":[{"name":"wp","href":"https:\/\/api.w.org\/{rel}","templated":true}]}}