{"id":5463,"date":"2021-09-08T06:01:59","date_gmt":"2022-04-26T16:48:56","guid":{"rendered":"https:\/\/btektech.com\/product\/ovale-dosierspitzen\/"},"modified":"2022-07-27T08:22:43","modified_gmt":"2022-07-27T08:22:43","slug":"ovale-dosierspitzen","status":"publish","type":"product","link":"https:\/\/btektech.com\/de\/product\/ovale-dosierspitzen\/","title":{"rendered":"Ovale Dosierspitzen"},"content":{"rendered":"<p>Allzwecknadeln und Edelstahlnadeln k\u00f6nnen weiter bearbeitet werden, um Nadeln mit ovaler \u00d6ffnung herzustellen.<\/p>\n<div style=\"overflow: auto;\">\n<table style=\"text-align: center;\">\n<tbody>\n<tr>\n<th>Messger\u00e4t<\/th>\n<th>Farbe<\/th>\n<th>ID (mm)<\/th>\n<th>Au\u00dfendurchmesser (mm)<\/th>\n<th>12,7 mm(1\/2&#8243;)<\/th>\n<th>25,4 mm(1&#8243;)<\/th>\n<th>38,1 mm(3\/2&#8243;)<\/th>\n<\/tr>\n<tr>\n<td>14G<\/td>\n<td>Olive<\/td>\n<td>1.55<\/td>\n<td>2.1<\/td>\n<td>OT14050<\/td>\n<td>OT14100<\/td>\n<td>OT14150<\/td>\n<\/tr>\n<tr>\n<td>15G<\/td>\n<td>Bernstein<\/td>\n<td>1.35<\/td>\n<td>1.8<\/td>\n<td>OT15050<\/td>\n<td>OT15100<\/td>\n<td>OT15150<\/td>\n<\/tr>\n<tr>\n<td>10<\/td>\n<td>Metall<\/td>\n<td>2,8 mm<\/td>\n<td>3,5 mm<\/td>\n<td>Betriebssystem 10050<\/td>\n<td>Betriebssystem 10100<\/td>\n<td>Betriebssystem 10150<\/td>\n<\/tr>\n<tr>\n<td>11<\/td>\n<td>Metall<\/td>\n<td>2,5 mm<\/td>\n<td>3mm<\/td>\n<td>Betriebssystem 11050<\/td>\n<td>Betriebssystem 11100<\/td>\n<td>Betriebssystem 11150<\/td>\n<\/tr>\n<tr>\n<td>12<\/td>\n<td>Metall<\/td>\n<td>2,27 mm<\/td>\n<td>2,77 mm<\/td>\n<td>Betriebssystem 12050<\/td>\n<td>Betriebssystem 12100<\/td>\n<td>Betriebssystem 12150<\/td>\n<\/tr>\n<tr>\n<td>13<\/td>\n<td>Metall<\/td>\n<td>1,94 mm<\/td>\n<td>2,4 mm<\/td>\n<td>Betriebssystem 13050<\/td>\n<td>Betriebssystem 13100<\/td>\n<td>Betriebssystem 13150<\/td>\n<\/tr>\n<tr>\n<td>14<\/td>\n<td>Metall<\/td>\n<td>1,65 mm<\/td>\n<td>1,81 mm<\/td>\n<td>Betriebssystem 14050<\/td>\n<td>Betriebssystem 14100<\/td>\n<td>Betriebssystem 14150<\/td>\n<\/tr>\n<tr>\n<td>15<\/td>\n<td>Metall<\/td>\n<td>1,43 mm<\/td>\n<td>1,81 mm<\/td>\n<td>Betriebssystem 15050<\/td>\n<td>Betriebssystem 15100<\/td>\n<td>Betriebssystem 15150<\/td>\n<\/tr>\n<\/tbody>\n<\/table>\n<\/div>\n","protected":false},"excerpt":{"rendered":"<p>Ovale Spitzen tragen flache B\u00e4nder aus dicken Fl\u00fcssigkeiten auf, wie z. B. Paste, Dichtmittel und flache B\u00e4nder aus Epoxidharzen.<\/p>\n","protected":false},"featured_media":21505,"comment_status":"open","ping_status":"closed","template":"","meta":{"_acf_changed":false},"product_brand":[],"product_cat":[153],"product_tag":[1394],"class_list":{"0":"post-5463","1":"product","2":"type-product","3":"status-publish","4":"has-post-thumbnail","6":"product_cat-dosierspitzen-dosiernadeln","7":"product_tag-parent","9":"first","10":"instock","11":"shipping-taxable","12":"product-type-simple"},"acf":[],"yoast_head":"<!-- This site is optimized with the Yoast SEO plugin v26.0 - https:\/\/yoast.com\/wordpress\/plugins\/seo\/ -->\n<title>Ovale Dosierspitzen - Btektech<\/title>\n<meta name=\"description\" content=\"Ovale Spitzen tragen flache B\u00e4nder aus dicken Fl\u00fcssigkeiten auf, wie z. B. Paste, Dichtmittel und flache B\u00e4nder aus Epoxidharzen.\" \/>\n<meta name=\"robots\" content=\"index, follow, max-snippet:-1, max-image-preview:large, max-video-preview:-1\" \/>\n<link rel=\"canonical\" href=\"https:\/\/btektech.com\/de\/product\/ovale-dosierspitzen\/\" \/>\n<meta property=\"og:locale\" content=\"de_DE\" \/>\n<meta property=\"og:type\" content=\"article\" \/>\n<meta property=\"og:title\" content=\"Ovale Dosierspitzen - Btektech\" \/>\n<meta property=\"og:description\" content=\"Ovale Spitzen tragen flache B\u00e4nder aus dicken Fl\u00fcssigkeiten auf, wie z. B. Paste, Dichtmittel und flache B\u00e4nder aus Epoxidharzen.\" \/>\n<meta property=\"og:url\" content=\"https:\/\/btektech.com\/de\/product\/ovale-dosierspitzen\/\" \/>\n<meta property=\"og:site_name\" content=\"Btektech\" \/>\n<meta property=\"article:modified_time\" content=\"2022-07-27T08:22:43+00:00\" \/>\n<meta property=\"og:image\" content=\"https:\/\/btektech.com\/wp-content\/uploads\/2021\/09\/15-Oval-1.jpg\" \/>\n\t<meta property=\"og:image:width\" content=\"1417\" \/>\n\t<meta property=\"og:image:height\" content=\"1417\" \/>\n\t<meta property=\"og:image:type\" content=\"image\/jpeg\" \/>\n<meta name=\"twitter:card\" content=\"summary_large_image\" \/>\n<meta name=\"twitter:site\" content=\"@Btektech1\" \/>\n<script type=\"application\/ld+json\" class=\"yoast-schema-graph\">{\"@context\":\"https:\/\/schema.org\",\"@graph\":[{\"@type\":[\"WebPage\",\"ItemPage\"],\"@id\":\"https:\/\/btektech.com\/de\/product\/ovale-dosierspitzen\/\",\"url\":\"https:\/\/btektech.com\/de\/product\/ovale-dosierspitzen\/\",\"name\":\"Ovale Dosierspitzen - Btektech\",\"isPartOf\":{\"@id\":\"https:\/\/btektech.com\/#website\"},\"primaryImageOfPage\":{\"@id\":\"https:\/\/btektech.com\/de\/product\/ovale-dosierspitzen\/#primaryimage\"},\"image\":{\"@id\":\"https:\/\/btektech.com\/de\/product\/ovale-dosierspitzen\/#primaryimage\"},\"thumbnailUrl\":\"https:\/\/btektech.com\/wp-content\/uploads\/2025\/12\/5.jpg\",\"datePublished\":\"2022-04-26T16:48:56+00:00\",\"dateModified\":\"2022-07-27T08:22:43+00:00\",\"description\":\"Ovale Spitzen tragen flache B\u00e4nder aus dicken Fl\u00fcssigkeiten auf, wie z. B. Paste, Dichtmittel und flache B\u00e4nder aus Epoxidharzen.\",\"breadcrumb\":{\"@id\":\"https:\/\/btektech.com\/de\/product\/ovale-dosierspitzen\/#breadcrumb\"},\"inLanguage\":\"de\",\"potentialAction\":[{\"@type\":\"ReadAction\",\"target\":[\"https:\/\/btektech.com\/de\/product\/ovale-dosierspitzen\/\"]}]},{\"@type\":\"ImageObject\",\"inLanguage\":\"de\",\"@id\":\"https:\/\/btektech.com\/de\/product\/ovale-dosierspitzen\/#primaryimage\",\"url\":\"https:\/\/btektech.com\/wp-content\/uploads\/2025\/12\/5.jpg\",\"contentUrl\":\"https:\/\/btektech.com\/wp-content\/uploads\/2025\/12\/5.jpg\",\"width\":800,\"height\":800,\"caption\":\"Oval Dispensing Tips\"},{\"@type\":\"BreadcrumbList\",\"@id\":\"https:\/\/btektech.com\/de\/product\/ovale-dosierspitzen\/#breadcrumb\",\"itemListElement\":[{\"@type\":\"ListItem\",\"position\":1,\"name\":\"Home\",\"item\":\"https:\/\/btektech.com\/de\/home-2\/\"},{\"@type\":\"ListItem\",\"position\":2,\"name\":\"\u00dcr\u00fcnler\",\"item\":\"https:\/\/btektech.com\/tr\/shop\/\"},{\"@type\":\"ListItem\",\"position\":3,\"name\":\"Dispensing Tips\",\"item\":\"https:\/\/btektech.com\/product-category\/dispensing-tips\/\"},{\"@type\":\"ListItem\",\"position\":4,\"name\":\"Ovale Dosierspitzen\"}]},{\"@type\":\"WebSite\",\"@id\":\"https:\/\/btektech.com\/#website\",\"url\":\"https:\/\/btektech.com\/\",\"name\":\"Btektech\",\"description\":\"\",\"publisher\":{\"@id\":\"https:\/\/btektech.com\/#organization\"},\"potentialAction\":[{\"@type\":\"SearchAction\",\"target\":{\"@type\":\"EntryPoint\",\"urlTemplate\":\"https:\/\/btektech.com\/?s={search_term_string}\"},\"query-input\":{\"@type\":\"PropertyValueSpecification\",\"valueRequired\":true,\"valueName\":\"search_term_string\"}}],\"inLanguage\":\"de\"},{\"@type\":\"Organization\",\"@id\":\"https:\/\/btektech.com\/#organization\",\"name\":\"Btektech\",\"url\":\"https:\/\/btektech.com\/\",\"logo\":{\"@type\":\"ImageObject\",\"inLanguage\":\"de\",\"@id\":\"https:\/\/btektech.com\/#\/schema\/logo\/image\/\",\"url\":\"https:\/\/btektech.com\/wp-content\/uploads\/2021\/08\/btektech-logo.png\",\"contentUrl\":\"https:\/\/btektech.com\/wp-content\/uploads\/2021\/08\/btektech-logo.png\",\"width\":250,\"height\":114,\"caption\":\"Btektech\"},\"image\":{\"@id\":\"https:\/\/btektech.com\/#\/schema\/logo\/image\/\"},\"sameAs\":[\"https:\/\/x.com\/Btektech1\",\"https:\/\/www.instagram.com\/btektech\/\",\"https:\/\/www.linkedin.com\/company\/suzhou-baotailong-electronic-materials-co-ltd\/\",\"https:\/\/www.pinterest.com\/btektech\/_saved\/\",\"https:\/\/www.youtube.com\/channel\/UCBiw4Bc4CmQDrdo-QqyVTqQ\"]}]}<\/script>\n<!-- \/ Yoast SEO plugin. -->","yoast_head_json":{"title":"Ovale Dosierspitzen - Btektech","description":"Ovale Spitzen tragen flache B\u00e4nder aus dicken Fl\u00fcssigkeiten auf, wie z. B. Paste, Dichtmittel und flache B\u00e4nder aus Epoxidharzen.","robots":{"index":"index","follow":"follow","max-snippet":"max-snippet:-1","max-image-preview":"max-image-preview:large","max-video-preview":"max-video-preview:-1"},"canonical":"https:\/\/btektech.com\/de\/product\/ovale-dosierspitzen\/","og_locale":"de_DE","og_type":"article","og_title":"Ovale Dosierspitzen - Btektech","og_description":"Ovale Spitzen tragen flache B\u00e4nder aus dicken Fl\u00fcssigkeiten auf, wie z. B. Paste, Dichtmittel und flache B\u00e4nder aus Epoxidharzen.","og_url":"https:\/\/btektech.com\/de\/product\/ovale-dosierspitzen\/","og_site_name":"Btektech","article_modified_time":"2022-07-27T08:22:43+00:00","og_image":[{"width":1417,"height":1417,"url":"https:\/\/btektech.com\/wp-content\/uploads\/2021\/09\/15-Oval-1.jpg","type":"image\/jpeg"}],"twitter_card":"summary_large_image","twitter_site":"@Btektech1","schema":{"@context":"https:\/\/schema.org","@graph":[{"@type":["WebPage","ItemPage"],"@id":"https:\/\/btektech.com\/de\/product\/ovale-dosierspitzen\/","url":"https:\/\/btektech.com\/de\/product\/ovale-dosierspitzen\/","name":"Ovale Dosierspitzen - Btektech","isPartOf":{"@id":"https:\/\/btektech.com\/#website"},"primaryImageOfPage":{"@id":"https:\/\/btektech.com\/de\/product\/ovale-dosierspitzen\/#primaryimage"},"image":{"@id":"https:\/\/btektech.com\/de\/product\/ovale-dosierspitzen\/#primaryimage"},"thumbnailUrl":"https:\/\/btektech.com\/wp-content\/uploads\/2025\/12\/5.jpg","datePublished":"2022-04-26T16:48:56+00:00","dateModified":"2022-07-27T08:22:43+00:00","description":"Ovale Spitzen tragen flache B\u00e4nder aus dicken Fl\u00fcssigkeiten auf, wie z. B. Paste, Dichtmittel und flache B\u00e4nder aus Epoxidharzen.","breadcrumb":{"@id":"https:\/\/btektech.com\/de\/product\/ovale-dosierspitzen\/#breadcrumb"},"inLanguage":"de","potentialAction":[{"@type":"ReadAction","target":["https:\/\/btektech.com\/de\/product\/ovale-dosierspitzen\/"]}]},{"@type":"ImageObject","inLanguage":"de","@id":"https:\/\/btektech.com\/de\/product\/ovale-dosierspitzen\/#primaryimage","url":"https:\/\/btektech.com\/wp-content\/uploads\/2025\/12\/5.jpg","contentUrl":"https:\/\/btektech.com\/wp-content\/uploads\/2025\/12\/5.jpg","width":800,"height":800,"caption":"Oval Dispensing Tips"},{"@type":"BreadcrumbList","@id":"https:\/\/btektech.com\/de\/product\/ovale-dosierspitzen\/#breadcrumb","itemListElement":[{"@type":"ListItem","position":1,"name":"Home","item":"https:\/\/btektech.com\/de\/home-2\/"},{"@type":"ListItem","position":2,"name":"\u00dcr\u00fcnler","item":"https:\/\/btektech.com\/tr\/shop\/"},{"@type":"ListItem","position":3,"name":"Dispensing Tips","item":"https:\/\/btektech.com\/product-category\/dispensing-tips\/"},{"@type":"ListItem","position":4,"name":"Ovale Dosierspitzen"}]},{"@type":"WebSite","@id":"https:\/\/btektech.com\/#website","url":"https:\/\/btektech.com\/","name":"Btektech","description":"","publisher":{"@id":"https:\/\/btektech.com\/#organization"},"potentialAction":[{"@type":"SearchAction","target":{"@type":"EntryPoint","urlTemplate":"https:\/\/btektech.com\/?s={search_term_string}"},"query-input":{"@type":"PropertyValueSpecification","valueRequired":true,"valueName":"search_term_string"}}],"inLanguage":"de"},{"@type":"Organization","@id":"https:\/\/btektech.com\/#organization","name":"Btektech","url":"https:\/\/btektech.com\/","logo":{"@type":"ImageObject","inLanguage":"de","@id":"https:\/\/btektech.com\/#\/schema\/logo\/image\/","url":"https:\/\/btektech.com\/wp-content\/uploads\/2021\/08\/btektech-logo.png","contentUrl":"https:\/\/btektech.com\/wp-content\/uploads\/2021\/08\/btektech-logo.png","width":250,"height":114,"caption":"Btektech"},"image":{"@id":"https:\/\/btektech.com\/#\/schema\/logo\/image\/"},"sameAs":["https:\/\/x.com\/Btektech1","https:\/\/www.instagram.com\/btektech\/","https:\/\/www.linkedin.com\/company\/suzhou-baotailong-electronic-materials-co-ltd\/","https:\/\/www.pinterest.com\/btektech\/_saved\/","https:\/\/www.youtube.com\/channel\/UCBiw4Bc4CmQDrdo-QqyVTqQ"]}]}},"_links":{"self":[{"href":"https:\/\/btektech.com\/de\/wp-json\/wp\/v2\/product\/5463","targetHints":{"allow":["GET"]}}],"collection":[{"href":"https:\/\/btektech.com\/de\/wp-json\/wp\/v2\/product"}],"about":[{"href":"https:\/\/btektech.com\/de\/wp-json\/wp\/v2\/types\/product"}],"replies":[{"embeddable":true,"href":"https:\/\/btektech.com\/de\/wp-json\/wp\/v2\/comments?post=5463"}],"version-history":[{"count":0,"href":"https:\/\/btektech.com\/de\/wp-json\/wp\/v2\/product\/5463\/revisions"}],"wp:featuredmedia":[{"embeddable":true,"href":"https:\/\/btektech.com\/de\/wp-json\/wp\/v2\/media\/21505"}],"wp:attachment":[{"href":"https:\/\/btektech.com\/de\/wp-json\/wp\/v2\/media?parent=5463"}],"wp:term":[{"taxonomy":"product_brand","embeddable":true,"href":"https:\/\/btektech.com\/de\/wp-json\/wp\/v2\/product_brand?post=5463"},{"taxonomy":"product_cat","embeddable":true,"href":"https:\/\/btektech.com\/de\/wp-json\/wp\/v2\/product_cat?post=5463"},{"taxonomy":"product_tag","embeddable":true,"href":"https:\/\/btektech.com\/de\/wp-json\/wp\/v2\/product_tag?post=5463"}],"curies":[{"name":"wp","href":"https:\/\/api.w.org\/{rel}","templated":true}]}}