{"id":5446,"date":"2021-09-10T08:23:28","date_gmt":"2022-04-26T16:46:17","guid":{"rendered":"https:\/\/btektech.com\/product\/spritzenkartusche-im-japanischen-stil\/"},"modified":"2022-09-05T06:35:27","modified_gmt":"2022-09-05T06:35:27","slug":"japanische-dosierspritze","status":"publish","type":"product","link":"https:\/\/btektech.com\/de\/product\/japanische-dosierspritze\/","title":{"rendered":"Japanische Dosierspritze"},"content":{"rendered":"<p>Die transparente Spritze eignet sich f\u00fcr alle Arten von Klebstoffen f\u00fcr elektronische Verpackungen, leitf\u00e4hige Klebstoffe, Flussmittel, L\u00f6tpaste, roten SM-Patch-Kleber, Schmier\u00f6l, Farbe usw. Die schwarze Spritze eignet sich f\u00fcr UV-h\u00e4rtende Klebstoffe und andere Gelegenheiten, die eine schwarze Schattierung erfordern. Die gr\u00fcne Spritze kann ultraviolettes Licht und sichtbares Licht bis zu 3 % blockieren, besonders geeignet f\u00fcr die Langzeitlagerung von UV-Kleber und Sicherheitsanforderungen f\u00fcr den Langstreckentransport. Braune Spritzen sind nur f\u00fcr allgemeine UV-Schutz-Arbeitspl\u00e4tze geeignet und werden nicht f\u00fcr die Langzeitlagerung von UV-Kleber empfohlen.<\/p>\n<div style=\"overflow: auto;\">\n<table style=\"text-align: center;\">\n<tbody>\n<tr>\n<th>Farbe<\/th>\n<th>Kapazit\u00e4t(CC)<\/th>\n<th>ICH W\u00dcRDE(mm)<\/th>\n<th>OD(mm)<\/th>\n<th>L\u00e4nge(mm)<\/th>\n<th>Paket<\/th>\n<\/tr>\n<tr>\n<td>Klar\/Gr\u00fcn\/Schwarz\/Orange<\/td>\n<td>5<\/td>\n<td>13<\/td>\n<td>15.4<\/td>\n<td>77<\/td>\n<td>50 St\u00fcck\/Beutel<\/td>\n<\/tr>\n<tr>\n<td>Klar\/Gr\u00fcn\/Schwarz\/Orange<\/td>\n<td>10<\/td>\n<td>15.1<\/td>\n<td>17.5<\/td>\n<td>106<\/td>\n<td>50 St\u00fcck\/Beutel<\/td>\n<\/tr>\n<tr>\n<td>Klar\/Gr\u00fcn\/Schwarz\/Orange<\/td>\n<td>30<\/td>\n<td>22.8<\/td>\n<td>25.5<\/td>\n<td>130<\/td>\n<td>20 St\u00fcck\/Beutel<\/td>\n<\/tr>\n<tr>\n<td>Klar\/Gr\u00fcn\/Schwarz\/Orange<\/td>\n<td>55<\/td>\n<td>22.8<\/td>\n<td>25.5<\/td>\n<td>162<\/td>\n<td>20 St\u00fcck\/Beutel<\/td>\n<\/tr>\n<tr>\n<td>Klar\/Gr\u00fcn\/Schwarz\/Orange<\/td>\n<td>70<\/td>\n<td>22.80<\/td>\n<td>25.5<\/td>\n<td>223<\/td>\n<td>10 St\u00fcck\/Beutel<\/td>\n<\/tr>\n<\/tbody>\n<\/table>\n<\/div>\n","protected":false},"excerpt":{"rendered":"<p>Einzigartige Struktur des Spritzenzylinders mit extrem niedrigem Luftzug, hochpr\u00e4ziser Innendurchmesser, gute Stabilit\u00e4t. Sie bestehen aus industriekonformem Silikon und chlorfreiem, reibungsarmem Polypropylen.<\/p>\n","protected":false},"featured_media":4759,"comment_status":"open","ping_status":"closed","template":"","meta":{"_acf_changed":false},"product_brand":[],"product_cat":[266],"product_tag":[],"class_list":{"0":"post-5446","1":"product","2":"type-product","3":"status-publish","4":"has-post-thumbnail","6":"product_cat-uncategorized-de","8":"first","9":"instock","10":"shipping-taxable","11":"product-type-simple"},"acf":[],"yoast_head":"<!-- This site is optimized with the Yoast SEO plugin v26.0 - https:\/\/yoast.com\/wordpress\/plugins\/seo\/ -->\n<title>Japanische Dosierspritze - Btektech<\/title>\n<meta name=\"description\" content=\"Einzigartige Struktur des Spritzenzylinders mit extrem niedrigem Luftzug, hochpr\u00e4ziser Innendurchmesser, gute Stabilit\u00e4t.\" \/>\n<meta name=\"robots\" content=\"index, follow, max-snippet:-1, max-image-preview:large, max-video-preview:-1\" \/>\n<link rel=\"canonical\" href=\"https:\/\/btektech.com\/de\/product\/japanische-dosierspritze\/\" \/>\n<meta property=\"og:locale\" content=\"de_DE\" \/>\n<meta property=\"og:type\" content=\"article\" \/>\n<meta property=\"og:title\" content=\"Japanische Dosierspritze - Btektech\" \/>\n<meta property=\"og:description\" content=\"Einzigartige Struktur des Spritzenzylinders mit extrem niedrigem Luftzug, hochpr\u00e4ziser Innendurchmesser, gute Stabilit\u00e4t.\" \/>\n<meta property=\"og:url\" content=\"https:\/\/btektech.com\/de\/product\/japanische-dosierspritze\/\" \/>\n<meta property=\"og:site_name\" content=\"Btektech\" \/>\n<meta property=\"article:modified_time\" content=\"2022-09-05T06:35:27+00:00\" \/>\n<meta property=\"og:image\" content=\"https:\/\/btektech.com\/wp-content\/uploads\/2021\/09\/5614b.jpg\" \/>\n\t<meta property=\"og:image:width\" content=\"800\" \/>\n\t<meta property=\"og:image:height\" content=\"800\" \/>\n\t<meta property=\"og:image:type\" content=\"image\/jpeg\" \/>\n<meta name=\"twitter:card\" content=\"summary_large_image\" \/>\n<meta name=\"twitter:site\" content=\"@Btektech1\" \/>\n<meta name=\"twitter:label1\" content=\"Gesch\u00e4tzte Lesezeit\" \/>\n\t<meta name=\"twitter:data1\" content=\"1\u00a0Minute\" \/>\n<script type=\"application\/ld+json\" class=\"yoast-schema-graph\">{\"@context\":\"https:\/\/schema.org\",\"@graph\":[{\"@type\":[\"WebPage\",\"ItemPage\"],\"@id\":\"https:\/\/btektech.com\/de\/product\/japanische-dosierspritze\/\",\"url\":\"https:\/\/btektech.com\/de\/product\/japanische-dosierspritze\/\",\"name\":\"Japanische Dosierspritze - Btektech\",\"isPartOf\":{\"@id\":\"https:\/\/btektech.com\/#website\"},\"primaryImageOfPage\":{\"@id\":\"https:\/\/btektech.com\/de\/product\/japanische-dosierspritze\/#primaryimage\"},\"image\":{\"@id\":\"https:\/\/btektech.com\/de\/product\/japanische-dosierspritze\/#primaryimage\"},\"thumbnailUrl\":\"https:\/\/btektech.com\/wp-content\/uploads\/2021\/09\/5614b.jpg\",\"datePublished\":\"2022-04-26T16:46:17+00:00\",\"dateModified\":\"2022-09-05T06:35:27+00:00\",\"description\":\"Einzigartige Struktur des Spritzenzylinders mit extrem niedrigem Luftzug, hochpr\u00e4ziser Innendurchmesser, gute Stabilit\u00e4t.\",\"breadcrumb\":{\"@id\":\"https:\/\/btektech.com\/de\/product\/japanische-dosierspritze\/#breadcrumb\"},\"inLanguage\":\"de\",\"potentialAction\":[{\"@type\":\"ReadAction\",\"target\":[\"https:\/\/btektech.com\/de\/product\/japanische-dosierspritze\/\"]}]},{\"@type\":\"ImageObject\",\"inLanguage\":\"de\",\"@id\":\"https:\/\/btektech.com\/de\/product\/japanische-dosierspritze\/#primaryimage\",\"url\":\"https:\/\/btektech.com\/wp-content\/uploads\/2021\/09\/5614b.jpg\",\"contentUrl\":\"https:\/\/btektech.com\/wp-content\/uploads\/2021\/09\/5614b.jpg\",\"width\":800,\"height\":800,\"caption\":\"Japanische Dosierspritze\"},{\"@type\":\"BreadcrumbList\",\"@id\":\"https:\/\/btektech.com\/de\/product\/japanische-dosierspritze\/#breadcrumb\",\"itemListElement\":[{\"@type\":\"ListItem\",\"position\":1,\"name\":\"Home\",\"item\":\"https:\/\/btektech.com\/de\/home-2\/\"},{\"@type\":\"ListItem\",\"position\":2,\"name\":\"\u00dcr\u00fcnler\",\"item\":\"https:\/\/btektech.com\/tr\/shop\/\"},{\"@type\":\"ListItem\",\"position\":3,\"name\":\"Japanische Dosierspritze\"}]},{\"@type\":\"WebSite\",\"@id\":\"https:\/\/btektech.com\/#website\",\"url\":\"https:\/\/btektech.com\/\",\"name\":\"Btektech\",\"description\":\"\",\"publisher\":{\"@id\":\"https:\/\/btektech.com\/#organization\"},\"potentialAction\":[{\"@type\":\"SearchAction\",\"target\":{\"@type\":\"EntryPoint\",\"urlTemplate\":\"https:\/\/btektech.com\/?s={search_term_string}\"},\"query-input\":{\"@type\":\"PropertyValueSpecification\",\"valueRequired\":true,\"valueName\":\"search_term_string\"}}],\"inLanguage\":\"de\"},{\"@type\":\"Organization\",\"@id\":\"https:\/\/btektech.com\/#organization\",\"name\":\"Btektech\",\"url\":\"https:\/\/btektech.com\/\",\"logo\":{\"@type\":\"ImageObject\",\"inLanguage\":\"de\",\"@id\":\"https:\/\/btektech.com\/#\/schema\/logo\/image\/\",\"url\":\"https:\/\/btektech.com\/wp-content\/uploads\/2021\/08\/btektech-logo.png\",\"contentUrl\":\"https:\/\/btektech.com\/wp-content\/uploads\/2021\/08\/btektech-logo.png\",\"width\":250,\"height\":114,\"caption\":\"Btektech\"},\"image\":{\"@id\":\"https:\/\/btektech.com\/#\/schema\/logo\/image\/\"},\"sameAs\":[\"https:\/\/x.com\/Btektech1\",\"https:\/\/www.instagram.com\/btektech\/\",\"https:\/\/www.linkedin.com\/company\/suzhou-baotailong-electronic-materials-co-ltd\/\",\"https:\/\/www.pinterest.com\/btektech\/_saved\/\",\"https:\/\/www.youtube.com\/channel\/UCBiw4Bc4CmQDrdo-QqyVTqQ\"]}]}<\/script>\n<!-- \/ Yoast SEO plugin. -->","yoast_head_json":{"title":"Japanische Dosierspritze - Btektech","description":"Einzigartige Struktur des Spritzenzylinders mit extrem niedrigem Luftzug, hochpr\u00e4ziser Innendurchmesser, gute Stabilit\u00e4t.","robots":{"index":"index","follow":"follow","max-snippet":"max-snippet:-1","max-image-preview":"max-image-preview:large","max-video-preview":"max-video-preview:-1"},"canonical":"https:\/\/btektech.com\/de\/product\/japanische-dosierspritze\/","og_locale":"de_DE","og_type":"article","og_title":"Japanische Dosierspritze - Btektech","og_description":"Einzigartige Struktur des Spritzenzylinders mit extrem niedrigem Luftzug, hochpr\u00e4ziser Innendurchmesser, gute Stabilit\u00e4t.","og_url":"https:\/\/btektech.com\/de\/product\/japanische-dosierspritze\/","og_site_name":"Btektech","article_modified_time":"2022-09-05T06:35:27+00:00","og_image":[{"width":800,"height":800,"url":"https:\/\/btektech.com\/wp-content\/uploads\/2021\/09\/5614b.jpg","type":"image\/jpeg"}],"twitter_card":"summary_large_image","twitter_site":"@Btektech1","twitter_misc":{"Gesch\u00e4tzte Lesezeit":"1\u00a0Minute"},"schema":{"@context":"https:\/\/schema.org","@graph":[{"@type":["WebPage","ItemPage"],"@id":"https:\/\/btektech.com\/de\/product\/japanische-dosierspritze\/","url":"https:\/\/btektech.com\/de\/product\/japanische-dosierspritze\/","name":"Japanische Dosierspritze - Btektech","isPartOf":{"@id":"https:\/\/btektech.com\/#website"},"primaryImageOfPage":{"@id":"https:\/\/btektech.com\/de\/product\/japanische-dosierspritze\/#primaryimage"},"image":{"@id":"https:\/\/btektech.com\/de\/product\/japanische-dosierspritze\/#primaryimage"},"thumbnailUrl":"https:\/\/btektech.com\/wp-content\/uploads\/2021\/09\/5614b.jpg","datePublished":"2022-04-26T16:46:17+00:00","dateModified":"2022-09-05T06:35:27+00:00","description":"Einzigartige Struktur des Spritzenzylinders mit extrem niedrigem Luftzug, hochpr\u00e4ziser Innendurchmesser, gute Stabilit\u00e4t.","breadcrumb":{"@id":"https:\/\/btektech.com\/de\/product\/japanische-dosierspritze\/#breadcrumb"},"inLanguage":"de","potentialAction":[{"@type":"ReadAction","target":["https:\/\/btektech.com\/de\/product\/japanische-dosierspritze\/"]}]},{"@type":"ImageObject","inLanguage":"de","@id":"https:\/\/btektech.com\/de\/product\/japanische-dosierspritze\/#primaryimage","url":"https:\/\/btektech.com\/wp-content\/uploads\/2021\/09\/5614b.jpg","contentUrl":"https:\/\/btektech.com\/wp-content\/uploads\/2021\/09\/5614b.jpg","width":800,"height":800,"caption":"Japanische Dosierspritze"},{"@type":"BreadcrumbList","@id":"https:\/\/btektech.com\/de\/product\/japanische-dosierspritze\/#breadcrumb","itemListElement":[{"@type":"ListItem","position":1,"name":"Home","item":"https:\/\/btektech.com\/de\/home-2\/"},{"@type":"ListItem","position":2,"name":"\u00dcr\u00fcnler","item":"https:\/\/btektech.com\/tr\/shop\/"},{"@type":"ListItem","position":3,"name":"Japanische Dosierspritze"}]},{"@type":"WebSite","@id":"https:\/\/btektech.com\/#website","url":"https:\/\/btektech.com\/","name":"Btektech","description":"","publisher":{"@id":"https:\/\/btektech.com\/#organization"},"potentialAction":[{"@type":"SearchAction","target":{"@type":"EntryPoint","urlTemplate":"https:\/\/btektech.com\/?s={search_term_string}"},"query-input":{"@type":"PropertyValueSpecification","valueRequired":true,"valueName":"search_term_string"}}],"inLanguage":"de"},{"@type":"Organization","@id":"https:\/\/btektech.com\/#organization","name":"Btektech","url":"https:\/\/btektech.com\/","logo":{"@type":"ImageObject","inLanguage":"de","@id":"https:\/\/btektech.com\/#\/schema\/logo\/image\/","url":"https:\/\/btektech.com\/wp-content\/uploads\/2021\/08\/btektech-logo.png","contentUrl":"https:\/\/btektech.com\/wp-content\/uploads\/2021\/08\/btektech-logo.png","width":250,"height":114,"caption":"Btektech"},"image":{"@id":"https:\/\/btektech.com\/#\/schema\/logo\/image\/"},"sameAs":["https:\/\/x.com\/Btektech1","https:\/\/www.instagram.com\/btektech\/","https:\/\/www.linkedin.com\/company\/suzhou-baotailong-electronic-materials-co-ltd\/","https:\/\/www.pinterest.com\/btektech\/_saved\/","https:\/\/www.youtube.com\/channel\/UCBiw4Bc4CmQDrdo-QqyVTqQ"]}]}},"_links":{"self":[{"href":"https:\/\/btektech.com\/de\/wp-json\/wp\/v2\/product\/5446","targetHints":{"allow":["GET"]}}],"collection":[{"href":"https:\/\/btektech.com\/de\/wp-json\/wp\/v2\/product"}],"about":[{"href":"https:\/\/btektech.com\/de\/wp-json\/wp\/v2\/types\/product"}],"replies":[{"embeddable":true,"href":"https:\/\/btektech.com\/de\/wp-json\/wp\/v2\/comments?post=5446"}],"version-history":[{"count":0,"href":"https:\/\/btektech.com\/de\/wp-json\/wp\/v2\/product\/5446\/revisions"}],"wp:featuredmedia":[{"embeddable":true,"href":"https:\/\/btektech.com\/de\/wp-json\/wp\/v2\/media\/4759"}],"wp:attachment":[{"href":"https:\/\/btektech.com\/de\/wp-json\/wp\/v2\/media?parent=5446"}],"wp:term":[{"taxonomy":"product_brand","embeddable":true,"href":"https:\/\/btektech.com\/de\/wp-json\/wp\/v2\/product_brand?post=5446"},{"taxonomy":"product_cat","embeddable":true,"href":"https:\/\/btektech.com\/de\/wp-json\/wp\/v2\/product_cat?post=5446"},{"taxonomy":"product_tag","embeddable":true,"href":"https:\/\/btektech.com\/de\/wp-json\/wp\/v2\/product_tag?post=5446"}],"curies":[{"name":"wp","href":"https:\/\/api.w.org\/{rel}","templated":true}]}}