{"id":5445,"date":"2021-09-10T09:05:34","date_gmt":"2022-04-26T16:46:16","guid":{"rendered":"https:\/\/btektech.com\/product\/spritzenadapter\/"},"modified":"2022-07-27T07:37:32","modified_gmt":"2022-07-27T07:37:32","slug":"spritzenadapter","status":"publish","type":"product","link":"https:\/\/btektech.com\/de\/product\/spritzenadapter\/","title":{"rendered":"Spritzenadapter"},"content":{"rendered":"<p>Der Linker der Kartusche besteht aus s\u00e4ure- und laugenbest\u00e4ndigen sowie korrosionsbest\u00e4ndigen Materialien, um Industriequalit\u00e4t zu gew\u00e4hrleisten. Alle nehmen eingebettete Kanten mit Dichtungsring aus organischem Silikon oder Gummidichtungsring an. Die Standardl\u00e4nge des Luftschlauchs betr\u00e4gt 1 Meter und kann einem Hochdruck von 1,5 MPa standhalten. Amerikanische und japanische Luftschlauchverbindungen k\u00f6nnen austauschbar verwendet werden.<\/p>\n<div style=\"overflow: auto;\">\n<table style=\"text-align: center;\" border=\"0\"  cellspacing=\"0\" cellpadding=\"0\">\n<tbody>\n<tr>\n<th>Art.-Nr.<\/th>\n<th>Kapazit\u00e4t<\/th>\n<\/tr>\n<tr>\n<td>SA03<\/td>\n<td>3CC<\/td>\n<\/tr>\n<tr>\n<td>SA05<\/td>\n<td>5CC<\/td>\n<\/tr>\n<tr>\n<td>SA10<\/td>\n<td>10CC<\/td>\n<\/tr>\n<tr>\n<td>SA30<\/td>\n<td>30CC<\/td>\n<\/tr>\n<tr>\n<td>SA55<\/td>\n<td>55CC<\/td>\n<\/tr>\n<\/tbody>\n<\/table>\n<\/div>\n","protected":false},"excerpt":{"rendered":"<p><span class=\"src\" data-group=\"0-0\">Adapterstecker bestehen aus korrosionsbest\u00e4ndigen, hochfesten Materialien. <\/span><span class=\"src\" data-group=\"0-1\">Kann eine lange Zeit in einer Hochdruckumgebung ohne Bruch sicherstellen. <\/span><\/p>\n","protected":false},"featured_media":2215,"comment_status":"open","ping_status":"closed","template":"","meta":{"_acf_changed":false},"product_brand":[],"product_cat":[146],"product_tag":[],"class_list":{"0":"post-5445","1":"product","2":"type-product","3":"status-publish","4":"has-post-thumbnail","6":"product_cat-sonstiges-dosierzubehoer","8":"first","9":"instock","10":"shipping-taxable","11":"product-type-simple"},"acf":[],"yoast_head":"<!-- This site is optimized with the Yoast SEO plugin v26.0 - https:\/\/yoast.com\/wordpress\/plugins\/seo\/ -->\n<title>Spritzenadapter - Btektech<\/title>\n<meta name=\"description\" content=\"Spritzenadapter bestehen aus korrosionsbest\u00e4ndigen, hochfesten Materialien. Kann eine lange Zeit in einer Hochdruckumgebung ohne Bruch sicherstellen.\" \/>\n<meta name=\"robots\" content=\"index, follow, max-snippet:-1, max-image-preview:large, max-video-preview:-1\" \/>\n<link rel=\"canonical\" href=\"https:\/\/btektech.com\/de\/product\/spritzenadapter\/\" \/>\n<meta property=\"og:locale\" content=\"de_DE\" \/>\n<meta property=\"og:type\" content=\"article\" \/>\n<meta property=\"og:title\" content=\"Spritzenadapter - Btektech\" \/>\n<meta property=\"og:description\" content=\"Spritzenadapter bestehen aus korrosionsbest\u00e4ndigen, hochfesten Materialien. Kann eine lange Zeit in einer Hochdruckumgebung ohne Bruch sicherstellen.\" \/>\n<meta property=\"og:url\" content=\"https:\/\/btektech.com\/de\/product\/spritzenadapter\/\" \/>\n<meta property=\"og:site_name\" content=\"Btektech\" \/>\n<meta property=\"article:modified_time\" content=\"2022-07-27T07:37:32+00:00\" \/>\n<meta property=\"og:image\" content=\"https:\/\/btektech.com\/wp-content\/uploads\/2021\/09\/52541a.jpg\" \/>\n\t<meta property=\"og:image:width\" content=\"1000\" \/>\n\t<meta property=\"og:image:height\" content=\"1000\" \/>\n\t<meta property=\"og:image:type\" content=\"image\/jpeg\" \/>\n<meta name=\"twitter:card\" content=\"summary_large_image\" \/>\n<meta name=\"twitter:site\" content=\"@Btektech1\" \/>\n<script type=\"application\/ld+json\" class=\"yoast-schema-graph\">{\"@context\":\"https:\/\/schema.org\",\"@graph\":[{\"@type\":[\"WebPage\",\"ItemPage\"],\"@id\":\"https:\/\/btektech.com\/de\/product\/spritzenadapter\/\",\"url\":\"https:\/\/btektech.com\/de\/product\/spritzenadapter\/\",\"name\":\"Spritzenadapter - Btektech\",\"isPartOf\":{\"@id\":\"https:\/\/btektech.com\/#website\"},\"primaryImageOfPage\":{\"@id\":\"https:\/\/btektech.com\/de\/product\/spritzenadapter\/#primaryimage\"},\"image\":{\"@id\":\"https:\/\/btektech.com\/de\/product\/spritzenadapter\/#primaryimage\"},\"thumbnailUrl\":\"https:\/\/btektech.com\/wp-content\/uploads\/2021\/09\/52541a.jpg\",\"datePublished\":\"2022-04-26T16:46:16+00:00\",\"dateModified\":\"2022-07-27T07:37:32+00:00\",\"description\":\"Spritzenadapter bestehen aus korrosionsbest\u00e4ndigen, hochfesten Materialien. Kann eine lange Zeit in einer Hochdruckumgebung ohne Bruch sicherstellen.\",\"breadcrumb\":{\"@id\":\"https:\/\/btektech.com\/de\/product\/spritzenadapter\/#breadcrumb\"},\"inLanguage\":\"de\",\"potentialAction\":[{\"@type\":\"ReadAction\",\"target\":[\"https:\/\/btektech.com\/de\/product\/spritzenadapter\/\"]}]},{\"@type\":\"ImageObject\",\"inLanguage\":\"de\",\"@id\":\"https:\/\/btektech.com\/de\/product\/spritzenadapter\/#primaryimage\",\"url\":\"https:\/\/btektech.com\/wp-content\/uploads\/2021\/09\/52541a.jpg\",\"contentUrl\":\"https:\/\/btektech.com\/wp-content\/uploads\/2021\/09\/52541a.jpg\",\"width\":1000,\"height\":1000,\"caption\":\"Spritzenadapter\"},{\"@type\":\"BreadcrumbList\",\"@id\":\"https:\/\/btektech.com\/de\/product\/spritzenadapter\/#breadcrumb\",\"itemListElement\":[{\"@type\":\"ListItem\",\"position\":1,\"name\":\"Home\",\"item\":\"https:\/\/btektech.com\/de\/home-2\/\"},{\"@type\":\"ListItem\",\"position\":2,\"name\":\"\u00dcr\u00fcnler\",\"item\":\"https:\/\/btektech.com\/tr\/shop\/\"},{\"@type\":\"ListItem\",\"position\":3,\"name\":\"Uncategorized\",\"item\":\"https:\/\/btektech.com\/pt-pt\/Categoria-de-Produto\/uncategorized-pt-pt\/\"},{\"@type\":\"ListItem\",\"position\":4,\"name\":\"Spritzenadapter\"}]},{\"@type\":\"WebSite\",\"@id\":\"https:\/\/btektech.com\/#website\",\"url\":\"https:\/\/btektech.com\/\",\"name\":\"Btektech\",\"description\":\"\",\"publisher\":{\"@id\":\"https:\/\/btektech.com\/#organization\"},\"potentialAction\":[{\"@type\":\"SearchAction\",\"target\":{\"@type\":\"EntryPoint\",\"urlTemplate\":\"https:\/\/btektech.com\/?s={search_term_string}\"},\"query-input\":{\"@type\":\"PropertyValueSpecification\",\"valueRequired\":true,\"valueName\":\"search_term_string\"}}],\"inLanguage\":\"de\"},{\"@type\":\"Organization\",\"@id\":\"https:\/\/btektech.com\/#organization\",\"name\":\"Btektech\",\"url\":\"https:\/\/btektech.com\/\",\"logo\":{\"@type\":\"ImageObject\",\"inLanguage\":\"de\",\"@id\":\"https:\/\/btektech.com\/#\/schema\/logo\/image\/\",\"url\":\"https:\/\/btektech.com\/wp-content\/uploads\/2021\/08\/btektech-logo.png\",\"contentUrl\":\"https:\/\/btektech.com\/wp-content\/uploads\/2021\/08\/btektech-logo.png\",\"width\":250,\"height\":114,\"caption\":\"Btektech\"},\"image\":{\"@id\":\"https:\/\/btektech.com\/#\/schema\/logo\/image\/\"},\"sameAs\":[\"https:\/\/x.com\/Btektech1\",\"https:\/\/www.instagram.com\/btektech\/\",\"https:\/\/www.linkedin.com\/company\/suzhou-baotailong-electronic-materials-co-ltd\/\",\"https:\/\/www.pinterest.com\/btektech\/_saved\/\",\"https:\/\/www.youtube.com\/channel\/UCBiw4Bc4CmQDrdo-QqyVTqQ\"]}]}<\/script>\n<!-- \/ Yoast SEO plugin. -->","yoast_head_json":{"title":"Spritzenadapter - Btektech","description":"Spritzenadapter bestehen aus korrosionsbest\u00e4ndigen, hochfesten Materialien. Kann eine lange Zeit in einer Hochdruckumgebung ohne Bruch sicherstellen.","robots":{"index":"index","follow":"follow","max-snippet":"max-snippet:-1","max-image-preview":"max-image-preview:large","max-video-preview":"max-video-preview:-1"},"canonical":"https:\/\/btektech.com\/de\/product\/spritzenadapter\/","og_locale":"de_DE","og_type":"article","og_title":"Spritzenadapter - Btektech","og_description":"Spritzenadapter bestehen aus korrosionsbest\u00e4ndigen, hochfesten Materialien. Kann eine lange Zeit in einer Hochdruckumgebung ohne Bruch sicherstellen.","og_url":"https:\/\/btektech.com\/de\/product\/spritzenadapter\/","og_site_name":"Btektech","article_modified_time":"2022-07-27T07:37:32+00:00","og_image":[{"width":1000,"height":1000,"url":"https:\/\/btektech.com\/wp-content\/uploads\/2021\/09\/52541a.jpg","type":"image\/jpeg"}],"twitter_card":"summary_large_image","twitter_site":"@Btektech1","schema":{"@context":"https:\/\/schema.org","@graph":[{"@type":["WebPage","ItemPage"],"@id":"https:\/\/btektech.com\/de\/product\/spritzenadapter\/","url":"https:\/\/btektech.com\/de\/product\/spritzenadapter\/","name":"Spritzenadapter - Btektech","isPartOf":{"@id":"https:\/\/btektech.com\/#website"},"primaryImageOfPage":{"@id":"https:\/\/btektech.com\/de\/product\/spritzenadapter\/#primaryimage"},"image":{"@id":"https:\/\/btektech.com\/de\/product\/spritzenadapter\/#primaryimage"},"thumbnailUrl":"https:\/\/btektech.com\/wp-content\/uploads\/2021\/09\/52541a.jpg","datePublished":"2022-04-26T16:46:16+00:00","dateModified":"2022-07-27T07:37:32+00:00","description":"Spritzenadapter bestehen aus korrosionsbest\u00e4ndigen, hochfesten Materialien. Kann eine lange Zeit in einer Hochdruckumgebung ohne Bruch sicherstellen.","breadcrumb":{"@id":"https:\/\/btektech.com\/de\/product\/spritzenadapter\/#breadcrumb"},"inLanguage":"de","potentialAction":[{"@type":"ReadAction","target":["https:\/\/btektech.com\/de\/product\/spritzenadapter\/"]}]},{"@type":"ImageObject","inLanguage":"de","@id":"https:\/\/btektech.com\/de\/product\/spritzenadapter\/#primaryimage","url":"https:\/\/btektech.com\/wp-content\/uploads\/2021\/09\/52541a.jpg","contentUrl":"https:\/\/btektech.com\/wp-content\/uploads\/2021\/09\/52541a.jpg","width":1000,"height":1000,"caption":"Spritzenadapter"},{"@type":"BreadcrumbList","@id":"https:\/\/btektech.com\/de\/product\/spritzenadapter\/#breadcrumb","itemListElement":[{"@type":"ListItem","position":1,"name":"Home","item":"https:\/\/btektech.com\/de\/home-2\/"},{"@type":"ListItem","position":2,"name":"\u00dcr\u00fcnler","item":"https:\/\/btektech.com\/tr\/shop\/"},{"@type":"ListItem","position":3,"name":"Uncategorized","item":"https:\/\/btektech.com\/pt-pt\/Categoria-de-Produto\/uncategorized-pt-pt\/"},{"@type":"ListItem","position":4,"name":"Spritzenadapter"}]},{"@type":"WebSite","@id":"https:\/\/btektech.com\/#website","url":"https:\/\/btektech.com\/","name":"Btektech","description":"","publisher":{"@id":"https:\/\/btektech.com\/#organization"},"potentialAction":[{"@type":"SearchAction","target":{"@type":"EntryPoint","urlTemplate":"https:\/\/btektech.com\/?s={search_term_string}"},"query-input":{"@type":"PropertyValueSpecification","valueRequired":true,"valueName":"search_term_string"}}],"inLanguage":"de"},{"@type":"Organization","@id":"https:\/\/btektech.com\/#organization","name":"Btektech","url":"https:\/\/btektech.com\/","logo":{"@type":"ImageObject","inLanguage":"de","@id":"https:\/\/btektech.com\/#\/schema\/logo\/image\/","url":"https:\/\/btektech.com\/wp-content\/uploads\/2021\/08\/btektech-logo.png","contentUrl":"https:\/\/btektech.com\/wp-content\/uploads\/2021\/08\/btektech-logo.png","width":250,"height":114,"caption":"Btektech"},"image":{"@id":"https:\/\/btektech.com\/#\/schema\/logo\/image\/"},"sameAs":["https:\/\/x.com\/Btektech1","https:\/\/www.instagram.com\/btektech\/","https:\/\/www.linkedin.com\/company\/suzhou-baotailong-electronic-materials-co-ltd\/","https:\/\/www.pinterest.com\/btektech\/_saved\/","https:\/\/www.youtube.com\/channel\/UCBiw4Bc4CmQDrdo-QqyVTqQ"]}]}},"_links":{"self":[{"href":"https:\/\/btektech.com\/de\/wp-json\/wp\/v2\/product\/5445","targetHints":{"allow":["GET"]}}],"collection":[{"href":"https:\/\/btektech.com\/de\/wp-json\/wp\/v2\/product"}],"about":[{"href":"https:\/\/btektech.com\/de\/wp-json\/wp\/v2\/types\/product"}],"replies":[{"embeddable":true,"href":"https:\/\/btektech.com\/de\/wp-json\/wp\/v2\/comments?post=5445"}],"version-history":[{"count":0,"href":"https:\/\/btektech.com\/de\/wp-json\/wp\/v2\/product\/5445\/revisions"}],"wp:featuredmedia":[{"embeddable":true,"href":"https:\/\/btektech.com\/de\/wp-json\/wp\/v2\/media\/2215"}],"wp:attachment":[{"href":"https:\/\/btektech.com\/de\/wp-json\/wp\/v2\/media?parent=5445"}],"wp:term":[{"taxonomy":"product_brand","embeddable":true,"href":"https:\/\/btektech.com\/de\/wp-json\/wp\/v2\/product_brand?post=5445"},{"taxonomy":"product_cat","embeddable":true,"href":"https:\/\/btektech.com\/de\/wp-json\/wp\/v2\/product_cat?post=5445"},{"taxonomy":"product_tag","embeddable":true,"href":"https:\/\/btektech.com\/de\/wp-json\/wp\/v2\/product_tag?post=5445"}],"curies":[{"name":"wp","href":"https:\/\/api.w.org\/{rel}","templated":true}]}}