{"id":5437,"date":"2021-09-15T05:44:38","date_gmt":"2022-04-26T16:44:26","guid":{"rendered":"https:\/\/btektech.com\/product\/einohr-nietklemme\/"},"modified":"2022-11-17T09:42:25","modified_gmt":"2022-11-17T09:42:25","slug":"1-ohr-schlauchschelle-niet","status":"publish","type":"product","link":"https:\/\/btektech.com\/de\/product\/1-ohr-schlauchschelle-niet\/","title":{"rendered":"1 Ohr Schlauchschelle Niet"},"content":{"rendered":"<p>Es gibt vorgefertigte Formen f\u00fcr diese 1 Ohr Schlauchschelle Niet , und alle kleinen Gr\u00f6\u00dfen sind ab Lager verf\u00fcgbar \u2013 leichter und billiger in gro\u00dfen Mengen.     Der Umfang des Produkts weist keine Stufen oder L\u00fccken auf. Sie werden in einem konzentrierten hermetischen Kompressionsverfahren hergestellt. Glattkantiger Streifen verhindert Schlauchsch\u00e4den \u2013 ideal f\u00fcr schwierig abzudichtende Anwendungen wie geformte Kunststoffe und Automobilanwendungen.<\/p>\n<div style=\"text-align: center;\">\n<img fetchpriority=\"high\" decoding=\"async\" class=\"alignnone size-medium wp-image-2263\" src=\"https:\/\/btektech.com\/wp-content\/uploads\/2021\/09\/Screenshot-2021-09-15-132624-300x176.jpg\" alt=\"\" width=\"300\" height=\"176\" srcset=\"https:\/\/btektech.com\/wp-content\/uploads\/2021\/09\/Screenshot-2021-09-15-132624-300x176.jpg 300w, https:\/\/btektech.com\/wp-content\/uploads\/2021\/09\/Screenshot-2021-09-15-132624-400x235.jpg 400w, https:\/\/btektech.com\/wp-content\/uploads\/2021\/09\/Screenshot-2021-09-15-132624.jpg 408w\" sizes=\"(max-width: 300px) 100vw, 300px\" \/><img decoding=\"async\" class=\"alignnone size-medium wp-image-2267\" src=\"https:\/\/btektech.com\/wp-content\/uploads\/2021\/09\/single-ear-2021-09-15-132937-300x158.jpg\" alt=\"\" width=\"300\" height=\"158\" srcset=\"https:\/\/btektech.com\/wp-content\/uploads\/2021\/09\/single-ear-2021-09-15-132937-300x158.jpg 300w, https:\/\/btektech.com\/wp-content\/uploads\/2021\/09\/single-ear-2021-09-15-132937.jpg 329w\" sizes=\"(max-width: 300px) 100vw, 300px\" \/><\/div>\n<div style=\"overflow: auto;\">\n<table style=\"text-align: center;\">\n<tbody>\n<tr>\n<th>NEIN.<\/th>\n<th>Spezifikation<\/th>\n<th>Innenohrbreite \uff08mm\uff09<\/th>\n<th>Spannkraft<\/th>\n<th>Gewicht (g)<\/th>\n<\/tr>\n<tr>\n<td>5105<\/td>\n<td>8.8-10.5<\/td>\n<td>5<\/td>\n<td>1200 N<\/td>\n<td>1.45<\/td>\n<\/tr>\n<tr>\n<td>5113<\/td>\n<td>9.6-11.3<\/td>\n<td>6<\/td>\n<td>1200 N<\/td>\n<td>1.46<\/td>\n<\/tr>\n<tr>\n<td>7123<\/td>\n<td>9.8-12.3<\/td>\n<td>6<\/td>\n<td>1200 N<\/td>\n<td>1.47<\/td>\n<\/tr>\n<tr>\n<td>7133<\/td>\n<td>10.8-13.3<\/td>\n<td>6.5<\/td>\n<td>1200 N<\/td>\n<td>1.48<\/td>\n<\/tr>\n<tr>\n<td>7138<\/td>\n<td>11.3-13.8<\/td>\n<td>6<\/td>\n<td>1200 N<\/td>\n<td>1.5<\/td>\n<\/tr>\n<tr>\n<td>7140<\/td>\n<td>11.5-14.0<\/td>\n<td>6.5<\/td>\n<td>1200 N<\/td>\n<td>1.75<\/td>\n<\/tr>\n<tr>\n<td>7145<\/td>\n<td>12.0-14.5<\/td>\n<td>6<\/td>\n<td>1200 N<\/td>\n<td>1.75<\/td>\n<\/tr>\n<tr>\n<td>7157<\/td>\n<td>13.2-15.7<\/td>\n<td>7<\/td>\n<td>1200 N<\/td>\n<td>1.9<\/td>\n<\/tr>\n<tr>\n<td>7170<\/td>\n<td>14.5-17.0<\/td>\n<td>6<\/td>\n<td>1200 N<\/td>\n<td>1.98<\/td>\n<\/tr>\n<tr>\n<td>7185<\/td>\n<td>15.3-18.5<\/td>\n<td>9<\/td>\n<td>2000N<\/td>\n<td>2<\/td>\n<\/tr>\n<tr>\n<td>7192<\/td>\n<td>16.0-19.2<\/td>\n<td>9<\/td>\n<td>2000N<\/td>\n<td>2.1<\/td>\n<\/tr>\n<tr>\n<td>7198<\/td>\n<td>16.6-19.8<\/td>\n<td>9<\/td>\n<td>2000N<\/td>\n<td>2.1<\/td>\n<\/tr>\n<tr>\n<td>7210<\/td>\n<td>17.8-21.0<\/td>\n<td>9<\/td>\n<td>2000N<\/td>\n<td>2.26<\/td>\n<\/tr>\n<tr>\n<td>7226<\/td>\n<td>19.4-22.6<\/td>\n<td>9<\/td>\n<td>2000N<\/td>\n<td>2.42<\/td>\n<\/tr>\n<tr>\n<td>7241<\/td>\n<td>20.9-24.1<\/td>\n<td>9<\/td>\n<td>2000N<\/td>\n<td>2.58<\/td>\n<\/tr>\n<tr>\n<td>7256<\/td>\n<td>22.4-25.6<\/td>\n<td>9<\/td>\n<td>2000N<\/td>\n<td>2.74<\/td>\n<\/tr>\n<tr>\n<td>7271<\/td>\n<td>23.9-27.1<\/td>\n<td>10<\/td>\n<td>2000N<\/td>\n<td>2.9<\/td>\n<\/tr>\n<tr>\n<td>7286<\/td>\n<td>25.4-28.6<\/td>\n<td>10<\/td>\n<td>2000N<\/td>\n<td>3.06<\/td>\n<\/tr>\n<tr>\n<td>7301<\/td>\n<td>26.9-30.1<\/td>\n<td>10<\/td>\n<td>2000N<\/td>\n<td>3.22<\/td>\n<\/tr>\n<tr>\n<td>7316<\/td>\n<td>28.4-31.6<\/td>\n<td>10<\/td>\n<td>2000N<\/td>\n<td>3.38<\/td>\n<\/tr>\n<tr>\n<td>7331<\/td>\n<td>29.9-33.1<\/td>\n<td>10<\/td>\n<td>2000N<\/td>\n<td>3.54<\/td>\n<\/tr>\n<\/tbody>\n<\/table>\n<\/div>\n","protected":false},"excerpt":{"rendered":"<p>Die 1 Ohr Schlauchschelle Niet wird h\u00e4ufig f\u00fcr die allgemeine Verbindung des Schlauchs mit zu harten Rohren verwendet, z. B. Kraftstofffilter, Autoschl\u00e4uche, Pumpen, K\u00fchlschl\u00e4uche, CV-Anschl\u00fcsse, Hydrauliksysteme, mechanische Ger\u00e4te usw 360\u00b0 stufenloses Design.<\/p>\n","protected":false},"featured_media":2271,"comment_status":"open","ping_status":"closed","template":"","meta":{"_acf_changed":false},"product_brand":[],"product_cat":[139],"product_tag":[],"class_list":{"0":"post-5437","1":"product","2":"type-product","3":"status-publish","4":"has-post-thumbnail","6":"product_cat-schlauchschellen","8":"first","9":"instock","10":"shipping-taxable","11":"product-type-simple"},"acf":[],"yoast_head":"<!-- This site is optimized with the Yoast SEO plugin v26.0 - https:\/\/yoast.com\/wordpress\/plugins\/seo\/ -->\n<title>1 Ohr Schlauchschelle Niet - Btektech<\/title>\n<meta name=\"description\" content=\"Die 1 Ohr Schlauchschelle Niet wird h\u00e4ufig f\u00fcr die allgemeine Verbindung des Schlauchs mit zu harten Rohren verwendet, z. B. Kraftstofffilter.\" \/>\n<meta name=\"robots\" content=\"index, follow, max-snippet:-1, max-image-preview:large, max-video-preview:-1\" \/>\n<link rel=\"canonical\" href=\"https:\/\/btektech.com\/de\/product\/1-ohr-schlauchschelle-niet\/\" \/>\n<meta property=\"og:locale\" content=\"de_DE\" \/>\n<meta property=\"og:type\" content=\"article\" \/>\n<meta property=\"og:title\" content=\"1 Ohr Schlauchschelle Niet - Btektech\" \/>\n<meta property=\"og:description\" content=\"Die 1 Ohr Schlauchschelle Niet wird h\u00e4ufig f\u00fcr die allgemeine Verbindung des Schlauchs mit zu harten Rohren verwendet, z. B. Kraftstofffilter.\" \/>\n<meta property=\"og:url\" content=\"https:\/\/btektech.com\/de\/product\/1-ohr-schlauchschelle-niet\/\" \/>\n<meta property=\"og:site_name\" content=\"Btektech\" \/>\n<meta property=\"article:modified_time\" content=\"2022-11-17T09:42:25+00:00\" \/>\n<meta property=\"og:image\" content=\"https:\/\/btektech.com\/wp-content\/uploads\/2021\/09\/Single-ear-2021-09-15-132754.jpg\" \/>\n\t<meta property=\"og:image:width\" content=\"220\" \/>\n\t<meta property=\"og:image:height\" content=\"220\" \/>\n\t<meta property=\"og:image:type\" content=\"image\/jpeg\" \/>\n<meta name=\"twitter:card\" content=\"summary_large_image\" \/>\n<meta name=\"twitter:site\" content=\"@Btektech1\" \/>\n<meta name=\"twitter:label1\" content=\"Gesch\u00e4tzte Lesezeit\" \/>\n\t<meta name=\"twitter:data1\" content=\"2\u00a0Minuten\" \/>\n<script type=\"application\/ld+json\" class=\"yoast-schema-graph\">{\"@context\":\"https:\/\/schema.org\",\"@graph\":[{\"@type\":[\"WebPage\",\"ItemPage\"],\"@id\":\"https:\/\/btektech.com\/de\/product\/1-ohr-schlauchschelle-niet\/\",\"url\":\"https:\/\/btektech.com\/de\/product\/1-ohr-schlauchschelle-niet\/\",\"name\":\"1 Ohr Schlauchschelle Niet - Btektech\",\"isPartOf\":{\"@id\":\"https:\/\/btektech.com\/#website\"},\"primaryImageOfPage\":{\"@id\":\"https:\/\/btektech.com\/de\/product\/1-ohr-schlauchschelle-niet\/#primaryimage\"},\"image\":{\"@id\":\"https:\/\/btektech.com\/de\/product\/1-ohr-schlauchschelle-niet\/#primaryimage\"},\"thumbnailUrl\":\"https:\/\/btektech.com\/wp-content\/uploads\/2021\/09\/Single-ear-2021-09-15-132754.jpg\",\"datePublished\":\"2022-04-26T16:44:26+00:00\",\"dateModified\":\"2022-11-17T09:42:25+00:00\",\"description\":\"Die 1 Ohr Schlauchschelle Niet wird h\u00e4ufig f\u00fcr die allgemeine Verbindung des Schlauchs mit zu harten Rohren verwendet, z. B. Kraftstofffilter.\",\"breadcrumb\":{\"@id\":\"https:\/\/btektech.com\/de\/product\/1-ohr-schlauchschelle-niet\/#breadcrumb\"},\"inLanguage\":\"de\",\"potentialAction\":[{\"@type\":\"ReadAction\",\"target\":[\"https:\/\/btektech.com\/de\/product\/1-ohr-schlauchschelle-niet\/\"]}]},{\"@type\":\"ImageObject\",\"inLanguage\":\"de\",\"@id\":\"https:\/\/btektech.com\/de\/product\/1-ohr-schlauchschelle-niet\/#primaryimage\",\"url\":\"https:\/\/btektech.com\/wp-content\/uploads\/2021\/09\/Single-ear-2021-09-15-132754.jpg\",\"contentUrl\":\"https:\/\/btektech.com\/wp-content\/uploads\/2021\/09\/Single-ear-2021-09-15-132754.jpg\",\"width\":220,\"height\":220,\"caption\":\"1 Ohr Schlauchschelle Niet\"},{\"@type\":\"BreadcrumbList\",\"@id\":\"https:\/\/btektech.com\/de\/product\/1-ohr-schlauchschelle-niet\/#breadcrumb\",\"itemListElement\":[{\"@type\":\"ListItem\",\"position\":1,\"name\":\"Home\",\"item\":\"https:\/\/btektech.com\/de\/\"},{\"@type\":\"ListItem\",\"position\":2,\"name\":\"\u00dcr\u00fcnler\",\"item\":\"https:\/\/btektech.com\/tr\/shop\/\"},{\"@type\":\"ListItem\",\"position\":3,\"name\":\"Heavy-Duty &amp; Industrial Hose Clamps\",\"item\":\"https:\/\/btektech.com\/product-category\/heavy-duty-and-industrial-hose-clamps\/\"},{\"@type\":\"ListItem\",\"position\":4,\"name\":\"1 Ohr Schlauchschelle Niet\"}]},{\"@type\":\"WebSite\",\"@id\":\"https:\/\/btektech.com\/#website\",\"url\":\"https:\/\/btektech.com\/\",\"name\":\"Btektech\",\"description\":\"\",\"publisher\":{\"@id\":\"https:\/\/btektech.com\/#organization\"},\"potentialAction\":[{\"@type\":\"SearchAction\",\"target\":{\"@type\":\"EntryPoint\",\"urlTemplate\":\"https:\/\/btektech.com\/?s={search_term_string}\"},\"query-input\":{\"@type\":\"PropertyValueSpecification\",\"valueRequired\":true,\"valueName\":\"search_term_string\"}}],\"inLanguage\":\"de\"},{\"@type\":\"Organization\",\"@id\":\"https:\/\/btektech.com\/#organization\",\"name\":\"Btektech\",\"url\":\"https:\/\/btektech.com\/\",\"logo\":{\"@type\":\"ImageObject\",\"inLanguage\":\"de\",\"@id\":\"https:\/\/btektech.com\/#\/schema\/logo\/image\/\",\"url\":\"https:\/\/btektech.com\/wp-content\/uploads\/2021\/08\/btektech-logo.png\",\"contentUrl\":\"https:\/\/btektech.com\/wp-content\/uploads\/2021\/08\/btektech-logo.png\",\"width\":250,\"height\":114,\"caption\":\"Btektech\"},\"image\":{\"@id\":\"https:\/\/btektech.com\/#\/schema\/logo\/image\/\"},\"sameAs\":[\"https:\/\/x.com\/Btektech1\",\"https:\/\/www.instagram.com\/btektech\/\",\"https:\/\/www.linkedin.com\/company\/suzhou-baotailong-electronic-materials-co-ltd\/\",\"https:\/\/www.pinterest.com\/btektech\/_saved\/\",\"https:\/\/www.youtube.com\/channel\/UCBiw4Bc4CmQDrdo-QqyVTqQ\"]}]}<\/script>\n<!-- \/ Yoast SEO plugin. -->","yoast_head_json":{"title":"1 Ohr Schlauchschelle Niet - Btektech","description":"Die 1 Ohr Schlauchschelle Niet wird h\u00e4ufig f\u00fcr die allgemeine Verbindung des Schlauchs mit zu harten Rohren verwendet, z. B. Kraftstofffilter.","robots":{"index":"index","follow":"follow","max-snippet":"max-snippet:-1","max-image-preview":"max-image-preview:large","max-video-preview":"max-video-preview:-1"},"canonical":"https:\/\/btektech.com\/de\/product\/1-ohr-schlauchschelle-niet\/","og_locale":"de_DE","og_type":"article","og_title":"1 Ohr Schlauchschelle Niet - Btektech","og_description":"Die 1 Ohr Schlauchschelle Niet wird h\u00e4ufig f\u00fcr die allgemeine Verbindung des Schlauchs mit zu harten Rohren verwendet, z. B. Kraftstofffilter.","og_url":"https:\/\/btektech.com\/de\/product\/1-ohr-schlauchschelle-niet\/","og_site_name":"Btektech","article_modified_time":"2022-11-17T09:42:25+00:00","og_image":[{"width":220,"height":220,"url":"https:\/\/btektech.com\/wp-content\/uploads\/2021\/09\/Single-ear-2021-09-15-132754.jpg","type":"image\/jpeg"}],"twitter_card":"summary_large_image","twitter_site":"@Btektech1","twitter_misc":{"Gesch\u00e4tzte Lesezeit":"2\u00a0Minuten"},"schema":{"@context":"https:\/\/schema.org","@graph":[{"@type":["WebPage","ItemPage"],"@id":"https:\/\/btektech.com\/de\/product\/1-ohr-schlauchschelle-niet\/","url":"https:\/\/btektech.com\/de\/product\/1-ohr-schlauchschelle-niet\/","name":"1 Ohr Schlauchschelle Niet - Btektech","isPartOf":{"@id":"https:\/\/btektech.com\/#website"},"primaryImageOfPage":{"@id":"https:\/\/btektech.com\/de\/product\/1-ohr-schlauchschelle-niet\/#primaryimage"},"image":{"@id":"https:\/\/btektech.com\/de\/product\/1-ohr-schlauchschelle-niet\/#primaryimage"},"thumbnailUrl":"https:\/\/btektech.com\/wp-content\/uploads\/2021\/09\/Single-ear-2021-09-15-132754.jpg","datePublished":"2022-04-26T16:44:26+00:00","dateModified":"2022-11-17T09:42:25+00:00","description":"Die 1 Ohr Schlauchschelle Niet wird h\u00e4ufig f\u00fcr die allgemeine Verbindung des Schlauchs mit zu harten Rohren verwendet, z. B. Kraftstofffilter.","breadcrumb":{"@id":"https:\/\/btektech.com\/de\/product\/1-ohr-schlauchschelle-niet\/#breadcrumb"},"inLanguage":"de","potentialAction":[{"@type":"ReadAction","target":["https:\/\/btektech.com\/de\/product\/1-ohr-schlauchschelle-niet\/"]}]},{"@type":"ImageObject","inLanguage":"de","@id":"https:\/\/btektech.com\/de\/product\/1-ohr-schlauchschelle-niet\/#primaryimage","url":"https:\/\/btektech.com\/wp-content\/uploads\/2021\/09\/Single-ear-2021-09-15-132754.jpg","contentUrl":"https:\/\/btektech.com\/wp-content\/uploads\/2021\/09\/Single-ear-2021-09-15-132754.jpg","width":220,"height":220,"caption":"1 Ohr Schlauchschelle Niet"},{"@type":"BreadcrumbList","@id":"https:\/\/btektech.com\/de\/product\/1-ohr-schlauchschelle-niet\/#breadcrumb","itemListElement":[{"@type":"ListItem","position":1,"name":"Home","item":"https:\/\/btektech.com\/de\/"},{"@type":"ListItem","position":2,"name":"\u00dcr\u00fcnler","item":"https:\/\/btektech.com\/tr\/shop\/"},{"@type":"ListItem","position":3,"name":"Heavy-Duty &amp; Industrial Hose Clamps","item":"https:\/\/btektech.com\/product-category\/heavy-duty-and-industrial-hose-clamps\/"},{"@type":"ListItem","position":4,"name":"1 Ohr Schlauchschelle Niet"}]},{"@type":"WebSite","@id":"https:\/\/btektech.com\/#website","url":"https:\/\/btektech.com\/","name":"Btektech","description":"","publisher":{"@id":"https:\/\/btektech.com\/#organization"},"potentialAction":[{"@type":"SearchAction","target":{"@type":"EntryPoint","urlTemplate":"https:\/\/btektech.com\/?s={search_term_string}"},"query-input":{"@type":"PropertyValueSpecification","valueRequired":true,"valueName":"search_term_string"}}],"inLanguage":"de"},{"@type":"Organization","@id":"https:\/\/btektech.com\/#organization","name":"Btektech","url":"https:\/\/btektech.com\/","logo":{"@type":"ImageObject","inLanguage":"de","@id":"https:\/\/btektech.com\/#\/schema\/logo\/image\/","url":"https:\/\/btektech.com\/wp-content\/uploads\/2021\/08\/btektech-logo.png","contentUrl":"https:\/\/btektech.com\/wp-content\/uploads\/2021\/08\/btektech-logo.png","width":250,"height":114,"caption":"Btektech"},"image":{"@id":"https:\/\/btektech.com\/#\/schema\/logo\/image\/"},"sameAs":["https:\/\/x.com\/Btektech1","https:\/\/www.instagram.com\/btektech\/","https:\/\/www.linkedin.com\/company\/suzhou-baotailong-electronic-materials-co-ltd\/","https:\/\/www.pinterest.com\/btektech\/_saved\/","https:\/\/www.youtube.com\/channel\/UCBiw4Bc4CmQDrdo-QqyVTqQ"]}]}},"_links":{"self":[{"href":"https:\/\/btektech.com\/de\/wp-json\/wp\/v2\/product\/5437","targetHints":{"allow":["GET"]}}],"collection":[{"href":"https:\/\/btektech.com\/de\/wp-json\/wp\/v2\/product"}],"about":[{"href":"https:\/\/btektech.com\/de\/wp-json\/wp\/v2\/types\/product"}],"replies":[{"embeddable":true,"href":"https:\/\/btektech.com\/de\/wp-json\/wp\/v2\/comments?post=5437"}],"version-history":[{"count":0,"href":"https:\/\/btektech.com\/de\/wp-json\/wp\/v2\/product\/5437\/revisions"}],"wp:featuredmedia":[{"embeddable":true,"href":"https:\/\/btektech.com\/de\/wp-json\/wp\/v2\/media\/2271"}],"wp:attachment":[{"href":"https:\/\/btektech.com\/de\/wp-json\/wp\/v2\/media?parent=5437"}],"wp:term":[{"taxonomy":"product_brand","embeddable":true,"href":"https:\/\/btektech.com\/de\/wp-json\/wp\/v2\/product_brand?post=5437"},{"taxonomy":"product_cat","embeddable":true,"href":"https:\/\/btektech.com\/de\/wp-json\/wp\/v2\/product_cat?post=5437"},{"taxonomy":"product_tag","embeddable":true,"href":"https:\/\/btektech.com\/de\/wp-json\/wp\/v2\/product_tag?post=5437"}],"curies":[{"name":"wp","href":"https:\/\/api.w.org\/{rel}","templated":true}]}}