{"id":5417,"date":"2021-09-15T09:34:16","date_gmt":"2022-04-25T18:00:11","guid":{"rendered":"https:\/\/btektech.com\/product\/edelstahlklemme\/"},"modified":"2022-11-21T01:46:53","modified_gmt":"2022-11-21T01:46:53","slug":"pex-kupfer-crimp-ring","status":"publish","type":"product","link":"https:\/\/btektech.com\/de\/product\/pex-kupfer-crimp-ring\/","title":{"rendered":"Pex Kupfer Crimp Ring"},"content":{"rendered":"<p>Der Pex Kupfer Crimp Ring hat beste dynamische Balance-Effekt, keine Rauminterferenz. Eine spezielle Kantenbehandlung reduziert das Risiko von Oberfl\u00e4chenbesch\u00e4digungen. Aus Edelstahl mit besseren mechanischen Eigenschaften. Pex Crimp Ring aus Kupfer oder Edelstahl sind f\u00fcr Warm- und Kaltwasseranwendungen zertifiziert. Zur Verwendung mit anderen Schlauchschellen, ausgelegt auf Langlebigkeit und Strapazierf\u00e4higkeit.<br \/>\nPex Kupfer Crimp Ringe werden h\u00e4ufig in Automobilen verwendet, insbesondere bei Antriebswellen, Schl\u00e4uchen, Schalthebeln, Kabelb\u00e4umen usw. Edelstahlkonstruktion f\u00fcr Langlebigkeit Schnelle und einfache Installation Voller Materialquerschnitt \u00fcber 360\u00b0 flexible Reduzierbaugruppe geringe H\u00f6he.<\/p>\n<div style=\"text-align:center;\">\n<img fetchpriority=\"high\" decoding=\"async\" class=\"alignnone size-medium wp-image-2311\" src=\"https:\/\/btektech.com\/wp-content\/uploads\/2021\/09\/Screenshot-2021-09-15-161944-300x203.jpg\" alt=\"\" width=\"300\" height=\"203\" srcset=\"https:\/\/btektech.com\/wp-content\/uploads\/2021\/09\/Screenshot-2021-09-15-161944-300x203.jpg 300w, https:\/\/btektech.com\/wp-content\/uploads\/2021\/09\/Screenshot-2021-09-15-161944.jpg 384w\" sizes=\"(max-width: 300px) 100vw, 300px\" \/>\n<\/div>\n<div style=\"overflow: auto;\">\n<table style=\"text-align: center;\">\n<tbody>\n<caption style=\"font-weight: 600;font-size:30px;\">Gro\u00dfe Messger\u00e4te verwenden h\u00e4ufig Messger\u00e4tetabellen:<\/caption>\n<tr>\n<td>Spezifikation<\/td>\n<td>Spannbereich<\/td>\n<\/tr>\n<tr>\n<td>52.5<\/td>\n<td>46.5-52<\/td>\n<\/tr>\n<tr>\n<td>53<\/td>\n<td>47-52.5<\/td>\n<\/tr>\n<tr>\n<td>53.5<\/td>\n<td>47.5-53<\/td>\n<\/tr>\n<tr>\n<td>54<\/td>\n<td>48-53.5<\/td>\n<\/tr>\n<tr>\n<td>54.5<\/td>\n<td>48.5-54<\/td>\n<\/tr>\n<tr>\n<td>55<\/td>\n<td>49-54.5<\/td>\n<\/tr>\n<tr>\n<td>55.5<\/td>\n<td>49.5-55<\/td>\n<\/tr>\n<tr>\n<td>56<\/td>\n<td>50-55.5<\/td>\n<\/tr>\n<tr>\n<td>56.5<\/td>\n<td>50.5-56<\/td>\n<\/tr>\n<tr>\n<td>57<\/td>\n<td>51-56.5<\/td>\n<\/tr>\n<tr>\n<td>57.5<\/td>\n<td>51.5-57<\/td>\n<\/tr>\n<tr>\n<td>58<\/td>\n<td>52-57.5<\/td>\n<\/tr>\n<tr>\n<td>58.5<\/td>\n<td>52.5-58<\/td>\n<\/tr>\n<tr>\n<td>59<\/td>\n<td>53-58.5<\/td>\n<\/tr>\n<tr>\n<td>59.5<\/td>\n<td>53.5-59<\/td>\n<\/tr>\n<tr>\n<td>60<\/td>\n<td>54-59.5<\/td>\n<\/tr>\n<tr>\n<td>60.5<\/td>\n<td>54.5-60<\/td>\n<\/tr>\n<tr>\n<td>61<\/td>\n<td>55-60.5<\/td>\n<\/tr>\n<tr>\n<td>61.5<\/td>\n<td>55.5-61<\/td>\n<\/tr>\n<tr>\n<td>62<\/td>\n<td>56-61.5<\/td>\n<\/tr>\n<tr>\n<td>62.5<\/td>\n<td>56.5-62<\/td>\n<\/tr>\n<tr>\n<td>63<\/td>\n<td>57-62.5<\/td>\n<\/tr>\n<\/tbody>\n<\/table>\n<\/div>\n<p>&nbsp;<\/p>\n<div style=\"overflow: auto;\">\n<table style=\"text-align: center;\">\n<tbody>\n<caption style=\"font-weight: 600;font-size:30px;\">kleine Messger\u00e4te verwenden h\u00e4ufig Messger\u00e4tetabellen:<\/caption>\n<tr>\n<th>Spezifikation<\/th>\n<th>Spannbereich<\/th>\n<\/tr>\n<tr>\n<td>28<\/td>\n<td>23-27.5<\/td>\n<\/tr>\n<tr>\n<td>29<\/td>\n<td>24-28.5<\/td>\n<\/tr>\n<tr>\n<td>30<\/td>\n<td>25-29.5<\/td>\n<\/tr>\n<tr>\n<td>31<\/td>\n<td>26-30.5<\/td>\n<\/tr>\n<tr>\n<td>32<\/td>\n<td>27-31.5<\/td>\n<\/tr>\n<tr>\n<td>33<\/td>\n<td>28-32.5<\/td>\n<\/tr>\n<tr>\n<td>34<\/td>\n<td>29-33.5<\/td>\n<\/tr>\n<tr>\n<td>35<\/td>\n<td>30-34.5<\/td>\n<\/tr>\n<tr>\n<td>36<\/td>\n<td>31-35.5<\/td>\n<\/tr>\n<tr>\n<td>37<\/td>\n<td>32-36.5<\/td>\n<\/tr>\n<tr>\n<td>38<\/td>\n<td>33-37.5<\/td>\n<\/tr>\n<tr>\n<td>39<\/td>\n<td>34-38.5<\/td>\n<\/tr>\n<tr>\n<td>40<\/td>\n<td>35-39.5<\/td>\n<\/tr>\n<tr>\n<td>41<\/td>\n<td>35-40.5<\/td>\n<\/tr>\n<tr>\n<td>42<\/td>\n<td>36-41.5<\/td>\n<\/tr>\n<tr>\n<td>43<\/td>\n<td>37-42.5<\/td>\n<\/tr>\n<tr>\n<td>44<\/td>\n<td>38-43.5<\/td>\n<\/tr>\n<\/tbody>\n<\/table>\n<\/div>\n","protected":false},"excerpt":{"rendered":"<p>Der Pex Kupfer Crimp Ring nimmt 360-Grad-Rundumdichtung: Umfangsfl\u00e4che, dadurch Druckausgleich. Schrumpfung des flexiblen Durchmessers: gro\u00dfer radialer Druck, daher ist die Installation sehr bequem.<\/p>\n","protected":false},"featured_media":2319,"comment_status":"open","ping_status":"closed","template":"","meta":{"_acf_changed":false},"product_brand":[],"product_cat":[139],"product_tag":[],"class_list":{"0":"post-5417","1":"product","2":"type-product","3":"status-publish","4":"has-post-thumbnail","6":"product_cat-schlauchschellen","8":"first","9":"instock","10":"shipping-taxable","11":"product-type-simple"},"acf":[],"yoast_head":"<!-- This site is optimized with the Yoast SEO plugin v26.0 - https:\/\/yoast.com\/wordpress\/plugins\/seo\/ -->\n<title>Pex Kupfer Crimp Ring - Btektech<\/title>\n<meta name=\"description\" content=\"Der Pex Kupfer Crimp Ring nimmt 360-Grad-Rundumdichtung: Umfangsfl\u00e4che, dadurch Druckausgleich. Schrumpfung des flexiblen Durchmessers: gro\u00dfer radialer Druck, daher ist die Installation sehr bequem.\" \/>\n<meta name=\"robots\" content=\"index, follow, max-snippet:-1, max-image-preview:large, max-video-preview:-1\" \/>\n<link rel=\"canonical\" href=\"https:\/\/btektech.com\/de\/product\/pex-kupfer-crimp-ring\/\" \/>\n<meta property=\"og:locale\" content=\"de_DE\" \/>\n<meta property=\"og:type\" content=\"article\" \/>\n<meta property=\"og:title\" content=\"Pex Kupfer Crimp Ring - Btektech\" \/>\n<meta property=\"og:description\" content=\"Der Pex Kupfer Crimp Ring nimmt 360-Grad-Rundumdichtung: Umfangsfl\u00e4che, dadurch Druckausgleich. Schrumpfung des flexiblen Durchmessers: gro\u00dfer radialer Druck, daher ist die Installation sehr bequem.\" \/>\n<meta property=\"og:url\" content=\"https:\/\/btektech.com\/de\/product\/pex-kupfer-crimp-ring\/\" \/>\n<meta property=\"og:site_name\" content=\"Btektech\" \/>\n<meta property=\"article:modified_time\" content=\"2022-11-21T01:46:53+00:00\" \/>\n<meta property=\"og:image\" content=\"https:\/\/btektech.com\/wp-content\/uploads\/2021\/09\/SSC1.jpg\" \/>\n\t<meta property=\"og:image:width\" content=\"800\" \/>\n\t<meta property=\"og:image:height\" content=\"800\" \/>\n\t<meta property=\"og:image:type\" content=\"image\/jpeg\" \/>\n<meta name=\"twitter:card\" content=\"summary_large_image\" \/>\n<meta name=\"twitter:site\" content=\"@Btektech1\" \/>\n<meta name=\"twitter:label1\" content=\"Gesch\u00e4tzte Lesezeit\" \/>\n\t<meta name=\"twitter:data1\" content=\"1\u00a0Minute\" \/>\n<script type=\"application\/ld+json\" class=\"yoast-schema-graph\">{\"@context\":\"https:\/\/schema.org\",\"@graph\":[{\"@type\":[\"WebPage\",\"ItemPage\"],\"@id\":\"https:\/\/btektech.com\/de\/product\/pex-kupfer-crimp-ring\/\",\"url\":\"https:\/\/btektech.com\/de\/product\/pex-kupfer-crimp-ring\/\",\"name\":\"Pex Kupfer Crimp Ring - Btektech\",\"isPartOf\":{\"@id\":\"https:\/\/btektech.com\/#website\"},\"primaryImageOfPage\":{\"@id\":\"https:\/\/btektech.com\/de\/product\/pex-kupfer-crimp-ring\/#primaryimage\"},\"image\":{\"@id\":\"https:\/\/btektech.com\/de\/product\/pex-kupfer-crimp-ring\/#primaryimage\"},\"thumbnailUrl\":\"https:\/\/btektech.com\/wp-content\/uploads\/2021\/09\/SSC1.jpg\",\"datePublished\":\"2022-04-25T18:00:11+00:00\",\"dateModified\":\"2022-11-21T01:46:53+00:00\",\"description\":\"Der Pex Kupfer Crimp Ring nimmt 360-Grad-Rundumdichtung: Umfangsfl\u00e4che, dadurch Druckausgleich. Schrumpfung des flexiblen Durchmessers: gro\u00dfer radialer Druck, daher ist die Installation sehr bequem.\",\"breadcrumb\":{\"@id\":\"https:\/\/btektech.com\/de\/product\/pex-kupfer-crimp-ring\/#breadcrumb\"},\"inLanguage\":\"de\",\"potentialAction\":[{\"@type\":\"ReadAction\",\"target\":[\"https:\/\/btektech.com\/de\/product\/pex-kupfer-crimp-ring\/\"]}]},{\"@type\":\"ImageObject\",\"inLanguage\":\"de\",\"@id\":\"https:\/\/btektech.com\/de\/product\/pex-kupfer-crimp-ring\/#primaryimage\",\"url\":\"https:\/\/btektech.com\/wp-content\/uploads\/2021\/09\/SSC1.jpg\",\"contentUrl\":\"https:\/\/btektech.com\/wp-content\/uploads\/2021\/09\/SSC1.jpg\",\"width\":800,\"height\":800,\"caption\":\"Pex Kupfer Crimp Ring\"},{\"@type\":\"BreadcrumbList\",\"@id\":\"https:\/\/btektech.com\/de\/product\/pex-kupfer-crimp-ring\/#breadcrumb\",\"itemListElement\":[{\"@type\":\"ListItem\",\"position\":1,\"name\":\"Home\",\"item\":\"https:\/\/btektech.com\/de\/home-2\/\"},{\"@type\":\"ListItem\",\"position\":2,\"name\":\"\u00dcr\u00fcnler\",\"item\":\"https:\/\/btektech.com\/tr\/shop\/\"},{\"@type\":\"ListItem\",\"position\":3,\"name\":\"Heavy-Duty &amp; Industrial Hose Clamps\",\"item\":\"https:\/\/btektech.com\/product-category\/heavy-duty-and-industrial-hose-clamps\/\"},{\"@type\":\"ListItem\",\"position\":4,\"name\":\"Pex Kupfer Crimp Ring\"}]},{\"@type\":\"WebSite\",\"@id\":\"https:\/\/btektech.com\/#website\",\"url\":\"https:\/\/btektech.com\/\",\"name\":\"Btektech\",\"description\":\"\",\"publisher\":{\"@id\":\"https:\/\/btektech.com\/#organization\"},\"potentialAction\":[{\"@type\":\"SearchAction\",\"target\":{\"@type\":\"EntryPoint\",\"urlTemplate\":\"https:\/\/btektech.com\/?s={search_term_string}\"},\"query-input\":{\"@type\":\"PropertyValueSpecification\",\"valueRequired\":true,\"valueName\":\"search_term_string\"}}],\"inLanguage\":\"de\"},{\"@type\":\"Organization\",\"@id\":\"https:\/\/btektech.com\/#organization\",\"name\":\"Btektech\",\"url\":\"https:\/\/btektech.com\/\",\"logo\":{\"@type\":\"ImageObject\",\"inLanguage\":\"de\",\"@id\":\"https:\/\/btektech.com\/#\/schema\/logo\/image\/\",\"url\":\"https:\/\/btektech.com\/wp-content\/uploads\/2021\/08\/btektech-logo.png\",\"contentUrl\":\"https:\/\/btektech.com\/wp-content\/uploads\/2021\/08\/btektech-logo.png\",\"width\":250,\"height\":114,\"caption\":\"Btektech\"},\"image\":{\"@id\":\"https:\/\/btektech.com\/#\/schema\/logo\/image\/\"},\"sameAs\":[\"https:\/\/x.com\/Btektech1\",\"https:\/\/www.instagram.com\/btektech\/\",\"https:\/\/www.linkedin.com\/company\/suzhou-baotailong-electronic-materials-co-ltd\/\",\"https:\/\/www.pinterest.com\/btektech\/_saved\/\",\"https:\/\/www.youtube.com\/channel\/UCBiw4Bc4CmQDrdo-QqyVTqQ\"]}]}<\/script>\n<!-- \/ Yoast SEO plugin. -->","yoast_head_json":{"title":"Pex Kupfer Crimp Ring - Btektech","description":"Der Pex Kupfer Crimp Ring nimmt 360-Grad-Rundumdichtung: Umfangsfl\u00e4che, dadurch Druckausgleich. Schrumpfung des flexiblen Durchmessers: gro\u00dfer radialer Druck, daher ist die Installation sehr bequem.","robots":{"index":"index","follow":"follow","max-snippet":"max-snippet:-1","max-image-preview":"max-image-preview:large","max-video-preview":"max-video-preview:-1"},"canonical":"https:\/\/btektech.com\/de\/product\/pex-kupfer-crimp-ring\/","og_locale":"de_DE","og_type":"article","og_title":"Pex Kupfer Crimp Ring - Btektech","og_description":"Der Pex Kupfer Crimp Ring nimmt 360-Grad-Rundumdichtung: Umfangsfl\u00e4che, dadurch Druckausgleich. Schrumpfung des flexiblen Durchmessers: gro\u00dfer radialer Druck, daher ist die Installation sehr bequem.","og_url":"https:\/\/btektech.com\/de\/product\/pex-kupfer-crimp-ring\/","og_site_name":"Btektech","article_modified_time":"2022-11-21T01:46:53+00:00","og_image":[{"width":800,"height":800,"url":"https:\/\/btektech.com\/wp-content\/uploads\/2021\/09\/SSC1.jpg","type":"image\/jpeg"}],"twitter_card":"summary_large_image","twitter_site":"@Btektech1","twitter_misc":{"Gesch\u00e4tzte Lesezeit":"1\u00a0Minute"},"schema":{"@context":"https:\/\/schema.org","@graph":[{"@type":["WebPage","ItemPage"],"@id":"https:\/\/btektech.com\/de\/product\/pex-kupfer-crimp-ring\/","url":"https:\/\/btektech.com\/de\/product\/pex-kupfer-crimp-ring\/","name":"Pex Kupfer Crimp Ring - Btektech","isPartOf":{"@id":"https:\/\/btektech.com\/#website"},"primaryImageOfPage":{"@id":"https:\/\/btektech.com\/de\/product\/pex-kupfer-crimp-ring\/#primaryimage"},"image":{"@id":"https:\/\/btektech.com\/de\/product\/pex-kupfer-crimp-ring\/#primaryimage"},"thumbnailUrl":"https:\/\/btektech.com\/wp-content\/uploads\/2021\/09\/SSC1.jpg","datePublished":"2022-04-25T18:00:11+00:00","dateModified":"2022-11-21T01:46:53+00:00","description":"Der Pex Kupfer Crimp Ring nimmt 360-Grad-Rundumdichtung: Umfangsfl\u00e4che, dadurch Druckausgleich. Schrumpfung des flexiblen Durchmessers: gro\u00dfer radialer Druck, daher ist die Installation sehr bequem.","breadcrumb":{"@id":"https:\/\/btektech.com\/de\/product\/pex-kupfer-crimp-ring\/#breadcrumb"},"inLanguage":"de","potentialAction":[{"@type":"ReadAction","target":["https:\/\/btektech.com\/de\/product\/pex-kupfer-crimp-ring\/"]}]},{"@type":"ImageObject","inLanguage":"de","@id":"https:\/\/btektech.com\/de\/product\/pex-kupfer-crimp-ring\/#primaryimage","url":"https:\/\/btektech.com\/wp-content\/uploads\/2021\/09\/SSC1.jpg","contentUrl":"https:\/\/btektech.com\/wp-content\/uploads\/2021\/09\/SSC1.jpg","width":800,"height":800,"caption":"Pex Kupfer Crimp Ring"},{"@type":"BreadcrumbList","@id":"https:\/\/btektech.com\/de\/product\/pex-kupfer-crimp-ring\/#breadcrumb","itemListElement":[{"@type":"ListItem","position":1,"name":"Home","item":"https:\/\/btektech.com\/de\/home-2\/"},{"@type":"ListItem","position":2,"name":"\u00dcr\u00fcnler","item":"https:\/\/btektech.com\/tr\/shop\/"},{"@type":"ListItem","position":3,"name":"Heavy-Duty &amp; Industrial Hose Clamps","item":"https:\/\/btektech.com\/product-category\/heavy-duty-and-industrial-hose-clamps\/"},{"@type":"ListItem","position":4,"name":"Pex Kupfer Crimp Ring"}]},{"@type":"WebSite","@id":"https:\/\/btektech.com\/#website","url":"https:\/\/btektech.com\/","name":"Btektech","description":"","publisher":{"@id":"https:\/\/btektech.com\/#organization"},"potentialAction":[{"@type":"SearchAction","target":{"@type":"EntryPoint","urlTemplate":"https:\/\/btektech.com\/?s={search_term_string}"},"query-input":{"@type":"PropertyValueSpecification","valueRequired":true,"valueName":"search_term_string"}}],"inLanguage":"de"},{"@type":"Organization","@id":"https:\/\/btektech.com\/#organization","name":"Btektech","url":"https:\/\/btektech.com\/","logo":{"@type":"ImageObject","inLanguage":"de","@id":"https:\/\/btektech.com\/#\/schema\/logo\/image\/","url":"https:\/\/btektech.com\/wp-content\/uploads\/2021\/08\/btektech-logo.png","contentUrl":"https:\/\/btektech.com\/wp-content\/uploads\/2021\/08\/btektech-logo.png","width":250,"height":114,"caption":"Btektech"},"image":{"@id":"https:\/\/btektech.com\/#\/schema\/logo\/image\/"},"sameAs":["https:\/\/x.com\/Btektech1","https:\/\/www.instagram.com\/btektech\/","https:\/\/www.linkedin.com\/company\/suzhou-baotailong-electronic-materials-co-ltd\/","https:\/\/www.pinterest.com\/btektech\/_saved\/","https:\/\/www.youtube.com\/channel\/UCBiw4Bc4CmQDrdo-QqyVTqQ"]}]}},"_links":{"self":[{"href":"https:\/\/btektech.com\/de\/wp-json\/wp\/v2\/product\/5417","targetHints":{"allow":["GET"]}}],"collection":[{"href":"https:\/\/btektech.com\/de\/wp-json\/wp\/v2\/product"}],"about":[{"href":"https:\/\/btektech.com\/de\/wp-json\/wp\/v2\/types\/product"}],"replies":[{"embeddable":true,"href":"https:\/\/btektech.com\/de\/wp-json\/wp\/v2\/comments?post=5417"}],"version-history":[{"count":0,"href":"https:\/\/btektech.com\/de\/wp-json\/wp\/v2\/product\/5417\/revisions"}],"wp:featuredmedia":[{"embeddable":true,"href":"https:\/\/btektech.com\/de\/wp-json\/wp\/v2\/media\/2319"}],"wp:attachment":[{"href":"https:\/\/btektech.com\/de\/wp-json\/wp\/v2\/media?parent=5417"}],"wp:term":[{"taxonomy":"product_brand","embeddable":true,"href":"https:\/\/btektech.com\/de\/wp-json\/wp\/v2\/product_brand?post=5417"},{"taxonomy":"product_cat","embeddable":true,"href":"https:\/\/btektech.com\/de\/wp-json\/wp\/v2\/product_cat?post=5417"},{"taxonomy":"product_tag","embeddable":true,"href":"https:\/\/btektech.com\/de\/wp-json\/wp\/v2\/product_tag?post=5417"}],"curies":[{"name":"wp","href":"https:\/\/api.w.org\/{rel}","templated":true}]}}