{"id":5414,"date":"2021-09-15T10:56:35","date_gmt":"2022-04-25T17:59:55","guid":{"rendered":"https:\/\/btektech.com\/product\/einstellbare-klemme-fuer-ein-einzelnes-ohr\/"},"modified":"2022-11-21T01:38:46","modified_gmt":"2022-11-21T01:38:46","slug":"1-ohr-schlauchschelle-stufenlose","status":"publish","type":"product","link":"https:\/\/btektech.com\/de\/product\/1-ohr-schlauchschelle-stufenlose\/","title":{"rendered":"1 Ohr Schlauchschelle Stufenlose"},"content":{"rendered":"<p>Die 1 Ohr Schlauchschellen Stufenlose nehmen das Cochlea-Design an, so dass die durch Temperatur\u00e4nderungen verursachten Ma\u00df\u00e4nderungen der Befestigungselemente kompensiert werden k\u00f6nnen, und sie k\u00f6nnen einen guten Befestigungszustand f\u00fcr eine lange Zeit aufrechterhalten und ein Auslaufen wirksam verhindern. Das Erscheinungsbild ist klein, einfach zu installieren, schnell und sicher.1 Ohr Schlauchschelle Stufenlose ist aus Edelstahl der G\u00fcteklasse 304, robust und langlebig. Die Hakeninstallationsposition ist optional: Der Einstellbereich ist gro\u00df und die Anzahl der L\u00f6cher kann erh\u00f6ht oder reduziert werden, um einen gr\u00f6\u00dferen Einstellbereich zu erreichen.<\/p>\n<div style=\"text-align: center;\">\n<img fetchpriority=\"high\" decoding=\"async\" class=\"alignnone size-medium wp-image-2347\" src=\"https:\/\/btektech.com\/wp-content\/uploads\/2021\/09\/2021-09-15-183714-300x191.jpg\" alt=\"\" width=\"300\" height=\"191\" srcset=\"https:\/\/btektech.com\/wp-content\/uploads\/2021\/09\/2021-09-15-183714-300x191.jpg 300w, https:\/\/btektech.com\/wp-content\/uploads\/2021\/09\/2021-09-15-183714-400x255.jpg 400w, https:\/\/btektech.com\/wp-content\/uploads\/2021\/09\/2021-09-15-183714.jpg 506w\" sizes=\"(max-width: 300px) 100vw, 300px\" \/><\/div>\n<div style=\"overflow: auto;\">\n<table style=\"border-collapse: collapse; text-align: center;\" border=\"0\"  cellspacing=\"0\" cellpadding=\"0\">\n<tbody>\n<tr>\n<th>Spezifikation<\/th>\n<th>Einstellbereich<\/th>\n<th>Innenohrbreite<\/th>\n<\/tr>\n<tr>\n<td>32<\/td>\n<td>10-32<\/td>\n<td>10mm<\/td>\n<\/tr>\n<tr>\n<td>40<\/td>\n<td>20-40<\/td>\n<td>10mm<\/td>\n<\/tr>\n<tr>\n<td>45<\/td>\n<td>25-45<\/td>\n<td>10mm<\/td>\n<\/tr>\n<tr>\n<td>50<\/td>\n<td>30-50<\/td>\n<td>10mm<\/td>\n<\/tr>\n<tr>\n<td>55<\/td>\n<td>35-55<\/td>\n<td>10mm<\/td>\n<\/tr>\n<tr>\n<td>60<\/td>\n<td>40-60<\/td>\n<td>10mm<\/td>\n<\/tr>\n<tr>\n<td>65<\/td>\n<td>45-65<\/td>\n<td>10mm<\/td>\n<\/tr>\n<tr>\n<td>70<\/td>\n<td>50-70<\/td>\n<td>10mm<\/td>\n<\/tr>\n<tr>\n<td>75<\/td>\n<td>55-75<\/td>\n<td>10mm<\/td>\n<\/tr>\n<tr>\n<td>80<\/td>\n<td>60-80<\/td>\n<td>10mm<\/td>\n<\/tr>\n<tr>\n<td>85<\/td>\n<td>65-85<\/td>\n<td>10mm<\/td>\n<\/tr>\n<tr>\n<td>90<\/td>\n<td>70-90<\/td>\n<td>10mm<\/td>\n<\/tr>\n<tr>\n<td>95<\/td>\n<td>75-95<\/td>\n<td>10mm<\/td>\n<\/tr>\n<tr>\n<td>100<\/td>\n<td>80-100<\/td>\n<td>10mm<\/td>\n<\/tr>\n<tr>\n<td>105<\/td>\n<td>85-105<\/td>\n<td>10mm<\/td>\n<\/tr>\n<tr>\n<td>110<\/td>\n<td>90-110<\/td>\n<td>10mm<\/td>\n<\/tr>\n<tr>\n<td>120<\/td>\n<td>100-120<\/td>\n<td>10mm<\/td>\n<\/tr>\n<tr>\n<td>130<\/td>\n<td>110-130<\/td>\n<td>10mm<\/td>\n<\/tr>\n<\/tbody>\n<\/table>\n<\/div>\n","protected":false},"excerpt":{"rendered":"<p>Die 1 Ohr Schlauchschelle  Stufenlose ein 360 \u00b0 endloses Design, die Oberfl\u00e4che des Schlauchs wird gleichm\u00e4\u00dfig durch Kraft zusammengedr\u00fcckt und eine Rundum-Abdichtung ist gew\u00e4hrleistet.1-Ohr Schlauchschellen Stufenlose erzielen in allen Gr\u00f6\u00dfen eine vielseitige Wirkung.<\/p>\n","protected":false},"featured_media":2351,"comment_status":"open","ping_status":"closed","template":"","meta":{"_acf_changed":false},"product_brand":[],"product_cat":[139],"product_tag":[],"class_list":{"0":"post-5414","1":"product","2":"type-product","3":"status-publish","4":"has-post-thumbnail","6":"product_cat-schlauchschellen","8":"first","9":"instock","10":"shipping-taxable","11":"product-type-simple"},"acf":[],"yoast_head":"<!-- This site is optimized with the Yoast SEO plugin v26.0 - https:\/\/yoast.com\/wordpress\/plugins\/seo\/ -->\n<title>1 Ohr Schlauchschelle Stufenlose - Btektech<\/title>\n<meta name=\"description\" content=\"Die 1 Ohr Schlauchschelle Stufenlose ein 360 \u00b0 endloses Design, die Oberfl\u00e4che des Schlauchs wird gleichm\u00e4\u00dfig durch Kraft zusammengedr\u00fcckt und eine Rundum-Abdichtung ist gew\u00e4hrleistet.\" \/>\n<meta name=\"robots\" content=\"index, follow, max-snippet:-1, max-image-preview:large, max-video-preview:-1\" \/>\n<link rel=\"canonical\" href=\"https:\/\/btektech.com\/de\/product\/1-ohr-schlauchschelle-stufenlose\/\" \/>\n<meta property=\"og:locale\" content=\"de_DE\" \/>\n<meta property=\"og:type\" content=\"article\" \/>\n<meta property=\"og:title\" content=\"1 Ohr Schlauchschelle Stufenlose - Btektech\" \/>\n<meta property=\"og:description\" content=\"Die 1 Ohr Schlauchschelle Stufenlose ein 360 \u00b0 endloses Design, die Oberfl\u00e4che des Schlauchs wird gleichm\u00e4\u00dfig durch Kraft zusammengedr\u00fcckt und eine Rundum-Abdichtung ist gew\u00e4hrleistet.\" \/>\n<meta property=\"og:url\" content=\"https:\/\/btektech.com\/de\/product\/1-ohr-schlauchschelle-stufenlose\/\" \/>\n<meta property=\"og:site_name\" content=\"Btektech\" \/>\n<meta property=\"article:modified_time\" content=\"2022-11-21T01:38:46+00:00\" \/>\n<meta property=\"og:image\" content=\"https:\/\/btektech.com\/wp-content\/uploads\/2021\/09\/Screenshot-2021-09-15-184055.jpg\" \/>\n\t<meta property=\"og:image:width\" content=\"500\" \/>\n\t<meta property=\"og:image:height\" content=\"500\" \/>\n\t<meta property=\"og:image:type\" content=\"image\/jpeg\" \/>\n<meta name=\"twitter:card\" content=\"summary_large_image\" \/>\n<meta name=\"twitter:site\" content=\"@Btektech1\" \/>\n<meta name=\"twitter:label1\" content=\"Gesch\u00e4tzte Lesezeit\" \/>\n\t<meta name=\"twitter:data1\" content=\"1\u00a0Minute\" \/>\n<script type=\"application\/ld+json\" class=\"yoast-schema-graph\">{\"@context\":\"https:\/\/schema.org\",\"@graph\":[{\"@type\":[\"WebPage\",\"ItemPage\"],\"@id\":\"https:\/\/btektech.com\/de\/product\/1-ohr-schlauchschelle-stufenlose\/\",\"url\":\"https:\/\/btektech.com\/de\/product\/1-ohr-schlauchschelle-stufenlose\/\",\"name\":\"1 Ohr Schlauchschelle Stufenlose - Btektech\",\"isPartOf\":{\"@id\":\"https:\/\/btektech.com\/#website\"},\"primaryImageOfPage\":{\"@id\":\"https:\/\/btektech.com\/de\/product\/1-ohr-schlauchschelle-stufenlose\/#primaryimage\"},\"image\":{\"@id\":\"https:\/\/btektech.com\/de\/product\/1-ohr-schlauchschelle-stufenlose\/#primaryimage\"},\"thumbnailUrl\":\"https:\/\/btektech.com\/wp-content\/uploads\/2021\/09\/Screenshot-2021-09-15-184055.jpg\",\"datePublished\":\"2022-04-25T17:59:55+00:00\",\"dateModified\":\"2022-11-21T01:38:46+00:00\",\"description\":\"Die 1 Ohr Schlauchschelle Stufenlose ein 360 \u00b0 endloses Design, die Oberfl\u00e4che des Schlauchs wird gleichm\u00e4\u00dfig durch Kraft zusammengedr\u00fcckt und eine Rundum-Abdichtung ist gew\u00e4hrleistet.\",\"breadcrumb\":{\"@id\":\"https:\/\/btektech.com\/de\/product\/1-ohr-schlauchschelle-stufenlose\/#breadcrumb\"},\"inLanguage\":\"de\",\"potentialAction\":[{\"@type\":\"ReadAction\",\"target\":[\"https:\/\/btektech.com\/de\/product\/1-ohr-schlauchschelle-stufenlose\/\"]}]},{\"@type\":\"ImageObject\",\"inLanguage\":\"de\",\"@id\":\"https:\/\/btektech.com\/de\/product\/1-ohr-schlauchschelle-stufenlose\/#primaryimage\",\"url\":\"https:\/\/btektech.com\/wp-content\/uploads\/2021\/09\/Screenshot-2021-09-15-184055.jpg\",\"contentUrl\":\"https:\/\/btektech.com\/wp-content\/uploads\/2021\/09\/Screenshot-2021-09-15-184055.jpg\",\"width\":500,\"height\":500,\"caption\":\"1 Ohr Schlauchschelle Stufenlose\"},{\"@type\":\"BreadcrumbList\",\"@id\":\"https:\/\/btektech.com\/de\/product\/1-ohr-schlauchschelle-stufenlose\/#breadcrumb\",\"itemListElement\":[{\"@type\":\"ListItem\",\"position\":1,\"name\":\"Home\",\"item\":\"https:\/\/btektech.com\/de\/home-2\/\"},{\"@type\":\"ListItem\",\"position\":2,\"name\":\"\u00dcr\u00fcnler\",\"item\":\"https:\/\/btektech.com\/tr\/shop\/\"},{\"@type\":\"ListItem\",\"position\":3,\"name\":\"Heavy-Duty &amp; Industrial Hose Clamps\",\"item\":\"https:\/\/btektech.com\/product-category\/heavy-duty-and-industrial-hose-clamps\/\"},{\"@type\":\"ListItem\",\"position\":4,\"name\":\"1 Ohr Schlauchschelle Stufenlose\"}]},{\"@type\":\"WebSite\",\"@id\":\"https:\/\/btektech.com\/#website\",\"url\":\"https:\/\/btektech.com\/\",\"name\":\"Btektech\",\"description\":\"\",\"publisher\":{\"@id\":\"https:\/\/btektech.com\/#organization\"},\"potentialAction\":[{\"@type\":\"SearchAction\",\"target\":{\"@type\":\"EntryPoint\",\"urlTemplate\":\"https:\/\/btektech.com\/?s={search_term_string}\"},\"query-input\":{\"@type\":\"PropertyValueSpecification\",\"valueRequired\":true,\"valueName\":\"search_term_string\"}}],\"inLanguage\":\"de\"},{\"@type\":\"Organization\",\"@id\":\"https:\/\/btektech.com\/#organization\",\"name\":\"Btektech\",\"url\":\"https:\/\/btektech.com\/\",\"logo\":{\"@type\":\"ImageObject\",\"inLanguage\":\"de\",\"@id\":\"https:\/\/btektech.com\/#\/schema\/logo\/image\/\",\"url\":\"https:\/\/btektech.com\/wp-content\/uploads\/2021\/08\/btektech-logo.png\",\"contentUrl\":\"https:\/\/btektech.com\/wp-content\/uploads\/2021\/08\/btektech-logo.png\",\"width\":250,\"height\":114,\"caption\":\"Btektech\"},\"image\":{\"@id\":\"https:\/\/btektech.com\/#\/schema\/logo\/image\/\"},\"sameAs\":[\"https:\/\/x.com\/Btektech1\",\"https:\/\/www.instagram.com\/btektech\/\",\"https:\/\/www.linkedin.com\/company\/suzhou-baotailong-electronic-materials-co-ltd\/\",\"https:\/\/www.pinterest.com\/btektech\/_saved\/\",\"https:\/\/www.youtube.com\/channel\/UCBiw4Bc4CmQDrdo-QqyVTqQ\"]}]}<\/script>\n<!-- \/ Yoast SEO plugin. -->","yoast_head_json":{"title":"1 Ohr Schlauchschelle Stufenlose - Btektech","description":"Die 1 Ohr Schlauchschelle Stufenlose ein 360 \u00b0 endloses Design, die Oberfl\u00e4che des Schlauchs wird gleichm\u00e4\u00dfig durch Kraft zusammengedr\u00fcckt und eine Rundum-Abdichtung ist gew\u00e4hrleistet.","robots":{"index":"index","follow":"follow","max-snippet":"max-snippet:-1","max-image-preview":"max-image-preview:large","max-video-preview":"max-video-preview:-1"},"canonical":"https:\/\/btektech.com\/de\/product\/1-ohr-schlauchschelle-stufenlose\/","og_locale":"de_DE","og_type":"article","og_title":"1 Ohr Schlauchschelle Stufenlose - Btektech","og_description":"Die 1 Ohr Schlauchschelle Stufenlose ein 360 \u00b0 endloses Design, die Oberfl\u00e4che des Schlauchs wird gleichm\u00e4\u00dfig durch Kraft zusammengedr\u00fcckt und eine Rundum-Abdichtung ist gew\u00e4hrleistet.","og_url":"https:\/\/btektech.com\/de\/product\/1-ohr-schlauchschelle-stufenlose\/","og_site_name":"Btektech","article_modified_time":"2022-11-21T01:38:46+00:00","og_image":[{"width":500,"height":500,"url":"https:\/\/btektech.com\/wp-content\/uploads\/2021\/09\/Screenshot-2021-09-15-184055.jpg","type":"image\/jpeg"}],"twitter_card":"summary_large_image","twitter_site":"@Btektech1","twitter_misc":{"Gesch\u00e4tzte Lesezeit":"1\u00a0Minute"},"schema":{"@context":"https:\/\/schema.org","@graph":[{"@type":["WebPage","ItemPage"],"@id":"https:\/\/btektech.com\/de\/product\/1-ohr-schlauchschelle-stufenlose\/","url":"https:\/\/btektech.com\/de\/product\/1-ohr-schlauchschelle-stufenlose\/","name":"1 Ohr Schlauchschelle Stufenlose - Btektech","isPartOf":{"@id":"https:\/\/btektech.com\/#website"},"primaryImageOfPage":{"@id":"https:\/\/btektech.com\/de\/product\/1-ohr-schlauchschelle-stufenlose\/#primaryimage"},"image":{"@id":"https:\/\/btektech.com\/de\/product\/1-ohr-schlauchschelle-stufenlose\/#primaryimage"},"thumbnailUrl":"https:\/\/btektech.com\/wp-content\/uploads\/2021\/09\/Screenshot-2021-09-15-184055.jpg","datePublished":"2022-04-25T17:59:55+00:00","dateModified":"2022-11-21T01:38:46+00:00","description":"Die 1 Ohr Schlauchschelle Stufenlose ein 360 \u00b0 endloses Design, die Oberfl\u00e4che des Schlauchs wird gleichm\u00e4\u00dfig durch Kraft zusammengedr\u00fcckt und eine Rundum-Abdichtung ist gew\u00e4hrleistet.","breadcrumb":{"@id":"https:\/\/btektech.com\/de\/product\/1-ohr-schlauchschelle-stufenlose\/#breadcrumb"},"inLanguage":"de","potentialAction":[{"@type":"ReadAction","target":["https:\/\/btektech.com\/de\/product\/1-ohr-schlauchschelle-stufenlose\/"]}]},{"@type":"ImageObject","inLanguage":"de","@id":"https:\/\/btektech.com\/de\/product\/1-ohr-schlauchschelle-stufenlose\/#primaryimage","url":"https:\/\/btektech.com\/wp-content\/uploads\/2021\/09\/Screenshot-2021-09-15-184055.jpg","contentUrl":"https:\/\/btektech.com\/wp-content\/uploads\/2021\/09\/Screenshot-2021-09-15-184055.jpg","width":500,"height":500,"caption":"1 Ohr Schlauchschelle Stufenlose"},{"@type":"BreadcrumbList","@id":"https:\/\/btektech.com\/de\/product\/1-ohr-schlauchschelle-stufenlose\/#breadcrumb","itemListElement":[{"@type":"ListItem","position":1,"name":"Home","item":"https:\/\/btektech.com\/de\/home-2\/"},{"@type":"ListItem","position":2,"name":"\u00dcr\u00fcnler","item":"https:\/\/btektech.com\/tr\/shop\/"},{"@type":"ListItem","position":3,"name":"Heavy-Duty &amp; Industrial Hose Clamps","item":"https:\/\/btektech.com\/product-category\/heavy-duty-and-industrial-hose-clamps\/"},{"@type":"ListItem","position":4,"name":"1 Ohr Schlauchschelle Stufenlose"}]},{"@type":"WebSite","@id":"https:\/\/btektech.com\/#website","url":"https:\/\/btektech.com\/","name":"Btektech","description":"","publisher":{"@id":"https:\/\/btektech.com\/#organization"},"potentialAction":[{"@type":"SearchAction","target":{"@type":"EntryPoint","urlTemplate":"https:\/\/btektech.com\/?s={search_term_string}"},"query-input":{"@type":"PropertyValueSpecification","valueRequired":true,"valueName":"search_term_string"}}],"inLanguage":"de"},{"@type":"Organization","@id":"https:\/\/btektech.com\/#organization","name":"Btektech","url":"https:\/\/btektech.com\/","logo":{"@type":"ImageObject","inLanguage":"de","@id":"https:\/\/btektech.com\/#\/schema\/logo\/image\/","url":"https:\/\/btektech.com\/wp-content\/uploads\/2021\/08\/btektech-logo.png","contentUrl":"https:\/\/btektech.com\/wp-content\/uploads\/2021\/08\/btektech-logo.png","width":250,"height":114,"caption":"Btektech"},"image":{"@id":"https:\/\/btektech.com\/#\/schema\/logo\/image\/"},"sameAs":["https:\/\/x.com\/Btektech1","https:\/\/www.instagram.com\/btektech\/","https:\/\/www.linkedin.com\/company\/suzhou-baotailong-electronic-materials-co-ltd\/","https:\/\/www.pinterest.com\/btektech\/_saved\/","https:\/\/www.youtube.com\/channel\/UCBiw4Bc4CmQDrdo-QqyVTqQ"]}]}},"_links":{"self":[{"href":"https:\/\/btektech.com\/de\/wp-json\/wp\/v2\/product\/5414","targetHints":{"allow":["GET"]}}],"collection":[{"href":"https:\/\/btektech.com\/de\/wp-json\/wp\/v2\/product"}],"about":[{"href":"https:\/\/btektech.com\/de\/wp-json\/wp\/v2\/types\/product"}],"replies":[{"embeddable":true,"href":"https:\/\/btektech.com\/de\/wp-json\/wp\/v2\/comments?post=5414"}],"version-history":[{"count":0,"href":"https:\/\/btektech.com\/de\/wp-json\/wp\/v2\/product\/5414\/revisions"}],"wp:featuredmedia":[{"embeddable":true,"href":"https:\/\/btektech.com\/de\/wp-json\/wp\/v2\/media\/2351"}],"wp:attachment":[{"href":"https:\/\/btektech.com\/de\/wp-json\/wp\/v2\/media?parent=5414"}],"wp:term":[{"taxonomy":"product_brand","embeddable":true,"href":"https:\/\/btektech.com\/de\/wp-json\/wp\/v2\/product_brand?post=5414"},{"taxonomy":"product_cat","embeddable":true,"href":"https:\/\/btektech.com\/de\/wp-json\/wp\/v2\/product_cat?post=5414"},{"taxonomy":"product_tag","embeddable":true,"href":"https:\/\/btektech.com\/de\/wp-json\/wp\/v2\/product_tag?post=5414"}],"curies":[{"name":"wp","href":"https:\/\/api.w.org\/{rel}","templated":true}]}}