{"id":5412,"date":"2021-09-15T10:17:54","date_gmt":"2022-04-25T17:59:52","guid":{"rendered":"https:\/\/btektech.com\/product\/einohr-integralklemme\/"},"modified":"2022-11-21T01:39:38","modified_gmt":"2022-11-21T01:39:38","slug":"1-ohr-schlauchschellen-integriert","status":"publish","type":"product","link":"https:\/\/btektech.com\/de\/product\/1-ohr-schlauchschellen-integriert\/","title":{"rendered":"1 Ohr Schlauchschellen Integriert"},"content":{"rendered":"<p>1 Ohr Schlauchschellen Integriert sind Kompaktes, integriertes Design, solide und zuverl\u00e4ssige Verbindung, geeignet f\u00fcr kleine Teile. Gratfreie Kanten verringern das Risiko von Werkst\u00fcckbesch\u00e4digungen. Obwohl der Anwendungsbereich etwas eingeschr\u00e4nkt ist, bietet es eine hervorragende L\u00f6sung f\u00fcr bestimmte Spannanwendungen.<\/p>\n<div style=\"text-align: center;\">\n<img fetchpriority=\"high\" decoding=\"async\" class=\"alignnone size-full wp-image-2335\" src=\"https:\/\/btektech.com\/wp-content\/uploads\/2021\/09\/2021-09-15-174740.jpg\" alt=\"\" width=\"296\" height=\"195\"><\/div>\n<div style=\"overflow: auto;\">\n<table style=\"border-collapse: collapse; text-align: center;\" border=\"0\"  cellspacing=\"0\" cellpadding=\"0\">\n<tbody>\n<tr>\n<th>Spezifikation<\/th>\n<th>Breite<\/th>\n<th>Dicke<\/th>\n<th>Ohrbreite<\/th>\n<\/tr>\n<tr>\n<td>5.5-6.6<\/td>\n<td>5<\/td>\n<td>0.6<\/td>\n<td>3.2<\/td>\n<\/tr>\n<tr>\n<td>6.0-7.0<\/td>\n<td>5<\/td>\n<td>0.6<\/td>\n<td>3<\/td>\n<\/tr>\n<tr>\n<td>6.3-7.5<\/td>\n<td>5<\/td>\n<td>0.6<\/td>\n<td>3.5<\/td>\n<\/tr>\n<tr>\n<td>6.7-8.0<\/td>\n<td>5<\/td>\n<td>0.6<\/td>\n<td>4<\/td>\n<\/tr>\n<tr>\n<td>7.4-8.7<\/td>\n<td>5<\/td>\n<td>0.6<\/td>\n<td>4<\/td>\n<\/tr>\n<tr>\n<td>7.4-9.0<\/td>\n<td>5<\/td>\n<td>0.6<\/td>\n<td>5<\/td>\n<\/tr>\n<tr>\n<td>7.9-9.5<\/td>\n<td>5<\/td>\n<td>0.6<\/td>\n<td>5<\/td>\n<\/tr>\n<tr>\n<td>8.4-10.0<\/td>\n<td>5<\/td>\n<td>0.6<\/td>\n<td>5<\/td>\n<\/tr>\n<tr>\n<td>8.7-10.5<\/td>\n<td>5<\/td>\n<td>0.6<\/td>\n<td>5<\/td>\n<\/tr>\n<tr>\n<td>9.5-11.3<\/td>\n<td>7<\/td>\n<td>0.7<\/td>\n<td>5.5<\/td>\n<\/tr>\n<tr>\n<td>10.2-12.0<\/td>\n<td>7<\/td>\n<td>0.7<\/td>\n<td>5.5<\/td>\n<\/tr>\n<tr>\n<td>10.2-12.3<\/td>\n<td>7<\/td>\n<td>0.7<\/td>\n<td>6.5<\/td>\n<\/tr>\n<tr>\n<td>10.7-12.8<\/td>\n<td>7<\/td>\n<td>0.7<\/td>\n<td>6.5<\/td>\n<\/tr>\n<tr>\n<td>11.2-13.3<\/td>\n<td>7<\/td>\n<td>0.7<\/td>\n<td>6.5<\/td>\n<\/tr>\n<tr>\n<td>11.7-13.8<\/td>\n<td>7<\/td>\n<td>0.7<\/td>\n<td>6.5<\/td>\n<\/tr>\n<tr>\n<td>11.9-14.0<\/td>\n<td>7<\/td>\n<td>0.7<\/td>\n<td>6.5<\/td>\n<\/tr>\n<tr>\n<td>12.4-14.5<\/td>\n<td>7<\/td>\n<td>0.7<\/td>\n<td>6.5<\/td>\n<\/tr>\n<tr>\n<td>14.3-15.5<\/td>\n<td>7<\/td>\n<td>0.7<\/td>\n<td>6.5<\/td>\n<\/tr>\n<tr>\n<td>13.7-16.0<\/td>\n<td>7<\/td>\n<td>0.7<\/td>\n<td>7<\/td>\n<\/tr>\n<tr>\n<td>14.5-16.8<\/td>\n<td>7<\/td>\n<td>0.7<\/td>\n<td>7<\/td>\n<\/tr>\n<tr>\n<td>15.2-17.5<\/td>\n<td>7<\/td>\n<td>0.7<\/td>\n<td>7<\/td>\n<\/tr>\n<tr>\n<td>16.2-18.5<\/td>\n<td>7<\/td>\n<td>0.7<\/td>\n<td>7<\/td>\n<\/tr>\n<tr>\n<td>16.9-19.2<\/td>\n<td>7<\/td>\n<td>0.7<\/td>\n<td>7<\/td>\n<\/tr>\n<\/tbody>\n<\/table>\n<\/div>\n","protected":false},"excerpt":{"rendered":"<p>Die 1 Ohr Schlauchschellen Integriert besteht aus verzinktem oder Edelstahl 304 und ist eine wirtschaftliche L\u00f6sung f\u00fcr viele einfache Schlauchleitungen.<br \/>\nSchnell und einfach zu installierender visueller Installationseffekt.<\/p>\n","protected":false},"featured_media":2339,"comment_status":"open","ping_status":"closed","template":"","meta":{"_acf_changed":false},"product_brand":[],"product_cat":[139],"product_tag":[],"class_list":{"0":"post-5412","1":"product","2":"type-product","3":"status-publish","4":"has-post-thumbnail","6":"product_cat-schlauchschellen","8":"first","9":"instock","10":"shipping-taxable","11":"product-type-simple"},"acf":[],"yoast_head":"<!-- This site is optimized with the Yoast SEO plugin v26.0 - https:\/\/yoast.com\/wordpress\/plugins\/seo\/ -->\n<title>1 Ohr Schlauchschellen Integriert - Btektech<\/title>\n<meta name=\"description\" content=\"Die 1 Ohr Schlauchschellen Integriert besteht aus verzinktem oder Edelstahl 304 und ist eine wirtschaftliche L\u00f6sung f\u00fcr viele einfache Schlauchleitungen.\" \/>\n<meta name=\"robots\" content=\"index, follow, max-snippet:-1, max-image-preview:large, max-video-preview:-1\" \/>\n<link rel=\"canonical\" href=\"https:\/\/btektech.com\/de\/product\/1-ohr-schlauchschellen-integriert\/\" \/>\n<meta property=\"og:locale\" content=\"de_DE\" \/>\n<meta property=\"og:type\" content=\"article\" \/>\n<meta property=\"og:title\" content=\"1 Ohr Schlauchschellen Integriert - Btektech\" \/>\n<meta property=\"og:description\" content=\"Die 1 Ohr Schlauchschellen Integriert besteht aus verzinktem oder Edelstahl 304 und ist eine wirtschaftliche L\u00f6sung f\u00fcr viele einfache Schlauchleitungen.\" \/>\n<meta property=\"og:url\" content=\"https:\/\/btektech.com\/de\/product\/1-ohr-schlauchschellen-integriert\/\" \/>\n<meta property=\"og:site_name\" content=\"Btektech\" \/>\n<meta property=\"article:modified_time\" content=\"2022-11-21T01:39:38+00:00\" \/>\n<meta property=\"og:image\" content=\"https:\/\/btektech.com\/wp-content\/uploads\/2021\/09\/20210915180554.jpg\" \/>\n\t<meta property=\"og:image:width\" content=\"800\" \/>\n\t<meta property=\"og:image:height\" content=\"800\" \/>\n\t<meta property=\"og:image:type\" content=\"image\/jpeg\" \/>\n<meta name=\"twitter:card\" content=\"summary_large_image\" \/>\n<meta name=\"twitter:site\" content=\"@Btektech1\" \/>\n<meta name=\"twitter:label1\" content=\"Gesch\u00e4tzte Lesezeit\" \/>\n\t<meta name=\"twitter:data1\" content=\"1\u00a0Minute\" \/>\n<script type=\"application\/ld+json\" class=\"yoast-schema-graph\">{\"@context\":\"https:\/\/schema.org\",\"@graph\":[{\"@type\":[\"WebPage\",\"ItemPage\"],\"@id\":\"https:\/\/btektech.com\/de\/product\/1-ohr-schlauchschellen-integriert\/\",\"url\":\"https:\/\/btektech.com\/de\/product\/1-ohr-schlauchschellen-integriert\/\",\"name\":\"1 Ohr Schlauchschellen Integriert - Btektech\",\"isPartOf\":{\"@id\":\"https:\/\/btektech.com\/#website\"},\"primaryImageOfPage\":{\"@id\":\"https:\/\/btektech.com\/de\/product\/1-ohr-schlauchschellen-integriert\/#primaryimage\"},\"image\":{\"@id\":\"https:\/\/btektech.com\/de\/product\/1-ohr-schlauchschellen-integriert\/#primaryimage\"},\"thumbnailUrl\":\"https:\/\/btektech.com\/wp-content\/uploads\/2021\/09\/20210915180554.jpg\",\"datePublished\":\"2022-04-25T17:59:52+00:00\",\"dateModified\":\"2022-11-21T01:39:38+00:00\",\"description\":\"Die 1 Ohr Schlauchschellen Integriert besteht aus verzinktem oder Edelstahl 304 und ist eine wirtschaftliche L\u00f6sung f\u00fcr viele einfache Schlauchleitungen.\",\"breadcrumb\":{\"@id\":\"https:\/\/btektech.com\/de\/product\/1-ohr-schlauchschellen-integriert\/#breadcrumb\"},\"inLanguage\":\"de\",\"potentialAction\":[{\"@type\":\"ReadAction\",\"target\":[\"https:\/\/btektech.com\/de\/product\/1-ohr-schlauchschellen-integriert\/\"]}]},{\"@type\":\"ImageObject\",\"inLanguage\":\"de\",\"@id\":\"https:\/\/btektech.com\/de\/product\/1-ohr-schlauchschellen-integriert\/#primaryimage\",\"url\":\"https:\/\/btektech.com\/wp-content\/uploads\/2021\/09\/20210915180554.jpg\",\"contentUrl\":\"https:\/\/btektech.com\/wp-content\/uploads\/2021\/09\/20210915180554.jpg\",\"width\":800,\"height\":800,\"caption\":\"1 Ohr Schlauchschellen Integriert\"},{\"@type\":\"BreadcrumbList\",\"@id\":\"https:\/\/btektech.com\/de\/product\/1-ohr-schlauchschellen-integriert\/#breadcrumb\",\"itemListElement\":[{\"@type\":\"ListItem\",\"position\":1,\"name\":\"Home\",\"item\":\"https:\/\/btektech.com\/de\/home-2\/\"},{\"@type\":\"ListItem\",\"position\":2,\"name\":\"\u00dcr\u00fcnler\",\"item\":\"https:\/\/btektech.com\/tr\/shop\/\"},{\"@type\":\"ListItem\",\"position\":3,\"name\":\"Heavy-Duty &amp; Industrial Hose Clamps\",\"item\":\"https:\/\/btektech.com\/product-category\/heavy-duty-and-industrial-hose-clamps\/\"},{\"@type\":\"ListItem\",\"position\":4,\"name\":\"1 Ohr Schlauchschellen Integriert\"}]},{\"@type\":\"WebSite\",\"@id\":\"https:\/\/btektech.com\/#website\",\"url\":\"https:\/\/btektech.com\/\",\"name\":\"Btektech\",\"description\":\"\",\"publisher\":{\"@id\":\"https:\/\/btektech.com\/#organization\"},\"potentialAction\":[{\"@type\":\"SearchAction\",\"target\":{\"@type\":\"EntryPoint\",\"urlTemplate\":\"https:\/\/btektech.com\/?s={search_term_string}\"},\"query-input\":{\"@type\":\"PropertyValueSpecification\",\"valueRequired\":true,\"valueName\":\"search_term_string\"}}],\"inLanguage\":\"de\"},{\"@type\":\"Organization\",\"@id\":\"https:\/\/btektech.com\/#organization\",\"name\":\"Btektech\",\"url\":\"https:\/\/btektech.com\/\",\"logo\":{\"@type\":\"ImageObject\",\"inLanguage\":\"de\",\"@id\":\"https:\/\/btektech.com\/#\/schema\/logo\/image\/\",\"url\":\"https:\/\/btektech.com\/wp-content\/uploads\/2021\/08\/btektech-logo.png\",\"contentUrl\":\"https:\/\/btektech.com\/wp-content\/uploads\/2021\/08\/btektech-logo.png\",\"width\":250,\"height\":114,\"caption\":\"Btektech\"},\"image\":{\"@id\":\"https:\/\/btektech.com\/#\/schema\/logo\/image\/\"},\"sameAs\":[\"https:\/\/x.com\/Btektech1\",\"https:\/\/www.instagram.com\/btektech\/\",\"https:\/\/www.linkedin.com\/company\/suzhou-baotailong-electronic-materials-co-ltd\/\",\"https:\/\/www.pinterest.com\/btektech\/_saved\/\",\"https:\/\/www.youtube.com\/channel\/UCBiw4Bc4CmQDrdo-QqyVTqQ\"]}]}<\/script>\n<!-- \/ Yoast SEO plugin. -->","yoast_head_json":{"title":"1 Ohr Schlauchschellen Integriert - Btektech","description":"Die 1 Ohr Schlauchschellen Integriert besteht aus verzinktem oder Edelstahl 304 und ist eine wirtschaftliche L\u00f6sung f\u00fcr viele einfache Schlauchleitungen.","robots":{"index":"index","follow":"follow","max-snippet":"max-snippet:-1","max-image-preview":"max-image-preview:large","max-video-preview":"max-video-preview:-1"},"canonical":"https:\/\/btektech.com\/de\/product\/1-ohr-schlauchschellen-integriert\/","og_locale":"de_DE","og_type":"article","og_title":"1 Ohr Schlauchschellen Integriert - Btektech","og_description":"Die 1 Ohr Schlauchschellen Integriert besteht aus verzinktem oder Edelstahl 304 und ist eine wirtschaftliche L\u00f6sung f\u00fcr viele einfache Schlauchleitungen.","og_url":"https:\/\/btektech.com\/de\/product\/1-ohr-schlauchschellen-integriert\/","og_site_name":"Btektech","article_modified_time":"2022-11-21T01:39:38+00:00","og_image":[{"width":800,"height":800,"url":"https:\/\/btektech.com\/wp-content\/uploads\/2021\/09\/20210915180554.jpg","type":"image\/jpeg"}],"twitter_card":"summary_large_image","twitter_site":"@Btektech1","twitter_misc":{"Gesch\u00e4tzte Lesezeit":"1\u00a0Minute"},"schema":{"@context":"https:\/\/schema.org","@graph":[{"@type":["WebPage","ItemPage"],"@id":"https:\/\/btektech.com\/de\/product\/1-ohr-schlauchschellen-integriert\/","url":"https:\/\/btektech.com\/de\/product\/1-ohr-schlauchschellen-integriert\/","name":"1 Ohr Schlauchschellen Integriert - Btektech","isPartOf":{"@id":"https:\/\/btektech.com\/#website"},"primaryImageOfPage":{"@id":"https:\/\/btektech.com\/de\/product\/1-ohr-schlauchschellen-integriert\/#primaryimage"},"image":{"@id":"https:\/\/btektech.com\/de\/product\/1-ohr-schlauchschellen-integriert\/#primaryimage"},"thumbnailUrl":"https:\/\/btektech.com\/wp-content\/uploads\/2021\/09\/20210915180554.jpg","datePublished":"2022-04-25T17:59:52+00:00","dateModified":"2022-11-21T01:39:38+00:00","description":"Die 1 Ohr Schlauchschellen Integriert besteht aus verzinktem oder Edelstahl 304 und ist eine wirtschaftliche L\u00f6sung f\u00fcr viele einfache Schlauchleitungen.","breadcrumb":{"@id":"https:\/\/btektech.com\/de\/product\/1-ohr-schlauchschellen-integriert\/#breadcrumb"},"inLanguage":"de","potentialAction":[{"@type":"ReadAction","target":["https:\/\/btektech.com\/de\/product\/1-ohr-schlauchschellen-integriert\/"]}]},{"@type":"ImageObject","inLanguage":"de","@id":"https:\/\/btektech.com\/de\/product\/1-ohr-schlauchschellen-integriert\/#primaryimage","url":"https:\/\/btektech.com\/wp-content\/uploads\/2021\/09\/20210915180554.jpg","contentUrl":"https:\/\/btektech.com\/wp-content\/uploads\/2021\/09\/20210915180554.jpg","width":800,"height":800,"caption":"1 Ohr Schlauchschellen Integriert"},{"@type":"BreadcrumbList","@id":"https:\/\/btektech.com\/de\/product\/1-ohr-schlauchschellen-integriert\/#breadcrumb","itemListElement":[{"@type":"ListItem","position":1,"name":"Home","item":"https:\/\/btektech.com\/de\/home-2\/"},{"@type":"ListItem","position":2,"name":"\u00dcr\u00fcnler","item":"https:\/\/btektech.com\/tr\/shop\/"},{"@type":"ListItem","position":3,"name":"Heavy-Duty &amp; Industrial Hose Clamps","item":"https:\/\/btektech.com\/product-category\/heavy-duty-and-industrial-hose-clamps\/"},{"@type":"ListItem","position":4,"name":"1 Ohr Schlauchschellen Integriert"}]},{"@type":"WebSite","@id":"https:\/\/btektech.com\/#website","url":"https:\/\/btektech.com\/","name":"Btektech","description":"","publisher":{"@id":"https:\/\/btektech.com\/#organization"},"potentialAction":[{"@type":"SearchAction","target":{"@type":"EntryPoint","urlTemplate":"https:\/\/btektech.com\/?s={search_term_string}"},"query-input":{"@type":"PropertyValueSpecification","valueRequired":true,"valueName":"search_term_string"}}],"inLanguage":"de"},{"@type":"Organization","@id":"https:\/\/btektech.com\/#organization","name":"Btektech","url":"https:\/\/btektech.com\/","logo":{"@type":"ImageObject","inLanguage":"de","@id":"https:\/\/btektech.com\/#\/schema\/logo\/image\/","url":"https:\/\/btektech.com\/wp-content\/uploads\/2021\/08\/btektech-logo.png","contentUrl":"https:\/\/btektech.com\/wp-content\/uploads\/2021\/08\/btektech-logo.png","width":250,"height":114,"caption":"Btektech"},"image":{"@id":"https:\/\/btektech.com\/#\/schema\/logo\/image\/"},"sameAs":["https:\/\/x.com\/Btektech1","https:\/\/www.instagram.com\/btektech\/","https:\/\/www.linkedin.com\/company\/suzhou-baotailong-electronic-materials-co-ltd\/","https:\/\/www.pinterest.com\/btektech\/_saved\/","https:\/\/www.youtube.com\/channel\/UCBiw4Bc4CmQDrdo-QqyVTqQ"]}]}},"_links":{"self":[{"href":"https:\/\/btektech.com\/de\/wp-json\/wp\/v2\/product\/5412","targetHints":{"allow":["GET"]}}],"collection":[{"href":"https:\/\/btektech.com\/de\/wp-json\/wp\/v2\/product"}],"about":[{"href":"https:\/\/btektech.com\/de\/wp-json\/wp\/v2\/types\/product"}],"replies":[{"embeddable":true,"href":"https:\/\/btektech.com\/de\/wp-json\/wp\/v2\/comments?post=5412"}],"version-history":[{"count":0,"href":"https:\/\/btektech.com\/de\/wp-json\/wp\/v2\/product\/5412\/revisions"}],"wp:featuredmedia":[{"embeddable":true,"href":"https:\/\/btektech.com\/de\/wp-json\/wp\/v2\/media\/2339"}],"wp:attachment":[{"href":"https:\/\/btektech.com\/de\/wp-json\/wp\/v2\/media?parent=5412"}],"wp:term":[{"taxonomy":"product_brand","embeddable":true,"href":"https:\/\/btektech.com\/de\/wp-json\/wp\/v2\/product_brand?post=5412"},{"taxonomy":"product_cat","embeddable":true,"href":"https:\/\/btektech.com\/de\/wp-json\/wp\/v2\/product_cat?post=5412"},{"taxonomy":"product_tag","embeddable":true,"href":"https:\/\/btektech.com\/de\/wp-json\/wp\/v2\/product_tag?post=5412"}],"curies":[{"name":"wp","href":"https:\/\/api.w.org\/{rel}","templated":true}]}}