{"id":5409,"date":"2021-09-17T09:39:15","date_gmt":"2022-04-25T17:56:33","guid":{"rendered":"https:\/\/btektech.com\/product\/britische-schlauchschelle\/"},"modified":"2022-11-21T01:42:58","modified_gmt":"2022-11-21T01:42:58","slug":"britische-schlauchklemme","status":"publish","type":"product","link":"https:\/\/btektech.com\/de\/product\/britische-schlauchklemme\/","title":{"rendered":"Britische Schlauchschelle"},"content":{"rendered":"<p>Die britische Schlauchklemme hat eine hohe Klemmkraft und ein hohes Bruchdrehmoment, was die sicherste und zuverl\u00e4ssigste Klemme ist. Der britische Schlauchschellen-Stahlg\u00fcrtel hat eine Dicke von 1 mm, was der dickste der Familie der Turbinenwirbelschellen ist. Der starke Reifen ist die erste Wahl f\u00fcr verschiedene schwere Hochdruckwasserstra\u00dfen!<\/p>\n<div style=\"text-align: center;\">\n<img fetchpriority=\"high\" decoding=\"async\" class=\"alignnone size-medium wp-image-2399\" src=\"https:\/\/btektech.com\/wp-content\/uploads\/2021\/09\/British-11.7mm-300x215.jpg\" alt=\"\" width=\"300\" height=\"215\" srcset=\"https:\/\/btektech.com\/wp-content\/uploads\/2021\/09\/British-11.7mm-300x215.jpg 300w, https:\/\/btektech.com\/wp-content\/uploads\/2021\/09\/British-11.7mm-400x287.jpg 400w, https:\/\/btektech.com\/wp-content\/uploads\/2021\/09\/British-11.7mm.jpg 427w\" sizes=\"(max-width: 300px) 100vw, 300px\" \/>\n<\/div>\n<div style=\"overflow: auto;\">\n<table style=\"border-collapse: collapse; text-align: center;\" border=\"0\"  cellspacing=\"0\" cellpadding=\"0\">\n<tbody>\n<tr>\n<th>Bandbreite(Millimeter) <\/th>\n<th>Bereich(mm)<\/th>\n<th>Bereich(Zoll)<\/th>\n<th>Dicke(mm)<\/th>\n<th>Drehmoment brechen(Nm)<\/th>\n<\/tr>\n<tr>\n<td>9.7<\/td>\n<td>9-13<\/td>\n<td>3\/8-1\/2&#8243;<\/td>\n<td>1<\/td>\n<td>5Nm<\/td>\n<\/tr>\n<tr>\n<td>9.7<\/td>\n<td>13-16<\/td>\n<td>1\/2-0,629&#8243;<\/td>\n<td>1<\/td>\n<td>5Nm<\/td>\n<\/tr>\n<tr>\n<td>9.7<\/td>\n<td>13-19<\/td>\n<td>1\/2-3\/4&#8243;<\/td>\n<td>1<\/td>\n<td>5Nm<\/td>\n<\/tr>\n<tr>\n<td>11.7<\/td>\n<td>16-22<\/td>\n<td>0,629-7\/8&#8243;<\/td>\n<td>1<\/td>\n<td>5Nm<\/td>\n<\/tr>\n<tr>\n<td>11.7<\/td>\n<td>19-25<\/td>\n<td>3\/4-1&#8243;<\/td>\n<td>1<\/td>\n<td>5Nm<\/td>\n<\/tr>\n<tr>\n<td>11.7<\/td>\n<td>22-29<\/td>\n<td>7\/8-1 1\/4&#8243;<\/td>\n<td>1<\/td>\n<td>7Nm<\/td>\n<\/tr>\n<tr>\n<td>11.7<\/td>\n<td>25-38<\/td>\n<td>1-1 3\/8&#8243;<\/td>\n<td>1<\/td>\n<td>7Nm<\/td>\n<\/tr>\n<tr>\n<td>11.7<\/td>\n<td>28-41<\/td>\n<td>7\/8&#8243;-1,6&#8243;<\/td>\n<td>1<\/td>\n<td>7Nm<\/td>\n<\/tr>\n<tr>\n<td>11.7<\/td>\n<td>31-48<\/td>\n<td>1 1\/4-1,89&#8243;<\/td>\n<td>1<\/td>\n<td>7Nm<\/td>\n<\/tr>\n<tr>\n<td>11.7<\/td>\n<td>38-54<\/td>\n<td>1 1\/2-2 1\/16&#8243;<\/td>\n<td>1<\/td>\n<td>7Nm<\/td>\n<\/tr>\n<tr>\n<td>11.7<\/td>\n<td>44-60<\/td>\n<td>1,737-2,36 &#8222;<\/td>\n<td>1<\/td>\n<td>7Nm<\/td>\n<\/tr>\n<tr>\n<td>11.7<\/td>\n<td>50-70<\/td>\n<td>2-2 3\/4&#8243;<\/td>\n<td>1<\/td>\n<td>7Nm<\/td>\n<\/tr>\n<tr>\n<td>11.7<\/td>\n<td>60-80<\/td>\n<td>1.737-3 3\/8&#8243;<\/td>\n<td>1<\/td>\n<td>7Nm<\/td>\n<\/tr>\n<tr>\n<td>11.7<\/td>\n<td>70-90<\/td>\n<td>2 3\/4-3 1\/2&#8243;<\/td>\n<td>1<\/td>\n<td>7Nm<\/td>\n<\/tr>\n<tr>\n<td>11.7<\/td>\n<td>83-102<\/td>\n<td>1.737-4&#8243;<\/td>\n<td>1<\/td>\n<td>7Nm<\/td>\n<\/tr>\n<tr>\n<td>11.7<\/td>\n<td>95-115<\/td>\n<td>3,7-4,52 &#8222;<\/td>\n<td>1<\/td>\n<td>7Nm<\/td>\n<\/tr>\n<tr>\n<td>11.7<\/td>\n<td>104-127<\/td>\n<td>4-5&#8243;<\/td>\n<td>1<\/td>\n<td>7Nm<\/td>\n<\/tr>\n<tr>\n<td>11.7<\/td>\n<td>127-146<\/td>\n<td>5-6&#8243;<\/td>\n<td>1<\/td>\n<td>7Nm<\/td>\n<\/tr>\n<\/tbody>\n<\/table>\n<\/div>\n","protected":false},"excerpt":{"rendered":"<p>Die britische Schlauchschelle hat ein spezielles und festes B\u00fcgelsitzsystem. Der gerollte Reifen mit einem glatten inneren Stahlband und der inneren Oberfl\u00e4che kann den weichen Schlauch effektiv vor Abrieb sch\u00fctzen.<\/p>\n","protected":false},"featured_media":2411,"comment_status":"open","ping_status":"closed","template":"","meta":{"_acf_changed":false},"product_brand":[],"product_cat":[139],"product_tag":[],"class_list":{"0":"post-5409","1":"product","2":"type-product","3":"status-publish","4":"has-post-thumbnail","6":"product_cat-schlauchschellen","8":"first","9":"instock","10":"shipping-taxable","11":"product-type-simple"},"acf":[],"yoast_head":"<!-- This site is optimized with the Yoast SEO plugin v26.0 - https:\/\/yoast.com\/wordpress\/plugins\/seo\/ -->\n<title>Britische Schlauchschelle - Btektech<\/title>\n<meta name=\"description\" content=\"Die britische Schlauchschelle hat ein spezielles und festes B\u00fcgelsitzsystem. Der gerollte Reifen mit einem glatten inneren Stahlband und der inneren Oberfl\u00e4che kann den weichen Schlauch effektiv vor Abrieb sch\u00fctzen.\" \/>\n<meta name=\"robots\" content=\"index, follow, max-snippet:-1, max-image-preview:large, max-video-preview:-1\" \/>\n<link rel=\"canonical\" href=\"https:\/\/btektech.com\/de\/product\/britische-schlauchklemme\/\" \/>\n<meta property=\"og:locale\" content=\"de_DE\" \/>\n<meta property=\"og:type\" content=\"article\" \/>\n<meta property=\"og:title\" content=\"Britische Schlauchschelle - Btektech\" \/>\n<meta property=\"og:description\" content=\"Die britische Schlauchschelle hat ein spezielles und festes B\u00fcgelsitzsystem. Der gerollte Reifen mit einem glatten inneren Stahlband und der inneren Oberfl\u00e4che kann den weichen Schlauch effektiv vor Abrieb sch\u00fctzen.\" \/>\n<meta property=\"og:url\" content=\"https:\/\/btektech.com\/de\/product\/britische-schlauchklemme\/\" \/>\n<meta property=\"og:site_name\" content=\"Btektech\" \/>\n<meta property=\"article:modified_time\" content=\"2022-11-21T01:42:58+00:00\" \/>\n<meta property=\"og:image\" content=\"https:\/\/btektech.com\/wp-content\/uploads\/2021\/09\/British-20210917144402.jpg\" \/>\n\t<meta property=\"og:image:width\" content=\"800\" \/>\n\t<meta property=\"og:image:height\" content=\"800\" \/>\n\t<meta property=\"og:image:type\" content=\"image\/jpeg\" \/>\n<meta name=\"twitter:card\" content=\"summary_large_image\" \/>\n<meta name=\"twitter:site\" content=\"@Btektech1\" \/>\n<meta name=\"twitter:label1\" content=\"Gesch\u00e4tzte Lesezeit\" \/>\n\t<meta name=\"twitter:data1\" content=\"1\u00a0Minute\" \/>\n<script type=\"application\/ld+json\" class=\"yoast-schema-graph\">{\"@context\":\"https:\/\/schema.org\",\"@graph\":[{\"@type\":[\"WebPage\",\"ItemPage\"],\"@id\":\"https:\/\/btektech.com\/de\/product\/britische-schlauchklemme\/\",\"url\":\"https:\/\/btektech.com\/de\/product\/britische-schlauchklemme\/\",\"name\":\"Britische Schlauchschelle - Btektech\",\"isPartOf\":{\"@id\":\"https:\/\/btektech.com\/#website\"},\"primaryImageOfPage\":{\"@id\":\"https:\/\/btektech.com\/de\/product\/britische-schlauchklemme\/#primaryimage\"},\"image\":{\"@id\":\"https:\/\/btektech.com\/de\/product\/britische-schlauchklemme\/#primaryimage\"},\"thumbnailUrl\":\"https:\/\/btektech.com\/wp-content\/uploads\/2021\/09\/British-20210917144402.jpg\",\"datePublished\":\"2022-04-25T17:56:33+00:00\",\"dateModified\":\"2022-11-21T01:42:58+00:00\",\"description\":\"Die britische Schlauchschelle hat ein spezielles und festes B\u00fcgelsitzsystem. Der gerollte Reifen mit einem glatten inneren Stahlband und der inneren Oberfl\u00e4che kann den weichen Schlauch effektiv vor Abrieb sch\u00fctzen.\",\"breadcrumb\":{\"@id\":\"https:\/\/btektech.com\/de\/product\/britische-schlauchklemme\/#breadcrumb\"},\"inLanguage\":\"de\",\"potentialAction\":[{\"@type\":\"ReadAction\",\"target\":[\"https:\/\/btektech.com\/de\/product\/britische-schlauchklemme\/\"]}]},{\"@type\":\"ImageObject\",\"inLanguage\":\"de\",\"@id\":\"https:\/\/btektech.com\/de\/product\/britische-schlauchklemme\/#primaryimage\",\"url\":\"https:\/\/btektech.com\/wp-content\/uploads\/2021\/09\/British-20210917144402.jpg\",\"contentUrl\":\"https:\/\/btektech.com\/wp-content\/uploads\/2021\/09\/British-20210917144402.jpg\",\"width\":800,\"height\":800,\"caption\":\"Britische Schlauchschelle\"},{\"@type\":\"BreadcrumbList\",\"@id\":\"https:\/\/btektech.com\/de\/product\/britische-schlauchklemme\/#breadcrumb\",\"itemListElement\":[{\"@type\":\"ListItem\",\"position\":1,\"name\":\"Home\",\"item\":\"https:\/\/btektech.com\/de\/home-2\/\"},{\"@type\":\"ListItem\",\"position\":2,\"name\":\"\u00dcr\u00fcnler\",\"item\":\"https:\/\/btektech.com\/tr\/shop\/\"},{\"@type\":\"ListItem\",\"position\":3,\"name\":\"Heavy-Duty &amp; Industrial Hose Clamps\",\"item\":\"https:\/\/btektech.com\/product-category\/heavy-duty-and-industrial-hose-clamps\/\"},{\"@type\":\"ListItem\",\"position\":4,\"name\":\"Britische Schlauchschelle\"}]},{\"@type\":\"WebSite\",\"@id\":\"https:\/\/btektech.com\/#website\",\"url\":\"https:\/\/btektech.com\/\",\"name\":\"Btektech\",\"description\":\"\",\"publisher\":{\"@id\":\"https:\/\/btektech.com\/#organization\"},\"potentialAction\":[{\"@type\":\"SearchAction\",\"target\":{\"@type\":\"EntryPoint\",\"urlTemplate\":\"https:\/\/btektech.com\/?s={search_term_string}\"},\"query-input\":{\"@type\":\"PropertyValueSpecification\",\"valueRequired\":true,\"valueName\":\"search_term_string\"}}],\"inLanguage\":\"de\"},{\"@type\":\"Organization\",\"@id\":\"https:\/\/btektech.com\/#organization\",\"name\":\"Btektech\",\"url\":\"https:\/\/btektech.com\/\",\"logo\":{\"@type\":\"ImageObject\",\"inLanguage\":\"de\",\"@id\":\"https:\/\/btektech.com\/#\/schema\/logo\/image\/\",\"url\":\"https:\/\/btektech.com\/wp-content\/uploads\/2021\/08\/btektech-logo.png\",\"contentUrl\":\"https:\/\/btektech.com\/wp-content\/uploads\/2021\/08\/btektech-logo.png\",\"width\":250,\"height\":114,\"caption\":\"Btektech\"},\"image\":{\"@id\":\"https:\/\/btektech.com\/#\/schema\/logo\/image\/\"},\"sameAs\":[\"https:\/\/x.com\/Btektech1\",\"https:\/\/www.instagram.com\/btektech\/\",\"https:\/\/www.linkedin.com\/company\/suzhou-baotailong-electronic-materials-co-ltd\/\",\"https:\/\/www.pinterest.com\/btektech\/_saved\/\",\"https:\/\/www.youtube.com\/channel\/UCBiw4Bc4CmQDrdo-QqyVTqQ\"]}]}<\/script>\n<!-- \/ Yoast SEO plugin. -->","yoast_head_json":{"title":"Britische Schlauchschelle - Btektech","description":"Die britische Schlauchschelle hat ein spezielles und festes B\u00fcgelsitzsystem. Der gerollte Reifen mit einem glatten inneren Stahlband und der inneren Oberfl\u00e4che kann den weichen Schlauch effektiv vor Abrieb sch\u00fctzen.","robots":{"index":"index","follow":"follow","max-snippet":"max-snippet:-1","max-image-preview":"max-image-preview:large","max-video-preview":"max-video-preview:-1"},"canonical":"https:\/\/btektech.com\/de\/product\/britische-schlauchklemme\/","og_locale":"de_DE","og_type":"article","og_title":"Britische Schlauchschelle - Btektech","og_description":"Die britische Schlauchschelle hat ein spezielles und festes B\u00fcgelsitzsystem. Der gerollte Reifen mit einem glatten inneren Stahlband und der inneren Oberfl\u00e4che kann den weichen Schlauch effektiv vor Abrieb sch\u00fctzen.","og_url":"https:\/\/btektech.com\/de\/product\/britische-schlauchklemme\/","og_site_name":"Btektech","article_modified_time":"2022-11-21T01:42:58+00:00","og_image":[{"width":800,"height":800,"url":"https:\/\/btektech.com\/wp-content\/uploads\/2021\/09\/British-20210917144402.jpg","type":"image\/jpeg"}],"twitter_card":"summary_large_image","twitter_site":"@Btektech1","twitter_misc":{"Gesch\u00e4tzte Lesezeit":"1\u00a0Minute"},"schema":{"@context":"https:\/\/schema.org","@graph":[{"@type":["WebPage","ItemPage"],"@id":"https:\/\/btektech.com\/de\/product\/britische-schlauchklemme\/","url":"https:\/\/btektech.com\/de\/product\/britische-schlauchklemme\/","name":"Britische Schlauchschelle - Btektech","isPartOf":{"@id":"https:\/\/btektech.com\/#website"},"primaryImageOfPage":{"@id":"https:\/\/btektech.com\/de\/product\/britische-schlauchklemme\/#primaryimage"},"image":{"@id":"https:\/\/btektech.com\/de\/product\/britische-schlauchklemme\/#primaryimage"},"thumbnailUrl":"https:\/\/btektech.com\/wp-content\/uploads\/2021\/09\/British-20210917144402.jpg","datePublished":"2022-04-25T17:56:33+00:00","dateModified":"2022-11-21T01:42:58+00:00","description":"Die britische Schlauchschelle hat ein spezielles und festes B\u00fcgelsitzsystem. Der gerollte Reifen mit einem glatten inneren Stahlband und der inneren Oberfl\u00e4che kann den weichen Schlauch effektiv vor Abrieb sch\u00fctzen.","breadcrumb":{"@id":"https:\/\/btektech.com\/de\/product\/britische-schlauchklemme\/#breadcrumb"},"inLanguage":"de","potentialAction":[{"@type":"ReadAction","target":["https:\/\/btektech.com\/de\/product\/britische-schlauchklemme\/"]}]},{"@type":"ImageObject","inLanguage":"de","@id":"https:\/\/btektech.com\/de\/product\/britische-schlauchklemme\/#primaryimage","url":"https:\/\/btektech.com\/wp-content\/uploads\/2021\/09\/British-20210917144402.jpg","contentUrl":"https:\/\/btektech.com\/wp-content\/uploads\/2021\/09\/British-20210917144402.jpg","width":800,"height":800,"caption":"Britische Schlauchschelle"},{"@type":"BreadcrumbList","@id":"https:\/\/btektech.com\/de\/product\/britische-schlauchklemme\/#breadcrumb","itemListElement":[{"@type":"ListItem","position":1,"name":"Home","item":"https:\/\/btektech.com\/de\/home-2\/"},{"@type":"ListItem","position":2,"name":"\u00dcr\u00fcnler","item":"https:\/\/btektech.com\/tr\/shop\/"},{"@type":"ListItem","position":3,"name":"Heavy-Duty &amp; Industrial Hose Clamps","item":"https:\/\/btektech.com\/product-category\/heavy-duty-and-industrial-hose-clamps\/"},{"@type":"ListItem","position":4,"name":"Britische Schlauchschelle"}]},{"@type":"WebSite","@id":"https:\/\/btektech.com\/#website","url":"https:\/\/btektech.com\/","name":"Btektech","description":"","publisher":{"@id":"https:\/\/btektech.com\/#organization"},"potentialAction":[{"@type":"SearchAction","target":{"@type":"EntryPoint","urlTemplate":"https:\/\/btektech.com\/?s={search_term_string}"},"query-input":{"@type":"PropertyValueSpecification","valueRequired":true,"valueName":"search_term_string"}}],"inLanguage":"de"},{"@type":"Organization","@id":"https:\/\/btektech.com\/#organization","name":"Btektech","url":"https:\/\/btektech.com\/","logo":{"@type":"ImageObject","inLanguage":"de","@id":"https:\/\/btektech.com\/#\/schema\/logo\/image\/","url":"https:\/\/btektech.com\/wp-content\/uploads\/2021\/08\/btektech-logo.png","contentUrl":"https:\/\/btektech.com\/wp-content\/uploads\/2021\/08\/btektech-logo.png","width":250,"height":114,"caption":"Btektech"},"image":{"@id":"https:\/\/btektech.com\/#\/schema\/logo\/image\/"},"sameAs":["https:\/\/x.com\/Btektech1","https:\/\/www.instagram.com\/btektech\/","https:\/\/www.linkedin.com\/company\/suzhou-baotailong-electronic-materials-co-ltd\/","https:\/\/www.pinterest.com\/btektech\/_saved\/","https:\/\/www.youtube.com\/channel\/UCBiw4Bc4CmQDrdo-QqyVTqQ"]}]}},"_links":{"self":[{"href":"https:\/\/btektech.com\/de\/wp-json\/wp\/v2\/product\/5409","targetHints":{"allow":["GET"]}}],"collection":[{"href":"https:\/\/btektech.com\/de\/wp-json\/wp\/v2\/product"}],"about":[{"href":"https:\/\/btektech.com\/de\/wp-json\/wp\/v2\/types\/product"}],"replies":[{"embeddable":true,"href":"https:\/\/btektech.com\/de\/wp-json\/wp\/v2\/comments?post=5409"}],"version-history":[{"count":0,"href":"https:\/\/btektech.com\/de\/wp-json\/wp\/v2\/product\/5409\/revisions"}],"wp:featuredmedia":[{"embeddable":true,"href":"https:\/\/btektech.com\/de\/wp-json\/wp\/v2\/media\/2411"}],"wp:attachment":[{"href":"https:\/\/btektech.com\/de\/wp-json\/wp\/v2\/media?parent=5409"}],"wp:term":[{"taxonomy":"product_brand","embeddable":true,"href":"https:\/\/btektech.com\/de\/wp-json\/wp\/v2\/product_brand?post=5409"},{"taxonomy":"product_cat","embeddable":true,"href":"https:\/\/btektech.com\/de\/wp-json\/wp\/v2\/product_cat?post=5409"},{"taxonomy":"product_tag","embeddable":true,"href":"https:\/\/btektech.com\/de\/wp-json\/wp\/v2\/product_tag?post=5409"}],"curies":[{"name":"wp","href":"https:\/\/api.w.org\/{rel}","templated":true}]}}