{"id":5390,"date":"2021-09-24T03:28:11","date_gmt":"2022-04-25T17:53:00","guid":{"rendered":"https:\/\/btektech.com\/product\/band-und-buendelklemme\/"},"modified":"2022-11-21T01:46:14","modified_gmt":"2022-11-21T01:46:14","slug":"klemme-gummi","status":"publish","type":"product","link":"https:\/\/btektech.com\/de\/product\/klemme-gummi\/","title":{"rendered":"Klemme Gummi"},"content":{"rendered":"<p>Das Hauptmerkmal dieser Gummipolsterschelle besteht darin, die starren Rohre, Schl\u00e4uche und Kabel zu sch\u00fctzen, die befestigt werden m\u00fcssen. Das Gummipolster hat die F\u00e4higkeit, Vibrationen w\u00e4hrend des Trainings, der Reibung und der Isolationsfunktion zu vermeiden.<\/p>\n<div style=\"overflow-x: auto;\">\n<table>\n<tbody>\n<tr>\n<th>Bereich<\/th>\n<td>40-20<\/td>\n<td>4-25<\/td>\n<td>5-14<\/td>\n<td>15-46<\/td>\n<td>10-25<\/td>\n<td>26-25<\/td>\n<td>15-49<\/td>\n<td>50-150<\/td>\n<\/tr>\n<tr>\n<th>b1<\/th>\n<td>9<\/td>\n<td>12<\/td>\n<td>15<\/td>\n<td>15<\/td>\n<td>20<\/td>\n<td>20<\/td>\n<td>25<\/td>\n<td>25<\/td>\n<\/tr>\n<tr>\n<th>b2<\/th>\n<td>13<\/td>\n<td>15<\/td>\n<td>19<\/td>\n<td>19<\/td>\n<td>25<\/td>\n<td>25<\/td>\n<td>31<\/td>\n<td>31<\/td>\n<\/tr>\n<tr>\n<th>DN<\/th>\n<td>4.3<\/td>\n<td>5.3<\/td>\n<td>6.4<\/td>\n<td>6.4<\/td>\n<td>8.4<\/td>\n<td>8.4<\/td>\n<td>10.5<\/td>\n<td>10.5<\/td>\n<\/tr>\n<tr>\n<th rowspan=\"2\">d3<\/th>\n<td>d1+<\/td>\n<td>d1+<\/td>\n<td>d1+<\/td>\n<td>d1+<\/td>\n<td>d1+<\/td>\n<td>d1+<\/td>\n<td>d1+<\/td>\n<td>d1+<\/td>\n<\/tr>\n<tr>\n<td>5.2<\/td>\n<td>5.8<\/td>\n<td>7.4<\/td>\n<td>7.4<\/td>\n<td>9<\/td>\n<td>9<\/td>\n<td>13<\/td>\n<td>13<\/td>\n<\/tr>\n<tr>\n<th rowspan=\"2\">L1<\/th>\n<td>d1\/2+<\/td>\n<td>d1\/2+<\/td>\n<td>d1\/2+<\/td>\n<td>d1\/2+<\/td>\n<td>d1\/2+<\/td>\n<td>d1\/2+<\/td>\n<td>d1\/2+<\/td>\n<td>d1\/2+<\/td>\n<\/tr>\n<tr>\n<td>4.7<\/td>\n<td>6.8<\/td>\n<td>9.7<\/td>\n<td>9.7<\/td>\n<td>12.5<\/td>\n<td>12.5<\/td>\n<td>14.5<\/td>\n<td>14.5<\/td>\n<\/tr>\n<tr>\n<th rowspan=\"2\">L2 MAX<\/th>\n<td>d1\/2+<\/td>\n<td>d1\/2+<\/td>\n<td>d1\/2+<\/td>\n<td>d1\/2+<\/td>\n<td>d1\/2+<\/td>\n<td>d1\/2+<\/td>\n<td>d1\/2+<\/td>\n<td>d1\/2+<\/td>\n<\/tr>\n<tr>\n<td>9.2<\/td>\n<td>13<\/td>\n<td>17.2<\/td>\n<td>17.2<\/td>\n<td>22.5<\/td>\n<td>22.5<\/td>\n<td>27<\/td>\n<td>27<\/td>\n<\/tr>\n<tr>\n<th rowspan=\"2\">L3<\/th>\n<td>d1\/2+<\/td>\n<td>d1\/2+<\/td>\n<td>d1\/2+<\/td>\n<td>d1\/2+<\/td>\n<td>d1\/2+<\/td>\n<td>d1\/2+<\/td>\n<td>d1\/2+<\/td>\n<td>d1\/2+<\/td>\n<\/tr>\n<tr>\n<td>5.7<\/td>\n<td>8<\/td>\n<td>11.2<\/td>\n<td>11.2<\/td>\n<td>14.5<\/td>\n<td>14.5<\/td>\n<td>17.5<\/td>\n<td>17.5<\/td>\n<\/tr>\n<tr>\n<th rowspan=\"2\">L4 MAX<\/th>\n<td>d1\/2+<\/td>\n<td>d1\/2+<\/td>\n<td>d1\/2+<\/td>\n<td>d1\/2+<\/td>\n<td>d1\/2+<\/td>\n<td>d1\/2+<\/td>\n<td>d1\/2+<\/td>\n<td>d1\/2+<\/td>\n<\/tr>\n<tr>\n<td>10.2<\/td>\n<td>14<\/td>\n<td>18.7<\/td>\n<td>18.7<\/td>\n<td>24.5<\/td>\n<td>24.5<\/td>\n<td>30<\/td>\n<td>30<\/td>\n<\/tr>\n<tr>\n<th rowspan=\"2\">L5<\/th>\n<td>d1\/2+<\/td>\n<td>d1\/2+<\/td>\n<td>d1\/2+<\/td>\n<td>d1\/2+<\/td>\n<td>d1\/2+<\/td>\n<td>d1\/2+<\/td>\n<td>d1\/2+<\/td>\n<td>d1\/2+<\/td>\n<\/tr>\n<tr>\n<td>4.7<\/td>\n<td>6.8<\/td>\n<td>9.7<\/td>\n<td>9.7<\/td>\n<td>12.5<\/td>\n<td>12.5<\/td>\n<td>14.5<\/td>\n<td>14.5<\/td>\n<\/tr>\n<tr>\n<th rowspan=\"2\">L6 MAX<\/th>\n<td>d1\/2+<\/td>\n<td>d1\/2+<\/td>\n<td>d1\/2+<\/td>\n<td>d1\/2+<\/td>\n<td>d1\/2+<\/td>\n<td>d1\/2+<\/td>\n<td>d1\/2+<\/td>\n<td>d1\/2+<\/td>\n<\/tr>\n<tr>\n<td>9.2<\/td>\n<td>13<\/td>\n<td>17.2<\/td>\n<td>17.2<\/td>\n<td>22.5<\/td>\n<td>22.5<\/td>\n<td>27<\/td>\n<td>27<\/td>\n<\/tr>\n<tr>\n<th rowspan=\"2\">L7<\/th>\n<td>d1\/2+<\/td>\n<td>d1\/2+<\/td>\n<td>d1\/2+<\/td>\n<td>d1\/2+<\/td>\n<td>d1\/2+<\/td>\n<td>d1\/2+<\/td>\n<td>d1\/2+<\/td>\n<td>d1\/2+<\/td>\n<\/tr>\n<tr>\n<td>5.7<\/td>\n<td>8<\/td>\n<td>11.2<\/td>\n<td>11.2<\/td>\n<td>14.5<\/td>\n<td>14.5<\/td>\n<td>17.5<\/td>\n<td>17.5<\/td>\n<\/tr>\n<tr>\n<th rowspan=\"2\">L8 MAX<\/th>\n<td>d1\/2+<\/td>\n<td>d1\/2+<\/td>\n<td>d1\/2+<\/td>\n<td>d1\/2+<\/td>\n<td>d1\/2+<\/td>\n<td>d1\/2+<\/td>\n<td>d1\/2+<\/td>\n<td>d1\/2+<\/td>\n<\/tr>\n<tr>\n<td>10.2<\/td>\n<td>14<\/td>\n<td>18.7<\/td>\n<td>18.7<\/td>\n<td>24.5<\/td>\n<td>24.5<\/td>\n<td>30<\/td>\n<td>30<\/td>\n<\/tr>\n<tr>\n<th>S1 W1<\/th>\n<td>0.4<\/td>\n<td>0.5<\/td>\n<td>0.5<\/td>\n<td>0.8<\/td>\n<td>0.8<\/td>\n<td>1<\/td>\n<td>1<\/td>\n<td>1.25<\/td>\n<\/tr>\n<tr>\n<th>W2<\/th>\n<td>0.4<\/td>\n<td>0.5<\/td>\n<td>0.6<\/td>\n<td>0.6<\/td>\n<td>0.8<\/td>\n<td>0.8<\/td>\n<td>1<\/td>\n<td>1.25<\/td>\n<\/tr>\n<tr>\n<th>S2 W1<\/th>\n<td>1.4<\/td>\n<td>1.5<\/td>\n<td>1.6<\/td>\n<td>1.8<\/td>\n<td>2.3<\/td>\n<td>2.5<\/td>\n<td>2.3<\/td>\n<td>2.75<\/td>\n<\/tr>\n<tr>\n<th>W2<\/th>\n<td>1.4<\/td>\n<td>1.5<\/td>\n<td>1.6<\/td>\n<td>1.6<\/td>\n<td>2.3<\/td>\n<td>2.3<\/td>\n<td>2.3<\/td>\n<td>2.5<\/td>\n<\/tr>\n<tr>\n<th>S3<\/th>\n<td>1<\/td>\n<td>1.2<\/td>\n<td>1.5<\/td>\n<td>1.5<\/td>\n<td>2<\/td>\n<td>2<\/td>\n<td>3<\/td>\n<td>3<\/td>\n<\/tr>\n<\/tbody>\n<\/table>\n<\/div>\n","protected":false},"excerpt":{"rendered":"<p>Gummipolsterklemmen werden h\u00e4ufig zur Befestigung aller Arten von Rohren mit guter Antilockerungs- und Sto\u00dfd\u00e4mpfungswirkung verwendet.<\/p>\n","protected":false},"featured_media":2515,"comment_status":"open","ping_status":"closed","template":"","meta":{"_acf_changed":false},"product_brand":[],"product_cat":[139],"product_tag":[],"class_list":{"0":"post-5390","1":"product","2":"type-product","3":"status-publish","4":"has-post-thumbnail","6":"product_cat-schlauchschellen","8":"first","9":"instock","10":"shipping-taxable","11":"product-type-simple"},"acf":[],"yoast_head":"<!-- This site is optimized with the Yoast SEO plugin v26.0 - https:\/\/yoast.com\/wordpress\/plugins\/seo\/ -->\n<title>Klemme Gummi - Btektech<\/title>\n<meta name=\"description\" content=\"Klemme Gummi werden h\u00e4ufig zur Befestigung aller Arten von Rohren mit guter Antilockerungs- und Sto\u00dfd\u00e4mpfungswirkung verwendet.\" \/>\n<meta name=\"robots\" content=\"index, follow, max-snippet:-1, max-image-preview:large, max-video-preview:-1\" \/>\n<link rel=\"canonical\" href=\"https:\/\/btektech.com\/de\/product\/klemme-gummi\/\" \/>\n<meta property=\"og:locale\" content=\"de_DE\" \/>\n<meta property=\"og:type\" content=\"article\" \/>\n<meta property=\"og:title\" content=\"Klemme Gummi - Btektech\" \/>\n<meta property=\"og:description\" content=\"Klemme Gummi werden h\u00e4ufig zur Befestigung aller Arten von Rohren mit guter Antilockerungs- und Sto\u00dfd\u00e4mpfungswirkung verwendet.\" \/>\n<meta property=\"og:url\" content=\"https:\/\/btektech.com\/de\/product\/klemme-gummi\/\" \/>\n<meta property=\"og:site_name\" content=\"Btektech\" \/>\n<meta property=\"article:modified_time\" content=\"2022-11-21T01:46:14+00:00\" \/>\n<meta property=\"og:image\" content=\"https:\/\/btektech.com\/wp-content\/uploads\/2021\/09\/17.jpg\" \/>\n\t<meta property=\"og:image:width\" content=\"800\" \/>\n\t<meta property=\"og:image:height\" content=\"800\" \/>\n\t<meta property=\"og:image:type\" content=\"image\/jpeg\" \/>\n<meta name=\"twitter:card\" content=\"summary_large_image\" \/>\n<meta name=\"twitter:site\" content=\"@Btektech1\" \/>\n<meta name=\"twitter:label1\" content=\"Gesch\u00e4tzte Lesezeit\" \/>\n\t<meta name=\"twitter:data1\" content=\"2\u00a0Minuten\" \/>\n<script type=\"application\/ld+json\" class=\"yoast-schema-graph\">{\"@context\":\"https:\/\/schema.org\",\"@graph\":[{\"@type\":[\"WebPage\",\"ItemPage\"],\"@id\":\"https:\/\/btektech.com\/de\/product\/klemme-gummi\/\",\"url\":\"https:\/\/btektech.com\/de\/product\/klemme-gummi\/\",\"name\":\"Klemme Gummi - Btektech\",\"isPartOf\":{\"@id\":\"https:\/\/btektech.com\/#website\"},\"primaryImageOfPage\":{\"@id\":\"https:\/\/btektech.com\/de\/product\/klemme-gummi\/#primaryimage\"},\"image\":{\"@id\":\"https:\/\/btektech.com\/de\/product\/klemme-gummi\/#primaryimage\"},\"thumbnailUrl\":\"https:\/\/btektech.com\/wp-content\/uploads\/2021\/09\/17.jpg\",\"datePublished\":\"2022-04-25T17:53:00+00:00\",\"dateModified\":\"2022-11-21T01:46:14+00:00\",\"description\":\"Klemme Gummi werden h\u00e4ufig zur Befestigung aller Arten von Rohren mit guter Antilockerungs- und Sto\u00dfd\u00e4mpfungswirkung verwendet.\",\"breadcrumb\":{\"@id\":\"https:\/\/btektech.com\/de\/product\/klemme-gummi\/#breadcrumb\"},\"inLanguage\":\"de\",\"potentialAction\":[{\"@type\":\"ReadAction\",\"target\":[\"https:\/\/btektech.com\/de\/product\/klemme-gummi\/\"]}]},{\"@type\":\"ImageObject\",\"inLanguage\":\"de\",\"@id\":\"https:\/\/btektech.com\/de\/product\/klemme-gummi\/#primaryimage\",\"url\":\"https:\/\/btektech.com\/wp-content\/uploads\/2021\/09\/17.jpg\",\"contentUrl\":\"https:\/\/btektech.com\/wp-content\/uploads\/2021\/09\/17.jpg\",\"width\":800,\"height\":800,\"caption\":\"Klemme Gummi\"},{\"@type\":\"BreadcrumbList\",\"@id\":\"https:\/\/btektech.com\/de\/product\/klemme-gummi\/#breadcrumb\",\"itemListElement\":[{\"@type\":\"ListItem\",\"position\":1,\"name\":\"Home\",\"item\":\"https:\/\/btektech.com\/de\/home-2\/\"},{\"@type\":\"ListItem\",\"position\":2,\"name\":\"\u00dcr\u00fcnler\",\"item\":\"https:\/\/btektech.com\/tr\/shop\/\"},{\"@type\":\"ListItem\",\"position\":3,\"name\":\"Heavy-Duty &amp; Industrial Hose Clamps\",\"item\":\"https:\/\/btektech.com\/product-category\/heavy-duty-and-industrial-hose-clamps\/\"},{\"@type\":\"ListItem\",\"position\":4,\"name\":\"Klemme Gummi\"}]},{\"@type\":\"WebSite\",\"@id\":\"https:\/\/btektech.com\/#website\",\"url\":\"https:\/\/btektech.com\/\",\"name\":\"Btektech\",\"description\":\"\",\"publisher\":{\"@id\":\"https:\/\/btektech.com\/#organization\"},\"potentialAction\":[{\"@type\":\"SearchAction\",\"target\":{\"@type\":\"EntryPoint\",\"urlTemplate\":\"https:\/\/btektech.com\/?s={search_term_string}\"},\"query-input\":{\"@type\":\"PropertyValueSpecification\",\"valueRequired\":true,\"valueName\":\"search_term_string\"}}],\"inLanguage\":\"de\"},{\"@type\":\"Organization\",\"@id\":\"https:\/\/btektech.com\/#organization\",\"name\":\"Btektech\",\"url\":\"https:\/\/btektech.com\/\",\"logo\":{\"@type\":\"ImageObject\",\"inLanguage\":\"de\",\"@id\":\"https:\/\/btektech.com\/#\/schema\/logo\/image\/\",\"url\":\"https:\/\/btektech.com\/wp-content\/uploads\/2021\/08\/btektech-logo.png\",\"contentUrl\":\"https:\/\/btektech.com\/wp-content\/uploads\/2021\/08\/btektech-logo.png\",\"width\":250,\"height\":114,\"caption\":\"Btektech\"},\"image\":{\"@id\":\"https:\/\/btektech.com\/#\/schema\/logo\/image\/\"},\"sameAs\":[\"https:\/\/x.com\/Btektech1\",\"https:\/\/www.instagram.com\/btektech\/\",\"https:\/\/www.linkedin.com\/company\/suzhou-baotailong-electronic-materials-co-ltd\/\",\"https:\/\/www.pinterest.com\/btektech\/_saved\/\",\"https:\/\/www.youtube.com\/channel\/UCBiw4Bc4CmQDrdo-QqyVTqQ\"]}]}<\/script>\n<!-- \/ Yoast SEO plugin. -->","yoast_head_json":{"title":"Klemme Gummi - Btektech","description":"Klemme Gummi werden h\u00e4ufig zur Befestigung aller Arten von Rohren mit guter Antilockerungs- und Sto\u00dfd\u00e4mpfungswirkung verwendet.","robots":{"index":"index","follow":"follow","max-snippet":"max-snippet:-1","max-image-preview":"max-image-preview:large","max-video-preview":"max-video-preview:-1"},"canonical":"https:\/\/btektech.com\/de\/product\/klemme-gummi\/","og_locale":"de_DE","og_type":"article","og_title":"Klemme Gummi - Btektech","og_description":"Klemme Gummi werden h\u00e4ufig zur Befestigung aller Arten von Rohren mit guter Antilockerungs- und Sto\u00dfd\u00e4mpfungswirkung verwendet.","og_url":"https:\/\/btektech.com\/de\/product\/klemme-gummi\/","og_site_name":"Btektech","article_modified_time":"2022-11-21T01:46:14+00:00","og_image":[{"width":800,"height":800,"url":"https:\/\/btektech.com\/wp-content\/uploads\/2021\/09\/17.jpg","type":"image\/jpeg"}],"twitter_card":"summary_large_image","twitter_site":"@Btektech1","twitter_misc":{"Gesch\u00e4tzte Lesezeit":"2\u00a0Minuten"},"schema":{"@context":"https:\/\/schema.org","@graph":[{"@type":["WebPage","ItemPage"],"@id":"https:\/\/btektech.com\/de\/product\/klemme-gummi\/","url":"https:\/\/btektech.com\/de\/product\/klemme-gummi\/","name":"Klemme Gummi - Btektech","isPartOf":{"@id":"https:\/\/btektech.com\/#website"},"primaryImageOfPage":{"@id":"https:\/\/btektech.com\/de\/product\/klemme-gummi\/#primaryimage"},"image":{"@id":"https:\/\/btektech.com\/de\/product\/klemme-gummi\/#primaryimage"},"thumbnailUrl":"https:\/\/btektech.com\/wp-content\/uploads\/2021\/09\/17.jpg","datePublished":"2022-04-25T17:53:00+00:00","dateModified":"2022-11-21T01:46:14+00:00","description":"Klemme Gummi werden h\u00e4ufig zur Befestigung aller Arten von Rohren mit guter Antilockerungs- und Sto\u00dfd\u00e4mpfungswirkung verwendet.","breadcrumb":{"@id":"https:\/\/btektech.com\/de\/product\/klemme-gummi\/#breadcrumb"},"inLanguage":"de","potentialAction":[{"@type":"ReadAction","target":["https:\/\/btektech.com\/de\/product\/klemme-gummi\/"]}]},{"@type":"ImageObject","inLanguage":"de","@id":"https:\/\/btektech.com\/de\/product\/klemme-gummi\/#primaryimage","url":"https:\/\/btektech.com\/wp-content\/uploads\/2021\/09\/17.jpg","contentUrl":"https:\/\/btektech.com\/wp-content\/uploads\/2021\/09\/17.jpg","width":800,"height":800,"caption":"Klemme Gummi"},{"@type":"BreadcrumbList","@id":"https:\/\/btektech.com\/de\/product\/klemme-gummi\/#breadcrumb","itemListElement":[{"@type":"ListItem","position":1,"name":"Home","item":"https:\/\/btektech.com\/de\/home-2\/"},{"@type":"ListItem","position":2,"name":"\u00dcr\u00fcnler","item":"https:\/\/btektech.com\/tr\/shop\/"},{"@type":"ListItem","position":3,"name":"Heavy-Duty &amp; Industrial Hose Clamps","item":"https:\/\/btektech.com\/product-category\/heavy-duty-and-industrial-hose-clamps\/"},{"@type":"ListItem","position":4,"name":"Klemme Gummi"}]},{"@type":"WebSite","@id":"https:\/\/btektech.com\/#website","url":"https:\/\/btektech.com\/","name":"Btektech","description":"","publisher":{"@id":"https:\/\/btektech.com\/#organization"},"potentialAction":[{"@type":"SearchAction","target":{"@type":"EntryPoint","urlTemplate":"https:\/\/btektech.com\/?s={search_term_string}"},"query-input":{"@type":"PropertyValueSpecification","valueRequired":true,"valueName":"search_term_string"}}],"inLanguage":"de"},{"@type":"Organization","@id":"https:\/\/btektech.com\/#organization","name":"Btektech","url":"https:\/\/btektech.com\/","logo":{"@type":"ImageObject","inLanguage":"de","@id":"https:\/\/btektech.com\/#\/schema\/logo\/image\/","url":"https:\/\/btektech.com\/wp-content\/uploads\/2021\/08\/btektech-logo.png","contentUrl":"https:\/\/btektech.com\/wp-content\/uploads\/2021\/08\/btektech-logo.png","width":250,"height":114,"caption":"Btektech"},"image":{"@id":"https:\/\/btektech.com\/#\/schema\/logo\/image\/"},"sameAs":["https:\/\/x.com\/Btektech1","https:\/\/www.instagram.com\/btektech\/","https:\/\/www.linkedin.com\/company\/suzhou-baotailong-electronic-materials-co-ltd\/","https:\/\/www.pinterest.com\/btektech\/_saved\/","https:\/\/www.youtube.com\/channel\/UCBiw4Bc4CmQDrdo-QqyVTqQ"]}]}},"_links":{"self":[{"href":"https:\/\/btektech.com\/de\/wp-json\/wp\/v2\/product\/5390","targetHints":{"allow":["GET"]}}],"collection":[{"href":"https:\/\/btektech.com\/de\/wp-json\/wp\/v2\/product"}],"about":[{"href":"https:\/\/btektech.com\/de\/wp-json\/wp\/v2\/types\/product"}],"replies":[{"embeddable":true,"href":"https:\/\/btektech.com\/de\/wp-json\/wp\/v2\/comments?post=5390"}],"version-history":[{"count":0,"href":"https:\/\/btektech.com\/de\/wp-json\/wp\/v2\/product\/5390\/revisions"}],"wp:featuredmedia":[{"embeddable":true,"href":"https:\/\/btektech.com\/de\/wp-json\/wp\/v2\/media\/2515"}],"wp:attachment":[{"href":"https:\/\/btektech.com\/de\/wp-json\/wp\/v2\/media?parent=5390"}],"wp:term":[{"taxonomy":"product_brand","embeddable":true,"href":"https:\/\/btektech.com\/de\/wp-json\/wp\/v2\/product_brand?post=5390"},{"taxonomy":"product_cat","embeddable":true,"href":"https:\/\/btektech.com\/de\/wp-json\/wp\/v2\/product_cat?post=5390"},{"taxonomy":"product_tag","embeddable":true,"href":"https:\/\/btektech.com\/de\/wp-json\/wp\/v2\/product_tag?post=5390"}],"curies":[{"name":"wp","href":"https:\/\/api.w.org\/{rel}","templated":true}]}}