{"id":5386,"date":"2021-09-26T03:57:46","date_gmt":"2021-09-26T03:57:46","guid":{"rendered":"https:\/\/btektech.com\/product\/dual-epoxy-pistole\/"},"modified":"2022-07-27T03:44:31","modified_gmt":"2022-07-27T03:44:31","slug":"dual-epoxy-pistole","status":"publish","type":"product","link":"https:\/\/btektech.com\/de\/product\/dual-epoxy-pistole\/","title":{"rendered":"Dual-Epoxy-Pistole"},"content":{"rendered":"<p>Die Spezifikation der Doppelkartuschen-Epoxidpistole 50 ml ist f\u00fcr AB-Kartuschen mit 50 ml geeignet, die Verh\u00e4ltnisse von 1: 1, 2: 1, 4: 1 und 10: 1 aufweisen. Dar\u00fcber hinaus verf\u00fcgt die Epoxidpistole von Btektech \u00fcber eine 75-ml-10: 1-Doppelkartuschen-Applikator-Epoxidpistole und eine 30-ml-, 50-ml-Einkomponenten-Klebepistole.<\/p>\n<div style=\"text-align:center;\">\n<img fetchpriority=\"high\" decoding=\"async\"  class=\"alignnone size-full wp-image-5141\" src=\"https:\/\/btektech.com\/wp-content\/uploads\/2021\/09\/epoxy-gun-plunger.jpg\" alt=\"epoxy gun plunger\" width=\"300\" height=\"200\">\n<\/div>\n<div style=\"overflow-x: auto;\">\n<table style=\"text-align: center;\">\n<tbody>\n<caption style=\"font-size: 30px;font-weight:600;\">Die Spezifikation der Epoxidpistole mit zwei Patronen<\/caption>\n<tr>\n<th>Art.-Nr.<\/th>\n<th>Verh\u00e4ltnis<\/th>\n<th>Farbe<\/th>\n<th>Material(K\u00f6rper)<\/th>\n<th>Material(Kolben)<\/th>\n<\/tr>\n<tr>\n<td>FT50-11<\/td>\n<td>1:01<\/td>\n<td>Nicht-gerade weiss<\/td>\n<td>PP+PA<\/td>\n<td>Metall<\/td>\n<\/tr>\n<tr>\n<td>FT50-12<\/td>\n<td>2:01<\/td>\n<td>Nicht-gerade weiss<\/td>\n<td>PP+PA<\/td>\n<td>Metall<\/td>\n<\/tr>\n<tr>\n<td>FT50-14<\/td>\n<td>1:04<\/td>\n<td>Nicht-gerade weiss<\/td>\n<td>PP+PA<\/td>\n<td>Metall<\/td>\n<\/tr>\n<tr>\n<td>FT50-101<\/td>\n<td>10:01<\/td>\n<td>Nicht-gerade weiss<\/td>\n<td>PP+PA<\/td>\n<td>Metall<\/td>\n<\/tr>\n<tr>\n<td>FT75-101<\/td>\n<td>10:01<\/td>\n<td>Nicht-gerade weiss<\/td>\n<td>PP+PA<\/td>\n<td>Metall<\/td>\n<\/tr>\n<\/tbody>\n<\/table>\n<p>Der Griff der Epoxid-Klebepistole ist mit einem gro\u00dfz\u00fcgigen Aussehen humanisiert. Der Kolben ist langlebig und nicht leicht zu tragen. Das Strukturdesign der Epoxidpistole ist glatt. Die Leimkartusche ist einfach zu installieren und zu demontieren. Die Doppelkartuschen-Epoxy-Pistole ist f\u00fcr den manuellen Betrieb geeignet.<\/p>\n<div style=\"text-align:center;\">\n<img decoding=\"async\" class=\"alignnone size-medium wp-image-5151\" src=\"https:\/\/btektech.com\/wp-content\/uploads\/2021\/09\/dual-epoxy-gun-300x300.jpg\" alt=\"dual epoxy gun\" width=\"300\" height=\"300\" srcset=\"https:\/\/btektech.com\/wp-content\/uploads\/2021\/09\/dual-epoxy-gun.jpg 300w, https:\/\/btektech.com\/wp-content\/uploads\/2021\/09\/dual-epoxy-gun-100x100.jpg 100w, https:\/\/btektech.com\/wp-content\/uploads\/2021\/09\/dual-epoxy-gun-150x150.jpg 150w\" sizes=\"(max-width: 300px) 100vw, 300px\" \/>\n<\/div>\n<p>Diese Art von Produkt eignet sich sehr gut f\u00fcr den manuellen Standardbetrieb, die Demontage und Verwendung ist sehr einfach. Die Tintenpatrone gleitet hinein und wird mit einem Hebel fest fixiert, und dr\u00fccken Sie dann den Griff zusammen, um das gemischte Epoxidharz abzugeben. Bitte beachten Sie, dass Sie auch eine Einweg <a href=\"https:\/\/btektech.com\/product-category\/mixing-nozzles\/\">-Epoxy-Mischd\u00fcse<\/a> ben\u00f6tigen.<\/p>\n<div style=\"text-align:center;\">\n<p><img decoding=\"async\" class=\"alignnone size-medium wp-image-5146\" src=\"https:\/\/btektech.com\/wp-content\/uploads\/2021\/09\/dual-cartridge-epoxy-gun-50ml-300x300.jpg\" alt=\"dual cartridge epoxy gun\" width=\"300\" height=\"300\" srcset=\"https:\/\/btektech.com\/wp-content\/uploads\/2021\/09\/dual-cartridge-epoxy-gun-50ml.jpg 300w, https:\/\/btektech.com\/wp-content\/uploads\/2021\/09\/dual-cartridge-epoxy-gun-50ml-100x100.jpg 100w, https:\/\/btektech.com\/wp-content\/uploads\/2021\/09\/dual-cartridge-epoxy-gun-50ml-150x150.jpg 150w\" sizes=\"(max-width: 300px) 100vw, 300px\" \/>\n<\/div>\n<\/div>\n","protected":false},"excerpt":{"rendered":"<p>Diese Art von Doppelkartuschen-Epoxy-Pistole wird aus polymertechnischen Kunststoffen und Metallger\u00e4ten von guter Qualit\u00e4t mit Eigenschaften wie H\u00e4rte, Leichtigkeit, flexibler Betrieb und Haltbarkeit hergestellt. Unsere Dosierpistole erleichtert das Dosieren von Klebstoff. Es ist speziell zum Verschmieren oder Tropfen verschiedener Zweikomponenten-Kleber oder -Farben geeignet, um das Problem des ungleichm\u00e4\u00dfigen Mischens von Zweikomponenten-Klebeprodukten zu l\u00f6sen.<\/p>\n","protected":false},"featured_media":6050,"comment_status":"open","ping_status":"closed","template":"","meta":{"_acf_changed":false},"product_brand":[],"product_cat":[130],"product_tag":[],"class_list":{"0":"post-5386","1":"product","2":"type-product","3":"status-publish","4":"has-post-thumbnail","6":"product_cat-dosierpistole","8":"first","9":"instock","10":"shipping-taxable","11":"product-type-simple"},"acf":[],"yoast_head":"<!-- This site is optimized with the Yoast SEO plugin v26.0 - https:\/\/yoast.com\/wordpress\/plugins\/seo\/ -->\n<title>Dual-Epoxy-Pistole - Btektech<\/title>\n<meta name=\"description\" content=\"Btektech ist ein f\u00fchrender chinesischer OEM- und ODM-Hersteller von Doppel-Epoxidpistolen. Wir bieten unseren H\u00e4ndlern auch Verpackungsanpassungsdienste an.\" \/>\n<meta name=\"robots\" content=\"index, follow, max-snippet:-1, max-image-preview:large, max-video-preview:-1\" \/>\n<link rel=\"canonical\" href=\"https:\/\/btektech.com\/de\/product\/dual-epoxy-pistole\/\" \/>\n<meta property=\"og:locale\" content=\"de_DE\" \/>\n<meta property=\"og:type\" content=\"article\" \/>\n<meta property=\"og:title\" content=\"Dual-Epoxy-Pistole - Btektech\" \/>\n<meta property=\"og:description\" content=\"Btektech ist ein f\u00fchrender chinesischer OEM- und ODM-Hersteller von Doppel-Epoxidpistolen. Wir bieten unseren H\u00e4ndlern auch Verpackungsanpassungsdienste an.\" \/>\n<meta property=\"og:url\" content=\"https:\/\/btektech.com\/de\/product\/dual-epoxy-pistole\/\" \/>\n<meta property=\"og:site_name\" content=\"Btektech\" \/>\n<meta property=\"article:modified_time\" content=\"2022-07-27T03:44:31+00:00\" \/>\n<meta property=\"og:image\" content=\"https:\/\/btektech.com\/wp-content\/uploads\/2021\/09\/Dual-Epoxy-Gun-2.jpg\" \/>\n\t<meta property=\"og:image:width\" content=\"800\" \/>\n\t<meta property=\"og:image:height\" content=\"800\" \/>\n\t<meta property=\"og:image:type\" content=\"image\/jpeg\" \/>\n<meta name=\"twitter:card\" content=\"summary_large_image\" \/>\n<meta name=\"twitter:site\" content=\"@Btektech1\" \/>\n<meta name=\"twitter:label1\" content=\"Gesch\u00e4tzte Lesezeit\" \/>\n\t<meta name=\"twitter:data1\" content=\"1\u00a0Minute\" \/>\n<script type=\"application\/ld+json\" class=\"yoast-schema-graph\">{\"@context\":\"https:\/\/schema.org\",\"@graph\":[{\"@type\":[\"WebPage\",\"ItemPage\"],\"@id\":\"https:\/\/btektech.com\/de\/product\/dual-epoxy-pistole\/\",\"url\":\"https:\/\/btektech.com\/de\/product\/dual-epoxy-pistole\/\",\"name\":\"Dual-Epoxy-Pistole - Btektech\",\"isPartOf\":{\"@id\":\"https:\/\/btektech.com\/#website\"},\"primaryImageOfPage\":{\"@id\":\"https:\/\/btektech.com\/de\/product\/dual-epoxy-pistole\/#primaryimage\"},\"image\":{\"@id\":\"https:\/\/btektech.com\/de\/product\/dual-epoxy-pistole\/#primaryimage\"},\"thumbnailUrl\":\"https:\/\/btektech.com\/wp-content\/uploads\/2021\/09\/Dual-Epoxy-Gun-2.jpg\",\"datePublished\":\"2021-09-26T03:57:46+00:00\",\"dateModified\":\"2022-07-27T03:44:31+00:00\",\"description\":\"Btektech ist ein f\u00fchrender chinesischer OEM- und ODM-Hersteller von Doppel-Epoxidpistolen. Wir bieten unseren H\u00e4ndlern auch Verpackungsanpassungsdienste an.\",\"breadcrumb\":{\"@id\":\"https:\/\/btektech.com\/de\/product\/dual-epoxy-pistole\/#breadcrumb\"},\"inLanguage\":\"de\",\"potentialAction\":[{\"@type\":\"ReadAction\",\"target\":[\"https:\/\/btektech.com\/de\/product\/dual-epoxy-pistole\/\"]}]},{\"@type\":\"ImageObject\",\"inLanguage\":\"de\",\"@id\":\"https:\/\/btektech.com\/de\/product\/dual-epoxy-pistole\/#primaryimage\",\"url\":\"https:\/\/btektech.com\/wp-content\/uploads\/2021\/09\/Dual-Epoxy-Gun-2.jpg\",\"contentUrl\":\"https:\/\/btektech.com\/wp-content\/uploads\/2021\/09\/Dual-Epoxy-Gun-2.jpg\",\"width\":800,\"height\":800,\"caption\":\"Dual-Epoxy-Pistole\"},{\"@type\":\"BreadcrumbList\",\"@id\":\"https:\/\/btektech.com\/de\/product\/dual-epoxy-pistole\/#breadcrumb\",\"itemListElement\":[{\"@type\":\"ListItem\",\"position\":1,\"name\":\"Home\",\"item\":\"https:\/\/btektech.com\/de\/\"},{\"@type\":\"ListItem\",\"position\":2,\"name\":\"\u00dcr\u00fcnler\",\"item\":\"https:\/\/btektech.com\/tr\/shop\/\"},{\"@type\":\"ListItem\",\"position\":3,\"name\":\"Dispensing Guns\",\"item\":\"https:\/\/btektech.com\/product-category\/dispensing-guns\/\"},{\"@type\":\"ListItem\",\"position\":4,\"name\":\"Dual Cartridge Epoxy Gun&amp;Syringe Guns\",\"item\":\"https:\/\/btektech.com\/product-category\/dispensing-guns\/dual-cartridge-epoxy-gun-and-syringe-guns\/\"},{\"@type\":\"ListItem\",\"position\":5,\"name\":\"Dual-Epoxy-Pistole\"}]},{\"@type\":\"WebSite\",\"@id\":\"https:\/\/btektech.com\/#website\",\"url\":\"https:\/\/btektech.com\/\",\"name\":\"Btektech\",\"description\":\"\",\"publisher\":{\"@id\":\"https:\/\/btektech.com\/#organization\"},\"potentialAction\":[{\"@type\":\"SearchAction\",\"target\":{\"@type\":\"EntryPoint\",\"urlTemplate\":\"https:\/\/btektech.com\/?s={search_term_string}\"},\"query-input\":{\"@type\":\"PropertyValueSpecification\",\"valueRequired\":true,\"valueName\":\"search_term_string\"}}],\"inLanguage\":\"de\"},{\"@type\":\"Organization\",\"@id\":\"https:\/\/btektech.com\/#organization\",\"name\":\"Btektech\",\"url\":\"https:\/\/btektech.com\/\",\"logo\":{\"@type\":\"ImageObject\",\"inLanguage\":\"de\",\"@id\":\"https:\/\/btektech.com\/#\/schema\/logo\/image\/\",\"url\":\"https:\/\/btektech.com\/wp-content\/uploads\/2021\/08\/btektech-logo.png\",\"contentUrl\":\"https:\/\/btektech.com\/wp-content\/uploads\/2021\/08\/btektech-logo.png\",\"width\":250,\"height\":114,\"caption\":\"Btektech\"},\"image\":{\"@id\":\"https:\/\/btektech.com\/#\/schema\/logo\/image\/\"},\"sameAs\":[\"https:\/\/x.com\/Btektech1\",\"https:\/\/www.instagram.com\/btektech\/\",\"https:\/\/www.linkedin.com\/company\/suzhou-baotailong-electronic-materials-co-ltd\/\",\"https:\/\/www.pinterest.com\/btektech\/_saved\/\",\"https:\/\/www.youtube.com\/channel\/UCBiw4Bc4CmQDrdo-QqyVTqQ\"]}]}<\/script>\n<!-- \/ Yoast SEO plugin. -->","yoast_head_json":{"title":"Dual-Epoxy-Pistole - Btektech","description":"Btektech ist ein f\u00fchrender chinesischer OEM- und ODM-Hersteller von Doppel-Epoxidpistolen. Wir bieten unseren H\u00e4ndlern auch Verpackungsanpassungsdienste an.","robots":{"index":"index","follow":"follow","max-snippet":"max-snippet:-1","max-image-preview":"max-image-preview:large","max-video-preview":"max-video-preview:-1"},"canonical":"https:\/\/btektech.com\/de\/product\/dual-epoxy-pistole\/","og_locale":"de_DE","og_type":"article","og_title":"Dual-Epoxy-Pistole - Btektech","og_description":"Btektech ist ein f\u00fchrender chinesischer OEM- und ODM-Hersteller von Doppel-Epoxidpistolen. Wir bieten unseren H\u00e4ndlern auch Verpackungsanpassungsdienste an.","og_url":"https:\/\/btektech.com\/de\/product\/dual-epoxy-pistole\/","og_site_name":"Btektech","article_modified_time":"2022-07-27T03:44:31+00:00","og_image":[{"width":800,"height":800,"url":"https:\/\/btektech.com\/wp-content\/uploads\/2021\/09\/Dual-Epoxy-Gun-2.jpg","type":"image\/jpeg"}],"twitter_card":"summary_large_image","twitter_site":"@Btektech1","twitter_misc":{"Gesch\u00e4tzte Lesezeit":"1\u00a0Minute"},"schema":{"@context":"https:\/\/schema.org","@graph":[{"@type":["WebPage","ItemPage"],"@id":"https:\/\/btektech.com\/de\/product\/dual-epoxy-pistole\/","url":"https:\/\/btektech.com\/de\/product\/dual-epoxy-pistole\/","name":"Dual-Epoxy-Pistole - Btektech","isPartOf":{"@id":"https:\/\/btektech.com\/#website"},"primaryImageOfPage":{"@id":"https:\/\/btektech.com\/de\/product\/dual-epoxy-pistole\/#primaryimage"},"image":{"@id":"https:\/\/btektech.com\/de\/product\/dual-epoxy-pistole\/#primaryimage"},"thumbnailUrl":"https:\/\/btektech.com\/wp-content\/uploads\/2021\/09\/Dual-Epoxy-Gun-2.jpg","datePublished":"2021-09-26T03:57:46+00:00","dateModified":"2022-07-27T03:44:31+00:00","description":"Btektech ist ein f\u00fchrender chinesischer OEM- und ODM-Hersteller von Doppel-Epoxidpistolen. Wir bieten unseren H\u00e4ndlern auch Verpackungsanpassungsdienste an.","breadcrumb":{"@id":"https:\/\/btektech.com\/de\/product\/dual-epoxy-pistole\/#breadcrumb"},"inLanguage":"de","potentialAction":[{"@type":"ReadAction","target":["https:\/\/btektech.com\/de\/product\/dual-epoxy-pistole\/"]}]},{"@type":"ImageObject","inLanguage":"de","@id":"https:\/\/btektech.com\/de\/product\/dual-epoxy-pistole\/#primaryimage","url":"https:\/\/btektech.com\/wp-content\/uploads\/2021\/09\/Dual-Epoxy-Gun-2.jpg","contentUrl":"https:\/\/btektech.com\/wp-content\/uploads\/2021\/09\/Dual-Epoxy-Gun-2.jpg","width":800,"height":800,"caption":"Dual-Epoxy-Pistole"},{"@type":"BreadcrumbList","@id":"https:\/\/btektech.com\/de\/product\/dual-epoxy-pistole\/#breadcrumb","itemListElement":[{"@type":"ListItem","position":1,"name":"Home","item":"https:\/\/btektech.com\/de\/"},{"@type":"ListItem","position":2,"name":"\u00dcr\u00fcnler","item":"https:\/\/btektech.com\/tr\/shop\/"},{"@type":"ListItem","position":3,"name":"Dispensing Guns","item":"https:\/\/btektech.com\/product-category\/dispensing-guns\/"},{"@type":"ListItem","position":4,"name":"Dual Cartridge Epoxy Gun&amp;Syringe Guns","item":"https:\/\/btektech.com\/product-category\/dispensing-guns\/dual-cartridge-epoxy-gun-and-syringe-guns\/"},{"@type":"ListItem","position":5,"name":"Dual-Epoxy-Pistole"}]},{"@type":"WebSite","@id":"https:\/\/btektech.com\/#website","url":"https:\/\/btektech.com\/","name":"Btektech","description":"","publisher":{"@id":"https:\/\/btektech.com\/#organization"},"potentialAction":[{"@type":"SearchAction","target":{"@type":"EntryPoint","urlTemplate":"https:\/\/btektech.com\/?s={search_term_string}"},"query-input":{"@type":"PropertyValueSpecification","valueRequired":true,"valueName":"search_term_string"}}],"inLanguage":"de"},{"@type":"Organization","@id":"https:\/\/btektech.com\/#organization","name":"Btektech","url":"https:\/\/btektech.com\/","logo":{"@type":"ImageObject","inLanguage":"de","@id":"https:\/\/btektech.com\/#\/schema\/logo\/image\/","url":"https:\/\/btektech.com\/wp-content\/uploads\/2021\/08\/btektech-logo.png","contentUrl":"https:\/\/btektech.com\/wp-content\/uploads\/2021\/08\/btektech-logo.png","width":250,"height":114,"caption":"Btektech"},"image":{"@id":"https:\/\/btektech.com\/#\/schema\/logo\/image\/"},"sameAs":["https:\/\/x.com\/Btektech1","https:\/\/www.instagram.com\/btektech\/","https:\/\/www.linkedin.com\/company\/suzhou-baotailong-electronic-materials-co-ltd\/","https:\/\/www.pinterest.com\/btektech\/_saved\/","https:\/\/www.youtube.com\/channel\/UCBiw4Bc4CmQDrdo-QqyVTqQ"]}]}},"_links":{"self":[{"href":"https:\/\/btektech.com\/de\/wp-json\/wp\/v2\/product\/5386","targetHints":{"allow":["GET"]}}],"collection":[{"href":"https:\/\/btektech.com\/de\/wp-json\/wp\/v2\/product"}],"about":[{"href":"https:\/\/btektech.com\/de\/wp-json\/wp\/v2\/types\/product"}],"replies":[{"embeddable":true,"href":"https:\/\/btektech.com\/de\/wp-json\/wp\/v2\/comments?post=5386"}],"version-history":[{"count":0,"href":"https:\/\/btektech.com\/de\/wp-json\/wp\/v2\/product\/5386\/revisions"}],"wp:featuredmedia":[{"embeddable":true,"href":"https:\/\/btektech.com\/de\/wp-json\/wp\/v2\/media\/6050"}],"wp:attachment":[{"href":"https:\/\/btektech.com\/de\/wp-json\/wp\/v2\/media?parent=5386"}],"wp:term":[{"taxonomy":"product_brand","embeddable":true,"href":"https:\/\/btektech.com\/de\/wp-json\/wp\/v2\/product_brand?post=5386"},{"taxonomy":"product_cat","embeddable":true,"href":"https:\/\/btektech.com\/de\/wp-json\/wp\/v2\/product_cat?post=5386"},{"taxonomy":"product_tag","embeddable":true,"href":"https:\/\/btektech.com\/de\/wp-json\/wp\/v2\/product_tag?post=5386"}],"curies":[{"name":"wp","href":"https:\/\/api.w.org\/{rel}","templated":true}]}}