{"id":5379,"date":"2021-11-09T09:54:23","date_gmt":"2022-04-25T17:28:33","guid":{"rendered":"https:\/\/btektech.com\/product\/praezisionsduese-aus-edelstahl\/"},"modified":"2022-09-02T02:11:22","modified_gmt":"2022-09-02T02:11:22","slug":"praezisionsduesen","status":"publish","type":"product","link":"https:\/\/btektech.com\/de\/product\/praezisionsduesen\/","title":{"rendered":"Pr\u00e4zisionsd\u00fcsen"},"content":{"rendered":"<p><strong>Leistung und Vorteile des Produkts:<\/strong><br \/>\n1. Die einmalige Formteilproduktion mit der hochpr\u00e4zisen CNC-Maschine, spiegelglatte Innenwand;<br \/>\n2. Das Design der kegelf\u00f6rmigen D\u00fcse kann den Widerstand gut reduzieren, stellen Sie sicher, dass es hoch flie\u00dft;<br \/>\n3. Kann F\u00fcllmasse und k\u00f6rniges Klebermaterial verwenden, sowohl die hochviskosen als auch die niedrigviskosen Klebermaterialien k\u00f6nnen sicherstellen, dass die Mikropr\u00e4zisionsabgabe stabil ist;<br \/>\n4. Hohes Polieren der Klopf\u00f6ffnung, glatte Ebene, kaum Klebstoff und Viskosit\u00e4t ziehen, die Blockierungsleimrate der Exporte stark reduzieren, das Ganze leicht reinigen, wiederverwendbar und Kosten reduzieren.<\/p>\n<p><strong>Anwendbarkeit:<\/strong><br \/>\n1. BGA-Verpackungsbeschichtung<br \/>\n2. CCD-Dichtungsbeschichtung<br \/>\n3. Kristallresonatorbeschichtung<br \/>\n4. Die Dichtmittelabgabe des LCD-Panels<\/p>\n<p><strong>Die passenden Materialien:<\/strong><br \/>\n1. Alle Arten von Klebstoffen, fluoreszierenden Pulvern, Kieselgelen, Zweikomponentenklebern, Sekundenklebern und wasserl\u00f6slichen Klebstoffen;<br \/>\n2. Alle Arten von L\u00f6tpaste, Leitkleber, RTV-Kleber, Epoxidkleber, anaerober Kleber und Polyurethan;<br \/>\n3. Alle Arten von Beschichtungen, Emulsionszus\u00e4tzen, viskosen Materialien und Lack\u00f6len;<br \/>\n4. Alle Arten von hochviskosen UV-Klebstoffen, optischen Klebstoffen usw.<\/p>\n<div style=\"overflow-x: auto;\">\n<table style=\"text-align: center;\">\n<tbody>\n<tr>\n<caption style=\"font-weight: 600;font-size:30px;\">Geteilter Typ Pr\u00e4zisionsd\u00fcsen<\/caption>\n<\/tr>\n<tr>\n<th>Bajonett<\/th>\n<th>Doppelter Faden<\/th>\n<th>ID.(mm)<\/th>\n<th>AD.(mm)<\/th>\n<th>Paket<\/th>\n<\/tr>\n<tr>\n<td>SPN01<\/td>\n<td>STPN01<\/td>\n<td>0.1<\/td>\n<td>0.2<\/td>\n<td>Einzelverpackung<\/td>\n<\/tr>\n<tr>\n<td>SPN02<\/td>\n<td>STPN02<\/td>\n<td>0.15<\/td>\n<td>0.25<\/td>\n<td>Einzelverpackung<\/td>\n<\/tr>\n<tr>\n<td>SPN03<\/td>\n<td>STPN03<\/td>\n<td>0.2<\/td>\n<td>0.3<\/td>\n<td>Einzelverpackung<\/td>\n<\/tr>\n<tr>\n<td>SPN04<\/td>\n<td>STPN04<\/td>\n<td>0.25<\/td>\n<td>0.35<\/td>\n<td>Einzelverpackung<\/td>\n<\/tr>\n<tr>\n<td>SPN05<\/td>\n<td>STPN05<\/td>\n<td>0.3<\/td>\n<td>0.4<\/td>\n<td>Einzelverpackung<\/td>\n<\/tr>\n<tr>\n<td>SPN06<\/td>\n<td>STPN06<\/td>\n<td>0.35<\/td>\n<td>0.45<\/td>\n<td>Einzelverpackung<\/td>\n<\/tr>\n<tr>\n<td>SPN07<\/td>\n<td>STPN07<\/td>\n<td>0.4<\/td>\n<td>0.5<\/td>\n<td>Einzelverpackung<\/td>\n<\/tr>\n<tr>\n<td>SPN08<\/td>\n<td>STPN08<\/td>\n<td>0.45<\/td>\n<td>0.55<\/td>\n<td>Einzelverpackung<\/td>\n<\/tr>\n<tr>\n<td>SPN09<\/td>\n<td>STPN09<\/td>\n<td>0.5<\/td>\n<td>0.6<\/td>\n<td>Einzelverpackung<\/td>\n<\/tr>\n<tr>\n<td>SPN10<\/td>\n<td>STPN10<\/td>\n<td>0.6<\/td>\n<td>0.7<\/td>\n<td>Einzelverpackung<\/td>\n<\/tr>\n<tr>\n<td>SPN11<\/td>\n<td>STPN11<\/td>\n<td>0.7<\/td>\n<td>0.8<\/td>\n<td>Einzelverpackung<\/td>\n<\/tr>\n<tr>\n<td>SPN12<\/td>\n<td>STPN12<\/td>\n<td>0.8<\/td>\n<td>0.9<\/td>\n<td>Einzelverpackung<\/td>\n<\/tr>\n<tr>\n<td>SPN13<\/td>\n<td>STPN13<\/td>\n<td>0.9<\/td>\n<td>1<\/td>\n<td>Einzelverpackung<\/td>\n<\/tr>\n<tr>\n<td>SPN14<\/td>\n<td>STPN14<\/td>\n<td>1<\/td>\n<td>1.1<\/td>\n<td>Einzelverpackung<\/td>\n<\/tr>\n<tr>\n<td>SPN15<\/td>\n<td>STPN15<\/td>\n<td>1.1<\/td>\n<td>1.2<\/td>\n<td>Einzelverpackung<\/td>\n<\/tr>\n<tr>\n<td>SPN16<\/td>\n<td>STPN16<\/td>\n<td>1.2<\/td>\n<td>1.3<\/td>\n<td>Einzelverpackung<\/td>\n<\/tr>\n<tr>\n<td>SPN17<\/td>\n<td>STPN17<\/td>\n<td>1.3<\/td>\n<td>1.4<\/td>\n<td>Einzelverpackung<\/td>\n<\/tr>\n<tr>\n<td>SPN18<\/td>\n<td>STPN18<\/td>\n<td>1.4<\/td>\n<td>1.5<\/td>\n<td>Einzelverpackung<\/td>\n<\/tr>\n<\/tbody>\n<\/table>\n<\/div>\n<div style=\"overflow-x: auto;\">\n<table style=\"text-align: center;\">\n<tbody>\n<tr>\n<caption style=\"font-weight: 600;font-size:30px;\">Integrierter Typ Pr\u00e4zisionsd\u00fcsen<\/caption>\n<\/tr>\n<tr>\n<th>Bajonett<\/th>\n<th>Doppelter Faden<\/th>\n<th>ID.(mm)<\/th>\n<th>AD.(mm)<\/th>\n<th>Paket<\/th>\n<\/tr>\n<tr>\n<td>APN01<\/td>\n<td>ATPN01<\/td>\n<td>0.1<\/td>\n<td>0.2<\/td>\n<td>Einzelverpackung<\/td>\n<\/tr>\n<tr>\n<td>APN02<\/td>\n<td>ATPN02<\/td>\n<td>0.15<\/td>\n<td>0.25<\/td>\n<td>Einzelverpackung<\/td>\n<\/tr>\n<tr>\n<td>APN03<\/td>\n<td>ATPN03<\/td>\n<td>0.2<\/td>\n<td>0.3<\/td>\n<td>Einzelverpackung<\/td>\n<\/tr>\n<tr>\n<td>APN04<\/td>\n<td>ATPN04<\/td>\n<td>0.25<\/td>\n<td>0.35<\/td>\n<td>Einzelverpackung<\/td>\n<\/tr>\n<tr>\n<td>APN05<\/td>\n<td>ATPN05<\/td>\n<td>0.3<\/td>\n<td>0.4<\/td>\n<td>Einzelverpackung<\/td>\n<\/tr>\n<tr>\n<td>APN06<\/td>\n<td>ATPN06<\/td>\n<td>0.35<\/td>\n<td>0.45<\/td>\n<td>Einzelverpackung<\/td>\n<\/tr>\n<tr>\n<td>APN07<\/td>\n<td>ATPN07<\/td>\n<td>0.4<\/td>\n<td>0.5<\/td>\n<td>Einzelverpackung<\/td>\n<\/tr>\n<tr>\n<td>APN08<\/td>\n<td>ATPN08<\/td>\n<td>0.45<\/td>\n<td>0.55<\/td>\n<td>Einzelverpackung<\/td>\n<\/tr>\n<tr>\n<td>APN09<\/td>\n<td>ATPN09<\/td>\n<td>0.5<\/td>\n<td>0.6<\/td>\n<td>Einzelverpackung<\/td>\n<\/tr>\n<tr>\n<td>APN10<\/td>\n<td>ATPN10<\/td>\n<td>0.6<\/td>\n<td>0.7<\/td>\n<td>Einzelverpackung<\/td>\n<\/tr>\n<tr>\n<td>APN11<\/td>\n<td>ATPN11<\/td>\n<td>0.7<\/td>\n<td>0.8<\/td>\n<td>Einzelverpackung<\/td>\n<\/tr>\n<tr>\n<td>APN12<\/td>\n<td>ATPN12<\/td>\n<td>0.8<\/td>\n<td>0.9<\/td>\n<td>Einzelverpackung<\/td>\n<\/tr>\n<tr>\n<td>APN13<\/td>\n<td>ATPN13<\/td>\n<td>0.9<\/td>\n<td>1<\/td>\n<td>Einzelverpackung<\/td>\n<\/tr>\n<tr>\n<td>APN14<\/td>\n<td>ATPN14<\/td>\n<td>1<\/td>\n<td>1.1<\/td>\n<td>Einzelverpackung<\/td>\n<\/tr>\n<tr>\n<td>APN15<\/td>\n<td>ATPN15<\/td>\n<td>1.1<\/td>\n<td>1.2<\/td>\n<td>Einzelverpackung<\/td>\n<\/tr>\n<tr>\n<td>APN16<\/td>\n<td>ATPN16<\/td>\n<td>1.2<\/td>\n<td>1.3<\/td>\n<td>Einzelverpackung<\/td>\n<\/tr>\n<tr>\n<td>APN17<\/td>\n<td>ATPN17<\/td>\n<td>1.3<\/td>\n<td>1.4<\/td>\n<td>Einzelverpackung<\/td>\n<\/tr>\n<tr>\n<td>APN18<\/td>\n<td>ATPN18<\/td>\n<td>1.4<\/td>\n<td>1.5<\/td>\n<td>Einzelverpackung<\/td>\n<\/tr>\n<\/tbody>\n<\/table>\n<\/div>\n","protected":false},"excerpt":{"rendered":"<p>Die wiederverwendbare Edelstahl-Pr\u00e4zisionsd\u00fcse von Btektech hat eine integrale und geteilte Form zusammen; kegelf\u00f6rmige D\u00fcse und Mikrokaliber k\u00f6nnen die Mikrodosierung mit hoher Pr\u00e4zision stabil realisieren. Weit verbreitet in Branchen, die eine Mikrodosierung ben\u00f6tigen, wie LED, optische Kommunikation, Automobilelektronik usw. Geeignet f\u00fcr viskose Materialien oder Fl\u00fcssigkeiten, die Partikel enthalten, wie z. B. Epoxidharzbeschichtung, UV-h\u00e4rtender Klebstoff, L\u00f6tpaste usw., und kann mit dem pneumatischen Verteiler kombiniert werden.<\/p>\n<p>Btektech erf\u00fcllt die Nachfrage des Marktes, um die Nachfrage des Kunden zu befriedigen, der hochpr\u00e4zise Mikrodosierprodukte ben\u00f6tigt, bieten wir Pr\u00e4zisionsd\u00fcsen aus Edelstahl an, die den Kunden helfen, die Produktionsnachfrage effizient und kostensenkend zu erf\u00fcllen. Wir k\u00f6nnen auch nach Kundenwunsch anpassen.<\/p>\n<p>Die Btektech-Pr\u00e4zisionsd\u00fcse aus Stahl im professionellen numerischen Mannbetrieb auf der hochpr\u00e4zisen CNC-Maschine vervollst\u00e4ndigt die einmalige Formteilproduktion. Und die professionellen Qualit\u00e4tspr\u00fcfer m\u00fcssen gem\u00e4\u00df der Norm die Stichprobenpr\u00fcfung der Produktqualit\u00e4t mit hochaufl\u00f6senden Spektroskopie-Erkennungsger\u00e4ten und anderen Pr\u00fcfger\u00e4ten f\u00fcr physikalische Eigenschaften bestehen. Um sicherzustellen, dass Kunden v\u00f6llig neue Produkte erhalten, werden die qualifizierten Produkte einzeln in einzelne Schutzr\u00f6hrchen verpackt.<\/p>\n","protected":false},"featured_media":21523,"comment_status":"open","ping_status":"closed","template":"","meta":{"_acf_changed":false},"product_brand":[],"product_cat":[153],"product_tag":[1394],"class_list":{"0":"post-5379","1":"product","2":"type-product","3":"status-publish","4":"has-post-thumbnail","6":"product_cat-dosierspitzen-dosiernadeln","7":"product_tag-parent","9":"first","10":"instock","11":"shipping-taxable","12":"product-type-simple"},"acf":[],"yoast_head":"<!-- This site is optimized with the Yoast SEO plugin v26.0 - https:\/\/yoast.com\/wordpress\/plugins\/seo\/ -->\n<title>Pr\u00e4zisionsd\u00fcsen - Btektech<\/title>\n<meta name=\"description\" content=\"Die wiederverwendbare Edelstahl-Pr\u00e4zisionsd\u00fcse von Btektech hat eine integrale und geteilte Form zusammen; kegelf\u00f6rmige D\u00fcse und Mikrokaliber k\u00f6nnen die Mikrodosierung mit hoher Pr\u00e4zision stabil realisieren.\" \/>\n<meta name=\"robots\" content=\"index, follow, max-snippet:-1, max-image-preview:large, max-video-preview:-1\" \/>\n<link rel=\"canonical\" href=\"https:\/\/btektech.com\/de\/product\/praezisionsduesen\/\" \/>\n<meta property=\"og:locale\" content=\"de_DE\" \/>\n<meta property=\"og:type\" content=\"article\" \/>\n<meta property=\"og:title\" content=\"Pr\u00e4zisionsd\u00fcsen - Btektech\" \/>\n<meta property=\"og:description\" content=\"Die wiederverwendbare Edelstahl-Pr\u00e4zisionsd\u00fcse von Btektech hat eine integrale und geteilte Form zusammen; kegelf\u00f6rmige D\u00fcse und Mikrokaliber k\u00f6nnen die Mikrodosierung mit hoher Pr\u00e4zision stabil realisieren.\" \/>\n<meta property=\"og:url\" content=\"https:\/\/btektech.com\/de\/product\/praezisionsduesen\/\" \/>\n<meta property=\"og:site_name\" content=\"Btektech\" \/>\n<meta property=\"article:modified_time\" content=\"2022-09-02T02:11:22+00:00\" \/>\n<meta property=\"og:image\" content=\"https:\/\/btektech.com\/wp-content\/uploads\/2021\/11\/precision-nozzle02.jpg\" \/>\n\t<meta property=\"og:image:width\" content=\"750\" \/>\n\t<meta property=\"og:image:height\" content=\"750\" \/>\n\t<meta property=\"og:image:type\" content=\"image\/jpeg\" \/>\n<meta name=\"twitter:card\" content=\"summary_large_image\" \/>\n<meta name=\"twitter:site\" content=\"@Btektech1\" \/>\n<meta name=\"twitter:label1\" content=\"Gesch\u00e4tzte Lesezeit\" \/>\n\t<meta name=\"twitter:data1\" content=\"2\u00a0Minuten\" \/>\n<script type=\"application\/ld+json\" class=\"yoast-schema-graph\">{\"@context\":\"https:\/\/schema.org\",\"@graph\":[{\"@type\":[\"WebPage\",\"ItemPage\"],\"@id\":\"https:\/\/btektech.com\/de\/product\/praezisionsduesen\/\",\"url\":\"https:\/\/btektech.com\/de\/product\/praezisionsduesen\/\",\"name\":\"Pr\u00e4zisionsd\u00fcsen - Btektech\",\"isPartOf\":{\"@id\":\"https:\/\/btektech.com\/#website\"},\"primaryImageOfPage\":{\"@id\":\"https:\/\/btektech.com\/de\/product\/praezisionsduesen\/#primaryimage\"},\"image\":{\"@id\":\"https:\/\/btektech.com\/de\/product\/praezisionsduesen\/#primaryimage\"},\"thumbnailUrl\":\"https:\/\/btektech.com\/wp-content\/uploads\/2025\/12\/8.jpg\",\"datePublished\":\"2022-04-25T17:28:33+00:00\",\"dateModified\":\"2022-09-02T02:11:22+00:00\",\"description\":\"Die wiederverwendbare Edelstahl-Pr\u00e4zisionsd\u00fcse von Btektech hat eine integrale und geteilte Form zusammen; kegelf\u00f6rmige D\u00fcse und Mikrokaliber k\u00f6nnen die Mikrodosierung mit hoher Pr\u00e4zision stabil realisieren.\",\"breadcrumb\":{\"@id\":\"https:\/\/btektech.com\/de\/product\/praezisionsduesen\/#breadcrumb\"},\"inLanguage\":\"de\",\"potentialAction\":[{\"@type\":\"ReadAction\",\"target\":[\"https:\/\/btektech.com\/de\/product\/praezisionsduesen\/\"]}]},{\"@type\":\"ImageObject\",\"inLanguage\":\"de\",\"@id\":\"https:\/\/btektech.com\/de\/product\/praezisionsduesen\/#primaryimage\",\"url\":\"https:\/\/btektech.com\/wp-content\/uploads\/2025\/12\/8.jpg\",\"contentUrl\":\"https:\/\/btektech.com\/wp-content\/uploads\/2025\/12\/8.jpg\",\"width\":800,\"height\":800,\"caption\":\"Stainless Steel Precision\"},{\"@type\":\"BreadcrumbList\",\"@id\":\"https:\/\/btektech.com\/de\/product\/praezisionsduesen\/#breadcrumb\",\"itemListElement\":[{\"@type\":\"ListItem\",\"position\":1,\"name\":\"Home\",\"item\":\"https:\/\/btektech.com\/de\/home-2\/\"},{\"@type\":\"ListItem\",\"position\":2,\"name\":\"\u00dcr\u00fcnler\",\"item\":\"https:\/\/btektech.com\/tr\/shop\/\"},{\"@type\":\"ListItem\",\"position\":3,\"name\":\"Dispensing Tips\",\"item\":\"https:\/\/btektech.com\/product-category\/dispensing-tips\/\"},{\"@type\":\"ListItem\",\"position\":4,\"name\":\"Pr\u00e4zisionsd\u00fcsen\"}]},{\"@type\":\"WebSite\",\"@id\":\"https:\/\/btektech.com\/#website\",\"url\":\"https:\/\/btektech.com\/\",\"name\":\"Btektech\",\"description\":\"\",\"publisher\":{\"@id\":\"https:\/\/btektech.com\/#organization\"},\"potentialAction\":[{\"@type\":\"SearchAction\",\"target\":{\"@type\":\"EntryPoint\",\"urlTemplate\":\"https:\/\/btektech.com\/?s={search_term_string}\"},\"query-input\":{\"@type\":\"PropertyValueSpecification\",\"valueRequired\":true,\"valueName\":\"search_term_string\"}}],\"inLanguage\":\"de\"},{\"@type\":\"Organization\",\"@id\":\"https:\/\/btektech.com\/#organization\",\"name\":\"Btektech\",\"url\":\"https:\/\/btektech.com\/\",\"logo\":{\"@type\":\"ImageObject\",\"inLanguage\":\"de\",\"@id\":\"https:\/\/btektech.com\/#\/schema\/logo\/image\/\",\"url\":\"https:\/\/btektech.com\/wp-content\/uploads\/2021\/08\/btektech-logo.png\",\"contentUrl\":\"https:\/\/btektech.com\/wp-content\/uploads\/2021\/08\/btektech-logo.png\",\"width\":250,\"height\":114,\"caption\":\"Btektech\"},\"image\":{\"@id\":\"https:\/\/btektech.com\/#\/schema\/logo\/image\/\"},\"sameAs\":[\"https:\/\/x.com\/Btektech1\",\"https:\/\/www.instagram.com\/btektech\/\",\"https:\/\/www.linkedin.com\/company\/suzhou-baotailong-electronic-materials-co-ltd\/\",\"https:\/\/www.pinterest.com\/btektech\/_saved\/\",\"https:\/\/www.youtube.com\/channel\/UCBiw4Bc4CmQDrdo-QqyVTqQ\"]}]}<\/script>\n<!-- \/ Yoast SEO plugin. -->","yoast_head_json":{"title":"Pr\u00e4zisionsd\u00fcsen - Btektech","description":"Die wiederverwendbare Edelstahl-Pr\u00e4zisionsd\u00fcse von Btektech hat eine integrale und geteilte Form zusammen; kegelf\u00f6rmige D\u00fcse und Mikrokaliber k\u00f6nnen die Mikrodosierung mit hoher Pr\u00e4zision stabil realisieren.","robots":{"index":"index","follow":"follow","max-snippet":"max-snippet:-1","max-image-preview":"max-image-preview:large","max-video-preview":"max-video-preview:-1"},"canonical":"https:\/\/btektech.com\/de\/product\/praezisionsduesen\/","og_locale":"de_DE","og_type":"article","og_title":"Pr\u00e4zisionsd\u00fcsen - Btektech","og_description":"Die wiederverwendbare Edelstahl-Pr\u00e4zisionsd\u00fcse von Btektech hat eine integrale und geteilte Form zusammen; kegelf\u00f6rmige D\u00fcse und Mikrokaliber k\u00f6nnen die Mikrodosierung mit hoher Pr\u00e4zision stabil realisieren.","og_url":"https:\/\/btektech.com\/de\/product\/praezisionsduesen\/","og_site_name":"Btektech","article_modified_time":"2022-09-02T02:11:22+00:00","og_image":[{"width":750,"height":750,"url":"https:\/\/btektech.com\/wp-content\/uploads\/2021\/11\/precision-nozzle02.jpg","type":"image\/jpeg"}],"twitter_card":"summary_large_image","twitter_site":"@Btektech1","twitter_misc":{"Gesch\u00e4tzte Lesezeit":"2\u00a0Minuten"},"schema":{"@context":"https:\/\/schema.org","@graph":[{"@type":["WebPage","ItemPage"],"@id":"https:\/\/btektech.com\/de\/product\/praezisionsduesen\/","url":"https:\/\/btektech.com\/de\/product\/praezisionsduesen\/","name":"Pr\u00e4zisionsd\u00fcsen - Btektech","isPartOf":{"@id":"https:\/\/btektech.com\/#website"},"primaryImageOfPage":{"@id":"https:\/\/btektech.com\/de\/product\/praezisionsduesen\/#primaryimage"},"image":{"@id":"https:\/\/btektech.com\/de\/product\/praezisionsduesen\/#primaryimage"},"thumbnailUrl":"https:\/\/btektech.com\/wp-content\/uploads\/2025\/12\/8.jpg","datePublished":"2022-04-25T17:28:33+00:00","dateModified":"2022-09-02T02:11:22+00:00","description":"Die wiederverwendbare Edelstahl-Pr\u00e4zisionsd\u00fcse von Btektech hat eine integrale und geteilte Form zusammen; kegelf\u00f6rmige D\u00fcse und Mikrokaliber k\u00f6nnen die Mikrodosierung mit hoher Pr\u00e4zision stabil realisieren.","breadcrumb":{"@id":"https:\/\/btektech.com\/de\/product\/praezisionsduesen\/#breadcrumb"},"inLanguage":"de","potentialAction":[{"@type":"ReadAction","target":["https:\/\/btektech.com\/de\/product\/praezisionsduesen\/"]}]},{"@type":"ImageObject","inLanguage":"de","@id":"https:\/\/btektech.com\/de\/product\/praezisionsduesen\/#primaryimage","url":"https:\/\/btektech.com\/wp-content\/uploads\/2025\/12\/8.jpg","contentUrl":"https:\/\/btektech.com\/wp-content\/uploads\/2025\/12\/8.jpg","width":800,"height":800,"caption":"Stainless Steel Precision"},{"@type":"BreadcrumbList","@id":"https:\/\/btektech.com\/de\/product\/praezisionsduesen\/#breadcrumb","itemListElement":[{"@type":"ListItem","position":1,"name":"Home","item":"https:\/\/btektech.com\/de\/home-2\/"},{"@type":"ListItem","position":2,"name":"\u00dcr\u00fcnler","item":"https:\/\/btektech.com\/tr\/shop\/"},{"@type":"ListItem","position":3,"name":"Dispensing Tips","item":"https:\/\/btektech.com\/product-category\/dispensing-tips\/"},{"@type":"ListItem","position":4,"name":"Pr\u00e4zisionsd\u00fcsen"}]},{"@type":"WebSite","@id":"https:\/\/btektech.com\/#website","url":"https:\/\/btektech.com\/","name":"Btektech","description":"","publisher":{"@id":"https:\/\/btektech.com\/#organization"},"potentialAction":[{"@type":"SearchAction","target":{"@type":"EntryPoint","urlTemplate":"https:\/\/btektech.com\/?s={search_term_string}"},"query-input":{"@type":"PropertyValueSpecification","valueRequired":true,"valueName":"search_term_string"}}],"inLanguage":"de"},{"@type":"Organization","@id":"https:\/\/btektech.com\/#organization","name":"Btektech","url":"https:\/\/btektech.com\/","logo":{"@type":"ImageObject","inLanguage":"de","@id":"https:\/\/btektech.com\/#\/schema\/logo\/image\/","url":"https:\/\/btektech.com\/wp-content\/uploads\/2021\/08\/btektech-logo.png","contentUrl":"https:\/\/btektech.com\/wp-content\/uploads\/2021\/08\/btektech-logo.png","width":250,"height":114,"caption":"Btektech"},"image":{"@id":"https:\/\/btektech.com\/#\/schema\/logo\/image\/"},"sameAs":["https:\/\/x.com\/Btektech1","https:\/\/www.instagram.com\/btektech\/","https:\/\/www.linkedin.com\/company\/suzhou-baotailong-electronic-materials-co-ltd\/","https:\/\/www.pinterest.com\/btektech\/_saved\/","https:\/\/www.youtube.com\/channel\/UCBiw4Bc4CmQDrdo-QqyVTqQ"]}]}},"_links":{"self":[{"href":"https:\/\/btektech.com\/de\/wp-json\/wp\/v2\/product\/5379","targetHints":{"allow":["GET"]}}],"collection":[{"href":"https:\/\/btektech.com\/de\/wp-json\/wp\/v2\/product"}],"about":[{"href":"https:\/\/btektech.com\/de\/wp-json\/wp\/v2\/types\/product"}],"replies":[{"embeddable":true,"href":"https:\/\/btektech.com\/de\/wp-json\/wp\/v2\/comments?post=5379"}],"version-history":[{"count":0,"href":"https:\/\/btektech.com\/de\/wp-json\/wp\/v2\/product\/5379\/revisions"}],"wp:featuredmedia":[{"embeddable":true,"href":"https:\/\/btektech.com\/de\/wp-json\/wp\/v2\/media\/21523"}],"wp:attachment":[{"href":"https:\/\/btektech.com\/de\/wp-json\/wp\/v2\/media?parent=5379"}],"wp:term":[{"taxonomy":"product_brand","embeddable":true,"href":"https:\/\/btektech.com\/de\/wp-json\/wp\/v2\/product_brand?post=5379"},{"taxonomy":"product_cat","embeddable":true,"href":"https:\/\/btektech.com\/de\/wp-json\/wp\/v2\/product_cat?post=5379"},{"taxonomy":"product_tag","embeddable":true,"href":"https:\/\/btektech.com\/de\/wp-json\/wp\/v2\/product_tag?post=5379"}],"curies":[{"name":"wp","href":"https:\/\/api.w.org\/{rel}","templated":true}]}}