{"id":5371,"date":"2021-11-30T07:12:39","date_gmt":"2022-04-25T17:25:42","guid":{"rendered":"https:\/\/btektech.com\/product\/druckfass-klebespritze\/"},"modified":"2022-09-05T06:20:07","modified_gmt":"2022-09-05T06:20:07","slug":"pneumatische-dosierspritze","status":"publish","type":"product","link":"https:\/\/btektech.com\/de\/product\/pneumatische-dosierspritze\/","title":{"rendered":"Pneumatische Dosierspritze"},"content":{"rendered":"<p>Pneumatische Dosierspritze w\u00e4hlen PP-Material, exquisiter integrierter Formprozess, hohe Vertikalit\u00e4t der Produkte, gleichm\u00e4\u00dfige Wandst\u00e4rke und gute Druckfestigkeit gem\u00e4\u00df den Sicherheitsstandards f\u00fcr industrielle Anwendungen. Internationaler Standardexport, der allen Modellen auf dem Markt gemeinsam ist, und mit hochwertigem Kolben kann sichergestellt werden, dass keine R\u00fcckst\u00e4nde der Zylinderwand, eine professionelle hintere Abdeckung und ein Gummizylinder passen, eine bessere Abdichtung. Die tragende Metallh\u00fclse ist bequem zu verwenden und kann auch mit allen Arten von Abgabeger\u00e4ten und mechanischen Ger\u00e4ten verwendet werden. Es kann die Umwandlungsnadel und alle Arten von ,Entladungsr\u00f6hren frei anpassen.<\/p>\n<div style=\"overflow: auto;\">\n<table style=\"text-align: center;\">\n<tbody>\n<tr>\n<th>Nein.<\/th>\n<th>Kapazit\u00e4t <\/th>\n<th>ICH W\u00dcRDE <\/th>\n<th>OD <\/th>\n<th>L\u00e4nge <\/th>\n<th>Farbe <\/th>\n<\/tr>\n<tr>\n<td>BC01<\/td>\n<td>2,5 UNZEN<\/td>\n<td>40mm<\/td>\n<td>43,26 mm<\/td>\n<td>100mm<\/td>\n<td>Klar\/Gelb\/Schwarz<\/td>\n<\/tr>\n<tr>\n<td>BC02<\/td>\n<td>6 UNZEN<\/td>\n<td>40,65 mm<\/td>\n<td>43,26 mm<\/td>\n<td>181,5 mm<\/td>\n<td>Klar\/Gelb\/Schwarz<\/td>\n<\/tr>\n<tr>\n<td>BC03<\/td>\n<td>12 UNZEN<\/td>\n<td>40,65 mm<\/td>\n<td>43,26 mm<\/td>\n<td>314,3 mm<\/td>\n<td>Klar\/Gelb\/Schwarz<\/td>\n<\/tr>\n<tr>\n<td>BC04<\/td>\n<td>32 UNZEN<\/td>\n<td>65mm<\/td>\n<td>68,3 mm<\/td>\n<td>346,4 mm<\/td>\n<td>Klar\/Gelb\/Schwarz<\/td>\n<\/tr>\n<\/tbody>\n<\/table>\n<\/div>\n","protected":false},"excerpt":{"rendered":"<p>Importierte Rohstoffe werden verwendet, um St\u00f6\u00dfen zu widerstehen, ohne Schmiermittel, Trennmittel oder elektrostatische Mittel hinzuzuf\u00fcgen, um sicherzustellen, dass sich der Klebstoff nicht lange verfestigt und sich nicht verformt.<\/p>\n","protected":false},"featured_media":4335,"comment_status":"open","ping_status":"closed","template":"","meta":{"_acf_changed":false},"product_brand":[],"product_cat":[149],"product_tag":[],"class_list":{"0":"post-5371","1":"product","2":"type-product","3":"status-publish","4":"has-post-thumbnail","6":"product_cat-dosierspritzen","8":"first","9":"instock","10":"shipping-taxable","11":"product-type-simple"},"acf":[],"yoast_head":"<!-- This site is optimized with the Yoast SEO plugin v26.0 - https:\/\/yoast.com\/wordpress\/plugins\/seo\/ -->\n<title>Pneumatische Dosierspritze - Btektech<\/title>\n<meta name=\"description\" content=\"Pneumatische Dosierspritze w\u00e4hlen PP-Material, exquisiter integrierter Formprozess, hohe Vertikalit\u00e4t der Produkte, gleichm\u00e4\u00dfige Wandst\u00e4rke und gute Druckfestigkeit .\" \/>\n<meta name=\"robots\" content=\"index, follow, max-snippet:-1, max-image-preview:large, max-video-preview:-1\" \/>\n<link rel=\"canonical\" href=\"https:\/\/btektech.com\/de\/product\/pneumatische-dosierspritze\/\" \/>\n<meta property=\"og:locale\" content=\"de_DE\" \/>\n<meta property=\"og:type\" content=\"article\" \/>\n<meta property=\"og:title\" content=\"Pneumatische Dosierspritze - Btektech\" \/>\n<meta property=\"og:description\" content=\"Pneumatische Dosierspritze w\u00e4hlen PP-Material, exquisiter integrierter Formprozess, hohe Vertikalit\u00e4t der Produkte, gleichm\u00e4\u00dfige Wandst\u00e4rke und gute Druckfestigkeit .\" \/>\n<meta property=\"og:url\" content=\"https:\/\/btektech.com\/de\/product\/pneumatische-dosierspritze\/\" \/>\n<meta property=\"og:site_name\" content=\"Btektech\" \/>\n<meta property=\"article:modified_time\" content=\"2022-09-05T06:20:07+00:00\" \/>\n<meta property=\"og:image\" content=\"https:\/\/btektech.com\/wp-content\/uploads\/2021\/11\/20211130152535.jpg\" \/>\n\t<meta property=\"og:image:width\" content=\"800\" \/>\n\t<meta property=\"og:image:height\" content=\"800\" \/>\n\t<meta property=\"og:image:type\" content=\"image\/jpeg\" \/>\n<meta name=\"twitter:card\" content=\"summary_large_image\" \/>\n<meta name=\"twitter:site\" content=\"@Btektech1\" \/>\n<meta name=\"twitter:label1\" content=\"Gesch\u00e4tzte Lesezeit\" \/>\n\t<meta name=\"twitter:data1\" content=\"1\u00a0Minute\" \/>\n<script type=\"application\/ld+json\" class=\"yoast-schema-graph\">{\"@context\":\"https:\/\/schema.org\",\"@graph\":[{\"@type\":[\"WebPage\",\"ItemPage\"],\"@id\":\"https:\/\/btektech.com\/de\/product\/pneumatische-dosierspritze\/\",\"url\":\"https:\/\/btektech.com\/de\/product\/pneumatische-dosierspritze\/\",\"name\":\"Pneumatische Dosierspritze - Btektech\",\"isPartOf\":{\"@id\":\"https:\/\/btektech.com\/#website\"},\"primaryImageOfPage\":{\"@id\":\"https:\/\/btektech.com\/de\/product\/pneumatische-dosierspritze\/#primaryimage\"},\"image\":{\"@id\":\"https:\/\/btektech.com\/de\/product\/pneumatische-dosierspritze\/#primaryimage\"},\"thumbnailUrl\":\"https:\/\/btektech.com\/wp-content\/uploads\/2021\/11\/20211130152535.jpg\",\"datePublished\":\"2022-04-25T17:25:42+00:00\",\"dateModified\":\"2022-09-05T06:20:07+00:00\",\"description\":\"Pneumatische Dosierspritze w\u00e4hlen PP-Material, exquisiter integrierter Formprozess, hohe Vertikalit\u00e4t der Produkte, gleichm\u00e4\u00dfige Wandst\u00e4rke und gute Druckfestigkeit .\",\"breadcrumb\":{\"@id\":\"https:\/\/btektech.com\/de\/product\/pneumatische-dosierspritze\/#breadcrumb\"},\"inLanguage\":\"de\",\"potentialAction\":[{\"@type\":\"ReadAction\",\"target\":[\"https:\/\/btektech.com\/de\/product\/pneumatische-dosierspritze\/\"]}]},{\"@type\":\"ImageObject\",\"inLanguage\":\"de\",\"@id\":\"https:\/\/btektech.com\/de\/product\/pneumatische-dosierspritze\/#primaryimage\",\"url\":\"https:\/\/btektech.com\/wp-content\/uploads\/2021\/11\/20211130152535.jpg\",\"contentUrl\":\"https:\/\/btektech.com\/wp-content\/uploads\/2021\/11\/20211130152535.jpg\",\"width\":800,\"height\":800,\"caption\":\"Abgabe Pneumatische Spritzen Fass\"},{\"@type\":\"BreadcrumbList\",\"@id\":\"https:\/\/btektech.com\/de\/product\/pneumatische-dosierspritze\/#breadcrumb\",\"itemListElement\":[{\"@type\":\"ListItem\",\"position\":1,\"name\":\"Home\",\"item\":\"https:\/\/btektech.com\/de\/\"},{\"@type\":\"ListItem\",\"position\":2,\"name\":\"\u00dcr\u00fcnler\",\"item\":\"https:\/\/btektech.com\/tr\/shop\/\"},{\"@type\":\"ListItem\",\"position\":3,\"name\":\"Syringe Barrels\",\"item\":\"https:\/\/btektech.com\/product-category\/syringe-barrels\/\"},{\"@type\":\"ListItem\",\"position\":4,\"name\":\"Pneumatische Dosierspritze\"}]},{\"@type\":\"WebSite\",\"@id\":\"https:\/\/btektech.com\/#website\",\"url\":\"https:\/\/btektech.com\/\",\"name\":\"Btektech\",\"description\":\"\",\"publisher\":{\"@id\":\"https:\/\/btektech.com\/#organization\"},\"potentialAction\":[{\"@type\":\"SearchAction\",\"target\":{\"@type\":\"EntryPoint\",\"urlTemplate\":\"https:\/\/btektech.com\/?s={search_term_string}\"},\"query-input\":{\"@type\":\"PropertyValueSpecification\",\"valueRequired\":true,\"valueName\":\"search_term_string\"}}],\"inLanguage\":\"de\"},{\"@type\":\"Organization\",\"@id\":\"https:\/\/btektech.com\/#organization\",\"name\":\"Btektech\",\"url\":\"https:\/\/btektech.com\/\",\"logo\":{\"@type\":\"ImageObject\",\"inLanguage\":\"de\",\"@id\":\"https:\/\/btektech.com\/#\/schema\/logo\/image\/\",\"url\":\"https:\/\/btektech.com\/wp-content\/uploads\/2021\/08\/btektech-logo.png\",\"contentUrl\":\"https:\/\/btektech.com\/wp-content\/uploads\/2021\/08\/btektech-logo.png\",\"width\":250,\"height\":114,\"caption\":\"Btektech\"},\"image\":{\"@id\":\"https:\/\/btektech.com\/#\/schema\/logo\/image\/\"},\"sameAs\":[\"https:\/\/x.com\/Btektech1\",\"https:\/\/www.instagram.com\/btektech\/\",\"https:\/\/www.linkedin.com\/company\/suzhou-baotailong-electronic-materials-co-ltd\/\",\"https:\/\/www.pinterest.com\/btektech\/_saved\/\",\"https:\/\/www.youtube.com\/channel\/UCBiw4Bc4CmQDrdo-QqyVTqQ\"]}]}<\/script>\n<!-- \/ Yoast SEO plugin. -->","yoast_head_json":{"title":"Pneumatische Dosierspritze - Btektech","description":"Pneumatische Dosierspritze w\u00e4hlen PP-Material, exquisiter integrierter Formprozess, hohe Vertikalit\u00e4t der Produkte, gleichm\u00e4\u00dfige Wandst\u00e4rke und gute Druckfestigkeit .","robots":{"index":"index","follow":"follow","max-snippet":"max-snippet:-1","max-image-preview":"max-image-preview:large","max-video-preview":"max-video-preview:-1"},"canonical":"https:\/\/btektech.com\/de\/product\/pneumatische-dosierspritze\/","og_locale":"de_DE","og_type":"article","og_title":"Pneumatische Dosierspritze - Btektech","og_description":"Pneumatische Dosierspritze w\u00e4hlen PP-Material, exquisiter integrierter Formprozess, hohe Vertikalit\u00e4t der Produkte, gleichm\u00e4\u00dfige Wandst\u00e4rke und gute Druckfestigkeit .","og_url":"https:\/\/btektech.com\/de\/product\/pneumatische-dosierspritze\/","og_site_name":"Btektech","article_modified_time":"2022-09-05T06:20:07+00:00","og_image":[{"width":800,"height":800,"url":"https:\/\/btektech.com\/wp-content\/uploads\/2021\/11\/20211130152535.jpg","type":"image\/jpeg"}],"twitter_card":"summary_large_image","twitter_site":"@Btektech1","twitter_misc":{"Gesch\u00e4tzte Lesezeit":"1\u00a0Minute"},"schema":{"@context":"https:\/\/schema.org","@graph":[{"@type":["WebPage","ItemPage"],"@id":"https:\/\/btektech.com\/de\/product\/pneumatische-dosierspritze\/","url":"https:\/\/btektech.com\/de\/product\/pneumatische-dosierspritze\/","name":"Pneumatische Dosierspritze - Btektech","isPartOf":{"@id":"https:\/\/btektech.com\/#website"},"primaryImageOfPage":{"@id":"https:\/\/btektech.com\/de\/product\/pneumatische-dosierspritze\/#primaryimage"},"image":{"@id":"https:\/\/btektech.com\/de\/product\/pneumatische-dosierspritze\/#primaryimage"},"thumbnailUrl":"https:\/\/btektech.com\/wp-content\/uploads\/2021\/11\/20211130152535.jpg","datePublished":"2022-04-25T17:25:42+00:00","dateModified":"2022-09-05T06:20:07+00:00","description":"Pneumatische Dosierspritze w\u00e4hlen PP-Material, exquisiter integrierter Formprozess, hohe Vertikalit\u00e4t der Produkte, gleichm\u00e4\u00dfige Wandst\u00e4rke und gute Druckfestigkeit .","breadcrumb":{"@id":"https:\/\/btektech.com\/de\/product\/pneumatische-dosierspritze\/#breadcrumb"},"inLanguage":"de","potentialAction":[{"@type":"ReadAction","target":["https:\/\/btektech.com\/de\/product\/pneumatische-dosierspritze\/"]}]},{"@type":"ImageObject","inLanguage":"de","@id":"https:\/\/btektech.com\/de\/product\/pneumatische-dosierspritze\/#primaryimage","url":"https:\/\/btektech.com\/wp-content\/uploads\/2021\/11\/20211130152535.jpg","contentUrl":"https:\/\/btektech.com\/wp-content\/uploads\/2021\/11\/20211130152535.jpg","width":800,"height":800,"caption":"Abgabe Pneumatische Spritzen Fass"},{"@type":"BreadcrumbList","@id":"https:\/\/btektech.com\/de\/product\/pneumatische-dosierspritze\/#breadcrumb","itemListElement":[{"@type":"ListItem","position":1,"name":"Home","item":"https:\/\/btektech.com\/de\/"},{"@type":"ListItem","position":2,"name":"\u00dcr\u00fcnler","item":"https:\/\/btektech.com\/tr\/shop\/"},{"@type":"ListItem","position":3,"name":"Syringe Barrels","item":"https:\/\/btektech.com\/product-category\/syringe-barrels\/"},{"@type":"ListItem","position":4,"name":"Pneumatische Dosierspritze"}]},{"@type":"WebSite","@id":"https:\/\/btektech.com\/#website","url":"https:\/\/btektech.com\/","name":"Btektech","description":"","publisher":{"@id":"https:\/\/btektech.com\/#organization"},"potentialAction":[{"@type":"SearchAction","target":{"@type":"EntryPoint","urlTemplate":"https:\/\/btektech.com\/?s={search_term_string}"},"query-input":{"@type":"PropertyValueSpecification","valueRequired":true,"valueName":"search_term_string"}}],"inLanguage":"de"},{"@type":"Organization","@id":"https:\/\/btektech.com\/#organization","name":"Btektech","url":"https:\/\/btektech.com\/","logo":{"@type":"ImageObject","inLanguage":"de","@id":"https:\/\/btektech.com\/#\/schema\/logo\/image\/","url":"https:\/\/btektech.com\/wp-content\/uploads\/2021\/08\/btektech-logo.png","contentUrl":"https:\/\/btektech.com\/wp-content\/uploads\/2021\/08\/btektech-logo.png","width":250,"height":114,"caption":"Btektech"},"image":{"@id":"https:\/\/btektech.com\/#\/schema\/logo\/image\/"},"sameAs":["https:\/\/x.com\/Btektech1","https:\/\/www.instagram.com\/btektech\/","https:\/\/www.linkedin.com\/company\/suzhou-baotailong-electronic-materials-co-ltd\/","https:\/\/www.pinterest.com\/btektech\/_saved\/","https:\/\/www.youtube.com\/channel\/UCBiw4Bc4CmQDrdo-QqyVTqQ"]}]}},"_links":{"self":[{"href":"https:\/\/btektech.com\/de\/wp-json\/wp\/v2\/product\/5371","targetHints":{"allow":["GET"]}}],"collection":[{"href":"https:\/\/btektech.com\/de\/wp-json\/wp\/v2\/product"}],"about":[{"href":"https:\/\/btektech.com\/de\/wp-json\/wp\/v2\/types\/product"}],"replies":[{"embeddable":true,"href":"https:\/\/btektech.com\/de\/wp-json\/wp\/v2\/comments?post=5371"}],"version-history":[{"count":0,"href":"https:\/\/btektech.com\/de\/wp-json\/wp\/v2\/product\/5371\/revisions"}],"wp:featuredmedia":[{"embeddable":true,"href":"https:\/\/btektech.com\/de\/wp-json\/wp\/v2\/media\/4335"}],"wp:attachment":[{"href":"https:\/\/btektech.com\/de\/wp-json\/wp\/v2\/media?parent=5371"}],"wp:term":[{"taxonomy":"product_brand","embeddable":true,"href":"https:\/\/btektech.com\/de\/wp-json\/wp\/v2\/product_brand?post=5371"},{"taxonomy":"product_cat","embeddable":true,"href":"https:\/\/btektech.com\/de\/wp-json\/wp\/v2\/product_cat?post=5371"},{"taxonomy":"product_tag","embeddable":true,"href":"https:\/\/btektech.com\/de\/wp-json\/wp\/v2\/product_tag?post=5371"}],"curies":[{"name":"wp","href":"https:\/\/api.w.org\/{rel}","templated":true}]}}