{"id":5363,"date":"2021-12-26T02:40:53","date_gmt":"2022-04-25T17:24:22","guid":{"rendered":"https:\/\/btektech.com\/product\/luer-lock-adapter-fuer-statische-mischduese\/"},"modified":"2022-07-27T01:22:39","modified_gmt":"2022-07-27T01:22:39","slug":"statikmischer-duse-luer-lock-adapter-fitting","status":"publish","type":"product","link":"https:\/\/btektech.com\/de\/product\/statikmischer-duse-luer-lock-adapter-fitting\/","title":{"rendered":"Statische Mischerd\u00fcse Luer Lock Adapterarmatur"},"content":{"rendered":"<p>Der Luer Lock Mischd\u00fcsenadapter wurde speziell entwickelt, um Ihre bessere Verwendung eines Mischrohrs zu gew\u00e4hrleisten. Im eigentlichen Betriebsprozess ist die urspr\u00fcngliche Mischrohrkleberpr\u00e4zision m\u00f6glicherweise nicht sehr gut, um die Anforderungen zu erf\u00fcllen. Kunden k\u00f6nnen die Pr\u00e4zisionsdosiernadel verbinden, indem sie den Luer Lock Mix D\u00fcsenadapter hinzuf\u00fcgen, um den Betriebsprozess des pr\u00e4ziseren Dosier- und Leimstreifenprozesses zu erf\u00fcllen.<\/p>\n<p>Es gibt zwei Arten von Luer-Lock-Mix-D\u00fcsenadaptermaterialien, kupfervernickeltes Material und Kunststoffmaterial, Abriebfestigkeit und Korrosionsbest\u00e4ndigkeit. Die Adapternadelschnittstelle nimmt einen Standard-Fadenmund an, kann mit allen Arten von konventionellem Fadenmund, Bajonett-Dosiernadel verbunden werden; Die Mischrohrschnittstelle nimmt einen internen Gewindetyp an, 4 Arten von Innendurchmessergewinde, kann mit einer Vielzahl von Arten von Mischrohren verbunden werden.<\/p>\n<div style=\"text-align: center;\">\n<img fetchpriority=\"high\" decoding=\"async\" class=\"size-medium wp-image-4720 aligncenter\" src=\"https:\/\/btektech.com\/wp-content\/uploads\/2021\/12\/mixer-nozzle-adapter-300x300.jpg\" alt=\"\" width=\"300\" height=\"300\" srcset=\"https:\/\/btektech.com\/wp-content\/uploads\/2021\/12\/mixer-nozzle-adapter-300x300.jpg 300w, https:\/\/btektech.com\/wp-content\/uploads\/2021\/12\/mixer-nozzle-adapter-100x100.jpg 100w, https:\/\/btektech.com\/wp-content\/uploads\/2021\/12\/mixer-nozzle-adapter-400x400.jpg 400w, https:\/\/btektech.com\/wp-content\/uploads\/2021\/12\/mixer-nozzle-adapter-150x150.jpg 150w, https:\/\/btektech.com\/wp-content\/uploads\/2021\/12\/mixer-nozzle-adapter.jpg 750w\" sizes=\"(max-width: 300px) 100vw, 300px\" \/>\n<\/div>\n<div style=\"overflow: auto;\">\n<table style=\"text-align: center;\">\n<tbody>\n<caption style=\"font-size: 30px; font-weight:600;\">Parameter des Luer Lock Mix D\u00fcsenadapters<\/caption>\n<tr>\n<th>No.<\/th>\n<th>Teile-Nr.<\/th>\n<th>Schnittstelle I.D (mm)<\/th>\n<th>L\u00e4nge (mm)<\/th>\n<th>Geeignet f\u00fcr Innendurchmesser<\/th>\n<th>Farbe<\/th>\n<th>Material<\/th>\n<\/tr>\n<tr>\n<td>1<\/td>\n<td>JT-11<\/td>\n<td>9<\/td>\n<td>22.5<\/td>\n<td>Dynamisches Mischen M12-16\/ RM12-26\/ RM17-26<\/td>\n<td>SILBER<\/td>\n<td>Messing vernickelt<\/td>\n<\/tr>\n<tr>\n<td>2<\/td>\n<td>JT-01<\/td>\n<td>7<\/td>\n<td>22.5<\/td>\n<td>10 mm<\/td>\n<td>SILBER<\/td>\n<td>Messing vernickelt<\/td>\n<\/tr>\n<tr>\n<td>3<\/td>\n<td>JT-02<\/td>\n<td>6<\/td>\n<td>22.5<\/td>\n<td>6~8mm<\/td>\n<td>SILBER<\/td>\n<td>Messing vernickelt<\/td>\n<\/tr>\n<tr>\n<td>4<\/td>\n<td>JT-03<\/td>\n<td>5<\/td>\n<td>22.5<\/td>\n<td>5.4~6.3mm<\/td>\n<td>SILBER<\/td>\n<td>Messing vernickelt<\/td>\n<\/tr>\n<tr>\n<td>5<\/td>\n<td>LA 05-00<\/td>\n<td>5<\/td>\n<td>22.5<\/td>\n<td>5.4~6.3mm<\/td>\n<td>WEI\u00df<\/td>\n<td>Plastik<\/td>\n<\/tr>\n<tr>\n<td>6<\/td>\n<td>LA 06-08<\/td>\n<td>6<\/td>\n<td>22.5<\/td>\n<td>6~8mm<\/td>\n<td>GRAU<\/td>\n<td>Plastik<\/td>\n<\/tr>\n<tr>\n<td>7<\/td>\n<td>LA 10-00<\/td>\n<td>7<\/td>\n<td>22.5<\/td>\n<td>10 mm<\/td>\n<td>SCHWARZ<\/td>\n<td>Plastik<\/td>\n<\/tr>\n<\/tbody>\n<\/table>\n<\/div>\n","protected":false},"excerpt":{"rendered":"<p>Die Funktion des Luer Lock Mix D\u00fcsenadapters besteht darin, die Nadel und das Mischrohr zu verbinden, um pr\u00e4zise Dosieranforderungen zu erreichen. Wenn Sie eine kleinere Menge Kleber ben\u00f6tigen, k\u00f6nnen Sie die Nadel im Mischrohr wechseln.<\/p>\n","protected":false},"featured_media":4695,"comment_status":"open","ping_status":"closed","template":"","meta":{"_acf_changed":false},"product_brand":[],"product_cat":[146],"product_tag":[],"class_list":{"0":"post-5363","1":"product","2":"type-product","3":"status-publish","4":"has-post-thumbnail","6":"product_cat-sonstiges-dosierzubehoer","8":"first","9":"instock","10":"shipping-taxable","11":"product-type-simple"},"acf":[],"yoast_head":"<!-- This site is optimized with the Yoast SEO plugin v26.0 - https:\/\/yoast.com\/wordpress\/plugins\/seo\/ -->\n<title>Statische Mischerd\u00fcse Luer Lock Adapterarmatur - Btektech<\/title>\n<meta name=\"description\" content=\"Die Funktion des Luer Lock Mix D\u00fcsenadapters besteht darin, die Nadel und das Mischrohr zu verbinden, um pr\u00e4zise Dosieranforderungen zu erreichen.\" \/>\n<meta name=\"robots\" content=\"index, follow, max-snippet:-1, max-image-preview:large, max-video-preview:-1\" \/>\n<link rel=\"canonical\" href=\"https:\/\/btektech.com\/de\/product\/statikmischer-duse-luer-lock-adapter-fitting\/\" \/>\n<meta property=\"og:locale\" content=\"de_DE\" \/>\n<meta property=\"og:type\" content=\"article\" \/>\n<meta property=\"og:title\" content=\"Statische Mischerd\u00fcse Luer Lock Adapterarmatur - Btektech\" \/>\n<meta property=\"og:description\" content=\"Die Funktion des Luer Lock Mix D\u00fcsenadapters besteht darin, die Nadel und das Mischrohr zu verbinden, um pr\u00e4zise Dosieranforderungen zu erreichen.\" \/>\n<meta property=\"og:url\" content=\"https:\/\/btektech.com\/de\/product\/statikmischer-duse-luer-lock-adapter-fitting\/\" \/>\n<meta property=\"og:site_name\" content=\"Btektech\" \/>\n<meta property=\"article:modified_time\" content=\"2022-07-27T01:22:39+00:00\" \/>\n<meta property=\"og:image\" content=\"https:\/\/btektech.com\/wp-content\/uploads\/2021\/12\/20211223141551.jpg\" \/>\n\t<meta property=\"og:image:width\" content=\"800\" \/>\n\t<meta property=\"og:image:height\" content=\"800\" \/>\n\t<meta property=\"og:image:type\" content=\"image\/jpeg\" \/>\n<meta name=\"twitter:card\" content=\"summary_large_image\" \/>\n<meta name=\"twitter:site\" content=\"@Btektech1\" \/>\n<meta name=\"twitter:label1\" content=\"Gesch\u00e4tzte Lesezeit\" \/>\n\t<meta name=\"twitter:data1\" content=\"1\u00a0Minute\" \/>\n<script type=\"application\/ld+json\" class=\"yoast-schema-graph\">{\"@context\":\"https:\/\/schema.org\",\"@graph\":[{\"@type\":[\"WebPage\",\"ItemPage\"],\"@id\":\"https:\/\/btektech.com\/de\/product\/statikmischer-duse-luer-lock-adapter-fitting\/\",\"url\":\"https:\/\/btektech.com\/de\/product\/statikmischer-duse-luer-lock-adapter-fitting\/\",\"name\":\"Statische Mischerd\u00fcse Luer Lock Adapterarmatur - Btektech\",\"isPartOf\":{\"@id\":\"https:\/\/btektech.com\/#website\"},\"primaryImageOfPage\":{\"@id\":\"https:\/\/btektech.com\/de\/product\/statikmischer-duse-luer-lock-adapter-fitting\/#primaryimage\"},\"image\":{\"@id\":\"https:\/\/btektech.com\/de\/product\/statikmischer-duse-luer-lock-adapter-fitting\/#primaryimage\"},\"thumbnailUrl\":\"https:\/\/btektech.com\/wp-content\/uploads\/2021\/12\/20211223141551.jpg\",\"datePublished\":\"2022-04-25T17:24:22+00:00\",\"dateModified\":\"2022-07-27T01:22:39+00:00\",\"description\":\"Die Funktion des Luer Lock Mix D\u00fcsenadapters besteht darin, die Nadel und das Mischrohr zu verbinden, um pr\u00e4zise Dosieranforderungen zu erreichen.\",\"breadcrumb\":{\"@id\":\"https:\/\/btektech.com\/de\/product\/statikmischer-duse-luer-lock-adapter-fitting\/#breadcrumb\"},\"inLanguage\":\"de\",\"potentialAction\":[{\"@type\":\"ReadAction\",\"target\":[\"https:\/\/btektech.com\/de\/product\/statikmischer-duse-luer-lock-adapter-fitting\/\"]}]},{\"@type\":\"ImageObject\",\"inLanguage\":\"de\",\"@id\":\"https:\/\/btektech.com\/de\/product\/statikmischer-duse-luer-lock-adapter-fitting\/#primaryimage\",\"url\":\"https:\/\/btektech.com\/wp-content\/uploads\/2021\/12\/20211223141551.jpg\",\"contentUrl\":\"https:\/\/btektech.com\/wp-content\/uploads\/2021\/12\/20211223141551.jpg\",\"width\":800,\"height\":800,\"caption\":\"Ajuste do adaptador de bloqueio de trave luer de misturador est\u00e1tico\"},{\"@type\":\"BreadcrumbList\",\"@id\":\"https:\/\/btektech.com\/de\/product\/statikmischer-duse-luer-lock-adapter-fitting\/#breadcrumb\",\"itemListElement\":[{\"@type\":\"ListItem\",\"position\":1,\"name\":\"Home\",\"item\":\"https:\/\/btektech.com\/de\/\"},{\"@type\":\"ListItem\",\"position\":2,\"name\":\"\u00dcr\u00fcnler\",\"item\":\"https:\/\/btektech.com\/tr\/shop\/\"},{\"@type\":\"ListItem\",\"position\":3,\"name\":\"Dispensing Adapters\",\"item\":\"https:\/\/btektech.com\/product-category\/dispensing-adapters\/\"},{\"@type\":\"ListItem\",\"position\":4,\"name\":\"Statische Mischerd\u00fcse Luer Lock Adapterarmatur\"}]},{\"@type\":\"WebSite\",\"@id\":\"https:\/\/btektech.com\/#website\",\"url\":\"https:\/\/btektech.com\/\",\"name\":\"Btektech\",\"description\":\"\",\"publisher\":{\"@id\":\"https:\/\/btektech.com\/#organization\"},\"potentialAction\":[{\"@type\":\"SearchAction\",\"target\":{\"@type\":\"EntryPoint\",\"urlTemplate\":\"https:\/\/btektech.com\/?s={search_term_string}\"},\"query-input\":{\"@type\":\"PropertyValueSpecification\",\"valueRequired\":true,\"valueName\":\"search_term_string\"}}],\"inLanguage\":\"de\"},{\"@type\":\"Organization\",\"@id\":\"https:\/\/btektech.com\/#organization\",\"name\":\"Btektech\",\"url\":\"https:\/\/btektech.com\/\",\"logo\":{\"@type\":\"ImageObject\",\"inLanguage\":\"de\",\"@id\":\"https:\/\/btektech.com\/#\/schema\/logo\/image\/\",\"url\":\"https:\/\/btektech.com\/wp-content\/uploads\/2021\/08\/btektech-logo.png\",\"contentUrl\":\"https:\/\/btektech.com\/wp-content\/uploads\/2021\/08\/btektech-logo.png\",\"width\":250,\"height\":114,\"caption\":\"Btektech\"},\"image\":{\"@id\":\"https:\/\/btektech.com\/#\/schema\/logo\/image\/\"},\"sameAs\":[\"https:\/\/x.com\/Btektech1\",\"https:\/\/www.instagram.com\/btektech\/\",\"https:\/\/www.linkedin.com\/company\/suzhou-baotailong-electronic-materials-co-ltd\/\",\"https:\/\/www.pinterest.com\/btektech\/_saved\/\",\"https:\/\/www.youtube.com\/channel\/UCBiw4Bc4CmQDrdo-QqyVTqQ\"]}]}<\/script>\n<!-- \/ Yoast SEO plugin. -->","yoast_head_json":{"title":"Statische Mischerd\u00fcse Luer Lock Adapterarmatur - Btektech","description":"Die Funktion des Luer Lock Mix D\u00fcsenadapters besteht darin, die Nadel und das Mischrohr zu verbinden, um pr\u00e4zise Dosieranforderungen zu erreichen.","robots":{"index":"index","follow":"follow","max-snippet":"max-snippet:-1","max-image-preview":"max-image-preview:large","max-video-preview":"max-video-preview:-1"},"canonical":"https:\/\/btektech.com\/de\/product\/statikmischer-duse-luer-lock-adapter-fitting\/","og_locale":"de_DE","og_type":"article","og_title":"Statische Mischerd\u00fcse Luer Lock Adapterarmatur - Btektech","og_description":"Die Funktion des Luer Lock Mix D\u00fcsenadapters besteht darin, die Nadel und das Mischrohr zu verbinden, um pr\u00e4zise Dosieranforderungen zu erreichen.","og_url":"https:\/\/btektech.com\/de\/product\/statikmischer-duse-luer-lock-adapter-fitting\/","og_site_name":"Btektech","article_modified_time":"2022-07-27T01:22:39+00:00","og_image":[{"width":800,"height":800,"url":"https:\/\/btektech.com\/wp-content\/uploads\/2021\/12\/20211223141551.jpg","type":"image\/jpeg"}],"twitter_card":"summary_large_image","twitter_site":"@Btektech1","twitter_misc":{"Gesch\u00e4tzte Lesezeit":"1\u00a0Minute"},"schema":{"@context":"https:\/\/schema.org","@graph":[{"@type":["WebPage","ItemPage"],"@id":"https:\/\/btektech.com\/de\/product\/statikmischer-duse-luer-lock-adapter-fitting\/","url":"https:\/\/btektech.com\/de\/product\/statikmischer-duse-luer-lock-adapter-fitting\/","name":"Statische Mischerd\u00fcse Luer Lock Adapterarmatur - Btektech","isPartOf":{"@id":"https:\/\/btektech.com\/#website"},"primaryImageOfPage":{"@id":"https:\/\/btektech.com\/de\/product\/statikmischer-duse-luer-lock-adapter-fitting\/#primaryimage"},"image":{"@id":"https:\/\/btektech.com\/de\/product\/statikmischer-duse-luer-lock-adapter-fitting\/#primaryimage"},"thumbnailUrl":"https:\/\/btektech.com\/wp-content\/uploads\/2021\/12\/20211223141551.jpg","datePublished":"2022-04-25T17:24:22+00:00","dateModified":"2022-07-27T01:22:39+00:00","description":"Die Funktion des Luer Lock Mix D\u00fcsenadapters besteht darin, die Nadel und das Mischrohr zu verbinden, um pr\u00e4zise Dosieranforderungen zu erreichen.","breadcrumb":{"@id":"https:\/\/btektech.com\/de\/product\/statikmischer-duse-luer-lock-adapter-fitting\/#breadcrumb"},"inLanguage":"de","potentialAction":[{"@type":"ReadAction","target":["https:\/\/btektech.com\/de\/product\/statikmischer-duse-luer-lock-adapter-fitting\/"]}]},{"@type":"ImageObject","inLanguage":"de","@id":"https:\/\/btektech.com\/de\/product\/statikmischer-duse-luer-lock-adapter-fitting\/#primaryimage","url":"https:\/\/btektech.com\/wp-content\/uploads\/2021\/12\/20211223141551.jpg","contentUrl":"https:\/\/btektech.com\/wp-content\/uploads\/2021\/12\/20211223141551.jpg","width":800,"height":800,"caption":"Ajuste do adaptador de bloqueio de trave luer de misturador est\u00e1tico"},{"@type":"BreadcrumbList","@id":"https:\/\/btektech.com\/de\/product\/statikmischer-duse-luer-lock-adapter-fitting\/#breadcrumb","itemListElement":[{"@type":"ListItem","position":1,"name":"Home","item":"https:\/\/btektech.com\/de\/"},{"@type":"ListItem","position":2,"name":"\u00dcr\u00fcnler","item":"https:\/\/btektech.com\/tr\/shop\/"},{"@type":"ListItem","position":3,"name":"Dispensing Adapters","item":"https:\/\/btektech.com\/product-category\/dispensing-adapters\/"},{"@type":"ListItem","position":4,"name":"Statische Mischerd\u00fcse Luer Lock Adapterarmatur"}]},{"@type":"WebSite","@id":"https:\/\/btektech.com\/#website","url":"https:\/\/btektech.com\/","name":"Btektech","description":"","publisher":{"@id":"https:\/\/btektech.com\/#organization"},"potentialAction":[{"@type":"SearchAction","target":{"@type":"EntryPoint","urlTemplate":"https:\/\/btektech.com\/?s={search_term_string}"},"query-input":{"@type":"PropertyValueSpecification","valueRequired":true,"valueName":"search_term_string"}}],"inLanguage":"de"},{"@type":"Organization","@id":"https:\/\/btektech.com\/#organization","name":"Btektech","url":"https:\/\/btektech.com\/","logo":{"@type":"ImageObject","inLanguage":"de","@id":"https:\/\/btektech.com\/#\/schema\/logo\/image\/","url":"https:\/\/btektech.com\/wp-content\/uploads\/2021\/08\/btektech-logo.png","contentUrl":"https:\/\/btektech.com\/wp-content\/uploads\/2021\/08\/btektech-logo.png","width":250,"height":114,"caption":"Btektech"},"image":{"@id":"https:\/\/btektech.com\/#\/schema\/logo\/image\/"},"sameAs":["https:\/\/x.com\/Btektech1","https:\/\/www.instagram.com\/btektech\/","https:\/\/www.linkedin.com\/company\/suzhou-baotailong-electronic-materials-co-ltd\/","https:\/\/www.pinterest.com\/btektech\/_saved\/","https:\/\/www.youtube.com\/channel\/UCBiw4Bc4CmQDrdo-QqyVTqQ"]}]}},"_links":{"self":[{"href":"https:\/\/btektech.com\/de\/wp-json\/wp\/v2\/product\/5363","targetHints":{"allow":["GET"]}}],"collection":[{"href":"https:\/\/btektech.com\/de\/wp-json\/wp\/v2\/product"}],"about":[{"href":"https:\/\/btektech.com\/de\/wp-json\/wp\/v2\/types\/product"}],"replies":[{"embeddable":true,"href":"https:\/\/btektech.com\/de\/wp-json\/wp\/v2\/comments?post=5363"}],"version-history":[{"count":0,"href":"https:\/\/btektech.com\/de\/wp-json\/wp\/v2\/product\/5363\/revisions"}],"wp:featuredmedia":[{"embeddable":true,"href":"https:\/\/btektech.com\/de\/wp-json\/wp\/v2\/media\/4695"}],"wp:attachment":[{"href":"https:\/\/btektech.com\/de\/wp-json\/wp\/v2\/media?parent=5363"}],"wp:term":[{"taxonomy":"product_brand","embeddable":true,"href":"https:\/\/btektech.com\/de\/wp-json\/wp\/v2\/product_brand?post=5363"},{"taxonomy":"product_cat","embeddable":true,"href":"https:\/\/btektech.com\/de\/wp-json\/wp\/v2\/product_cat?post=5363"},{"taxonomy":"product_tag","embeddable":true,"href":"https:\/\/btektech.com\/de\/wp-json\/wp\/v2\/product_tag?post=5363"}],"curies":[{"name":"wp","href":"https:\/\/api.w.org\/{rel}","templated":true}]}}