{"id":3402,"date":"2021-08-23T15:44:17","date_gmt":"2021-08-23T15:44:17","guid":{"rendered":"https:\/\/btektech.com\/about-us\/"},"modified":"2022-04-13T10:06:46","modified_gmt":"2022-04-13T10:06:46","slug":"ueber-uns","status":"publish","type":"page","link":"https:\/\/btektech.com\/de\/ueber-uns\/","title":{"rendered":"\u00dcber uns"},"content":{"rendered":"\t\t<div data-elementor-type=\"wp-page\" data-elementor-id=\"3402\" class=\"elementor elementor-3402 elementor-19\" data-elementor-post-type=\"page\">\n\t\t\t\t\t\t<section class=\"elementor-section elementor-top-section elementor-element elementor-element-04de7bb elementor-section-boxed elementor-section-height-default elementor-section-height-default\" data-id=\"04de7bb\" data-element_type=\"section\" data-e-type=\"section\" data-settings=\"{&quot;background_background&quot;:&quot;classic&quot;}\">\n\t\t\t\t\t\t<div class=\"elementor-container elementor-column-gap-default\">\n\t\t\t\t\t<div class=\"elementor-column elementor-col-100 elementor-top-column elementor-element elementor-element-2601ba2\" data-id=\"2601ba2\" data-element_type=\"column\" data-e-type=\"column\">\n\t\t\t<div class=\"elementor-widget-wrap elementor-element-populated\">\n\t\t\t\t\t\t<div class=\"elementor-element elementor-element-3762a82 elementor-widget elementor-widget-heading\" data-id=\"3762a82\" data-element_type=\"widget\" data-e-type=\"widget\" data-widget_type=\"heading.default\">\n\t\t\t\t<div class=\"elementor-widget-container\">\n\t\t\t\t\t<h1 class=\"elementor-heading-title elementor-size-default\">\u00dcber uns<\/h1>\t\t\t\t<\/div>\n\t\t\t\t<\/div>\n\t\t\t\t\t<\/div>\n\t\t<\/div>\n\t\t\t\t\t<\/div>\n\t\t<\/section>\n\t\t\t\t<section class=\"elementor-section elementor-top-section elementor-element elementor-element-5e4bd40e elementor-section-boxed elementor-section-height-default elementor-section-height-default\" data-id=\"5e4bd40e\" data-element_type=\"section\" data-e-type=\"section\">\n\t\t\t\t\t\t<div class=\"elementor-container elementor-column-gap-default\">\n\t\t\t\t\t<div class=\"elementor-column elementor-col-50 elementor-top-column elementor-element elementor-element-6840211c\" data-id=\"6840211c\" data-element_type=\"column\" data-e-type=\"column\">\n\t\t\t<div class=\"elementor-widget-wrap elementor-element-populated\">\n\t\t\t\t\t\t<div class=\"elementor-element elementor-element-7cea750c elementor-widget elementor-widget-image\" data-id=\"7cea750c\" data-element_type=\"widget\" data-e-type=\"widget\" data-widget_type=\"image.default\">\n\t\t\t\t<div class=\"elementor-widget-container\">\n\t\t\t\t\t\t\t\t\t\t\t\t\t\t\t<img fetchpriority=\"high\" decoding=\"async\" width=\"800\" height=\"552\" src=\"https:\/\/btektech.com\/wp-content\/uploads\/2021\/08\/about.jpg\" class=\"attachment-large size-large wp-image-1682\" alt=\"Btektech company\" srcset=\"https:\/\/btektech.com\/wp-content\/uploads\/2021\/08\/about.jpg 800w, https:\/\/btektech.com\/wp-content\/uploads\/2021\/08\/about-400x276.jpg 400w, https:\/\/btektech.com\/wp-content\/uploads\/2021\/08\/about-300x207.jpg 300w, https:\/\/btektech.com\/wp-content\/uploads\/2021\/08\/about-768x530.jpg 768w\" sizes=\"(max-width: 800px) 100vw, 800px\" \/>\t\t\t\t\t\t\t\t\t\t\t\t\t\t\t<\/div>\n\t\t\t\t<\/div>\n\t\t\t\t\t<\/div>\n\t\t<\/div>\n\t\t\t\t<div class=\"elementor-column elementor-col-50 elementor-top-column elementor-element elementor-element-74de206e\" data-id=\"74de206e\" data-element_type=\"column\" data-e-type=\"column\">\n\t\t\t<div class=\"elementor-widget-wrap elementor-element-populated\">\n\t\t\t\t\t\t<div class=\"elementor-element elementor-element-6ce75d03 elementor-widget elementor-widget-heading\" data-id=\"6ce75d03\" data-element_type=\"widget\" data-e-type=\"widget\" data-widget_type=\"heading.default\">\n\t\t\t\t<div class=\"elementor-widget-container\">\n\t\t\t\t\t<h2 class=\"elementor-heading-title elementor-size-default\">Suzhou Baotailong Electronic Materials Co, Ltd.<\/h2>\t\t\t\t<\/div>\n\t\t\t\t<\/div>\n\t\t\t\t<div class=\"elementor-element elementor-element-d47b4d5 elementor-widget elementor-widget-text-editor\" data-id=\"d47b4d5\" data-element_type=\"widget\" data-e-type=\"widget\" data-widget_type=\"text-editor.default\">\n\t\t\t\t<div class=\"elementor-widget-container\">\n\t\t\t\t\t\t\t\t\t<div class=\"wpb_column vc_column_container vc_col-sm-12\"><div class=\"vc_column-inner\"><div class=\"wpb_wrapper\"><div id=\"kapee-header-55706\" class=\"kapee-element kapee-heading text-center kapee-width-100 separator-none separator-between-heading\"><div class=\"heading-tagline\"><div class=\"vc_row wpb_row vc_row-fluid vc_custom_1570795336369\"><div class=\"wpb_column vc_column_container vc_col-sm-6\"><div class=\"vc_column-inner\"><div class=\"wpb_wrapper\"><div class=\"wpb_text_column wpb_content_element \"><div class=\"wpb_wrapper\"><p>Wir sind ein High-Tech-Unternehmen, das sich auf hochwertige Zweikomponenten-Kleberdosiersysteme, Dosierprodukte und Verbrauchsmaterialien spezialisiert hat.<br \/>Wir sind Hersteller von Dosiersystemen und KEINE Wiederverk\u00e4ufer!<br \/>So k\u00f6nnen wir Ihnen die beste Qualit\u00e4t zum besten Preis anbieten. Als Hersteller haben wir auch die M\u00f6glichkeit, Dosierprodukte und Verbrauchsmaterialien nach IHREN Anforderungen und Spezifikationen zu fertigen. Btektech stellt seit mehr als 10 Jahren Klebstoff-Dosiersysteme, Dosiernadeln, Mischtuben und Klebstoffspritzen her. In dieser Zeit haben wir mit einer gro\u00dfen Anzahl von Partnern zusammengearbeitet, darunter lokale und internationale Unternehmen. Wir w\u00fcrden uns freuen, Ihre Bed\u00fcrfnisse zu h\u00f6ren und unser Bestes zu tun, um sie zu erf\u00fcllen. Sie k\u00f6nnen uns per E-Mail, Telefon, Skype, etc. kontaktieren. Wir freuen uns darauf, von Ihnen zu h\u00f6ren.<\/p><\/div><\/div><\/div><\/div><\/div><\/div><\/div><\/div><\/div><\/div><\/div>\t\t\t\t\t\t\t\t<\/div>\n\t\t\t\t<\/div>\n\t\t\t\t\t<\/div>\n\t\t<\/div>\n\t\t\t\t\t<\/div>\n\t\t<\/section>\n\t\t\t\t<section class=\"elementor-section elementor-top-section elementor-element elementor-element-8149f30 elementor-section-boxed elementor-section-height-default elementor-section-height-default\" data-id=\"8149f30\" data-element_type=\"section\" data-e-type=\"section\">\n\t\t\t\t\t\t<div class=\"elementor-container elementor-column-gap-default\">\n\t\t\t\t\t<div class=\"elementor-column elementor-col-100 elementor-top-column elementor-element elementor-element-cac3f00\" data-id=\"cac3f00\" data-element_type=\"column\" data-e-type=\"column\">\n\t\t\t<div class=\"elementor-widget-wrap\">\n\t\t\t\t\t\t\t<\/div>\n\t\t<\/div>\n\t\t\t\t\t<\/div>\n\t\t<\/section>\n\t\t\t\t<\/div>\n\t\t","protected":false},"excerpt":{"rendered":"<p>\u00dcber uns Suzhou Baotailong Electronic Materials Co, Ltd. Wir sind ein High-Tech-Unternehmen, das sich auf hochwertige Zweikomponenten-Kleberdosiersysteme, Dosierprodukte und Verbrauchsmaterialien spezialisiert hat. Wir sind Hersteller von Dosiersystemen und KEINE Wiederverk\u00e4ufer! So k\u00f6nnen wir Ihnen die beste Qualit\u00e4t zum besten Preis anbieten. Als Hersteller haben wir auch die M\u00f6glichkeit, Dosierprodukte und Verbrauchsmaterialien nach IHREN Anforderungen und [&hellip;]<\/p>\n","protected":false},"author":1,"featured_media":0,"parent":0,"menu_order":0,"comment_status":"closed","ping_status":"closed","template":"elementor_header_footer","meta":{"_acf_changed":false,"footnotes":""},"class_list":["post-3402","page","type-page","status-publish","hentry"],"acf":[],"yoast_head":"<!-- This site is optimized with the Yoast SEO plugin v26.0 - https:\/\/yoast.com\/wordpress\/plugins\/seo\/ -->\n<title>\u00dcber Souzhou Btektech<\/title>\n<meta name=\"description\" content=\"Btektech ist ein High-Tech-Unternehmen, das sich auf Zweikomponenten-Leimdosiersysteme, Dosierprodukte und Verbrauchsmaterialien spezialisiert hat.\" \/>\n<meta name=\"robots\" content=\"index, follow, max-snippet:-1, max-image-preview:large, max-video-preview:-1\" \/>\n<link rel=\"canonical\" href=\"https:\/\/btektech.com\/de\/ueber-uns\/\" \/>\n<meta property=\"og:locale\" content=\"de_DE\" \/>\n<meta property=\"og:type\" content=\"article\" \/>\n<meta property=\"og:title\" content=\"\u00dcber Souzhou Btektech\" \/>\n<meta property=\"og:description\" content=\"Btektech ist ein High-Tech-Unternehmen, das sich auf Zweikomponenten-Leimdosiersysteme, Dosierprodukte und Verbrauchsmaterialien spezialisiert hat.\" \/>\n<meta property=\"og:url\" content=\"https:\/\/btektech.com\/de\/ueber-uns\/\" \/>\n<meta property=\"og:site_name\" content=\"Btektech\" \/>\n<meta property=\"article:modified_time\" content=\"2022-04-13T10:06:46+00:00\" \/>\n<meta property=\"og:image\" content=\"https:\/\/btektech.com\/wp-content\/uploads\/2021\/08\/about.jpg\" \/>\n<meta name=\"twitter:card\" content=\"summary_large_image\" \/>\n<meta name=\"twitter:site\" content=\"@Btektech1\" \/>\n<meta name=\"twitter:label1\" content=\"Gesch\u00e4tzte Lesezeit\" \/>\n\t<meta name=\"twitter:data1\" content=\"1\u00a0Minute\" \/>\n<script type=\"application\/ld+json\" class=\"yoast-schema-graph\">{\"@context\":\"https:\/\/schema.org\",\"@graph\":[{\"@type\":\"WebPage\",\"@id\":\"https:\/\/btektech.com\/de\/ueber-uns\/\",\"url\":\"https:\/\/btektech.com\/de\/ueber-uns\/\",\"name\":\"\u00dcber Souzhou Btektech\",\"isPartOf\":{\"@id\":\"https:\/\/btektech.com\/#website\"},\"primaryImageOfPage\":{\"@id\":\"https:\/\/btektech.com\/de\/ueber-uns\/#primaryimage\"},\"image\":{\"@id\":\"https:\/\/btektech.com\/de\/ueber-uns\/#primaryimage\"},\"thumbnailUrl\":\"https:\/\/btektech.com\/wp-content\/uploads\/2021\/08\/about.jpg\",\"datePublished\":\"2021-08-23T15:44:17+00:00\",\"dateModified\":\"2022-04-13T10:06:46+00:00\",\"description\":\"Btektech ist ein High-Tech-Unternehmen, das sich auf Zweikomponenten-Leimdosiersysteme, Dosierprodukte und Verbrauchsmaterialien spezialisiert hat.\",\"breadcrumb\":{\"@id\":\"https:\/\/btektech.com\/de\/ueber-uns\/#breadcrumb\"},\"inLanguage\":\"de\",\"potentialAction\":[{\"@type\":\"ReadAction\",\"target\":[\"https:\/\/btektech.com\/de\/ueber-uns\/\"]}]},{\"@type\":\"ImageObject\",\"inLanguage\":\"de\",\"@id\":\"https:\/\/btektech.com\/de\/ueber-uns\/#primaryimage\",\"url\":\"https:\/\/btektech.com\/wp-content\/uploads\/2021\/08\/about.jpg\",\"contentUrl\":\"https:\/\/btektech.com\/wp-content\/uploads\/2021\/08\/about.jpg\"},{\"@type\":\"BreadcrumbList\",\"@id\":\"https:\/\/btektech.com\/de\/ueber-uns\/#breadcrumb\",\"itemListElement\":[{\"@type\":\"ListItem\",\"position\":1,\"name\":\"Home\",\"item\":\"https:\/\/btektech.com\/de\/home-2\/\"},{\"@type\":\"ListItem\",\"position\":2,\"name\":\"\u00dcber uns\"}]},{\"@type\":\"WebSite\",\"@id\":\"https:\/\/btektech.com\/#website\",\"url\":\"https:\/\/btektech.com\/\",\"name\":\"Btektech\",\"description\":\"\",\"publisher\":{\"@id\":\"https:\/\/btektech.com\/#organization\"},\"potentialAction\":[{\"@type\":\"SearchAction\",\"target\":{\"@type\":\"EntryPoint\",\"urlTemplate\":\"https:\/\/btektech.com\/?s={search_term_string}\"},\"query-input\":{\"@type\":\"PropertyValueSpecification\",\"valueRequired\":true,\"valueName\":\"search_term_string\"}}],\"inLanguage\":\"de\"},{\"@type\":\"Organization\",\"@id\":\"https:\/\/btektech.com\/#organization\",\"name\":\"Btektech\",\"url\":\"https:\/\/btektech.com\/\",\"logo\":{\"@type\":\"ImageObject\",\"inLanguage\":\"de\",\"@id\":\"https:\/\/btektech.com\/#\/schema\/logo\/image\/\",\"url\":\"https:\/\/btektech.com\/wp-content\/uploads\/2021\/08\/btektech-logo.png\",\"contentUrl\":\"https:\/\/btektech.com\/wp-content\/uploads\/2021\/08\/btektech-logo.png\",\"width\":250,\"height\":114,\"caption\":\"Btektech\"},\"image\":{\"@id\":\"https:\/\/btektech.com\/#\/schema\/logo\/image\/\"},\"sameAs\":[\"https:\/\/x.com\/Btektech1\",\"https:\/\/www.instagram.com\/btektech\/\",\"https:\/\/www.linkedin.com\/company\/suzhou-baotailong-electronic-materials-co-ltd\/\",\"https:\/\/www.pinterest.com\/btektech\/_saved\/\",\"https:\/\/www.youtube.com\/channel\/UCBiw4Bc4CmQDrdo-QqyVTqQ\"]}]}<\/script>\n<!-- \/ Yoast SEO plugin. -->","yoast_head_json":{"title":"\u00dcber Souzhou Btektech","description":"Btektech ist ein High-Tech-Unternehmen, das sich auf Zweikomponenten-Leimdosiersysteme, Dosierprodukte und Verbrauchsmaterialien spezialisiert hat.","robots":{"index":"index","follow":"follow","max-snippet":"max-snippet:-1","max-image-preview":"max-image-preview:large","max-video-preview":"max-video-preview:-1"},"canonical":"https:\/\/btektech.com\/de\/ueber-uns\/","og_locale":"de_DE","og_type":"article","og_title":"\u00dcber Souzhou Btektech","og_description":"Btektech ist ein High-Tech-Unternehmen, das sich auf Zweikomponenten-Leimdosiersysteme, Dosierprodukte und Verbrauchsmaterialien spezialisiert hat.","og_url":"https:\/\/btektech.com\/de\/ueber-uns\/","og_site_name":"Btektech","article_modified_time":"2022-04-13T10:06:46+00:00","og_image":[{"url":"https:\/\/btektech.com\/wp-content\/uploads\/2021\/08\/about.jpg","type":"","width":"","height":""}],"twitter_card":"summary_large_image","twitter_site":"@Btektech1","twitter_misc":{"Gesch\u00e4tzte Lesezeit":"1\u00a0Minute"},"schema":{"@context":"https:\/\/schema.org","@graph":[{"@type":"WebPage","@id":"https:\/\/btektech.com\/de\/ueber-uns\/","url":"https:\/\/btektech.com\/de\/ueber-uns\/","name":"\u00dcber Souzhou Btektech","isPartOf":{"@id":"https:\/\/btektech.com\/#website"},"primaryImageOfPage":{"@id":"https:\/\/btektech.com\/de\/ueber-uns\/#primaryimage"},"image":{"@id":"https:\/\/btektech.com\/de\/ueber-uns\/#primaryimage"},"thumbnailUrl":"https:\/\/btektech.com\/wp-content\/uploads\/2021\/08\/about.jpg","datePublished":"2021-08-23T15:44:17+00:00","dateModified":"2022-04-13T10:06:46+00:00","description":"Btektech ist ein High-Tech-Unternehmen, das sich auf Zweikomponenten-Leimdosiersysteme, Dosierprodukte und Verbrauchsmaterialien spezialisiert hat.","breadcrumb":{"@id":"https:\/\/btektech.com\/de\/ueber-uns\/#breadcrumb"},"inLanguage":"de","potentialAction":[{"@type":"ReadAction","target":["https:\/\/btektech.com\/de\/ueber-uns\/"]}]},{"@type":"ImageObject","inLanguage":"de","@id":"https:\/\/btektech.com\/de\/ueber-uns\/#primaryimage","url":"https:\/\/btektech.com\/wp-content\/uploads\/2021\/08\/about.jpg","contentUrl":"https:\/\/btektech.com\/wp-content\/uploads\/2021\/08\/about.jpg"},{"@type":"BreadcrumbList","@id":"https:\/\/btektech.com\/de\/ueber-uns\/#breadcrumb","itemListElement":[{"@type":"ListItem","position":1,"name":"Home","item":"https:\/\/btektech.com\/de\/home-2\/"},{"@type":"ListItem","position":2,"name":"\u00dcber uns"}]},{"@type":"WebSite","@id":"https:\/\/btektech.com\/#website","url":"https:\/\/btektech.com\/","name":"Btektech","description":"","publisher":{"@id":"https:\/\/btektech.com\/#organization"},"potentialAction":[{"@type":"SearchAction","target":{"@type":"EntryPoint","urlTemplate":"https:\/\/btektech.com\/?s={search_term_string}"},"query-input":{"@type":"PropertyValueSpecification","valueRequired":true,"valueName":"search_term_string"}}],"inLanguage":"de"},{"@type":"Organization","@id":"https:\/\/btektech.com\/#organization","name":"Btektech","url":"https:\/\/btektech.com\/","logo":{"@type":"ImageObject","inLanguage":"de","@id":"https:\/\/btektech.com\/#\/schema\/logo\/image\/","url":"https:\/\/btektech.com\/wp-content\/uploads\/2021\/08\/btektech-logo.png","contentUrl":"https:\/\/btektech.com\/wp-content\/uploads\/2021\/08\/btektech-logo.png","width":250,"height":114,"caption":"Btektech"},"image":{"@id":"https:\/\/btektech.com\/#\/schema\/logo\/image\/"},"sameAs":["https:\/\/x.com\/Btektech1","https:\/\/www.instagram.com\/btektech\/","https:\/\/www.linkedin.com\/company\/suzhou-baotailong-electronic-materials-co-ltd\/","https:\/\/www.pinterest.com\/btektech\/_saved\/","https:\/\/www.youtube.com\/channel\/UCBiw4Bc4CmQDrdo-QqyVTqQ"]}]}},"_links":{"self":[{"href":"https:\/\/btektech.com\/de\/wp-json\/wp\/v2\/pages\/3402","targetHints":{"allow":["GET"]}}],"collection":[{"href":"https:\/\/btektech.com\/de\/wp-json\/wp\/v2\/pages"}],"about":[{"href":"https:\/\/btektech.com\/de\/wp-json\/wp\/v2\/types\/page"}],"author":[{"embeddable":true,"href":"https:\/\/btektech.com\/de\/wp-json\/wp\/v2\/users\/1"}],"replies":[{"embeddable":true,"href":"https:\/\/btektech.com\/de\/wp-json\/wp\/v2\/comments?post=3402"}],"version-history":[{"count":0,"href":"https:\/\/btektech.com\/de\/wp-json\/wp\/v2\/pages\/3402\/revisions"}],"wp:attachment":[{"href":"https:\/\/btektech.com\/de\/wp-json\/wp\/v2\/media?parent=3402"}],"curies":[{"name":"wp","href":"https:\/\/api.w.org\/{rel}","templated":true}]}}