{"id":24681,"date":"2026-05-12T15:56:11","date_gmt":"2026-05-12T07:56:11","guid":{"rendered":"https:\/\/btektech.com\/mischrohr\/"},"modified":"2026-05-12T15:56:11","modified_gmt":"2026-05-12T07:56:11","slug":"mischrohr","status":"publish","type":"page","link":"https:\/\/btektech.com\/de\/mischrohr\/","title":{"rendered":"Mischrohr"},"content":{"rendered":"","protected":false},"excerpt":{"rendered":"","protected":false},"author":8,"featured_media":21431,"parent":0,"menu_order":0,"comment_status":"closed","ping_status":"closed","template":"page-product-category-first-new.php","meta":{"_acf_changed":false,"footnotes":""},"class_list":["post-24681","page","type-page","status-publish","has-post-thumbnail","hentry"],"acf":[],"yoast_head":"<!-- This site is optimized with the Yoast SEO plugin v27.5 - https:\/\/yoast.com\/product\/yoast-seo-wordpress\/ -->\n<title>Epoxid-Mischd\u00fcsen - F\u00fcr gleichm\u00e4\u00dfiges Mischen von 2-Komponenten-Klebstoff<\/title>\n<meta name=\"description\" content=\"Btektech Epoxy-Mischd\u00fcsen sorgen f\u00fcr ein gleichm\u00e4\u00dfiges Mischen von Zweikomponenten-Klebstoffen und eine konsistente Dosierung f\u00fcr Doppelkartuschen und automatische Dosier-Mischsysteme.\" \/>\n<meta name=\"robots\" content=\"index, follow, max-snippet:-1, max-image-preview:large, max-video-preview:-1\" \/>\n<link rel=\"canonical\" href=\"https:\/\/btektech.com\/de\/mischrohr\/\" \/>\n<meta property=\"og:locale\" content=\"de_DE\" \/>\n<meta property=\"og:type\" content=\"article\" \/>\n<meta property=\"og:title\" content=\"Epoxid-Mischd\u00fcsen - F\u00fcr gleichm\u00e4\u00dfiges Mischen von 2-Komponenten-Klebstoff\" \/>\n<meta property=\"og:description\" content=\"Btektech Epoxy-Mischd\u00fcsen sorgen f\u00fcr ein gleichm\u00e4\u00dfiges Mischen von Zweikomponenten-Klebstoffen und eine konsistente Dosierung f\u00fcr Doppelkartuschen und automatische Dosier-Mischsysteme.\" \/>\n<meta property=\"og:url\" content=\"https:\/\/btektech.com\/de\/mischrohr\/\" \/>\n<meta property=\"og:site_name\" content=\"Btektech\" \/>\n<meta property=\"og:image\" content=\"https:\/\/btektech.com\/wp-content\/uploads\/2025\/12\/1-Bayonet-1.jpg\" \/>\n\t<meta property=\"og:image:width\" content=\"800\" \/>\n\t<meta property=\"og:image:height\" content=\"800\" \/>\n\t<meta property=\"og:image:type\" content=\"image\/jpeg\" \/>\n<meta name=\"twitter:card\" content=\"summary_large_image\" \/>\n<meta name=\"twitter:site\" content=\"@Btektech1\" \/>\n<script type=\"application\/ld+json\" class=\"yoast-schema-graph\">{\"@context\":\"https:\\\/\\\/schema.org\",\"@graph\":[{\"@type\":\"WebPage\",\"@id\":\"https:\\\/\\\/btektech.com\\\/de\\\/mischrohr\\\/\",\"url\":\"https:\\\/\\\/btektech.com\\\/de\\\/mischrohr\\\/\",\"name\":\"Epoxid-Mischd\u00fcsen - F\u00fcr gleichm\u00e4\u00dfiges Mischen von 2-Komponenten-Klebstoff\",\"isPartOf\":{\"@id\":\"https:\\\/\\\/btektech.com\\\/#website\"},\"primaryImageOfPage\":{\"@id\":\"https:\\\/\\\/btektech.com\\\/de\\\/mischrohr\\\/#primaryimage\"},\"image\":{\"@id\":\"https:\\\/\\\/btektech.com\\\/de\\\/mischrohr\\\/#primaryimage\"},\"thumbnailUrl\":\"https:\\\/\\\/btektech.com\\\/wp-content\\\/uploads\\\/2025\\\/12\\\/1-Bayonet-1.jpg\",\"datePublished\":\"2026-05-12T07:56:11+00:00\",\"description\":\"Btektech Epoxy-Mischd\u00fcsen sorgen f\u00fcr ein gleichm\u00e4\u00dfiges Mischen von Zweikomponenten-Klebstoffen und eine konsistente Dosierung f\u00fcr Doppelkartuschen und automatische Dosier-Mischsysteme.\",\"breadcrumb\":{\"@id\":\"https:\\\/\\\/btektech.com\\\/de\\\/mischrohr\\\/#breadcrumb\"},\"inLanguage\":\"de\",\"potentialAction\":[{\"@type\":\"ReadAction\",\"target\":[\"https:\\\/\\\/btektech.com\\\/de\\\/mischrohr\\\/\"]}]},{\"@type\":\"ImageObject\",\"inLanguage\":\"de\",\"@id\":\"https:\\\/\\\/btektech.com\\\/de\\\/mischrohr\\\/#primaryimage\",\"url\":\"https:\\\/\\\/btektech.com\\\/wp-content\\\/uploads\\\/2025\\\/12\\\/1-Bayonet-1.jpg\",\"contentUrl\":\"https:\\\/\\\/btektech.com\\\/wp-content\\\/uploads\\\/2025\\\/12\\\/1-Bayonet-1.jpg\",\"width\":800,\"height\":800,\"caption\":\"Bajonett-Mischerd\u00fcse\"},{\"@type\":\"BreadcrumbList\",\"@id\":\"https:\\\/\\\/btektech.com\\\/de\\\/mischrohr\\\/#breadcrumb\",\"itemListElement\":[{\"@type\":\"ListItem\",\"position\":1,\"name\":\"Home\",\"item\":\"https:\\\/\\\/btektech.com\\\/\"},{\"@type\":\"ListItem\",\"position\":2,\"name\":\"Mischrohr\"}]},{\"@type\":\"WebSite\",\"@id\":\"https:\\\/\\\/btektech.com\\\/#website\",\"url\":\"https:\\\/\\\/btektech.com\\\/\",\"name\":\"Btektech\",\"description\":\"\",\"publisher\":{\"@id\":\"https:\\\/\\\/btektech.com\\\/#organization\"},\"potentialAction\":[{\"@type\":\"SearchAction\",\"target\":{\"@type\":\"EntryPoint\",\"urlTemplate\":\"https:\\\/\\\/btektech.com\\\/?s={search_term_string}\"},\"query-input\":{\"@type\":\"PropertyValueSpecification\",\"valueRequired\":true,\"valueName\":\"search_term_string\"}}],\"inLanguage\":\"de\"},{\"@type\":\"Organization\",\"@id\":\"https:\\\/\\\/btektech.com\\\/#organization\",\"name\":\"Btektech\",\"url\":\"https:\\\/\\\/btektech.com\\\/\",\"logo\":{\"@type\":\"ImageObject\",\"inLanguage\":\"de\",\"@id\":\"https:\\\/\\\/btektech.com\\\/#\\\/schema\\\/logo\\\/image\\\/\",\"url\":\"https:\\\/\\\/btektech.com\\\/wp-content\\\/uploads\\\/2021\\\/08\\\/btektech-logo.png\",\"contentUrl\":\"https:\\\/\\\/btektech.com\\\/wp-content\\\/uploads\\\/2021\\\/08\\\/btektech-logo.png\",\"width\":250,\"height\":114,\"caption\":\"Btektech\"},\"image\":{\"@id\":\"https:\\\/\\\/btektech.com\\\/#\\\/schema\\\/logo\\\/image\\\/\"},\"sameAs\":[\"https:\\\/\\\/x.com\\\/Btektech1\",\"https:\\\/\\\/www.instagram.com\\\/btektech\\\/\",\"https:\\\/\\\/www.linkedin.com\\\/company\\\/suzhou-baotailong-electronic-materials-co-ltd\\\/\",\"https:\\\/\\\/www.pinterest.com\\\/btektech\\\/_saved\\\/\",\"https:\\\/\\\/www.youtube.com\\\/channel\\\/UCBiw4Bc4CmQDrdo-QqyVTqQ\"]}]}<\/script>\n<!-- \/ Yoast SEO plugin. -->","yoast_head_json":{"title":"Epoxid-Mischd\u00fcsen - F\u00fcr gleichm\u00e4\u00dfiges Mischen von 2-Komponenten-Klebstoff","description":"Btektech Epoxy-Mischd\u00fcsen sorgen f\u00fcr ein gleichm\u00e4\u00dfiges Mischen von Zweikomponenten-Klebstoffen und eine konsistente Dosierung f\u00fcr Doppelkartuschen und automatische Dosier-Mischsysteme.","robots":{"index":"index","follow":"follow","max-snippet":"max-snippet:-1","max-image-preview":"max-image-preview:large","max-video-preview":"max-video-preview:-1"},"canonical":"https:\/\/btektech.com\/de\/mischrohr\/","og_locale":"de_DE","og_type":"article","og_title":"Epoxid-Mischd\u00fcsen - F\u00fcr gleichm\u00e4\u00dfiges Mischen von 2-Komponenten-Klebstoff","og_description":"Btektech Epoxy-Mischd\u00fcsen sorgen f\u00fcr ein gleichm\u00e4\u00dfiges Mischen von Zweikomponenten-Klebstoffen und eine konsistente Dosierung f\u00fcr Doppelkartuschen und automatische Dosier-Mischsysteme.","og_url":"https:\/\/btektech.com\/de\/mischrohr\/","og_site_name":"Btektech","og_image":[{"width":800,"height":800,"url":"https:\/\/btektech.com\/wp-content\/uploads\/2025\/12\/1-Bayonet-1.jpg","type":"image\/jpeg"}],"twitter_card":"summary_large_image","twitter_site":"@Btektech1","schema":{"@context":"https:\/\/schema.org","@graph":[{"@type":"WebPage","@id":"https:\/\/btektech.com\/de\/mischrohr\/","url":"https:\/\/btektech.com\/de\/mischrohr\/","name":"Epoxid-Mischd\u00fcsen - F\u00fcr gleichm\u00e4\u00dfiges Mischen von 2-Komponenten-Klebstoff","isPartOf":{"@id":"https:\/\/btektech.com\/#website"},"primaryImageOfPage":{"@id":"https:\/\/btektech.com\/de\/mischrohr\/#primaryimage"},"image":{"@id":"https:\/\/btektech.com\/de\/mischrohr\/#primaryimage"},"thumbnailUrl":"https:\/\/btektech.com\/wp-content\/uploads\/2025\/12\/1-Bayonet-1.jpg","datePublished":"2026-05-12T07:56:11+00:00","description":"Btektech Epoxy-Mischd\u00fcsen sorgen f\u00fcr ein gleichm\u00e4\u00dfiges Mischen von Zweikomponenten-Klebstoffen und eine konsistente Dosierung f\u00fcr Doppelkartuschen und automatische Dosier-Mischsysteme.","breadcrumb":{"@id":"https:\/\/btektech.com\/de\/mischrohr\/#breadcrumb"},"inLanguage":"de","potentialAction":[{"@type":"ReadAction","target":["https:\/\/btektech.com\/de\/mischrohr\/"]}]},{"@type":"ImageObject","inLanguage":"de","@id":"https:\/\/btektech.com\/de\/mischrohr\/#primaryimage","url":"https:\/\/btektech.com\/wp-content\/uploads\/2025\/12\/1-Bayonet-1.jpg","contentUrl":"https:\/\/btektech.com\/wp-content\/uploads\/2025\/12\/1-Bayonet-1.jpg","width":800,"height":800,"caption":"Bajonett-Mischerd\u00fcse"},{"@type":"BreadcrumbList","@id":"https:\/\/btektech.com\/de\/mischrohr\/#breadcrumb","itemListElement":[{"@type":"ListItem","position":1,"name":"Home","item":"https:\/\/btektech.com\/"},{"@type":"ListItem","position":2,"name":"Mischrohr"}]},{"@type":"WebSite","@id":"https:\/\/btektech.com\/#website","url":"https:\/\/btektech.com\/","name":"Btektech","description":"","publisher":{"@id":"https:\/\/btektech.com\/#organization"},"potentialAction":[{"@type":"SearchAction","target":{"@type":"EntryPoint","urlTemplate":"https:\/\/btektech.com\/?s={search_term_string}"},"query-input":{"@type":"PropertyValueSpecification","valueRequired":true,"valueName":"search_term_string"}}],"inLanguage":"de"},{"@type":"Organization","@id":"https:\/\/btektech.com\/#organization","name":"Btektech","url":"https:\/\/btektech.com\/","logo":{"@type":"ImageObject","inLanguage":"de","@id":"https:\/\/btektech.com\/#\/schema\/logo\/image\/","url":"https:\/\/btektech.com\/wp-content\/uploads\/2021\/08\/btektech-logo.png","contentUrl":"https:\/\/btektech.com\/wp-content\/uploads\/2021\/08\/btektech-logo.png","width":250,"height":114,"caption":"Btektech"},"image":{"@id":"https:\/\/btektech.com\/#\/schema\/logo\/image\/"},"sameAs":["https:\/\/x.com\/Btektech1","https:\/\/www.instagram.com\/btektech\/","https:\/\/www.linkedin.com\/company\/suzhou-baotailong-electronic-materials-co-ltd\/","https:\/\/www.pinterest.com\/btektech\/_saved\/","https:\/\/www.youtube.com\/channel\/UCBiw4Bc4CmQDrdo-QqyVTqQ"]}]}},"_links":{"self":[{"href":"https:\/\/btektech.com\/de\/wp-json\/wp\/v2\/pages\/24681","targetHints":{"allow":["GET"]}}],"collection":[{"href":"https:\/\/btektech.com\/de\/wp-json\/wp\/v2\/pages"}],"about":[{"href":"https:\/\/btektech.com\/de\/wp-json\/wp\/v2\/types\/page"}],"author":[{"embeddable":true,"href":"https:\/\/btektech.com\/de\/wp-json\/wp\/v2\/users\/8"}],"replies":[{"embeddable":true,"href":"https:\/\/btektech.com\/de\/wp-json\/wp\/v2\/comments?post=24681"}],"version-history":[{"count":0,"href":"https:\/\/btektech.com\/de\/wp-json\/wp\/v2\/pages\/24681\/revisions"}],"wp:featuredmedia":[{"embeddable":true,"href":"https:\/\/btektech.com\/de\/wp-json\/wp\/v2\/media\/21431"}],"wp:attachment":[{"href":"https:\/\/btektech.com\/de\/wp-json\/wp\/v2\/media?parent=24681"}],"curies":[{"name":"wp","href":"https:\/\/api.w.org\/{rel}","templated":true}]}}